{"id":146,"date":"2022-02-04T00:36:39","date_gmt":"2022-02-03T23:36:39","guid":{"rendered":"https:\/\/fedefutguate.gt\/informacionpublica\/?page_id=146"},"modified":"2023-03-08T17:44:58","modified_gmt":"2023-03-08T16:44:58","slug":"estructura-organica-funciones-y-marco-normativo","status":"publish","type":"page","link":"https:\/\/fedefutguate.gt\/informacionpublica\/estructura-organica-funciones-y-marco-normativo\/","title":{"rendered":"Estructura Org\u00e1nica, Funciones y Marco Normativo"},"content":{"rendered":"\n<p class=\"has-contrast-2-color has-text-color\">Estructura org\u00e1nica y funciones de cada una de las dependencias y departamentos, incluyendo su marco normativo.<\/p>\n\n\n\n<p>Art\u00edculo 10, numeral 1 de la Ley de Acceso a la Informaci\u00f3n P\u00fablica<\/p>\n\n\n\n<div class=\"wp-block-columns is-layout-flex wp-container-core-columns-is-layout-9d6595d7 wp-block-columns-is-layout-flex\">\n<div class=\"wp-block-column is-layout-flow wp-block-column-is-layout-flow\" style=\"flex-basis:100%\"><\/div>\n<\/div>\n\n\n\n<p><\/p>\n\n\n\n<figure class=\"wp-block-table is-style-stripes has-small-font-size\"><table><tbody><tr><td class=\"has-text-align-right\" data-align=\"right\"><a rel=\"noreferrer noopener\" href=\"https:\/\/fedefutguate.gt\/informacionpublica\/wp-content\/uploads\/2022\/02\/Organigrama-de-la-Federacion-Nacional-de-Futbol-de-Guatemala-Vigente-para-el-ano-2022.pdf\" target=\"_blank\"><img decoding=\"async\" src=\"https:\/\/fedefutguate.gt\/informacionpublica\/wp-content\/uploads\/2022\/02\/pngaaa.com-2621310.png\" alt=\"\"><\/a><\/td><td><a rel=\"noreferrer noopener\" href=\"https:\/\/fedefutguate.gt\/informacionpublica\/wp-content\/uploads\/2022\/02\/Organigrama-de-la-Federacion-Nacional-de-Futbol-de-Guatemala-Vigente-para-el-ano-2022.pdf\" target=\"_blank\">ORGANIGRAMA FEDERACI\u00d3N NACIONAL DE F\u00daTBOL DE GUATEMALA (Vigente para el a\u00f1o 2022)<\/a><\/td><\/tr><tr><td class=\"has-text-align-right\" data-align=\"right\"><a rel=\"noreferrer noopener\" href=\"https:\/\/fedefutguate.gt\/informacionpublica\/wp-content\/uploads\/2022\/02\/1.-Marco-Legal-FEDEFUT-actualizado-2.pdf\" target=\"_blank\"><img loading=\"lazy\" decoding=\"async\" width=\"50\" height=\"58\" class=\"wp-image-266\" style=\"width: 50px;\" src=\"https:\/\/fedefutguate.gt\/informacionpublica\/wp-content\/uploads\/2022\/02\/pngaaa.com-2621310.png\" alt=\"\"><\/a><\/td><td><a rel=\"noreferrer noopener\" href=\"https:\/\/fedefutguate.gt\/informacionpublica\/wp-content\/uploads\/2022\/02\/1.-Marco-Legal-FEDEFUT-actualizado-2.pdf\" target=\"_blank\">MARCO LEGAL FEDERACI\u00d3N NACIONAL DE F\u00daTBOL DE GUATEMALA (Vigente para el a\u00f1o 2022<\/a>)<\/td><\/tr><tr><td class=\"has-text-align-right\" data-align=\"right\"><a href=\"https:\/\/fedefutguate.gt\/informacionpublica\/wp-content\/uploads\/2022\/02\/2.-Estatutos-Fedefut-Acuerdo-58-2018-CE-CDAG-1.pdf\" target=\"_blank\" rel=\"noreferrer noopener\"><img loading=\"lazy\" decoding=\"async\" width=\"50\" height=\"58\" class=\"wp-image-266\" style=\"width: 50px;\" src=\"https:\/\/fedefutguate.gt\/informacionpublica\/wp-content\/uploads\/2022\/02\/pngaaa.com-2621310.png\" alt=\"\"><\/a><\/td><td><a rel=\"noreferrer noopener\" href=\"https:\/\/fedefutguate.gt\/informacionpublica\/wp-content\/uploads\/2022\/02\/2.-Estatutos-Fedefut-Acuerdo-58-2018-CE-CDAG-1.pdf\" target=\"_blank\">ACUERDO N\u00daMERO 58\/2018-CE-CDAG &#8220;ESTATUTOS<\/a><a rel=\"noreferrer noopener\" href=\"https:\/\/fedefutguate.gt\/informacionpublica\/wp-content\/uploads\/2022\/02\/2.-Estatutos-Fedefut-Acuerdo-58-2018-CE-CDAG-1.pdf\" target=\"_blank\"> <\/a><a rel=\"noreferrer noopener\" href=\"https:\/\/fedefutguate.gt\/informacionpublica\/wp-content\/uploads\/2022\/02\/2.-Estatutos-Fedefut-Acuerdo-58-2018-CE-CDAG-1.pdf\" target=\"_blank\">D<\/a><a rel=\"noreferrer noopener\" href=\"https:\/\/fedefutguate.gt\/informacionpublica\/wp-content\/uploads\/2022\/02\/2.-Estatutos-Fedefut-Acuerdo-58-2018-CE-CDAG-1.pdf\" target=\"_blank\">E<\/a><a rel=\"noreferrer noopener\" href=\"https:\/\/fedefutguate.gt\/informacionpublica\/wp-content\/uploads\/2022\/02\/2.-Estatutos-Fedefut-Acuerdo-58-2018-CE-CDAG-1.pdf\" target=\"_blank\"> <\/a><a rel=\"noreferrer noopener\" href=\"https:\/\/fedefutguate.gt\/informacionpublica\/wp-content\/uploads\/2022\/02\/2.-Estatutos-Fedefut-Acuerdo-58-2018-CE-CDAG-1.pdf\" target=\"_blank\">L<\/a><a rel=\"noreferrer noopener\" href=\"https:\/\/fedefutguate.gt\/informacionpublica\/wp-content\/uploads\/2022\/02\/2.-Estatutos-Fedefut-Acuerdo-58-2018-CE-CDAG-1.pdf\" target=\"_blank\">A<\/a><a rel=\"noreferrer noopener\" href=\"https:\/\/fedefutguate.gt\/informacionpublica\/wp-content\/uploads\/2022\/02\/2.-Estatutos-Fedefut-Acuerdo-58-2018-CE-CDAG-1.pdf\" target=\"_blank\"> FEDERACI\u00d3N NACIONAL DE F\u00daTBOL DE GUATEMALA&#8221; (Vigente para el a\u00f1o 2022)<\/a><\/td><\/tr><tr><td class=\"has-text-align-right\" data-align=\"right\"><a href=\"https:\/\/fedefutguate.gt\/informacionpublica\/wp-content\/uploads\/2022\/02\/3.-Ley-Nacional-de-Cultura-Fisica-y-del-Deporte-Decreto-76-97-1.pdf\" target=\"_blank\" rel=\"noreferrer noopener\"><img loading=\"lazy\" decoding=\"async\" width=\"50\" height=\"58\" class=\"wp-image-266\" style=\"width: 50px;\" src=\"https:\/\/fedefutguate.gt\/informacionpublica\/wp-content\/uploads\/2022\/02\/pngaaa.com-2621310.png\" alt=\"\"><\/a><\/td><td><a rel=\"noreferrer noopener\" href=\"https:\/\/fedefutguate.gt\/informacionpublica\/wp-content\/uploads\/2022\/02\/3.-Ley-Nacional-de-Cultura-Fisica-y-del-Deporte-Decreto-76-97-1.pdf\" target=\"_blank\">DECRETO 76-97 &#8220;LEY NACIONAL PARA EL DESARROLLO DE LA CULTURA F\u00cdSICA Y DEL DEPORTE&#8221; (Vigente para el a\u00f1o 2022)<\/a><\/td><\/tr><tr><td class=\"has-text-align-right\" data-align=\"right\"><a href=\"https:\/\/fedefutguate.gt\/informacionpublica\/wp-content\/uploads\/2022\/02\/4.-D10-2017-REFORMAS-A-LA-LEY-DEL-DEPORTE-1.pdf\" target=\"_blank\" rel=\"noreferrer noopener\"><img loading=\"lazy\" decoding=\"async\" width=\"50\" height=\"58\" class=\"wp-image-266\" style=\"width: 50px;\" src=\"https:\/\/fedefutguate.gt\/informacionpublica\/wp-content\/uploads\/2022\/02\/pngaaa.com-2621310.png\" alt=\"\"><\/a><\/td><td><a rel=\"noreferrer noopener\" href=\"https:\/\/fedefutguate.gt\/informacionpublica\/wp-content\/uploads\/2022\/02\/4.-D10-2017-REFORMAS-A-LA-LEY-DEL-DEPORTE-1.pdf\" target=\"_blank\">DECRETO 10-2017 &#8220;REFORMA A LA LEY NACIONAL PARA EL DESARROLLO DE LA CULTURA F\u00cdSICA Y EL DEPORTE&#8221; (Vigente para el a\u00f1o 2022) <\/a><\/td><\/tr><tr><td class=\"has-text-align-right\" data-align=\"right\"><a href=\"https:\/\/fedefutguate.gt\/informacionpublica\/wp-content\/uploads\/2022\/02\/MANUAL-DE-CLASE-DE-PUESTOS-Y-ESCALA-SALARIAL-ENERO-2022.pdf\"><img loading=\"lazy\" decoding=\"async\" width=\"50\" height=\"58\" class=\"wp-image-266\" style=\"width: 50px;\" src=\"https:\/\/fedefutguate.gt\/informacionpublica\/wp-content\/uploads\/2022\/02\/pngaaa.com-2621310.png\" alt=\"\"><\/a><\/td><td><a rel=\"noreferrer noopener\" href=\"https:\/\/fedefutguate.gt\/informacionpublica\/wp-content\/uploads\/2022\/02\/MANUAL-DE-CLASE-DE-PUESTOS-Y-ESCALA-SALARIAL-ENERO-2022.pdf\" target=\"_blank\">MANUAL DE CLASE DE PUESTOS Y ESCALA DE SALARIOS (Vigente para el a\u00f1o 2022)<\/a><\/td><\/tr><tr><td class=\"has-text-align-right\" data-align=\"right\"><a href=\"https:\/\/fedefutguate.gt\/informacionpublica\/wp-content\/uploads\/2022\/02\/MANUAL-DE-PUESTOS-Y-FUNCIONES.pdf\" target=\"_blank\" rel=\"noreferrer noopener\"><img loading=\"lazy\" decoding=\"async\" width=\"50\" height=\"58\" class=\"wp-image-266\" style=\"width: 50px;\" src=\"https:\/\/fedefutguate.gt\/informacionpublica\/wp-content\/uploads\/2022\/02\/pngaaa.com-2621310.png\" alt=\"\"><\/a><\/td><td><a rel=\"noreferrer noopener\" href=\"https:\/\/fedefutguate.gt\/informacionpublica\/wp-content\/uploads\/2022\/02\/MANUAL-DE-PUESTOS-Y-FUNCIONES.pdf\" target=\"_blank\">MANUAL DE PUESTOS Y FUNCIONES FEDEFUT (Vigente hasta el 30 de mayo del a\u00f1o 2022)<\/a><\/td><\/tr><tr><td class=\"has-text-align-right\" data-align=\"right\"><a href=\"https:\/\/fedefutguate.gt\/informacionpublica\/wp-content\/uploads\/2022\/12\/MANUAL-DE-PUESTOS-Y-FUNCIONES-JUNIO-2022.pdf\" target=\"_blank\" rel=\"noreferrer noopener\"><img loading=\"lazy\" decoding=\"async\" width=\"50\" height=\"58\" class=\"wp-image-266\" style=\"width: 50px;\" src=\"https:\/\/fedefutguate.gt\/informacionpublica\/wp-content\/uploads\/2022\/02\/pngaaa.com-2621310.png\" alt=\"\"><\/a><\/td><td><a rel=\"noreferrer noopener\" href=\"https:\/\/fedefutguate.gt\/informacionpublica\/wp-content\/uploads\/2022\/12\/MANUAL-DE-PUESTOS-Y-FUNCIONES-JUNIO-2022.pdf\" target=\"_blank\">MANUAL DE PUESTOS Y FUNCIONES FEDEFUT (Vigente desde el 31 de mayo de 2022 )<\/a><\/td><\/tr><tr><td class=\"has-text-align-right\" data-align=\"right\"><a href=\"https:\/\/fedefutguate.gt\/informacionpublica\/wp-content\/uploads\/2022\/02\/ACUERDO-CE-062-2020-REGLAMENTO-ORG-NICO-INTERNO-ROI-VIGENTE-1.pdf\" target=\"_blank\" rel=\"noreferrer noopener\"><img loading=\"lazy\" decoding=\"async\" width=\"50\" height=\"58\" class=\"wp-image-266\" style=\"width: 50px;\" src=\"https:\/\/fedefutguate.gt\/informacionpublica\/wp-content\/uploads\/2022\/02\/pngaaa.com-2621310.png\" alt=\"\"><\/a><a rel=\"noreferrer noopener\" href=\"https:\/\/fedefutguate.gt\/informacionpublica\/wp-content\/uploads\/2022\/02\/1.-Marco-Legal-FEDEFUT-actualizado-2.pdf\" target=\"_blank\"><\/a><\/td><td><a rel=\"noreferrer noopener\" href=\"https:\/\/fedefutguate.gt\/informacionpublica\/wp-content\/uploads\/2022\/02\/ACUERDO-CE-062-2020-REGLAMENTO-ORG-NICO-INTERNO-ROI-VIGENTE-1.pdf\" target=\"_blank\">REGLAMENTO ORG\u00c1NICO INTERNO -ROI- (Vigente para el a\u00f1o 2022)<\/a><\/td><\/tr><tr><td class=\"has-text-align-right\" data-align=\"right\"><a href=\"https:\/\/fedefutguate.gt\/informacionpublica\/wp-content\/uploads\/2022\/05\/Acuerdo-CE-021-2022-Codigo-Etico.pdf\" target=\"_blank\" rel=\"noreferrer noopener\"><img loading=\"lazy\" decoding=\"async\" width=\"50\" height=\"58\" class=\"wp-image-266\" style=\"width: 50px;\" src=\"https:\/\/fedefutguate.gt\/informacionpublica\/wp-content\/uploads\/2022\/02\/pngaaa.com-2621310.png\" alt=\"\"><\/a><\/td><td><a href=\"https:\/\/fedefutguate.gt\/informacionpublica\/wp-content\/uploads\/2022\/05\/Acuerdo-CE-021-2022-Codigo-Etico.pdf\" target=\"_blank\" rel=\"noreferrer noopener\">C\u00d3DIGO \u00c9TICO DE LA FEDERACI\u00d3N NACIONAL DE F\u00daTBOL DE GUATEMALA (Vigente para el a\u00f1o 2022)<\/a><\/td><\/tr><tr><td class=\"has-text-align-right\" data-align=\"right\"><a href=\"https:\/\/fedefutguate.gt\/informacionpublica\/wp-content\/uploads\/2023\/03\/ACUERDO-CE-32-2019-ARANCEL-DE-LA-UNIDAD-DE-ACCESO-A-LA-INFORMACION-PUBLICA-DE-LA-FEDEFUT-VIGENTE-2022..pdf\" target=\"_blank\" rel=\"noreferrer noopener\"><img loading=\"lazy\" decoding=\"async\" width=\"50\" height=\"58\" class=\"wp-image-266\" style=\"width: 50px;\" src=\"https:\/\/fedefutguate.gt\/informacionpublica\/wp-content\/uploads\/2022\/02\/pngaaa.com-2621310.png\" alt=\"\"><\/a><\/td><td><a href=\"https:\/\/fedefutguate.gt\/informacionpublica\/wp-content\/uploads\/2023\/03\/ACUERDO-CE-32-2019-ARANCEL-DE-LA-UNIDAD-DE-ACCESO-A-LA-INFORMACION-PUBLICA-DE-LA-FEDEFUT-VIGENTE-2022..pdf\" target=\"_blank\" rel=\"noreferrer noopener\">ARANCEL DE LA UNIDAD DE ACCESO A LA INFORMACI\u00d3N P\u00daBLICA DE LA FEDEFUT (Vigente para el a\u00f1o 2022)<\/a><\/td><\/tr><\/tbody><\/table><\/figure>\n","protected":false},"excerpt":{"rendered":"<p>Estructura org\u00e1nica y funciones de cada una de las dependencias y departamentos, incluyendo su marco normativo. Art\u00edculo 10, numeral 1 de la Ley de Acceso a la Informaci\u00f3n P\u00fablica ORGANIGRAMA FEDERACI\u00d3N NACIONAL DE F\u00daTBOL DE GUATEMALA (Vigente para el a\u00f1o 2022) MARCO LEGAL FEDERACI\u00d3N NACIONAL DE F\u00daTBOL DE GUATEMALA (Vigente para el a\u00f1o 2022) ACUERDO &#8230; <a title=\"Estructura Org\u00e1nica, Funciones y Marco Normativo\" class=\"read-more\" href=\"https:\/\/fedefutguate.gt\/informacionpublica\/estructura-organica-funciones-y-marco-normativo\/\" aria-label=\"Read more about Estructura Org\u00e1nica, Funciones y Marco Normativo\">Read more<\/a><\/p>\n","protected":false},"author":1,"featured_media":0,"parent":0,"menu_order":0,"comment_status":"closed","ping_status":"closed","template":"","meta":{"footnotes":""},"class_list":["post-146","page","type-page","status-publish"],"_links":{"self":[{"href":"https:\/\/fedefutguate.gt\/informacionpublica\/wp-json\/wp\/v2\/pages\/146","targetHints":{"allow":["GET"]}}],"collection":[{"href":"https:\/\/fedefutguate.gt\/informacionpublica\/wp-json\/wp\/v2\/pages"}],"about":[{"href":"https:\/\/fedefutguate.gt\/informacionpublica\/wp-json\/wp\/v2\/types\/page"}],"author":[{"embeddable":true,"href":"https:\/\/fedefutguate.gt\/informacionpublica\/wp-json\/wp\/v2\/users\/1"}],"replies":[{"embeddable":true,"href":"https:\/\/fedefutguate.gt\/informacionpublica\/wp-json\/wp\/v2\/comments?post=146"}],"version-history":[{"count":43,"href":"https:\/\/fedefutguate.gt\/informacionpublica\/wp-json\/wp\/v2\/pages\/146\/revisions"}],"predecessor-version":[{"id":2938,"href":"https:\/\/fedefutguate.gt\/informacionpublica\/wp-json\/wp\/v2\/pages\/146\/revisions\/2938"}],"wp:attachment":[{"href":"https:\/\/fedefutguate.gt\/informacionpublica\/wp-json\/wp\/v2\/media?parent=146"}],"curies":[{"name":"wp","href":"https:\/\/api.w.org\/{rel}","templated":true}]}}