{"id":1726,"date":"2022-11-17T16:07:35","date_gmt":"2022-11-17T15:07:35","guid":{"rendered":"https:\/\/fedefutguate.gt\/informacionpublica\/?page_id=1726"},"modified":"2023-03-10T18:43:53","modified_gmt":"2023-03-10T17:43:53","slug":"ley-del-presupuesto-16-2021","status":"publish","type":"page","link":"https:\/\/fedefutguate.gt\/informacionpublica\/ley-del-presupuesto-16-2021\/","title":{"rendered":"DECRETO 16 2021"},"content":{"rendered":"\n<p><a href=\"https:\/\/fedefutguate.gt\/informacionpublica\/ley-de-presupuesto\/\">Consultar DECRETO 25-2018<\/a><\/p>\n\n\n\n<figure class=\"wp-block-table border-style: none\"><table class=\"has-base-3-color has-text-color\"><tbody><tr><td class=\"has-text-align-center\" data-align=\"center\"><a href=\"https:\/\/fedefutguate.gt\/informacionpublica\/lodp-articulo-3-registro-de-los-ingresos-propios\/\"><img loading=\"lazy\" decoding=\"async\" width=\"128\" height=\"128\" class=\"wp-image-263\" style=\"width: 128px;\" src=\"https:\/\/fedefutguate.gt\/informacionpublica\/wp-content\/uploads\/2022\/02\/580b57fcd9996e24bc43c4c5.png\" alt=\"\"><\/a><\/td><td class=\"has-text-align-center\" data-align=\"center\"><a href=\"https:\/\/fedefutguate.gt\/informacionpublica\/decreto-16-2021-articulo-7\/\"><img loading=\"lazy\" decoding=\"async\" width=\"128\" height=\"128\" class=\"wp-image-263\" style=\"width: 128px;\" src=\"https:\/\/fedefutguate.gt\/informacionpublica\/wp-content\/uploads\/2022\/02\/580b57fcd9996e24bc43c4c5.png\" alt=\"\"><\/a><\/td><td class=\"has-text-align-center\" data-align=\"center\"><a href=\"https:\/\/fedefutguate.gt\/informacionpublica\/decreto-16-2021-articulo-11\/\"><img loading=\"lazy\" decoding=\"async\" width=\"128\" height=\"128\" class=\"wp-image-263\" style=\"width: 128px;\" src=\"https:\/\/fedefutguate.gt\/informacionpublica\/wp-content\/uploads\/2022\/02\/580b57fcd9996e24bc43c4c5.png\" alt=\"\"><\/a><\/td><\/tr><tr><td class=\"has-text-align-center\" data-align=\"center\"><a href=\"https:\/\/fedefutguate.gt\/informacionpublica\/lodp-articulo-3-registro-de-los-ingresos-propios\/\">Art\u00edculo 3 Registro de los Ingresos Propios<\/a><\/td><td class=\"has-text-align-center\" data-align=\"center\"><a href=\"https:\/\/fedefutguate.gt\/informacionpublica\/decreto-16-2021-articulo-7\/\">Articulo 7 Obligatoriedad de detallar las especificaciones de los gastos a trav\u00e9s de Comprobante \u00danico de Registro<\/a><\/td><td class=\"has-text-align-center\" data-align=\"center\"><a href=\"https:\/\/fedefutguate.gt\/informacionpublica\/decreto-16-2021-articulo-11\/\">Articulo 11 Informe de Ejecuci\u00f3n presupuestaria al Congreso de la Rep\u00fablica de Guatemala<\/a><\/td><\/tr><tr><td class=\"has-text-align-center\" data-align=\"center\"><a href=\"https:\/\/fedefutguate.gt\/informacionpublica\/decreto-16-2021-articulo-14\/\"><img loading=\"lazy\" decoding=\"async\" width=\"128\" height=\"128\" class=\"wp-image-263\" style=\"width: 128px;\" src=\"https:\/\/fedefutguate.gt\/informacionpublica\/wp-content\/uploads\/2022\/02\/580b57fcd9996e24bc43c4c5.png\" alt=\"\"><\/a><\/td><td class=\"has-text-align-center\" data-align=\"center\"><a href=\"https:\/\/fedefutguate.gt\/informacionpublica\/decreto-16-2021-articulo-15\/\"><img loading=\"lazy\" decoding=\"async\" width=\"128\" height=\"128\" class=\"wp-image-263\" style=\"width: 128px;\" src=\"https:\/\/fedefutguate.gt\/informacionpublica\/wp-content\/uploads\/2022\/02\/580b57fcd9996e24bc43c4c5.png\" alt=\"\"><\/a><\/td><td class=\"has-text-align-center\" data-align=\"center\"><a href=\"https:\/\/fedefutguate.gt\/informacionpublica\/decreto-16-2021\/\"><img loading=\"lazy\" decoding=\"async\" width=\"128\" height=\"128\" class=\"wp-image-263\" style=\"width: 128px;\" src=\"https:\/\/fedefutguate.gt\/informacionpublica\/wp-content\/uploads\/2022\/02\/580b57fcd9996e24bc43c4c5.png\" alt=\"\"><\/a><\/td><\/tr><tr><td class=\"has-text-align-center\" data-align=\"center\"><a href=\"https:\/\/fedefutguate.gt\/informacionpublica\/decreto-16-2021-articulo-14\/\">Articulo 14 Metodolog\u00eda y ejecuci\u00f3n<\/a><\/td><td class=\"has-text-align-center\" data-align=\"center\"><a href=\"https:\/\/fedefutguate.gt\/informacionpublica\/decreto-16-2021-articulo-15\/\">Articulo 15 Ejecuci\u00f3n F\u00edsica y Financiera<\/a><\/td><td class=\"has-text-align-center\" data-align=\"center\"><a href=\"https:\/\/fedefutguate.gt\/informacionpublica\/decreto-16-2021\/\">Articulo 17 Clasificadores Tem\u00e1ticos<\/a><\/td><\/tr><tr><td class=\"has-text-align-center\" data-align=\"center\"><a href=\"https:\/\/fedefutguate.gt\/informacionpublica\/decreto-16-2021-2\/\"><img loading=\"lazy\" decoding=\"async\" width=\"128\" height=\"128\" class=\"wp-image-263\" style=\"width: 128px;\" src=\"https:\/\/fedefutguate.gt\/informacionpublica\/wp-content\/uploads\/2022\/02\/580b57fcd9996e24bc43c4c5.png\" alt=\"\"><\/a><\/td><td class=\"has-text-align-center\" data-align=\"center\"><a href=\"https:\/\/fedefutguate.gt\/informacionpublica\/decreto-16-2021-articulo-20\/\"><img loading=\"lazy\" decoding=\"async\" width=\"128\" height=\"128\" class=\"wp-image-263\" style=\"width: 128px;\" src=\"https:\/\/fedefutguate.gt\/informacionpublica\/wp-content\/uploads\/2022\/02\/580b57fcd9996e24bc43c4c5.png\" alt=\"\"><\/a><\/td><td class=\"has-text-align-center\" data-align=\"center\"><a href=\"https:\/\/fedefutguate.gt\/informacionpublica\/decreto-16-2021-articulo-30\/\"><img loading=\"lazy\" decoding=\"async\" width=\"128\" height=\"128\" class=\"wp-image-263\" style=\"width: 128px;\" src=\"https:\/\/fedefutguate.gt\/informacionpublica\/wp-content\/uploads\/2022\/02\/580b57fcd9996e24bc43c4c5.png\" alt=\"\"><\/a><\/td><\/tr><tr><td class=\"has-text-align-center\" data-align=\"center\"><a href=\"https:\/\/fedefutguate.gt\/informacionpublica\/decreto-16-2021-2\/\">Articulo 19 Seguimiento en la estrategia para la mejora de la ejecuci\u00f3n y calidad del gasto publico<\/a><\/td><td class=\"has-text-align-center\" data-align=\"center\"><a href=\"https:\/\/fedefutguate.gt\/informacionpublica\/decreto-16-2021-articulo-20\/\">Art\u00edculo 20 Publicaci\u00f3n de Informes<\/a><\/td><td class=\"has-text-align-center\" data-align=\"center\"><a href=\"https:\/\/fedefutguate.gt\/informacionpublica\/decreto-16-2021-articulo-30\/\">Articulo 30 Desembolsos por concepto de transferencias, subsidios y subvenciones<\/a><\/td><\/tr><tr><td class=\"has-text-align-center\" data-align=\"center\"><\/td><td class=\"has-text-align-center\" data-align=\"center\"><a href=\"https:\/\/fedefutguate.gt\/informacionpublica\/decreto-16-2021-articulo-35\/\"><img loading=\"lazy\" decoding=\"async\" width=\"128\" height=\"128\" class=\"wp-image-263\" style=\"width: 128px;\" src=\"https:\/\/fedefutguate.gt\/informacionpublica\/wp-content\/uploads\/2022\/02\/580b57fcd9996e24bc43c4c5.png\" alt=\"\"><\/a><\/td><td class=\"has-text-align-center\" data-align=\"center\"><\/td><\/tr><tr><td class=\"has-text-align-center\" data-align=\"center\"><\/td><td class=\"has-text-align-center\" data-align=\"center\"><a href=\"https:\/\/fedefutguate.gt\/informacionpublica\/decreto-16-2021-articulo-35\/\">Articulo 35 Reconocimiento de gastos por servicios prestados<\/a><\/td><td class=\"has-text-align-center\" data-align=\"center\"><\/td><\/tr><\/tbody><\/table><\/figure>\n\n\n\n<p><\/p>\n","protected":false},"excerpt":{"rendered":"<p>Consultar DECRETO 25-2018 Art\u00edculo 3 Registro de los Ingresos Propios Articulo 7 Obligatoriedad de detallar las especificaciones de los gastos a trav\u00e9s de Comprobante \u00danico de Registro Articulo 11 Informe de Ejecuci\u00f3n presupuestaria al Congreso de la Rep\u00fablica de Guatemala Articulo 14 Metodolog\u00eda y ejecuci\u00f3n Articulo 15 Ejecuci\u00f3n F\u00edsica y Financiera Articulo 17 Clasificadores Tem\u00e1ticos &#8230; <a title=\"DECRETO 16 2021\" class=\"read-more\" href=\"https:\/\/fedefutguate.gt\/informacionpublica\/ley-del-presupuesto-16-2021\/\" aria-label=\"Read more about DECRETO 16 2021\">Read more<\/a><\/p>\n","protected":false},"author":1,"featured_media":0,"parent":0,"menu_order":0,"comment_status":"closed","ping_status":"closed","template":"","meta":{"footnotes":""},"class_list":["post-1726","page","type-page","status-publish"],"_links":{"self":[{"href":"https:\/\/fedefutguate.gt\/informacionpublica\/wp-json\/wp\/v2\/pages\/1726","targetHints":{"allow":["GET"]}}],"collection":[{"href":"https:\/\/fedefutguate.gt\/informacionpublica\/wp-json\/wp\/v2\/pages"}],"about":[{"href":"https:\/\/fedefutguate.gt\/informacionpublica\/wp-json\/wp\/v2\/types\/page"}],"author":[{"embeddable":true,"href":"https:\/\/fedefutguate.gt\/informacionpublica\/wp-json\/wp\/v2\/users\/1"}],"replies":[{"embeddable":true,"href":"https:\/\/fedefutguate.gt\/informacionpublica\/wp-json\/wp\/v2\/comments?post=1726"}],"version-history":[{"count":23,"href":"https:\/\/fedefutguate.gt\/informacionpublica\/wp-json\/wp\/v2\/pages\/1726\/revisions"}],"predecessor-version":[{"id":2713,"href":"https:\/\/fedefutguate.gt\/informacionpublica\/wp-json\/wp\/v2\/pages\/1726\/revisions\/2713"}],"wp:attachment":[{"href":"https:\/\/fedefutguate.gt\/informacionpublica\/wp-json\/wp\/v2\/media?parent=1726"}],"curies":[{"name":"wp","href":"https:\/\/api.w.org\/{rel}","templated":true}]}}