{"id":1810,"date":"2022-11-17T17:58:03","date_gmt":"2022-11-17T16:58:03","guid":{"rendered":"https:\/\/fedefutguate.gt\/informacionpublica\/?page_id=1810"},"modified":"2023-07-14T18:40:44","modified_gmt":"2023-07-14T16:40:44","slug":"decreto-16-2021-articulo-11","status":"publish","type":"page","link":"https:\/\/fedefutguate.gt\/informacionpublica\/decreto-16-2021-articulo-11\/","title":{"rendered":"DECRETO 16 2021 &#8211; Art\u00edculo 11"},"content":{"rendered":"\n<p>Informe de Ejecuci\u00f3n presupuestaria al Congreso de la Rep\u00fablica de Guatemala<\/p>\n\n\n<figure class=\"wp-block-table is-style-stripes\">\n<table>\n<tbody>\n<tr>\n<td class=\"has-text-align-center\" data-align=\"center\"><a href=\"https:\/\/fedefutguate.gt\/wp-content\/uploads\/2023\/07\/Informe-de-Ejecucion-presupuestaria-de-ingresos-y-egresos-al-31-de-diciembre-2022.pdf\"><img decoding=\"async\" src=\"https:\/\/fedefutguate.gt\/informacionpublica\/wp-content\/uploads\/2022\/02\/pngaaa.com-2621310.png\" alt=\"\" \/><\/a><\/td>\n<td><a href=\"https:\/\/fedefutguate.gt\/wp-content\/uploads\/2023\/07\/Informe-de-Ejecucion-presupuestaria-de-ingresos-y-egresos-al-31-de-diciembre-2022.pdf\">Informe de Ejecuci\u00f3n presupuestaria de Ingresos y Egresos al 31 de diciembre 2022<\/a><\/td>\n<\/tr>\n<tr>\n<td class=\"has-text-align-center\" data-align=\"center\"><a href=\"https:\/\/fedefutguate.gt\/wp-content\/uploads\/2023\/07\/Informe-de-Ejecucion-presupuestaria-de-ingresos-y-egresos-al-31-de-diciembre-2022.docx\"><img loading=\"lazy\" decoding=\"async\" width=\"50\" height=\"44\" class=\"wp-image-1824\" style=\"width: 50px;\" src=\"https:\/\/fedefutguate.gt\/informacionpublica\/wp-content\/uploads\/2022\/11\/word.jpg\" alt=\"\" \/><\/a><\/td>\n<td><a href=\"https:\/\/fedefutguate.gt\/wp-content\/uploads\/2023\/07\/Informe-de-Ejecucion-presupuestaria-de-ingresos-y-egresos-al-31-de-diciembre-2022.docx\"><span style=\"vertical-align: inherit;\"><span style=\"vertical-align: inherit;\">Informe de Ejecuci\u00f3n presupuestaria de Ingresos y Egresos al 31 de diciembre <\/span><\/span><span style=\"vertical-align: inherit;\"><span style=\"vertical-align: inherit;\">2022<\/span><\/span><\/a><\/td>\n<\/tr>\n<tr>\n<td class=\"has-text-align-center\" data-align=\"center\"><a href=\"https:\/\/fedefutguate.gt\/informacionpublica\/wp-content\/uploads\/2022\/11\/Informe-de-Ejecucion-Presupuestaria-agosto-2022.pdf\"><img decoding=\"async\" src=\"https:\/\/fedefutguate.gt\/informacionpublica\/wp-content\/uploads\/2022\/02\/pngaaa.com-2621310.png\" alt=\"\" \/><\/a><\/td>\n<td>\u00a0<a href=\"https:\/\/fedefutguate.gt\/informacionpublica\/wp-content\/uploads\/2022\/11\/Informe-de-Ejecucion-Presupuestaria-agosto-2022.pdf\" target=\"_blank\" rel=\"noreferrer noopener\">Informe de Ejecuci\u00f3n Presupuestaria <\/a><a href=\"https:\/\/fedefutguate.gt\/informacionpublica\/wp-content\/uploads\/2022\/11\/Informe-de-Ejecucion-Presupuestaria-de-Ingresos-y-Egresos-al-30-de-abril-2022.pdf\" target=\"_blank\" rel=\"noreferrer noopener\">de Ingresos y Egresos<\/a><a href=\"https:\/\/fedefutguate.gt\/informacionpublica\/wp-content\/uploads\/2022\/11\/Informe-de-Ejecucion-Presupuestaria-agosto-2022.pdf\" target=\"_blank\" rel=\"noreferrer noopener\"> al 31 agosto 2022<\/a><\/td>\n<\/tr>\n<tr>\n<td class=\"has-text-align-center\" data-align=\"center\"><img loading=\"lazy\" decoding=\"async\" width=\"50\" height=\"44\" class=\"wp-image-1824\" style=\"width: 50px;\" src=\"https:\/\/fedefutguate.gt\/informacionpublica\/wp-content\/uploads\/2022\/11\/word.jpg\" alt=\"\" \/><\/td>\n<td><a href=\"https:\/\/fedefutguate.gt\/informacionpublica\/wp-content\/uploads\/2022\/11\/Informe-de-Ejecucion-Presupuestaria-agosto-2022.docx\" target=\"_blank\" rel=\"noreferrer noopener\">Informe de Ejecuci\u00f3n Presupuestaria <\/a><a href=\"https:\/\/fedefutguate.gt\/informacionpublica\/wp-content\/uploads\/2022\/11\/Informe-de-Ejecucion-Presupuestaria-agosto-2022.docx\" target=\"_blank\" rel=\"noreferrer noopener\">de Ingresos y Egresos<\/a> al 31<a href=\"https:\/\/fedefutguate.gt\/informacionpublica\/wp-content\/uploads\/2022\/11\/Informe-de-Ejecucion-Presupuestaria-agosto-2022.docx\" target=\"_blank\" rel=\"noreferrer noopener\"> agosto 2022<\/a><\/td>\n<\/tr>\n<tr>\n<td class=\"has-text-align-center\" data-align=\"center\"><img decoding=\"async\" src=\"https:\/\/fedefutguate.gt\/informacionpublica\/wp-content\/uploads\/2022\/02\/pngaaa.com-2621310.png\" alt=\"\" \/><\/td>\n<td><a href=\"https:\/\/fedefutguate.gt\/informacionpublica\/wp-content\/uploads\/2022\/11\/Informe-de-Ejecucion-Presupuestaria-de-Ingresos-y-Egresos-al-30-de-abril-2022.pdf\" target=\"_blank\" rel=\"noreferrer noopener\">Informe de Ejecuci\u00f3n Presupuestaria de Ingresos y Egresos al 30 de abril 2022<\/a><\/td>\n<\/tr>\n<tr>\n<td class=\"has-text-align-center\" data-align=\"center\"><img loading=\"lazy\" decoding=\"async\" width=\"50\" height=\"44\" class=\"wp-image-1824\" style=\"width: 50px;\" src=\"https:\/\/fedefutguate.gt\/informacionpublica\/wp-content\/uploads\/2022\/11\/word.jpg\" alt=\"\" \/><\/td>\n<td><a href=\"https:\/\/fedefutguate.gt\/informacionpublica\/wp-content\/uploads\/2022\/11\/Informe-de-Ejecucion-Presupuestaria-abril-2022.docx\" target=\"_blank\" rel=\"noreferrer noopener\"><span style=\"vertical-align: inherit;\"><span style=\"vertical-align: inherit;\">Informe de Ejecuci\u00f3n Presupuestaria de Ingresos y Egresos al 30 de abril 2022<\/span><\/span><\/a><\/td>\n<\/tr>\n<\/tbody>\n<\/table>\n<\/figure>","protected":false},"excerpt":{"rendered":"<p>Informe de Ejecuci\u00f3n presupuestaria al Congreso de la Rep\u00fablica de Guatemala Informe de Ejecuci\u00f3n presupuestaria de Ingresos y Egresos al 31 de diciembre 2022 Informe de Ejecuci\u00f3n presupuestaria de Ingresos y Egresos al 31 de diciembre 2022 \u00a0Informe de Ejecuci\u00f3n Presupuestaria de Ingresos y Egresos al 31 agosto 2022 Informe de Ejecuci\u00f3n Presupuestaria de Ingresos &#8230; <a title=\"DECRETO 16 2021 &#8211; Art\u00edculo 11\" class=\"read-more\" href=\"https:\/\/fedefutguate.gt\/informacionpublica\/decreto-16-2021-articulo-11\/\" aria-label=\"Read more about DECRETO 16 2021 &#8211; Art\u00edculo 11\">Read more<\/a><\/p>\n","protected":false},"author":1,"featured_media":0,"parent":0,"menu_order":0,"comment_status":"closed","ping_status":"closed","template":"","meta":{"footnotes":""},"class_list":["post-1810","page","type-page","status-publish"],"_links":{"self":[{"href":"https:\/\/fedefutguate.gt\/informacionpublica\/wp-json\/wp\/v2\/pages\/1810","targetHints":{"allow":["GET"]}}],"collection":[{"href":"https:\/\/fedefutguate.gt\/informacionpublica\/wp-json\/wp\/v2\/pages"}],"about":[{"href":"https:\/\/fedefutguate.gt\/informacionpublica\/wp-json\/wp\/v2\/types\/page"}],"author":[{"embeddable":true,"href":"https:\/\/fedefutguate.gt\/informacionpublica\/wp-json\/wp\/v2\/users\/1"}],"replies":[{"embeddable":true,"href":"https:\/\/fedefutguate.gt\/informacionpublica\/wp-json\/wp\/v2\/comments?post=1810"}],"version-history":[{"count":10,"href":"https:\/\/fedefutguate.gt\/informacionpublica\/wp-json\/wp\/v2\/pages\/1810\/revisions"}],"predecessor-version":[{"id":3308,"href":"https:\/\/fedefutguate.gt\/informacionpublica\/wp-json\/wp\/v2\/pages\/1810\/revisions\/3308"}],"wp:attachment":[{"href":"https:\/\/fedefutguate.gt\/informacionpublica\/wp-json\/wp\/v2\/media?parent=1810"}],"curies":[{"name":"wp","href":"https:\/\/api.w.org\/{rel}","templated":true}]}}