{"id":1836,"date":"2022-11-17T19:24:33","date_gmt":"2022-11-17T18:24:33","guid":{"rendered":"https:\/\/fedefutguate.gt\/informacionpublica\/?page_id=1836"},"modified":"2022-11-21T15:19:38","modified_gmt":"2022-11-21T14:19:38","slug":"decreto-16-2021-2","status":"publish","type":"page","link":"https:\/\/fedefutguate.gt\/informacionpublica\/decreto-16-2021-2\/","title":{"rendered":"DECRETO 16 2021- Art\u00edculo 19"},"content":{"rendered":"\n<p>Seguimiento en la estrategia para la mejora de la ejecuci\u00f3n y calidad del gasto p\u00dablico<\/p>\n\n\n\n<figure class=\"wp-block-table is-style-stripes\"><table><tbody><tr><td class=\"has-text-align-center\" data-align=\"center\"><img loading=\"lazy\" decoding=\"async\" width=\"50\" height=\"58\" class=\"wp-image-266\" style=\"width: 50px;\" src=\"https:\/\/fedefutguate.gt\/informacionpublica\/wp-content\/uploads\/2022\/02\/pngaaa.com-2621310.png\" alt=\"\"><\/td><td><a href=\"https:\/\/fedefutguate.gt\/informacionpublica\/wp-content\/uploads\/2022\/11\/ARTICU1.pdf\" target=\"_blank\" rel=\"noreferrer noopener\">Articulo 19 Seguimiento en la Estrategia para la mejora de la ejecuci\u00f3n y calidad de gasto p\u00fablico<\/a><\/td><\/tr><tr><td class=\"has-text-align-center\" data-align=\"center\"><img loading=\"lazy\" decoding=\"async\" width=\"50\" height=\"44\" class=\"wp-image-1824\" style=\"width: 50px;\" src=\"https:\/\/fedefutguate.gt\/informacionpublica\/wp-content\/uploads\/2022\/11\/word.jpg\" alt=\"\"><\/td><td><br><a href=\"https:\/\/fedefutguate.gt\/informacionpublica\/wp-content\/uploads\/2022\/11\/Seguimiento-en-la-Estrategia-para-la-mejora-de-la-ejecucion-y-calidad-de-gasto-publico.docx\" target=\"_blank\" rel=\"noreferrer noopener\">Articulo 19 Seguimiento en la Estrategia para la mejora de la ejecuci\u00f3n y calidad de gasto p\u00fablico<\/a><\/td><\/tr><\/tbody><\/table><\/figure>\n","protected":false},"excerpt":{"rendered":"<p>Seguimiento en la estrategia para la mejora de la ejecuci\u00f3n y calidad del gasto p\u00dablico Articulo 19 Seguimiento en la Estrategia para la mejora de la ejecuci\u00f3n y calidad de gasto p\u00fablico Articulo 19 Seguimiento en la Estrategia para la mejora de la ejecuci\u00f3n y calidad de gasto p\u00fablico<\/p>\n","protected":false},"author":1,"featured_media":0,"parent":0,"menu_order":0,"comment_status":"closed","ping_status":"closed","template":"","meta":{"footnotes":""},"class_list":["post-1836","page","type-page","status-publish"],"_links":{"self":[{"href":"https:\/\/fedefutguate.gt\/informacionpublica\/wp-json\/wp\/v2\/pages\/1836","targetHints":{"allow":["GET"]}}],"collection":[{"href":"https:\/\/fedefutguate.gt\/informacionpublica\/wp-json\/wp\/v2\/pages"}],"about":[{"href":"https:\/\/fedefutguate.gt\/informacionpublica\/wp-json\/wp\/v2\/types\/page"}],"author":[{"embeddable":true,"href":"https:\/\/fedefutguate.gt\/informacionpublica\/wp-json\/wp\/v2\/users\/1"}],"replies":[{"embeddable":true,"href":"https:\/\/fedefutguate.gt\/informacionpublica\/wp-json\/wp\/v2\/comments?post=1836"}],"version-history":[{"count":5,"href":"https:\/\/fedefutguate.gt\/informacionpublica\/wp-json\/wp\/v2\/pages\/1836\/revisions"}],"predecessor-version":[{"id":1888,"href":"https:\/\/fedefutguate.gt\/informacionpublica\/wp-json\/wp\/v2\/pages\/1836\/revisions\/1888"}],"wp:attachment":[{"href":"https:\/\/fedefutguate.gt\/informacionpublica\/wp-json\/wp\/v2\/media?parent=1836"}],"curies":[{"name":"wp","href":"https:\/\/api.w.org\/{rel}","templated":true}]}}