{"id":1843,"date":"2022-11-17T19:29:41","date_gmt":"2022-11-17T18:29:41","guid":{"rendered":"https:\/\/fedefutguate.gt\/informacionpublica\/?page_id=1843"},"modified":"2023-03-31T17:50:12","modified_gmt":"2023-03-31T15:50:12","slug":"decreto-16-2021-articulo-20","status":"publish","type":"page","link":"https:\/\/fedefutguate.gt\/informacionpublica\/decreto-16-2021-articulo-20\/","title":{"rendered":"DECRETO 16 2021 &#8211; Art\u00edculo 20"},"content":{"rendered":"\n<p>Publicaci\u00f3n de Informes<\/p>\n\n\n\n<figure class=\"wp-block-table is-style-stripes\"><table><tbody><tr><td class=\"has-text-align-center\" data-align=\"center\"><img loading=\"lazy\" decoding=\"async\" width=\"50\" height=\"58\" class=\"wp-image-266\" style=\"width: 50px;\" src=\"https:\/\/fedefutguate.gt\/informacionpublica\/wp-content\/uploads\/2022\/02\/pngaaa.com-2621310.png\" alt=\"\"><\/td><td><a href=\"https:\/\/fedefutguate.gt\/informacionpublica\/wp-content\/uploads\/2022\/11\/Asesorias-tecnicas-y-profesionales-enero-2022-1.pdf\" target=\"_blank\" rel=\"noreferrer noopener\">Asesor\u00edas t\u00e9cnicas y profesionales enero 2022 <\/a><\/td><\/tr><tr><td class=\"has-text-align-center\" data-align=\"center\"><img loading=\"lazy\" decoding=\"async\" width=\"50\" height=\"50\" class=\"wp-image-1825\" style=\"width: 50px;\" src=\"https:\/\/fedefutguate.gt\/informacionpublica\/wp-content\/uploads\/2022\/11\/xls-icon-3379.png\" alt=\"\"><\/td><td><a rel=\"noreferrer noopener\" href=\"https:\/\/fedefutguate.gt\/informacionpublica\/wp-content\/uploads\/2022\/11\/Asesorias-tecnicas-y-profesionales-enero-2022.xlsx\" target=\"_blank\">Asesor\u00edas t\u00e9cnicas y profesionales enero 2022<\/a><\/td><\/tr><tr><td class=\"has-text-align-center\" data-align=\"center\"><img loading=\"lazy\" decoding=\"async\" width=\"50\" height=\"58\" class=\"wp-image-266\" style=\"width: 50px;\" src=\"https:\/\/fedefutguate.gt\/informacionpublica\/wp-content\/uploads\/2022\/02\/pngaaa.com-2621310.png\" alt=\"\"><\/td><td><a href=\"https:\/\/fedefutguate.gt\/informacionpublica\/wp-content\/uploads\/2022\/11\/Asesorias-tecnicas-y-profesionales-febrero-2022-1.pdf\" target=\"_blank\" rel=\"noreferrer noopener\">Asesor\u00edas t\u00e9cnicas y profesionales febrero 2022<\/a><\/td><\/tr><tr><td class=\"has-text-align-center\" data-align=\"center\"><img loading=\"lazy\" decoding=\"async\" width=\"50\" height=\"50\" class=\"wp-image-1825\" style=\"width: 50px;\" src=\"https:\/\/fedefutguate.gt\/informacionpublica\/wp-content\/uploads\/2022\/11\/xls-icon-3379.png\" alt=\"\"><\/td><td><a href=\"https:\/\/fedefutguate.gt\/informacionpublica\/wp-content\/uploads\/2022\/11\/Asesorias-tecnicas-y-profesionales-febrero-2022-1.xlsx\" data-type=\"URL\" data-id=\"https:\/\/fedefutguate.gt\/informacionpublica\/wp-content\/uploads\/2022\/11\/Asesorias-tecnicas-y-profesionales-febrero-2022-1.xlsx\" target=\"_blank\" rel=\"noreferrer noopener\">Asesor\u00edas t\u00e9cnicas y profesionales febrero 2022<\/a><\/td><\/tr><tr><td class=\"has-text-align-center\" data-align=\"center\"><img loading=\"lazy\" decoding=\"async\" width=\"50\" height=\"58\" class=\"wp-image-266\" style=\"width: 50px;\" src=\"https:\/\/fedefutguate.gt\/informacionpublica\/wp-content\/uploads\/2022\/02\/pngaaa.com-2621310.png\" alt=\"\"><\/td><td><a href=\"https:\/\/fedefutguate.gt\/informacionpublica\/wp-content\/uploads\/2022\/11\/Asesorias-tecnicas-y-profesionales-marzo-2022-1.pdf\" target=\"_blank\" rel=\"noreferrer noopener\">Asesor\u00edas t\u00e9cnicas y profesionales marzo 2022<\/a> <\/td><\/tr><tr><td class=\"has-text-align-center\" data-align=\"center\"><img loading=\"lazy\" decoding=\"async\" width=\"50\" height=\"50\" class=\"wp-image-1825\" style=\"width: 50px;\" src=\"https:\/\/fedefutguate.gt\/informacionpublica\/wp-content\/uploads\/2022\/11\/xls-icon-3379.png\" alt=\"\"><\/td><td><a rel=\"noreferrer noopener\" href=\"https:\/\/fedefutguate.gt\/informacionpublica\/wp-content\/uploads\/2022\/11\/Asesorias-tecnicas-y-profesionales-marzo-2022-1.xlsx\" target=\"_blank\">Asesor\u00edas t\u00e9cnicas y profesionales marzo 20<\/a>22<\/td><\/tr><tr><td class=\"has-text-align-center\" data-align=\"center\"><img loading=\"lazy\" decoding=\"async\" width=\"50\" height=\"58\" class=\"wp-image-266\" style=\"width: 50px;\" src=\"https:\/\/fedefutguate.gt\/informacionpublica\/wp-content\/uploads\/2022\/02\/pngaaa.com-2621310.png\" alt=\"\"><\/td><td><a href=\"https:\/\/fedefutguate.gt\/informacionpublica\/wp-content\/uploads\/2022\/11\/Asesorias-tecnicas-y-profesionales-abril-2022-1.pdf\">Asesor\u00edas t\u00e9cnicas y profesionales abril 2022<\/a><\/td><\/tr><tr><td class=\"has-text-align-center\" data-align=\"center\"><img loading=\"lazy\" decoding=\"async\" width=\"50\" height=\"50\" class=\"wp-image-1825\" style=\"width: 50px;\" src=\"https:\/\/fedefutguate.gt\/informacionpublica\/wp-content\/uploads\/2022\/11\/xls-icon-3379.png\" alt=\"\"><\/td><td><a href=\"https:\/\/fedefutguate.gt\/informacionpublica\/wp-content\/uploads\/2022\/11\/Asesorias-tecnicas-y-profesionales-abril-2022-1.xlsx\">Asesor\u00edas t\u00e9cnicas y profesionales abril 2022<\/a><\/td><\/tr><tr><td class=\"has-text-align-center\" data-align=\"center\"><img loading=\"lazy\" decoding=\"async\" width=\"50\" height=\"58\" class=\"wp-image-266\" style=\"width: 50px;\" src=\"https:\/\/fedefutguate.gt\/informacionpublica\/wp-content\/uploads\/2022\/02\/pngaaa.com-2621310.png\" alt=\"\"><\/td><td><a href=\"https:\/\/fedefutguate.gt\/informacionpublica\/wp-content\/uploads\/2022\/11\/Asesorias-tecnicas-y-profesionales-mayo-2022-1.pdf\">Asesor\u00edas t\u00e9cnicas y profesionales mayo 2022<\/a><\/td><\/tr><tr><td class=\"has-text-align-center\" data-align=\"center\"><img loading=\"lazy\" decoding=\"async\" width=\"50\" height=\"50\" class=\"wp-image-1825\" style=\"width: 50px;\" src=\"https:\/\/fedefutguate.gt\/informacionpublica\/wp-content\/uploads\/2022\/11\/xls-icon-3379.png\" alt=\"\"><\/td><td><a rel=\"noreferrer noopener\" href=\"https:\/\/fedefutguate.gt\/informacionpublica\/wp-content\/uploads\/2022\/11\/Asesorias-tecnicas-y-profesionales-mayo-2022-1.xlsx\" target=\"_blank\">Asesor\u00edas<\/a><a rel=\"noreferrer noopener\" href=\"https:\/\/fedefutguate.gt\/informacionpublica\/wp-content\/uploads\/2022\/11\/Asesorias-tecnicas-y-profesionales-mayo-2022-1.xlsx\" target=\"_blank\"> <\/a><a rel=\"noreferrer noopener\" href=\"https:\/\/fedefutguate.gt\/informacionpublica\/wp-content\/uploads\/2022\/11\/Asesorias-tecnicas-y-profesionales-mayo-2022-1.xlsx\" target=\"_blank\">t\u00e9cnicas y profesionales mayo 2022<\/a><\/td><\/tr><tr><td class=\"has-text-align-center\" data-align=\"center\"><\/td><td><a href=\"https:\/\/fedefutguate.gt\/informacionpublica\/wp-content\/uploads\/2022\/11\/Asesorias-tecnicas-y-profesionales-junio-2022-1.pdf\">Asesor\u00edas t\u00e9cnicas y profesionales junio 2022<\/a><\/td><\/tr><tr><td class=\"has-text-align-center\" data-align=\"center\"><img loading=\"lazy\" decoding=\"async\" width=\"50\" height=\"50\" class=\"wp-image-1825\" style=\"width: 50px;\" src=\"https:\/\/fedefutguate.gt\/informacionpublica\/wp-content\/uploads\/2022\/11\/xls-icon-3379.png\" alt=\"\"><\/td><td><a href=\"https:\/\/fedefutguate.gt\/informacionpublica\/wp-content\/uploads\/2022\/11\/Asesorias-tecnicas-y-profesionales-junio-2022-1.xlsx\">Asesor\u00edas t\u00e9cnicas y profesionales junio 2022<\/a><\/td><\/tr><tr><td class=\"has-text-align-center\" data-align=\"center\"><img loading=\"lazy\" decoding=\"async\" width=\"50\" height=\"58\" class=\"wp-image-266\" style=\"width: 50px;\" src=\"https:\/\/fedefutguate.gt\/informacionpublica\/wp-content\/uploads\/2022\/02\/pngaaa.com-2621310.png\" alt=\"\"><\/td><td><a href=\"https:\/\/fedefutguate.gt\/informacionpublica\/wp-content\/uploads\/2022\/11\/Asesorias-tecnicas-y-profesionales-julio-2022-2.pdf\">Asesor\u00edas t\u00e9cnicas y profesionales julio 2022<\/a><\/td><\/tr><tr><td class=\"has-text-align-center\" data-align=\"center\"><img loading=\"lazy\" decoding=\"async\" width=\"50\" height=\"50\" class=\"wp-image-1825\" style=\"width: 50px;\" src=\"https:\/\/fedefutguate.gt\/informacionpublica\/wp-content\/uploads\/2022\/11\/xls-icon-3379.png\" alt=\"\"><\/td><td><a href=\"https:\/\/fedefutguate.gt\/informacionpublica\/wp-content\/uploads\/2022\/11\/Asesorias-tecnicas-y-profesionales-julio-2022-1.xlsx\">Asesor\u00edas t\u00e9cnicas y profesionales julio 2022<\/a><\/td><\/tr><tr><td class=\"has-text-align-center\" data-align=\"center\"><img loading=\"lazy\" decoding=\"async\" width=\"50\" height=\"58\" class=\"wp-image-266\" style=\"width: 50px;\" src=\"https:\/\/fedefutguate.gt\/informacionpublica\/wp-content\/uploads\/2022\/02\/pngaaa.com-2621310.png\" alt=\"\"><\/td><td><a href=\"https:\/\/fedefutguate.gt\/informacionpublica\/wp-content\/uploads\/2022\/11\/Asesorias-tecnicas-y-profesionales-agosto-2022-1.pdf\">Asesor\u00edas t\u00e9cnicas y profesionales agosto 2022<\/a><\/td><\/tr><tr><td class=\"has-text-align-center\" data-align=\"center\"><img loading=\"lazy\" decoding=\"async\" width=\"50\" height=\"50\" class=\"wp-image-1825\" style=\"width: 50px;\" src=\"https:\/\/fedefutguate.gt\/informacionpublica\/wp-content\/uploads\/2022\/11\/xls-icon-3379.png\" alt=\"\"><\/td><td><a rel=\"noreferrer noopener\" href=\"https:\/\/fedefutguate.gt\/informacionpublica\/wp-content\/uploads\/2022\/11\/Asesorias-tecnicas-y-profesionales-agosto-2022-1.xlsx\" target=\"_blank\">Asesor\u00edas t\u00e9cnicas y profesionales agosto 2022<\/a><\/td><\/tr><tr><td class=\"has-text-align-center\" data-align=\"center\"><img loading=\"lazy\" decoding=\"async\" width=\"50\" height=\"58\" class=\"wp-image-266\" style=\"width: 50px;\" src=\"https:\/\/fedefutguate.gt\/informacionpublica\/wp-content\/uploads\/2022\/02\/pngaaa.com-2621310.png\" alt=\"\"><\/td><td><a href=\"https:\/\/fedefutguate.gt\/informacionpublica\/wp-content\/uploads\/2022\/11\/Asesorias-tecnicas-y-profesionales-septiembre-2022-1.pdf\">Asesor\u00edas t\u00e9cnicas y profesionales septiembre 2022<\/a><\/td><\/tr><tr><td class=\"has-text-align-center\" data-align=\"center\"><img loading=\"lazy\" decoding=\"async\" width=\"50\" height=\"50\" class=\"wp-image-1825\" style=\"width: 50px;\" src=\"https:\/\/fedefutguate.gt\/informacionpublica\/wp-content\/uploads\/2022\/11\/xls-icon-3379.png\" alt=\"\"><\/td><td><a href=\"https:\/\/fedefutguate.gt\/informacionpublica\/wp-content\/uploads\/2022\/11\/Asesorias-tecnicas-y-profesionales-septiembre-2022.xlsx\">Asesor\u00edas t\u00e9cnicas y profesionales septiembre-2022<\/a><\/td><\/tr><tr><td class=\"has-text-align-center\" data-align=\"center\"><img loading=\"lazy\" decoding=\"async\" width=\"50\" height=\"58\" class=\"wp-image-266\" style=\"width: 50px;\" src=\"https:\/\/fedefutguate.gt\/informacionpublica\/wp-content\/uploads\/2022\/02\/pngaaa.com-2621310.png\" alt=\"\"><\/td><td><a href=\"https:\/\/fedefutguate.gt\/informacionpublica\/wp-content\/uploads\/2022\/11\/Asesorias-tecnicas-y-profesionales-octubre-2022-1.pdf\">Asesor\u00edas t\u00e9cnicas y profesionales octubre 2022<\/a><\/td><\/tr><tr><td class=\"has-text-align-center\" data-align=\"center\"><img loading=\"lazy\" decoding=\"async\" width=\"50\" height=\"50\" class=\"wp-image-1825\" style=\"width: 50px;\" src=\"https:\/\/fedefutguate.gt\/informacionpublica\/wp-content\/uploads\/2022\/11\/xls-icon-3379.png\" alt=\"\"><\/td><td><a rel=\"noreferrer noopener\" href=\"https:\/\/fedefutguate.gt\/informacionpublica\/wp-content\/uploads\/2022\/11\/Asesorias-tecnicas-y-profesionales-octubre-2022-1.xlsx\" target=\"_blank\">Asesor\u00edas t\u00e9cnicas y profesionales octubre 2022<\/a><\/td><\/tr><tr><td class=\"has-text-align-center\" data-align=\"center\"><img loading=\"lazy\" decoding=\"async\" width=\"50\" height=\"58\" class=\"wp-image-266\" style=\"width: 50px;\" src=\"https:\/\/fedefutguate.gt\/informacionpublica\/wp-content\/uploads\/2022\/02\/pngaaa.com-2621310.png\" alt=\"\"><\/td><td><a rel=\"noreferrer noopener\" href=\"https:\/\/fedefutguate.gt\/informAsesor\u00edas t\u00e9cnicas y profesionales noviembre 2022\" target=\"_blank\">Asesor\u00edas t\u00e9cnicas y profesionales noviembre 2022<\/a><\/td><\/tr><tr><td class=\"has-text-align-center\" data-align=\"center\"><img loading=\"lazy\" decoding=\"async\" width=\"50\" height=\"50\" class=\"wp-image-1825\" style=\"width: 50px;\" src=\"https:\/\/fedefutguate.gt\/informacionpublica\/wp-content\/uploads\/2022\/11\/xls-icon-3379.png\" alt=\"\"><\/td><td><a rel=\"noreferrer noopener\" href=\"https:\/\/fedefutguate.gt\/infAsesor\u00edas t\u00e9cnicas y profesionales noviembre 2022\" target=\"_blank\">Asesor\u00edas t\u00e9cnicas y profesionales noviembre 2022<\/a><\/td><\/tr><\/tbody><\/table><\/figure>\n","protected":false},"excerpt":{"rendered":"<p>Publicaci\u00f3n de Informes Asesor\u00edas t\u00e9cnicas y profesionales enero 2022 Asesor\u00edas t\u00e9cnicas y profesionales enero 2022 Asesor\u00edas t\u00e9cnicas y profesionales febrero 2022 Asesor\u00edas t\u00e9cnicas y profesionales febrero 2022 Asesor\u00edas t\u00e9cnicas y profesionales marzo 2022 Asesor\u00edas t\u00e9cnicas y profesionales marzo 2022 Asesor\u00edas t\u00e9cnicas y profesionales abril 2022 Asesor\u00edas t\u00e9cnicas y profesionales abril 2022 Asesor\u00edas t\u00e9cnicas y profesionales &#8230; <a title=\"DECRETO 16 2021 &#8211; Art\u00edculo 20\" class=\"read-more\" href=\"https:\/\/fedefutguate.gt\/informacionpublica\/decreto-16-2021-articulo-20\/\" aria-label=\"Read more about DECRETO 16 2021 &#8211; Art\u00edculo 20\">Read more<\/a><\/p>\n","protected":false},"author":1,"featured_media":0,"parent":0,"menu_order":0,"comment_status":"closed","ping_status":"closed","template":"","meta":{"footnotes":""},"class_list":["post-1843","page","type-page","status-publish"],"_links":{"self":[{"href":"https:\/\/fedefutguate.gt\/informacionpublica\/wp-json\/wp\/v2\/pages\/1843","targetHints":{"allow":["GET"]}}],"collection":[{"href":"https:\/\/fedefutguate.gt\/informacionpublica\/wp-json\/wp\/v2\/pages"}],"about":[{"href":"https:\/\/fedefutguate.gt\/informacionpublica\/wp-json\/wp\/v2\/types\/page"}],"author":[{"embeddable":true,"href":"https:\/\/fedefutguate.gt\/informacionpublica\/wp-json\/wp\/v2\/users\/1"}],"replies":[{"embeddable":true,"href":"https:\/\/fedefutguate.gt\/informacionpublica\/wp-json\/wp\/v2\/comments?post=1843"}],"version-history":[{"count":7,"href":"https:\/\/fedefutguate.gt\/informacionpublica\/wp-json\/wp\/v2\/pages\/1843\/revisions"}],"predecessor-version":[{"id":2756,"href":"https:\/\/fedefutguate.gt\/informacionpublica\/wp-json\/wp\/v2\/pages\/1843\/revisions\/2756"}],"wp:attachment":[{"href":"https:\/\/fedefutguate.gt\/informacionpublica\/wp-json\/wp\/v2\/media?parent=1843"}],"curies":[{"name":"wp","href":"https:\/\/api.w.org\/{rel}","templated":true}]}}