{"id":214,"date":"2022-02-08T00:25:05","date_gmt":"2022-02-07T23:25:05","guid":{"rendered":"https:\/\/fedefutguate.gt\/informacionpublica\/?page_id=214"},"modified":"2023-08-21T22:23:30","modified_gmt":"2023-08-21T20:23:30","slug":"ley-organica-del-presupuesto","status":"publish","type":"page","link":"https:\/\/fedefutguate.gt\/informacionpublica\/ley-organica-del-presupuesto\/","title":{"rendered":"DECRETO 101-97 &#8220;LEY ORG\u00c1NICA DEL PRESUPUESTO&#8221;"},"content":{"rendered":"\n<p><\/p>\n\n\n\n<figure class=\"wp-block-table is-style-regular\"><table class=\"has-base-3-color has-text-color has-fixed-layout\"><tbody><tr><td class=\"has-text-align-center\" data-align=\"center\"><a href=\"https:\/\/fedefutguate.gt\/informacionpublica\/rendicion-de-cuentas\/\"><img loading=\"lazy\" decoding=\"async\" width=\"128\" height=\"128\" class=\"wp-image-263\" style=\"width: 128px;\" src=\"https:\/\/fedefutguate.gt\/informacionpublica\/wp-content\/uploads\/2022\/02\/580b57fcd9996e24bc43c4c5.png\" alt=\"\"><\/a><\/td><td class=\"has-text-align-center\" data-align=\"center\"><a href=\"https:\/\/fedefutguate.gt\/informacionpublica\/vinculacion-plan-presupuesto\/\"><img decoding=\"async\" src=\"https:\/\/fedefutguate.gt\/informacionpublica\/wp-content\/uploads\/2022\/02\/580b57fcd9996e24bc43c4c5.png\" alt=\"\"><\/a><\/td><td class=\"has-text-align-center\" data-align=\"center\"><a href=\"https:\/\/fedefutguate.gt\/informacionpublica\/contenido\/\"><img decoding=\"async\" src=\"https:\/\/fedefutguate.gt\/informacionpublica\/wp-content\/uploads\/2022\/02\/580b57fcd9996e24bc43c4c5.png\" alt=\"\"><\/a><\/td><\/tr><tr><td class=\"has-text-align-center\" data-align=\"center\"><a href=\"https:\/\/fedefutguate.gt\/informacionpublica\/rendicion-de-cuentas\/\">Art\u00edculo 4. Rendici\u00f3n de Cuentas<\/a><\/td><td class=\"has-text-align-center\" data-align=\"center\"><a href=\"https:\/\/fedefutguate.gt\/informacionpublica\/vinculacion-plan-presupuesto\/\">Art\u00edculo 8. Vinculaci\u00f3n Plan Presupuesto<\/a><\/td><td class=\"has-text-align-center\" data-align=\"center\"><a href=\"https:\/\/fedefutguate.gt\/informacionpublica\/contenido\/\">Art\u00edculo 10. Contenido<\/a><\/td><\/tr><tr><td class=\"has-text-align-center\" data-align=\"center\"><img loading=\"lazy\" decoding=\"async\" width=\"32\" height=\"32\" class=\"wp-image-257\" style=\"width: 32px;\" src=\"https:\/\/fedefutguate.gt\/informacionpublica\/wp-content\/uploads\/2022\/02\/square.png\" alt=\"\"><\/td><td class=\"has-text-align-center\" data-align=\"center\"><img loading=\"lazy\" decoding=\"async\" width=\"32\" height=\"32\" class=\"wp-image-257\" style=\"width: 32px;\" src=\"https:\/\/fedefutguate.gt\/informacionpublica\/wp-content\/uploads\/2022\/02\/square.png\" alt=\"\"><\/td><td class=\"has-text-align-center\" data-align=\"center\"><img loading=\"lazy\" decoding=\"async\" width=\"32\" height=\"32\" class=\"wp-image-257\" style=\"width: 32px;\" src=\"https:\/\/fedefutguate.gt\/informacionpublica\/wp-content\/uploads\/2022\/02\/square.png\" alt=\"\"><\/td><\/tr><tr><td class=\"has-text-align-center\" data-align=\"center\"><a href=\"https:\/\/fedefutguate.gt\/informacionpublica\/acceso-a-la-informacion-de-la-gestion-presupuestaria-por-resultados\/\"><img loading=\"lazy\" decoding=\"async\" width=\"128\" height=\"128\" class=\"wp-image-263\" style=\"width: 128px;\" src=\"https:\/\/fedefutguate.gt\/informacionpublica\/wp-content\/uploads\/2022\/02\/580b57fcd9996e24bc43c4c5.png\" alt=\"\"><\/a><\/td><td class=\"has-text-align-center\" data-align=\"center\"><a href=\"https:\/\/fedefutguate.gt\/informacionpublica\/informes-de-sitios-web-y-comisiones-de-trabajo-del-congreso-de-la-republica\/\"><img loading=\"lazy\" decoding=\"async\" width=\"128\" height=\"128\" class=\"wp-image-263\" style=\"width: 128px;\" src=\"https:\/\/fedefutguate.gt\/informacionpublica\/wp-content\/uploads\/2022\/02\/580b57fcd9996e24bc43c4c5.png\" alt=\"\"><\/a><\/td><td class=\"has-text-align-center\" data-align=\"center\"><a href=\"https:\/\/fedefutguate.gt\/informacionpublica\/articulo-quater\/\"><img loading=\"lazy\" decoding=\"async\" width=\"128\" height=\"128\" class=\"wp-image-263\" style=\"width: 128px;\" src=\"https:\/\/fedefutguate.gt\/informacionpublica\/wp-content\/uploads\/2022\/02\/580b57fcd9996e24bc43c4c5.png\" alt=\"\"><\/a><\/td><\/tr><tr><td class=\"has-text-align-center\" data-align=\"center\"><a href=\"https:\/\/fedefutguate.gt\/informacionpublica\/acceso-a-la-informacion-de-la-gestion-presupuestaria-por-resultados\/\">Art\u00edculo 17 Bis. Acceso a la Informaci\u00f3n de la Gesti\u00f3n Presupuestaria por Resultados<\/a><\/td><td class=\"has-text-align-center\" data-align=\"center\"><a href=\"https:\/\/fedefutguate.gt\/informacionpublica\/informes-de-sitios-web-y-comisiones-de-trabajo-del-congreso-de-la-republica\/\">Art\u00edculo 17 Ter. Informes de Sitios Web y Comisiones de Trabajo del Congreso de la Rep\u00fablica<\/a><\/td><td class=\"has-text-align-center\" data-align=\"center\"><a href=\"https:\/\/fedefutguate.gt\/informacionpublica\/articulo-quater\/\">Art\u00edculo 17. Qu\u00e1ter. Ejecuci\u00f3n presupuestaria por clasificador Tem\u00e1tico<\/a><\/td><\/tr><tr><td class=\"has-text-align-center\" data-align=\"center\"><a href=\"https:\/\/fedefutguate.gt\/informacionpublica\/distribucion-analitica\/\"><img loading=\"lazy\" decoding=\"async\" width=\"128\" height=\"128\" class=\"wp-image-263\" style=\"width: 128px;\" src=\"https:\/\/fedefutguate.gt\/informacionpublica\/wp-content\/uploads\/2022\/02\/580b57fcd9996e24bc43c4c5.png\" alt=\"\"><\/a><\/td><td class=\"has-text-align-center\" data-align=\"center\"><a href=\"https:\/\/fedefutguate.gt\/informacionpublica\/modificaciones-y-transferencias-presupuestarias\/\"><img loading=\"lazy\" decoding=\"async\" width=\"128\" height=\"128\" class=\"wp-image-263\" style=\"width: 128px;\" src=\"https:\/\/fedefutguate.gt\/informacionpublica\/wp-content\/uploads\/2022\/02\/580b57fcd9996e24bc43c4c5.png\" alt=\"\"><\/a><\/td><td class=\"has-text-align-center\" data-align=\"center\"><\/td><\/tr><tr><td class=\"has-text-align-center\" data-align=\"center\"><a href=\"https:\/\/fedefutguate.gt\/informacionpublica\/distribucion-analitica\/\">Art\u00edculo 27. Distribuci\u00f3n Anal\u00edtica<\/a><\/td><td class=\"has-text-align-center\" data-align=\"center\"><a href=\"https:\/\/fedefutguate.gt\/informacionpublica\/modificaciones-y-transferencias-presupuestarias\/\">Art\u00edculo 41. Modificaciones y Transferencias Presupuestarias<\/a><\/td><td class=\"has-text-align-center\" data-align=\"center\"><\/td><\/tr><\/tbody><\/table><\/figure>\n\n\n\n<p><\/p>\n","protected":false},"excerpt":{"rendered":"<p>Art\u00edculo 4. Rendici\u00f3n de Cuentas Art\u00edculo 8. Vinculaci\u00f3n Plan Presupuesto Art\u00edculo 10. Contenido Art\u00edculo 17 Bis. Acceso a la Informaci\u00f3n de la Gesti\u00f3n Presupuestaria por Resultados Art\u00edculo 17 Ter. Informes de Sitios Web y Comisiones de Trabajo del Congreso de la Rep\u00fablica Art\u00edculo 17. Qu\u00e1ter. Ejecuci\u00f3n presupuestaria por clasificador Tem\u00e1tico Art\u00edculo 27. Distribuci\u00f3n Anal\u00edtica Art\u00edculo &#8230; <a title=\"DECRETO 101-97 &#8220;LEY ORG\u00c1NICA DEL PRESUPUESTO&#8221;\" class=\"read-more\" href=\"https:\/\/fedefutguate.gt\/informacionpublica\/ley-organica-del-presupuesto\/\" aria-label=\"Read more about DECRETO 101-97 &#8220;LEY ORG\u00c1NICA DEL PRESUPUESTO&#8221;\">Read more<\/a><\/p>\n","protected":false},"author":1,"featured_media":0,"parent":0,"menu_order":0,"comment_status":"closed","ping_status":"closed","template":"","meta":{"footnotes":""},"class_list":["post-214","page","type-page","status-publish"],"_links":{"self":[{"href":"https:\/\/fedefutguate.gt\/informacionpublica\/wp-json\/wp\/v2\/pages\/214","targetHints":{"allow":["GET"]}}],"collection":[{"href":"https:\/\/fedefutguate.gt\/informacionpublica\/wp-json\/wp\/v2\/pages"}],"about":[{"href":"https:\/\/fedefutguate.gt\/informacionpublica\/wp-json\/wp\/v2\/types\/page"}],"author":[{"embeddable":true,"href":"https:\/\/fedefutguate.gt\/informacionpublica\/wp-json\/wp\/v2\/users\/1"}],"replies":[{"embeddable":true,"href":"https:\/\/fedefutguate.gt\/informacionpublica\/wp-json\/wp\/v2\/comments?post=214"}],"version-history":[{"count":20,"href":"https:\/\/fedefutguate.gt\/informacionpublica\/wp-json\/wp\/v2\/pages\/214\/revisions"}],"predecessor-version":[{"id":3403,"href":"https:\/\/fedefutguate.gt\/informacionpublica\/wp-json\/wp\/v2\/pages\/214\/revisions\/3403"}],"wp:attachment":[{"href":"https:\/\/fedefutguate.gt\/informacionpublica\/wp-json\/wp\/v2\/media?parent=214"}],"curies":[{"name":"wp","href":"https:\/\/api.w.org\/{rel}","templated":true}]}}