{"id":2216,"date":"2023-02-09T22:24:08","date_gmt":"2023-02-09T21:24:08","guid":{"rendered":"https:\/\/fedefutguate.gt\/informacionpublica\/?page_id=2216"},"modified":"2023-07-26T23:22:08","modified_gmt":"2023-07-26T21:22:08","slug":"2023-estructura-organica-funciones-y-marco-normativo","status":"publish","type":"page","link":"https:\/\/fedefutguate.gt\/informacionpublica\/2023-estructura-organica-funciones-y-marco-normativo\/","title":{"rendered":"Estructura Org\u00e1nica, Funciones y Marco Normativo -2023-"},"content":{"rendered":"\n<p class=\"has-contrast-2-color has-text-color\">Estructura org\u00e1nica y funciones de cada una de las dependencias y departamentos, incluyendo su marco normativo.<\/p>\n\n\n\n<p>Art\u00edculo 10, numeral 1 de la Ley de Acceso a la Informaci\u00f3n P\u00fablica<\/p>\n\n\n\n<div class=\"wp-block-columns is-layout-flex wp-container-core-columns-is-layout-9d6595d7 wp-block-columns-is-layout-flex\">\n<div class=\"wp-block-column is-layout-flow wp-block-column-is-layout-flow\" style=\"flex-basis:100%\"><\/div>\n<\/div>\n\n\n\n<p><\/p>\n\n\n\n<figure class=\"wp-block-table is-style-stripes has-small-font-size\"><table><tbody><tr><td class=\"has-text-align-right\" data-align=\"right\"><a href=\"https:\/\/fedefutguate.gt\/informacionpublica\/wp-content\/uploads\/2023\/02\/Organigrama-de-la-Federacion-Nacional-de-Futbol-de-Guatemala-Vigente-para-el-ano-2023.pdf\" target=\"_blank\" rel=\"noreferrer noopener\"><img decoding=\"async\" src=\"https:\/\/fedefutguate.gt\/informacionpublica\/wp-content\/uploads\/2022\/02\/pngaaa.com-2621310.png\" alt=\"\"><\/a><\/td><td><a rel=\"noreferrer noopener\" href=\"https:\/\/fedefutguate.gt\/informacionpublica\/wp-content\/uploads\/2023\/02\/Organigrama-de-la-Federacion-Nacional-de-Futbol-de-Guatemala-Vigente-para-el-ano-2023.pdf\" target=\"_blank\">ORGANIGRAMA FEDERACI\u00d3N NACIONAL DE F\u00daTBOL DE GUATEMALA (Vigente hasta el 28 de febrero 2023)<\/a><\/td><\/tr><tr><td class=\"has-text-align-right\" data-align=\"right\"><a href=\"https:\/\/fedefutguate.gt\/informacionpublica\/wp-content\/uploads\/2023\/06\/ACUERDO-SGA-RH-022-2023.jpg\" target=\"_blank\" rel=\"noreferrer noopener\"><img decoding=\"async\" src=\"https:\/\/fedefutguate.gt\/informacionpublica\/wp-content\/uploads\/2022\/02\/pngaaa.com-2621310.png\" alt=\"\"><\/a><\/td><td><a rel=\"noreferrer noopener\" href=\"https:\/\/fedefutguate.gt\/informacionpublica\/wp-content\/uploads\/2023\/06\/ACUERDO-SGA-RH-022-2023.jpg\" target=\"_blank\">ORGANIGRAMA FEDERACI\u00d3N NACIONAL DE F\u00daTBOL DE GUATEMALA (Vigente hasta el 16 de mayo 2023)<\/a><\/td><\/tr><tr><td class=\"has-text-align-right\" data-align=\"right\"><a href=\"https:\/\/fedefutguate.gt\/informacionpublica\/wp-content\/uploads\/2023\/06\/ACUERDO-SGA-RH-037-2023.jpg\" target=\"_blank\" rel=\"noreferrer noopener\"><img decoding=\"async\" src=\"https:\/\/fedefutguate.gt\/informacionpublica\/wp-content\/uploads\/2022\/02\/pngaaa.com-2621310.png\" alt=\"\"><\/a><\/td><td><a href=\"https:\/\/fedefutguate.gt\/informacionpublica\/wp-content\/uploads\/2023\/06\/ACUERDO-SGA-RH-037-2023.jpg\" target=\"_blank\" rel=\"noreferrer noopener\">ORGANIGRAMA FEDERACI\u00d3N NACIONAL DE F\u00daTBOL DE GUATEMALA (Vigente a partir del 17 de mayo 2023)<\/a><\/td><\/tr><tr><td class=\"has-text-align-right\" data-align=\"right\"><a href=\"https:\/\/fedefutguate.gt\/informacionpublica\/wp-content\/uploads\/2023\/07\/INTEGRANTES-COMITE-EJECUTIVO-FEDERACION-NACIONAL-DE-FUTBOL-DE-GUATEMALA-scaled.jpg\" target=\"_blank\" rel=\"noreferrer noopener\"><img decoding=\"async\" src=\"https:\/\/fedefutguate.gt\/informacionpublica\/wp-content\/uploads\/2022\/02\/pngaaa.com-2621310.png\" alt=\"\"><\/a><\/td><td><a href=\"https:\/\/fedefutguate.gt\/informacionpublica\/wp-content\/uploads\/2023\/07\/INTEGRANTES-COMITE-EJECUTIVO-FEDERACION-NACIONAL-DE-FUTBOL-DE-GUATEMALA-scaled.jpg\" target=\"_blank\" rel=\"noreferrer noopener\">INTEGRACI\u00d3N COMIT\u00c9 EJECUTIVO DE LA FEDERACI\u00d3N NACIONAL DE F\u00daTBOL DE GUATEMALA (JUNIO 2019-JUNIO 2023)<\/a><\/td><\/tr><tr><td class=\"has-text-align-right\" data-align=\"right\"><a href=\"https:\/\/fedefutguate.gt\/informacionpublica\/wp-content\/uploads\/2023\/07\/MIEMBROS-COMITE-EJECUTIVO-2023-2027.jpg\" target=\"_blank\" rel=\"noreferrer noopener\"><img decoding=\"async\" src=\"https:\/\/fedefutguate.gt\/informacionpublica\/wp-content\/uploads\/2022\/02\/pngaaa.com-2621310.png\" alt=\"\"><\/a><\/td><td><a href=\"https:\/\/fedefutguate.gt\/informacionpublica\/wp-content\/uploads\/2023\/07\/MIEMBROS-COMITE-EJECUTIVO-2023-2027.jpg\">INTEGRACI\u00d3N COMIT\u00c9 EJECUTIVO DE LA FEDERACI\u00d3N NACIONAL DE F\u00daTBOL DE GUATEMALA (JUNIO 2023-JUNIO 2027)<\/a><\/td><\/tr><tr><td class=\"has-text-align-right\" data-align=\"right\"><a href=\"https:\/\/fedefutguate.gt\/informacionpublica\/wp-content\/uploads\/2023\/02\/1.-Marco-Legal-FEDEFUT-actualizado-2.pdf\" target=\"_blank\" rel=\"noreferrer noopener\"><img loading=\"lazy\" decoding=\"async\" width=\"50\" height=\"58\" class=\"wp-image-266\" style=\"width: 50px;\" src=\"https:\/\/fedefutguate.gt\/informacionpublica\/wp-content\/uploads\/2022\/02\/pngaaa.com-2621310.png\" alt=\"\"><\/a><\/td><td><a href=\"https:\/\/fedefutguate.gt\/informacionpublica\/wp-content\/uploads\/2023\/02\/1.-Marco-Legal-FEDEFUT-actualizado-2.pdf\" target=\"_blank\" rel=\"noreferrer noopener\">MARCO LEGAL FEDERACI\u00d3N NACIONAL DE F\u00daTBOL DE GUATEMALA (Vigente para el a\u00f1o 2023)<\/a><\/td><\/tr><tr><td class=\"has-text-align-right\" data-align=\"right\"><a href=\"https:\/\/fedefutguate.gt\/informacionpublica\/wp-content\/uploads\/2023\/02\/2.-Estatutos-Fedefut-Acuerdo-58-2018-CE-CDAG-1.pdf\" target=\"_blank\" rel=\"noreferrer noopener\"><img loading=\"lazy\" decoding=\"async\" width=\"50\" height=\"58\" class=\"wp-image-266\" style=\"width: 50px;\" src=\"https:\/\/fedefutguate.gt\/informacionpublica\/wp-content\/uploads\/2022\/02\/pngaaa.com-2621310.png\" alt=\"\"><\/a><\/td><td><a href=\"https:\/\/fedefutguate.gt\/informacionpublica\/wp-content\/uploads\/2023\/02\/2.-Estatutos-Fedefut-Acuerdo-58-2018-CE-CDAG-1.pdf\" target=\"_blank\" rel=\"noreferrer noopener\">ACUERDO N\u00daMERO 58\/2018-CE-CDAG &#8220;ESTATUTOS DE LA FEDERACI\u00d3N NACIONAL DE F\u00daTBOL DE GUATEMALA&#8221; (Vigente para el a\u00f1o 2023)<\/a><\/td><\/tr><tr><td class=\"has-text-align-right\" data-align=\"right\"><a href=\"https:\/\/fedefutguate.gt\/informacionpublica\/wp-content\/uploads\/2023\/02\/3.-Ley-Nacional-de-Cultura-Fisica-y-del-Deporte-Decreto-76-97-1.pdf\" target=\"_blank\" rel=\"noreferrer noopener\"><img loading=\"lazy\" decoding=\"async\" width=\"50\" height=\"58\" class=\"wp-image-266\" style=\"width: 50px;\" src=\"https:\/\/fedefutguate.gt\/informacionpublica\/wp-content\/uploads\/2022\/02\/pngaaa.com-2621310.png\" alt=\"\"><\/a><\/td><td><a href=\"https:\/\/fedefutguate.gt\/informacionpublica\/wp-content\/uploads\/2023\/02\/3.-Ley-Nacional-de-Cultura-Fisica-y-del-Deporte-Decreto-76-97-1.pdf\" target=\"_blank\" rel=\"noreferrer noopener\">DECRETO 76-97 &#8220;LEY NACIONAL PARA EL DESARROLLO DE LA CULTURA F\u00cdSICA Y DEL DEPORTE&#8221; (Vigente para el a\u00f1o 2023)<\/a><\/td><\/tr><tr><td class=\"has-text-align-right\" data-align=\"right\"><a href=\"https:\/\/fedefutguate.gt\/informacionpublica\/wp-content\/uploads\/2023\/02\/4.-D10-2017-REFORMAS-A-LA-LEY-DEL-DEPORTE-1.pdf\" target=\"_blank\" rel=\"noreferrer noopener\"><img loading=\"lazy\" decoding=\"async\" width=\"50\" height=\"58\" class=\"wp-image-266\" style=\"width: 50px;\" src=\"https:\/\/fedefutguate.gt\/informacionpublica\/wp-content\/uploads\/2022\/02\/pngaaa.com-2621310.png\" alt=\"\"><\/a><\/td><td><a href=\"https:\/\/fedefutguate.gt\/informacionpublica\/wp-content\/uploads\/2023\/02\/4.-D10-2017-REFORMAS-A-LA-LEY-DEL-DEPORTE-1.pdf\" target=\"_blank\" rel=\"noreferrer noopener\">DECRETO 10-2017 &#8220;REFORMA A LA LEY NACIONAL PARA EL DESARROLLO DE LA CULTURA F\u00cdSICA Y EL DEPORTE&#8221; (Vigente para el a\u00f1o 2023) <\/a><\/td><\/tr><tr><td class=\"has-text-align-right\" data-align=\"right\"><a href=\"https:\/\/fedefutguate.gt\/informacionpublica\/wp-content\/uploads\/2023\/02\/MANUAL-DE-CLASE-DE-PUESTOS-Y-ESCALA-SALARIAL-Vigente-para-el-ano-2023.pdf\" target=\"_blank\" rel=\"noreferrer noopener\"><img loading=\"lazy\" decoding=\"async\" width=\"50\" height=\"58\" class=\"wp-image-266\" style=\"width: 50px;\" src=\"https:\/\/fedefutguate.gt\/informacionpublica\/wp-content\/uploads\/2022\/02\/pngaaa.com-2621310.png\" alt=\"\"><\/a><\/td><td><a href=\"https:\/\/fedefutguate.gt\/informacionpublica\/wp-content\/uploads\/2023\/02\/MANUAL-DE-CLASE-DE-PUESTOS-Y-ESCALA-SALARIAL-Vigente-para-el-ano-2023.pdf\" target=\"_blank\" rel=\"noreferrer noopener\">MANUAL DE CLASE DE PUESTOS Y ESCALA DE SALARIOS (Vigente para el a\u00f1o 2023)<\/a><\/td><\/tr><tr><td class=\"has-text-align-right\" data-align=\"right\"><a href=\"https:\/\/fedefutguate.gt\/informacionpublica\/wp-content\/uploads\/2023\/02\/MANUAL-DE-PUESTOS-Y-FUNCIONES-Vigente-para-el-ano-2023.pdf\" target=\"_blank\" rel=\"noreferrer noopener\"><img loading=\"lazy\" decoding=\"async\" width=\"50\" height=\"58\" class=\"wp-image-266\" style=\"width: 50px;\" src=\"https:\/\/fedefutguate.gt\/informacionpublica\/wp-content\/uploads\/2022\/02\/pngaaa.com-2621310.png\" alt=\"\"><\/a><\/td><td><a rel=\"noreferrer noopener\" href=\"https:\/\/fedefutguate.gt\/informacionpublica\/wp-content\/uploads\/2023\/02\/MANUAL-DE-PUESTOS-Y-FUNCIONES-Vigente-para-el-ano-2023.pdf\" target=\"_blank\">MANUAL DE PUESTOS Y FUNCIONES <\/a><a rel=\"noreferrer noopener\" href=\"https:\/\/fedefutguate.gt\/informacionpublica\/wp-content\/uploads\/2023\/02\/MANUAL-DE-PUESTOS-Y-FUNCIONES-Vigente-para-el-ano-2023.pdf\" target=\"_blank\">F<\/a><a rel=\"noreferrer noopener\" href=\"https:\/\/fedefutguate.gt\/informacionpublica\/wp-content\/uploads\/2023\/02\/MANUAL-DE-PUESTOS-Y-FUNCIONES-Vigente-para-el-ano-2023.pdf\" target=\"_blank\">E<\/a><a rel=\"noreferrer noopener\" href=\"https:\/\/fedefutguate.gt\/informacionpublica\/wp-content\/uploads\/2023\/02\/MANUAL-DE-PUESTOS-Y-FUNCIONES-Vigente-para-el-ano-2023.pdf\" target=\"_blank\">D<\/a><a rel=\"noreferrer noopener\" href=\"https:\/\/fedefutguate.gt\/informacionpublica\/wp-content\/uploads\/2023\/02\/MANUAL-DE-PUESTOS-Y-FUNCIONES-Vigente-para-el-ano-2023.pdf\" target=\"_blank\">E<\/a><a rel=\"noreferrer noopener\" href=\"https:\/\/fedefutguate.gt\/informacionpublica\/wp-content\/uploads\/2023\/02\/MANUAL-DE-PUESTOS-Y-FUNCIONES-Vigente-para-el-ano-2023.pdf\" target=\"_blank\">F<\/a><a rel=\"noreferrer noopener\" href=\"https:\/\/fedefutguate.gt\/informacionpublica\/wp-content\/uploads\/2023\/02\/MANUAL-DE-PUESTOS-Y-FUNCIONES-Vigente-para-el-ano-2023.pdf\" target=\"_blank\">U<\/a><a rel=\"noreferrer noopener\" href=\"https:\/\/fedefutguate.gt\/informacionpublica\/wp-content\/uploads\/2023\/02\/MANUAL-DE-PUESTOS-Y-FUNCIONES-Vigente-para-el-ano-2023.pdf\" target=\"_blank\">T<\/a><a rel=\"noreferrer noopener\" href=\"https:\/\/fedefutguate.gt\/informacionpublica\/wp-content\/uploads\/2023\/02\/MANUAL-DE-PUESTOS-Y-FUNCIONES-Vigente-para-el-ano-2023.pdf\" target=\"_blank\"> <\/a><a rel=\"noreferrer noopener\" href=\"https:\/\/fedefutguate.gt\/informacionpublica\/wp-content\/uploads\/2023\/02\/MANUAL-DE-PUESTOS-Y-FUNCIONES-Vigente-para-el-ano-2023.pdf\" target=\"_blank\">(Vigente hasta el 28 de febrero de 2023)<\/a><\/td><\/tr><tr><td class=\"has-text-align-right\" data-align=\"right\"><a href=\"https:\/\/fedefutguate.gt\/informacionpublica\/wp-content\/uploads\/2023\/03\/MANUAL-DE-PUESTOS-Y-FUNCIONES-2023.pdf\" target=\"_blank\" rel=\"noreferrer noopener\"><img loading=\"lazy\" decoding=\"async\" width=\"50\" height=\"58\" class=\"wp-image-266\" style=\"width: 50px;\" src=\"https:\/\/fedefutguate.gt\/informacionpublica\/wp-content\/uploads\/2022\/02\/pngaaa.com-2621310.png\" alt=\"\"><\/a><\/td><td><a rel=\"noreferrer noopener\" href=\"https:\/\/fedefutguate.gt\/informacionpublica\/wp-content\/uploads\/2023\/03\/MANUAL-DE-PUESTOS-Y-FUNCIONES-2023.pdf\" target=\"_blank\">MANUAL DE PUESTOS Y FUNCIONES FEDEFUT (Vigente hasta el 28 de abril de 2023)<\/a><\/td><\/tr><tr><td class=\"has-text-align-right\" data-align=\"right\"><a href=\"https:\/\/fedefutguate.gt\/informacionpublica\/wp-content\/uploads\/2023\/MANUAL DE PUESTOS Y FUNCIONES 2023-ABRIL.pdf\" target=\"_blank\" rel=\"noreferrer noopener\"><img loading=\"lazy\" decoding=\"async\" width=\"50\" height=\"58\" class=\"wp-image-266\" style=\"width: 50px;\" src=\"https:\/\/fedefutguate.gt\/informacionpublica\/wp-content\/uploads\/2022\/02\/pngaaa.com-2621310.png\" alt=\"\"><\/a><\/td><td><a rel=\"noreferrer noopener\" href=\"https:\/\/fedefutguate.gt\/informacionpublica\/wp-content\/uploads\/2023\/MANUAL DE PUESTOS Y FUNCIONES 2023-ABRIL.pdf\" target=\"_blank\">MANUAL DE PUESTOS Y FUNCIONES FEDEFUT (Vigente hasta el 16 de mayo de 2023)<\/a><\/td><\/tr><tr><td class=\"has-text-align-right\" data-align=\"right\"><a href=\"https:\/\/fedefutguate.gt\/informacionpublica\/wp-content\/uploads\/MANUAL DE PUESTOS Y FUNCIONES MAYO-2023.pdf\" target=\"_blank\" rel=\"noreferrer noopener\"><img loading=\"lazy\" decoding=\"async\" width=\"50\" height=\"58\" class=\"wp-image-266\" style=\"width: 50px;\" src=\"https:\/\/fedefutguate.gt\/informacionpublica\/wp-content\/uploads\/2022\/02\/pngaaa.com-2621310.png\" alt=\"\"><\/a><\/td><td><a rel=\"noreferrer noopener\" href=\"https:\/\/fedefutguate.gt\/informacionpublica\/wp-content\/uploads\/MANUAL DE PUESTOS Y FUNCIONES MAYO-2023.pdf\" target=\"_blank\">MANUAL DE PUESTOS Y FUNCIONES FEDEFUT (Vigente  hasta el 11 de julio de 2023)<\/a><\/td><\/tr><tr><td class=\"has-text-align-right\" data-align=\"right\"><a href=\"https:\/\/fedefutguate.gt\/informacionpublica\/wp-content\/uploads\/2023\/07\/MANUAL-DE-PUESTOS-Y-FUNCIONES-Vigente-12-07-2023.pdf\" target=\"_blank\" rel=\"noreferrer noopener\"><img loading=\"lazy\" decoding=\"async\" width=\"50\" height=\"58\" class=\"wp-image-266\" style=\"width: 50px;\" src=\"https:\/\/fedefutguate.gt\/informacionpublica\/wp-content\/uploads\/2022\/02\/pngaaa.com-2621310.png\" alt=\"\"><\/a><\/td><td><a rel=\"noreferrer noopener\" href=\"https:\/\/fedefutguate.gt\/informacionpublica\/wp-content\/uploads\/2023\/07\/MANUAL-DE-PUESTOS-Y-FUNCIONES-Vigente-12-07-2023.pdf\" target=\"_blank\">MANUAL DE PUESTOS Y FUNCIONES FEDEFUT (Vigente desde el 1<\/a><a href=\"https:\/\/fedefutguate.gt\/informacionpublica\/wp-content\/uploads\/2023\/07\/MANUAL-DE-PUESTOS-Y-FUNCIONES-Vigente-12-07-2023.pdf\" target=\"_blank\" rel=\"noreferrer noopener\">2<\/a><a rel=\"noreferrer noopener\" href=\"https:\/\/fedefutguate.gt\/informacionpublica\/wp-content\/uploads\/2023\/07\/MANUAL-DE-PUESTOS-Y-FUNCIONES-Vigente-12-07-2023.pdf\" target=\"_blank\"> de julio de 2023)<\/a><\/td><\/tr><tr><td class=\"has-text-align-right\" data-align=\"right\"><a href=\"https:\/\/fedefutguate.gt\/informacionpublica\/wp-content\/uploads\/2023\/02\/ACUERDO-CE-062-2020-Reglamento-Organico-Interno-vigente-para-el-ano-2023.pdf\" target=\"_blank\" rel=\"noreferrer noopener\"><img loading=\"lazy\" decoding=\"async\" width=\"50\" height=\"58\" class=\"wp-image-266\" style=\"width: 50px;\" src=\"https:\/\/fedefutguate.gt\/informacionpublica\/wp-content\/uploads\/2022\/02\/pngaaa.com-2621310.png\" alt=\"\"><\/a><a rel=\"noreferrer noopener\" href=\"https:\/\/fedefutguate.gt\/informacionpublica\/wp-content\/uploads\/2022\/02\/1.-Marco-Legal-FEDEFUT-actualizado-2.pdf\" target=\"_blank\"><\/a><\/td><td><a href=\"https:\/\/fedefutguate.gt\/informacionpublica\/wp-content\/uploads\/2023\/02\/ACUERDO-CE-062-2020-Reglamento-Organico-Interno-vigente-para-el-ano-2023.pdf\" target=\"_blank\" rel=\"noreferrer noopener\">REGLAMENTO ORG\u00c1NICO INTERNO -ROI- (Vigente para el a\u00f1o 2023)<\/a><\/td><\/tr><tr><td class=\"has-text-align-right\" data-align=\"right\"><a href=\"https:\/\/fedefutguate.gt\/informacionpublica\/wp-content\/uploads\/2023\/02\/Acuerdo-CE-021-2022-Codigo-Etico.pdf\" target=\"_blank\" rel=\"noreferrer noopener\"><img loading=\"lazy\" decoding=\"async\" width=\"50\" height=\"58\" class=\"wp-image-266\" style=\"width: 50px;\" src=\"https:\/\/fedefutguate.gt\/informacionpublica\/wp-content\/uploads\/2022\/02\/pngaaa.com-2621310.png\" alt=\"\"><\/a><\/td><td><a href=\"https:\/\/fedefutguate.gt\/informacionpublica\/wp-content\/uploads\/2023\/02\/Acuerdo-CE-021-2022-Codigo-Etico.pdf\" target=\"_blank\" rel=\"noreferrer noopener\">C\u00d3DIGO \u00c9TICO DE LA FEDERACI\u00d3N NACIONAL DE F\u00daTBOL DE GUATEMALA (Vigente para el a\u00f1o 2023)<\/a><\/td><\/tr><tr><td class=\"has-text-align-right\" data-align=\"right\"><a href=\"https:\/\/fedefutguate.gt\/informacionpublica\/wp-content\/uploads\/2023\/03\/ACUERDO-CE-32-2019-ARANCEL-DE-LA-UNIDAD-DE-ACCESO-A-LA-INFORMACION-PUBLICA-DE-LA-FEDEFUT-VIGENTE-2023.pdf\" target=\"_blank\" rel=\"noreferrer noopener\"><img loading=\"lazy\" decoding=\"async\" width=\"50\" height=\"58\" class=\"wp-image-266\" style=\"width: 50px;\" src=\"https:\/\/fedefutguate.gt\/informacionpublica\/wp-content\/uploads\/2022\/02\/pngaaa.com-2621310.png\" alt=\"\"><\/a><\/td><td><a rel=\"noreferrer noopener\" href=\"https:\/\/fedefutguate.gt\/informacionpublica\/wp-content\/uploads\/2023\/03\/ACUERDO-CE-32-2019-ARANCEL-DE-LA-UNIDAD-DE-ACCESO-A-LA-INFORMACION-PUBLICA-DE-LA-FEDEFUT-VIGENTE-2023.pdf\" target=\"_blank\">Acuerdo CE-32-2019 ARANCEL DE INFORMACI\u00d3N P\u00daBLICA (Vigente para el a\u00f1o 2023)<\/a><\/td><\/tr><tr><td class=\"has-text-align-right\" data-align=\"right\"><a href=\"https:\/\/fedefutguate.gt\/informacionpublica\/wp-content\/uploads\/2023\/06\/REGLAMENTO-INTERIOR-DE-TRABAJO-FEDEFUT-2023.pdf\" target=\"_blank\" rel=\"noreferrer noopener\"><img loading=\"lazy\" decoding=\"async\" width=\"50\" height=\"58\" class=\"wp-image-266\" style=\"width: 50px;\" src=\"https:\/\/fedefutguate.gt\/informacionpublica\/wp-content\/uploads\/2022\/02\/pngaaa.com-2621310.png\" alt=\"\"><\/a><\/td><td><a href=\"https:\/\/fedefutguate.gt\/informacionpublica\/wp-content\/uploads\/2023\/06\/REGLAMENTO-INTERIOR-DE-TRABAJO-FEDEFUT-2023.pdf\" target=\"_blank\" rel=\"noreferrer noopener\">REGLAMENTO INTERIOR DE TRABAJO DE LA FEDERACI\u00d3N NACIONAL DE F\u00daTBOL DE GUATEMALA<\/a><\/td><\/tr><tr><td class=\"has-text-align-right\" data-align=\"right\"><a href=\"https:\/\/fedefutguate.gt\/informacionpublica\/wp-content\/uploads\/2023\/06\/REGLAMENTO-CONCESION-DE-LICENCIAS-A-LOS-CLUBES-1.pdf\" target=\"_blank\" rel=\"noreferrer noopener\"><img loading=\"lazy\" decoding=\"async\" width=\"50\" height=\"58\" class=\"wp-image-266\" style=\"width: 50px;\" src=\"https:\/\/fedefutguate.gt\/informacionpublica\/wp-content\/uploads\/2022\/02\/pngaaa.com-2621310.png\" alt=\"\"><\/a><\/td><td><a href=\"https:\/\/fedefutguate.gt\/informacionpublica\/wp-content\/uploads\/2023\/06\/REGLAMENTO-CONCESION-DE-LICENCIAS-A-LOS-CLUBES-1.pdf\" target=\"_blank\" rel=\"noreferrer noopener\">REGLAMENTO SOBRE LA CONCESI\u00d3N DE LICENCIAS A LOS CLUBES DE LA FEDERACI\u00d3N NACIONAL DE F\u00daTBOL DE GUATEMALA<\/a><\/td><\/tr><\/tbody><\/table><\/figure>\n","protected":false},"excerpt":{"rendered":"<p>Estructura org\u00e1nica y funciones de cada una de las dependencias y departamentos, incluyendo su marco normativo. Art\u00edculo 10, numeral 1 de la Ley de Acceso a la Informaci\u00f3n P\u00fablica ORGANIGRAMA FEDERACI\u00d3N NACIONAL DE F\u00daTBOL DE GUATEMALA (Vigente hasta el 28 de febrero 2023) ORGANIGRAMA FEDERACI\u00d3N NACIONAL DE F\u00daTBOL DE GUATEMALA (Vigente hasta el 16 de &#8230; <a title=\"Estructura Org\u00e1nica, Funciones y Marco Normativo -2023-\" class=\"read-more\" href=\"https:\/\/fedefutguate.gt\/informacionpublica\/2023-estructura-organica-funciones-y-marco-normativo\/\" aria-label=\"Read more about Estructura Org\u00e1nica, Funciones y Marco Normativo -2023-\">Read more<\/a><\/p>\n","protected":false},"author":1,"featured_media":0,"parent":0,"menu_order":0,"comment_status":"closed","ping_status":"closed","template":"","meta":{"footnotes":""},"class_list":["post-2216","page","type-page","status-publish"],"_links":{"self":[{"href":"https:\/\/fedefutguate.gt\/informacionpublica\/wp-json\/wp\/v2\/pages\/2216","targetHints":{"allow":["GET"]}}],"collection":[{"href":"https:\/\/fedefutguate.gt\/informacionpublica\/wp-json\/wp\/v2\/pages"}],"about":[{"href":"https:\/\/fedefutguate.gt\/informacionpublica\/wp-json\/wp\/v2\/types\/page"}],"author":[{"embeddable":true,"href":"https:\/\/fedefutguate.gt\/informacionpublica\/wp-json\/wp\/v2\/users\/1"}],"replies":[{"embeddable":true,"href":"https:\/\/fedefutguate.gt\/informacionpublica\/wp-json\/wp\/v2\/comments?post=2216"}],"version-history":[{"count":20,"href":"https:\/\/fedefutguate.gt\/informacionpublica\/wp-json\/wp\/v2\/pages\/2216\/revisions"}],"predecessor-version":[{"id":3997,"href":"https:\/\/fedefutguate.gt\/informacionpublica\/wp-json\/wp\/v2\/pages\/2216\/revisions\/3997"}],"wp:attachment":[{"href":"https:\/\/fedefutguate.gt\/informacionpublica\/wp-json\/wp\/v2\/media?parent=2216"}],"curies":[{"name":"wp","href":"https:\/\/api.w.org\/{rel}","templated":true}]}}