{"id":2219,"date":"2023-02-09T22:29:36","date_gmt":"2023-02-09T21:29:36","guid":{"rendered":"https:\/\/fedefutguate.gt\/informacionpublica\/?page_id=2219"},"modified":"2024-01-26T18:08:16","modified_gmt":"2024-01-26T17:08:16","slug":"2023-direcciones-y-telefonos","status":"publish","type":"page","link":"https:\/\/fedefutguate.gt\/informacionpublica\/2023-direcciones-y-telefonos\/","title":{"rendered":"Direcciones y Tel\u00e9fonos -2023-"},"content":{"rendered":"\n<p class=\"has-contrast-2-color has-text-color\">Direcci\u00f3n y tel\u00e9fonos de la entidad y de todas las dependencias que la conforman.<\/p>\n\n\n\n<p>Art\u00edculo 10, numeral 2 de la Ley de Acceso a la Informaci\u00f3n P\u00fablica.<\/p>\n\n\n\n<figure class=\"wp-block-table is-style-stripes has-small-font-size\"><table><tbody><tr><td class=\"has-text-align-right\" data-align=\"right\"><a href=\"https:\/\/fedefutguate.gt\/informacionpublica\/wp-content\/uploads\/2023\/02\/Contacto-FEDEFUT.pdf\" target=\"_blank\" rel=\"noreferrer noopener\"><img loading=\"lazy\" decoding=\"async\" width=\"50\" height=\"58\" class=\"wp-image-266\" style=\"width: 50px;\" src=\"https:\/\/fedefutguate.gt\/informacionpublica\/wp-content\/uploads\/2022\/02\/pngaaa.com-2621310.png\" alt=\"\"><\/a><\/td><td><a rel=\"noreferrer noopener\" href=\"https:\/\/fedefutguate.gt\/informacionpublica\/wp-content\/uploads\/2023\/02\/Contacto-FEDEFUT.pdf\" target=\"_blank\">Direcci\u00f3n y Tel\u00e9fono Sede Central  de la Federaci\u00f3n Nacional de F\u00fatbol de Guatemala (VIGENTE 2023)<\/a><\/td><\/tr><tr><td class=\"has-text-align-right\" data-align=\"right\"><a href=\"https:\/\/fedefutguate.gt\/informacionpublica\/wp-content\/uploads\/2023\/02\/CONTACTO-COMITE-EJECUTIVO-2022.pdf\" target=\"_blank\" rel=\"noreferrer noopener\"><img loading=\"lazy\" decoding=\"async\" width=\"50\" height=\"58\" class=\"wp-image-266\" style=\"width: 50px;\" src=\"https:\/\/fedefutguate.gt\/informacionpublica\/wp-content\/uploads\/2022\/02\/pngaaa.com-2621310.png\" alt=\"\"><\/a><\/td><td><a href=\"https:\/\/fedefutguate.gt\/informacionpublica\/wp-content\/uploads\/2023\/02\/CONTACTO-COMITE-EJECUTIVO-2022.pdf\" target=\"_blank\" rel=\"noreferrer noopener\">Contacto Comit\u00e9  Ejecutivo de la Federaci\u00f3n Nacional de F\u00fatbol de Guatemala (VIGENTE 2023) <\/a><\/td><\/tr><tr><td class=\"has-text-align-right\" data-align=\"right\"><a href=\"https:\/\/fedefutguate.gt\/informacionpublica\/wp-content\/uploads\/2023\/02\/Directorio-de-Asociaciones-Deportivas-Departamentales-VIGENTE-2023-1.pdf\" target=\"_blank\" rel=\"noreferrer noopener\"><img loading=\"lazy\" decoding=\"async\" width=\"50\" height=\"58\" class=\"wp-image-266\" style=\"width: 50px;\" src=\"https:\/\/fedefutguate.gt\/informacionpublica\/wp-content\/uploads\/2022\/02\/pngaaa.com-2621310.png\" alt=\"\"><\/a><\/td><td><a href=\"https:\/\/fedefutguate.gt\/informacionpublica\/wp-content\/uploads\/2023\/02\/Directorio-de-Asociaciones-Deportivas-Departamentales-VIGENTE-2023-1.pdf\">Directorio de Asociaciones Deportivas Departamentales (VIGENTE 2023)<\/a><\/td><\/tr><tr><td class=\"has-text-align-right\" data-align=\"right\"><a href=\"https:\/\/fedefutguate.gt\/informacionpublica\/wp-content\/uploads\/2023\/02\/DIRECTORIO-LIGAS.pdf\" target=\"_blank\" rel=\"noreferrer noopener\"><img loading=\"lazy\" decoding=\"async\" width=\"50\" height=\"58\" class=\"wp-image-266\" style=\"width: 50px;\" src=\"https:\/\/fedefutguate.gt\/informacionpublica\/wp-content\/uploads\/2022\/02\/pngaaa.com-2621310.png\" alt=\"\"><\/a><\/td><td><a rel=\"noreferrer noopener\" href=\"https:\/\/fedefutguate.gt\/informacionpublica\/wp-content\/uploads\/2023\/02\/DIRECTORIO-LIGAS.pdf\" target=\"_blank\">Directorio Ligas Afiliadas a la Federaci\u00f3n Nacional de F\u00fatbol de Guatemala (VIGENTE 202<\/a><a href=\"https:\/\/fedefutguate.gt\/informacionpublica\/wp-content\/uploads\/2023\/02\/DIRECTORIO-LIGAS.pdf\" target=\"_blank\" rel=\"noreferrer noopener\">3<\/a><a rel=\"noreferrer noopener\" href=\"https:\/\/fedefutguate.gt\/informacionpublica\/wp-content\/uploads\/2023\/02\/DIRECTORIO-LIGAS.pdf\" target=\"_blank\">)<\/a><\/td><\/tr><tr><td class=\"has-text-align-right\" data-align=\"right\"><\/td><td><\/td><\/tr><tr><td class=\"has-text-align-right\" data-align=\"right\"><\/td><td><\/td><\/tr><tr><td class=\"has-text-align-right\" data-align=\"right\"><a href=\"https:\/\/fedefutguate.gt\/informacionpublica\/wp-content\/uploads\/2023\/02\/DIRECTORIO-DE-LA-ENTIDAD-Y-DEPENDENCIAS-DE-LA-FEDEDUT-ENERO-2023.pdf\" target=\"_blank\" rel=\"noreferrer noopener\"><img loading=\"lazy\" decoding=\"async\" width=\"50\" height=\"58\" class=\"wp-image-266\" style=\"width: 50px;\" src=\"https:\/\/fedefutguate.gt\/informacionpublica\/wp-content\/uploads\/2022\/02\/pngaaa.com-2621310.png\" alt=\"\"><\/a><\/td><td><a rel=\"noreferrer noopener\" href=\"https:\/\/fedefutguate.gt\/informacionpublica\/wp-content\/uploads\/2023\/02\/DIRECTORIO-DE-LA-ENTIDAD-Y-DEPENDENCIAS-DE-LA-FEDEDUT-ENERO-2023.pdf\" target=\"_blank\">Directorio de la Entidad y Dependencias de la Federaci\u00f3n Nacional de F\u00fatbol de Guatemala (ENERO 2023)<\/a><\/td><\/tr><tr><td class=\"has-text-align-right\" data-align=\"right\"><a href=\"https:\/\/fedefutguate.gt\/informacionpublica\/wp-content\/uploads\/2023\/03\/DIRECTORIO-DE-LA-ENTIDAD-Y-DEPENDENCIAS-DE-LA-FEDEDUT-FEBRERO-2023.pdf\" target=\"_blank\" rel=\"noreferrer noopener\"><img loading=\"lazy\" decoding=\"async\" width=\"50\" height=\"58\" class=\"wp-image-266\" style=\"width: 50px;\" src=\"https:\/\/fedefutguate.gt\/informacionpublica\/wp-content\/uploads\/2022\/02\/pngaaa.com-2621310.png\" alt=\"\"><\/a><\/td><td><a href=\"https:\/\/fedefutguate.gt\/informacionpublica\/wp-content\/uploads\/2023\/03\/DIRECTORIO-DE-LA-ENTIDAD-Y-DEPENDENCIAS-DE-LA-FEDEDUT-FEBRERO-2023.pdf\" target=\"_blank\" rel=\"noreferrer noopener\">Directorio de la Entidad y Dependencias de la Federaci\u00f3n Nacional de F\u00fatbol de Guatemala (FEBRERO 2023)<\/a><\/td><\/tr><tr><td class=\"has-text-align-right\" data-align=\"right\"><a href=\"https:\/\/fedefutguate.gt\/informacionpublica\/wp-content\/uploads\/2023\/04\/DIRECTORIO-DE-LA-ENTIDAD-Y-DEPENDENCIAS-DE-LA-FEDEDUT-MARZO-2023.pdf\" target=\"_blank\" rel=\"noreferrer noopener\"><img loading=\"lazy\" decoding=\"async\" width=\"50\" height=\"58\" class=\"wp-image-266\" style=\"width: 50px;\" src=\"https:\/\/fedefutguate.gt\/informacionpublica\/wp-content\/uploads\/2022\/02\/pngaaa.com-2621310.png\" alt=\"\"><\/a><\/td><td><a href=\"https:\/\/fedefutguate.gt\/informacionpublica\/wp-content\/uploads\/2023\/04\/DIRECTORIO-DE-LA-ENTIDAD-Y-DEPENDENCIAS-DE-LA-FEDEDUT-MARZO-2023.pdf\" target=\"_blank\" rel=\"noreferrer noopener\">Directorio de la Entidad y Dependencias de la Federaci\u00f3n Nacional de F\u00fatbol de Guatemala (MARZO 2023)<\/a><\/td><\/tr><tr><td class=\"has-text-align-right\" data-align=\"right\"><a href=\"https:\/\/fedefutguate.gt\/informacionpublica\/wp-content\/uploads\/2023\/05\/DIRECTORIO-DE-LA-ENTIDAD-Y-DEPENDENCIAS-DE-LA-FEDEDUT-ABRIL-2023.pdf\" target=\"_blank\" rel=\"noreferrer noopener\"><img loading=\"lazy\" decoding=\"async\" width=\"50\" height=\"58\" class=\"wp-image-266\" style=\"width: 50px;\" src=\"https:\/\/fedefutguate.gt\/informacionpublica\/wp-content\/uploads\/2022\/02\/pngaaa.com-2621310.png\" alt=\"\"><\/a><\/td><td><a href=\"https:\/\/fedefutguate.gt\/informacionpublica\/wp-content\/uploads\/2023\/05\/DIRECTORIO-DE-LA-ENTIDAD-Y-DEPENDENCIAS-DE-LA-FEDEDUT-ABRIL-2023.pdf\" target=\"_blank\" rel=\"noreferrer noopener\">Directorio de la Entidad y Dependencias de la Federaci\u00f3n Nacional de F\u00fatbol de Guatemala (ABRIL 2023)<\/a><\/td><\/tr><tr><td class=\"has-text-align-right\" data-align=\"right\"><a href=\"https:\/\/fedefutguate.gt\/informacionpublica\/wp-content\/uploads\/2023\/06\/DIRECTORIO-DE-LA-ENTIDAD-Y-DEPENDENCIAS-DE-LA-FEDEDUT-MAYO-2023.pdf\" target=\"_blank\" rel=\"noreferrer noopener\"><img loading=\"lazy\" decoding=\"async\" width=\"50\" height=\"58\" class=\"wp-image-266\" style=\"width: 50px;\" src=\"https:\/\/fedefutguate.gt\/informacionpublica\/wp-content\/uploads\/2022\/02\/pngaaa.com-2621310.png\" alt=\"\"><\/a><\/td><td><a href=\"https:\/\/fedefutguate.gt\/informacionpublica\/wp-content\/uploads\/2023\/06\/DIRECTORIO-DE-LA-ENTIDAD-Y-DEPENDENCIAS-DE-LA-FEDEDUT-MAYO-2023.pdf\" target=\"_blank\" rel=\"noreferrer noopener\">Directorio de la Entidad y Dependencias de la Federaci\u00f3n Nacional de F\u00fatbol de Guatemala (MAYO 2023)<\/a><\/td><\/tr><tr><td class=\"has-text-align-right\" data-align=\"right\"><a href=\"https:\/\/fedefutguate.gt\/informacionpublica\/wp-content\/uploads\/2023\/07\/DIRECTORIO-DE-LA-ENTIDAD-Y-DEPENDENCIAS-DE-LA-FEDEDUT-JUNIO-2023.pdf\" target=\"_blank\" rel=\"noreferrer noopener\"><img loading=\"lazy\" decoding=\"async\" width=\"50\" height=\"58\" class=\"wp-image-266\" style=\"width: 50px;\" src=\"https:\/\/fedefutguate.gt\/informacionpublica\/wp-content\/uploads\/2022\/02\/pngaaa.com-2621310.png\" alt=\"\"><\/a><\/td><td><a href=\"https:\/\/fedefutguate.gt\/informacionpublica\/wp-content\/uploads\/2023\/07\/DIRECTORIO-DE-LA-ENTIDAD-Y-DEPENDENCIAS-DE-LA-FEDEDUT-JUNIO-2023.pdf\" target=\"_blank\" rel=\"noreferrer noopener\">Directorio de la Entidad y Dependencias de la Federaci\u00f3n Nacional de F\u00fatbol de Guatemala (JUNIO 2023)<\/a><\/td><\/tr><tr><td class=\"has-text-align-right\" data-align=\"right\"><a href=\"https:\/\/fedefutguate.gt\/informacionpublica\/wp-content\/uploads\/2023\/08\/DIRECTORIO-DE-LA-ENTIDAD-Y-DEPENDENCIAS-DE-LA-FEDEDUT-JULIO-2023.pdf\" target=\"_blank\" rel=\"noreferrer noopener\"><img loading=\"lazy\" decoding=\"async\" width=\"50\" height=\"58\" class=\"wp-image-266\" style=\"width: 50px;\" src=\"https:\/\/fedefutguate.gt\/informacionpublica\/wp-content\/uploads\/2022\/02\/pngaaa.com-2621310.png\" alt=\"\"><\/a><\/td><td><a href=\"https:\/\/fedefutguate.gt\/informacionpublica\/wp-content\/uploads\/2023\/08\/DIRECTORIO-DE-LA-ENTIDAD-Y-DEPENDENCIAS-DE-LA-FEDEDUT-JULIO-2023.pdf\" target=\"_blank\" rel=\"noreferrer noopener\">Directorio de la Entidad y Dependencias de la Federaci\u00f3n Nacional de F\u00fatbol de Guatemala (JULIO 2023)<\/a><\/td><\/tr><tr><td class=\"has-text-align-right\" data-align=\"right\"><a href=\"https:\/\/fedefutguate.gt\/informacionpublica\/wp-content\/uploads\/2023\/09\/DIRECTORIO-DE-LA-ENTIDAD-Y-DEPENDENCIAS-DE-LA-FEDEDUT-AGOSTO-2023.pdf\"><img loading=\"lazy\" decoding=\"async\" width=\"50\" height=\"58\" class=\"wp-image-266\" style=\"width: 50px;\" src=\"https:\/\/fedefutguate.gt\/informacionpublica\/wp-content\/uploads\/2022\/02\/pngaaa.com-2621310.png\" alt=\"\"><\/a><\/td><td><a href=\"https:\/\/fedefutguate.gt\/informacionpublica\/wp-content\/uploads\/2023\/09\/DIRECTORIO-DE-LA-ENTIDAD-Y-DEPENDENCIAS-DE-LA-FEDEDUT-AGOSTO-2023.pdf\"><br>Directorio de la Entidad y Dependencias de la Federaci\u00f3n Nacional de F\u00fatbol de Guatemala (AGOSTO 2023)<\/a><\/td><\/tr><tr><td class=\"has-text-align-right\" data-align=\"right\"><a href=\"https:\/\/fedefutguate.gt\/informacionpublica\/wp-content\/uploads\/2023\/10\/DIRECTORIO-DE-LA-ENTIDAD-Y-DEPENDENCIAS-DE-LA-FEDEDUT-SEPTIEMBRE-2023.pdf\"><img loading=\"lazy\" decoding=\"async\" width=\"50\" height=\"58\" class=\"wp-image-266\" style=\"width: 50px;\" src=\"https:\/\/fedefutguate.gt\/informacionpublica\/wp-content\/uploads\/2022\/02\/pngaaa.com-2621310.png\" alt=\"\"><\/a><\/td><td><a href=\"https:\/\/fedefutguate.gt\/informacionpublica\/wp-content\/uploads\/2023\/10\/DIRECTORIO-DE-LA-ENTIDAD-Y-DEPENDENCIAS-DE-LA-FEDEDUT-SEPTIEMBRE-2023.pdf\">Directorio de la Entidad y Dependencias de la Federaci\u00f3n Nacional de F\u00fatbol de Guatemala (SEPTIEMBRE 2023)<\/a><\/td><\/tr><tr><td class=\"has-text-align-right\" data-align=\"right\"><a href=\"https:\/\/fedefutguate.gt\/informacionpublica\/wp-content\/uploads\/2023\/11\/DIRECTORIO-DE-LA-ENTIDAD-Y-DEPENDENCIAS-DE-LA-FEDEDUT-OCTUBRE-2023.pdf\"><img loading=\"lazy\" decoding=\"async\" width=\"50\" height=\"58\" class=\"wp-image-266\" style=\"width: 50px;\" src=\"https:\/\/fedefutguate.gt\/informacionpublica\/wp-content\/uploads\/2022\/02\/pngaaa.com-2621310.png\" alt=\"\"><\/a><\/td><td><a href=\"https:\/\/fedefutguate.gt\/informacionpublica\/wp-content\/uploads\/2023\/11\/DIRECTORIO-DE-LA-ENTIDAD-Y-DEPENDENCIAS-DE-LA-FEDEDUT-OCTUBRE-2023.pdf\">Directorio de la Entidad y Dependencias de la Federaci\u00f3n Nacional de F\u00fatbol de Guatemala (OCTUBRE 2023)<\/a><\/td><\/tr><tr><td class=\"has-text-align-right\" data-align=\"right\"><a href=\"https:\/\/fedefutguate.gt\/informacionpublica\/wp-content\/uploads\/2023\/12\/DIRECTORIO-DE-LA-ENTIDAD-Y-DEPENDENCIAS-DE-LA-FEDEDUT-NOVIEMBRE-2023.pdf\" target=\"_blank\" rel=\"noreferrer noopener\"><img loading=\"lazy\" decoding=\"async\" width=\"50\" height=\"58\" class=\"wp-image-266\" style=\"width: 50px;\" src=\"https:\/\/fedefutguate.gt\/informacionpublica\/wp-content\/uploads\/2022\/02\/pngaaa.com-2621310.png\" alt=\"\"><\/a><\/td><td><br><a href=\"https:\/\/fedefutguate.gt\/informacionpublica\/wp-content\/uploads\/2023\/12\/DIRECTORIO-DE-LA-ENTIDAD-Y-DEPENDENCIAS-DE-LA-FEDEDUT-NOVIEMBRE-2023.pdf\" target=\"_blank\" rel=\"noreferrer noopener\">Directorio de la Entidad y Dependencias de la Federaci\u00f3n Nacional de F\u00fatbol de Guatemala (NOVIEMBRE 2023)<\/a><\/td><\/tr><tr><td class=\"has-text-align-right\" data-align=\"right\"><a href=\"https:\/\/fedefutguate.gt\/informacionpublica\/wp-content\/uploads\/2024\/01\/DIRECTORIO-DE-LA-ENTIDAD-Y-DEPENDENCIAS-DE-LA-FEDEDUT-DICIEMBRE-2023.pdf\" target=\"_blank\" rel=\"noreferrer noopener\"><img loading=\"lazy\" decoding=\"async\" width=\"50\" height=\"58\" class=\"wp-image-266\" style=\"width: 50px;\" src=\"https:\/\/fedefutguate.gt\/informacionpublica\/wp-content\/uploads\/2022\/02\/pngaaa.com-2621310.png\" alt=\"\"><\/a><\/td><td><a href=\"https:\/\/fedefutguate.gt\/informacionpublica\/wp-content\/uploads\/2024\/01\/DIRECTORIO-DE-LA-ENTIDAD-Y-DEPENDENCIAS-DE-LA-FEDEDUT-DICIEMBRE-2023.pdf\" target=\"_blank\" rel=\"noreferrer noopener\">Directorio de la Entidad y Dependencias de la Federaci\u00f3n Nacional de F\u00fatbol de Guatemala (DICIEMBRE 2023)<\/a><\/td><\/tr><\/tbody><\/table><\/figure>\n\n\n\n<p><\/p>\n","protected":false},"excerpt":{"rendered":"<p>Direcci\u00f3n y tel\u00e9fonos de la entidad y de todas las dependencias que la conforman. Art\u00edculo 10, numeral 2 de la Ley de Acceso a la Informaci\u00f3n P\u00fablica. Direcci\u00f3n y Tel\u00e9fono Sede Central de la Federaci\u00f3n Nacional de F\u00fatbol de Guatemala (VIGENTE 2023) Contacto Comit\u00e9 Ejecutivo de la Federaci\u00f3n Nacional de F\u00fatbol de Guatemala (VIGENTE 2023) &#8230; <a title=\"Direcciones y Tel\u00e9fonos -2023-\" class=\"read-more\" href=\"https:\/\/fedefutguate.gt\/informacionpublica\/2023-direcciones-y-telefonos\/\" aria-label=\"Read more about Direcciones y Tel\u00e9fonos -2023-\">Read more<\/a><\/p>\n","protected":false},"author":1,"featured_media":0,"parent":0,"menu_order":0,"comment_status":"closed","ping_status":"closed","template":"","meta":{"footnotes":""},"class_list":["post-2219","page","type-page","status-publish"],"_links":{"self":[{"href":"https:\/\/fedefutguate.gt\/informacionpublica\/wp-json\/wp\/v2\/pages\/2219","targetHints":{"allow":["GET"]}}],"collection":[{"href":"https:\/\/fedefutguate.gt\/informacionpublica\/wp-json\/wp\/v2\/pages"}],"about":[{"href":"https:\/\/fedefutguate.gt\/informacionpublica\/wp-json\/wp\/v2\/types\/page"}],"author":[{"embeddable":true,"href":"https:\/\/fedefutguate.gt\/informacionpublica\/wp-json\/wp\/v2\/users\/1"}],"replies":[{"embeddable":true,"href":"https:\/\/fedefutguate.gt\/informacionpublica\/wp-json\/wp\/v2\/comments?post=2219"}],"version-history":[{"count":17,"href":"https:\/\/fedefutguate.gt\/informacionpublica\/wp-json\/wp\/v2\/pages\/2219\/revisions"}],"predecessor-version":[{"id":3828,"href":"https:\/\/fedefutguate.gt\/informacionpublica\/wp-json\/wp\/v2\/pages\/2219\/revisions\/3828"}],"wp:attachment":[{"href":"https:\/\/fedefutguate.gt\/informacionpublica\/wp-json\/wp\/v2\/media?parent=2219"}],"curies":[{"name":"wp","href":"https:\/\/api.w.org\/{rel}","templated":true}]}}