{"id":223,"date":"2022-02-08T00:44:08","date_gmt":"2022-02-07T23:44:08","guid":{"rendered":"https:\/\/fedefutguate.gt\/informacionpublica\/?page_id=223"},"modified":"2023-05-22T16:15:46","modified_gmt":"2023-05-22T14:15:46","slug":"ley-de-presupuesto","status":"publish","type":"page","link":"https:\/\/fedefutguate.gt\/informacionpublica\/ley-de-presupuesto\/","title":{"rendered":"Decreto 25 2018"},"content":{"rendered":"\n<p><\/p>\n\n\n\n<p><a href=\"https:\/\/fedefutguate.gt\/informacionpublica\/ley-del-presupuesto-16-2021\/\">Consultar Decreto 16 2021<\/a><\/p>\n\n\n\n<figure class=\"wp-block-table\"><table class=\"has-fixed-layout\"><tbody><tr><td class=\"has-text-align-center\" data-align=\"center\"><a href=\"https:\/\/fedefutguate.gt\/informacionpublica\/informe-de-ejecucion-presupuestaria\/\"><img loading=\"lazy\" decoding=\"async\" width=\"128\" height=\"128\" class=\"wp-image-263\" style=\"width: 128px;\" src=\"https:\/\/fedefutguate.gt\/informacionpublica\/wp-content\/uploads\/2022\/02\/580b57fcd9996e24bc43c4c5.png\" alt=\"\"><\/a><\/td><td class=\"has-text-align-center\" data-align=\"center\"><a href=\"https:\/\/fedefutguate.gt\/informacionpublica\/transparencia-y-eficiencia-del-gasto-publico\/\"><img loading=\"lazy\" decoding=\"async\" width=\"128\" height=\"128\" class=\"wp-image-263\" style=\"width: 128px;\" src=\"https:\/\/fedefutguate.gt\/informacionpublica\/wp-content\/uploads\/2022\/02\/580b57fcd9996e24bc43c4c5.png\" alt=\"\"><\/a><\/td><\/tr><tr><td class=\"has-text-align-center\" data-align=\"center\"><a href=\"https:\/\/fedefutguate.gt\/informacionpublica\/informe-de-ejecucion-presupuestaria\/\">Art\u00edculo 10. Informe de ejecuci\u00f3n presupuestaria<\/a><\/td><td class=\"has-text-align-center\" data-align=\"center\"><a href=\"https:\/\/fedefutguate.gt\/informacionpublica\/transparencia-y-eficiencia-del-gasto-publico\/\">Art\u00edculo 19. Transparencia y eficiencia del gasto p\u00fablico<\/a><\/td><\/tr><tr><td class=\"has-text-align-center\" data-align=\"center\"><img loading=\"lazy\" decoding=\"async\" width=\"32\" height=\"32\" class=\"wp-image-257\" style=\"width: 32px;\" src=\"https:\/\/fedefutguate.gt\/informacionpublica\/wp-content\/uploads\/2022\/02\/square.png\" alt=\"\"><\/td><td class=\"has-text-align-center\" data-align=\"center\"><\/td><\/tr><tr><td class=\"has-text-align-center\" data-align=\"center\"><a href=\"https:\/\/fedefutguate.gt\/informacionpublica\/obligatoriedad-de-detallar-las-especificaciones-de-los-gastos-a-traves-de-comprobante-unico-de-registro\/\"><img loading=\"lazy\" decoding=\"async\" width=\"128\" height=\"128\" class=\"wp-image-263\" style=\"width: 128px;\" src=\"https:\/\/fedefutguate.gt\/informacionpublica\/wp-content\/uploads\/2022\/02\/580b57fcd9996e24bc43c4c5.png\" alt=\"\"><\/a><\/td><td class=\"has-text-align-center\" data-align=\"center\"><a href=\"https:\/\/fedefutguate.gt\/informacionpublica\/ejecucion-fisica-de-inversion\/\"><img loading=\"lazy\" decoding=\"async\" width=\"128\" height=\"128\" class=\"wp-image-263\" style=\"width: 128px;\" src=\"https:\/\/fedefutguate.gt\/informacionpublica\/wp-content\/uploads\/2022\/02\/580b57fcd9996e24bc43c4c5.png\" alt=\"\"><\/a><\/td><\/tr><tr><td class=\"has-text-align-center\" data-align=\"center\"><a href=\"https:\/\/fedefutguate.gt\/informacionpublica\/obligatoriedad-de-detallar-las-especificaciones-de-los-gastos-a-traves-de-comprobante-unico-de-registro\/\">Art\u00edculo 39.<br>Obligatoriedad de detallar las especificaciones de los gastos a trav\u00e9s de comprobante \u00fanico de registro<\/a><\/td><td class=\"has-text-align-center\" data-align=\"center\"><a href=\"https:\/\/fedefutguate.gt\/informacionpublica\/ejecucion-fisica-de-inversion\/\">Art\u00edculo 74. Ejecuci\u00f3n f\u00edsica de inversi\u00f3n<\/a><\/td><\/tr><\/tbody><\/table><\/figure>\n\n\n\n<p><\/p>\n","protected":false},"excerpt":{"rendered":"<p>Consultar Decreto 16 2021 Art\u00edculo 10. Informe de ejecuci\u00f3n presupuestaria Art\u00edculo 19. Transparencia y eficiencia del gasto p\u00fablico Art\u00edculo 39.Obligatoriedad de detallar las especificaciones de los gastos a trav\u00e9s de comprobante \u00fanico de registro Art\u00edculo 74. Ejecuci\u00f3n f\u00edsica de inversi\u00f3n<\/p>\n","protected":false},"author":1,"featured_media":0,"parent":0,"menu_order":0,"comment_status":"closed","ping_status":"closed","template":"","meta":{"footnotes":""},"class_list":["post-223","page","type-page","status-publish"],"_links":{"self":[{"href":"https:\/\/fedefutguate.gt\/informacionpublica\/wp-json\/wp\/v2\/pages\/223","targetHints":{"allow":["GET"]}}],"collection":[{"href":"https:\/\/fedefutguate.gt\/informacionpublica\/wp-json\/wp\/v2\/pages"}],"about":[{"href":"https:\/\/fedefutguate.gt\/informacionpublica\/wp-json\/wp\/v2\/types\/page"}],"author":[{"embeddable":true,"href":"https:\/\/fedefutguate.gt\/informacionpublica\/wp-json\/wp\/v2\/users\/1"}],"replies":[{"embeddable":true,"href":"https:\/\/fedefutguate.gt\/informacionpublica\/wp-json\/wp\/v2\/comments?post=223"}],"version-history":[{"count":10,"href":"https:\/\/fedefutguate.gt\/informacionpublica\/wp-json\/wp\/v2\/pages\/223\/revisions"}],"predecessor-version":[{"id":1891,"href":"https:\/\/fedefutguate.gt\/informacionpublica\/wp-json\/wp\/v2\/pages\/223\/revisions\/1891"}],"wp:attachment":[{"href":"https:\/\/fedefutguate.gt\/informacionpublica\/wp-json\/wp\/v2\/media?parent=223"}],"curies":[{"name":"wp","href":"https:\/\/api.w.org\/{rel}","templated":true}]}}