{"id":2230,"date":"2023-02-09T22:39:42","date_gmt":"2023-02-09T21:39:42","guid":{"rendered":"https:\/\/fedefutguate.gt\/informacionpublica\/?page_id=2230"},"modified":"2024-02-13T21:30:14","modified_gmt":"2024-02-13T20:30:14","slug":"2023-mision-objetivos-plan-operativo-anual-y-resultados-obtenidos-en-el-cumplimiento-de-los-mismos","status":"publish","type":"page","link":"https:\/\/fedefutguate.gt\/informacionpublica\/2023-mision-objetivos-plan-operativo-anual-y-resultados-obtenidos-en-el-cumplimiento-de-los-mismos\/","title":{"rendered":"MISI\u00d3N, OBJETIVOS, PLAN OPERATIVO ANUAL Y RESULTADOS OBTENIDOS EN EL CUMPLIMIENTO DE LOS MISMOS -2023-"},"content":{"rendered":"\n<p class=\"has-contrast-2-color has-text-color\">La misi\u00f3n y objetivos de la instituci\u00f3n, su plan operativo anual y los resultados obtenidos en el cumplimiento de los mismos.<\/p>\n\n\n\n<p>Art\u00edculo 10, numeral 5 de la Ley de Acceso a la Informaci\u00f3n P\u00fablica.<\/p>\n\n\n\n<p><\/p>\n\n\n\n<figure class=\"wp-block-table is-style-stripes\"><table><tbody><tr><td><a href=\"https:\/\/fedefutguate.gt\/informacionpublica\/wp-content\/uploads\/2023\/02\/Mision-Vision-y-Objetivos-Estrategicos-FEDEFUT-2023.pdf\" target=\"_blank\" rel=\"noreferrer noopener\"><img loading=\"lazy\" decoding=\"async\" width=\"50\" height=\"58\" class=\"wp-image-266\" style=\"width: 50px;\" src=\"https:\/\/fedefutguate.gt\/informacionpublica\/wp-content\/uploads\/2022\/02\/pngaaa.com-2621310.png\" alt=\"\"><\/a><\/td><td><a rel=\"noreferrer noopener\" href=\"https:\/\/fedefutguate.gt\/informacionpublica\/wp-content\/uploads\/2023\/02\/Mision-Vision-y-Objetivos-Estrategicos-FEDEFUT-2023.pdf\" target=\"_blank\">Misi\u00f3n, Visi\u00f3n y Objetivos Estrat\u00e9gicos de la Federaci\u00f3n Nacional de F\u00fatbol de Guatemala <\/a><a rel=\"noreferrer noopener\" href=\"https:\/\/fedefutguate.gt\/informacionpublica\/wp-content\/uploads\/2023\/02\/Mision-Vision-y-Objetivos-Estrategicos-FEDEFUT-2023.pdf\" target=\"_blank\">(<\/a><a rel=\"noreferrer noopener\" href=\"https:\/\/fedefutguate.gt\/informacionpublica\/wp-content\/uploads\/2023\/02\/Mision-Vision-y-Objetivos-Estrategicos-FEDEFUT-2023.pdf\" target=\"_blank\">2023)<\/a><\/td><\/tr><tr><td><a href=\"https:\/\/fedefutguate.gt\/informacionpublica\/wp-content\/uploads\/2023\/02\/Plan-Estrategico-Institucional-PEI-2023-2027-Plan-Operativo-Multianual-POM-2023-2027-Plan-Operativo-Anual-POA-2023.pdf\" target=\"_blank\" rel=\"noreferrer noopener\"><img loading=\"lazy\" decoding=\"async\" width=\"50\" height=\"58\" class=\"wp-image-266\" style=\"width: 50px;\" src=\"https:\/\/fedefutguate.gt\/informacionpublica\/wp-content\/uploads\/2022\/02\/pngaaa.com-2621310.png\" alt=\"\"><\/a><\/td><td><a href=\"https:\/\/fedefutguate.gt\/informacionpublica\/wp-content\/uploads\/2023\/02\/Plan-Estrategico-Institucional-PEI-2023-2027-Plan-Operativo-Multianual-POM-2023-2027-Plan-Operativo-Anual-POA-2023.pdf\" target=\"_blank\" rel=\"noreferrer noopener\">Plan Estrat\u00e9gico Institucional (PEI 2023-2027), Plan Operativo Multianual (POM 2023-2027), Plan Operativo Anual (POA 2023)<\/a><\/td><\/tr><tr><td><a rel=\"noreferrer noopener\" href=\"https:\/\/fedefutguate.gt\/informacionpublica\/wp-content\/uploads\/2023\/02\/TERCER-Informe-cuatrimestral-septiembre-diciembre-de-avances-de-metas-e-indicadores-de-desempeno-y-calidad-del-gasto-publico-del-ejercicio-fiscal-2022.pdf\" target=\"_blank\"><img decoding=\"async\" src=\"https:\/\/fedefutguate.gt\/informacionpublica\/wp-content\/uploads\/2022\/02\/pngaaa.com-2621310.png\" alt=\"\"><\/a><\/td><td><a rel=\"noreferrer noopener\" href=\"https:\/\/fedefutguate.gt\/informacionpublica\/wp-content\/uploads\/2023\/02\/TERCER-Informe-cuatrimestral-septiembre-diciembre-de-avances-de-metas-e-indicadores-de-desempeno-y-calidad-del-gasto-publico-del-ejercicio-fiscal-2022.pdf\" target=\"_blank\">&nbsp;TERCER Informe cuatrimestral (septiembre-diciembre) de avances de metas sobre ejecuci\u00f3n f\u00edsica y financiera del ejercicio fiscal 2022<\/a><\/td><\/tr><tr><td><a href=\"https:\/\/fedefutguate.gt\/informacionpublica\/wp-content\/uploads\/2023\/02\/Justificacion-Tecnica-5.pdf\" target=\"_blank\" rel=\"noreferrer noopener\"><img loading=\"lazy\" decoding=\"async\" width=\"50\" height=\"58\" class=\"wp-image-266\" style=\"width: 50px;\" src=\"https:\/\/fedefutguate.gt\/informacionpublica\/wp-content\/uploads\/2022\/02\/pngaaa.com-2621310.png\" alt=\"\"><\/a><\/td><td><a href=\"https:\/\/fedefutguate.gt\/informacionpublica\/wp-content\/uploads\/2023\/02\/Justificacion-Tecnica-5.pdf\" target=\"_blank\" rel=\"noreferrer noopener\">OFICIO FNFG-UPI-024-2023-K.F.E.P.A. (Justificaci\u00f3n T\u00e9cnica Informe Cuatrimestral)<\/a><\/td><\/tr><tr><td><a href=\"https:\/\/fedefutguate.gt\/informacionpublica\/wp-content\/uploads\/2023\/05\/PRIMER-Informe-cuatrimestral-enero-abril-de-avances-de-metas-sobre-ejecucion-fisica-y-financiera-del-ejercicio-fiscal-2023.pdf\" target=\"_blank\" rel=\"noreferrer noopener\"><img loading=\"lazy\" decoding=\"async\" width=\"50\" height=\"58\" class=\"wp-image-266\" style=\"width: 50px;\" src=\"https:\/\/fedefutguate.gt\/informacionpublica\/wp-content\/uploads\/2022\/02\/pngaaa.com-2621310.png\" alt=\"\"><\/a><\/td><td><a href=\"https:\/\/fedefutguate.gt\/informacionpublica\/wp-content\/uploads\/2023\/05\/PRIMER-Informe-cuatrimestral-enero-abril-de-avances-de-metas-sobre-ejecucion-fisica-y-financiera-del-ejercicio-fiscal-2023.pdf\" target=\"_blank\" rel=\"noreferrer noopener\">PRIMER Informe cuatrimestral (enero-abril) de avances de metas sobre ejecuci\u00f3n f\u00edsica y financiera del ejercicio fiscal 2023<\/a><\/td><\/tr><tr><td><a href=\"https:\/\/fedefutguate.gt\/informacionpublica\/wp-content\/uploads\/2023\/10\/Actualizacion-de-los-Instrumentos-de-Evaluacion-periodo-2023-2027-Plan-Estrategico-Institucional-2023-2027-Plan-Operativo-Anual-2023-y-Plan-Operativo-Multianual-2023-2027.pdf\"><img loading=\"lazy\" decoding=\"async\" width=\"50\" height=\"58\" class=\"wp-image-266\" style=\"width: 50px;\" src=\"https:\/\/fedefutguate.gt\/informacionpublica\/wp-content\/uploads\/2022\/02\/pngaaa.com-2621310.png\" alt=\"\"><\/a><\/td><td><a href=\"https:\/\/fedefutguate.gt\/informacionpublica\/wp-content\/uploads\/2023\/10\/Actualizacion-de-los-Instrumentos-de-Evaluacion-periodo-2023-2027-Plan-Estrategico-Institucional-2023-2027-Plan-Operativo-Anual-2023-y-Plan-Operativo-Multianual-2023-2027.pdf\">Actualizaci\u00f3n de los Instrumentos de Evaluaci\u00f3n per\u00edodo 2023-2027 (Plan Estrat\u00e9gico Institucional 2023-2027,  Plan Operativo Multianual 2023-2027 y Plan Operativo Anual 2023)<\/a><\/td><\/tr><tr><td><a href=\"https:\/\/fedefutguate.gt\/informacionpublica\/wp-content\/uploads\/2023\/08\/Plan-Estrategico-Institucional-PEI-2024-2028-Plan-Operativo-Multianual-POM-2024-2028-Plan-Operativo-Anual-POA-2024.pdf\" target=\"_blank\" rel=\"noreferrer noopener\"><img loading=\"lazy\" decoding=\"async\" width=\"50\" height=\"58\" class=\"wp-image-266\" style=\"width: 50px;\" src=\"https:\/\/fedefutguate.gt\/informacionpublica\/wp-content\/uploads\/2022\/02\/pngaaa.com-2621310.png\" alt=\"\"><\/a><\/td><td><a href=\"https:\/\/fedefutguate.gt\/informacionpublica\/wp-content\/uploads\/2023\/08\/Plan-Estrategico-Institucional-PEI-2024-2028-Plan-Operativo-Multianual-POM-2024-2028-Plan-Operativo-Anual-POA-2024.pdf\" target=\"_blank\" rel=\"noreferrer noopener\">Plan Estrat\u00e9gico Institucional (PEI 2024-2028), Plan Operativo Multianual (POM 2024-2028), Plan Operativo Anual (POA 2024)<\/a><\/td><\/tr><tr><td><a href=\"https:\/\/fedefutguate.gt\/informacionpublica\/wp-content\/uploads\/2023\/09\/SEGUNDO-Informe-cuatrimestral-mayo-agosto-de-avances-de-metas-sobre-ejecucion-fisica-y-financiera-del-ejercicio-fiscal-2023-1.pdf\"><img loading=\"lazy\" decoding=\"async\" width=\"50\" height=\"58\" class=\"wp-image-266\" style=\"width: 50px;\" src=\"https:\/\/fedefutguate.gt\/informacionpublica\/wp-content\/uploads\/2022\/02\/pngaaa.com-2621310.png\" alt=\"\"><\/a><\/td><td><a href=\"https:\/\/fedefutguate.gt\/informacionpublica\/wp-content\/uploads\/2023\/09\/SEGUNDO-Informe-cuatrimestral-mayo-agosto-de-avances-de-metas-sobre-ejecucion-fisica-y-financiera-del-ejercicio-fiscal-2023-1.pdf\">SEGUNDO Informe cuatrimestral (mayo-agosto) de avances de metas sobre ejecuci\u00f3n f\u00edsica y financiera del ejercicio fiscal 2023<\/a><\/td><\/tr><tr><td><a href=\"https:\/\/fedefutguate.gt\/informacionpublica\/wp-content\/uploads\/2024\/01\/TERCER-Informe-cuatrimestral-septiembre-diciembre-de-avances-de-metas-e-indicadores-de-desempeno-y-calidad-del-gasto-publico-2023.pdf\" target=\"_blank\" rel=\"noreferrer noopener\"><img loading=\"lazy\" decoding=\"async\" width=\"50\" height=\"58\" class=\"wp-image-266\" style=\"width: 50px;\" src=\"https:\/\/fedefutguate.gt\/informacionpublica\/wp-content\/uploads\/2022\/02\/pngaaa.com-2621310.png\" alt=\"\"><\/a><\/td><td><a href=\"https:\/\/fedefutguate.gt\/informacionpublica\/wp-content\/uploads\/2024\/01\/TERCER-Informe-cuatrimestral-septiembre-diciembre-de-avances-de-metas-e-indicadores-de-desempeno-y-calidad-del-gasto-publico-2023.pdf\" target=\"_blank\" rel=\"noreferrer noopener\">TERCER Informe cuatrimestral (septiembre-diciembre) de avances de metas sobre ejecuci\u00f3n f\u00edsica y financiera del ejercicio fiscal 2023<\/a><\/td><\/tr><\/tbody><\/table><\/figure>\n\n\n\n<p><\/p>\n","protected":false},"excerpt":{"rendered":"<p>La misi\u00f3n y objetivos de la instituci\u00f3n, su plan operativo anual y los resultados obtenidos en el cumplimiento de los mismos. Art\u00edculo 10, numeral 5 de la Ley de Acceso a la Informaci\u00f3n P\u00fablica. Misi\u00f3n, Visi\u00f3n y Objetivos Estrat\u00e9gicos de la Federaci\u00f3n Nacional de F\u00fatbol de Guatemala (2023) Plan Estrat\u00e9gico Institucional (PEI 2023-2027), Plan Operativo &#8230; <a title=\"MISI\u00d3N, OBJETIVOS, PLAN OPERATIVO ANUAL Y RESULTADOS OBTENIDOS EN EL CUMPLIMIENTO DE LOS MISMOS -2023-\" class=\"read-more\" href=\"https:\/\/fedefutguate.gt\/informacionpublica\/2023-mision-objetivos-plan-operativo-anual-y-resultados-obtenidos-en-el-cumplimiento-de-los-mismos\/\" aria-label=\"Read more about MISI\u00d3N, OBJETIVOS, PLAN OPERATIVO ANUAL Y RESULTADOS OBTENIDOS EN EL CUMPLIMIENTO DE LOS MISMOS -2023-\">Read more<\/a><\/p>\n","protected":false},"author":1,"featured_media":0,"parent":0,"menu_order":0,"comment_status":"closed","ping_status":"closed","template":"","meta":{"footnotes":""},"class_list":["post-2230","page","type-page","status-publish"],"_links":{"self":[{"href":"https:\/\/fedefutguate.gt\/informacionpublica\/wp-json\/wp\/v2\/pages\/2230","targetHints":{"allow":["GET"]}}],"collection":[{"href":"https:\/\/fedefutguate.gt\/informacionpublica\/wp-json\/wp\/v2\/pages"}],"about":[{"href":"https:\/\/fedefutguate.gt\/informacionpublica\/wp-json\/wp\/v2\/types\/page"}],"author":[{"embeddable":true,"href":"https:\/\/fedefutguate.gt\/informacionpublica\/wp-json\/wp\/v2\/users\/1"}],"replies":[{"embeddable":true,"href":"https:\/\/fedefutguate.gt\/informacionpublica\/wp-json\/wp\/v2\/comments?post=2230"}],"version-history":[{"count":12,"href":"https:\/\/fedefutguate.gt\/informacionpublica\/wp-json\/wp\/v2\/pages\/2230\/revisions"}],"predecessor-version":[{"id":4001,"href":"https:\/\/fedefutguate.gt\/informacionpublica\/wp-json\/wp\/v2\/pages\/2230\/revisions\/4001"}],"wp:attachment":[{"href":"https:\/\/fedefutguate.gt\/informacionpublica\/wp-json\/wp\/v2\/media?parent=2230"}],"curies":[{"name":"wp","href":"https:\/\/api.w.org\/{rel}","templated":true}]}}