{"id":2242,"date":"2023-02-09T22:55:10","date_gmt":"2023-02-09T21:55:10","guid":{"rendered":"https:\/\/fedefutguate.gt\/informacionpublica\/?page_id=2242"},"modified":"2024-01-26T18:41:30","modified_gmt":"2024-01-26T17:41:30","slug":"2023-informes-mensuales-de-ejecucion-presupuestaria","status":"publish","type":"page","link":"https:\/\/fedefutguate.gt\/informacionpublica\/2023-informes-mensuales-de-ejecucion-presupuestaria\/","title":{"rendered":"INFORMES MENSUALES DE EJECUCI\u00d3N PRESUPUESTARIA -2023 &#8211;"},"content":{"rendered":"\n<p class=\"has-contrast-2-color has-text-color\">Los informes mensuales de ejecuci\u00f3n presupuestaria de todos los renglones y de todas las unidades, tanto operativas como administrativas de la entidad.<\/p>\n\n\n\n<p>Art\u00edculo 10, numeral 8 de la Ley de Acceso a la Informaci\u00f3n P\u00fablica<\/p>\n\n\n\n<figure class=\"wp-block-table is-style-stripes\"><table><tbody><tr><td class=\"has-text-align-right\" data-align=\"right\"><a href=\"https:\/\/fedefutguate.gt\/informacionpublica\/wp-content\/uploads\/2023\/02\/Ejecucion-Presupuestaria-por-Renglon-ENERO-2023.pdf\" target=\"_blank\" rel=\"noreferrer noopener\"><img loading=\"lazy\" decoding=\"async\" width=\"50\" height=\"58\" class=\"wp-image-266\" style=\"width: 50px;\" src=\"https:\/\/fedefutguate.gt\/informacionpublica\/wp-content\/uploads\/2022\/02\/pngaaa.com-2621310.png\" alt=\"\"><\/a><\/td><td><a href=\"https:\/\/fedefutguate.gt\/informacionpublica\/wp-content\/uploads\/2023\/02\/Ejecucion-Presupuestaria-por-Renglon-ENERO-2023.pdf\" target=\"_blank\" rel=\"noreferrer noopener\">Ejecuci\u00f3n Presupuestaria por Rengl\u00f3n (ENERO 2023)<\/a><\/td><\/tr><tr><td class=\"has-text-align-right\" data-align=\"right\"><a href=\"https:\/\/fedefutguate.gt\/informacionpublica\/wp-content\/uploads\/2023\/03\/Ejecucion-Presupuestaria-por-Renglon-FEBRERO-2023.pdf\" target=\"_blank\" rel=\"noreferrer noopener\"><img loading=\"lazy\" decoding=\"async\" width=\"50\" height=\"58\" class=\"wp-image-266\" style=\"width: 50px;\" src=\"https:\/\/fedefutguate.gt\/informacionpublica\/wp-content\/uploads\/2022\/02\/pngaaa.com-2621310.png\" alt=\"\"><\/a><\/td><td><br><a href=\"https:\/\/fedefutguate.gt\/informacionpublica\/wp-content\/uploads\/2023\/03\/Ejecucion-Presupuestaria-por-Renglon-FEBRERO-2023.pdf\" target=\"_blank\" rel=\"noreferrer noopener\">Ejecuci\u00f3n Presupuestaria por Rengl\u00f3n (FEBRERO 2023)<\/a><\/td><\/tr><tr><td class=\"has-text-align-right\" data-align=\"right\"><a href=\"https:\/\/fedefutguate.gt\/informacionpublica\/wp-content\/uploads\/2023\/04\/Ejecucion-Presupuestaria-por-Renglon-MARZO-2023.pdf\" target=\"_blank\" rel=\"noreferrer noopener\"><img loading=\"lazy\" decoding=\"async\" width=\"50\" height=\"58\" class=\"wp-image-266\" style=\"width: 50px;\" src=\"https:\/\/fedefutguate.gt\/informacionpublica\/wp-content\/uploads\/2022\/02\/pngaaa.com-2621310.png\" alt=\"\"><\/a><\/td><td><a href=\"https:\/\/fedefutguate.gt\/informacionpublica\/wp-content\/uploads\/2023\/04\/Ejecucion-Presupuestaria-por-Renglon-MARZO-2023.pdf\" target=\"_blank\" rel=\"noreferrer noopener\">Ejecuci\u00f3n Presupuestaria por Rengl\u00f3n (MARZO 2023)<\/a><\/td><\/tr><tr><td class=\"has-text-align-right\" data-align=\"right\"><a href=\"https:\/\/fedefutguate.gt\/informacionpublica\/wp-content\/uploads\/2023\/05\/Ejecucion-Presupuestaria-por-Renglon-ABRIL-2023.pdf\" target=\"_blank\" rel=\"noreferrer noopener\"><img loading=\"lazy\" decoding=\"async\" width=\"50\" height=\"58\" class=\"wp-image-266\" style=\"width: 50px;\" src=\"https:\/\/fedefutguate.gt\/informacionpublica\/wp-content\/uploads\/2022\/02\/pngaaa.com-2621310.png\" alt=\"\"><\/a><\/td><td><a href=\"https:\/\/fedefutguate.gt\/informacionpublica\/wp-content\/uploads\/2023\/05\/Ejecucion-Presupuestaria-por-Renglon-ABRIL-2023.pdf\" target=\"_blank\" rel=\"noreferrer noopener\">Ejecuci\u00f3n Presupuestaria por Rengl\u00f3n (ABRIL 2023)<\/a><\/td><\/tr><tr><td class=\"has-text-align-right\" data-align=\"right\"><a href=\"https:\/\/fedefutguate.gt\/informacionpublica\/wp-content\/uploads\/2023\/06\/Ejecucion-Presupuestaria-por-Renglon-MAYO-2023.pdf\" target=\"_blank\" rel=\"noreferrer noopener\"><img loading=\"lazy\" decoding=\"async\" width=\"50\" height=\"58\" class=\"wp-image-266\" style=\"width: 50px;\" src=\"https:\/\/fedefutguate.gt\/informacionpublica\/wp-content\/uploads\/2022\/02\/pngaaa.com-2621310.png\" alt=\"\"><\/a><\/td><td><a href=\"https:\/\/fedefutguate.gt\/informacionpublica\/wp-content\/uploads\/2023\/06\/Ejecucion-Presupuestaria-por-Renglon-MAYO-2023.pdf\" target=\"_blank\" rel=\"noreferrer noopener\">Ejecuci\u00f3n Presupuestaria por Rengl\u00f3n (MAYO 2023)<\/a><\/td><\/tr><tr><td class=\"has-text-align-right\" data-align=\"right\"><a href=\"https:\/\/fedefutguate.gt\/informacionpublica\/wp-content\/uploads\/2023\/07\/Ejecucion-Presupuestaria-por-Renglon-JUNIO-2023.pdf\" target=\"_blank\" rel=\"noreferrer noopener\"><img loading=\"lazy\" decoding=\"async\" width=\"50\" height=\"58\" class=\"wp-image-266\" style=\"width: 50px;\" src=\"https:\/\/fedefutguate.gt\/informacionpublica\/wp-content\/uploads\/2022\/02\/pngaaa.com-2621310.png\" alt=\"\"><\/a><\/td><td><a href=\"https:\/\/fedefutguate.gt\/informacionpublica\/wp-content\/uploads\/2023\/07\/Ejecucion-Presupuestaria-por-Renglon-JUNIO-2023.pdf\" target=\"_blank\" rel=\"noreferrer noopener\">Ejecuci\u00f3n Presupuestaria por Rengl\u00f3n (JUNIO 2023)<\/a><\/td><\/tr><tr><td class=\"has-text-align-right\" data-align=\"right\"><a href=\"https:\/\/fedefutguate.gt\/informacionpublica\/wp-content\/uploads\/2023\/08\/Ejecucion-Presupuestaria-por-Renglon-JULIO-2023.pdf\" target=\"_blank\" rel=\"noreferrer noopener\"><img loading=\"lazy\" decoding=\"async\" width=\"50\" height=\"58\" class=\"wp-image-266\" style=\"width: 50px;\" src=\"https:\/\/fedefutguate.gt\/informacionpublica\/wp-content\/uploads\/2022\/02\/pngaaa.com-2621310.png\" alt=\"\"><\/a><\/td><td><a href=\"https:\/\/fedefutguate.gt\/informacionpublica\/wp-content\/uploads\/2023\/08\/Ejecucion-Presupuestaria-por-Renglon-JULIO-2023.pdf\" target=\"_blank\" rel=\"noreferrer noopener\">Ejecuci\u00f3n Presupuestaria por Rengl\u00f3n (JULIO 2023)<\/a><\/td><\/tr><tr><td class=\"has-text-align-right\" data-align=\"right\"><a href=\"https:\/\/fedefutguate.gt\/informacionpublica\/wp-content\/uploads\/2023\/09\/Ejecucion-Presupuestaria-por-Renglon-AGOSTO-2023.pdf\"><img loading=\"lazy\" decoding=\"async\" width=\"50\" height=\"58\" class=\"wp-image-266\" style=\"width: 50px;\" src=\"https:\/\/fedefutguate.gt\/informacionpublica\/wp-content\/uploads\/2022\/02\/pngaaa.com-2621310.png\" alt=\"\"><\/a><\/td><td><a href=\"https:\/\/fedefutguate.gt\/informacionpublica\/wp-content\/uploads\/2023\/09\/Ejecucion-Presupuestaria-por-Renglon-AGOSTO-2023.pdf\">Ejecuci\u00f3n Presupuestaria por Rengl\u00f3n (AGOSTO 2023)<\/a><\/td><\/tr><tr><td class=\"has-text-align-right\" data-align=\"right\"><a href=\"https:\/\/fedefutguate.gt\/informacionpublica\/wp-content\/uploads\/2023\/10\/Ejecucion-Presupuestaria-por-Renglon-SEPTIEMBRE-2023-1.pdf\"><img loading=\"lazy\" decoding=\"async\" width=\"50\" height=\"58\" class=\"wp-image-266\" style=\"width: 50px;\" src=\"https:\/\/fedefutguate.gt\/informacionpublica\/wp-content\/uploads\/2022\/02\/pngaaa.com-2621310.png\" alt=\"\"><\/a><\/td><td><a href=\"https:\/\/fedefutguate.gt\/informacionpublica\/wp-content\/uploads\/2023\/10\/Ejecucion-Presupuestaria-por-Renglon-SEPTIEMBRE-2023-1.pdf\">Ejecuci\u00f3n Presupuestaria por Rengl\u00f3n (SEPTIEMBRE 2023)<\/a><\/td><\/tr><tr><td class=\"has-text-align-right\" data-align=\"right\"><a href=\"https:\/\/fedefutguate.gt\/informacionpublica\/wp-content\/uploads\/2023\/11\/Ejecucion-Presupuestaria-por-Renglon-OCTUBRE-2023.pdf\"><img loading=\"lazy\" decoding=\"async\" width=\"50\" height=\"58\" class=\"wp-image-266\" style=\"width: 50px;\" src=\"https:\/\/fedefutguate.gt\/informacionpublica\/wp-content\/uploads\/2022\/02\/pngaaa.com-2621310.png\" alt=\"\"><\/a><\/td><td><a href=\"https:\/\/fedefutguate.gt\/informacionpublica\/wp-content\/uploads\/2023\/11\/Ejecucion-Presupuestaria-por-Renglon-OCTUBRE-2023.pdf\">Ejecuci\u00f3n Presupuestaria por Rengl\u00f3n (OCTUBRE 2023)<\/a><\/td><\/tr><tr><td class=\"has-text-align-right\" data-align=\"right\"><a href=\"https:\/\/fedefutguate.gt\/informacionpublica\/wp-content\/uploads\/2023\/12\/Ejecucion-Presupuestaria-por-Renglon-NOVIEMBRE-2023.pdf\"><img loading=\"lazy\" decoding=\"async\" width=\"50\" height=\"58\" class=\"wp-image-266\" style=\"width: 50px;\" src=\"https:\/\/fedefutguate.gt\/informacionpublica\/wp-content\/uploads\/2022\/02\/pngaaa.com-2621310.png\" alt=\"\"><\/a><\/td><td><a href=\"https:\/\/fedefutguate.gt\/informacionpublica\/wp-content\/uploads\/2023\/12\/Ejecucion-Presupuestaria-por-Renglon-NOVIEMBRE-2023.pdf\"><br>Ejecuci\u00f3n Presupuestaria por Rengl\u00f3n (NOVIEMBRE 2023)<\/a><\/td><\/tr><tr><td class=\"has-text-align-right\" data-align=\"right\"><a href=\"https:\/\/fedefutguate.gt\/informacionpublica\/wp-content\/uploads\/2024\/01\/Ejecucion-Presupuestaria-por-Renglon-DICIEMBRE-2023.pdf\" target=\"_blank\" rel=\"noreferrer noopener\"><img loading=\"lazy\" decoding=\"async\" width=\"50\" height=\"58\" class=\"wp-image-266\" style=\"width: 50px;\" src=\"https:\/\/fedefutguate.gt\/informacionpublica\/wp-content\/uploads\/2022\/02\/pngaaa.com-2621310.png\" alt=\"\"><\/a><\/td><td><a href=\"https:\/\/fedefutguate.gt\/informacionpublica\/wp-content\/uploads\/2024\/01\/Ejecucion-Presupuestaria-por-Renglon-DICIEMBRE-2023.pdf\" target=\"_blank\" rel=\"noreferrer noopener\">Ejecuci\u00f3n Presupuestaria por Rengl\u00f3n (DICIEMBRE 2023)<\/a><\/td><\/tr><\/tbody><\/table><\/figure>\n\n\n\n<p><\/p>\n","protected":false},"excerpt":{"rendered":"<p>Los informes mensuales de ejecuci\u00f3n presupuestaria de todos los renglones y de todas las unidades, tanto operativas como administrativas de la entidad. Art\u00edculo 10, numeral 8 de la Ley de Acceso a la Informaci\u00f3n P\u00fablica Ejecuci\u00f3n Presupuestaria por Rengl\u00f3n (ENERO 2023) Ejecuci\u00f3n Presupuestaria por Rengl\u00f3n (FEBRERO 2023) Ejecuci\u00f3n Presupuestaria por Rengl\u00f3n (MARZO 2023) Ejecuci\u00f3n Presupuestaria &#8230; <a title=\"INFORMES MENSUALES DE EJECUCI\u00d3N PRESUPUESTARIA -2023 &#8211;\" class=\"read-more\" href=\"https:\/\/fedefutguate.gt\/informacionpublica\/2023-informes-mensuales-de-ejecucion-presupuestaria\/\" aria-label=\"Read more about INFORMES MENSUALES DE EJECUCI\u00d3N PRESUPUESTARIA -2023 &#8211;\">Read more<\/a><\/p>\n","protected":false},"author":1,"featured_media":0,"parent":0,"menu_order":0,"comment_status":"closed","ping_status":"closed","template":"","meta":{"footnotes":""},"class_list":["post-2242","page","type-page","status-publish"],"_links":{"self":[{"href":"https:\/\/fedefutguate.gt\/informacionpublica\/wp-json\/wp\/v2\/pages\/2242","targetHints":{"allow":["GET"]}}],"collection":[{"href":"https:\/\/fedefutguate.gt\/informacionpublica\/wp-json\/wp\/v2\/pages"}],"about":[{"href":"https:\/\/fedefutguate.gt\/informacionpublica\/wp-json\/wp\/v2\/types\/page"}],"author":[{"embeddable":true,"href":"https:\/\/fedefutguate.gt\/informacionpublica\/wp-json\/wp\/v2\/users\/1"}],"replies":[{"embeddable":true,"href":"https:\/\/fedefutguate.gt\/informacionpublica\/wp-json\/wp\/v2\/comments?post=2242"}],"version-history":[{"count":15,"href":"https:\/\/fedefutguate.gt\/informacionpublica\/wp-json\/wp\/v2\/pages\/2242\/revisions"}],"predecessor-version":[{"id":3834,"href":"https:\/\/fedefutguate.gt\/informacionpublica\/wp-json\/wp\/v2\/pages\/2242\/revisions\/3834"}],"wp:attachment":[{"href":"https:\/\/fedefutguate.gt\/informacionpublica\/wp-json\/wp\/v2\/media?parent=2242"}],"curies":[{"name":"wp","href":"https:\/\/api.w.org\/{rel}","templated":true}]}}