{"id":2245,"date":"2023-02-09T22:58:04","date_gmt":"2023-02-09T21:58:04","guid":{"rendered":"https:\/\/fedefutguate.gt\/informacionpublica\/?page_id=2245"},"modified":"2024-01-26T18:42:55","modified_gmt":"2024-01-26T17:42:55","slug":"2023-depositos-constituidos-con-fondos-publicos","status":"publish","type":"page","link":"https:\/\/fedefutguate.gt\/informacionpublica\/2023-depositos-constituidos-con-fondos-publicos\/","title":{"rendered":"DEP\u00d3SITOS CONSTITUIDOS CON FONDOS P\u00daBLICOS -2023-"},"content":{"rendered":"\n<p class=\"has-contrast-2-color has-text-color\">La informaci\u00f3n detallada sobre los dep\u00f3sitos constituidos con fondos p\u00fablicos provenientes de ingresos ordinarios, extraordinarios, impuestos, fondos privativos, empr\u00e9stitos y donaciones.<\/p>\n\n\n\n<p>Art\u00edculo 10, numeral 9 de la Ley de Acceso a la Informaci\u00f3n P\u00fablica.<\/p>\n\n\n\n<figure class=\"wp-block-table is-style-stripes\"><table><tbody><tr><td class=\"has-text-align-right\" data-align=\"right\"><a href=\"https:\/\/fedefutguate.gt\/informacionpublica\/wp-content\/uploads\/2023\/02\/Depositos-constituidos-con-Fondos-Publicos-ENERO-2023.pdf\" target=\"_blank\" rel=\"noreferrer noopener\"><img loading=\"lazy\" decoding=\"async\" width=\"50\" height=\"58\" class=\"wp-image-266\" style=\"width: 50px;\" src=\"https:\/\/fedefutguate.gt\/informacionpublica\/wp-content\/uploads\/2022\/02\/pngaaa.com-2621310.png\" alt=\"\"><\/a><\/td><td><a href=\"https:\/\/fedefutguate.gt\/informacionpublica\/wp-content\/uploads\/2023\/02\/Depositos-constituidos-con-Fondos-Publicos-ENERO-2023.pdf\" target=\"_blank\" rel=\"noreferrer noopener\">Dep\u00f3sitos Constituidos con Fondos P\u00fablicos (ENERO 2023)<\/a><\/td><\/tr><tr><td class=\"has-text-align-right\" data-align=\"right\"><a href=\"https:\/\/fedefutguate.gt\/informacionpublica\/wp-content\/uploads\/2023\/02\/Cuentas-de-Banco-de-Guatemala-y-Bancos-del-Sistema-ENERO-2023.pdf\" target=\"_blank\" rel=\"noreferrer noopener\"><img loading=\"lazy\" decoding=\"async\" width=\"50\" height=\"58\" class=\"wp-image-266\" style=\"width: 50px;\" src=\"https:\/\/fedefutguate.gt\/informacionpublica\/wp-content\/uploads\/2022\/02\/pngaaa.com-2621310.png\" alt=\"\"><\/a><\/td><td><a href=\"https:\/\/fedefutguate.gt\/informacionpublica\/wp-content\/uploads\/2023\/02\/Cuentas-de-Banco-de-Guatemala-y-Bancos-del-Sistema-ENERO-2023.pdf\" target=\"_blank\" rel=\"noreferrer noopener\">Cuentas de Banco de Guatemala y Bancos del Sistema (ENERO 2023)<\/a><\/td><\/tr><tr><td class=\"has-text-align-right\" data-align=\"right\"><a href=\"https:\/\/fedefutguate.gt\/informacionpublica\/wp-content\/uploads\/2023\/03\/Depositos-constituidos-con-Fondos-Publicos-FEBRERO-2023.pdf\" target=\"_blank\" rel=\"noreferrer noopener\"><img loading=\"lazy\" decoding=\"async\" width=\"50\" height=\"58\" class=\"wp-image-266\" style=\"width: 50px;\" src=\"https:\/\/fedefutguate.gt\/informacionpublica\/wp-content\/uploads\/2022\/02\/pngaaa.com-2621310.png\" alt=\"\"><\/a><\/td><td><br><a href=\"https:\/\/fedefutguate.gt\/informacionpublica\/wp-content\/uploads\/2023\/03\/Depositos-constituidos-con-Fondos-Publicos-FEBRERO-2023.pdf\" target=\"_blank\" rel=\"noreferrer noopener\">Dep\u00f3sitos Constituidos con Fondos P\u00fablicos (FEBRERO 2023)<\/a><\/td><\/tr><tr><td class=\"has-text-align-right\" data-align=\"right\"><a href=\"https:\/\/fedefutguate.gt\/informacionpublica\/wp-content\/uploads\/2023\/03\/Cuentas-de-Banco-de-Guatemala-y-Bancos-del-Sistema-FEBRERO-2023.pdf\" target=\"_blank\" rel=\"noreferrer noopener\"><img loading=\"lazy\" decoding=\"async\" width=\"50\" height=\"58\" class=\"wp-image-266\" style=\"width: 50px;\" src=\"https:\/\/fedefutguate.gt\/informacionpublica\/wp-content\/uploads\/2022\/02\/pngaaa.com-2621310.png\" alt=\"\"><\/a><\/td><td><a href=\"https:\/\/fedefutguate.gt\/informacionpublica\/wp-content\/uploads\/2023\/03\/Cuentas-de-Banco-de-Guatemala-y-Bancos-del-Sistema-FEBRERO-2023.pdf\" target=\"_blank\" rel=\"noreferrer noopener\">Cuentas de Banco de Guatemala y Bancos del Sistema (FEBRERO 2023)<\/a><\/td><\/tr><tr><td class=\"has-text-align-right\" data-align=\"right\"><a href=\"https:\/\/fedefutguate.gt\/informacionpublica\/wp-content\/uploads\/2023\/04\/Depositos-constituidos-con-Fondos-Publicos-MARZO-2023.pdf\" target=\"_blank\" rel=\"noreferrer noopener\"><img loading=\"lazy\" decoding=\"async\" width=\"50\" height=\"58\" class=\"wp-image-266\" style=\"width: 50px;\" src=\"https:\/\/fedefutguate.gt\/informacionpublica\/wp-content\/uploads\/2022\/02\/pngaaa.com-2621310.png\" alt=\"\"><\/a><\/td><td><br><a href=\"https:\/\/fedefutguate.gt\/informacionpublica\/wp-content\/uploads\/2023\/04\/Depositos-constituidos-con-Fondos-Publicos-MARZO-2023.pdf\" target=\"_blank\" rel=\"noreferrer noopener\">Dep\u00f3sitos Constituidos con Fondos P\u00fablicos (MARZO 2023)<\/a><\/td><\/tr><tr><td class=\"has-text-align-right\" data-align=\"right\"><a href=\"https:\/\/fedefutguate.gt\/informacionpublica\/wp-content\/uploads\/2023\/04\/Cuentas-de-Banco-de-Guatemala-y-Bancos-del-Sistema-MARZO-2023.pdf\" target=\"_blank\" rel=\"noreferrer noopener\"><img loading=\"lazy\" decoding=\"async\" width=\"50\" height=\"58\" class=\"wp-image-266\" style=\"width: 50px;\" src=\"https:\/\/fedefutguate.gt\/informacionpublica\/wp-content\/uploads\/2022\/02\/pngaaa.com-2621310.png\" alt=\"\"><\/a><\/td><td><a href=\"https:\/\/fedefutguate.gt\/informacionpublica\/wp-content\/uploads\/2023\/04\/Cuentas-de-Banco-de-Guatemala-y-Bancos-del-Sistema-MARZO-2023.pdf\" target=\"_blank\" rel=\"noreferrer noopener\">Cuentas de Banco de Guatemala y Bancos del Sistema (MARZO 2023)<\/a><\/td><\/tr><tr><td class=\"has-text-align-right\" data-align=\"right\"><a href=\"https:\/\/fedefutguate.gt\/informacionpublica\/wp-content\/uploads\/2023\/05\/Depositos-constituidos-con-Fondos-Publicos-ABRIL-2023.pdf\" target=\"_blank\" rel=\"noreferrer noopener\"><img loading=\"lazy\" decoding=\"async\" width=\"50\" height=\"58\" class=\"wp-image-266\" style=\"width: 50px;\" src=\"https:\/\/fedefutguate.gt\/informacionpublica\/wp-content\/uploads\/2022\/02\/pngaaa.com-2621310.png\" alt=\"\"><\/a><\/td><td><a href=\"https:\/\/fedefutguate.gt\/informacionpublica\/wp-content\/uploads\/2023\/05\/Depositos-constituidos-con-Fondos-Publicos-ABRIL-2023.pdf\" target=\"_blank\" rel=\"noreferrer noopener\">Dep\u00f3sitos Constituidos con Fondos P\u00fablicos (ABRIL 2023)<\/a><\/td><\/tr><tr><td class=\"has-text-align-right\" data-align=\"right\"><a href=\"https:\/\/fedefutguate.gt\/informacionpublica\/wp-content\/uploads\/2023\/05\/Cuentas-de-Banco-de-Guatemala-y-Bancos-del-Sistema-ABRIL-2023.pdf\" target=\"_blank\" rel=\"noreferrer noopener\"><img loading=\"lazy\" decoding=\"async\" width=\"50\" height=\"58\" class=\"wp-image-266\" style=\"width: 50px;\" src=\"https:\/\/fedefutguate.gt\/informacionpublica\/wp-content\/uploads\/2022\/02\/pngaaa.com-2621310.png\" alt=\"\"><\/a><\/td><td><a href=\"https:\/\/fedefutguate.gt\/informacionpublica\/wp-content\/uploads\/2023\/05\/Cuentas-de-Banco-de-Guatemala-y-Bancos-del-Sistema-ABRIL-2023.pdf\" target=\"_blank\" rel=\"noreferrer noopener\">Cuentas de Banco de Guatemala y Bancos del Sistema (ABRIL 2023)<\/a><\/td><\/tr><tr><td class=\"has-text-align-right\" data-align=\"right\"><a href=\"https:\/\/fedefutguate.gt\/informacionpublica\/wp-content\/uploads\/2023\/06\/Depositos-constituidos-con-Fondos-Publicos-MAYO-2023.pdf\" target=\"_blank\" rel=\"noreferrer noopener\"><img loading=\"lazy\" decoding=\"async\" width=\"50\" height=\"58\" class=\"wp-image-266\" style=\"width: 50px;\" src=\"https:\/\/fedefutguate.gt\/informacionpublica\/wp-content\/uploads\/2022\/02\/pngaaa.com-2621310.png\" alt=\"\"><\/a><\/td><td><a href=\"https:\/\/fedefutguate.gt\/informacionpublica\/wp-content\/uploads\/2023\/06\/Depositos-constituidos-con-Fondos-Publicos-MAYO-2023.pdf\" target=\"_blank\" rel=\"noreferrer noopener\">Dep\u00f3sitos Constituidos con Fondos P\u00fablicos (MAYO 2023)<\/a><\/td><\/tr><tr><td class=\"has-text-align-right\" data-align=\"right\"><a href=\"https:\/\/fedefutguate.gt\/informacionpublica\/wp-content\/uploads\/2023\/06\/Cuentas-de-Banco-de-Guatemala-y-Bancos-del-Sistema-MAYO-2023.pdf\" target=\"_blank\" rel=\"noreferrer noopener\"><img loading=\"lazy\" decoding=\"async\" width=\"50\" height=\"58\" class=\"wp-image-266\" style=\"width: 50px;\" src=\"https:\/\/fedefutguate.gt\/informacionpublica\/wp-content\/uploads\/2022\/02\/pngaaa.com-2621310.png\" alt=\"\"><\/a><\/td><td><a href=\"https:\/\/fedefutguate.gt\/informacionpublica\/wp-content\/uploads\/2023\/06\/Cuentas-de-Banco-de-Guatemala-y-Bancos-del-Sistema-MAYO-2023.pdf\" target=\"_blank\" rel=\"noreferrer noopener\">Cuentas de Banco de Guatemala y Bancos del Sistema (MAYO 2023)<\/a><\/td><\/tr><tr><td class=\"has-text-align-right\" data-align=\"right\"><a href=\"https:\/\/fedefutguate.gt\/informacionpublica\/wp-content\/uploads\/2023\/07\/Depositos-constituidos-con-Fondos-Publicos-JUNIO-2023.pdf\" target=\"_blank\" rel=\"noreferrer noopener\"><img loading=\"lazy\" decoding=\"async\" width=\"50\" height=\"58\" class=\"wp-image-266\" style=\"width: 50px;\" src=\"https:\/\/fedefutguate.gt\/informacionpublica\/wp-content\/uploads\/2022\/02\/pngaaa.com-2621310.png\" alt=\"\"><\/a><\/td><td><a href=\"https:\/\/fedefutguate.gt\/informacionpublica\/wp-content\/uploads\/2023\/07\/Depositos-constituidos-con-Fondos-Publicos-JUNIO-2023.pdf\" target=\"_blank\" rel=\"noreferrer noopener\">Dep\u00f3sitos Constituidos con Fondos P\u00fablicos (JUNIO 2023)<\/a><\/td><\/tr><tr><td class=\"has-text-align-right\" data-align=\"right\"><a href=\"https:\/\/fedefutguate.gt\/informacionpublica\/wp-content\/uploads\/2023\/07\/Cuentas-de-Banco-de-Guatemala-y-Bancos-del-Sistema-JUNIO-2023.pdf\" target=\"_blank\" rel=\"noreferrer noopener\"><img loading=\"lazy\" decoding=\"async\" width=\"50\" height=\"58\" class=\"wp-image-266\" style=\"width: 50px;\" src=\"https:\/\/fedefutguate.gt\/informacionpublica\/wp-content\/uploads\/2022\/02\/pngaaa.com-2621310.png\" alt=\"\"><\/a><\/td><td><a href=\"https:\/\/fedefutguate.gt\/informacionpublica\/wp-content\/uploads\/2023\/07\/Cuentas-de-Banco-de-Guatemala-y-Bancos-del-Sistema-JUNIO-2023.pdf\" target=\"_blank\" rel=\"noreferrer noopener\">Cuentas de Banco de Guatemala y Bancos del Sistema (JUNIO 2023)<\/a><\/td><\/tr><tr><td class=\"has-text-align-right\" data-align=\"right\"><a href=\"https:\/\/fedefutguate.gt\/informacionpublica\/wp-content\/uploads\/2023\/08\/Depositos-constituidos-con-Fondos-Publicos-JULIO-2023.pdf\" target=\"_blank\" rel=\"noreferrer noopener\"><img loading=\"lazy\" decoding=\"async\" width=\"50\" height=\"58\" class=\"wp-image-266\" style=\"width: 50px;\" src=\"https:\/\/fedefutguate.gt\/informacionpublica\/wp-content\/uploads\/2022\/02\/pngaaa.com-2621310.png\" alt=\"\"><\/a><\/td><td><a href=\"https:\/\/fedefutguate.gt\/informacionpublica\/wp-content\/uploads\/2023\/08\/Depositos-constituidos-con-Fondos-Publicos-JULIO-2023.pdf\" target=\"_blank\" rel=\"noreferrer noopener\">Dep\u00f3sitos Constituidos con Fondos P\u00fablicos (JULIO 2023)<\/a><\/td><\/tr><tr><td class=\"has-text-align-right\" data-align=\"right\"><a href=\"https:\/\/fedefutguate.gt\/informacionpublica\/wp-content\/uploads\/2023\/08\/Cuentas-de-Banco-de-Guatemala-y-Bancos-del-Sistema-JULIO-2023.pdf\" target=\"_blank\" rel=\"noreferrer noopener\"><img loading=\"lazy\" decoding=\"async\" width=\"50\" height=\"58\" class=\"wp-image-266\" style=\"width: 50px;\" src=\"https:\/\/fedefutguate.gt\/informacionpublica\/wp-content\/uploads\/2022\/02\/pngaaa.com-2621310.png\" alt=\"\"><\/a><\/td><td><a href=\"https:\/\/fedefutguate.gt\/informacionpublica\/wp-content\/uploads\/2023\/08\/Cuentas-de-Banco-de-Guatemala-y-Bancos-del-Sistema-JULIO-2023.pdf\" target=\"_blank\" rel=\"noreferrer noopener\">Cuentas de Banco de Guatemala y Bancos del Sistema (JULIO 2023)<\/a><\/td><\/tr><tr><td class=\"has-text-align-right\" data-align=\"right\"><a href=\"https:\/\/fedefutguate.gt\/informacionpublica\/wp-content\/uploads\/2023\/09\/Depositos-constituidos-con-Fondos-Publicos-AGOSTO-2023.pdf\"><img loading=\"lazy\" decoding=\"async\" width=\"50\" height=\"58\" class=\"wp-image-266\" style=\"width: 50px;\" src=\"https:\/\/fedefutguate.gt\/informacionpublica\/wp-content\/uploads\/2022\/02\/pngaaa.com-2621310.png\" alt=\"\"><\/a><\/td><td><a href=\"https:\/\/fedefutguate.gt\/informacionpublica\/wp-content\/uploads\/2023\/09\/Depositos-constituidos-con-Fondos-Publicos-AGOSTO-2023.pdf\">Dep\u00f3sitos Constituidos con Fondos P\u00fablicos (AGOSTO 2023)<\/a><\/td><\/tr><tr><td class=\"has-text-align-right\" data-align=\"right\"><a href=\"https:\/\/fedefutguate.gt\/informacionpublica\/wp-content\/uploads\/2023\/09\/Cuentas-de-Banco-de-Guatemala-y-Bancos-del-Sistema-AGOSTO-2023.pdf\"><img loading=\"lazy\" decoding=\"async\" width=\"50\" height=\"58\" class=\"wp-image-266\" style=\"width: 50px;\" src=\"https:\/\/fedefutguate.gt\/informacionpublica\/wp-content\/uploads\/2022\/02\/pngaaa.com-2621310.png\" alt=\"\"><\/a><\/td><td><a href=\"https:\/\/fedefutguate.gt\/informacionpublica\/wp-content\/uploads\/2023\/09\/Cuentas-de-Banco-de-Guatemala-y-Bancos-del-Sistema-AGOSTO-2023.pdf\">Cuentas de Banco de Guatemala y Bancos del Sistema (AGOSTO 2023)<\/a><\/td><\/tr><tr><td class=\"has-text-align-right\" data-align=\"right\"><a href=\"https:\/\/fedefutguate.gt\/informacionpublica\/wp-content\/uploads\/2023\/10\/Depositos-constituidos-con-Fondos-Publicos-SEPTIEMBRE-2023.pdf\"><img loading=\"lazy\" decoding=\"async\" width=\"50\" height=\"58\" class=\"wp-image-266\" style=\"width: 50px;\" src=\"https:\/\/fedefutguate.gt\/informacionpublica\/wp-content\/uploads\/2022\/02\/pngaaa.com-2621310.png\" alt=\"\"><\/a><\/td><td><a href=\"https:\/\/fedefutguate.gt\/informacionpublica\/wp-content\/uploads\/2023\/10\/Depositos-constituidos-con-Fondos-Publicos-SEPTIEMBRE-2023.pdf\">Dep\u00f3sitos Constituidos con Fondos P\u00fablicos (SEPTIEMBRE 2023)<\/a><\/td><\/tr><tr><td class=\"has-text-align-right\" data-align=\"right\"><a href=\"https:\/\/fedefutguate.gt\/informacionpublica\/wp-content\/uploads\/2023\/10\/Cuentas-de-Banco-de-Guatemala-y-Bancos-del-Sistema-SEPTIEMBRE-2023.pdf\"><img loading=\"lazy\" decoding=\"async\" width=\"50\" height=\"58\" class=\"wp-image-266\" style=\"width: 50px;\" src=\"https:\/\/fedefutguate.gt\/informacionpublica\/wp-content\/uploads\/2022\/02\/pngaaa.com-2621310.png\" alt=\"\"><\/a><\/td><td><a href=\"https:\/\/fedefutguate.gt\/informacionpublica\/wp-content\/uploads\/2023\/10\/Cuentas-de-Banco-de-Guatemala-y-Bancos-del-Sistema-SEPTIEMBRE-2023.pdf\">Cuentas de Banco de Guatemala y Bancos del Sistema (SEPTIEMBRE 2023)<\/a><\/td><\/tr><tr><td class=\"has-text-align-right\" data-align=\"right\"><a href=\"https:\/\/fedefutguate.gt\/informacionpublica\/wp-content\/uploads\/2023\/11\/Depositos-constituidos-con-Fondos-Publicos-OCTUBRE-2023.pdf\"><img loading=\"lazy\" decoding=\"async\" width=\"50\" height=\"58\" class=\"wp-image-266\" style=\"width: 50px;\" src=\"https:\/\/fedefutguate.gt\/informacionpublica\/wp-content\/uploads\/2022\/02\/pngaaa.com-2621310.png\" alt=\"\"><\/a><\/td><td><a href=\"https:\/\/fedefutguate.gt\/informacionpublica\/wp-content\/uploads\/2023\/11\/Depositos-constituidos-con-Fondos-Publicos-OCTUBRE-2023.pdf\">Dep\u00f3sitos Constituidos con Fondos P\u00fablicos (OCTUBRE 2023)<\/a><\/td><\/tr><tr><td class=\"has-text-align-right\" data-align=\"right\"><a href=\"https:\/\/fedefutguate.gt\/informacionpublica\/wp-content\/uploads\/2023\/11\/Cuentas-de-Banco-de-Guatemala-y-Bancos-del-Sistema-OCTUBRE-2023.pdf\"><img loading=\"lazy\" decoding=\"async\" width=\"50\" height=\"58\" class=\"wp-image-266\" style=\"width: 50px;\" src=\"https:\/\/fedefutguate.gt\/informacionpublica\/wp-content\/uploads\/2022\/02\/pngaaa.com-2621310.png\" alt=\"\"><\/a><\/td><td><a href=\"https:\/\/fedefutguate.gt\/informacionpublica\/wp-content\/uploads\/2023\/11\/Cuentas-de-Banco-de-Guatemala-y-Bancos-del-Sistema-OCTUBRE-2023.pdf\">Cuentas de Banco de Guatemala y Bancos del Sistema (OCTUBRE 2023)<\/a><\/td><\/tr><tr><td class=\"has-text-align-right\" data-align=\"right\"><a href=\"https:\/\/fedefutguate.gt\/informacionpublica\/wp-content\/uploads\/2023\/12\/Depositos-constituidos-con-Fondos-Publicos-NOVIEMBRE-2023.pdf\" target=\"_blank\" rel=\"noreferrer noopener\"><img loading=\"lazy\" decoding=\"async\" width=\"50\" height=\"58\" class=\"wp-image-266\" style=\"width: 50px;\" src=\"https:\/\/fedefutguate.gt\/informacionpublica\/wp-content\/uploads\/2022\/02\/pngaaa.com-2621310.png\" alt=\"\"><\/a><\/td><td><a href=\"https:\/\/fedefutguate.gt\/informacionpublica\/wp-content\/uploads\/2023\/12\/Depositos-constituidos-con-Fondos-Publicos-NOVIEMBRE-2023.pdf\" target=\"_blank\" rel=\"noreferrer noopener\">Dep\u00f3sitos Constituidos con Fondos P\u00fablicos (NOVIEMBRE 2023)<\/a><\/td><\/tr><tr><td class=\"has-text-align-right\" data-align=\"right\"><a href=\"https:\/\/fedefutguate.gt\/informacionpublica\/wp-content\/uploads\/2023\/12\/Cuentas-de-Banco-de-Guatemala-y-Bancos-del-Sistema-NOVIEMBRE-2023.pdf\"><img loading=\"lazy\" decoding=\"async\" width=\"50\" height=\"58\" class=\"wp-image-266\" style=\"width: 50px;\" src=\"https:\/\/fedefutguate.gt\/informacionpublica\/wp-content\/uploads\/2022\/02\/pngaaa.com-2621310.png\" alt=\"\"><\/a><\/td><td><a href=\"https:\/\/fedefutguate.gt\/informacionpublica\/wp-content\/uploads\/2023\/12\/Cuentas-de-Banco-de-Guatemala-y-Bancos-del-Sistema-NOVIEMBRE-2023.pdf\" target=\"_blank\" rel=\"noreferrer noopener\">Cuentas de Banco de Guatemala y Bancos del Sistema (NOVIEMBRE 2023)<\/a><\/td><\/tr><tr><td class=\"has-text-align-right\" data-align=\"right\"><a href=\"https:\/\/fedefutguate.gt\/informacionpublica\/wp-content\/uploads\/2024\/01\/Depositos-constituidos-con-Fondos-Publicos-DICIEMBRE-2023.pdf\" target=\"_blank\" rel=\"noreferrer noopener\"><img loading=\"lazy\" decoding=\"async\" width=\"50\" height=\"58\" class=\"wp-image-266\" style=\"width: 50px;\" src=\"https:\/\/fedefutguate.gt\/informacionpublica\/wp-content\/uploads\/2022\/02\/pngaaa.com-2621310.png\" alt=\"\"><\/a><\/td><td><a href=\"https:\/\/fedefutguate.gt\/informacionpublica\/wp-content\/uploads\/2024\/01\/Depositos-constituidos-con-Fondos-Publicos-DICIEMBRE-2023.pdf\" target=\"_blank\" rel=\"noreferrer noopener\">Dep\u00f3sitos Constituidos con Fondos P\u00fablicos (DICIEMBRE 2023)<\/a><\/td><\/tr><tr><td class=\"has-text-align-right\" data-align=\"right\"><a href=\"https:\/\/fedefutguate.gt\/informacionpublica\/wp-content\/uploads\/2024\/01\/Cuentas-de-Banco-de-Guatemala-y-Bancos-del-Sistema-DICIEMBRE-2023.pdf\" target=\"_blank\" rel=\"noreferrer noopener\"><img loading=\"lazy\" decoding=\"async\" width=\"50\" height=\"58\" class=\"wp-image-266\" style=\"width: 50px;\" src=\"https:\/\/fedefutguate.gt\/informacionpublica\/wp-content\/uploads\/2022\/02\/pngaaa.com-2621310.png\" alt=\"\"><\/a><\/td><td><a href=\"https:\/\/fedefutguate.gt\/informacionpublica\/wp-content\/uploads\/2024\/01\/Cuentas-de-Banco-de-Guatemala-y-Bancos-del-Sistema-DICIEMBRE-2023.pdf\" target=\"_blank\" rel=\"noreferrer noopener\">Cuentas de Banco de Guatemala y Bancos del Sistema (DICIEMBRE 2023)<\/a><\/td><\/tr><\/tbody><\/table><\/figure>\n","protected":false},"excerpt":{"rendered":"<p>La informaci\u00f3n detallada sobre los dep\u00f3sitos constituidos con fondos p\u00fablicos provenientes de ingresos ordinarios, extraordinarios, impuestos, fondos privativos, empr\u00e9stitos y donaciones. Art\u00edculo 10, numeral 9 de la Ley de Acceso a la Informaci\u00f3n P\u00fablica. Dep\u00f3sitos Constituidos con Fondos P\u00fablicos (ENERO 2023) Cuentas de Banco de Guatemala y Bancos del Sistema (ENERO 2023) Dep\u00f3sitos Constituidos con &#8230; <a title=\"DEP\u00d3SITOS CONSTITUIDOS CON FONDOS P\u00daBLICOS -2023-\" class=\"read-more\" href=\"https:\/\/fedefutguate.gt\/informacionpublica\/2023-depositos-constituidos-con-fondos-publicos\/\" aria-label=\"Read more about DEP\u00d3SITOS CONSTITUIDOS CON FONDOS P\u00daBLICOS -2023-\">Read more<\/a><\/p>\n","protected":false},"author":1,"featured_media":0,"parent":0,"menu_order":0,"comment_status":"closed","ping_status":"closed","template":"","meta":{"footnotes":""},"class_list":["post-2245","page","type-page","status-publish"],"_links":{"self":[{"href":"https:\/\/fedefutguate.gt\/informacionpublica\/wp-json\/wp\/v2\/pages\/2245","targetHints":{"allow":["GET"]}}],"collection":[{"href":"https:\/\/fedefutguate.gt\/informacionpublica\/wp-json\/wp\/v2\/pages"}],"about":[{"href":"https:\/\/fedefutguate.gt\/informacionpublica\/wp-json\/wp\/v2\/types\/page"}],"author":[{"embeddable":true,"href":"https:\/\/fedefutguate.gt\/informacionpublica\/wp-json\/wp\/v2\/users\/1"}],"replies":[{"embeddable":true,"href":"https:\/\/fedefutguate.gt\/informacionpublica\/wp-json\/wp\/v2\/comments?post=2245"}],"version-history":[{"count":14,"href":"https:\/\/fedefutguate.gt\/informacionpublica\/wp-json\/wp\/v2\/pages\/2245\/revisions"}],"predecessor-version":[{"id":3836,"href":"https:\/\/fedefutguate.gt\/informacionpublica\/wp-json\/wp\/v2\/pages\/2245\/revisions\/3836"}],"wp:attachment":[{"href":"https:\/\/fedefutguate.gt\/informacionpublica\/wp-json\/wp\/v2\/media?parent=2245"}],"curies":[{"name":"wp","href":"https:\/\/api.w.org\/{rel}","templated":true}]}}