{"id":2264,"date":"2023-02-09T23:23:51","date_gmt":"2023-02-09T22:23:51","guid":{"rendered":"https:\/\/fedefutguate.gt\/informacionpublica\/?page_id=2264"},"modified":"2024-01-26T18:57:30","modified_gmt":"2024-01-26T17:57:30","slug":"2023-montos-asignados-criterios-de-acceso-padrones-de-beneficiarios-de-los-programas-de-subsidios-becas-o-tranferencias-otorgados-con-fondos-publicos","status":"publish","type":"page","link":"https:\/\/fedefutguate.gt\/informacionpublica\/2023-montos-asignados-criterios-de-acceso-padrones-de-beneficiarios-de-los-programas-de-subsidios-becas-o-tranferencias-otorgados-con-fondos-publicos\/","title":{"rendered":"MONTOS ASIGNADOS, CRITERIOS DE ACCESO, PADRONES DE BENEFICIARIOS DE LOS PROGRAMAS DE SUBSIDIOS, BECAS O TRANFERENCIAS OTORGADOS CON FONDOS P\u00daBLICOS -2023-"},"content":{"rendered":"\n<p class=\"has-contrast-2-color has-text-color\">Los montos asignados, los criterios de acceso y los padrones de beneficiarios de los programas de subsidios, becas o transferencias otorgados con fondos p\u00fablicos.<\/p>\n\n\n\n<p>Art\u00edculo 10, numeral 15 de la Ley de Acceso a la Informaci\u00f3n P\u00fablica<\/p>\n\n\n\n<p class=\"has-contrast-3-color has-text-color\">(Este numeral aplica parcialmente ya que la Federaci\u00f3n Nacional de F\u00fatbol de Guatemala \u00fanicamente realiza transferencias otorgadas con fondos p\u00fablicos y sus respectivos montos asignados y no cuenta con programas de subsidios y becas)<\/p>\n\n\n\n<figure class=\"wp-block-table is-style-stripes has-small-font-size\"><table><tbody><tr><td class=\"has-text-align-right\" data-align=\"right\"><a href=\"https:\/\/fedefutguate.gt\/informacionpublica\/wp-content\/uploads\/2023\/02\/Justificacion-Tecnica-15-articulo-10-Ley-de-Informacion-Publica-2023.pdf\" target=\"_blank\" rel=\"noreferrer noopener\"><img loading=\"lazy\" decoding=\"async\" width=\"50\" height=\"58\" class=\"wp-image-266\" style=\"width: 50px;\" src=\"https:\/\/fedefutguate.gt\/informacionpublica\/wp-content\/uploads\/2022\/02\/pngaaa.com-2621310.png\" alt=\"\"><\/a><\/td><td><a rel=\"noreferrer noopener\" href=\"https:\/\/fedefutguate.gt\/informacionpublica\/wp-content\/uploads\/2023\/02\/Justificacion-Tecnica-15-articulo-10-Ley-de-Informacion-Publica-2023.pdf\" target=\"_blank\">Justificaci\u00f3n T\u00e9cnica (Art\u00edculo 10 Numeral 15 de la Ley de Acceso a la Informaci\u00f3n P\u00fablica)<\/a><\/td><\/tr><tr><td class=\"has-text-align-right\" data-align=\"right\"><a href=\"https:\/\/fedefutguate.gt\/informacionpublica\/wp-content\/uploads\/2023\/02\/Criterios-para-Asignaciones-a-Asociaciones-Deportivas-Departamentales-de-la-Federacion-Nacional-de-Futbol-de-Guatemala-Vigentes-para-el-ano-2023.pdf\" target=\"_blank\" rel=\"noreferrer noopener\"><img loading=\"lazy\" decoding=\"async\" width=\"50\" height=\"58\" class=\"wp-image-266\" style=\"width: 50px;\" src=\"https:\/\/fedefutguate.gt\/informacionpublica\/wp-content\/uploads\/2022\/02\/pngaaa.com-2621310.png\" alt=\"\"><\/a><\/td><td><a href=\"https:\/\/fedefutguate.gt\/informacionpublica\/wp-content\/uploads\/2023\/02\/Criterios-para-Asignaciones-a-Asociaciones-Deportivas-Departamentales-de-la-Federacion-Nacional-de-Futbol-de-Guatemala-Vigentes-para-el-ano-2023.pdf\" target=\"_blank\" rel=\"noreferrer noopener\">Criterios para Asignaciones a Asociaciones Deportivas Departamentales de la Federaci\u00f3n Nacional de F\u00fatbol de Guatemala (Vigentes para el a\u00f1o 2023)<\/a><\/td><\/tr><\/tbody><\/table><\/figure>\n\n\n\n<figure class=\"wp-block-table is-style-stripes has-small-font-size\"><table><tbody><tr><td class=\"has-text-align-right\" data-align=\"right\"><a href=\"https:\/\/fedefutguate.gt\/informacionpublica\/wp-content\/uploads\/2023\/02\/Transferencias-con-Fondos-Publicos-con-sus-respectivas-asignaciones-ENERO-2023.pdf\" target=\"_blank\" rel=\"noreferrer noopener\"><img loading=\"lazy\" decoding=\"async\" width=\"50\" height=\"58\" class=\"wp-image-266\" style=\"width: 50px;\" src=\"https:\/\/fedefutguate.gt\/informacionpublica\/wp-content\/uploads\/2022\/02\/pngaaa.com-2621310.png\" alt=\"\"><\/a><\/td><td><a href=\"https:\/\/fedefutguate.gt\/informacionpublica\/wp-content\/uploads\/2023\/02\/Transferencias-con-Fondos-Publicos-con-sus-respectivas-asignaciones-ENERO-2023.pdf\" target=\"_blank\" rel=\"noreferrer noopener\">Transferencias con Fondos P\u00fablicos con sus Respectivas Asignaciones (ENERO 2023)<\/a><\/td><\/tr><tr><td class=\"has-text-align-right\" data-align=\"right\"><a href=\"https:\/\/fedefutguate.gt\/informacionpublica\/wp-content\/uploads\/2023\/02\/Becas-de-Estudio-ENERO-2023.pdf\" target=\"_blank\" rel=\"noreferrer noopener\"><img loading=\"lazy\" decoding=\"async\" width=\"50\" height=\"58\" class=\"wp-image-266\" style=\"width: 50px;\" src=\"https:\/\/fedefutguate.gt\/informacionpublica\/wp-content\/uploads\/2022\/02\/pngaaa.com-2621310.png\" alt=\"\"><\/a><\/td><td><a href=\"https:\/\/fedefutguate.gt\/informacionpublica\/wp-content\/uploads\/2023\/02\/Becas-de-Estudio-ENERO-2023.pdf\" target=\"_blank\" rel=\"noreferrer noopener\">Becas de Estudio (ENERO 2023)<\/a><\/td><\/tr><tr><td class=\"has-text-align-right\" data-align=\"right\"><a href=\"https:\/\/fedefutguate.gt\/informacionpublica\/wp-content\/uploads\/2023\/03\/Transferencias-con-Fondos-Publicos-con-sus-respectivas-asignaciones-FEBRERO-2023.pdf\" target=\"_blank\" rel=\"noreferrer noopener\"><img loading=\"lazy\" decoding=\"async\" width=\"50\" height=\"58\" class=\"wp-image-266\" style=\"width: 50px;\" src=\"https:\/\/fedefutguate.gt\/informacionpublica\/wp-content\/uploads\/2022\/02\/pngaaa.com-2621310.png\" alt=\"\"><\/a><\/td><td><a href=\"https:\/\/fedefutguate.gt\/informacionpublica\/wp-content\/uploads\/2023\/03\/Transferencias-con-Fondos-Publicos-con-sus-respectivas-asignaciones-FEBRERO-2023.pdf\" target=\"_blank\" rel=\"noreferrer noopener\">Transferencias con Fondos P\u00fablicos con sus Respectivas Asignaciones (FEBRERO 2023)<\/a><\/td><\/tr><tr><td class=\"has-text-align-right\" data-align=\"right\"><a href=\"https:\/\/fedefutguate.gt\/informacionpublica\/wp-content\/uploads\/2023\/03\/Becas-de-Estudio-FEBRERO-2023.pdf\" target=\"_blank\" rel=\"noreferrer noopener\"><img loading=\"lazy\" decoding=\"async\" width=\"50\" height=\"58\" class=\"wp-image-266\" style=\"width: 50px;\" src=\"https:\/\/fedefutguate.gt\/informacionpublica\/wp-content\/uploads\/2022\/02\/pngaaa.com-2621310.png\" alt=\"\"><\/a><\/td><td><br><a rel=\"noreferrer noopener\" href=\"https:\/\/fedefutguate.gt\/informacionpublica\/wp-content\/uploads\/2023\/03\/Becas-de-Estudio-FEBRERO-2023.pdf\" target=\"_blank\">Becas de Estudio (<\/a><a rel=\"noreferrer noopener\" href=\"https:\/\/fedefutguate.gt\/informacionpublica\/wp-content\/uploads\/2023\/03\/Becas-de-Estudio-FEBRERO-2023.pdf\" target=\"_blank\">F<\/a><a rel=\"noreferrer noopener\" href=\"https:\/\/fedefutguate.gt\/informacionpublica\/wp-content\/uploads\/2023\/03\/Becas-de-Estudio-FEBRERO-2023.pdf\" target=\"_blank\">E<\/a><a rel=\"noreferrer noopener\" href=\"https:\/\/fedefutguate.gt\/informacionpublica\/wp-content\/uploads\/2023\/03\/Becas-de-Estudio-FEBRERO-2023.pdf\" target=\"_blank\">B<\/a><a rel=\"noreferrer noopener\" href=\"https:\/\/fedefutguate.gt\/informacionpublica\/wp-content\/uploads\/2023\/03\/Becas-de-Estudio-FEBRERO-2023.pdf\" target=\"_blank\">R<\/a><a rel=\"noreferrer noopener\" href=\"https:\/\/fedefutguate.gt\/informacionpublica\/wp-content\/uploads\/2023\/03\/Becas-de-Estudio-FEBRERO-2023.pdf\" target=\"_blank\">E<\/a><a rel=\"noreferrer noopener\" href=\"https:\/\/fedefutguate.gt\/informacionpublica\/wp-content\/uploads\/2023\/03\/Becas-de-Estudio-FEBRERO-2023.pdf\" target=\"_blank\">R<\/a><a href=\"https:\/\/fedefutguate.gt\/informacionpublica\/wp-content\/uploads\/2023\/03\/Becas-de-Estudio-FEBRERO-2023.pdf\" target=\"_blank\" rel=\"noreferrer noopener\">O<\/a><a rel=\"noreferrer noopener\" href=\"https:\/\/fedefutguate.gt\/informacionpublica\/wp-content\/uploads\/2023\/03\/Becas-de-Estudio-FEBRERO-2023.pdf\" target=\"_blank\"> 2023)<\/a><\/td><\/tr><tr><td class=\"has-text-align-right\" data-align=\"right\"><a href=\"https:\/\/fedefutguate.gt\/informacionpublica\/wp-content\/uploads\/2023\/04\/Transferencias-con-Fondos-Publicos-con-sus-respectivas-asignaciones-MARZO-2023.pdf\" target=\"_blank\" rel=\"noreferrer noopener\"><img loading=\"lazy\" decoding=\"async\" width=\"50\" height=\"58\" class=\"wp-image-266\" style=\"width: 50px;\" src=\"https:\/\/fedefutguate.gt\/informacionpublica\/wp-content\/uploads\/2022\/02\/pngaaa.com-2621310.png\" alt=\"\"><\/a><\/td><td><a href=\"https:\/\/fedefutguate.gt\/informacionpublica\/wp-content\/uploads\/2023\/04\/Transferencias-con-Fondos-Publicos-con-sus-respectivas-asignaciones-MARZO-2023.pdf\" target=\"_blank\" rel=\"noreferrer noopener\">Transferencias con Fondos P\u00fablicos con sus Respectivas Asignaciones (MARZO 2023)<\/a><\/td><\/tr><tr><td class=\"has-text-align-right\" data-align=\"right\"><a href=\"https:\/\/fedefutguate.gt\/informacionpublica\/wp-content\/uploads\/2023\/04\/Becas-de-Estudio-MARZO-2023.pdf\" target=\"_blank\" rel=\"noreferrer noopener\"><img loading=\"lazy\" decoding=\"async\" width=\"50\" height=\"58\" class=\"wp-image-266\" style=\"width: 50px;\" src=\"https:\/\/fedefutguate.gt\/informacionpublica\/wp-content\/uploads\/2022\/02\/pngaaa.com-2621310.png\" alt=\"\"><\/a><\/td><td><br><a rel=\"noreferrer noopener\" href=\"https:\/\/fedefutguate.gt\/informacionpublica\/wp-content\/uploads\/2023\/04\/Becas-de-Estudio-MARZO-2023.pdf\" target=\"_blank\">Becas de Estudio (MARZO 2023)<\/a><\/td><\/tr><tr><td class=\"has-text-align-right\" data-align=\"right\"><a href=\"https:\/\/fedefutguate.gt\/informacionpublica\/wp-content\/uploads\/2023\/05\/Transferencias-con-Fondos-Publicos-con-sus-respectivas-asignaciones-ABRIL-2023.pdf\" target=\"_blank\" rel=\"noreferrer noopener\"><img loading=\"lazy\" decoding=\"async\" width=\"50\" height=\"58\" class=\"wp-image-266\" style=\"width: 50px;\" src=\"https:\/\/fedefutguate.gt\/informacionpublica\/wp-content\/uploads\/2022\/02\/pngaaa.com-2621310.png\" alt=\"\"><\/a><\/td><td><a href=\"https:\/\/fedefutguate.gt\/informacionpublica\/wp-content\/uploads\/2023\/05\/Transferencias-con-Fondos-Publicos-con-sus-respectivas-asignaciones-ABRIL-2023.pdf\" target=\"_blank\" rel=\"noreferrer noopener\">Transferencias con Fondos P\u00fablicos con sus Respectivas Asignaciones (ABRIL 2023)<\/a><\/td><\/tr><tr><td class=\"has-text-align-right\" data-align=\"right\"><a href=\"https:\/\/fedefutguate.gt\/informacionpublica\/wp-content\/uploads\/2023\/05\/Becas-de-Estudio-ABRIL-2023.pdf\" target=\"_blank\" rel=\"noreferrer noopener\"><img loading=\"lazy\" decoding=\"async\" width=\"50\" height=\"58\" class=\"wp-image-266\" style=\"width: 50px;\" src=\"https:\/\/fedefutguate.gt\/informacionpublica\/wp-content\/uploads\/2022\/02\/pngaaa.com-2621310.png\" alt=\"\"><\/a><\/td><td><a rel=\"noreferrer noopener\" href=\"https:\/\/fedefutguate.gt\/informacionpublica\/wp-content\/uploads\/2023\/05\/Becas-de-Estudio-ABRIL-2023.pdf\" target=\"_blank\">Becas de Estudio (<\/a><a rel=\"noreferrer noopener\" href=\"https:\/\/fedefutguate.gt\/informacionpublica\/wp-content\/uploads\/2023\/05\/Becas-de-Estudio-ABRIL-2023.pdf\" target=\"_blank\">A<\/a><a rel=\"noreferrer noopener\" href=\"https:\/\/fedefutguate.gt\/informacionpublica\/wp-content\/uploads\/2023\/05\/Becas-de-Estudio-ABRIL-2023.pdf\" target=\"_blank\">B<\/a><a rel=\"noreferrer noopener\" href=\"https:\/\/fedefutguate.gt\/informacionpublica\/wp-content\/uploads\/2023\/05\/Becas-de-Estudio-ABRIL-2023.pdf\" target=\"_blank\">R<\/a><a rel=\"noreferrer noopener\" href=\"https:\/\/fedefutguate.gt\/informacionpublica\/wp-content\/uploads\/2023\/05\/Becas-de-Estudio-ABRIL-2023.pdf\" target=\"_blank\">I<\/a><a href=\"https:\/\/fedefutguate.gt\/informacionpublica\/wp-content\/uploads\/2023\/05\/Becas-de-Estudio-ABRIL-2023.pdf\" target=\"_blank\" rel=\"noreferrer noopener\">L<\/a><a rel=\"noreferrer noopener\" href=\"https:\/\/fedefutguate.gt\/informacionpublica\/wp-content\/uploads\/2023\/05\/Becas-de-Estudio-ABRIL-2023.pdf\" target=\"_blank\"> 2023)<\/a><\/td><\/tr><tr><td class=\"has-text-align-right\" data-align=\"right\"><a href=\"https:\/\/fedefutguate.gt\/informacionpublica\/wp-content\/uploads\/2023\/06\/Transferencias-con-Fondos-Publicos-con-sus-respectivas-asignaciones-MAYO-2023.pdf\" target=\"_blank\" rel=\"noreferrer noopener\"><img loading=\"lazy\" decoding=\"async\" width=\"50\" height=\"58\" class=\"wp-image-266\" style=\"width: 50px;\" src=\"https:\/\/fedefutguate.gt\/informacionpublica\/wp-content\/uploads\/2022\/02\/pngaaa.com-2621310.png\" alt=\"\"><\/a><\/td><td><a href=\"https:\/\/fedefutguate.gt\/informacionpublica\/wp-content\/uploads\/2023\/06\/Transferencias-con-Fondos-Publicos-con-sus-respectivas-asignaciones-MAYO-2023.pdf\" target=\"_blank\" rel=\"noreferrer noopener\">Transferencias con Fondos P\u00fablicos con sus Respectivas Asignaciones (MAYO 2023)<\/a><\/td><\/tr><tr><td class=\"has-text-align-right\" data-align=\"right\"><a href=\"https:\/\/fedefutguate.gt\/informacionpublica\/wp-content\/uploads\/2023\/06\/Becas-de-Estudio-MAYO-2023.pdf\" target=\"_blank\" rel=\"noreferrer noopener\"><img loading=\"lazy\" decoding=\"async\" width=\"50\" height=\"58\" class=\"wp-image-266\" style=\"width: 50px;\" src=\"https:\/\/fedefutguate.gt\/informacionpublica\/wp-content\/uploads\/2022\/02\/pngaaa.com-2621310.png\" alt=\"\"><\/a><\/td><td><a href=\"https:\/\/fedefutguate.gt\/informacionpublica\/wp-content\/uploads\/2023\/06\/Becas-de-Estudio-MAYO-2023.pdf\" target=\"_blank\" rel=\"noreferrer noopener\">Becas de Estudio (MAYO 2023)<\/a><\/td><\/tr><tr><td class=\"has-text-align-right\" data-align=\"right\"><a href=\"https:\/\/fedefutguate.gt\/informacionpublica\/wp-content\/uploads\/2023\/07\/Transferencias-con-Fondos-Publicos-con-sus-respectivas-asignaciones-JUNIO-2023.pdf\" target=\"_blank\" rel=\"noreferrer noopener\"><img loading=\"lazy\" decoding=\"async\" width=\"50\" height=\"58\" class=\"wp-image-266\" style=\"width: 50px;\" src=\"https:\/\/fedefutguate.gt\/informacionpublica\/wp-content\/uploads\/2022\/02\/pngaaa.com-2621310.png\" alt=\"\"><\/a><\/td><td><a href=\"https:\/\/fedefutguate.gt\/informacionpublica\/wp-content\/uploads\/2023\/07\/Transferencias-con-Fondos-Publicos-con-sus-respectivas-asignaciones-JUNIO-2023.pdf\" target=\"_blank\" rel=\"noreferrer noopener\">Transferencias con Fondos P\u00fablicos con sus Respectivas Asignaciones (JUNIO 2023)<\/a><\/td><\/tr><tr><td class=\"has-text-align-right\" data-align=\"right\"><a href=\"https:\/\/fedefutguate.gt\/informacionpublica\/wp-content\/uploads\/2023\/07\/Becas-de-Estudio-JUNIO-2023.pdf\" target=\"_blank\" rel=\"noreferrer noopener\"><img loading=\"lazy\" decoding=\"async\" width=\"50\" height=\"58\" class=\"wp-image-266\" style=\"width: 50px;\" src=\"https:\/\/fedefutguate.gt\/informacionpublica\/wp-content\/uploads\/2022\/02\/pngaaa.com-2621310.png\" alt=\"\"><\/a><\/td><td><a href=\"https:\/\/fedefutguate.gt\/informacionpublica\/wp-content\/uploads\/2023\/07\/Becas-de-Estudio-JUNIO-2023.pdf\" target=\"_blank\" rel=\"noreferrer noopener\">Becas de Estudio (JUNIO 2023)<\/a><\/td><\/tr><tr><td class=\"has-text-align-right\" data-align=\"right\"><a href=\"https:\/\/fedefutguate.gt\/informacionpublica\/wp-content\/uploads\/2023\/08\/Transferencias-con-Fondos-Publicos-con-sus-respectivas-asignaciones-JULIO-2023.pdf\" target=\"_blank\" rel=\"noreferrer noopener\"><img loading=\"lazy\" decoding=\"async\" width=\"50\" height=\"58\" class=\"wp-image-266\" style=\"width: 50px;\" src=\"https:\/\/fedefutguate.gt\/informacionpublica\/wp-content\/uploads\/2022\/02\/pngaaa.com-2621310.png\" alt=\"\"><\/a><\/td><td><a rel=\"noreferrer noopener\" href=\"https:\/\/fedefutguate.gt\/informacionpublica\/wp-content\/uploads\/2023\/08\/Transferencias-con-Fondos-Publicos-con-sus-respectivas-asignaciones-JULIO-2023.pdf\" target=\"_blank\">Transferencias con Fondos P\u00fablicos con sus Respectivas Asignaciones (JU<\/a><a href=\"https:\/\/fedefutguate.gt\/informacionpublica\/wp-content\/uploads\/2023\/08\/Transferencias-con-Fondos-Publicos-con-sus-respectivas-asignaciones-JULIO-2023.pdf\" target=\"_blank\" rel=\"noreferrer noopener\">L<\/a><a rel=\"noreferrer noopener\" href=\"https:\/\/fedefutguate.gt\/informacionpublica\/wp-content\/uploads\/2023\/08\/Transferencias-con-Fondos-Publicos-con-sus-respectivas-asignaciones-JULIO-2023.pdf\" target=\"_blank\">IO 2023)<\/a><\/td><\/tr><tr><td class=\"has-text-align-right\" data-align=\"right\"><a href=\"https:\/\/fedefutguate.gt\/informacionpublica\/wp-content\/uploads\/2023\/08\/Becas-de-Estudio-JULIO-2023.pdf\" target=\"_blank\" rel=\"noreferrer noopener\"><img loading=\"lazy\" decoding=\"async\" width=\"50\" height=\"58\" class=\"wp-image-266\" style=\"width: 50px;\" src=\"https:\/\/fedefutguate.gt\/informacionpublica\/wp-content\/uploads\/2022\/02\/pngaaa.com-2621310.png\" alt=\"\"><\/a><\/td><td><a rel=\"noreferrer noopener\" href=\"https:\/\/fedefutguate.gt\/informacionpublica\/wp-content\/uploads\/2023\/08\/Becas-de-Estudio-JULIO-2023.pdf\" target=\"_blank\">Becas de Estudio (JU<\/a><a href=\"https:\/\/fedefutguate.gt\/informacionpublica\/wp-content\/uploads\/2023\/08\/Becas-de-Estudio-JULIO-2023.pdf\" target=\"_blank\" rel=\"noreferrer noopener\">L<\/a><a rel=\"noreferrer noopener\" href=\"https:\/\/fedefutguate.gt\/informacionpublica\/wp-content\/uploads\/2023\/08\/Becas-de-Estudio-JULIO-2023.pdf\" target=\"_blank\">IO 2023)<\/a><\/td><\/tr><tr><td class=\"has-text-align-right\" data-align=\"right\"><a href=\"https:\/\/fedefutguate.gt\/informacionpublica\/wp-content\/uploads\/2023\/09\/Transferencias-con-Fondos-Publicos-con-sus-respectivas-asignaciones-AGOSTO-2023.pdf\"><img loading=\"lazy\" decoding=\"async\" width=\"50\" height=\"58\" class=\"wp-image-266\" style=\"width: 50px;\" src=\"https:\/\/fedefutguate.gt\/informacionpublica\/wp-content\/uploads\/2022\/02\/pngaaa.com-2621310.png\" alt=\"\"><\/a><\/td><td><a href=\"https:\/\/fedefutguate.gt\/informacionpublica\/wp-content\/uploads\/2023\/09\/Transferencias-con-Fondos-Publicos-con-sus-respectivas-asignaciones-AGOSTO-2023.pdf\">Transferencias con Fondos P\u00fablicos con sus Respectivas Asignaciones (AGOSTO 2023)<\/a><\/td><\/tr><tr><td class=\"has-text-align-right\" data-align=\"right\"><a href=\"https:\/\/fedefutguate.gt\/informacionpublica\/wp-content\/uploads\/2023\/09\/Becas-de-Estudio-AGOSTO-2023.pdf\"><img loading=\"lazy\" decoding=\"async\" width=\"50\" height=\"58\" class=\"wp-image-266\" style=\"width: 50px;\" src=\"https:\/\/fedefutguate.gt\/informacionpublica\/wp-content\/uploads\/2022\/02\/pngaaa.com-2621310.png\" alt=\"\"><\/a><\/td><td><a href=\"https:\/\/fedefutguate.gt\/informacionpublica\/wp-content\/uploads\/2023\/09\/Becas-de-Estudio-AGOSTO-2023.pdf\">Becas de Estudio (AGOSTO 2023)<\/a><\/td><\/tr><tr><td class=\"has-text-align-right\" data-align=\"right\"><a href=\"https:\/\/fedefutguate.gt\/informacionpublica\/wp-content\/uploads\/2023\/10\/Transferencias-con-Fondos-Publicos-con-sus-respectivas-asignaciones-SEPTIEMBRE-2023-2.pdf\"><img loading=\"lazy\" decoding=\"async\" width=\"50\" height=\"58\" class=\"wp-image-266\" style=\"width: 50px;\" src=\"https:\/\/fedefutguate.gt\/informacionpublica\/wp-content\/uploads\/2022\/02\/pngaaa.com-2621310.png\" alt=\"\"><\/a><\/td><td><a href=\"https:\/\/fedefutguate.gt\/informacionpublica\/wp-content\/uploads\/2023\/10\/Transferencias-con-Fondos-Publicos-con-sus-respectivas-asignaciones-SEPTIEMBRE-2023-2.pdf\">Transferencias con Fondos P\u00fablicos con sus Respectivas Asignaciones (SEPTIEMBRE 2023)<\/a><\/td><\/tr><tr><td class=\"has-text-align-right\" data-align=\"right\"><a href=\"https:\/\/fedefutguate.gt\/informacionpublica\/wp-content\/uploads\/2023\/10\/Becas-de-Estudio-SEPTIEMBRE-2023.pdf\"><img loading=\"lazy\" decoding=\"async\" width=\"50\" height=\"58\" class=\"wp-image-266\" style=\"width: 50px;\" src=\"https:\/\/fedefutguate.gt\/informacionpublica\/wp-content\/uploads\/2022\/02\/pngaaa.com-2621310.png\" alt=\"\"><\/a><\/td><td><a href=\"https:\/\/fedefutguate.gt\/informacionpublica\/wp-content\/uploads\/2023\/10\/Becas-de-Estudio-SEPTIEMBRE-2023.pdf\">Becas de Estudio (SEPTIEMBRE 2023)<\/a><\/td><\/tr><tr><td class=\"has-text-align-right\" data-align=\"right\"><a href=\"https:\/\/fedefutguate.gt\/informacionpublica\/wp-content\/uploads\/2023\/11\/Transferencias-con-Fondos-Publicos-con-sus-respectivas-asignaciones-OCTUBRE-2023.pdf\"><img loading=\"lazy\" decoding=\"async\" width=\"50\" height=\"58\" class=\"wp-image-266\" style=\"width: 50px;\" src=\"https:\/\/fedefutguate.gt\/informacionpublica\/wp-content\/uploads\/2022\/02\/pngaaa.com-2621310.png\" alt=\"\"><\/a><\/td><td><a href=\"https:\/\/fedefutguate.gt\/informacionpublica\/wp-content\/uploads\/2023\/11\/Transferencias-con-Fondos-Publicos-con-sus-respectivas-asignaciones-OCTUBRE-2023.pdf\">Transferencias con Fondos P\u00fablicos con sus Respectivas Asignaciones (OCTUBRE 2023)<\/a><\/td><\/tr><tr><td class=\"has-text-align-right\" data-align=\"right\"><a href=\"https:\/\/fedefutguate.gt\/informacionpublica\/wp-content\/uploads\/2023\/11\/Becas-de-Estudio-OCTUBRE-2023.pdf\"><img loading=\"lazy\" decoding=\"async\" width=\"50\" height=\"58\" class=\"wp-image-266\" style=\"width: 50px;\" src=\"https:\/\/fedefutguate.gt\/informacionpublica\/wp-content\/uploads\/2022\/02\/pngaaa.com-2621310.png\" alt=\"\"><\/a><\/td><td><a href=\"https:\/\/fedefutguate.gt\/informacionpublica\/wp-content\/uploads\/2023\/11\/Becas-de-Estudio-OCTUBRE-2023.pdf\">Becas de Estudio (OCTUBRE 2023)<\/a><\/td><\/tr><tr><td class=\"has-text-align-right\" data-align=\"right\"><a href=\"https:\/\/fedefutguate.gt\/informacionpublica\/wp-content\/uploads\/2023\/12\/Transferencias-con-Fondos-Publicos-con-sus-respectivas-asignaciones-NOVIEMBRE-2023.pdf\"><img loading=\"lazy\" decoding=\"async\" width=\"50\" height=\"58\" class=\"wp-image-266\" style=\"width: 50px;\" src=\"https:\/\/fedefutguate.gt\/informacionpublica\/wp-content\/uploads\/2022\/02\/pngaaa.com-2621310.png\" alt=\"\"><\/a><\/td><td><a href=\"https:\/\/fedefutguate.gt\/informacionpublica\/wp-content\/uploads\/2023\/12\/Transferencias-con-Fondos-Publicos-con-sus-respectivas-asignaciones-NOVIEMBRE-2023.pdf\">Transferencias con Fondos P\u00fablicos con sus Respectivas Asignaciones (NOVIEMBRE 2023)<\/a><\/td><\/tr><tr><td class=\"has-text-align-right\" data-align=\"right\"><a href=\"https:\/\/fedefutguate.gt\/informacionpublica\/wp-content\/uploads\/2023\/12\/Becas-de-Estudio-NOVIEMBRE-2023.pdf\" target=\"_blank\" rel=\"noreferrer noopener\"><img loading=\"lazy\" decoding=\"async\" width=\"50\" height=\"58\" class=\"wp-image-266\" style=\"width: 50px;\" src=\"https:\/\/fedefutguate.gt\/informacionpublica\/wp-content\/uploads\/2022\/02\/pngaaa.com-2621310.png\" alt=\"\"><\/a><\/td><td><a href=\"https:\/\/fedefutguate.gt\/informacionpublica\/wp-content\/uploads\/2023\/12\/Becas-de-Estudio-NOVIEMBRE-2023.pdf\" target=\"_blank\" rel=\"noreferrer noopener\">Becas de Estudio (NOVIEMBRE 2023)<\/a><\/td><\/tr><tr><td class=\"has-text-align-right\" data-align=\"right\"><a href=\"https:\/\/fedefutguate.gt\/informacionpublica\/wp-content\/uploads\/2024\/01\/Transferencias-con-Fondos-Publicos-con-sus-respectivas-asignaciones-DICIEMBRE-2023.pdf\" target=\"_blank\" rel=\"noreferrer noopener\"><img loading=\"lazy\" decoding=\"async\" width=\"50\" height=\"58\" class=\"wp-image-266\" style=\"width: 50px;\" src=\"https:\/\/fedefutguate.gt\/informacionpublica\/wp-content\/uploads\/2022\/02\/pngaaa.com-2621310.png\" alt=\"\"><\/a><\/td><td><a href=\"https:\/\/fedefutguate.gt\/informacionpublica\/wp-content\/uploads\/2024\/01\/Transferencias-con-Fondos-Publicos-con-sus-respectivas-asignaciones-DICIEMBRE-2023.pdf\" target=\"_blank\" rel=\"noreferrer noopener\">Transferencias con Fondos P\u00fablicos con sus Respectivas Asignaciones (DICIEMBRE 2023)<\/a><\/td><\/tr><tr><td class=\"has-text-align-right\" data-align=\"right\"><a href=\"https:\/\/fedefutguate.gt\/informacionpublica\/wp-content\/uploads\/2024\/01\/Becas-de-Estudio-DICIEMBRE-2023.pdf\" target=\"_blank\" rel=\"noreferrer noopener\"><img loading=\"lazy\" decoding=\"async\" width=\"50\" height=\"58\" class=\"wp-image-266\" style=\"width: 50px;\" src=\"https:\/\/fedefutguate.gt\/informacionpublica\/wp-content\/uploads\/2022\/02\/pngaaa.com-2621310.png\" alt=\"\"><\/a><\/td><td><a href=\"https:\/\/fedefutguate.gt\/informacionpublica\/wp-content\/uploads\/2024\/01\/Becas-de-Estudio-DICIEMBRE-2023.pdf\" target=\"_blank\" rel=\"noreferrer noopener\">Becas de Estudio (DICIEMBRE 2023)<\/a><\/td><\/tr><\/tbody><\/table><\/figure>\n","protected":false},"excerpt":{"rendered":"<p>Los montos asignados, los criterios de acceso y los padrones de beneficiarios de los programas de subsidios, becas o transferencias otorgados con fondos p\u00fablicos. Art\u00edculo 10, numeral 15 de la Ley de Acceso a la Informaci\u00f3n P\u00fablica (Este numeral aplica parcialmente ya que la Federaci\u00f3n Nacional de F\u00fatbol de Guatemala \u00fanicamente realiza transferencias otorgadas con &#8230; <a title=\"MONTOS ASIGNADOS, CRITERIOS DE ACCESO, PADRONES DE BENEFICIARIOS DE LOS PROGRAMAS DE SUBSIDIOS, BECAS O TRANFERENCIAS OTORGADOS CON FONDOS P\u00daBLICOS -2023-\" class=\"read-more\" href=\"https:\/\/fedefutguate.gt\/informacionpublica\/2023-montos-asignados-criterios-de-acceso-padrones-de-beneficiarios-de-los-programas-de-subsidios-becas-o-tranferencias-otorgados-con-fondos-publicos\/\" aria-label=\"Read more about MONTOS ASIGNADOS, CRITERIOS DE ACCESO, PADRONES DE BENEFICIARIOS DE LOS PROGRAMAS DE SUBSIDIOS, BECAS O TRANFERENCIAS OTORGADOS CON FONDOS P\u00daBLICOS -2023-\">Read more<\/a><\/p>\n","protected":false},"author":1,"featured_media":0,"parent":0,"menu_order":0,"comment_status":"closed","ping_status":"closed","template":"","meta":{"footnotes":""},"class_list":["post-2264","page","type-page","status-publish"],"_links":{"self":[{"href":"https:\/\/fedefutguate.gt\/informacionpublica\/wp-json\/wp\/v2\/pages\/2264","targetHints":{"allow":["GET"]}}],"collection":[{"href":"https:\/\/fedefutguate.gt\/informacionpublica\/wp-json\/wp\/v2\/pages"}],"about":[{"href":"https:\/\/fedefutguate.gt\/informacionpublica\/wp-json\/wp\/v2\/types\/page"}],"author":[{"embeddable":true,"href":"https:\/\/fedefutguate.gt\/informacionpublica\/wp-json\/wp\/v2\/users\/1"}],"replies":[{"embeddable":true,"href":"https:\/\/fedefutguate.gt\/informacionpublica\/wp-json\/wp\/v2\/comments?post=2264"}],"version-history":[{"count":22,"href":"https:\/\/fedefutguate.gt\/informacionpublica\/wp-json\/wp\/v2\/pages\/2264\/revisions"}],"predecessor-version":[{"id":3845,"href":"https:\/\/fedefutguate.gt\/informacionpublica\/wp-json\/wp\/v2\/pages\/2264\/revisions\/3845"}],"wp:attachment":[{"href":"https:\/\/fedefutguate.gt\/informacionpublica\/wp-json\/wp\/v2\/media?parent=2264"}],"curies":[{"name":"wp","href":"https:\/\/api.w.org\/{rel}","templated":true}]}}