{"id":2280,"date":"2023-02-09T23:34:49","date_gmt":"2023-02-09T22:34:49","guid":{"rendered":"https:\/\/fedefutguate.gt\/informacionpublica\/?page_id=2280"},"modified":"2024-03-06T14:50:41","modified_gmt":"2024-03-06T13:50:41","slug":"2023-contrataciones-a-traves-de-los-procesos-de-cotizacion-y-licitacion","status":"publish","type":"page","link":"https:\/\/fedefutguate.gt\/informacionpublica\/2023-contrataciones-a-traves-de-los-procesos-de-cotizacion-y-licitacion\/","title":{"rendered":"CONTRATACIONES A TRAV\u00c9S DE LOS PROCESOS DE COTIZACI\u00d3N Y LICITACI\u00d3N -2023-"},"content":{"rendered":"\n<p class=\"has-contrast-2-color has-text-color\">Informaci\u00f3n sobre todas las contrataciones que se realicen a trav\u00e9s de los procesos de cotizaci\u00f3n y licitaci\u00f3n y sus contratos respectivos, identificando el n\u00famero de operaci\u00f3n correspondiente a los sistemas electr\u00f3nicos de registro de contrataciones de bienes o servicios, fecha de adjudicaci\u00f3n, nombre del proveedor, monto adjudicado, plazo del contrato y fecha de aprobaci\u00f3n del contrato respectivo.<\/p>\n\n\n\n<p>Art\u00edculo 10, numeral 20 de la Ley de Acceso a la Informaci\u00f3n P\u00fablica.<\/p>\n\n\n\n<figure class=\"wp-block-table is-style-stripes\"><table><tbody><tr><td class=\"has-text-align-right\" data-align=\"right\"><a href=\"https:\/\/fedefutguate.gt\/informacionpublica\/wp-content\/uploads\/2023\/02\/Contrataciones-por-Cotizacion-y-Licitacion-ENERO-2023.pdf\" target=\"_blank\" rel=\"noreferrer noopener\"><img loading=\"lazy\" decoding=\"async\" width=\"50\" height=\"58\" class=\"wp-image-266\" style=\"width: 50px;\" src=\"https:\/\/fedefutguate.gt\/informacionpublica\/wp-content\/uploads\/2022\/02\/pngaaa.com-2621310.png\" alt=\"\"><\/a><\/td><td><a href=\"https:\/\/fedefutguate.gt\/informacionpublica\/wp-content\/uploads\/2023\/02\/Contrataciones-por-Cotizacion-y-Licitacion-ENERO-2023.pdf\" target=\"_blank\" rel=\"noreferrer noopener\">Contrataciones por Cotizaci\u00f3n y Licitaci\u00f3n (ENERO 2023)<\/a><\/td><\/tr><tr><td class=\"has-text-align-right\" data-align=\"right\"><a href=\"https:\/\/fedefutguate.gt\/informacionpublica\/wp-content\/uploads\/2023\/03\/Contrataciones-por-Cotizacion-y-Licitacion-FEBRERO-2023.pdf\" target=\"_blank\" rel=\"noreferrer noopener\"><img loading=\"lazy\" decoding=\"async\" width=\"50\" height=\"58\" class=\"wp-image-266\" style=\"width: 50px;\" src=\"https:\/\/fedefutguate.gt\/informacionpublica\/wp-content\/uploads\/2022\/02\/pngaaa.com-2621310.png\" alt=\"\"><\/a><\/td><td><br><a href=\"https:\/\/fedefutguate.gt\/informacionpublica\/wp-content\/uploads\/2023\/03\/Contrataciones-por-Cotizacion-y-Licitacion-FEBRERO-2023.pdf\" target=\"_blank\" rel=\"noreferrer noopener\">Contrataciones por Cotizaci\u00f3n y Licitaci\u00f3n (FEBRERO 2023)<\/a><\/td><\/tr><tr><td class=\"has-text-align-right\" data-align=\"right\"><a href=\"https:\/\/fedefutguate.gt\/informacionpublica\/wp-content\/uploads\/2023\/04\/Contrataciones-por-Cotizacion-y-Licitacion-MARZO-2023.pdf\" target=\"_blank\" rel=\"noreferrer noopener\"><img loading=\"lazy\" decoding=\"async\" width=\"50\" height=\"58\" class=\"wp-image-266\" style=\"width: 50px;\" src=\"https:\/\/fedefutguate.gt\/informacionpublica\/wp-content\/uploads\/2022\/02\/pngaaa.com-2621310.png\" alt=\"\"><\/a><\/td><td><a href=\"https:\/\/fedefutguate.gt\/informacionpublica\/wp-content\/uploads\/2023\/04\/Contrataciones-por-Cotizacion-y-Licitacion-MARZO-2023.pdf\" target=\"_blank\" rel=\"noreferrer noopener\">Contrataciones por Cotizaci\u00f3n y Licitaci\u00f3n (MARZO 2023)<\/a><\/td><\/tr><tr><td class=\"has-text-align-right\" data-align=\"right\"><a href=\"https:\/\/fedefutguate.gt\/informacionpublica\/wp-content\/uploads\/2023\/05\/Contrataciones-por-Cotizacion-y-Licitacion-ABRIL-2023.pdf\" target=\"_blank\" rel=\"noreferrer noopener\"><img loading=\"lazy\" decoding=\"async\" width=\"50\" height=\"58\" class=\"wp-image-266\" style=\"width: 50px;\" src=\"https:\/\/fedefutguate.gt\/informacionpublica\/wp-content\/uploads\/2022\/02\/pngaaa.com-2621310.png\" alt=\"\"><\/a><\/td><td><a href=\"https:\/\/fedefutguate.gt\/informacionpublica\/wp-content\/uploads\/2023\/05\/Contrataciones-por-Cotizacion-y-Licitacion-ABRIL-2023.pdf\" target=\"_blank\" rel=\"noreferrer noopener\">Contrataciones por Cotizaci\u00f3n y Licitaci\u00f3n (ABRIL 2023)<\/a><\/td><\/tr><tr><td class=\"has-text-align-right\" data-align=\"right\"><a href=\"https:\/\/fedefutguate.gt\/informacionpublica\/wp-content\/uploads\/2023\/06\/Contrataciones-por-Cotizacion-y-Licitacion-MAYO-2023.pdf\" target=\"_blank\" rel=\"noreferrer noopener\"><img loading=\"lazy\" decoding=\"async\" width=\"50\" height=\"58\" class=\"wp-image-266\" style=\"width: 50px;\" src=\"https:\/\/fedefutguate.gt\/informacionpublica\/wp-content\/uploads\/2022\/02\/pngaaa.com-2621310.png\" alt=\"\"><\/a><\/td><td><a href=\"https:\/\/fedefutguate.gt\/informacionpublica\/wp-content\/uploads\/2023\/06\/Contrataciones-por-Cotizacion-y-Licitacion-MAYO-2023.pdf\" target=\"_blank\" rel=\"noreferrer noopener\">Contrataciones por Cotizaci\u00f3n y Licitaci\u00f3n (MAYO 2023)<\/a><\/td><\/tr><tr><td class=\"has-text-align-right\" data-align=\"right\"><a href=\"https:\/\/fedefutguate.gt\/informacionpublica\/wp-content\/uploads\/2023\/07\/Contrataciones-por-Cotizacion-y-Licitacion-JUNIO-2023.pdf\" target=\"_blank\" rel=\"noreferrer noopener\"><img loading=\"lazy\" decoding=\"async\" width=\"50\" height=\"58\" class=\"wp-image-266\" style=\"width: 50px;\" src=\"https:\/\/fedefutguate.gt\/informacionpublica\/wp-content\/uploads\/2022\/02\/pngaaa.com-2621310.png\" alt=\"\"><\/a><\/td><td><a href=\"https:\/\/fedefutguate.gt\/informacionpublica\/wp-content\/uploads\/2023\/07\/Contrataciones-por-Cotizacion-y-Licitacion-JUNIO-2023.pdf\" target=\"_blank\" rel=\"noreferrer noopener\"><br>Contrataciones por Cotizaci\u00f3n y Licitaci\u00f3n (JUNIO 2023)<\/a><\/td><\/tr><tr><td class=\"has-text-align-right\" data-align=\"right\"><a href=\"https:\/\/fedefutguate.gt\/informacionpublica\/wp-content\/uploads\/2023\/08\/Contrataciones-por-Cotizacion-y-Licitacion-JULIO-2023.pdf\" target=\"_blank\" rel=\"noreferrer noopener\"><img loading=\"lazy\" decoding=\"async\" width=\"50\" height=\"58\" class=\"wp-image-266\" style=\"width: 50px;\" src=\"https:\/\/fedefutguate.gt\/informacionpublica\/wp-content\/uploads\/2022\/02\/pngaaa.com-2621310.png\" alt=\"\"><\/a><\/td><td><a href=\"https:\/\/fedefutguate.gt\/informacionpublica\/wp-content\/uploads\/2023\/08\/Contrataciones-por-Cotizacion-y-Licitacion-JULIO-2023.pdf\" target=\"_blank\" rel=\"noreferrer noopener\">Contrataciones por Cotizaci\u00f3n y Licitaci\u00f3n (JULIO 2023)<\/a><\/td><\/tr><tr><td class=\"has-text-align-right\" data-align=\"right\"><a href=\"https:\/\/fedefutguate.gt\/informacionpublica\/wp-content\/uploads\/2023\/09\/Contrataciones-por-Cotizacion-y-Licitacion-AGOSTO-2023.pdf\"><img loading=\"lazy\" decoding=\"async\" width=\"50\" height=\"58\" class=\"wp-image-266\" style=\"width: 50px;\" src=\"https:\/\/fedefutguate.gt\/informacionpublica\/wp-content\/uploads\/2022\/02\/pngaaa.com-2621310.png\" alt=\"\"><\/a><\/td><td><a href=\"https:\/\/fedefutguate.gt\/informacionpublica\/wp-content\/uploads\/2023\/09\/Contrataciones-por-Cotizacion-y-Licitacion-AGOSTO-2023.pdf\">Contrataciones por Cotizaci\u00f3n y Licitaci\u00f3n (AGOSTO 2023)<\/a><\/td><\/tr><tr><td class=\"has-text-align-right\" data-align=\"right\"><a href=\"https:\/\/fedefutguate.gt\/informacionpublica\/wp-content\/uploads\/2023\/10\/Contrataciones-por-Cotizacion-y-Licitacion-SEPTIEMBRE-2023.pdf\"><img loading=\"lazy\" decoding=\"async\" width=\"50\" height=\"58\" class=\"wp-image-266\" style=\"width: 50px;\" src=\"https:\/\/fedefutguate.gt\/informacionpublica\/wp-content\/uploads\/2022\/02\/pngaaa.com-2621310.png\" alt=\"\"><\/a><\/td><td><a href=\"https:\/\/fedefutguate.gt\/informacionpublica\/wp-content\/uploads\/2023\/10\/Contrataciones-por-Cotizacion-y-Licitacion-SEPTIEMBRE-2023.pdf\">Contrataciones por Cotizaci\u00f3n y Licitaci\u00f3n (SEPTIEMBRE 2023)<\/a><\/td><\/tr><tr><td class=\"has-text-align-right\" data-align=\"right\"><a href=\"https:\/\/fedefutguate.gt\/informacionpublica\/wp-content\/uploads\/2023\/11\/Contrataciones-por-Cotizacion-y-Licitacion-OCTUBRE-2023.pdf\"><img loading=\"lazy\" decoding=\"async\" width=\"50\" height=\"58\" class=\"wp-image-266\" style=\"width: 50px;\" src=\"https:\/\/fedefutguate.gt\/informacionpublica\/wp-content\/uploads\/2022\/02\/pngaaa.com-2621310.png\" alt=\"\"><\/a><\/td><td><a href=\"https:\/\/fedefutguate.gt\/informacionpublica\/wp-content\/uploads\/2023\/11\/Contrataciones-por-Cotizacion-y-Licitacion-OCTUBRE-2023.pdf\">Contrataciones por Cotizaci\u00f3n y Licitaci\u00f3n (OCTUBRE 2023)<\/a><\/td><\/tr><tr><td class=\"has-text-align-right\" data-align=\"right\"><a href=\"https:\/\/fedefutguate.gt\/informacionpublica\/wp-content\/uploads\/2024\/03\/Contrataciones-por-Cotizacion-y-Licitacion-NOVIEMBRE-2023-1.pdf\" target=\"_blank\" rel=\"noreferrer noopener\"><img loading=\"lazy\" decoding=\"async\" width=\"50\" height=\"58\" class=\"wp-image-266\" style=\"width: 50px;\" src=\"https:\/\/fedefutguate.gt\/informacionpublica\/wp-content\/uploads\/2022\/02\/pngaaa.com-2621310.png\" alt=\"\"><\/a><\/td><td><a href=\"https:\/\/fedefutguate.gt\/informacionpublica\/wp-content\/uploads\/2024\/03\/Contrataciones-por-Cotizacion-y-Licitacion-NOVIEMBRE-2023-1.pdf\" target=\"_blank\" rel=\"noreferrer noopener\">Contrataciones por Cotizaci\u00f3n y Licitaci\u00f3n (NOVIEMBRE 2023)<\/a><\/td><\/tr><tr><td class=\"has-text-align-right\" data-align=\"right\"><a href=\"https:\/\/fedefutguate.gt\/informacionpublica\/wp-content\/uploads\/2024\/01\/Contrataciones-por-Cotizacion-y-Licitacion-DICIEMBRE-2023.pdf\" target=\"_blank\" rel=\"noreferrer noopener\"><img loading=\"lazy\" decoding=\"async\" width=\"50\" height=\"58\" class=\"wp-image-266\" style=\"width: 50px;\" src=\"https:\/\/fedefutguate.gt\/informacionpublica\/wp-content\/uploads\/2022\/02\/pngaaa.com-2621310.png\" alt=\"\"><\/a><\/td><td><a href=\"https:\/\/fedefutguate.gt\/informacionpublica\/wp-content\/uploads\/2024\/01\/Contrataciones-por-Cotizacion-y-Licitacion-DICIEMBRE-2023.pdf\" target=\"_blank\" rel=\"noreferrer noopener\">Contrataciones por Cotizaci\u00f3n y Licitaci\u00f3n (DICIEMBRE 2023)<\/a><\/td><\/tr><\/tbody><\/table><\/figure>\n\n\n\n<p><\/p>\n","protected":false},"excerpt":{"rendered":"<p>Informaci\u00f3n sobre todas las contrataciones que se realicen a trav\u00e9s de los procesos de cotizaci\u00f3n y licitaci\u00f3n y sus contratos respectivos, identificando el n\u00famero de operaci\u00f3n correspondiente a los sistemas electr\u00f3nicos de registro de contrataciones de bienes o servicios, fecha de adjudicaci\u00f3n, nombre del proveedor, monto adjudicado, plazo del contrato y fecha de aprobaci\u00f3n del &#8230; <a title=\"CONTRATACIONES A TRAV\u00c9S DE LOS PROCESOS DE COTIZACI\u00d3N Y LICITACI\u00d3N -2023-\" class=\"read-more\" href=\"https:\/\/fedefutguate.gt\/informacionpublica\/2023-contrataciones-a-traves-de-los-procesos-de-cotizacion-y-licitacion\/\" aria-label=\"Read more about CONTRATACIONES A TRAV\u00c9S DE LOS PROCESOS DE COTIZACI\u00d3N Y LICITACI\u00d3N -2023-\">Read more<\/a><\/p>\n","protected":false},"author":1,"featured_media":0,"parent":0,"menu_order":0,"comment_status":"closed","ping_status":"closed","template":"","meta":{"footnotes":""},"class_list":["post-2280","page","type-page","status-publish"],"_links":{"self":[{"href":"https:\/\/fedefutguate.gt\/informacionpublica\/wp-json\/wp\/v2\/pages\/2280","targetHints":{"allow":["GET"]}}],"collection":[{"href":"https:\/\/fedefutguate.gt\/informacionpublica\/wp-json\/wp\/v2\/pages"}],"about":[{"href":"https:\/\/fedefutguate.gt\/informacionpublica\/wp-json\/wp\/v2\/types\/page"}],"author":[{"embeddable":true,"href":"https:\/\/fedefutguate.gt\/informacionpublica\/wp-json\/wp\/v2\/users\/1"}],"replies":[{"embeddable":true,"href":"https:\/\/fedefutguate.gt\/informacionpublica\/wp-json\/wp\/v2\/comments?post=2280"}],"version-history":[{"count":16,"href":"https:\/\/fedefutguate.gt\/informacionpublica\/wp-json\/wp\/v2\/pages\/2280\/revisions"}],"predecessor-version":[{"id":4342,"href":"https:\/\/fedefutguate.gt\/informacionpublica\/wp-json\/wp\/v2\/pages\/2280\/revisions\/4342"}],"wp:attachment":[{"href":"https:\/\/fedefutguate.gt\/informacionpublica\/wp-json\/wp\/v2\/media?parent=2280"}],"curies":[{"name":"wp","href":"https:\/\/api.w.org\/{rel}","templated":true}]}}