{"id":2290,"date":"2023-02-09T23:50:02","date_gmt":"2023-02-09T22:50:02","guid":{"rendered":"https:\/\/fedefutguate.gt\/informacionpublica\/?page_id=2290"},"modified":"2024-01-26T19:07:41","modified_gmt":"2024-01-26T18:07:41","slug":"2023-informes-finales-de-las-auditorias-gubernamentales-o-privadas","status":"publish","type":"page","link":"https:\/\/fedefutguate.gt\/informacionpublica\/2023-informes-finales-de-las-auditorias-gubernamentales-o-privadas\/","title":{"rendered":"INFORMES FINALES DE LAS AUDITOR\u00cdAS GUBERNAMENTALES O PRIVADAS -2023-"},"content":{"rendered":"\n<p class=\"has-contrast-2-color has-text-color\">Los informes finales de las auditorias gubernamentales o privadas practicadas a los sujetos obligados, conforme a los per\u00edodos de revisi\u00f3n correspondientes.<\/p>\n\n\n\n<p>Art\u00edculo 10, numeral 23 de la Ley de Acceso a la Informaci\u00f3n P\u00fablica.<\/p>\n\n\n\n<figure class=\"wp-block-table is-style-stripes has-small-font-size\"><table class=\"has-contrast-2-color has-text-color\"><tbody><tr><td class=\"has-text-align-right\" data-align=\"right\"><a href=\"https:\/\/fedefutguate.gt\/informacionpublica\/wp-content\/uploads\/2023\/02\/Justificacion-Tecnica-ENERO-2023.pdf\" target=\"_blank\" rel=\"noreferrer noopener\"><img loading=\"lazy\" decoding=\"async\" width=\"50\" height=\"58\" class=\"wp-image-266\" style=\"width: 50px;\" src=\"https:\/\/fedefutguate.gt\/informacionpublica\/wp-content\/uploads\/2022\/02\/pngaaa.com-2621310.png\" alt=\"\"><\/a><\/td><td><a href=\"https:\/\/fedefutguate.gt\/informacionpublica\/wp-content\/uploads\/2023\/02\/Justificacion-Tecnica-ENERO-2023.pdf\" target=\"_blank\" rel=\"noreferrer noopener\">OF-FNFG-DF-221-2023\/byis  (Justificaci\u00f3n T\u00e9cnica ENERO 2023) <\/a><\/td><\/tr><tr><td class=\"has-text-align-right\" data-align=\"right\"><a href=\"https:\/\/fedefutguate.gt\/informacionpublica\/wp-content\/uploads\/2023\/03\/MA-Guatemala_2021_Central-review_Final-AUP-report-1-1.pdf\" target=\"_blank\" rel=\"noreferrer noopener\"><img loading=\"lazy\" decoding=\"async\" width=\"50\" height=\"58\" class=\"wp-image-266\" style=\"width: 50px;\" src=\"https:\/\/fedefutguate.gt\/informacionpublica\/wp-content\/uploads\/2022\/02\/pngaaa.com-2621310.png\" alt=\"\"><\/a><\/td><td><a rel=\"noreferrer noopener\" href=\"https:\/\/fedefutguate.gt\/informacionpublica\/wp-content\/uploads\/2023\/03\/MA-Guatemala_2021_Central-review_Final-AUP-report-1-1.pdf\" target=\"_blank\"><strong>Informe de Auditor\u00eda Central del ejercicio del 01 de enero al 31 de diciembre de 2021 enviado por F\u00e9d\u00e9ration Internationale de Football Association (FIFA)<\/strong><\/a><\/td><\/tr><tr><td class=\"has-text-align-right\" data-align=\"right\"><a href=\"https:\/\/fedefutguate.gt\/informacionpublica\/wp-content\/uploads\/2023\/04\/Justificacion-Tecnica-MARZO-2023.pdf\" target=\"_blank\" rel=\"noreferrer noopener\"><img loading=\"lazy\" decoding=\"async\" width=\"50\" height=\"58\" class=\"wp-image-266\" style=\"width: 50px;\" src=\"https:\/\/fedefutguate.gt\/informacionpublica\/wp-content\/uploads\/2022\/02\/pngaaa.com-2621310.png\" alt=\"\"><\/a><\/td><td><a href=\"https:\/\/fedefutguate.gt\/informacionpublica\/wp-content\/uploads\/2023\/04\/Justificacion-Tecnica-MARZO-2023.pdf\" target=\"_blank\" rel=\"noreferrer noopener\">Of-FNFG-DF-535-2023\/byis (Justificaci\u00f3n T\u00e9cnica MARZO 2023)<\/a><\/td><\/tr><tr><td class=\"has-text-align-right\" data-align=\"right\"><a href=\"https:\/\/fedefutguate.gt\/informacionpublica\/wp-content\/uploads\/2023\/05\/Justificacion-Tecnica-ABRIL-2023.pdf\" target=\"_blank\" rel=\"noreferrer noopener\"><img loading=\"lazy\" decoding=\"async\" width=\"50\" height=\"58\" class=\"wp-image-266\" style=\"width: 50px;\" src=\"https:\/\/fedefutguate.gt\/informacionpublica\/wp-content\/uploads\/2022\/02\/pngaaa.com-2621310.png\" alt=\"\"><\/a><\/td><td><a href=\"https:\/\/fedefutguate.gt\/informacionpublica\/wp-content\/uploads\/2023\/05\/Justificacion-Tecnica-ABRIL-2023.pdf\" target=\"_blank\" rel=\"noreferrer noopener\">of-FNFG-DF-681-2023\/byis (Justificaci\u00f3n T\u00e9cnica ABRIL 2023)<\/a><\/td><\/tr><tr><td class=\"has-text-align-right\" data-align=\"right\"><a href=\"https:\/\/fedefutguate.gt\/informacionpublica\/wp-content\/uploads\/2023\/05\/INFORME-DE-AUDITORIA-FINANCIERA-Y-CUMPLIMIENTO-C.G.C.-2022.pdf\" target=\"_blank\" rel=\"noreferrer noopener\"><img loading=\"lazy\" decoding=\"async\" width=\"50\" height=\"58\" class=\"wp-image-266\" style=\"width: 50px;\" src=\"https:\/\/fedefutguate.gt\/informacionpublica\/wp-content\/uploads\/2022\/02\/pngaaa.com-2621310.png\" alt=\"\"><\/a><\/td><td><a rel=\"noreferrer noopener\" href=\"https:\/\/fedefutguate.gt\/informacionpublica\/wp-content\/uploads\/2023\/05\/INFORME-DE-AUDITORIA-FINANCIERA-Y-CUMPLIMIENTO-C.G.C.-2022.pdf\" target=\"_blank\"><strong>Informe de Auditor\u00eda Financiera y de Cumplimiento Federaci\u00f3n Nacional de F\u00fatbol del 01 de enero al 31 de diciembre de 2022<\/strong><\/a><\/td><\/tr><tr><td class=\"has-text-align-right\" data-align=\"right\"><a href=\"https:\/\/fedefutguate.gt\/informacionpublica\/wp-content\/uploads\/2023\/07\/Informe-de-Auditoria-Independiente-a-los-Estados-Financieros-al-31-de-diciembre-2022-y-2021.pdf\" target=\"_blank\" rel=\"noreferrer noopener\"><img loading=\"lazy\" decoding=\"async\" width=\"50\" height=\"58\" class=\"wp-image-266\" style=\"width: 50px;\" src=\"https:\/\/fedefutguate.gt\/informacionpublica\/wp-content\/uploads\/2022\/02\/pngaaa.com-2621310.png\" alt=\"\"><\/a><\/td><td><strong><a rel=\"noreferrer noopener\" href=\"https:\/\/fedefutguate.gt\/informacionpublica\/wp-content\/uploads\/2023\/07\/Informe-de-Auditoria-Independiente-a-los-Estados-Financieros-al-31-de-diciembre-2022-y-2021.pdf\" target=\"_blank\">Informe de Auditor\u00eda Independiente de Estados Financieros de la Federaci\u00f3n Nacional de F\u00fatbol de Guatemala de los a\u00f1os 2021 y 2022, presentado por Gonzales, Juarez, S.C.<\/a><\/strong><\/td><\/tr><tr><td class=\"has-text-align-right\" data-align=\"right\"><a href=\"https:\/\/fedefutguate.gt\/informacionpublica\/wp-content\/uploads\/2023\/08\/Justificacion-Tecnica-JULIO-2023.pdf\" target=\"_blank\" rel=\"noreferrer noopener\"><img loading=\"lazy\" decoding=\"async\" width=\"50\" height=\"58\" class=\"wp-image-266\" style=\"width: 50px;\" src=\"https:\/\/fedefutguate.gt\/informacionpublica\/wp-content\/uploads\/2022\/02\/pngaaa.com-2621310.png\" alt=\"\"><\/a><\/td><td><a rel=\"noreferrer noopener\" href=\"https:\/\/fedefutguate.gt\/informacionpublica\/wp-content\/uploads\/2023\/08\/Justificacion-Tecnica-JULIO-2023.pdf\" target=\"_blank\">Of-FNFG-DF-1192-2023\/jac (Justificaci\u00f3n T\u00e9cnica JULIO 2023)<\/a> <\/td><\/tr><tr><td class=\"has-text-align-right\" data-align=\"right\"><a href=\"https:\/\/fedefutguate.gt\/informacionpublica\/wp-content\/uploads\/2023\/10\/Justificacion-Tecnica-AGOSTO-2023.pdf\"><img loading=\"lazy\" decoding=\"async\" width=\"50\" height=\"58\" class=\"wp-image-266\" style=\"width: 50px;\" src=\"https:\/\/fedefutguate.gt\/informacionpublica\/wp-content\/uploads\/2022\/02\/pngaaa.com-2621310.png\" alt=\"\"><\/a><\/td><td><a href=\"https:\/\/fedefutguate.gt\/informacionpublica\/wp-content\/uploads\/2023\/10\/Justificacion-Tecnica-AGOSTO-2023.pdf\">Of-FNFG-DF-1384-2023\/jac (Justificaci\u00f3n T\u00e9cnica AGOSTO 2023)<\/a><\/td><\/tr><tr><td class=\"has-text-align-right\" data-align=\"right\"><a href=\"https:\/\/fedefutguate.gt\/informacionpublica\/wp-content\/uploads\/2023\/09\/INFORME-DE-AUDITORIA-OPERATIVA-EN-EL-AREA-DE-PRESUPUESTO-DISTRIBUCION-Y-CUMPLIMIENTO-DEL-20-30-Y-50-ESTABLECIDO-EN-EL-ARTICULO-132-LEY-DEL-DEPORTE.-01-07-2022-al-31-12-2022.pdf\"><img loading=\"lazy\" decoding=\"async\" width=\"50\" height=\"58\" class=\"wp-image-266\" style=\"width: 50px;\" src=\"https:\/\/fedefutguate.gt\/informacionpublica\/wp-content\/uploads\/2022\/02\/pngaaa.com-2621310.png\" alt=\"\"><\/a><\/td><td><a href=\"https:\/\/fedefutguate.gt\/informacionpublica\/wp-content\/uploads\/2023\/09\/INFORME-DE-AUDITORIA-OPERATIVA-EN-EL-AREA-DE-PRESUPUESTO-DISTRIBUCION-Y-CUMPLIMIENTO-DEL-20-30-Y-50-ESTABLECIDO-EN-EL-ARTICULO-132-LEY-DEL-DEPORTE.-01-07-2022-al-31-12-2022.pdf\">Informe de Auditor\u00eda Operativa en el \u00e1rea de Presupuesto, Distribuci\u00f3n y Cumplimiento del 20%, 30% y 50% establecido en el art\u00edculo 132 de la Ley Nacional para el Desarrollo de la Cultura F\u00edsica y del Deporte en la Federaci\u00f3n Nacional de F\u00fatbol de Guatemala del 01 de julio al 31 de diciembre de 2022<\/a><\/td><\/tr><tr><td class=\"has-text-align-right\" data-align=\"right\"><a href=\"https:\/\/fedefutguate.gt\/informacionpublica\/wp-content\/uploads\/2023\/11\/Justificacion-Tecnica-Octubre.pdf\"><img loading=\"lazy\" decoding=\"async\" width=\"50\" height=\"58\" class=\"wp-image-266\" style=\"width: 50px;\" src=\"https:\/\/fedefutguate.gt\/informacionpublica\/wp-content\/uploads\/2022\/02\/pngaaa.com-2621310.png\" alt=\"\"><\/a><\/td><td><a href=\"https:\/\/fedefutguate.gt\/informacionpublica\/wp-content\/uploads\/2023\/11\/Justificacion-Tecnica-Octubre.pdf\">Of-FNFG-DF-1670-2023\/jac (Justificaci\u00f3n T\u00e9cnica OCTUBRE 2023)<\/a><\/td><\/tr><tr><td class=\"has-text-align-right\" data-align=\"right\"><a href=\"https:\/\/fedefutguate.gt\/informacionpublica\/wp-content\/uploads\/2023\/12\/Justificacion-Tecnica-NOVIEMBRE-2023.pdf\" target=\"_blank\" rel=\"noreferrer noopener\"><img loading=\"lazy\" decoding=\"async\" width=\"50\" height=\"58\" class=\"wp-image-266\" style=\"width: 50px;\" src=\"https:\/\/fedefutguate.gt\/informacionpublica\/wp-content\/uploads\/2022\/02\/pngaaa.com-2621310.png\" alt=\"\"><\/a><\/td><td><a href=\"https:\/\/fedefutguate.gt\/informacionpublica\/wp-content\/uploads\/2023\/12\/Justificacion-Tecnica-NOVIEMBRE-2023.pdf\">Of-FNFG-DF-1854-2023\/jac (Justificaci\u00f3n T\u00e9cnica NOVIEMBRE 2023)<\/a><\/td><\/tr><tr><td class=\"has-text-align-right\" data-align=\"right\"><a href=\"https:\/\/fedefutguate.gt\/informacionpublica\/wp-content\/uploads\/2024\/01\/INFORME-DE-AUDITORIA-OPERATIVA-No.-AI-092-2023-AUDITORIA-OPERATIVA-EN-EL-AREA-DE-PRESUPUESTO-DISTRIBUCION-Y-CUMPLIMIENTO-20-30-Y-50.pdf\" target=\"_blank\" rel=\"noreferrer noopener\"><img loading=\"lazy\" decoding=\"async\" width=\"50\" height=\"58\" class=\"wp-image-266\" style=\"width: 50px;\" src=\"https:\/\/fedefutguate.gt\/informacionpublica\/wp-content\/uploads\/2022\/02\/pngaaa.com-2621310.png\" alt=\"\"><\/a><\/td><td><a href=\"https:\/\/fedefutguate.gt\/informacionpublica\/wp-content\/uploads\/2024\/01\/INFORME-DE-AUDITORIA-OPERATIVA-No.-AI-092-2023-AUDITORIA-OPERATIVA-EN-EL-AREA-DE-PRESUPUESTO-DISTRIBUCION-Y-CUMPLIMIENTO-20-30-Y-50.pdf\" target=\"_blank\" rel=\"noreferrer noopener\">Informe de Auditor\u00eda Operativa en el \u00e1rea de Presupuesto, Distribuci\u00f3n y Cumplimiento del 20%, 30% y 50% establecido en el art\u00edculo 132 de la Ley Nacional para el Desarrollo de la Cultura F\u00edsica y del Deporte y en el \u00e1rea de Control Interno de Almac\u00e9n en la Federaci\u00f3n Nacional de F\u00fatbol de Guatemala del 01 de enero al 30 de junio de 2023<\/a><\/td><\/tr><\/tbody><\/table><\/figure>\n\n\n\n<p><\/p>\n","protected":false},"excerpt":{"rendered":"<p>Los informes finales de las auditorias gubernamentales o privadas practicadas a los sujetos obligados, conforme a los per\u00edodos de revisi\u00f3n correspondientes. Art\u00edculo 10, numeral 23 de la Ley de Acceso a la Informaci\u00f3n P\u00fablica. OF-FNFG-DF-221-2023\/byis (Justificaci\u00f3n T\u00e9cnica ENERO 2023) Informe de Auditor\u00eda Central del ejercicio del 01 de enero al 31 de diciembre de 2021 &#8230; <a title=\"INFORMES FINALES DE LAS AUDITOR\u00cdAS GUBERNAMENTALES O PRIVADAS -2023-\" class=\"read-more\" href=\"https:\/\/fedefutguate.gt\/informacionpublica\/2023-informes-finales-de-las-auditorias-gubernamentales-o-privadas\/\" aria-label=\"Read more about INFORMES FINALES DE LAS AUDITOR\u00cdAS GUBERNAMENTALES O PRIVADAS -2023-\">Read more<\/a><\/p>\n","protected":false},"author":1,"featured_media":0,"parent":0,"menu_order":0,"comment_status":"closed","ping_status":"closed","template":"","meta":{"footnotes":""},"class_list":["post-2290","page","type-page","status-publish"],"_links":{"self":[{"href":"https:\/\/fedefutguate.gt\/informacionpublica\/wp-json\/wp\/v2\/pages\/2290","targetHints":{"allow":["GET"]}}],"collection":[{"href":"https:\/\/fedefutguate.gt\/informacionpublica\/wp-json\/wp\/v2\/pages"}],"about":[{"href":"https:\/\/fedefutguate.gt\/informacionpublica\/wp-json\/wp\/v2\/types\/page"}],"author":[{"embeddable":true,"href":"https:\/\/fedefutguate.gt\/informacionpublica\/wp-json\/wp\/v2\/users\/1"}],"replies":[{"embeddable":true,"href":"https:\/\/fedefutguate.gt\/informacionpublica\/wp-json\/wp\/v2\/comments?post=2290"}],"version-history":[{"count":14,"href":"https:\/\/fedefutguate.gt\/informacionpublica\/wp-json\/wp\/v2\/pages\/2290\/revisions"}],"predecessor-version":[{"id":3851,"href":"https:\/\/fedefutguate.gt\/informacionpublica\/wp-json\/wp\/v2\/pages\/2290\/revisions\/3851"}],"wp:attachment":[{"href":"https:\/\/fedefutguate.gt\/informacionpublica\/wp-json\/wp\/v2\/media?parent=2290"}],"curies":[{"name":"wp","href":"https:\/\/api.w.org\/{rel}","templated":true}]}}