{"id":2307,"date":"2023-02-09T23:57:37","date_gmt":"2023-02-09T22:57:37","guid":{"rendered":"https:\/\/fedefutguate.gt\/informacionpublica\/?page_id=2307"},"modified":"2024-02-08T19:04:16","modified_gmt":"2024-02-08T18:04:16","slug":"2023-datos-relacionados-con-la-pertenencia-sociolinguistica-de-los-usuarios-de-sus-servicios","status":"publish","type":"page","link":"https:\/\/fedefutguate.gt\/informacionpublica\/2023-datos-relacionados-con-la-pertenencia-sociolinguistica-de-los-usuarios-de-sus-servicios\/","title":{"rendered":"DATOS RELACIONADOS CON LA PERTENENCIA SOCIOLING\u00dc\u00cdSTICA DE LOS USUARIOS DE SUS SERVICIOS -2023-"},"content":{"rendered":"\n<p class=\"has-contrast-2-color has-text-color\">Las entidades e instituciones del Estado deber\u00e1n mantener informe actualizado sobre los datos relacionados con la pertenencia socioling\u00fc\u00edstica de los usuarios de sus servicios, a efecto de adecuar la prestaci\u00f3n de los mismos.<\/p>\n\n\n\n<p>Art\u00edculo 10, numeral 28 de la Ley de Acceso a la Informaci\u00f3n P\u00fablica.<\/p>\n\n\n\n<figure class=\"wp-block-table is-style-stripes\"><table><tbody><tr><td class=\"has-text-align-right\" data-align=\"right\"><a href=\"https:\/\/fedefutguate.gt\/informacionpublica\/wp-content\/uploads\/2023\/02\/Informe-de-Pertenencia-Sociolinguistica-ENERO-2023.pdf\" target=\"_blank\" rel=\"noreferrer noopener\"><img loading=\"lazy\" decoding=\"async\" width=\"50\" height=\"58\" class=\"wp-image-266\" style=\"width: 50px;\" src=\"https:\/\/fedefutguate.gt\/informacionpublica\/wp-content\/uploads\/2022\/02\/pngaaa.com-2621310.png\" alt=\"\"><\/a><\/td><td><a href=\"https:\/\/fedefutguate.gt\/informacionpublica\/wp-content\/uploads\/2023\/02\/Informe-de-Pertenencia-Sociolinguistica-ENERO-2023.pdf\" target=\"_blank\" rel=\"noreferrer noopener\">INFORME DE PERTENENCIA SOCIOLING\u00dc\u00cdSTICA (ENERO 2023)<\/a><\/td><\/tr><tr><td class=\"has-text-align-right\" data-align=\"right\"><a href=\"https:\/\/fedefutguate.gt\/informacionpublica\/wp-content\/uploads\/2023\/03\/Informe-de-Pertenencia-Sociolinguistica-FEBRERO-2023.pdf\" target=\"_blank\" rel=\"noreferrer noopener\"><img loading=\"lazy\" decoding=\"async\" width=\"50\" height=\"58\" class=\"wp-image-266\" style=\"width: 50px;\" src=\"https:\/\/fedefutguate.gt\/informacionpublica\/wp-content\/uploads\/2022\/02\/pngaaa.com-2621310.png\" alt=\"\"><\/a><\/td><td><a href=\"https:\/\/fedefutguate.gt\/informacionpublica\/wp-content\/uploads\/2023\/03\/Informe-de-Pertenencia-Sociolinguistica-FEBRERO-2023.pdf\" target=\"_blank\" rel=\"noreferrer noopener\">INFORME DE PERTENENCIA SOCIOLING\u00dc\u00cdSTICA (FEBRERO 2023)<\/a><\/td><\/tr><tr><td class=\"has-text-align-right\" data-align=\"right\"><a href=\"https:\/\/fedefutguate.gt\/informacionpublica\/wp-content\/uploads\/2023\/04\/Informe-de-Pertenencia-Sociolinguistica-MARZO-2023.pdf\" target=\"_blank\" rel=\"noreferrer noopener\"><img loading=\"lazy\" decoding=\"async\" width=\"50\" height=\"58\" class=\"wp-image-266\" style=\"width: 50px;\" src=\"https:\/\/fedefutguate.gt\/informacionpublica\/wp-content\/uploads\/2022\/02\/pngaaa.com-2621310.png\" alt=\"\"><\/a><\/td><td><br><a href=\"https:\/\/fedefutguate.gt\/informacionpublica\/wp-content\/uploads\/2023\/04\/Informe-de-Pertenencia-Sociolinguistica-MARZO-2023.pdf\" target=\"_blank\" rel=\"noreferrer noopener\">INFORME DE PERTENENCIA SOCIOLING\u00dc\u00cdSTICA (MARZO 2023)<\/a><\/td><\/tr><tr><td class=\"has-text-align-right\" data-align=\"right\"><a href=\"https:\/\/fedefutguate.gt\/informacionpublica\/wp-content\/uploads\/2023\/05\/Informe-de-Pertenencia-Sociolinguistica-ABRIL-2023.pdf\" target=\"_blank\" rel=\"noreferrer noopener\"><img loading=\"lazy\" decoding=\"async\" width=\"50\" height=\"58\" class=\"wp-image-266\" style=\"width: 50px;\" src=\"https:\/\/fedefutguate.gt\/informacionpublica\/wp-content\/uploads\/2022\/02\/pngaaa.com-2621310.png\" alt=\"\"><\/a><\/td><td><a href=\"https:\/\/fedefutguate.gt\/informacionpublica\/wp-content\/uploads\/2023\/05\/Informe-de-Pertenencia-Sociolinguistica-ABRIL-2023.pdf\" target=\"_blank\" rel=\"noreferrer noopener\">INFORME DE PERTENENCIA SOCIOLING\u00dc\u00cdSTICA (ABRIL 2023)<\/a><\/td><\/tr><tr><td class=\"has-text-align-right\" data-align=\"right\"><a href=\"https:\/\/fedefutguate.gt\/informacionpublica\/wp-content\/uploads\/2023\/06\/Informe-de-Pertenencia-Sociolinguistica-MAYO-2023.pdf\" target=\"_blank\" rel=\"noreferrer noopener\"><img loading=\"lazy\" decoding=\"async\" width=\"50\" height=\"58\" class=\"wp-image-266\" style=\"width: 50px;\" src=\"https:\/\/fedefutguate.gt\/informacionpublica\/wp-content\/uploads\/2022\/02\/pngaaa.com-2621310.png\" alt=\"\"><\/a><\/td><td><a href=\"https:\/\/fedefutguate.gt\/informacionpublica\/wp-content\/uploads\/2023\/06\/Informe-de-Pertenencia-Sociolinguistica-MAYO-2023.pdf\" target=\"_blank\" rel=\"noreferrer noopener\">INFORME DE PERTENENCIA SOCIOLING\u00dc\u00cdSTICA (MAYO 2023)<\/a><\/td><\/tr><tr><td class=\"has-text-align-right\" data-align=\"right\"><a href=\"https:\/\/fedefutguate.gt\/informacionpublica\/wp-content\/uploads\/2023\/07\/Informe-de-Pertenencia-Sociolinguistica-JUNIO-2023.pdf\" target=\"_blank\" rel=\"noreferrer noopener\"><img loading=\"lazy\" decoding=\"async\" width=\"50\" height=\"58\" class=\"wp-image-266\" style=\"width: 50px;\" src=\"https:\/\/fedefutguate.gt\/informacionpublica\/wp-content\/uploads\/2022\/02\/pngaaa.com-2621310.png\" alt=\"\"><\/a><\/td><td><a href=\"https:\/\/fedefutguate.gt\/informacionpublica\/wp-content\/uploads\/2023\/07\/Informe-de-Pertenencia-Sociolinguistica-JUNIO-2023.pdf\" target=\"_blank\" rel=\"noreferrer noopener\">INFORME DE PERTENENCIA SOCIOLING\u00dc\u00cdSTICA (JUNIO 2023)<\/a><\/td><\/tr><tr><td class=\"has-text-align-right\" data-align=\"right\"><a href=\"https:\/\/fedefutguate.gt\/informacionpublica\/wp-content\/uploads\/2023\/08\/Informe-de-Pertenencia-Sociolinguistica-JULIO-2023.pdf\" target=\"_blank\" rel=\"noreferrer noopener\"><img loading=\"lazy\" decoding=\"async\" width=\"50\" height=\"58\" class=\"wp-image-266\" style=\"width: 50px;\" src=\"https:\/\/fedefutguate.gt\/informacionpublica\/wp-content\/uploads\/2022\/02\/pngaaa.com-2621310.png\" alt=\"\"><\/a><\/td><td><a href=\"https:\/\/fedefutguate.gt\/informacionpublica\/wp-content\/uploads\/2023\/08\/Informe-de-Pertenencia-Sociolinguistica-JULIO-2023.pdf\" target=\"_blank\" rel=\"noreferrer noopener\">INFORME DE PERTENENCIA SOCIOLING\u00dc\u00cdSTICA (JULIO 2023)<\/a><\/td><\/tr><tr><td class=\"has-text-align-right\" data-align=\"right\"><a href=\"https:\/\/fedefutguate.gt\/informacionpublica\/wp-content\/uploads\/2023\/09\/Informe-de-Pertenencia-Sociolinguistica-AGOSTO-2023.pdf\"><img loading=\"lazy\" decoding=\"async\" width=\"50\" height=\"58\" class=\"wp-image-266\" style=\"width: 50px;\" src=\"https:\/\/fedefutguate.gt\/informacionpublica\/wp-content\/uploads\/2022\/02\/pngaaa.com-2621310.png\" alt=\"\"><\/a><\/td><td><a href=\"https:\/\/fedefutguate.gt\/informacionpublica\/wp-content\/uploads\/2023\/09\/Informe-de-Pertenencia-Sociolinguistica-AGOSTO-2023.pdf\">INFORME DE PERTENENCIA SOCIOLING\u00dc\u00cdSTICA (AGOSTO 2023)<\/a><\/td><\/tr><tr><td class=\"has-text-align-right\" data-align=\"right\"><a href=\"https:\/\/fedefutguate.gt\/informacionpublica\/wp-content\/uploads\/2023\/10\/Informe-de-Pertenencia-Sociolinguistica-SEPTIEMBRE-2023.pdf\"><img loading=\"lazy\" decoding=\"async\" width=\"50\" height=\"58\" class=\"wp-image-266\" style=\"width: 50px;\" src=\"https:\/\/fedefutguate.gt\/informacionpublica\/wp-content\/uploads\/2022\/02\/pngaaa.com-2621310.png\" alt=\"\"><\/a><\/td><td><a href=\"https:\/\/fedefutguate.gt\/informacionpublica\/wp-content\/uploads\/2023\/10\/Informe-de-Pertenencia-Sociolinguistica-SEPTIEMBRE-2023.pdf\">INFORME DE PERTENENCIA SOCIOLING\u00dc\u00cdSTICA (SEPTIEMBRE 2023)<\/a><\/td><\/tr><tr><td class=\"has-text-align-right\" data-align=\"right\"><a href=\"https:\/\/fedefutguate.gt\/informacionpublica\/wp-content\/uploads\/2023\/11\/Informe-de-Pertenencia-Sociolinguistica-OCTUBRE-2023.pdf\"><img loading=\"lazy\" decoding=\"async\" width=\"50\" height=\"58\" class=\"wp-image-266\" style=\"width: 50px;\" src=\"https:\/\/fedefutguate.gt\/informacionpublica\/wp-content\/uploads\/2022\/02\/pngaaa.com-2621310.png\" alt=\"\"><\/a><\/td><td><a href=\"https:\/\/fedefutguate.gt\/informacionpublica\/wp-content\/uploads\/2023\/11\/Informe-de-Pertenencia-Sociolinguistica-OCTUBRE-2023.pdf\">INFORME DE PERTENENCIA SOCIOLING\u00dc\u00cdSTICA (OCTUBRE 2023)<\/a><\/td><\/tr><tr><td class=\"has-text-align-right\" data-align=\"right\"><a href=\"https:\/\/fedefutguate.gt\/informacionpublica\/wp-content\/uploads\/2023\/12\/Informe-de-Pertenencia-Sociolinguistica-NOVIEMBRE-2023.pdf\" target=\"_blank\" rel=\"noreferrer noopener\"><img loading=\"lazy\" decoding=\"async\" width=\"50\" height=\"58\" class=\"wp-image-266\" style=\"width: 50px;\" src=\"https:\/\/fedefutguate.gt\/informacionpublica\/wp-content\/uploads\/2022\/02\/pngaaa.com-2621310.png\" alt=\"\"><\/a><\/td><td><a href=\"https:\/\/fedefutguate.gt\/informacionpublica\/wp-content\/uploads\/2023\/12\/Informe-de-Pertenencia-Sociolinguistica-NOVIEMBRE-2023.pdf\" target=\"_blank\" rel=\"noreferrer noopener\">INFORME DE PERTENENCIA SOCIOLING\u00dc\u00cdSTICA (NOVIEMBRE 2023)<\/a><\/td><\/tr><tr><td class=\"has-text-align-right\" data-align=\"right\"><a href=\"https:\/\/fedefutguate.gt\/informacionpublica\/wp-content\/uploads\/2024\/02\/Informe-de-Pertenencia-Sociolinguistica-DICIEMBRE-2023-1.pdf\" target=\"_blank\" rel=\"noreferrer noopener\"><img loading=\"lazy\" decoding=\"async\" width=\"50\" height=\"58\" class=\"wp-image-266\" style=\"width: 50px;\" src=\"https:\/\/fedefutguate.gt\/informacionpublica\/wp-content\/uploads\/2022\/02\/pngaaa.com-2621310.png\" alt=\"\"><\/a><\/td><td><a href=\"https:\/\/fedefutguate.gt\/informacionpublica\/wp-content\/uploads\/2024\/02\/Informe-de-Pertenencia-Sociolinguistica-DICIEMBRE-2023-1.pdf\" target=\"_blank\" rel=\"noreferrer noopener\">INFORME DE PERTENENCIA SOCIOLING\u00dc\u00cdSTICA (DICIEMBRE 2023)<\/a><\/td><\/tr><\/tbody><\/table><\/figure>\n\n\n\n<p><\/p>\n","protected":false},"excerpt":{"rendered":"<p>Las entidades e instituciones del Estado deber\u00e1n mantener informe actualizado sobre los datos relacionados con la pertenencia socioling\u00fc\u00edstica de los usuarios de sus servicios, a efecto de adecuar la prestaci\u00f3n de los mismos. Art\u00edculo 10, numeral 28 de la Ley de Acceso a la Informaci\u00f3n P\u00fablica. INFORME DE PERTENENCIA SOCIOLING\u00dc\u00cdSTICA (ENERO 2023) INFORME DE PERTENENCIA &#8230; <a title=\"DATOS RELACIONADOS CON LA PERTENENCIA SOCIOLING\u00dc\u00cdSTICA DE LOS USUARIOS DE SUS SERVICIOS -2023-\" class=\"read-more\" href=\"https:\/\/fedefutguate.gt\/informacionpublica\/2023-datos-relacionados-con-la-pertenencia-sociolinguistica-de-los-usuarios-de-sus-servicios\/\" aria-label=\"Read more about DATOS RELACIONADOS CON LA PERTENENCIA SOCIOLING\u00dc\u00cdSTICA DE LOS USUARIOS DE SUS SERVICIOS -2023-\">Read more<\/a><\/p>\n","protected":false},"author":1,"featured_media":0,"parent":0,"menu_order":0,"comment_status":"closed","ping_status":"closed","template":"","meta":{"footnotes":""},"class_list":["post-2307","page","type-page","status-publish"],"_links":{"self":[{"href":"https:\/\/fedefutguate.gt\/informacionpublica\/wp-json\/wp\/v2\/pages\/2307","targetHints":{"allow":["GET"]}}],"collection":[{"href":"https:\/\/fedefutguate.gt\/informacionpublica\/wp-json\/wp\/v2\/pages"}],"about":[{"href":"https:\/\/fedefutguate.gt\/informacionpublica\/wp-json\/wp\/v2\/types\/page"}],"author":[{"embeddable":true,"href":"https:\/\/fedefutguate.gt\/informacionpublica\/wp-json\/wp\/v2\/users\/1"}],"replies":[{"embeddable":true,"href":"https:\/\/fedefutguate.gt\/informacionpublica\/wp-json\/wp\/v2\/comments?post=2307"}],"version-history":[{"count":14,"href":"https:\/\/fedefutguate.gt\/informacionpublica\/wp-json\/wp\/v2\/pages\/2307\/revisions"}],"predecessor-version":[{"id":3995,"href":"https:\/\/fedefutguate.gt\/informacionpublica\/wp-json\/wp\/v2\/pages\/2307\/revisions\/3995"}],"wp:attachment":[{"href":"https:\/\/fedefutguate.gt\/informacionpublica\/wp-json\/wp\/v2\/media?parent=2307"}],"curies":[{"name":"wp","href":"https:\/\/api.w.org\/{rel}","templated":true}]}}