{"id":2309,"date":"2023-02-09T23:58:44","date_gmt":"2023-02-09T22:58:44","guid":{"rendered":"https:\/\/fedefutguate.gt\/informacionpublica\/?page_id=2309"},"modified":"2023-07-21T19:04:26","modified_gmt":"2023-07-21T17:04:26","slug":"2023-otra-informacion-que-sea-de-utilidad-o-relevancia","status":"publish","type":"page","link":"https:\/\/fedefutguate.gt\/informacionpublica\/2023-otra-informacion-que-sea-de-utilidad-o-relevancia\/","title":{"rendered":"OTRA INFORMACI\u00d3N QUE SEA DE UTILIDAD O RELEVANCIA -2023-"},"content":{"rendered":"\n<p><\/p>\n\n\n\n<p class=\"has-contrast-2-color has-text-color\">Cualquier otra informaci\u00f3n que sea de utilidad o relevancia para cumplir con los fines y objetivos de la Ley de Acceso a la Informaci\u00f3n P\u00fablica (DECRETO 57-2008 DEL CONGRESO DE LA REP\u00daBLICA DE GUATEMALA).<\/p>\n\n\n\n<p>Art\u00edculo 10, numeral 29 de la Ley de Acceso a la Informaci\u00f3n P\u00fablica.<\/p>\n\n\n\n<figure class=\"wp-block-table is-style-stripes\"><table><tbody><tr><td class=\"has-text-align-right\" data-align=\"right\"><a rel=\"noreferrer noopener\" href=\"https:\/\/fedefutguate.gt\/informacionpublica\/wp-content\/uploads\/2023\/02\/INTEGRANTES-COMITE-EJECUTIVO-FEDERACION-NACIONAL-DE-FUTBOL-DE-GUATEMALA-scaled.jpg\" target=\"_blank\"><img loading=\"lazy\" decoding=\"async\" width=\"50\" height=\"58\" class=\"wp-image-266\" style=\"width: 50px;\" src=\"https:\/\/fedefutguate.gt\/informacionpublica\/wp-content\/uploads\/2022\/02\/pngaaa.com-2621310.png\" alt=\"\"><\/a><\/td><td><a rel=\"noreferrer noopener\" href=\"https:\/\/fedefutguate.gt\/informacionpublica\/wp-content\/uploads\/2023\/02\/INTEGRANTES-COMITE-EJECUTIVO-FEDERACION-NACIONAL-DE-FUTBOL-DE-GUATEMALA-scaled.jpg\" target=\"_blank\">Integrantes Comit\u00e9 Ejecutivo Federaci\u00f3n Nacional de F\u00fatbol de Guatemala (Junio 2019-Junio 2023)<\/a> <\/td><\/tr><tr><td class=\"has-text-align-right\" data-align=\"right\"><a href=\"https:\/\/fedefutguate.gt\/informacionpublica\/wp-content\/uploads\/2023\/07\/MIEMBROS-COMITE-EJECUTIVO-2023-2027.jpg\" target=\"_blank\" rel=\"noreferrer noopener\"><img loading=\"lazy\" decoding=\"async\" width=\"50\" height=\"58\" class=\"wp-image-266\" style=\"width: 50px;\" src=\"https:\/\/fedefutguate.gt\/informacionpublica\/wp-content\/uploads\/2022\/02\/pngaaa.com-2621310.png\" alt=\"\"><\/a><\/td><td><a href=\"https:\/\/fedefutguate.gt\/informacionpublica\/wp-content\/uploads\/2023\/07\/MIEMBROS-COMITE-EJECUTIVO-2023-2027.jpg\" target=\"_blank\" rel=\"noreferrer noopener\">Integrantes Comit\u00e9 Ejecutivo Federaci\u00f3n Nacional de F\u00fatbol de Guatemala (Junio 2023-Junio 2027) <\/a><\/td><\/tr><tr><td class=\"has-text-align-right\" data-align=\"right\"><a href=\"https:\/\/fedefutguate.gt\/informacionpublica\/wp-content\/uploads\/2023\/02\/ACUERDO-CE-32-2019-ARANCEL-DE-LA-UNIDAD-DE-ACCESO-A-LA-INFORMACION-PUBLICA-DE-LA-FEDEFUT-VIGENTE-2022.pdf\" target=\"_blank\" rel=\"noreferrer noopener\"><img loading=\"lazy\" decoding=\"async\" width=\"50\" height=\"58\" class=\"wp-image-266\" style=\"width: 50px;\" src=\"https:\/\/fedefutguate.gt\/informacionpublica\/wp-content\/uploads\/2022\/02\/pngaaa.com-2621310.png\" alt=\"\"><\/a><\/td><td><a href=\"https:\/\/fedefutguate.gt\/informacionpublica\/wp-content\/uploads\/2023\/02\/ACUERDO-CE-32-2019-ARANCEL-DE-LA-UNIDAD-DE-ACCESO-A-LA-INFORMACION-PUBLICA-DE-LA-FEDEFUT-VIGENTE-2022.pdf\">Acuerdo CE-32-2019 Arancel Informaci\u00f3n P\u00fablica (Vigente para el a\u00f1o 2023)<\/a><\/td><\/tr><tr><td class=\"has-text-align-right\" data-align=\"right\"><a href=\"https:\/\/fedefutguate.gt\/informacionpublica\/wp-content\/uploads\/2023\/02\/ACUERDO-CE-42-2020-Reglamento-Selecciones-Nacionales-VIGENTE-ANO-2022.pdf\" target=\"_blank\" rel=\"noreferrer noopener\"><img loading=\"lazy\" decoding=\"async\" width=\"50\" height=\"58\" class=\"wp-image-266\" style=\"width: 50px;\" src=\"https:\/\/fedefutguate.gt\/informacionpublica\/wp-content\/uploads\/2022\/02\/pngaaa.com-2621310.png\" alt=\"\"><\/a><\/td><td><a href=\"https:\/\/fedefutguate.gt\/informacionpublica\/wp-content\/uploads\/2023\/02\/ACUERDO-CE-42-2020-Reglamento-Selecciones-Nacionales-VIGENTE-ANO-2022.pdf\" target=\"_blank\" rel=\"noreferrer noopener\">Acuerdo CE-042-2020 Reglamento de Selecciones Nacionales (Vigente para el a\u00f1o 2023)<\/a><\/td><\/tr><tr><td class=\"has-text-align-right\" data-align=\"right\"><img loading=\"lazy\" decoding=\"async\" width=\"50\" height=\"58\" class=\"wp-image-266\" style=\"width: 50px;\" src=\"https:\/\/fedefutguate.gt\/informacionpublica\/wp-content\/uploads\/2022\/02\/pngaaa.com-2621310.png\" alt=\"\"><\/td><td><a href=\"https:\/\/fedefutguate.gt\/informacionpublica\/wp-content\/uploads\/2023\/02\/COMO-FORMAR-PARTE-DE-LAS-SELECCIONES-NACIONALES.jpeg\" target=\"_blank\" rel=\"noreferrer noopener\">\u00bfC\u00f3mo formar parte de las Selecciones Nacionales?<\/a><\/td><\/tr><tr><td class=\"has-text-align-right\" data-align=\"right\"><a href=\"https:\/\/fedefutguate.gt\/informacionpublica\/wp-content\/uploads\/2023\/02\/Acuerdo-CE-021-2022-Codigo-Etico-1.pdf\" target=\"_blank\" rel=\"noreferrer noopener\"><img loading=\"lazy\" decoding=\"async\" width=\"50\" height=\"58\" class=\"wp-image-266\" style=\"width: 50px;\" src=\"https:\/\/fedefutguate.gt\/informacionpublica\/wp-content\/uploads\/2022\/02\/pngaaa.com-2621310.png\" alt=\"\"><\/a><\/td><td><a rel=\"noreferrer noopener\" href=\"https:\/\/fedefutguate.gt\/informacionpublica\/wp-content\/uploads\/2023\/02\/Acuerdo-CE-021-2022-Codigo-Etico-1.pdf\" target=\"_blank\">C\u00f3digo \u00c9tico de la Federaci\u00f3n Nacional de F\u00fatbol de Guatemala (Vigente para el a\u00f1o 2023)<\/a><\/td><\/tr><tr><td class=\"has-text-align-right\" data-align=\"right\"><a href=\"https:\/\/fedefutguate.gt\/informacionpublica\/wp-content\/uploads\/2023\/06\/ARANCEL-DE-TRAMITES-Y-GESTIONES-QUE-SE-REALIZAN-EN-LA-DIRECCION-DE-ASUNTOS-JURIDICOS-Y-DEPORTIVOS-DE-LA-FEDEFUT.pdf\" target=\"_blank\" rel=\"noreferrer noopener\"><img loading=\"lazy\" decoding=\"async\" width=\"50\" height=\"58\" class=\"wp-image-266\" style=\"width: 50px;\" src=\"https:\/\/fedefutguate.gt\/informacionpublica\/wp-content\/uploads\/2022\/02\/pngaaa.com-2621310.png\" alt=\"\"><\/a><\/td><td><a href=\"https:\/\/fedefutguate.gt\/informacionpublica\/wp-content\/uploads\/2023\/06\/ARANCEL-DE-TRAMITES-Y-GESTIONES-QUE-SE-REALIZAN-EN-LA-DIRECCION-DE-ASUNTOS-JURIDICOS-Y-DEPORTIVOS-DE-LA-FEDEFUT.pdf\" target=\"_blank\" rel=\"noreferrer noopener\">Arancel de Tr\u00e1mites y Gestiones que se realizan en la Direcci\u00f3n de Asuntos Jur\u00eddicos y Deportivos de la FEDEFUT<\/a><\/td><\/tr><\/tbody><\/table><\/figure>\n\n\n\n<p><\/p>\n","protected":false},"excerpt":{"rendered":"<p>Cualquier otra informaci\u00f3n que sea de utilidad o relevancia para cumplir con los fines y objetivos de la Ley de Acceso a la Informaci\u00f3n P\u00fablica (DECRETO 57-2008 DEL CONGRESO DE LA REP\u00daBLICA DE GUATEMALA). Art\u00edculo 10, numeral 29 de la Ley de Acceso a la Informaci\u00f3n P\u00fablica. Integrantes Comit\u00e9 Ejecutivo Federaci\u00f3n Nacional de F\u00fatbol de &#8230; <a title=\"OTRA INFORMACI\u00d3N QUE SEA DE UTILIDAD O RELEVANCIA -2023-\" class=\"read-more\" href=\"https:\/\/fedefutguate.gt\/informacionpublica\/2023-otra-informacion-que-sea-de-utilidad-o-relevancia\/\" aria-label=\"Read more about OTRA INFORMACI\u00d3N QUE SEA DE UTILIDAD O RELEVANCIA -2023-\">Read more<\/a><\/p>\n","protected":false},"author":1,"featured_media":0,"parent":0,"menu_order":0,"comment_status":"closed","ping_status":"closed","template":"","meta":{"footnotes":""},"class_list":["post-2309","page","type-page","status-publish"],"_links":{"self":[{"href":"https:\/\/fedefutguate.gt\/informacionpublica\/wp-json\/wp\/v2\/pages\/2309","targetHints":{"allow":["GET"]}}],"collection":[{"href":"https:\/\/fedefutguate.gt\/informacionpublica\/wp-json\/wp\/v2\/pages"}],"about":[{"href":"https:\/\/fedefutguate.gt\/informacionpublica\/wp-json\/wp\/v2\/types\/page"}],"author":[{"embeddable":true,"href":"https:\/\/fedefutguate.gt\/informacionpublica\/wp-json\/wp\/v2\/users\/1"}],"replies":[{"embeddable":true,"href":"https:\/\/fedefutguate.gt\/informacionpublica\/wp-json\/wp\/v2\/comments?post=2309"}],"version-history":[{"count":5,"href":"https:\/\/fedefutguate.gt\/informacionpublica\/wp-json\/wp\/v2\/pages\/2309\/revisions"}],"predecessor-version":[{"id":3338,"href":"https:\/\/fedefutguate.gt\/informacionpublica\/wp-json\/wp\/v2\/pages\/2309\/revisions\/3338"}],"wp:attachment":[{"href":"https:\/\/fedefutguate.gt\/informacionpublica\/wp-json\/wp\/v2\/media?parent=2309"}],"curies":[{"name":"wp","href":"https:\/\/api.w.org\/{rel}","templated":true}]}}