{"id":2711,"date":"2023-03-31T17:01:02","date_gmt":"2023-03-31T15:01:02","guid":{"rendered":"https:\/\/fedefutguate.gt\/informacionpublica\/?page_id=2711"},"modified":"2025-02-04T16:17:00","modified_gmt":"2025-02-04T15:17:00","slug":"decreto-54-2022","status":"publish","type":"page","link":"https:\/\/fedefutguate.gt\/informacionpublica\/decreto-54-2022\/","title":{"rendered":"DECRETO 54-2022"},"content":{"rendered":"\n<div class=\"wp-block-group\"><div class=\"wp-block-group__inner-container is-layout-constrained wp-block-group-is-layout-constrained\">\n<p><a href=\"https:\/\/fedefutguate.gt\/informacionpublica\/decreto-36-2024\/\">Consultar DECRETO 36-2024<\/a><\/p>\n\n\n\n<p class=\"has-contrast-2-color has-text-color\"><a href=\"https:\/\/fedefutguate.gt\/informacionpublica\/ley-del-presupuesto-16-2021\/\">Consultar DECRETO 16-2021<\/a><\/p>\n\n\n\n<p class=\"has-contrast-2-color has-text-color\"><a href=\"https:\/\/fedefutguate.gt\/informacionpublica\/ley-de-presupuesto\/\">Consultar DECRETO 25-2018<\/a><\/p>\n\n\n\n<p><\/p>\n\n\n\n<p><\/p>\n\n\n\n<figure class=\"wp-block-table border-style: none\"><table class=\"has-base-3-color has-text-color\"><tbody><tr><td class=\"has-text-align-center\" data-align=\"center\"><a href=\"https:\/\/fedefutguate.gt\/informacionpublica\/obligatoriedad-de-detallar-las-especificaciones-de-los-gastos-a-traves-de-comprobante-unico-de-registro-2\/\"><img loading=\"lazy\" decoding=\"async\" width=\"128\" height=\"128\" class=\"wp-image-263\" style=\"width: 128px;\" src=\"https:\/\/fedefutguate.gt\/informacionpublica\/wp-content\/uploads\/2022\/02\/580b57fcd9996e24bc43c4c5.png\" alt=\"\"><\/a><\/td><td class=\"has-text-align-center\" data-align=\"center\"><a href=\"https:\/\/fedefutguate.gt\/informacionpublica\/informe-de-ejecucion-presupuestaria-al-congreso-de-la-republica-de-guatemala-2022-2024\/\"><img loading=\"lazy\" decoding=\"async\" width=\"128\" height=\"128\" class=\"wp-image-263\" style=\"width: 128px;\" src=\"https:\/\/fedefutguate.gt\/informacionpublica\/wp-content\/uploads\/2022\/02\/580b57fcd9996e24bc43c4c5.png\" alt=\"\"><\/a><\/td><td class=\"has-text-align-center\" data-align=\"center\"><a href=\"https:\/\/fedefutguate.gt\/informacionpublica\/vinculacion-plan-presupuesto-2022-2024\/\"><img loading=\"lazy\" decoding=\"async\" width=\"128\" height=\"128\" class=\"wp-image-263\" style=\"width: 128px;\" src=\"https:\/\/fedefutguate.gt\/informacionpublica\/wp-content\/uploads\/2022\/02\/580b57fcd9996e24bc43c4c5.png\" alt=\"\"><\/a><\/td><\/tr><tr><td class=\"has-text-align-center\" data-align=\"center\"><a href=\"https:\/\/fedefutguate.gt\/informacionpublica\/obligatoriedad-de-detallar-las-especificaciones-de-los-gastos-a-traves-de-comprobante-unico-de-registro-2\/\">Art\u00edculo 7 Obligatoriedad de detallar las especificaciones de los gastos a trav\u00e9s de Comprobante \u00danico de Registro<\/a><\/td><td class=\"has-text-align-center\" data-align=\"center\"><a href=\"https:\/\/fedefutguate.gt\/informacionpublica\/informe-de-ejecucion-presupuestaria-al-congreso-de-la-republica-de-guatemala-2022-2024\/\">Articulo 11 Informe de ejecuci\u00f3n presupuestaria al Congreso de la Rep\u00fablica de Guatemala<\/a><\/td><td class=\"has-text-align-center\" data-align=\"center\"><a href=\"https:\/\/fedefutguate.gt\/informacionpublica\/vinculacion-plan-presupuesto-2022-2024\/\">Articulo 16 Vinculaci\u00f3n Plan Presupuesto:<\/a><\/td><\/tr><tr><td class=\"has-text-align-center\" data-align=\"center\"><a href=\"https:\/\/fedefutguate.gt\/informacionpublica\/medicion-de-avances-de-indicadores-2023-2024\/\"><img loading=\"lazy\" decoding=\"async\" width=\"128\" height=\"128\" class=\"wp-image-263\" style=\"width: 128px;\" src=\"https:\/\/fedefutguate.gt\/informacionpublica\/wp-content\/uploads\/2022\/02\/580b57fcd9996e24bc43c4c5.png\" alt=\"\"><\/a><\/td><td class=\"has-text-align-center\" data-align=\"center\"><a href=\"https:\/\/fedefutguate.gt\/informacionpublica\/clasificadores-tematicos-2023-2024\/\"><img loading=\"lazy\" decoding=\"async\" width=\"128\" height=\"128\" class=\"wp-image-263\" style=\"width: 128px;\" src=\"https:\/\/fedefutguate.gt\/informacionpublica\/wp-content\/uploads\/2022\/02\/580b57fcd9996e24bc43c4c5.png\" alt=\"\"><\/a><\/td><td class=\"has-text-align-center\" data-align=\"center\"><a href=\"https:\/\/fedefutguate.gt\/informacionpublica\/transparencia-y-eficiencia-del-gasto-publico-2023-2024\/\"><img loading=\"lazy\" decoding=\"async\" width=\"128\" height=\"128\" class=\"wp-image-263\" style=\"width: 128px;\" src=\"https:\/\/fedefutguate.gt\/informacionpublica\/wp-content\/uploads\/2022\/02\/580b57fcd9996e24bc43c4c5.png\" alt=\"\"><\/a><\/td><\/tr><tr><td class=\"has-text-align-center\" data-align=\"center\"><a href=\"https:\/\/fedefutguate.gt\/informacionpublica\/medicion-de-avances-de-indicadores-2023-2024\/\">Articulo 17 Medici\u00f3n de avances de Indicadores<\/a><\/td><td class=\"has-text-align-center\" data-align=\"center\"><a href=\"https:\/\/fedefutguate.gt\/informacionpublica\/clasificadores-tematicos-2023-2024\/\">Articulo 19 Clasificadores Tem\u00e1ticos<\/a><\/td><td class=\"has-text-align-center\" data-align=\"center\"><a href=\"https:\/\/fedefutguate.gt\/informacionpublica\/transparencia-y-eficiencia-del-gasto-publico-2023-2024\/\">Articulo 20 Transparencia y eficiencia del gasto p\u00fablico<\/a><\/td><\/tr><tr><td class=\"has-text-align-center\" data-align=\"center\"><a href=\"https:\/\/fedefutguate.gt\/informacionpublica\/seguimiento-en-la-estrategia-para-la-mejora-de-la-ejecucion-y-calidad-del-gasto-publico-2023-2024\/\"><img loading=\"lazy\" decoding=\"async\" width=\"128\" height=\"128\" class=\"wp-image-263\" style=\"width: 128px;\" src=\"https:\/\/fedefutguate.gt\/informacionpublica\/wp-content\/uploads\/2022\/02\/580b57fcd9996e24bc43c4c5.png\" alt=\"\"><\/a><\/td><td class=\"has-text-align-center\" data-align=\"center\"><a href=\"https:\/\/fedefutguate.gt\/informacionpublica\/publicacion-de-informes-en-portales-web-2023-2024\/\"><img loading=\"lazy\" decoding=\"async\" width=\"128\" height=\"128\" class=\"wp-image-263\" style=\"width: 128px;\" src=\"https:\/\/fedefutguate.gt\/informacionpublica\/wp-content\/uploads\/2022\/02\/580b57fcd9996e24bc43c4c5.png\" alt=\"\"><\/a><\/td><td class=\"has-text-align-center\" data-align=\"center\"><a href=\"https:\/\/fedefutguate.gt\/informacionpublica\/otras-remuneraciones-de-personal-temporal-2023-2024\/\"><img loading=\"lazy\" decoding=\"async\" width=\"128\" height=\"128\" class=\"wp-image-263\" style=\"width: 128px;\" src=\"https:\/\/fedefutguate.gt\/informacionpublica\/wp-content\/uploads\/2022\/02\/580b57fcd9996e24bc43c4c5.png\" alt=\"\"><\/a><\/td><\/tr><tr><td class=\"has-text-align-center\" data-align=\"center\"><a href=\"https:\/\/fedefutguate.gt\/informacionpublica\/seguimiento-en-la-estrategia-para-la-mejora-de-la-ejecucion-y-calidad-del-gasto-publico-2023-2024\/\">Articulo 21 Seguimiento para la estrategia para la mejora de la ejecuci\u00f3n y calidad del gasto p\u00fablico<\/a><\/td><td class=\"has-text-align-center\" data-align=\"center\"><a href=\"https:\/\/fedefutguate.gt\/informacionpublica\/publicacion-de-informes-en-portales-web-2023-2024\/\">Art\u00edculo 22 Publicaci\u00f3n de informes en portales web<\/a><\/td><td class=\"has-text-align-center\" data-align=\"center\"><a href=\"https:\/\/fedefutguate.gt\/informacionpublica\/otras-remuneraciones-de-personal-temporal-2023-2024\/\">Articulo 33 Otras remuneraciones de personal temporal<\/a><\/td><\/tr><tr><td class=\"has-text-align-center\" data-align=\"center\"><\/td><td class=\"has-text-align-center\" data-align=\"center\"><\/td><td class=\"has-text-align-center\" data-align=\"center\"><\/td><\/tr><tr><td class=\"has-text-align-center\" data-align=\"center\"><\/td><td class=\"has-text-align-center\" data-align=\"center\"><\/td><td class=\"has-text-align-center\" data-align=\"center\"><\/td><\/tr><\/tbody><\/table><\/figure>\n<\/div><\/div>\n\n\n\n<p><\/p>\n","protected":false},"excerpt":{"rendered":"<p>Consultar DECRETO 36-2024 Consultar DECRETO 16-2021 Consultar DECRETO 25-2018 Art\u00edculo 7 Obligatoriedad de detallar las especificaciones de los gastos a trav\u00e9s de Comprobante \u00danico de Registro Articulo 11 Informe de ejecuci\u00f3n presupuestaria al Congreso de la Rep\u00fablica de Guatemala Articulo 16 Vinculaci\u00f3n Plan Presupuesto: Articulo 17 Medici\u00f3n de avances de Indicadores Articulo 19 Clasificadores Tem\u00e1ticos &#8230; <a title=\"DECRETO 54-2022\" class=\"read-more\" href=\"https:\/\/fedefutguate.gt\/informacionpublica\/decreto-54-2022\/\" aria-label=\"Read more about DECRETO 54-2022\">Read more<\/a><\/p>\n","protected":false},"author":1,"featured_media":0,"parent":0,"menu_order":0,"comment_status":"closed","ping_status":"closed","template":"","meta":{"footnotes":""},"class_list":["post-2711","page","type-page","status-publish"],"_links":{"self":[{"href":"https:\/\/fedefutguate.gt\/informacionpublica\/wp-json\/wp\/v2\/pages\/2711","targetHints":{"allow":["GET"]}}],"collection":[{"href":"https:\/\/fedefutguate.gt\/informacionpublica\/wp-json\/wp\/v2\/pages"}],"about":[{"href":"https:\/\/fedefutguate.gt\/informacionpublica\/wp-json\/wp\/v2\/types\/page"}],"author":[{"embeddable":true,"href":"https:\/\/fedefutguate.gt\/informacionpublica\/wp-json\/wp\/v2\/users\/1"}],"replies":[{"embeddable":true,"href":"https:\/\/fedefutguate.gt\/informacionpublica\/wp-json\/wp\/v2\/comments?post=2711"}],"version-history":[{"count":34,"href":"https:\/\/fedefutguate.gt\/informacionpublica\/wp-json\/wp\/v2\/pages\/2711\/revisions"}],"predecessor-version":[{"id":5555,"href":"https:\/\/fedefutguate.gt\/informacionpublica\/wp-json\/wp\/v2\/pages\/2711\/revisions\/5555"}],"wp:attachment":[{"href":"https:\/\/fedefutguate.gt\/informacionpublica\/wp-json\/wp\/v2\/media?parent=2711"}],"curies":[{"name":"wp","href":"https:\/\/api.w.org\/{rel}","templated":true}]}}