{"id":2734,"date":"2023-03-31T17:32:36","date_gmt":"2023-03-31T15:32:36","guid":{"rendered":"https:\/\/fedefutguate.gt\/informacionpublica\/?page_id=2734"},"modified":"2024-06-13T19:18:29","modified_gmt":"2024-06-13T17:18:29","slug":"decreto-54-2022-articulo-11","status":"publish","type":"page","link":"https:\/\/fedefutguate.gt\/informacionpublica\/decreto-54-2022-articulo-11\/","title":{"rendered":"VINCULACI\u00d3N PLAN PRESUPUESTO"},"content":{"rendered":"\n<p>Art\u00edculo 16<\/p>\n\n\n\n<p class=\"has-contrast-3-color has-text-color\">DECRETO 54-2022 \u201cLEY DEL PRESUPUESTO GENERAL DE INGRESOS Y EGRESOS DEL ESTADO PARA EL EJERCICIO FISCAL DOS MIL VEINTITR\u00c9S\u201d<\/p>\n\n\n\n<figure class=\"wp-block-table is-style-stripes\"><table><tbody><tr><td class=\"has-text-align-center\" data-align=\"center\"><a rel=\"noreferrer noopener\" href=\"https:\/\/fedefutguate.gt\/informacionpublica\/wp-content\/uploads\/2023\/08\/Plan-Estrategico-Institucional-PEI-2024-2028-Plan-Operativo-Multianual-POM-2024-2028-Plan-Operativo-Anual-POA-2024.pdf\" target=\"_blank\"><img loading=\"lazy\" decoding=\"async\" width=\"50\" height=\"58\" src=\"https:\/\/fedefutguate.gt\/informacionpublica\/wp-content\/uploads\/2022\/02\/pngaaa.com-2621310.png\" alt=\"\"><\/a><\/td><td><a rel=\"noreferrer noopener\" href=\"https:\/\/fedefutguate.gt\/informacionpublica\/wp-content\/uploads\/2023\/08\/Plan-Estrategico-Institucional-PEI-2024-2028-Plan-Operativo-Multianual-POM-2024-2028-Plan-Operativo-Anual-POA-2024.pdf\" target=\"_blank\">Plan Estrat\u00e9gico Institucional (PEI 2024-2028), Plan Operativo Multianual (POM 2024-2028), Plan Operativo Anual (POA 2024)<\/a><\/td><\/tr><tr><td class=\"has-text-align-center\" data-align=\"center\"><a href=\"https:\/\/fedefutguate.gt\/informacionpublica\/wp-content\/uploads\/2023\/10\/Actualizacion-de-los-Instrumentos-de-Evaluacion-periodo-2023-2027-Plan-Estrategico-Institucional-2023-2027-Plan-Operativo-Anual-2023-y-Plan-Operativo-Multianual-2023-2027.pdf\"><img loading=\"lazy\" decoding=\"async\" width=\"50\" height=\"58\" src=\"https:\/\/fedefutguate.gt\/informacionpublica\/wp-content\/uploads\/2022\/02\/pngaaa.com-2621310.png\" alt=\"\"><\/a><\/td><td><a href=\"https:\/\/fedefutguate.gt\/informacionpublica\/wp-content\/uploads\/2023\/10\/Actualizacion-de-los-Instrumentos-de-Evaluacion-periodo-2023-2027-Plan-Estrategico-Institucional-2023-2027-Plan-Operativo-Anual-2023-y-Plan-Operativo-Multianual-2023-2027.pdf\">Actualizaci\u00f3n de los Instrumentos de Evaluaci\u00f3n per\u00edodo 2023-2027 (Plan Estrat\u00e9gico Institucional 2023-2027, Plan Operativo Multianual 2023-2027 y Plan Operativo Anual 2023)<\/a><\/td><\/tr><tr><td class=\"has-text-align-center\" data-align=\"center\"><a href=\"https:\/\/fedefutguate.gt\/informacionpublica\/wp-content\/uploads\/2023\/02\/Plan-Estrategico-Institucional-PEI-2023-2027-Plan-Operativo-Multianual-POM-2023-2027-Plan-Operativo-Anual-POA-2023.pdf\" target=\"_blank\" rel=\"noreferrer noopener\"><img loading=\"lazy\" decoding=\"async\" width=\"50\" height=\"58\" class=\"wp-image-266\" style=\"width: 50px;\" src=\"https:\/\/fedefutguate.gt\/informacionpublica\/wp-content\/uploads\/2022\/02\/pngaaa.com-2621310.png\" alt=\"\"><\/a><\/td><td><a rel=\"noreferrer noopener\" href=\"https:\/\/fedefutguate.gt\/informacionpublica\/wp-content\/uploads\/2023\/02\/Plan-Estrategico-Institucional-PEI-2023-2027-Plan-Operativo-Multianual-POM-2023-2027-Plan-Operativo-Anual-POA-2023.pdf\" target=\"_blank\">Plan Estrat\u00e9gico Institucional (PEI 2023-2027), Plan Operativo Multianual (POM 2023-2027), Plan Operativo Anual (POA 2023)<\/a><\/td><\/tr><tr><td class=\"has-text-align-center\" data-align=\"center\"><a href=\"https:\/\/fedefutguate.gt\/informacionpublica\/wp-content\/uploads\/2024\/06\/Reporte-de-Avance-de-Metas-Fisicas-y-Financieras-PRIMER-CUATRIMESTRE-2023.pdf\"><img loading=\"lazy\" decoding=\"async\" width=\"50\" height=\"58\" class=\"wp-image-266\" style=\"width: 50px;\" src=\"https:\/\/fedefutguate.gt\/informacionpublica\/wp-content\/uploads\/2022\/02\/pngaaa.com-2621310.png\" alt=\"\"><\/a><\/td><td><a href=\"https:\/\/fedefutguate.gt\/informacionpublica\/wp-content\/uploads\/2024\/06\/Reporte-de-Avance-de-Metas-Fisicas-y-Financieras-PRIMER-CUATRIMESTRE-2023.pdf\">Reporte de Avance de Metas F\u00edsicas y Financieras (PRIMER CUATRIMESTRE 2023) -SIPLAN-<\/a><\/td><\/tr><tr><td class=\"has-text-align-center\" data-align=\"center\"><a href=\"https:\/\/fedefutguate.gt\/informacionpublica\/wp-content\/uploads\/2024\/06\/Reporte-de-Avance-de-Metas-Fisicas-y-Financieras-SEGUNDO-CUATRIMESTRE-2023.pdf\"><img loading=\"lazy\" decoding=\"async\" width=\"50\" height=\"58\" class=\"wp-image-266\" style=\"width: 50px;\" src=\"https:\/\/fedefutguate.gt\/informacionpublica\/wp-content\/uploads\/2022\/02\/pngaaa.com-2621310.png\" alt=\"\"><\/a><\/td><td><a href=\"https:\/\/fedefutguate.gt\/informacionpublica\/wp-content\/uploads\/2024\/06\/Reporte-de-Avance-de-Metas-Fisicas-y-Financieras-SEGUNDO-CUATRIMESTRE-2023.pdf\">Reporte de Avance de Metas F\u00edsicas y Financieras (SEGUNDO CUATRIMESTRE 2023) -SIPLAN-<\/a><\/td><\/tr><tr><td class=\"has-text-align-center\" data-align=\"center\"><a href=\"https:\/\/fedefutguate.gt\/informacionpublica\/wp-content\/uploads\/2024\/06\/Reporte-de-Avance-de-Metas-Fisicas-y-Financieras-TERCER-CUATRIMESTRE-2023.pdf\"><img loading=\"lazy\" decoding=\"async\" width=\"50\" height=\"58\" class=\"wp-image-266\" style=\"width: 50px;\" src=\"https:\/\/fedefutguate.gt\/informacionpublica\/wp-content\/uploads\/2022\/02\/pngaaa.com-2621310.png\" alt=\"\"><\/a><\/td><td><a href=\"https:\/\/fedefutguate.gt\/informacionpublica\/wp-content\/uploads\/2024\/06\/Reporte-de-Avance-de-Metas-Fisicas-y-Financieras-TERCER-CUATRIMESTRE-2023.pdf\">Reporte de Avance de Metas F\u00edsicas y Financieras (TERCER CUATRIMESTRE 2023) -SIPLAN-<\/a><\/td><\/tr><\/tbody><\/table><\/figure>\n","protected":false},"excerpt":{"rendered":"<p>Art\u00edculo 16 DECRETO 54-2022 \u201cLEY DEL PRESUPUESTO GENERAL DE INGRESOS Y EGRESOS DEL ESTADO PARA EL EJERCICIO FISCAL DOS MIL VEINTITR\u00c9S\u201d Plan Estrat\u00e9gico Institucional (PEI 2024-2028), Plan Operativo Multianual (POM 2024-2028), Plan Operativo Anual (POA 2024) Actualizaci\u00f3n de los Instrumentos de Evaluaci\u00f3n per\u00edodo 2023-2027 (Plan Estrat\u00e9gico Institucional 2023-2027, Plan Operativo Multianual 2023-2027 y Plan Operativo &#8230; <a title=\"VINCULACI\u00d3N PLAN PRESUPUESTO\" class=\"read-more\" href=\"https:\/\/fedefutguate.gt\/informacionpublica\/decreto-54-2022-articulo-11\/\" aria-label=\"Read more about VINCULACI\u00d3N PLAN PRESUPUESTO\">Read more<\/a><\/p>\n","protected":false},"author":1,"featured_media":0,"parent":0,"menu_order":0,"comment_status":"closed","ping_status":"closed","template":"","meta":{"footnotes":""},"class_list":["post-2734","page","type-page","status-publish"],"_links":{"self":[{"href":"https:\/\/fedefutguate.gt\/informacionpublica\/wp-json\/wp\/v2\/pages\/2734","targetHints":{"allow":["GET"]}}],"collection":[{"href":"https:\/\/fedefutguate.gt\/informacionpublica\/wp-json\/wp\/v2\/pages"}],"about":[{"href":"https:\/\/fedefutguate.gt\/informacionpublica\/wp-json\/wp\/v2\/types\/page"}],"author":[{"embeddable":true,"href":"https:\/\/fedefutguate.gt\/informacionpublica\/wp-json\/wp\/v2\/users\/1"}],"replies":[{"embeddable":true,"href":"https:\/\/fedefutguate.gt\/informacionpublica\/wp-json\/wp\/v2\/comments?post=2734"}],"version-history":[{"count":12,"href":"https:\/\/fedefutguate.gt\/informacionpublica\/wp-json\/wp\/v2\/pages\/2734\/revisions"}],"predecessor-version":[{"id":4686,"href":"https:\/\/fedefutguate.gt\/informacionpublica\/wp-json\/wp\/v2\/pages\/2734\/revisions\/4686"}],"wp:attachment":[{"href":"https:\/\/fedefutguate.gt\/informacionpublica\/wp-json\/wp\/v2\/media?parent=2734"}],"curies":[{"name":"wp","href":"https:\/\/api.w.org\/{rel}","templated":true}]}}