{"id":293,"date":"2022-02-09T17:47:08","date_gmt":"2022-02-09T16:47:08","guid":{"rendered":"https:\/\/fedefutguate.gt\/informacionpublica\/?page_id=293"},"modified":"2023-02-08T20:35:06","modified_gmt":"2023-02-08T19:35:06","slug":"direcciones-y-telefonos-de-la-entidad-y-sus-dependencias","status":"publish","type":"page","link":"https:\/\/fedefutguate.gt\/informacionpublica\/direcciones-y-telefonos-de-la-entidad-y-sus-dependencias\/","title":{"rendered":"DIRECCI\u00d3N Y TEL\u00c9FONOS"},"content":{"rendered":"\n<p class=\"has-contrast-2-color has-text-color\">Direcci\u00f3n y tel\u00e9fonos de la entidad y de todas las dependencias que la conforman.<\/p>\n\n\n\n<p>Art\u00edculo 10, numeral 2 de la Ley de Acceso a la Informaci\u00f3n P\u00fablica.<\/p>\n\n\n\n<figure class=\"wp-block-table is-style-stripes has-small-font-size\"><table><tbody><tr><td class=\"has-text-align-right\" data-align=\"right\"><a href=\"https:\/\/fedefutguate.gt\/informacionpublica\/wp-content\/uploads\/2022\/02\/Contacto-Federacion-Nacional-de-Futbol-de-Guatemala.pdf\" target=\"_blank\" rel=\"noreferrer noopener\"><img loading=\"lazy\" decoding=\"async\" width=\"50\" height=\"58\" class=\"wp-image-266\" style=\"width: 50px;\" src=\"https:\/\/fedefutguate.gt\/informacionpublica\/wp-content\/uploads\/2022\/02\/pngaaa.com-2621310.png\" alt=\"\"><\/a><\/td><td><a rel=\"noreferrer noopener\" href=\"https:\/\/fedefutguate.gt\/informacionpublica\/wp-content\/uploads\/2022\/02\/Contacto-Federacion-Nacional-de-Futbol-de-Guatemala.pdf\" target=\"_blank\">Direcci\u00f3n y Tel\u00e9fono Sede Central  de la Federaci\u00f3n Nacional de F\u00fatbol de Guatemala (VIGENTE 2022)<\/a><\/td><\/tr><tr><td class=\"has-text-align-right\" data-align=\"right\"><a href=\"https:\/\/fedefutguate.gt\/informacionpublica\/wp-content\/uploads\/2022\/02\/CONTACTO-COMITE\u0301-EJECUTIVO-2022.pdf\" target=\"_blank\" rel=\"noreferrer noopener\"><img loading=\"lazy\" decoding=\"async\" width=\"50\" height=\"58\" class=\"wp-image-266\" style=\"width: 50px;\" src=\"https:\/\/fedefutguate.gt\/informacionpublica\/wp-content\/uploads\/2022\/02\/pngaaa.com-2621310.png\" alt=\"\"><\/a><\/td><td><a rel=\"noreferrer noopener\" href=\"https:\/\/fedefutguate.gt\/informacionpublica\/wp-content\/uploads\/2022\/02\/CONTACTO-COMITE\u0301-EJECUTIVO-2022.pdf\" target=\"_blank\">Contacto Comit\u00e9  Ejecutivo de la Federaci\u00f3n Nacional de F\u00fatbol de Guatemala (VIGENTE 2022) <\/a><\/td><\/tr><tr><td class=\"has-text-align-right\" data-align=\"right\"><a href=\"https:\/\/fedefutguate.gt\/informacionpublica\/wp-content\/uploads\/2022\/03\/Directorio-de-Asociaciones-Deportivas-Departamentales-Vigente-ano-2022.pdf\" target=\"_blank\" rel=\"noreferrer noopener\"><img loading=\"lazy\" decoding=\"async\" width=\"50\" height=\"58\" class=\"wp-image-266\" style=\"width: 50px;\" src=\"https:\/\/fedefutguate.gt\/informacionpublica\/wp-content\/uploads\/2022\/02\/pngaaa.com-2621310.png\" alt=\"\"><\/a><\/td><td><a href=\"https:\/\/fedefutguate.gt\/informacionpublica\/wp-content\/uploads\/2022\/03\/Directorio-de-Asociaciones-Deportivas-Departamentales-Vigente-ano-2022.pdf\" target=\"_blank\" rel=\"noreferrer noopener\">Directorio de Asociaciones Deportivas Departamentales (VIGENTE 2022)<\/a><\/td><\/tr><tr><td class=\"has-text-align-right\" data-align=\"right\"><a href=\"https:\/\/fedefutguate.gt\/informacionpublica\/wp-content\/uploads\/2022\/03\/DIRECTORIO-LIGAS-AFILIADAS.pdf\" target=\"_blank\" rel=\"noreferrer noopener\"><img loading=\"lazy\" decoding=\"async\" width=\"50\" height=\"58\" class=\"wp-image-266\" style=\"width: 50px;\" src=\"https:\/\/fedefutguate.gt\/informacionpublica\/wp-content\/uploads\/2022\/02\/pngaaa.com-2621310.png\" alt=\"\"><\/a><\/td><td><a href=\"https:\/\/fedefutguate.gt\/informacionpublica\/wp-content\/uploads\/2022\/03\/DIRECTORIO-LIGAS-AFILIADAS.pdf\" target=\"_blank\" rel=\"noreferrer noopener\">Directorio Ligas Afiliadas a la Federaci\u00f3n Nacional de F\u00fatbol de Guatemala (VIGENTE 2022)<\/a><\/td><\/tr><tr><td class=\"has-text-align-right\" data-align=\"right\"><\/td><td><\/td><\/tr><tr><td class=\"has-text-align-right\" data-align=\"right\"><a href=\"https:\/\/fedefutguate.gt\/informacionpublica\/wp-content\/uploads\/2022\/02\/DIRECTORIO-DE-LA-ENTIDAD-Y-DEPENDENCIAS-DE-LA-FEDEDUT-ENERO-2022.pdf\" target=\"_blank\" rel=\"noreferrer noopener\"><img loading=\"lazy\" decoding=\"async\" width=\"50\" height=\"58\" class=\"wp-image-266\" style=\"width: 50px;\" src=\"https:\/\/fedefutguate.gt\/informacionpublica\/wp-content\/uploads\/2022\/02\/pngaaa.com-2621310.png\" alt=\"\"><\/a><\/td><td><a href=\"https:\/\/fedefutguate.gt\/informacionpublica\/wp-content\/uploads\/2022\/02\/DIRECTORIO-DE-LA-ENTIDAD-Y-DEPENDENCIAS-DE-LA-FEDEDUT-ENERO-2022.pdf\" target=\"_blank\" rel=\"noreferrer noopener\">Directorio de la Entidad y Dependencias de la Federaci\u00f3n Nacional de F\u00fatbol de Guatemala (ENERO 2022)<\/a><\/td><\/tr><tr><td class=\"has-text-align-right\" data-align=\"right\"><a href=\"https:\/\/fedefutguate.gt\/informacionpublica\/wp-content\/uploads\/2022\/03\/DIRECTORIO-DE-LA-ENTIDAD-Y-DEPENDENCIAS-DE-LA-FEDEDUT-FEBRERO-2022.pdf\" target=\"_blank\" rel=\"noreferrer noopener\"><img loading=\"lazy\" decoding=\"async\" width=\"50\" height=\"58\" class=\"wp-image-266\" style=\"width: 50px;\" src=\"https:\/\/fedefutguate.gt\/informacionpublica\/wp-content\/uploads\/2022\/02\/pngaaa.com-2621310.png\" alt=\"\"><\/a><\/td><td><a href=\"https:\/\/fedefutguate.gt\/informacionpublica\/wp-content\/uploads\/2022\/03\/DIRECTORIO-DE-LA-ENTIDAD-Y-DEPENDENCIAS-DE-LA-FEDEDUT-FEBRERO-2022.pdf\" target=\"_blank\" rel=\"noreferrer noopener\">Directorio de la Entidad y Dependencias de la Federaci\u00f3n Nacional de F\u00fatbol de Guatemala (FEBRERO 2022)<\/a><\/td><\/tr><tr><td class=\"has-text-align-right\" data-align=\"right\"><a href=\"https:\/\/fedefutguate.gt\/informacionpublica\/wp-content\/uploads\/2022\/04\/DIRECTORIO-DE-LA-ENTIDAD-Y-DEPENDENCIAS-DE-LA-FEDEDUT-MARZO-2022.pdf\" target=\"_blank\" rel=\"noreferrer noopener\"><img loading=\"lazy\" decoding=\"async\" width=\"50\" height=\"58\" class=\"wp-image-266\" style=\"width: 50px;\" src=\"https:\/\/fedefutguate.gt\/informacionpublica\/wp-content\/uploads\/2022\/02\/pngaaa.com-2621310.png\" alt=\"\"><\/a><\/td><td><a href=\"https:\/\/fedefutguate.gt\/informacionpublica\/wp-content\/uploads\/2022\/04\/DIRECTORIO-DE-LA-ENTIDAD-Y-DEPENDENCIAS-DE-LA-FEDEDUT-MARZO-2022.pdf\" target=\"_blank\" rel=\"noreferrer noopener\">Directorio de la Entidad y Dependencias de la Federaci\u00f3n Nacional de F\u00fatbol de Guatemala (MARZO 2022)<\/a><\/td><\/tr><tr><td class=\"has-text-align-right\" data-align=\"right\"><a href=\"https:\/\/fedefutguate.gt\/informacionpublica\/wp-content\/uploads\/2022\/05\/DIRECTORIO-DE-LA-ENTIDAD-Y-DEPENDENCIAS-DE-LA-FEDEDUT-ABRIL-2022.pdf\" target=\"_blank\" rel=\"noreferrer noopener\"><img loading=\"lazy\" decoding=\"async\" width=\"50\" height=\"58\" class=\"wp-image-266\" style=\"width: 50px;\" src=\"https:\/\/fedefutguate.gt\/informacionpublica\/wp-content\/uploads\/2022\/02\/pngaaa.com-2621310.png\" alt=\"\"><\/a><\/td><td><a href=\"https:\/\/fedefutguate.gt\/informacionpublica\/wp-content\/uploads\/2022\/05\/DIRECTORIO-DE-LA-ENTIDAD-Y-DEPENDENCIAS-DE-LA-FEDEDUT-ABRIL-2022.pdf\" target=\"_blank\" rel=\"noreferrer noopener\">Directorio de la Entidad y Dependencias de la Federaci\u00f3n Nacional de F\u00fatbol de Guatemala (ABRIL 2022)<\/a><\/td><\/tr><tr><td class=\"has-text-align-right\" data-align=\"right\"><a href=\"https:\/\/fedefutguate.gt\/informacionpublica\/wp-content\/uploads\/2022\/06\/DIRECTORIO-DE-LA-ENTIDAD-Y-DEPENDENCIAS-DE-LA-FEDEDUT-MAYO-2022.pdf\" target=\"_blank\" rel=\"noreferrer noopener\"><img loading=\"lazy\" decoding=\"async\" width=\"50\" height=\"58\" class=\"wp-image-266\" style=\"width: 50px;\" src=\"https:\/\/fedefutguate.gt\/informacionpublica\/wp-content\/uploads\/2022\/02\/pngaaa.com-2621310.png\" alt=\"\"><\/a><\/td><td><a rel=\"noreferrer noopener\" href=\"https:\/\/fedefutguate.gt\/informacionpublica\/wp-content\/uploads\/2022\/06\/DIRECTORIO-DE-LA-ENTIDAD-Y-DEPENDENCIAS-DE-LA-FEDEDUT-MAYO-2022.pdf\" target=\"_blank\">Directorio de la Entidad y Dependencias de la Federaci\u00f3n Nacional de F\u00fatbol de Guatemala (<\/a><a rel=\"noreferrer noopener\" href=\"https:\/\/fedefutguate.gt\/informacionpublica\/wp-content\/uploads\/2022\/06\/DIRECTORIO-DE-LA-ENTIDAD-Y-DEPENDENCIAS-DE-LA-FEDEDUT-MAYO-2022.pdf\" target=\"_blank\">M<\/a><a rel=\"noreferrer noopener\" href=\"https:\/\/fedefutguate.gt\/informacionpublica\/wp-content\/uploads\/2022\/06\/DIRECTORIO-DE-LA-ENTIDAD-Y-DEPENDENCIAS-DE-LA-FEDEDUT-MAYO-2022.pdf\" target=\"_blank\">A<\/a><a rel=\"noreferrer noopener\" href=\"https:\/\/fedefutguate.gt\/informacionpublica\/wp-content\/uploads\/2022\/06\/DIRECTORIO-DE-LA-ENTIDAD-Y-DEPENDENCIAS-DE-LA-FEDEDUT-MAYO-2022.pdf\" target=\"_blank\">Y<\/a><a href=\"https:\/\/fedefutguate.gt\/informacionpublica\/wp-content\/uploads\/2022\/06\/DIRECTORIO-DE-LA-ENTIDAD-Y-DEPENDENCIAS-DE-LA-FEDEDUT-MAYO-2022.pdf\" target=\"_blank\" rel=\"noreferrer noopener\">O<\/a><a rel=\"noreferrer noopener\" href=\"https:\/\/fedefutguate.gt\/informacionpublica\/wp-content\/uploads\/2022\/06\/DIRECTORIO-DE-LA-ENTIDAD-Y-DEPENDENCIAS-DE-LA-FEDEDUT-MAYO-2022.pdf\" target=\"_blank\"> 2022)<\/a><\/td><\/tr><tr><td class=\"has-text-align-right\" data-align=\"right\"><a href=\"https:\/\/fedefutguate.gt\/informacionpublica\/wp-content\/uploads\/2022\/07\/DIRECTORIO-DE-LA-ENTIDAD-Y-DEPENDENCIAS-DE-LA-FEDEDUT-JUNIO-2022.pdf\" target=\"_blank\" rel=\"noreferrer noopener\"><img loading=\"lazy\" decoding=\"async\" width=\"50\" height=\"58\" class=\"wp-image-266\" style=\"width: 50px;\" src=\"https:\/\/fedefutguate.gt\/informacionpublica\/wp-content\/uploads\/2022\/02\/pngaaa.com-2621310.png\" alt=\"\"><\/a><\/td><td><a href=\"https:\/\/fedefutguate.gt\/informacionpublica\/wp-content\/uploads\/2022\/07\/DIRECTORIO-DE-LA-ENTIDAD-Y-DEPENDENCIAS-DE-LA-FEDEDUT-JUNIO-2022.pdf\" target=\"_blank\" rel=\"noreferrer noopener\">Directorio de la Entidad y Dependencias de la Federaci\u00f3n Nacional de F\u00fatbol de Guatemala (JUNIO 2022)<\/a><\/td><\/tr><tr><td class=\"has-text-align-right\" data-align=\"right\"><a href=\"https:\/\/fedefutguate.gt\/informacionpublica\/wp-content\/uploads\/2022\/08\/DIRECTORIO-DE-LA-ENTIDAD-Y-DEPENDENCIAS-DE-LA-FEDEDUT-JULIO-2022.pdf\" target=\"_blank\" rel=\"noreferrer noopener\"><img loading=\"lazy\" decoding=\"async\" width=\"50\" height=\"58\" class=\"wp-image-266\" style=\"width: 50px;\" src=\"https:\/\/fedefutguate.gt\/informacionpublica\/wp-content\/uploads\/2022\/02\/pngaaa.com-2621310.png\" alt=\"\"><\/a><\/td><td><a href=\"https:\/\/fedefutguate.gt\/informacionpublica\/wp-content\/uploads\/2022\/08\/DIRECTORIO-DE-LA-ENTIDAD-Y-DEPENDENCIAS-DE-LA-FEDEDUT-JULIO-2022.pdf\" target=\"_blank\" rel=\"noreferrer noopener\">Directorio de la Entidad y Dependencias de la Federaci\u00f3n Nacional de F\u00fatbol de Guatemala (JULIO 2022)<\/a><\/td><\/tr><tr><td class=\"has-text-align-right\" data-align=\"right\"><a href=\"https:\/\/fedefutguate.gt\/informacionpublica\/wp-content\/uploads\/2022\/09\/DIRECTORIO-DE-LA-ENTIDAD-Y-DEPENDENCIAS-DE-LA-FEDEDUT-AGOSTO-2022.pdf\" target=\"_blank\" rel=\"noreferrer noopener\"><img loading=\"lazy\" decoding=\"async\" width=\"50\" height=\"58\" class=\"wp-image-266\" style=\"width: 50px;\" src=\"https:\/\/fedefutguate.gt\/informacionpublica\/wp-content\/uploads\/2022\/02\/pngaaa.com-2621310.png\" alt=\"\"><\/a><\/td><td><a href=\"https:\/\/fedefutguate.gt\/informacionpublica\/wp-content\/uploads\/2022\/09\/DIRECTORIO-DE-LA-ENTIDAD-Y-DEPENDENCIAS-DE-LA-FEDEDUT-AGOSTO-2022.pdf\" target=\"_blank\" rel=\"noreferrer noopener\">Directorio de la Entidad y Dependencias de la Federaci\u00f3n Nacional de F\u00fatbol de Guatemala (AGOSTO 2022)<\/a><\/td><\/tr><tr><td class=\"has-text-align-right\" data-align=\"right\"><a href=\"https:\/\/fedefutguate.gt\/informacionpublica\/wp-content\/uploads\/2022\/10\/DIRECTORIO-DE-LA-ENTIDAD-Y-DEPENDENCIAS-DE-LA-FEDEDUT-SEPTIEMBRE-2022.pdf\" target=\"_blank\" rel=\"noreferrer noopener\"><img loading=\"lazy\" decoding=\"async\" width=\"50\" height=\"58\" class=\"wp-image-266\" style=\"width: 50px;\" src=\"https:\/\/fedefutguate.gt\/informacionpublica\/wp-content\/uploads\/2022\/02\/pngaaa.com-2621310.png\" alt=\"\"><\/a><\/td><td><a href=\"https:\/\/fedefutguate.gt\/informacionpublica\/wp-content\/uploads\/2022\/10\/DIRECTORIO-DE-LA-ENTIDAD-Y-DEPENDENCIAS-DE-LA-FEDEDUT-SEPTIEMBRE-2022.pdf\" target=\"_blank\" rel=\"noreferrer noopener\">Directorio de la Entidad y Dependencias de la Federaci\u00f3n Nacional de F\u00fatbol de Guatemala (SEPTIEMBRE 2022)<\/a><\/td><\/tr><tr><td class=\"has-text-align-right\" data-align=\"right\"><a href=\"https:\/\/fedefutguate.gt\/informacionpublica\/wp-content\/uploads\/2022\/11\/DIRECTORIO-DE-LA-ENTIDAD-Y-DEPENDENCIAS-DE-LA-FEDEDUT-OCTUBRE-2022.pdf\" target=\"_blank\" rel=\"noreferrer noopener\"><img loading=\"lazy\" decoding=\"async\" width=\"50\" height=\"58\" class=\"wp-image-266\" style=\"width: 50px;\" src=\"https:\/\/fedefutguate.gt\/informacionpublica\/wp-content\/uploads\/2022\/02\/pngaaa.com-2621310.png\" alt=\"\"><\/a><\/td><td><a href=\"https:\/\/fedefutguate.gt\/informacionpublica\/wp-content\/uploads\/2022\/11\/DIRECTORIO-DE-LA-ENTIDAD-Y-DEPENDENCIAS-DE-LA-FEDEDUT-OCTUBRE-2022.pdf\" target=\"_blank\" rel=\"noreferrer noopener\">Directorio de la Entidad y Dependencias de la Federaci\u00f3n Nacional de F\u00fatbol de Guatemala (OCTUBRE 2022)<\/a><\/td><\/tr><tr><td class=\"has-text-align-right\" data-align=\"right\"><a href=\"https:\/\/fedefutguate.gt\/informacionpublica\/wp-content\/uploads\/2022\/12\/DIRECTORIO-DE-LA-ENTIDAD-Y-DEPENDENCIAS-DE-LA-FEDEDUT-NOVIEMBRE-2022.pdf\" target=\"_blank\" rel=\"noreferrer noopener\"><img loading=\"lazy\" decoding=\"async\" width=\"50\" height=\"58\" class=\"wp-image-266\" style=\"width: 50px;\" src=\"https:\/\/fedefutguate.gt\/informacionpublica\/wp-content\/uploads\/2022\/02\/pngaaa.com-2621310.png\" alt=\"\"><\/a><\/td><td><a href=\"https:\/\/fedefutguate.gt\/informacionpublica\/wp-content\/uploads\/2022\/12\/DIRECTORIO-DE-LA-ENTIDAD-Y-DEPENDENCIAS-DE-LA-FEDEDUT-NOVIEMBRE-2022.pdf\" target=\"_blank\" rel=\"noreferrer noopener\">Directorio de la Entidad y Dependencias de la Federaci\u00f3n Nacional de F\u00fatbol de Guatemala (NOVIEMBRE 2022)<\/a><\/td><\/tr><tr><td class=\"has-text-align-right\" data-align=\"right\"><a href=\"https:\/\/fedefutguate.gt\/informacionpublica\/wp-content\/uploads\/2023\/01\/DIRECTORIO-DE-LA-ENTIDAD-Y-DEPENDENCIAS-DE-LA-FEDEDUT-DICIEMBRE-2022.pdf\" target=\"_blank\" rel=\"noreferrer noopener\"><img loading=\"lazy\" decoding=\"async\" width=\"50\" height=\"58\" class=\"wp-image-266\" style=\"width: 50px;\" src=\"https:\/\/fedefutguate.gt\/informacionpublica\/wp-content\/uploads\/2022\/02\/pngaaa.com-2621310.png\" alt=\"\"><\/a><\/td><td><a href=\"https:\/\/fedefutguate.gt\/informacionpublica\/wp-content\/uploads\/2023\/01\/DIRECTORIO-DE-LA-ENTIDAD-Y-DEPENDENCIAS-DE-LA-FEDEDUT-DICIEMBRE-2022.pdf\" target=\"_blank\" rel=\"noreferrer noopener\"><br>Directorio de la Entidad y Dependencias de la Federaci\u00f3n Nacional de F\u00fatbol de Guatemala (DICIEMBRE 2022)<\/a><\/td><\/tr><\/tbody><\/table><\/figure>\n\n\n\n<p><\/p>\n","protected":false},"excerpt":{"rendered":"<p>Direcci\u00f3n y tel\u00e9fonos de la entidad y de todas las dependencias que la conforman. Art\u00edculo 10, numeral 2 de la Ley de Acceso a la Informaci\u00f3n P\u00fablica. Direcci\u00f3n y Tel\u00e9fono Sede Central de la Federaci\u00f3n Nacional de F\u00fatbol de Guatemala (VIGENTE 2022) Contacto Comit\u00e9 Ejecutivo de la Federaci\u00f3n Nacional de F\u00fatbol de Guatemala (VIGENTE 2022) &#8230; <a title=\"DIRECCI\u00d3N Y TEL\u00c9FONOS\" class=\"read-more\" href=\"https:\/\/fedefutguate.gt\/informacionpublica\/direcciones-y-telefonos-de-la-entidad-y-sus-dependencias\/\" aria-label=\"Read more about DIRECCI\u00d3N Y TEL\u00c9FONOS\">Read more<\/a><\/p>\n","protected":false},"author":1,"featured_media":0,"parent":0,"menu_order":0,"comment_status":"closed","ping_status":"closed","template":"","meta":{"footnotes":""},"class_list":["post-293","page","type-page","status-publish"],"_links":{"self":[{"href":"https:\/\/fedefutguate.gt\/informacionpublica\/wp-json\/wp\/v2\/pages\/293","targetHints":{"allow":["GET"]}}],"collection":[{"href":"https:\/\/fedefutguate.gt\/informacionpublica\/wp-json\/wp\/v2\/pages"}],"about":[{"href":"https:\/\/fedefutguate.gt\/informacionpublica\/wp-json\/wp\/v2\/types\/page"}],"author":[{"embeddable":true,"href":"https:\/\/fedefutguate.gt\/informacionpublica\/wp-json\/wp\/v2\/users\/1"}],"replies":[{"embeddable":true,"href":"https:\/\/fedefutguate.gt\/informacionpublica\/wp-json\/wp\/v2\/comments?post=293"}],"version-history":[{"count":31,"href":"https:\/\/fedefutguate.gt\/informacionpublica\/wp-json\/wp\/v2\/pages\/293\/revisions"}],"predecessor-version":[{"id":2181,"href":"https:\/\/fedefutguate.gt\/informacionpublica\/wp-json\/wp\/v2\/pages\/293\/revisions\/2181"}],"wp:attachment":[{"href":"https:\/\/fedefutguate.gt\/informacionpublica\/wp-json\/wp\/v2\/media?parent=293"}],"curies":[{"name":"wp","href":"https:\/\/api.w.org\/{rel}","templated":true}]}}