{"id":295,"date":"2022-02-09T17:47:28","date_gmt":"2022-02-09T16:47:28","guid":{"rendered":"https:\/\/fedefutguate.gt\/informacionpublica\/?page_id=295"},"modified":"2023-02-08T20:36:01","modified_gmt":"2023-02-08T19:36:01","slug":"directorio-de-empleados-y-servidores-publicos","status":"publish","type":"page","link":"https:\/\/fedefutguate.gt\/informacionpublica\/directorio-de-empleados-y-servidores-publicos\/","title":{"rendered":"DIRECTORIO DE EMPLEADOS Y SERVIDORES P\u00daBLICOS"},"content":{"rendered":"\n<p class=\"has-contrast-2-color has-text-color\">Directorio de empleados y servidores p\u00fablicos, incluyendo n\u00fameros de tel\u00e9fono y direcciones de correo electr\u00f3nico oficiales no privados.<\/p>\n\n\n\n<p>Art\u00edculo 10, numeral 3 de la Ley de Acceso a la Informaci\u00f3n P\u00fablica<\/p>\n\n\n\n<figure class=\"wp-block-table is-style-stripes\"><table><tbody><tr><td class=\"has-text-align-right\" data-align=\"right\"><a href=\"https:\/\/fedefutguate.gt\/informacionpublica\/wp-content\/uploads\/2022\/02\/Directorio-de-Empleados-y-Servidores-Publicos-de-la-Federacion-Nacional-de-Futbol-de-Guatemala-ENERO-2022.pdf\" target=\"_blank\" rel=\"noreferrer noopener\"><img loading=\"lazy\" decoding=\"async\" width=\"50\" height=\"58\" class=\"wp-image-266\" style=\"width: 50px;\" src=\"https:\/\/fedefutguate.gt\/informacionpublica\/wp-content\/uploads\/2022\/02\/pngaaa.com-2621310.png\" alt=\"\"><\/a><\/td><td><a href=\"https:\/\/fedefutguate.gt\/informacionpublica\/wp-content\/uploads\/2022\/02\/Directorio-de-Empleados-y-Servidores-Publicos-de-la-Federacion-Nacional-de-Futbol-de-Guatemala-ENERO-2022.pdf\" target=\"_blank\" rel=\"noreferrer noopener\">Directorio de Empleados y Servidores P\u00fablicos de la Federaci\u00f3n Nacional de F\u00fatbol de Guatemala (ENERO 2022)<\/a><\/td><\/tr><tr><td class=\"has-text-align-right\" data-align=\"right\"><a href=\"https:\/\/fedefutguate.gt\/informacionpublica\/wp-content\/uploads\/2022\/03\/Directorio-de-Empleados-Y-Servidores-Publicos-de-la-Federacion-Nacional-de-Futbol-de-Guatemala-FEBRERO-2022.pdf\" target=\"_blank\" rel=\"noreferrer noopener\"><img loading=\"lazy\" decoding=\"async\" width=\"50\" height=\"58\" class=\"wp-image-266\" style=\"width: 50px;\" src=\"https:\/\/fedefutguate.gt\/informacionpublica\/wp-content\/uploads\/2022\/02\/pngaaa.com-2621310.png\" alt=\"\"><\/a><\/td><td><a rel=\"noreferrer noopener\" href=\"https:\/\/fedefutguate.gt\/informacionpublica\/wp-content\/uploads\/2022\/03\/Directorio-de-Empleados-Y-Servidores-Publicos-de-la-Federacion-Nacional-de-Futbol-de-Guatemala-FEBRERO-2022.pdf\" target=\"_blank\">Directorio de Empleados y Servidores P\u00fablicos de la Federaci\u00f3n Nacional de F\u00fatbol de Guatemala (<\/a><a rel=\"noreferrer noopener\" href=\"https:\/\/fedefutguate.gt\/informacionpublica\/wp-content\/uploads\/2022\/03\/Directorio-de-Empleados-Y-Servidores-Publicos-de-la-Federacion-Nacional-de-Futbol-de-Guatemala-FEBRERO-2022.pdf\" target=\"_blank\">F<\/a><a rel=\"noreferrer noopener\" href=\"https:\/\/fedefutguate.gt\/informacionpublica\/wp-content\/uploads\/2022\/03\/Directorio-de-Empleados-Y-Servidores-Publicos-de-la-Federacion-Nacional-de-Futbol-de-Guatemala-FEBRERO-2022.pdf\" target=\"_blank\">E<\/a><a rel=\"noreferrer noopener\" href=\"https:\/\/fedefutguate.gt\/informacionpublica\/wp-content\/uploads\/2022\/03\/Directorio-de-Empleados-Y-Servidores-Publicos-de-la-Federacion-Nacional-de-Futbol-de-Guatemala-FEBRERO-2022.pdf\" target=\"_blank\">B<\/a><a rel=\"noreferrer noopener\" href=\"https:\/\/fedefutguate.gt\/informacionpublica\/wp-content\/uploads\/2022\/03\/Directorio-de-Empleados-Y-Servidores-Publicos-de-la-Federacion-Nacional-de-Futbol-de-Guatemala-FEBRERO-2022.pdf\" target=\"_blank\">R<\/a><a rel=\"noreferrer noopener\" href=\"https:\/\/fedefutguate.gt\/informacionpublica\/wp-content\/uploads\/2022\/03\/Directorio-de-Empleados-Y-Servidores-Publicos-de-la-Federacion-Nacional-de-Futbol-de-Guatemala-FEBRERO-2022.pdf\" target=\"_blank\">E<\/a><a rel=\"noreferrer noopener\" href=\"https:\/\/fedefutguate.gt\/informacionpublica\/wp-content\/uploads\/2022\/03\/Directorio-de-Empleados-Y-Servidores-Publicos-de-la-Federacion-Nacional-de-Futbol-de-Guatemala-FEBRERO-2022.pdf\" target=\"_blank\">R<\/a><a href=\"https:\/\/fedefutguate.gt\/informacionpublica\/wp-content\/uploads\/2022\/03\/Directorio-de-Empleados-Y-Servidores-Publicos-de-la-Federacion-Nacional-de-Futbol-de-Guatemala-FEBRERO-2022.pdf\" target=\"_blank\" rel=\"noreferrer noopener\">O<\/a><a rel=\"noreferrer noopener\" href=\"https:\/\/fedefutguate.gt\/informacionpublica\/wp-content\/uploads\/2022\/03\/Directorio-de-Empleados-Y-Servidores-Publicos-de-la-Federacion-Nacional-de-Futbol-de-Guatemala-FEBRERO-2022.pdf\" target=\"_blank\"> 2022)<\/a><\/td><\/tr><tr><td class=\"has-text-align-right\" data-align=\"right\"><a href=\"https:\/\/fedefutguate.gt\/informacionpublica\/wp-content\/uploads\/2022\/04\/Directorio-de-Empleados-Y-Servidores-Publicos-de-la-Federacion-Nacional-de-Futbol-de-Guatemala-MARZO-2022.pdf\" target=\"_blank\" rel=\"noreferrer noopener\"><img loading=\"lazy\" decoding=\"async\" width=\"50\" height=\"58\" class=\"wp-image-266\" style=\"width: 50px;\" src=\"https:\/\/fedefutguate.gt\/informacionpublica\/wp-content\/uploads\/2022\/02\/pngaaa.com-2621310.png\" alt=\"\"><\/a><\/td><td><a rel=\"noreferrer noopener\" href=\"https:\/\/fedefutguate.gt\/informacionpublica\/wp-content\/uploads\/2022\/04\/Directorio-de-Empleados-Y-Servidores-Publicos-de-la-Federacion-Nacional-de-Futbol-de-Guatemala-MARZO-2022.pdf\" target=\"_blank\">Directorio de Empleados y Servidores P\u00fablicos de la Federaci\u00f3n Nacional de F\u00fatbol de Guatemala (<\/a><a rel=\"noreferrer noopener\" href=\"https:\/\/fedefutguate.gt\/informacionpublica\/wp-content\/uploads\/2022\/04\/Directorio-de-Empleados-Y-Servidores-Publicos-de-la-Federacion-Nacional-de-Futbol-de-Guatemala-MARZO-2022.pdf\" target=\"_blank\">M<\/a><a rel=\"noreferrer noopener\" href=\"https:\/\/fedefutguate.gt\/informacionpublica\/wp-content\/uploads\/2022\/04\/Directorio-de-Empleados-Y-Servidores-Publicos-de-la-Federacion-Nacional-de-Futbol-de-Guatemala-MARZO-2022.pdf\" target=\"_blank\">A<\/a><a rel=\"noreferrer noopener\" href=\"https:\/\/fedefutguate.gt\/informacionpublica\/wp-content\/uploads\/2022\/04\/Directorio-de-Empleados-Y-Servidores-Publicos-de-la-Federacion-Nacional-de-Futbol-de-Guatemala-MARZO-2022.pdf\" target=\"_blank\">R<\/a><a rel=\"noreferrer noopener\" href=\"https:\/\/fedefutguate.gt\/informacionpublica\/wp-content\/uploads\/2022\/04\/Directorio-de-Empleados-Y-Servidores-Publicos-de-la-Federacion-Nacional-de-Futbol-de-Guatemala-MARZO-2022.pdf\" target=\"_blank\">Z<\/a><a href=\"https:\/\/fedefutguate.gt\/informacionpublica\/wp-content\/uploads\/2022\/04\/Directorio-de-Empleados-Y-Servidores-Publicos-de-la-Federacion-Nacional-de-Futbol-de-Guatemala-MARZO-2022.pdf\" target=\"_blank\" rel=\"noreferrer noopener\">O<\/a><a rel=\"noreferrer noopener\" href=\"https:\/\/fedefutguate.gt\/informacionpublica\/wp-content\/uploads\/2022\/04\/Directorio-de-Empleados-Y-Servidores-Publicos-de-la-Federacion-Nacional-de-Futbol-de-Guatemala-MARZO-2022.pdf\" target=\"_blank\"> 2022)<\/a><\/td><\/tr><tr><td class=\"has-text-align-right\" data-align=\"right\"><a href=\"https:\/\/fedefutguate.gt\/informacionpublica\/wp-content\/uploads\/2022\/05\/Directorio-de-Empleados-Y-Servidores-Publicos-de-la-Federacion-Nacional-de-Futbol-de-Guatemala-ABRIL-2022.pdf\" target=\"_blank\" rel=\"noreferrer noopener\"><img loading=\"lazy\" decoding=\"async\" width=\"50\" height=\"58\" class=\"wp-image-266\" style=\"width: 50px;\" src=\"https:\/\/fedefutguate.gt\/informacionpublica\/wp-content\/uploads\/2022\/02\/pngaaa.com-2621310.png\" alt=\"\"><\/a><\/td><td><a rel=\"noreferrer noopener\" href=\"https:\/\/fedefutguate.gt\/informacionpublica\/wp-content\/uploads\/2022\/05\/Directorio-de-Empleados-Y-Servidores-Publicos-de-la-Federacion-Nacional-de-Futbol-de-Guatemala-ABRIL-2022.pdf\" target=\"_blank\">Directorio de Empleados y Servidores P\u00fablicos de la Federaci\u00f3n Nacional de F\u00fatbol de Guatemala (ABRIL 2022)<\/a><\/td><\/tr><tr><td class=\"has-text-align-right\" data-align=\"right\"><a href=\"https:\/\/fedefutguate.gt\/informacionpublica\/wp-content\/uploads\/2022\/06\/Directorio-de-Empleados-Y-Servidores-Publicos-de-la-Federacion-Nacional-de-Futbol-de-Guatemala-MAYO-2022.pdf\" target=\"_blank\" rel=\"noreferrer noopener\"><img loading=\"lazy\" decoding=\"async\" width=\"50\" height=\"58\" class=\"wp-image-266\" style=\"width: 50px;\" src=\"https:\/\/fedefutguate.gt\/informacionpublica\/wp-content\/uploads\/2022\/02\/pngaaa.com-2621310.png\" alt=\"\"><\/a><\/td><td><a href=\"https:\/\/fedefutguate.gt\/informacionpublica\/wp-content\/uploads\/2022\/06\/Directorio-de-Empleados-Y-Servidores-Publicos-de-la-Federacion-Nacional-de-Futbol-de-Guatemala-MAYO-2022.pdf\" target=\"_blank\" rel=\"noreferrer noopener\">Directorio de Empleados y Servidores P\u00fablicos de la Federaci\u00f3n Nacional de F\u00fatbol de Guatemala (MAYO 2022)<\/a><\/td><\/tr><tr><td class=\"has-text-align-right\" data-align=\"right\"><a href=\"https:\/\/fedefutguate.gt\/informacionpublica\/wp-content\/uploads\/2022\/07\/Directorio-de-Empleados-Y-Servidores-Publicos-de-la-Federacion-Nacional-de-Futbol-de-Guatemala-JUNIO-2022.pdf\" target=\"_blank\" rel=\"noreferrer noopener\"><img loading=\"lazy\" decoding=\"async\" width=\"50\" height=\"58\" class=\"wp-image-266\" style=\"width: 50px;\" src=\"https:\/\/fedefutguate.gt\/informacionpublica\/wp-content\/uploads\/2022\/02\/pngaaa.com-2621310.png\" alt=\"\"><\/a><\/td><td><a href=\"https:\/\/fedefutguate.gt\/informacionpublica\/wp-content\/uploads\/2022\/07\/Directorio-de-Empleados-Y-Servidores-Publicos-de-la-Federacion-Nacional-de-Futbol-de-Guatemala-JUNIO-2022.pdf\" target=\"_blank\" rel=\"noreferrer noopener\">Directorio de Empleados y Servidores P\u00fablicos de la Federaci\u00f3n Nacional de F\u00fatbol de Guatemala (JUNIO 2022)<\/a><\/td><\/tr><tr><td class=\"has-text-align-right\" data-align=\"right\"><a href=\"https:\/\/fedefutguate.gt\/informacionpublica\/wp-content\/uploads\/2022\/08\/Directorio-de-Empleados-Y-Servidores-Publicos-de-la-Federacion-Nacional-de-Futbol-de-Guatemala-JULIO-2022.pdf\" target=\"_blank\" rel=\"noreferrer noopener\"><img loading=\"lazy\" decoding=\"async\" width=\"50\" height=\"58\" class=\"wp-image-266\" style=\"width: 50px;\" src=\"https:\/\/fedefutguate.gt\/informacionpublica\/wp-content\/uploads\/2022\/02\/pngaaa.com-2621310.png\" alt=\"\"><\/a><\/td><td><a href=\"https:\/\/fedefutguate.gt\/informacionpublica\/wp-content\/uploads\/2022\/08\/Directorio-de-Empleados-Y-Servidores-Publicos-de-la-Federacion-Nacional-de-Futbol-de-Guatemala-JULIO-2022.pdf\" target=\"_blank\" rel=\"noreferrer noopener\">Directorio de Empleados y Servidores P\u00fablicos de la Federaci\u00f3n Nacional de F\u00fatbol de Guatemala (JULIO 2022)<\/a><\/td><\/tr><tr><td class=\"has-text-align-right\" data-align=\"right\"><a href=\"https:\/\/fedefutguate.gt\/informacionpublica\/wp-content\/uploads\/2022\/09\/Directorio-de-Empleados-Y-Servidores-Publicos-de-la-Federacion-Nacional-de-Futbol-de-Guatemala-AGOSTO-2022.pdf\" target=\"_blank\" rel=\"noreferrer noopener\"><img loading=\"lazy\" decoding=\"async\" width=\"50\" height=\"58\" class=\"wp-image-266\" style=\"width: 50px;\" src=\"https:\/\/fedefutguate.gt\/informacionpublica\/wp-content\/uploads\/2022\/02\/pngaaa.com-2621310.png\" alt=\"\"><\/a><\/td><td><a href=\"https:\/\/fedefutguate.gt\/informacionpublica\/wp-content\/uploads\/2022\/09\/Directorio-de-Empleados-Y-Servidores-Publicos-de-la-Federacion-Nacional-de-Futbol-de-Guatemala-AGOSTO-2022.pdf\" target=\"_blank\" rel=\"noreferrer noopener\">Directorio de Empleados y Servidores P\u00fablicos de la Federaci\u00f3n Nacional de F\u00fatbol de Guatemala (AGOSTO 2022)<\/a><\/td><\/tr><tr><td class=\"has-text-align-right\" data-align=\"right\"><a href=\"https:\/\/fedefutguate.gt\/informacionpublica\/wp-content\/uploads\/2022\/10\/Directorio-de-Empleados-Y-Servidores-Publicos-de-la-Federacion-Nacional-de-Futbol-de-Guatemala-SEPTIEMBRE-2022.pdf\" target=\"_blank\" rel=\"noreferrer noopener\"><img loading=\"lazy\" decoding=\"async\" width=\"50\" height=\"58\" class=\"wp-image-266\" style=\"width: 50px;\" src=\"https:\/\/fedefutguate.gt\/informacionpublica\/wp-content\/uploads\/2022\/02\/pngaaa.com-2621310.png\" alt=\"\"><\/a><\/td><td><a rel=\"noreferrer noopener\" href=\"https:\/\/fedefutguate.gt\/informacionpublica\/wp-content\/uploads\/2022\/10\/Directorio-de-Empleados-Y-Servidores-Publicos-de-la-Federacion-Nacional-de-Futbol-de-Guatemala-SEPTIEMBRE-2022.pdf\" target=\"_blank\">Directorio de Empleados y Servidores P\u00fablicos de la Federaci\u00f3n Nacional de F\u00fatbol de Guatemala (<\/a><a rel=\"noreferrer noopener\" href=\"https:\/\/fedefutguate.gt\/informacionpublica\/wp-content\/uploads\/2022\/10\/Directorio-de-Empleados-Y-Servidores-Publicos-de-la-Federacion-Nacional-de-Futbol-de-Guatemala-SEPTIEMBRE-2022.pdf\" target=\"_blank\">S<\/a><a rel=\"noreferrer noopener\" href=\"https:\/\/fedefutguate.gt\/informacionpublica\/wp-content\/uploads\/2022\/10\/Directorio-de-Empleados-Y-Servidores-Publicos-de-la-Federacion-Nacional-de-Futbol-de-Guatemala-SEPTIEMBRE-2022.pdf\" target=\"_blank\">E<\/a><a rel=\"noreferrer noopener\" href=\"https:\/\/fedefutguate.gt\/informacionpublica\/wp-content\/uploads\/2022\/10\/Directorio-de-Empleados-Y-Servidores-Publicos-de-la-Federacion-Nacional-de-Futbol-de-Guatemala-SEPTIEMBRE-2022.pdf\" target=\"_blank\">P<\/a><a rel=\"noreferrer noopener\" href=\"https:\/\/fedefutguate.gt\/informacionpublica\/wp-content\/uploads\/2022\/10\/Directorio-de-Empleados-Y-Servidores-Publicos-de-la-Federacion-Nacional-de-Futbol-de-Guatemala-SEPTIEMBRE-2022.pdf\" target=\"_blank\">T<\/a><a rel=\"noreferrer noopener\" href=\"https:\/\/fedefutguate.gt\/informacionpublica\/wp-content\/uploads\/2022\/10\/Directorio-de-Empleados-Y-Servidores-Publicos-de-la-Federacion-Nacional-de-Futbol-de-Guatemala-SEPTIEMBRE-2022.pdf\" target=\"_blank\">I<\/a><a rel=\"noreferrer noopener\" href=\"https:\/\/fedefutguate.gt\/informacionpublica\/wp-content\/uploads\/2022\/10\/Directorio-de-Empleados-Y-Servidores-Publicos-de-la-Federacion-Nacional-de-Futbol-de-Guatemala-SEPTIEMBRE-2022.pdf\" target=\"_blank\">E<\/a><a rel=\"noreferrer noopener\" href=\"https:\/\/fedefutguate.gt\/informacionpublica\/wp-content\/uploads\/2022\/10\/Directorio-de-Empleados-Y-Servidores-Publicos-de-la-Federacion-Nacional-de-Futbol-de-Guatemala-SEPTIEMBRE-2022.pdf\" target=\"_blank\">M<\/a><a rel=\"noreferrer noopener\" href=\"https:\/\/fedefutguate.gt\/informacionpublica\/wp-content\/uploads\/2022\/10\/Directorio-de-Empleados-Y-Servidores-Publicos-de-la-Federacion-Nacional-de-Futbol-de-Guatemala-SEPTIEMBRE-2022.pdf\" target=\"_blank\">B<\/a><a rel=\"noreferrer noopener\" href=\"https:\/\/fedefutguate.gt\/informacionpublica\/wp-content\/uploads\/2022\/10\/Directorio-de-Empleados-Y-Servidores-Publicos-de-la-Federacion-Nacional-de-Futbol-de-Guatemala-SEPTIEMBRE-2022.pdf\" target=\"_blank\">R<\/a><a href=\"https:\/\/fedefutguate.gt\/informacionpublica\/wp-content\/uploads\/2022\/10\/Directorio-de-Empleados-Y-Servidores-Publicos-de-la-Federacion-Nacional-de-Futbol-de-Guatemala-SEPTIEMBRE-2022.pdf\" target=\"_blank\" rel=\"noreferrer noopener\">E<\/a><a rel=\"noreferrer noopener\" href=\"https:\/\/fedefutguate.gt\/informacionpublica\/wp-content\/uploads\/2022\/10\/Directorio-de-Empleados-Y-Servidores-Publicos-de-la-Federacion-Nacional-de-Futbol-de-Guatemala-SEPTIEMBRE-2022.pdf\" target=\"_blank\"> 2022)<\/a><\/td><\/tr><tr><td class=\"has-text-align-right\" data-align=\"right\"><a href=\"https:\/\/fedefutguate.gt\/informacionpublica\/wp-content\/uploads\/2022\/11\/Directorio-de-Empleados-Y-Servidores-Publicos-de-la-Federacion-Nacional-de-Futbol-de-Guatemala-OCTUBRE-2022.pdf\" target=\"_blank\" rel=\"noreferrer noopener\"><img loading=\"lazy\" decoding=\"async\" width=\"50\" height=\"58\" class=\"wp-image-266\" style=\"width: 50px;\" src=\"https:\/\/fedefutguate.gt\/informacionpublica\/wp-content\/uploads\/2022\/02\/pngaaa.com-2621310.png\" alt=\"\"><\/a><\/td><td><a href=\"https:\/\/fedefutguate.gt\/informacionpublica\/wp-content\/uploads\/2022\/11\/Directorio-de-Empleados-Y-Servidores-Publicos-de-la-Federacion-Nacional-de-Futbol-de-Guatemala-OCTUBRE-2022.pdf\" target=\"_blank\" rel=\"noreferrer noopener\">Directorio de Empleados y Servidores P\u00fablicos de la Federaci\u00f3n Nacional de F\u00fatbol de Guatemala (OCTUBRE 2022)<\/a><\/td><\/tr><tr><td class=\"has-text-align-right\" data-align=\"right\"><a href=\"https:\/\/fedefutguate.gt\/informacionpublica\/wp-content\/uploads\/2022\/12\/Directorio-de-Empleados-Y-Servidores-Publicos-de-la-Federacion-Nacional-de-Futbol-de-Guatemala-NOVIEMBRE-2022.pdf\" target=\"_blank\" rel=\"noreferrer noopener\"><img loading=\"lazy\" decoding=\"async\" width=\"50\" height=\"58\" class=\"wp-image-266\" style=\"width: 50px;\" src=\"https:\/\/fedefutguate.gt\/informacionpublica\/wp-content\/uploads\/2022\/02\/pngaaa.com-2621310.png\" alt=\"\"><\/a><\/td><td><a href=\"https:\/\/fedefutguate.gt\/informacionpublica\/wp-content\/uploads\/2022\/12\/Directorio-de-Empleados-Y-Servidores-Publicos-de-la-Federacion-Nacional-de-Futbol-de-Guatemala-NOVIEMBRE-2022.pdf\" target=\"_blank\" rel=\"noreferrer noopener\">Directorio de Empleados y Servidores P\u00fablicos de la Federaci\u00f3n Nacional de F\u00fatbol de Guatemala (NOVIEMBRE 2022)<\/a><\/td><\/tr><tr><td class=\"has-text-align-right\" data-align=\"right\"><a href=\"https:\/\/fedefutguate.gt\/informacionpublica\/wp-content\/uploads\/2023\/01\/Directorio-de-Empleados-Y-Servidores-Publicos-de-la-Federacion-Nacional-de-Futbol-de-Guatemala-DICIEMBRE-2022.pdf\" target=\"_blank\" rel=\"noreferrer noopener\"><img loading=\"lazy\" decoding=\"async\" width=\"50\" height=\"58\" class=\"wp-image-266\" style=\"width: 50px;\" src=\"https:\/\/fedefutguate.gt\/informacionpublica\/wp-content\/uploads\/2022\/02\/pngaaa.com-2621310.png\" alt=\"\"><\/a><\/td><td><a href=\"https:\/\/fedefutguate.gt\/informacionpublica\/wp-content\/uploads\/2023\/01\/Directorio-de-Empleados-Y-Servidores-Publicos-de-la-Federacion-Nacional-de-Futbol-de-Guatemala-DICIEMBRE-2022.pdf\" target=\"_blank\" rel=\"noreferrer noopener\">Directorio de Empleados y Servidores P\u00fablicos de la Federaci\u00f3n Nacional de F\u00fatbol de Guatemala (DICIEMBRE 2022)<\/a><\/td><\/tr><\/tbody><\/table><\/figure>\n\n\n\n<p><\/p>\n","protected":false},"excerpt":{"rendered":"<p>Directorio de empleados y servidores p\u00fablicos, incluyendo n\u00fameros de tel\u00e9fono y direcciones de correo electr\u00f3nico oficiales no privados. Art\u00edculo 10, numeral 3 de la Ley de Acceso a la Informaci\u00f3n P\u00fablica Directorio de Empleados y Servidores P\u00fablicos de la Federaci\u00f3n Nacional de F\u00fatbol de Guatemala (ENERO 2022) Directorio de Empleados y Servidores P\u00fablicos de la &#8230; <a title=\"DIRECTORIO DE EMPLEADOS Y SERVIDORES P\u00daBLICOS\" class=\"read-more\" href=\"https:\/\/fedefutguate.gt\/informacionpublica\/directorio-de-empleados-y-servidores-publicos\/\" aria-label=\"Read more about DIRECTORIO DE EMPLEADOS Y SERVIDORES P\u00daBLICOS\">Read more<\/a><\/p>\n","protected":false},"author":1,"featured_media":0,"parent":0,"menu_order":0,"comment_status":"closed","ping_status":"closed","template":"","meta":{"footnotes":""},"class_list":["post-295","page","type-page","status-publish"],"_links":{"self":[{"href":"https:\/\/fedefutguate.gt\/informacionpublica\/wp-json\/wp\/v2\/pages\/295","targetHints":{"allow":["GET"]}}],"collection":[{"href":"https:\/\/fedefutguate.gt\/informacionpublica\/wp-json\/wp\/v2\/pages"}],"about":[{"href":"https:\/\/fedefutguate.gt\/informacionpublica\/wp-json\/wp\/v2\/types\/page"}],"author":[{"embeddable":true,"href":"https:\/\/fedefutguate.gt\/informacionpublica\/wp-json\/wp\/v2\/users\/1"}],"replies":[{"embeddable":true,"href":"https:\/\/fedefutguate.gt\/informacionpublica\/wp-json\/wp\/v2\/comments?post=295"}],"version-history":[{"count":16,"href":"https:\/\/fedefutguate.gt\/informacionpublica\/wp-json\/wp\/v2\/pages\/295\/revisions"}],"predecessor-version":[{"id":2182,"href":"https:\/\/fedefutguate.gt\/informacionpublica\/wp-json\/wp\/v2\/pages\/295\/revisions\/2182"}],"wp:attachment":[{"href":"https:\/\/fedefutguate.gt\/informacionpublica\/wp-json\/wp\/v2\/media?parent=295"}],"curies":[{"name":"wp","href":"https:\/\/api.w.org\/{rel}","templated":true}]}}