{"id":297,"date":"2022-02-09T17:47:40","date_gmt":"2022-02-09T16:47:40","guid":{"rendered":"https:\/\/fedefutguate.gt\/informacionpublica\/?page_id=297"},"modified":"2023-02-15T21:34:30","modified_gmt":"2023-02-15T20:34:30","slug":"sueldos-salarios-y-honorarios","status":"publish","type":"page","link":"https:\/\/fedefutguate.gt\/informacionpublica\/sueldos-salarios-y-honorarios\/","title":{"rendered":"N\u00daMERO Y NOMBRE DE FUNCIONARIOS, SERVIDORES P\u00daBLICOS, EMPLEADOS, ASESORES Y SUS REMUNERACIONES -2023-"},"content":{"rendered":"\n<p class=\"has-contrast-2-color has-text-color\">N\u00famero y nombre de funcionarios, servidores p\u00fablicos, empleados y asesores que laboran en el sujeto obligado y todas sus dependencias, incluyendo salarios que corresponden a cada cargo, honorarios, dietas, bonos, vi\u00e1ticos o cualquier otra remuneraci\u00f3n econ\u00f3mica que perciban por cualquier concepto.<\/p>\n\n\n\n<p>Art\u00edculo 10, numeral 4 de la Ley de Acceso a la Informaci\u00f3n P\u00fablica <\/p>\n\n\n\n<figure class=\"wp-block-table is-style-stripes has-small-font-size\"><table><tbody><tr><td class=\"has-text-align-right\" data-align=\"right\"><a href=\"https:\/\/fedefutguate.gt\/informacionpublica\/wp-content\/uploads\/2023\/02\/Remuneraciones-de-Empleados-y-Servidores-Publicos-FEDEFUT-ENERO-2022.pdf\" target=\"_blank\" rel=\"noreferrer noopener\"><img loading=\"lazy\" decoding=\"async\" width=\"50\" height=\"58\" class=\"wp-image-266\" style=\"width: 50px;\" src=\"https:\/\/fedefutguate.gt\/informacionpublica\/wp-content\/uploads\/2022\/02\/pngaaa.com-2621310.png\" alt=\"\"><\/a><\/td><td><a href=\"https:\/\/fedefutguate.gt\/informacionpublica\/wp-content\/uploads\/2023\/02\/Remuneraciones-de-Empleados-y-Servidores-Publicos-FEDEFUT-ENERO-2022.pdf\" target=\"_blank\" rel=\"noreferrer noopener\">Remuneraciones de Empleados y Servidores P\u00fablicos de la Federaci\u00f3n Nacional de F\u00fatbol de Guatemala (ENERO 2022)<\/a><\/td><\/tr><\/tbody><\/table><\/figure>\n\n\n\n<figure class=\"wp-block-table is-style-stripes has-small-font-size\"><table><tbody><tr><td class=\"has-text-align-right\" data-align=\"right\"><a href=\"https:\/\/fedefutguate.gt\/informacionpublica\/wp-content\/uploads\/2023\/02\/Remuneraciones-de-Empleados-y-Servidores-Publicos-FEDEFUT-FEBRERO-2022.pdf\" target=\"_blank\" rel=\"noreferrer noopener\"><img loading=\"lazy\" decoding=\"async\" width=\"50\" height=\"58\" class=\"wp-image-266\" style=\"width: 50px;\" src=\"https:\/\/fedefutguate.gt\/informacionpublica\/wp-content\/uploads\/2022\/02\/pngaaa.com-2621310.png\" alt=\"\"><\/a><\/td><td><a href=\"https:\/\/fedefutguate.gt\/informacionpublica\/wp-content\/uploads\/2023\/02\/Remuneraciones-de-Empleados-y-Servidores-Publicos-FEDEFUT-FEBRERO-2022.pdf\" target=\"_blank\" rel=\"noreferrer noopener\">Remuneraciones de Empleados y Servidores P\u00fablicos de la Federaci\u00f3n Nacional de F\u00fatbol de Guatemala (FEBRERO 2022)<\/a><\/td><\/tr><\/tbody><\/table><\/figure>\n\n\n\n<figure class=\"wp-block-table is-style-stripes has-small-font-size\"><table><tbody><tr><td class=\"has-text-align-right\" data-align=\"right\"><a href=\"https:\/\/fedefutguate.gt\/informacionpublica\/wp-content\/uploads\/2023\/02\/Remuneraciones-de-Empleados-y-Servidores-Publicos-FEDEFUT-MARZO-2022.pdf\" target=\"_blank\" rel=\"noreferrer noopener\"><img loading=\"lazy\" decoding=\"async\" width=\"50\" height=\"58\" class=\"wp-image-266\" style=\"width: 50px;\" src=\"https:\/\/fedefutguate.gt\/informacionpublica\/wp-content\/uploads\/2022\/02\/pngaaa.com-2621310.png\" alt=\"\"><\/a><\/td><td><a href=\"https:\/\/fedefutguate.gt\/informacionpublica\/wp-content\/uploads\/2023\/02\/Remuneraciones-de-Empleados-y-Servidores-Publicos-FEDEFUT-MARZO-2022.pdf\" target=\"_blank\" rel=\"noreferrer noopener\">Remuneraciones de Empleados y Servidores P\u00fablicos de la Federaci\u00f3n Nacional de F\u00fatbol de Guatemala (MARZO 2022)<\/a><\/td><\/tr><\/tbody><\/table><\/figure>\n\n\n\n<figure class=\"wp-block-table is-style-stripes has-small-font-size\"><table><tbody><tr><td class=\"has-text-align-right\" data-align=\"right\"><a href=\"https:\/\/fedefutguate.gt\/informacionpublica\/wp-content\/uploads\/2023\/02\/Remuneraciones-de-Empleados-y-Servidores-Publicos-FEDEFUT-ABRIL-2022.pdf\" target=\"_blank\" rel=\"noreferrer noopener\"><img loading=\"lazy\" decoding=\"async\" width=\"50\" height=\"58\" class=\"wp-image-266\" style=\"width: 50px;\" src=\"https:\/\/fedefutguate.gt\/informacionpublica\/wp-content\/uploads\/2022\/02\/pngaaa.com-2621310.png\" alt=\"\"><\/a><\/td><td><a rel=\"noreferrer noopener\" href=\"https:\/\/fedefutguate.gt\/informacionpublica\/wp-content\/uploads\/2023\/02\/Remuneraciones-de-Empleados-y-Servidores-Publicos-FEDEFUT-ABRIL-2022.pdf\" target=\"_blank\">Remuneraciones de Empleados y Servidores P\u00fablicos de la Federaci\u00f3n Nacional de F\u00fatbol de Guatemala (ABRIL 2022)<\/a><\/td><\/tr><\/tbody><\/table><\/figure>\n\n\n\n<figure class=\"wp-block-table is-style-stripes has-small-font-size\"><table><tbody><tr><td class=\"has-text-align-right\" data-align=\"right\"><a href=\"https:\/\/fedefutguate.gt\/informacionpublica\/wp-content\/uploads\/2023\/02\/Remuneraciones-de-Empleados-y-Servidores-Publicos-FEDEFUT-MAYO-2022.pdf\" target=\"_blank\" rel=\"noreferrer noopener\"><img loading=\"lazy\" decoding=\"async\" width=\"50\" height=\"58\" class=\"wp-image-266\" style=\"width: 50px;\" src=\"https:\/\/fedefutguate.gt\/informacionpublica\/wp-content\/uploads\/2022\/02\/pngaaa.com-2621310.png\" alt=\"\"><\/a><\/td><td><a href=\"https:\/\/fedefutguate.gt\/informacionpublica\/wp-content\/uploads\/2023\/02\/Remuneraciones-de-Empleados-y-Servidores-Publicos-FEDEFUT-MAYO-2022.pdf\" target=\"_blank\" rel=\"noreferrer noopener\">Remuneraciones de Empleados y Servidores P\u00fablicos de la Federaci\u00f3n Nacional de F\u00fatbol de Guatemala (MAYO 2022)<\/a><\/td><\/tr><\/tbody><\/table><\/figure>\n\n\n\n<figure class=\"wp-block-table is-style-stripes has-small-font-size\"><table><tbody><tr><td class=\"has-text-align-right\" data-align=\"right\"><a href=\"https:\/\/fedefutguate.gt\/informacionpublica\/wp-content\/uploads\/2023\/02\/Remuneraciones-de-Empleados-y-Servidores-Publicos-FEDEFUT-JUNIO-2022.pdf\" target=\"_blank\" rel=\"noreferrer noopener\"><img loading=\"lazy\" decoding=\"async\" width=\"50\" height=\"58\" class=\"wp-image-266\" style=\"width: 50px;\" src=\"https:\/\/fedefutguate.gt\/informacionpublica\/wp-content\/uploads\/2022\/02\/pngaaa.com-2621310.png\" alt=\"\"><\/a><\/td><td><a href=\"https:\/\/fedefutguate.gt\/informacionpublica\/wp-content\/uploads\/2023\/02\/Remuneraciones-de-Empleados-y-Servidores-Publicos-FEDEFUT-JUNIO-2022.pdf\" target=\"_blank\" rel=\"noreferrer noopener\">Remuneraciones de Empleados y Servidores P\u00fablicos de la Federaci\u00f3n Nacional de F\u00fatbol de Guatemala (JUNIO 2022)<\/a><\/td><\/tr><\/tbody><\/table><\/figure>\n\n\n\n<figure class=\"wp-block-table is-style-stripes has-small-font-size\"><table><tbody><tr><td class=\"has-text-align-right\" data-align=\"right\"><a href=\"https:\/\/fedefutguate.gt\/informacionpublica\/wp-content\/uploads\/2023\/02\/Remuneraciones-de-Empleados-y-Servidores-Publicos-FEDEFUT-JULIO-2022.pdf\" target=\"_blank\" rel=\"noreferrer noopener\"><img loading=\"lazy\" decoding=\"async\" width=\"50\" height=\"58\" class=\"wp-image-266\" style=\"width: 50px;\" src=\"https:\/\/fedefutguate.gt\/informacionpublica\/wp-content\/uploads\/2022\/02\/pngaaa.com-2621310.png\" alt=\"\"><\/a><\/td><td><a href=\"https:\/\/fedefutguate.gt\/informacionpublica\/wp-content\/uploads\/2023\/02\/Remuneraciones-de-Empleados-y-Servidores-Publicos-FEDEFUT-JULIO-2022.pdf\" target=\"_blank\" rel=\"noreferrer noopener\">Remuneraciones de Empleados y Servidores P\u00fablicos de la Federaci\u00f3n Nacional de F\u00fatbol de Guatemala (JULIO 2022)<\/a><\/td><\/tr><\/tbody><\/table><\/figure>\n\n\n\n<figure class=\"wp-block-table is-style-stripes has-small-font-size\"><table><tbody><tr><td class=\"has-text-align-right\" data-align=\"right\"><a href=\"https:\/\/fedefutguate.gt\/informacionpublica\/wp-content\/uploads\/2023\/02\/Remuneraciones-de-Empleados-y-Servidores-Publicos-FEDEFUT-AGOSTO-2022.pdf\" target=\"_blank\" rel=\"noreferrer noopener\"><img loading=\"lazy\" decoding=\"async\" width=\"50\" height=\"58\" class=\"wp-image-266\" style=\"width: 50px;\" src=\"https:\/\/fedefutguate.gt\/informacionpublica\/wp-content\/uploads\/2022\/02\/pngaaa.com-2621310.png\" alt=\"\"><\/a><\/td><td><a href=\"https:\/\/fedefutguate.gt\/informacionpublica\/wp-content\/uploads\/2023\/02\/Remuneraciones-de-Empleados-y-Servidores-Publicos-FEDEFUT-AGOSTO-2022.pdf\" target=\"_blank\" rel=\"noreferrer noopener\">Remuneraciones de Empleados y Servidores P\u00fablicos de la Federaci\u00f3n Nacional de F\u00fatbol de Guatemala (AGOSTO 2022)<\/a><\/td><\/tr><\/tbody><\/table><\/figure>\n\n\n\n<figure class=\"wp-block-table is-style-stripes has-small-font-size\"><table><tbody><tr><td class=\"has-text-align-right\" data-align=\"right\"><a href=\"https:\/\/fedefutguate.gt\/informacionpublica\/wp-content\/uploads\/2023\/02\/Remuneraciones-de-Empleados-y-Servidores-Publicos-FEDEFUT-SEPTIEMBRE-2022.pdf\" target=\"_blank\" rel=\"noreferrer noopener\"><img loading=\"lazy\" decoding=\"async\" width=\"50\" height=\"58\" class=\"wp-image-266\" style=\"width: 50px;\" src=\"https:\/\/fedefutguate.gt\/informacionpublica\/wp-content\/uploads\/2022\/02\/pngaaa.com-2621310.png\" alt=\"\"><\/a><\/td><td><a href=\"https:\/\/fedefutguate.gt\/informacionpublica\/wp-content\/uploads\/2023\/02\/Remuneraciones-de-Empleados-y-Servidores-Publicos-FEDEFUT-SEPTIEMBRE-2022.pdf\" target=\"_blank\" rel=\"noreferrer noopener\">Remuneraciones de Empleados y Servidores P\u00fablicos de la Federaci\u00f3n Nacional de F\u00fatbol de Guatemala (SEPTIEMBRE 2022)<\/a><\/td><\/tr><\/tbody><\/table><\/figure>\n\n\n\n<figure class=\"wp-block-table is-style-stripes has-small-font-size\"><table><tbody><tr><td class=\"has-text-align-right\" data-align=\"right\"><a href=\"https:\/\/fedefutguate.gt\/informacionpublica\/wp-content\/uploads\/2023\/02\/Remuneraciones-de-Empleados-y-Servidores-Publicos-FEDEFUT-OCTUBRE-2022.pdf\" target=\"_blank\" rel=\"noreferrer noopener\"><img loading=\"lazy\" decoding=\"async\" width=\"50\" height=\"58\" class=\"wp-image-266\" style=\"width: 50px;\" src=\"https:\/\/fedefutguate.gt\/informacionpublica\/wp-content\/uploads\/2022\/02\/pngaaa.com-2621310.png\" alt=\"\"><\/a><\/td><td><a href=\"https:\/\/fedefutguate.gt\/informacionpublica\/wp-content\/uploads\/2023\/02\/Remuneraciones-de-Empleados-y-Servidores-Publicos-FEDEFUT-OCTUBRE-2022.pdf\" target=\"_blank\" rel=\"noreferrer noopener\">Remuneraciones de Empleados y Servidores P\u00fablicos de la Federaci\u00f3n Nacional de F\u00fatbol de Guatemala (OCTUBRE 2022)<\/a><\/td><\/tr><\/tbody><\/table><\/figure>\n\n\n\n<figure class=\"wp-block-table is-style-stripes has-small-font-size\"><table><tbody><tr><td class=\"has-text-align-right\" data-align=\"right\"><a href=\"https:\/\/fedefutguate.gt\/informacionpublica\/wp-content\/uploads\/2023\/02\/Remuneraciones-de-Empleados-y-Servidores-Publicos-FEDEFUT-NOVIEMBRE-2022.pdf\" target=\"_blank\" rel=\"noreferrer noopener\"><img loading=\"lazy\" decoding=\"async\" width=\"50\" height=\"58\" class=\"wp-image-266\" style=\"width: 50px;\" src=\"https:\/\/fedefutguate.gt\/informacionpublica\/wp-content\/uploads\/2022\/02\/pngaaa.com-2621310.png\" alt=\"\"><\/a><\/td><td><a href=\"https:\/\/fedefutguate.gt\/informacionpublica\/wp-content\/uploads\/2023\/02\/Remuneraciones-de-Empleados-y-Servidores-Publicos-FEDEFUT-NOVIEMBRE-2022.pdf\" target=\"_blank\" rel=\"noreferrer noopener\">Remuneraciones de Empleados y Servidores P\u00fablicos de la Federaci\u00f3n Nacional de F\u00fatbol de Guatemala (NOVIEMBRE 2022)<\/a><\/td><\/tr><\/tbody><\/table><\/figure>\n\n\n\n<figure class=\"wp-block-table is-style-stripes has-small-font-size\"><table><tbody><tr><td class=\"has-text-align-right\" data-align=\"right\"><a href=\"https:\/\/fedefutguate.gt\/informacionpublica\/wp-content\/uploads\/2023\/02\/Remuneraciones-de-Empleados-y-Servidores-Publicos-FEDEFUT-DICIEMBRE-2022.pdf\" target=\"_blank\" rel=\"noreferrer noopener\"><img loading=\"lazy\" decoding=\"async\" width=\"50\" height=\"58\" class=\"wp-image-266\" style=\"width: 50px;\" src=\"https:\/\/fedefutguate.gt\/informacionpublica\/wp-content\/uploads\/2022\/02\/pngaaa.com-2621310.png\" alt=\"\"><\/a><\/td><td><a href=\"https:\/\/fedefutguate.gt\/informacionpublica\/wp-content\/uploads\/2023\/02\/Remuneraciones-de-Empleados-y-Servidores-Publicos-FEDEFUT-DICIEMBRE-2022.pdf\" target=\"_blank\" rel=\"noreferrer noopener\">Remuneraciones de Empleados y Servidores P\u00fablicos de la Federaci\u00f3n Nacional de F\u00fatbol de Guatemala (DICIEMBRE 2022)<\/a><\/td><\/tr><\/tbody><\/table><\/figure>\n\n\n\n<p><\/p>\n","protected":false},"excerpt":{"rendered":"<p>N\u00famero y nombre de funcionarios, servidores p\u00fablicos, empleados y asesores que laboran en el sujeto obligado y todas sus dependencias, incluyendo salarios que corresponden a cada cargo, honorarios, dietas, bonos, vi\u00e1ticos o cualquier otra remuneraci\u00f3n econ\u00f3mica que perciban por cualquier concepto. Art\u00edculo 10, numeral 4 de la Ley de Acceso a la Informaci\u00f3n P\u00fablica Remuneraciones &#8230; <a title=\"N\u00daMERO Y NOMBRE DE FUNCIONARIOS, SERVIDORES P\u00daBLICOS, EMPLEADOS, ASESORES Y SUS REMUNERACIONES -2023-\" class=\"read-more\" href=\"https:\/\/fedefutguate.gt\/informacionpublica\/sueldos-salarios-y-honorarios\/\" aria-label=\"Read more about N\u00daMERO Y NOMBRE DE FUNCIONARIOS, SERVIDORES P\u00daBLICOS, EMPLEADOS, ASESORES Y SUS REMUNERACIONES -2023-\">Read more<\/a><\/p>\n","protected":false},"author":1,"featured_media":0,"parent":0,"menu_order":0,"comment_status":"closed","ping_status":"closed","template":"","meta":{"footnotes":""},"class_list":["post-297","page","type-page","status-publish"],"_links":{"self":[{"href":"https:\/\/fedefutguate.gt\/informacionpublica\/wp-json\/wp\/v2\/pages\/297","targetHints":{"allow":["GET"]}}],"collection":[{"href":"https:\/\/fedefutguate.gt\/informacionpublica\/wp-json\/wp\/v2\/pages"}],"about":[{"href":"https:\/\/fedefutguate.gt\/informacionpublica\/wp-json\/wp\/v2\/types\/page"}],"author":[{"embeddable":true,"href":"https:\/\/fedefutguate.gt\/informacionpublica\/wp-json\/wp\/v2\/users\/1"}],"replies":[{"embeddable":true,"href":"https:\/\/fedefutguate.gt\/informacionpublica\/wp-json\/wp\/v2\/comments?post=297"}],"version-history":[{"count":26,"href":"https:\/\/fedefutguate.gt\/informacionpublica\/wp-json\/wp\/v2\/pages\/297\/revisions"}],"predecessor-version":[{"id":2494,"href":"https:\/\/fedefutguate.gt\/informacionpublica\/wp-json\/wp\/v2\/pages\/297\/revisions\/2494"}],"wp:attachment":[{"href":"https:\/\/fedefutguate.gt\/informacionpublica\/wp-json\/wp\/v2\/media?parent=297"}],"curies":[{"name":"wp","href":"https:\/\/api.w.org\/{rel}","templated":true}]}}