{"id":305,"date":"2022-02-09T17:49:04","date_gmt":"2022-02-09T16:49:04","guid":{"rendered":"https:\/\/fedefutguate.gt\/informacionpublica\/?page_id=305"},"modified":"2023-02-08T20:37:29","modified_gmt":"2023-02-08T19:37:29","slug":"informe-mensual-de-ejecucion-presupuestaria","status":"publish","type":"page","link":"https:\/\/fedefutguate.gt\/informacionpublica\/informe-mensual-de-ejecucion-presupuestaria\/","title":{"rendered":"INFORMES MENSUALES DE EJECUCI\u00d3N PRESUPUESTARIA"},"content":{"rendered":"\n<p class=\"has-contrast-2-color has-text-color\">Los informes mensuales de ejecuci\u00f3n presupuestaria de todos los renglones y de todas las unidades, tanto operativas como administrativas de la entidad.<\/p>\n\n\n\n<p>Art\u00edculo 10, numeral 8 de la Ley de Acceso a la Informaci\u00f3n P\u00fablica<\/p>\n\n\n\n<figure class=\"wp-block-table is-style-stripes\"><table><tbody><tr><td class=\"has-text-align-right\" data-align=\"right\"><a href=\"https:\/\/fedefutguate.gt\/informacionpublica\/wp-content\/uploads\/2022\/02\/Ejecucion-Presupuestaria-por-Renglon-ENERO-2022.pdf\" target=\"_blank\" rel=\"noreferrer noopener\"><img loading=\"lazy\" decoding=\"async\" width=\"50\" height=\"58\" class=\"wp-image-266\" style=\"width: 50px;\" src=\"https:\/\/fedefutguate.gt\/informacionpublica\/wp-content\/uploads\/2022\/02\/pngaaa.com-2621310.png\" alt=\"\"><\/a><\/td><td><a href=\"https:\/\/fedefutguate.gt\/informacionpublica\/wp-content\/uploads\/2022\/02\/Ejecucion-Presupuestaria-por-Renglon-ENERO-2022.pdf\" target=\"_blank\" rel=\"noreferrer noopener\">Ejecuci\u00f3n Presupuestaria por Rengl\u00f3n (ENERO 2022)<\/a><\/td><\/tr><\/tbody><\/table><\/figure>\n\n\n\n<figure class=\"wp-block-table is-style-stripes\"><table><tbody><tr><td class=\"has-text-align-right\" data-align=\"right\"><a href=\"https:\/\/fedefutguate.gt\/informacionpublica\/wp-content\/uploads\/2022\/03\/Ejecucion-Presupuestaria-por-Renglon-FEBRERO-2022.pdf\" target=\"_blank\" rel=\"noreferrer noopener\"><img loading=\"lazy\" decoding=\"async\" width=\"50\" height=\"58\" class=\"wp-image-266\" style=\"width: 50px;\" src=\"https:\/\/fedefutguate.gt\/informacionpublica\/wp-content\/uploads\/2022\/02\/pngaaa.com-2621310.png\" alt=\"\"><\/a><\/td><td><a href=\"https:\/\/fedefutguate.gt\/informacionpublica\/wp-content\/uploads\/2022\/03\/Ejecucion-Presupuestaria-por-Renglon-FEBRERO-2022.pdf\" target=\"_blank\" rel=\"noreferrer noopener\">Ejecuci\u00f3n Presupuestaria por Rengl\u00f3n (FEBRERO 2022)<\/a><\/td><\/tr><\/tbody><\/table><\/figure>\n\n\n\n<figure class=\"wp-block-table is-style-stripes\"><table><tbody><tr><td class=\"has-text-align-right\" data-align=\"right\"><a href=\"https:\/\/fedefutguate.gt\/informacionpublica\/wp-content\/uploads\/2022\/04\/Ejecucion-Presupuestaria-por-Renglon-MARZO-2022.pdf\" target=\"_blank\" rel=\"noreferrer noopener\"><img loading=\"lazy\" decoding=\"async\" width=\"50\" height=\"58\" class=\"wp-image-266\" style=\"width: 50px;\" src=\"https:\/\/fedefutguate.gt\/informacionpublica\/wp-content\/uploads\/2022\/02\/pngaaa.com-2621310.png\" alt=\"\"><\/a><\/td><td><a href=\"https:\/\/fedefutguate.gt\/informacionpublica\/wp-content\/uploads\/2022\/04\/Ejecucion-Presupuestaria-por-Renglon-MARZO-2022.pdf\" target=\"_blank\" rel=\"noreferrer noopener\">Ejecuci\u00f3n Presupuestaria por Rengl\u00f3n (MARZO 2022)<\/a><\/td><\/tr><\/tbody><\/table><\/figure>\n\n\n\n<figure class=\"wp-block-table is-style-stripes\"><table><tbody><tr><td class=\"has-text-align-right\" data-align=\"right\"><a href=\"https:\/\/fedefutguate.gt\/informacionpublica\/wp-content\/uploads\/2022\/05\/Ejecucion-Presupuestaria-por-Renglon-ABRIL-2022.pdf\" target=\"_blank\" rel=\"noreferrer noopener\"><img loading=\"lazy\" decoding=\"async\" width=\"50\" height=\"58\" class=\"wp-image-266\" style=\"width: 50px;\" src=\"https:\/\/fedefutguate.gt\/informacionpublica\/wp-content\/uploads\/2022\/02\/pngaaa.com-2621310.png\" alt=\"\"><\/a><\/td><td><a href=\"https:\/\/fedefutguate.gt\/informacionpublica\/wp-content\/uploads\/2022\/05\/Ejecucion-Presupuestaria-por-Renglon-ABRIL-2022.pdf\" target=\"_blank\" rel=\"noreferrer noopener\">Ejecuci\u00f3n Presupuestaria por Rengl\u00f3n (ABRIL 2022)<\/a><\/td><\/tr><\/tbody><\/table><\/figure>\n\n\n\n<figure class=\"wp-block-table is-style-stripes\"><table><tbody><tr><td class=\"has-text-align-right\" data-align=\"right\"><a href=\"https:\/\/fedefutguate.gt\/informacionpublica\/wp-content\/uploads\/2022\/06\/Ejecucion-Presupuestaria-por-Renglon-MAYO-2022.pdf\" target=\"_blank\" rel=\"noreferrer noopener\"><img loading=\"lazy\" decoding=\"async\" width=\"50\" height=\"58\" class=\"wp-image-266\" style=\"width: 50px;\" src=\"https:\/\/fedefutguate.gt\/informacionpublica\/wp-content\/uploads\/2022\/02\/pngaaa.com-2621310.png\" alt=\"\"><\/a><\/td><td><a href=\"https:\/\/fedefutguate.gt\/informacionpublica\/wp-content\/uploads\/2022\/06\/Ejecucion-Presupuestaria-por-Renglon-MAYO-2022.pdf\" target=\"_blank\" rel=\"noreferrer noopener\">Ejecuci\u00f3n Presupuestaria por Rengl\u00f3n (MAYO 2022)<\/a><\/td><\/tr><\/tbody><\/table><\/figure>\n\n\n\n<figure class=\"wp-block-table is-style-stripes\"><table><tbody><tr><td class=\"has-text-align-right\" data-align=\"right\"><a href=\"https:\/\/fedefutguate.gt\/informacionpublica\/wp-content\/uploads\/2022\/07\/Ejecucion-Presupuestaria-por-Renglon-JUNIO-2022.pdf\" target=\"_blank\" rel=\"noreferrer noopener\"><img loading=\"lazy\" decoding=\"async\" width=\"50\" height=\"58\" class=\"wp-image-266\" style=\"width: 50px;\" src=\"https:\/\/fedefutguate.gt\/informacionpublica\/wp-content\/uploads\/2022\/02\/pngaaa.com-2621310.png\" alt=\"\"><\/a><\/td><td><a href=\"https:\/\/fedefutguate.gt\/informacionpublica\/wp-content\/uploads\/2022\/07\/Ejecucion-Presupuestaria-por-Renglon-JUNIO-2022.pdf\" target=\"_blank\" rel=\"noreferrer noopener\">Ejecuci\u00f3n Presupuestaria por Rengl\u00f3n (JUNIO 2022)<\/a><\/td><\/tr><\/tbody><\/table><\/figure>\n\n\n\n<figure class=\"wp-block-table is-style-stripes\"><table><tbody><tr><td class=\"has-text-align-right\" data-align=\"right\"><a href=\"https:\/\/fedefutguate.gt\/informacionpublica\/wp-content\/uploads\/2022\/09\/Ejecucion-Presupuestaria-por-Renglon-JULIO-2022.pdf\" target=\"_blank\" rel=\"noreferrer noopener\"><img loading=\"lazy\" decoding=\"async\" width=\"50\" height=\"58\" class=\"wp-image-266\" style=\"width: 50px;\" src=\"https:\/\/fedefutguate.gt\/informacionpublica\/wp-content\/uploads\/2022\/02\/pngaaa.com-2621310.png\" alt=\"\"><\/a><\/td><td><a href=\"https:\/\/fedefutguate.gt\/informacionpublica\/wp-content\/uploads\/2022\/09\/Ejecucion-Presupuestaria-por-Renglon-JULIO-2022.pdf\" target=\"_blank\" rel=\"noreferrer noopener\">Ejecuci\u00f3n Presupuestaria por Rengl\u00f3n (JULIO 2022)<\/a><\/td><\/tr><\/tbody><\/table><\/figure>\n\n\n\n<figure class=\"wp-block-table is-style-stripes\"><table><tbody><tr><td class=\"has-text-align-right\" data-align=\"right\"><a href=\"https:\/\/fedefutguate.gt\/informacionpublica\/wp-content\/uploads\/2022\/09\/Ejecucion-Presupuestaria-por-Renglon-AGOSTO-2022.pdf\" target=\"_blank\" rel=\"noreferrer noopener\"><img loading=\"lazy\" decoding=\"async\" width=\"50\" height=\"58\" class=\"wp-image-266\" style=\"width: 50px;\" src=\"https:\/\/fedefutguate.gt\/informacionpublica\/wp-content\/uploads\/2022\/02\/pngaaa.com-2621310.png\" alt=\"\"><\/a><\/td><td><a href=\"https:\/\/fedefutguate.gt\/informacionpublica\/wp-content\/uploads\/2022\/09\/Ejecucion-Presupuestaria-por-Renglon-AGOSTO-2022.pdf\" target=\"_blank\" rel=\"noreferrer noopener\">Ejecuci\u00f3n Presupuestaria por Rengl\u00f3n (AGOSTO 2022)<\/a><\/td><\/tr><\/tbody><\/table><\/figure>\n\n\n\n<figure class=\"wp-block-table is-style-stripes\"><table><tbody><tr><td class=\"has-text-align-right\" data-align=\"right\"><a href=\"https:\/\/fedefutguate.gt\/informacionpublica\/wp-content\/uploads\/2022\/10\/Ejecucion-Presupuestaria-por-Renglon-SEPTIEMBRE-2022.pdf\" target=\"_blank\" rel=\"noreferrer noopener\"><img loading=\"lazy\" decoding=\"async\" width=\"50\" height=\"58\" class=\"wp-image-266\" style=\"width: 50px;\" src=\"https:\/\/fedefutguate.gt\/informacionpublica\/wp-content\/uploads\/2022\/02\/pngaaa.com-2621310.png\" alt=\"\"><\/a><\/td><td><a href=\"https:\/\/fedefutguate.gt\/informacionpublica\/wp-content\/uploads\/2022\/10\/Ejecucion-Presupuestaria-por-Renglon-SEPTIEMBRE-2022.pdf\" target=\"_blank\" rel=\"noreferrer noopener\">Ejecuci\u00f3n Presupuestaria por Rengl\u00f3n (SEPTIEMBRE 2022)<\/a><\/td><\/tr><\/tbody><\/table><\/figure>\n\n\n\n<figure class=\"wp-block-table is-style-stripes\"><table><tbody><tr><td class=\"has-text-align-right\" data-align=\"right\"><a href=\"https:\/\/fedefutguate.gt\/informacionpublica\/wp-content\/uploads\/2022\/11\/Ejecucion-Presupuestaria-por-Renglon-OCTUBRE-2022.pdf\" target=\"_blank\" rel=\"noreferrer noopener\"><img loading=\"lazy\" decoding=\"async\" width=\"50\" height=\"58\" class=\"wp-image-266\" style=\"width: 50px;\" src=\"https:\/\/fedefutguate.gt\/informacionpublica\/wp-content\/uploads\/2022\/02\/pngaaa.com-2621310.png\" alt=\"\"><\/a><\/td><td><a href=\"https:\/\/fedefutguate.gt\/informacionpublica\/wp-content\/uploads\/2022\/11\/Ejecucion-Presupuestaria-por-Renglon-OCTUBRE-2022.pdf\" target=\"_blank\" rel=\"noreferrer noopener\">Ejecuci\u00f3n Presupuestaria por Rengl\u00f3n (OCTUBRE 2022)<\/a><\/td><\/tr><\/tbody><\/table><\/figure>\n\n\n\n<figure class=\"wp-block-table is-style-stripes\"><table><tbody><tr><td class=\"has-text-align-right\" data-align=\"right\"><a href=\"https:\/\/fedefutguate.gt\/informacionpublica\/wp-content\/uploads\/2022\/12\/Ejecucion-Presupuestaria-por-Renglon-NOVIEMBRE-2022.pdf\" target=\"_blank\" rel=\"noreferrer noopener\"><img loading=\"lazy\" decoding=\"async\" width=\"50\" height=\"58\" class=\"wp-image-266\" style=\"width: 50px;\" src=\"https:\/\/fedefutguate.gt\/informacionpublica\/wp-content\/uploads\/2022\/02\/pngaaa.com-2621310.png\" alt=\"\"><\/a><\/td><td><a href=\"https:\/\/fedefutguate.gt\/informacionpublica\/wp-content\/uploads\/2022\/12\/Ejecucion-Presupuestaria-por-Renglon-NOVIEMBRE-2022.pdf\" target=\"_blank\" rel=\"noreferrer noopener\">Ejecuci\u00f3n Presupuestaria por Rengl\u00f3n (NOVIEMBRE 2022)<\/a><\/td><\/tr><\/tbody><\/table><\/figure>\n\n\n\n<figure class=\"wp-block-table is-style-stripes\"><table><tbody><tr><td class=\"has-text-align-right\" data-align=\"right\"><a href=\"https:\/\/fedefutguate.gt\/informacionpublica\/wp-content\/uploads\/2023\/01\/Ejecucion-Presupuestaria-por-Renglon-DICIEMBRE-2022.pdf\" target=\"_blank\" rel=\"noreferrer noopener\"><img loading=\"lazy\" decoding=\"async\" width=\"50\" height=\"58\" class=\"wp-image-266\" style=\"width: 50px;\" src=\"https:\/\/fedefutguate.gt\/informacionpublica\/wp-content\/uploads\/2022\/02\/pngaaa.com-2621310.png\" alt=\"\"><\/a><\/td><td><a href=\"https:\/\/fedefutguate.gt\/informacionpublica\/wp-content\/uploads\/2023\/01\/Ejecucion-Presupuestaria-por-Renglon-DICIEMBRE-2022.pdf\" target=\"_blank\" rel=\"noreferrer noopener\">Ejecuci\u00f3n Presupuestaria por Rengl\u00f3n (DICIEMBRE 2022)<\/a><\/td><\/tr><\/tbody><\/table><\/figure>\n\n\n\n<p><\/p>\n","protected":false},"excerpt":{"rendered":"<p>Los informes mensuales de ejecuci\u00f3n presupuestaria de todos los renglones y de todas las unidades, tanto operativas como administrativas de la entidad. Art\u00edculo 10, numeral 8 de la Ley de Acceso a la Informaci\u00f3n P\u00fablica Ejecuci\u00f3n Presupuestaria por Rengl\u00f3n (ENERO 2022) Ejecuci\u00f3n Presupuestaria por Rengl\u00f3n (FEBRERO 2022) Ejecuci\u00f3n Presupuestaria por Rengl\u00f3n (MARZO 2022) Ejecuci\u00f3n Presupuestaria &#8230; <a title=\"INFORMES MENSUALES DE EJECUCI\u00d3N PRESUPUESTARIA\" class=\"read-more\" href=\"https:\/\/fedefutguate.gt\/informacionpublica\/informe-mensual-de-ejecucion-presupuestaria\/\" aria-label=\"Read more about INFORMES MENSUALES DE EJECUCI\u00d3N PRESUPUESTARIA\">Read more<\/a><\/p>\n","protected":false},"author":1,"featured_media":0,"parent":0,"menu_order":0,"comment_status":"closed","ping_status":"closed","template":"","meta":{"footnotes":""},"class_list":["post-305","page","type-page","status-publish"],"_links":{"self":[{"href":"https:\/\/fedefutguate.gt\/informacionpublica\/wp-json\/wp\/v2\/pages\/305","targetHints":{"allow":["GET"]}}],"collection":[{"href":"https:\/\/fedefutguate.gt\/informacionpublica\/wp-json\/wp\/v2\/pages"}],"about":[{"href":"https:\/\/fedefutguate.gt\/informacionpublica\/wp-json\/wp\/v2\/types\/page"}],"author":[{"embeddable":true,"href":"https:\/\/fedefutguate.gt\/informacionpublica\/wp-json\/wp\/v2\/users\/1"}],"replies":[{"embeddable":true,"href":"https:\/\/fedefutguate.gt\/informacionpublica\/wp-json\/wp\/v2\/comments?post=305"}],"version-history":[{"count":17,"href":"https:\/\/fedefutguate.gt\/informacionpublica\/wp-json\/wp\/v2\/pages\/305\/revisions"}],"predecessor-version":[{"id":2188,"href":"https:\/\/fedefutguate.gt\/informacionpublica\/wp-json\/wp\/v2\/pages\/305\/revisions\/2188"}],"wp:attachment":[{"href":"https:\/\/fedefutguate.gt\/informacionpublica\/wp-json\/wp\/v2\/media?parent=305"}],"curies":[{"name":"wp","href":"https:\/\/api.w.org\/{rel}","templated":true}]}}