{"id":307,"date":"2022-02-09T17:49:23","date_gmt":"2022-02-09T16:49:23","guid":{"rendered":"https:\/\/fedefutguate.gt\/informacionpublica\/?page_id=307"},"modified":"2023-02-08T20:38:23","modified_gmt":"2023-02-08T19:38:23","slug":"depositos-constituidos-con-fondos-publicos","status":"publish","type":"page","link":"https:\/\/fedefutguate.gt\/informacionpublica\/depositos-constituidos-con-fondos-publicos\/","title":{"rendered":"DEP\u00d3SITOS CONSTITUIDOS CON FONDOS P\u00daBLICOS"},"content":{"rendered":"\n<p class=\"has-contrast-2-color has-text-color\">La informaci\u00f3n detallada sobre los dep\u00f3sitos constituidos con fondos p\u00fablicos provenientes de ingresos ordinarios, extraordinarios, impuestos, fondos privativos, empr\u00e9stitos y donaciones.<\/p>\n\n\n\n<p>Art\u00edculo 10, numeral 9 de la Ley de Acceso a la Informaci\u00f3n P\u00fablica.<\/p>\n\n\n\n<figure class=\"wp-block-table is-style-stripes\"><table><tbody><tr><td class=\"has-text-align-right\" data-align=\"right\"><a href=\"https:\/\/fedefutguate.gt\/informacionpublica\/wp-content\/uploads\/2022\/02\/Depositos-constituidos-con-Fondos-Publicos-ENERO-2021.pdf\" target=\"_blank\" rel=\"noreferrer noopener\"><img loading=\"lazy\" decoding=\"async\" width=\"50\" height=\"58\" class=\"wp-image-266\" style=\"width: 50px;\" src=\"https:\/\/fedefutguate.gt\/informacionpublica\/wp-content\/uploads\/2022\/02\/pngaaa.com-2621310.png\" alt=\"\"><\/a><\/td><td><a href=\"https:\/\/fedefutguate.gt\/informacionpublica\/wp-content\/uploads\/2022\/02\/Depositos-constituidos-con-Fondos-Publicos-ENERO-2021.pdf\" target=\"_blank\" rel=\"noreferrer noopener\">Dep\u00f3sitos Constituidos con Fondos P\u00fablicos (ENERO 2022)<\/a><\/td><\/tr><tr><td class=\"has-text-align-right\" data-align=\"right\"><a href=\"https:\/\/fedefutguate.gt\/informacionpublica\/wp-content\/uploads\/2022\/02\/Cuentas-de-Banco-de-Guatemala-y-Bancos-del-Sistema-ENERO-2022.pdf\" target=\"_blank\" rel=\"noreferrer noopener\"><img loading=\"lazy\" decoding=\"async\" width=\"50\" height=\"58\" class=\"wp-image-266\" style=\"width: 50px;\" src=\"https:\/\/fedefutguate.gt\/informacionpublica\/wp-content\/uploads\/2022\/02\/pngaaa.com-2621310.png\" alt=\"\"><\/a><\/td><td><a href=\"https:\/\/fedefutguate.gt\/informacionpublica\/wp-content\/uploads\/2022\/02\/Cuentas-de-Banco-de-Guatemala-y-Bancos-del-Sistema-ENERO-2022.pdf\" target=\"_blank\" rel=\"noreferrer noopener\">Cuentas de Banco de Guatemala y Bancos del Sistema (ENERO 2022)<\/a><\/td><\/tr><\/tbody><\/table><\/figure>\n\n\n\n<figure class=\"wp-block-table is-style-stripes\"><table><tbody><tr><td class=\"has-text-align-right\" data-align=\"right\"><a href=\"https:\/\/fedefutguate.gt\/informacionpublica\/wp-content\/uploads\/2022\/03\/Depositos-constituidos-con-Fondos-Publicos-FEBRERO-2021.pdf\" target=\"_blank\" rel=\"noreferrer noopener\"><img loading=\"lazy\" decoding=\"async\" width=\"50\" height=\"58\" class=\"wp-image-266\" style=\"width: 50px;\" src=\"https:\/\/fedefutguate.gt\/informacionpublica\/wp-content\/uploads\/2022\/02\/pngaaa.com-2621310.png\" alt=\"\"><\/a><\/td><td><a href=\"https:\/\/fedefutguate.gt\/informacionpublica\/wp-content\/uploads\/2022\/03\/Depositos-constituidos-con-Fondos-Publicos-FEBRERO-2021.pdf\" target=\"_blank\" rel=\"noreferrer noopener\">Dep\u00f3sitos Constituidos con Fondos P\u00fablicos (FEBRERO 2022)<\/a><\/td><\/tr><tr><td class=\"has-text-align-right\" data-align=\"right\"><a href=\"https:\/\/fedefutguate.gt\/informacionpublica\/wp-content\/uploads\/2022\/03\/Cuentas-de-Banco-de-Guatemala-y-Bancos-del-Sistema-FEBRERO-2022.pdf\" target=\"_blank\" rel=\"noreferrer noopener\"><img loading=\"lazy\" decoding=\"async\" width=\"50\" height=\"58\" class=\"wp-image-266\" style=\"width: 50px;\" src=\"https:\/\/fedefutguate.gt\/informacionpublica\/wp-content\/uploads\/2022\/02\/pngaaa.com-2621310.png\" alt=\"\"><\/a><\/td><td><a href=\"https:\/\/fedefutguate.gt\/informacionpublica\/wp-content\/uploads\/2022\/03\/Cuentas-de-Banco-de-Guatemala-y-Bancos-del-Sistema-FEBRERO-2022.pdf\" target=\"_blank\" rel=\"noreferrer noopener\">Cuentas de Banco de Guatemala y Bancos del Sistema (FEBRERO 2022)<\/a><\/td><\/tr><\/tbody><\/table><\/figure>\n\n\n\n<figure class=\"wp-block-table is-style-stripes\"><table><tbody><tr><td class=\"has-text-align-right\" data-align=\"right\"><a href=\"https:\/\/fedefutguate.gt\/informacionpublica\/wp-content\/uploads\/2022\/04\/Depositos-constituidos-con-Fondos-Publicos-MARZO-2021.pdf\" target=\"_blank\" rel=\"noreferrer noopener\"><img loading=\"lazy\" decoding=\"async\" width=\"50\" height=\"58\" class=\"wp-image-266\" style=\"width: 50px;\" src=\"https:\/\/fedefutguate.gt\/informacionpublica\/wp-content\/uploads\/2022\/02\/pngaaa.com-2621310.png\" alt=\"\"><\/a><\/td><td><a href=\"https:\/\/fedefutguate.gt\/informacionpublica\/wp-content\/uploads\/2022\/04\/Depositos-constituidos-con-Fondos-Publicos-MARZO-2021.pdf\" target=\"_blank\" rel=\"noreferrer noopener\">Dep\u00f3sitos Constituidos con Fondos P\u00fablicos (MARZO 2022)<\/a><\/td><\/tr><tr><td class=\"has-text-align-right\" data-align=\"right\"><a href=\"https:\/\/fedefutguate.gt\/informacionpublica\/wp-content\/uploads\/2022\/04\/Cuentas-de-Banco-de-Guatemala-y-Bancos-del-Sistema-MARZO-2022.pdf\" target=\"_blank\" rel=\"noreferrer noopener\"><img loading=\"lazy\" decoding=\"async\" width=\"50\" height=\"58\" class=\"wp-image-266\" style=\"width: 50px;\" src=\"https:\/\/fedefutguate.gt\/informacionpublica\/wp-content\/uploads\/2022\/02\/pngaaa.com-2621310.png\" alt=\"\"><\/a><\/td><td><a href=\"https:\/\/fedefutguate.gt\/informacionpublica\/wp-content\/uploads\/2022\/04\/Cuentas-de-Banco-de-Guatemala-y-Bancos-del-Sistema-MARZO-2022.pdf\" target=\"_blank\" rel=\"noreferrer noopener\">Cuentas de Banco de Guatemala y Bancos del Sistema (MARZO 2022)<\/a><\/td><\/tr><\/tbody><\/table><\/figure>\n\n\n\n<figure class=\"wp-block-table is-style-stripes\"><table><tbody><tr><td class=\"has-text-align-right\" data-align=\"right\"><a href=\"https:\/\/fedefutguate.gt\/informacionpublica\/wp-content\/uploads\/2022\/05\/Depositos-constituidos-con-Fondos-Publicos-ABRIL-2021.pdf\" target=\"_blank\" rel=\"noreferrer noopener\"><img loading=\"lazy\" decoding=\"async\" width=\"50\" height=\"58\" class=\"wp-image-266\" style=\"width: 50px;\" src=\"https:\/\/fedefutguate.gt\/informacionpublica\/wp-content\/uploads\/2022\/02\/pngaaa.com-2621310.png\" alt=\"\"><\/a><\/td><td><a href=\"https:\/\/fedefutguate.gt\/informacionpublica\/wp-content\/uploads\/2022\/05\/Depositos-constituidos-con-Fondos-Publicos-ABRIL-2021.pdf\" target=\"_blank\" rel=\"noreferrer noopener\">Dep\u00f3sitos Constituidos con Fondos P\u00fablicos (ABRIL 2022)<\/a><\/td><\/tr><tr><td class=\"has-text-align-right\" data-align=\"right\"><a href=\"https:\/\/fedefutguate.gt\/informacionpublica\/wp-content\/uploads\/2022\/05\/Cuentas-de-Banco-de-Guatemala-y-Bancos-del-Sistema-ABRIL-2022.pdf\" target=\"_blank\" rel=\"noreferrer noopener\"><img loading=\"lazy\" decoding=\"async\" width=\"50\" height=\"58\" class=\"wp-image-266\" style=\"width: 50px;\" src=\"https:\/\/fedefutguate.gt\/informacionpublica\/wp-content\/uploads\/2022\/02\/pngaaa.com-2621310.png\" alt=\"\"><\/a><\/td><td><a href=\"https:\/\/fedefutguate.gt\/informacionpublica\/wp-content\/uploads\/2022\/05\/Cuentas-de-Banco-de-Guatemala-y-Bancos-del-Sistema-ABRIL-2022.pdf\" target=\"_blank\" rel=\"noreferrer noopener\">Cuentas de Banco de Guatemala y Bancos del Sistema (ABRIL 2022)<\/a><\/td><\/tr><\/tbody><\/table><\/figure>\n\n\n\n<figure class=\"wp-block-table is-style-stripes\"><table><tbody><tr><td class=\"has-text-align-right\" data-align=\"right\"><a href=\"https:\/\/fedefutguate.gt\/informacionpublica\/wp-content\/uploads\/2022\/06\/Depositos-constituidos-con-Fondos-Publicos-MAYO-2021.pdf\" target=\"_blank\" rel=\"noreferrer noopener\"><img loading=\"lazy\" decoding=\"async\" width=\"50\" height=\"58\" class=\"wp-image-266\" style=\"width: 50px;\" src=\"https:\/\/fedefutguate.gt\/informacionpublica\/wp-content\/uploads\/2022\/02\/pngaaa.com-2621310.png\" alt=\"\"><\/a><\/td><td><a href=\"https:\/\/fedefutguate.gt\/informacionpublica\/wp-content\/uploads\/2022\/06\/Depositos-constituidos-con-Fondos-Publicos-MAYO-2021.pdf\">Dep\u00f3sitos Constituidos con Fondos P\u00fablicos (MAYO 2022)<\/a><\/td><\/tr><tr><td class=\"has-text-align-right\" data-align=\"right\"><a href=\"https:\/\/fedefutguate.gt\/informacionpublica\/wp-content\/uploads\/2022\/06\/Cuentas-de-Banco-de-Guatemala-y-Bancos-del-Sistema-MAYO-2022.pdf\" target=\"_blank\" rel=\"noreferrer noopener\"><img loading=\"lazy\" decoding=\"async\" width=\"50\" height=\"58\" class=\"wp-image-266\" style=\"width: 50px;\" src=\"https:\/\/fedefutguate.gt\/informacionpublica\/wp-content\/uploads\/2022\/02\/pngaaa.com-2621310.png\" alt=\"\"><\/a><\/td><td><a href=\"https:\/\/fedefutguate.gt\/informacionpublica\/wp-content\/uploads\/2022\/06\/Cuentas-de-Banco-de-Guatemala-y-Bancos-del-Sistema-MAYO-2022.pdf\" target=\"_blank\" rel=\"noreferrer noopener\">Cuentas de Banco de Guatemala y Bancos del Sistema (MAYO 2022)<\/a><\/td><\/tr><\/tbody><\/table><\/figure>\n\n\n\n<figure class=\"wp-block-table is-style-stripes\"><table><tbody><tr><td class=\"has-text-align-right\" data-align=\"right\"><a href=\"https:\/\/fedefutguate.gt\/informacionpublica\/wp-content\/uploads\/2022\/07\/Depositos-constituidos-con-Fondos-Publicos-JUNIO-2021.pdf\" target=\"_blank\" rel=\"noreferrer noopener\"><img loading=\"lazy\" decoding=\"async\" width=\"50\" height=\"58\" class=\"wp-image-266\" style=\"width: 50px;\" src=\"https:\/\/fedefutguate.gt\/informacionpublica\/wp-content\/uploads\/2022\/02\/pngaaa.com-2621310.png\" alt=\"\"><\/a><\/td><td><a href=\"https:\/\/fedefutguate.gt\/informacionpublica\/wp-content\/uploads\/2022\/07\/Depositos-constituidos-con-Fondos-Publicos-JUNIO-2021.pdf\" target=\"_blank\" rel=\"noreferrer noopener\">Dep\u00f3sitos Constituidos con Fondos P\u00fablicos (JUNIO 2022)<\/a><\/td><\/tr><tr><td class=\"has-text-align-right\" data-align=\"right\"><a href=\"https:\/\/fedefutguate.gt\/informacionpublica\/wp-content\/uploads\/2022\/07\/Cuentas-de-Banco-de-Guatemala-y-Bancos-del-Sistema-JUNIO-2022.pdf\" target=\"_blank\" rel=\"noreferrer noopener\"><img loading=\"lazy\" decoding=\"async\" width=\"50\" height=\"58\" class=\"wp-image-266\" style=\"width: 50px;\" src=\"https:\/\/fedefutguate.gt\/informacionpublica\/wp-content\/uploads\/2022\/02\/pngaaa.com-2621310.png\" alt=\"\"><\/a><\/td><td><a href=\"https:\/\/fedefutguate.gt\/informacionpublica\/wp-content\/uploads\/2022\/07\/Cuentas-de-Banco-de-Guatemala-y-Bancos-del-Sistema-JUNIO-2022.pdf\" target=\"_blank\" rel=\"noreferrer noopener\">Cuentas de Banco de Guatemala y Bancos del Sistema (JUNIO 2022)<\/a><\/td><\/tr><\/tbody><\/table><\/figure>\n\n\n\n<figure class=\"wp-block-table is-style-stripes\"><table><tbody><tr><td class=\"has-text-align-right\" data-align=\"right\"><a href=\"https:\/\/fedefutguate.gt\/informacionpublica\/wp-content\/uploads\/2022\/08\/Depositos-constituidos-con-Fondos-Publicos-JULIO-2021.pdf\" target=\"_blank\" rel=\"noreferrer noopener\"><img loading=\"lazy\" decoding=\"async\" width=\"50\" height=\"58\" class=\"wp-image-266\" style=\"width: 50px;\" src=\"https:\/\/fedefutguate.gt\/informacionpublica\/wp-content\/uploads\/2022\/02\/pngaaa.com-2621310.png\" alt=\"\"><\/a><\/td><td><a href=\"https:\/\/fedefutguate.gt\/informacionpublica\/wp-content\/uploads\/2022\/08\/Depositos-constituidos-con-Fondos-Publicos-JULIO-2021.pdf\" target=\"_blank\" rel=\"noreferrer noopener\">Dep\u00f3sitos Constituidos con Fondos P\u00fablicos (JULIO 2022<\/a>)<\/td><\/tr><tr><td class=\"has-text-align-right\" data-align=\"right\"><a href=\"https:\/\/fedefutguate.gt\/informacionpublica\/wp-content\/uploads\/2022\/08\/Cuentas-de-Banco-de-Guatemala-y-Bancos-del-Sistema-JULIO-2022.pdf\" target=\"_blank\" rel=\"noreferrer noopener\"><img loading=\"lazy\" decoding=\"async\" width=\"50\" height=\"58\" class=\"wp-image-266\" style=\"width: 50px;\" src=\"https:\/\/fedefutguate.gt\/informacionpublica\/wp-content\/uploads\/2022\/02\/pngaaa.com-2621310.png\" alt=\"\"><\/a><\/td><td><a href=\"https:\/\/fedefutguate.gt\/informacionpublica\/wp-content\/uploads\/2022\/08\/Cuentas-de-Banco-de-Guatemala-y-Bancos-del-Sistema-JULIO-2022.pdf\" target=\"_blank\" rel=\"noreferrer noopener\">Cuentas de Banco de Guatemala y Bancos del Sistema (JULIO 2022)<\/a><\/td><\/tr><\/tbody><\/table><\/figure>\n\n\n\n<figure class=\"wp-block-table is-style-stripes\"><table><tbody><tr><td class=\"has-text-align-right\" data-align=\"right\"><a href=\"https:\/\/fedefutguate.gt\/informacionpublica\/wp-content\/uploads\/2022\/09\/Depositos-constituidos-con-Fondos-Publicos-AGOSTO-2021.pdf\" target=\"_blank\" rel=\"noreferrer noopener\"><img loading=\"lazy\" decoding=\"async\" width=\"50\" height=\"58\" class=\"wp-image-266\" style=\"width: 50px;\" src=\"https:\/\/fedefutguate.gt\/informacionpublica\/wp-content\/uploads\/2022\/02\/pngaaa.com-2621310.png\" alt=\"\"><\/a><\/td><td><a href=\"https:\/\/fedefutguate.gt\/informacionpublica\/wp-content\/uploads\/2022\/09\/Depositos-constituidos-con-Fondos-Publicos-AGOSTO-2021.pdf\" target=\"_blank\" rel=\"noreferrer noopener\">Dep\u00f3sitos Constituidos con Fondos P\u00fablicos (AGOSTO 2022)<\/a><\/td><\/tr><tr><td class=\"has-text-align-right\" data-align=\"right\"><a href=\"https:\/\/fedefutguate.gt\/informacionpublica\/wp-content\/uploads\/2022\/09\/Cuentas-de-Banco-de-Guatemala-y-Bancos-del-Sistema-AGOSTO-2022.pdf\" target=\"_blank\" rel=\"noreferrer noopener\"><img loading=\"lazy\" decoding=\"async\" width=\"50\" height=\"58\" class=\"wp-image-266\" style=\"width: 50px;\" src=\"https:\/\/fedefutguate.gt\/informacionpublica\/wp-content\/uploads\/2022\/02\/pngaaa.com-2621310.png\" alt=\"\"><\/a><\/td><td><a href=\"https:\/\/fedefutguate.gt\/informacionpublica\/wp-content\/uploads\/2022\/09\/Cuentas-de-Banco-de-Guatemala-y-Bancos-del-Sistema-AGOSTO-2022.pdf\" target=\"_blank\" rel=\"noreferrer noopener\">Cuentas de Banco de Guatemala y Bancos del Sistema (AGOSTO 2022)<\/a><\/td><\/tr><\/tbody><\/table><\/figure>\n\n\n\n<figure class=\"wp-block-table is-style-stripes\"><table><tbody><tr><td class=\"has-text-align-right\" data-align=\"right\"><a href=\"https:\/\/fedefutguate.gt\/informacionpublica\/wp-content\/uploads\/2022\/10\/Depositos-constituidos-con-Fondos-Publicos-SEPTIEMBRE-2021.pdf\" target=\"_blank\" rel=\"noreferrer noopener\"><img loading=\"lazy\" decoding=\"async\" width=\"50\" height=\"58\" class=\"wp-image-266\" style=\"width: 50px;\" src=\"https:\/\/fedefutguate.gt\/informacionpublica\/wp-content\/uploads\/2022\/02\/pngaaa.com-2621310.png\" alt=\"\"><\/a><\/td><td><a href=\"https:\/\/fedefutguate.gt\/informacionpublica\/wp-content\/uploads\/2022\/10\/Depositos-constituidos-con-Fondos-Publicos-SEPTIEMBRE-2021.pdf\" target=\"_blank\" rel=\"noreferrer noopener\">Dep\u00f3sitos Constituidos con Fondos P\u00fablicos (SEPTIEMBRE 2022)<\/a><\/td><\/tr><tr><td class=\"has-text-align-right\" data-align=\"right\"><a href=\"https:\/\/fedefutguate.gt\/informacionpublica\/wp-content\/uploads\/2022\/10\/Cuentas-de-Banco-de-Guatemala-y-Bancos-del-Sistema-SEPTIEMBRE-2022.pdf\" target=\"_blank\" rel=\"noreferrer noopener\"><img loading=\"lazy\" decoding=\"async\" width=\"50\" height=\"58\" class=\"wp-image-266\" style=\"width: 50px;\" src=\"https:\/\/fedefutguate.gt\/informacionpublica\/wp-content\/uploads\/2022\/02\/pngaaa.com-2621310.png\" alt=\"\"><\/a><\/td><td><a href=\"https:\/\/fedefutguate.gt\/informacionpublica\/wp-content\/uploads\/2022\/10\/Cuentas-de-Banco-de-Guatemala-y-Bancos-del-Sistema-SEPTIEMBRE-2022.pdf\" target=\"_blank\" rel=\"noreferrer noopener\">Cuentas de Banco de Guatemala y Bancos del Sistema (SEPTIEMBRE 2022)<\/a><\/td><\/tr><\/tbody><\/table><\/figure>\n\n\n\n<figure class=\"wp-block-table is-style-stripes\"><table><tbody><tr><td class=\"has-text-align-right\" data-align=\"right\"><a href=\"https:\/\/fedefutguate.gt\/informacionpublica\/wp-content\/uploads\/2022\/11\/Depositos-constituidos-con-Fondos-Publicos-OCTUBRE-2021.pdf\" target=\"_blank\" rel=\"noreferrer noopener\"><img loading=\"lazy\" decoding=\"async\" width=\"50\" height=\"58\" class=\"wp-image-266\" style=\"width: 50px;\" src=\"https:\/\/fedefutguate.gt\/informacionpublica\/wp-content\/uploads\/2022\/02\/pngaaa.com-2621310.png\" alt=\"\"><\/a><\/td><td><a href=\"https:\/\/fedefutguate.gt\/informacionpublica\/wp-content\/uploads\/2022\/11\/Depositos-constituidos-con-Fondos-Publicos-OCTUBRE-2021.pdf\" target=\"_blank\" rel=\"noreferrer noopener\">Dep\u00f3sitos Constituidos con Fondos P\u00fablicos (OCTUBRE 2022)<\/a><\/td><\/tr><tr><td class=\"has-text-align-right\" data-align=\"right\"><a href=\"https:\/\/fedefutguate.gt\/informacionpublica\/wp-content\/uploads\/2022\/11\/Cuentas-de-Banco-de-Guatemala-y-Bancos-del-Sistema-OCTUBRE-2022.pdf\" target=\"_blank\" rel=\"noreferrer noopener\"><img loading=\"lazy\" decoding=\"async\" width=\"50\" height=\"58\" class=\"wp-image-266\" style=\"width: 50px;\" src=\"https:\/\/fedefutguate.gt\/informacionpublica\/wp-content\/uploads\/2022\/02\/pngaaa.com-2621310.png\" alt=\"\"><\/a><\/td><td><a href=\"https:\/\/fedefutguate.gt\/informacionpublica\/wp-content\/uploads\/2022\/11\/Cuentas-de-Banco-de-Guatemala-y-Bancos-del-Sistema-OCTUBRE-2022.pdf\" target=\"_blank\" rel=\"noreferrer noopener\">Cuentas de Banco de Guatemala y Bancos del Sistema (OCTUBRE 2022)<\/a><\/td><\/tr><\/tbody><\/table><\/figure>\n\n\n\n<figure class=\"wp-block-table is-style-stripes\"><table><tbody><tr><td class=\"has-text-align-right\" data-align=\"right\"><a href=\"https:\/\/fedefutguate.gt\/informacionpublica\/wp-content\/uploads\/2022\/12\/Depositos-constituidos-con-Fondos-Publicos-NOVIEMBRE-2022.pdf\" target=\"_blank\" rel=\"noreferrer noopener\"><img loading=\"lazy\" decoding=\"async\" width=\"50\" height=\"58\" class=\"wp-image-266\" style=\"width: 50px;\" src=\"https:\/\/fedefutguate.gt\/informacionpublica\/wp-content\/uploads\/2022\/02\/pngaaa.com-2621310.png\" alt=\"\"><\/a><\/td><td><a href=\"https:\/\/fedefutguate.gt\/informacionpublica\/wp-content\/uploads\/2022\/12\/Depositos-constituidos-con-Fondos-Publicos-NOVIEMBRE-2022.pdf\" target=\"_blank\" rel=\"noreferrer noopener\">Dep\u00f3sitos Constituidos con Fondos P\u00fablicos (NOVIEMBRE 2022)<\/a><\/td><\/tr><tr><td class=\"has-text-align-right\" data-align=\"right\"><a href=\"https:\/\/fedefutguate.gt\/informacionpublica\/wp-content\/uploads\/2022\/12\/Cuentas-de-Banco-de-Guatemala-y-Bancos-del-Sistema-NOVIEMBRE-2022.pdf\" target=\"_blank\" rel=\"noreferrer noopener\"><img loading=\"lazy\" decoding=\"async\" width=\"50\" height=\"58\" class=\"wp-image-266\" style=\"width: 50px;\" src=\"https:\/\/fedefutguate.gt\/informacionpublica\/wp-content\/uploads\/2022\/02\/pngaaa.com-2621310.png\" alt=\"\"><\/a><\/td><td><a href=\"https:\/\/fedefutguate.gt\/informacionpublica\/wp-content\/uploads\/2022\/12\/Cuentas-de-Banco-de-Guatemala-y-Bancos-del-Sistema-NOVIEMBRE-2022.pdf\" target=\"_blank\" rel=\"noreferrer noopener\">Cuentas de Banco de Guatemala y Bancos del Sistema (NOVIEMBRE 2022)<\/a><\/td><\/tr><\/tbody><\/table><\/figure>\n\n\n\n<figure class=\"wp-block-table is-style-stripes\"><table><tbody><tr><td class=\"has-text-align-right\" data-align=\"right\"><a href=\"https:\/\/fedefutguate.gt\/informacionpublica\/wp-content\/uploads\/2023\/01\/Depositos-constituidos-con-Fondos-Publicos-DICIEMBRE-2021.pdf\" target=\"_blank\" rel=\"noreferrer noopener\"><img loading=\"lazy\" decoding=\"async\" width=\"50\" height=\"58\" class=\"wp-image-266\" style=\"width: 50px;\" src=\"https:\/\/fedefutguate.gt\/informacionpublica\/wp-content\/uploads\/2022\/02\/pngaaa.com-2621310.png\" alt=\"\"><\/a><\/td><td><a href=\"https:\/\/fedefutguate.gt\/informacionpublica\/wp-content\/uploads\/2023\/01\/Depositos-constituidos-con-Fondos-Publicos-DICIEMBRE-2021.pdf\" target=\"_blank\" rel=\"noreferrer noopener\">Dep\u00f3sitos Constituidos con Fondos P\u00fablicos (DICIEMBRE 2022)<\/a><\/td><\/tr><tr><td class=\"has-text-align-right\" data-align=\"right\"><a href=\"https:\/\/fedefutguate.gt\/informacionpublica\/wp-content\/uploads\/2023\/01\/Cuentas-de-Banco-de-Guatemala-y-Bancos-del-Sistema-DICIEMBRE-2022.pdf\" target=\"_blank\" rel=\"noreferrer noopener\"><img loading=\"lazy\" decoding=\"async\" width=\"50\" height=\"58\" class=\"wp-image-266\" style=\"width: 50px;\" src=\"https:\/\/fedefutguate.gt\/informacionpublica\/wp-content\/uploads\/2022\/02\/pngaaa.com-2621310.png\" alt=\"\"><\/a><\/td><td><a href=\"https:\/\/fedefutguate.gt\/informacionpublica\/wp-content\/uploads\/2023\/01\/Cuentas-de-Banco-de-Guatemala-y-Bancos-del-Sistema-DICIEMBRE-2022.pdf\" target=\"_blank\" rel=\"noreferrer noopener\">Cuentas de Banco de Guatemala y Bancos del Sistema (DICIEMBRE 2022)<\/a><\/td><\/tr><\/tbody><\/table><\/figure>\n\n\n\n<p><\/p>\n","protected":false},"excerpt":{"rendered":"<p>La informaci\u00f3n detallada sobre los dep\u00f3sitos constituidos con fondos p\u00fablicos provenientes de ingresos ordinarios, extraordinarios, impuestos, fondos privativos, empr\u00e9stitos y donaciones. Art\u00edculo 10, numeral 9 de la Ley de Acceso a la Informaci\u00f3n P\u00fablica. Dep\u00f3sitos Constituidos con Fondos P\u00fablicos (ENERO 2022) Cuentas de Banco de Guatemala y Bancos del Sistema (ENERO 2022) Dep\u00f3sitos Constituidos con &#8230; <a title=\"DEP\u00d3SITOS CONSTITUIDOS CON FONDOS P\u00daBLICOS\" class=\"read-more\" href=\"https:\/\/fedefutguate.gt\/informacionpublica\/depositos-constituidos-con-fondos-publicos\/\" aria-label=\"Read more about DEP\u00d3SITOS CONSTITUIDOS CON FONDOS P\u00daBLICOS\">Read more<\/a><\/p>\n","protected":false},"author":1,"featured_media":0,"parent":0,"menu_order":0,"comment_status":"closed","ping_status":"closed","template":"","meta":{"footnotes":""},"class_list":["post-307","page","type-page","status-publish"],"_links":{"self":[{"href":"https:\/\/fedefutguate.gt\/informacionpublica\/wp-json\/wp\/v2\/pages\/307","targetHints":{"allow":["GET"]}}],"collection":[{"href":"https:\/\/fedefutguate.gt\/informacionpublica\/wp-json\/wp\/v2\/pages"}],"about":[{"href":"https:\/\/fedefutguate.gt\/informacionpublica\/wp-json\/wp\/v2\/types\/page"}],"author":[{"embeddable":true,"href":"https:\/\/fedefutguate.gt\/informacionpublica\/wp-json\/wp\/v2\/users\/1"}],"replies":[{"embeddable":true,"href":"https:\/\/fedefutguate.gt\/informacionpublica\/wp-json\/wp\/v2\/comments?post=307"}],"version-history":[{"count":16,"href":"https:\/\/fedefutguate.gt\/informacionpublica\/wp-json\/wp\/v2\/pages\/307\/revisions"}],"predecessor-version":[{"id":2189,"href":"https:\/\/fedefutguate.gt\/informacionpublica\/wp-json\/wp\/v2\/pages\/307\/revisions\/2189"}],"wp:attachment":[{"href":"https:\/\/fedefutguate.gt\/informacionpublica\/wp-json\/wp\/v2\/media?parent=307"}],"curies":[{"name":"wp","href":"https:\/\/api.w.org\/{rel}","templated":true}]}}