{"id":309,"date":"2022-02-09T17:49:37","date_gmt":"2022-02-09T16:49:37","guid":{"rendered":"https:\/\/fedefutguate.gt\/informacionpublica\/?page_id=309"},"modified":"2023-02-08T20:38:27","modified_gmt":"2023-02-08T19:38:27","slug":"procesos-de-cotizacion-y-licitacion","status":"publish","type":"page","link":"https:\/\/fedefutguate.gt\/informacionpublica\/procesos-de-cotizacion-y-licitacion\/","title":{"rendered":"PROCESOS DE COTIZACI\u00d3N Y LICITACI\u00d3N"},"content":{"rendered":"\n<p class=\"has-contrast-2-color has-text-color\">La informaci\u00f3n relacionada con los procesos de cotizaci\u00f3n y licitaci\u00f3n para la adquisici\u00f3n de bienes que son utilizados para los programas de educaci\u00f3n, salud, seguridad, desarrollo rural y todos aquellos que tienen dentro de sus caracter\u00edsticas la entrega de dichos bienes a beneficiarios directos o indirectos, indicando las cantidades, precios unitarios, los montos, los renglones presupuestarios correspondientes, las caracter\u00edsticas de los proveedores, los detalles de los procesos de adjudicaci\u00f3n y el contenido de los contratos.<\/p>\n\n\n\n<p>Art\u00edculo 10, numeral 10 de la Ley de Acceso a la Informaci\u00f3n P\u00fablica.<\/p>\n\n\n\n<p class=\"has-contrast-3-color has-text-color\">(El presente numeral no aplica para la Federaci\u00f3n Nacional de F\u00fatbol de Guatemala por no manejar programas de educaci\u00f3n, salud, seguridad, desarrollo rural que impliquen entrega de bienes a beneficiarios directos o indirectos).<\/p>\n\n\n\n<figure class=\"wp-block-table is-style-stripes\"><table><tbody><tr><td class=\"has-text-align-right\" data-align=\"right\"><a href=\"https:\/\/fedefutguate.gt\/informacionpublica\/wp-content\/uploads\/2022\/03\/Justificacion-Tecnica-10-articulo-10-Ley-de-Informacion-Publica.pdf\" target=\"_blank\" rel=\"noreferrer noopener\"><img loading=\"lazy\" decoding=\"async\" width=\"50\" height=\"58\" class=\"wp-image-266\" style=\"width: 50px;\" src=\"https:\/\/fedefutguate.gt\/informacionpublica\/wp-content\/uploads\/2022\/02\/pngaaa.com-2621310.png\" alt=\"\"><\/a><\/td><td><a rel=\"noreferrer noopener\" href=\"https:\/\/fedefutguate.gt\/informacionpublica\/wp-content\/uploads\/2022\/03\/Justificacion-Tecnica-10-articulo-10-Ley-de-Informacion-Publica.pdf\" target=\"_blank\">Justificaci\u00f3n T\u00e9cnica  A\u00f1o 2022 (Art\u00edculo 10 Numeral 10 de la Ley de Acceso a la Informaci\u00f3n P\u00fablica)<\/a><\/td><\/tr><\/tbody><\/table><\/figure>\n\n\n\n<p><\/p>\n","protected":false},"excerpt":{"rendered":"<p>La informaci\u00f3n relacionada con los procesos de cotizaci\u00f3n y licitaci\u00f3n para la adquisici\u00f3n de bienes que son utilizados para los programas de educaci\u00f3n, salud, seguridad, desarrollo rural y todos aquellos que tienen dentro de sus caracter\u00edsticas la entrega de dichos bienes a beneficiarios directos o indirectos, indicando las cantidades, precios unitarios, los montos, los renglones &#8230; <a title=\"PROCESOS DE COTIZACI\u00d3N Y LICITACI\u00d3N\" class=\"read-more\" href=\"https:\/\/fedefutguate.gt\/informacionpublica\/procesos-de-cotizacion-y-licitacion\/\" aria-label=\"Read more about PROCESOS DE COTIZACI\u00d3N Y LICITACI\u00d3N\">Read more<\/a><\/p>\n","protected":false},"author":1,"featured_media":0,"parent":0,"menu_order":0,"comment_status":"closed","ping_status":"closed","template":"","meta":{"footnotes":""},"class_list":["post-309","page","type-page","status-publish"],"_links":{"self":[{"href":"https:\/\/fedefutguate.gt\/informacionpublica\/wp-json\/wp\/v2\/pages\/309","targetHints":{"allow":["GET"]}}],"collection":[{"href":"https:\/\/fedefutguate.gt\/informacionpublica\/wp-json\/wp\/v2\/pages"}],"about":[{"href":"https:\/\/fedefutguate.gt\/informacionpublica\/wp-json\/wp\/v2\/types\/page"}],"author":[{"embeddable":true,"href":"https:\/\/fedefutguate.gt\/informacionpublica\/wp-json\/wp\/v2\/users\/1"}],"replies":[{"embeddable":true,"href":"https:\/\/fedefutguate.gt\/informacionpublica\/wp-json\/wp\/v2\/comments?post=309"}],"version-history":[{"count":7,"href":"https:\/\/fedefutguate.gt\/informacionpublica\/wp-json\/wp\/v2\/pages\/309\/revisions"}],"predecessor-version":[{"id":2190,"href":"https:\/\/fedefutguate.gt\/informacionpublica\/wp-json\/wp\/v2\/pages\/309\/revisions\/2190"}],"wp:attachment":[{"href":"https:\/\/fedefutguate.gt\/informacionpublica\/wp-json\/wp\/v2\/media?parent=309"}],"curies":[{"name":"wp","href":"https:\/\/api.w.org\/{rel}","templated":true}]}}