{"id":338,"date":"2022-02-09T17:58:58","date_gmt":"2022-02-09T16:58:58","guid":{"rendered":"https:\/\/fedefutguate.gt\/informacionpublica\/?page_id=338"},"modified":"2023-02-08T20:40:41","modified_gmt":"2023-02-08T19:40:41","slug":"contratos-de-usufructo-o-explotacion-de-bienes-del-estado","status":"publish","type":"page","link":"https:\/\/fedefutguate.gt\/informacionpublica\/contratos-de-usufructo-o-explotacion-de-bienes-del-estado\/","title":{"rendered":"INFORMACI\u00d3N SOBRE CONTRATOS, LICENCIAS O CONCESIONES PARA EL USUFRUCTO O EXPLOTACI\u00d3N DE BIENES DEL ESTADO"},"content":{"rendered":"\n<p class=\"has-contrast-2-color has-text-color\">La informaci\u00f3n relacionada a los contratos, licencias o concesiones para el usufructo o explotaci\u00f3n de bienes del Estado.<\/p>\n\n\n\n<p>Art\u00edculo 10, numeral 16 de la Ley de Acceso a la Informaci\u00f3n P\u00fablica.<\/p>\n\n\n\n<figure class=\"wp-block-table is-style-stripes\"><table><tbody><tr><td class=\"has-text-align-right\" data-align=\"right\"><a href=\"https:\/\/fedefutguate.gt\/informacionpublica\/wp-content\/uploads\/2022\/04\/USUFRUCTOS-OTORGADOS-A-FAVOR-DE-LA-FEDEFUT.pdf\" target=\"_blank\" rel=\"noreferrer noopener\"><img loading=\"lazy\" decoding=\"async\" width=\"50\" height=\"58\" src=\"https:\/\/fedefutguate.gt\/informacionpublica\/wp-content\/uploads\/2022\/02\/pngaaa.com-2621310.png\" alt=\"\"><\/a><\/td><td><a href=\"https:\/\/fedefutguate.gt\/informacionpublica\/wp-content\/uploads\/2022\/04\/USUFRUCTOS-OTORGADOS-A-FAVOR-DE-LA-FEDEFUT.pdf\" target=\"_blank\" rel=\"noreferrer noopener\">USUFRUCTOS OTORGADOS A FAVOR DE LA FEDERACI\u00d3N NACIONAL DE F\u00daTBOL DE GUATEMALA<\/a><\/td><\/tr><\/tbody><\/table><\/figure>\n\n\n\n<figure class=\"wp-block-table is-style-stripes\"><table><tbody><tr><td class=\"has-text-align-right\" data-align=\"right\"><a href=\"https:\/\/fedefutguate.gt\/informacionpublica\/wp-content\/uploads\/2022\/04\/USUFRUCTOS-OTORGADOS-POR-LA-FEDEFUT.pdf\" target=\"_blank\" rel=\"noreferrer noopener\"><img loading=\"lazy\" decoding=\"async\" width=\"50\" height=\"58\" src=\"https:\/\/fedefutguate.gt\/informacionpublica\/wp-content\/uploads\/2022\/02\/pngaaa.com-2621310.png\" alt=\"\"><\/a><\/td><td><a href=\"https:\/\/fedefutguate.gt\/informacionpublica\/wp-content\/uploads\/2022\/04\/USUFRUCTOS-OTORGADOS-POR-LA-FEDEFUT.pdf\" target=\"_blank\" rel=\"noreferrer noopener\">USUFRUCTOS OTORGADOS POR LA FEDERACI\u00d3N NACIONAL DE F\u00daTBOL DE GUATEMALA<\/a><\/td><\/tr><\/tbody><\/table><\/figure>\n\n\n\n<p><\/p>\n","protected":false},"excerpt":{"rendered":"<p>La informaci\u00f3n relacionada a los contratos, licencias o concesiones para el usufructo o explotaci\u00f3n de bienes del Estado. Art\u00edculo 10, numeral 16 de la Ley de Acceso a la Informaci\u00f3n P\u00fablica. USUFRUCTOS OTORGADOS A FAVOR DE LA FEDERACI\u00d3N NACIONAL DE F\u00daTBOL DE GUATEMALA USUFRUCTOS OTORGADOS POR LA FEDERACI\u00d3N NACIONAL DE F\u00daTBOL DE GUATEMALA<\/p>\n","protected":false},"author":1,"featured_media":0,"parent":0,"menu_order":0,"comment_status":"closed","ping_status":"closed","template":"","meta":{"footnotes":""},"class_list":["post-338","page","type-page","status-publish"],"_links":{"self":[{"href":"https:\/\/fedefutguate.gt\/informacionpublica\/wp-json\/wp\/v2\/pages\/338","targetHints":{"allow":["GET"]}}],"collection":[{"href":"https:\/\/fedefutguate.gt\/informacionpublica\/wp-json\/wp\/v2\/pages"}],"about":[{"href":"https:\/\/fedefutguate.gt\/informacionpublica\/wp-json\/wp\/v2\/types\/page"}],"author":[{"embeddable":true,"href":"https:\/\/fedefutguate.gt\/informacionpublica\/wp-json\/wp\/v2\/users\/1"}],"replies":[{"embeddable":true,"href":"https:\/\/fedefutguate.gt\/informacionpublica\/wp-json\/wp\/v2\/comments?post=338"}],"version-history":[{"count":5,"href":"https:\/\/fedefutguate.gt\/informacionpublica\/wp-json\/wp\/v2\/pages\/338\/revisions"}],"predecessor-version":[{"id":2197,"href":"https:\/\/fedefutguate.gt\/informacionpublica\/wp-json\/wp\/v2\/pages\/338\/revisions\/2197"}],"wp:attachment":[{"href":"https:\/\/fedefutguate.gt\/informacionpublica\/wp-json\/wp\/v2\/media?parent=338"}],"curies":[{"name":"wp","href":"https:\/\/api.w.org\/{rel}","templated":true}]}}