{"id":339,"date":"2022-02-09T17:58:47","date_gmt":"2022-02-09T16:58:47","guid":{"rendered":"https:\/\/fedefutguate.gt\/informacionpublica\/?page_id=339"},"modified":"2023-02-16T16:36:44","modified_gmt":"2023-02-16T15:36:44","slug":"montos-asignados-criterios-de-acceso-padrones-de-beneficiarios-de-los-programas-de-subsidios-becas-o-transferencias-otorgados-con-fondos-publicos","status":"publish","type":"page","link":"https:\/\/fedefutguate.gt\/informacionpublica\/montos-asignados-criterios-de-acceso-padrones-de-beneficiarios-de-los-programas-de-subsidios-becas-o-transferencias-otorgados-con-fondos-publicos\/","title":{"rendered":"MONTOS ASIGNADOS, CRITERIOS DE ACCESO, PADRONES DE BENEFICIARIOS DE LOS PROGRAMAS DE SUBSIDIOS, BECAS O TRANFERENCIAS OTORGADOS CON FONDOS P\u00daBLICOS"},"content":{"rendered":"\n<p class=\"has-contrast-2-color has-text-color\">Los montos asignados, los criterios de acceso y los padrones de beneficiarios de los programas de subsidios, becas o transferencias otorgados con fondos p\u00fablicos.<\/p>\n\n\n\n<p>Art\u00edculo 10, numeral 15 de la Ley de Acceso a la Informaci\u00f3n P\u00fablica<\/p>\n\n\n\n<p class=\"has-contrast-3-color has-text-color\">(Este numeral aplica parcialmente ya que la Federaci\u00f3n Nacional de F\u00fatbol de Guatemala \u00fanicamente realiza transferencias otorgadas con fondos p\u00fablicos y sus respectivos montos asignados y no cuenta con programas de subsidios y becas)<\/p>\n\n\n\n<figure class=\"wp-block-table is-style-stripes has-small-font-size\"><table><tbody><tr><td class=\"has-text-align-right\" data-align=\"right\"><a href=\"https:\/\/fedefutguate.gt\/informacionpublica\/wp-content\/uploads\/2022\/03\/Justificacion-Tecnica-15-articulo-10-Ley-de-Informacion-Publica.pdf\" target=\"_blank\" rel=\"noreferrer noopener\"><img loading=\"lazy\" decoding=\"async\" width=\"50\" height=\"58\" class=\"wp-image-266\" style=\"width: 50px;\" src=\"https:\/\/fedefutguate.gt\/informacionpublica\/wp-content\/uploads\/2022\/02\/pngaaa.com-2621310.png\" alt=\"\"><\/a><\/td><td><a rel=\"noreferrer noopener\" href=\"https:\/\/fedefutguate.gt\/informacionpublica\/wp-content\/uploads\/2022\/03\/Justificacion-Tecnica-15-articulo-10-Ley-de-Informacion-Publica.pdf\" target=\"_blank\">Justificaci\u00f3n T\u00e9cnica (Art\u00edculo 10 Numeral 15 de la Ley de Acceso a la Informaci\u00f3n P\u00fablica)<\/a><\/td><\/tr><tr><td class=\"has-text-align-right\" data-align=\"right\"><a href=\"https:\/\/fedefutguate.gt\/informacionpublica\/wp-content\/uploads\/2022\/02\/Asignacion-Aporte-a-Asociaciones-Deportivas-Departamentales.pdf\" target=\"_blank\" rel=\"noreferrer noopener\"><img loading=\"lazy\" decoding=\"async\" width=\"50\" height=\"58\" class=\"wp-image-266\" style=\"width: 50px;\" src=\"https:\/\/fedefutguate.gt\/informacionpublica\/wp-content\/uploads\/2022\/02\/pngaaa.com-2621310.png\" alt=\"\"><\/a><\/td><td><a href=\"https:\/\/fedefutguate.gt\/informacionpublica\/wp-content\/uploads\/2022\/02\/Asignacion-Aporte-a-Asociaciones-Deportivas-Departamentales.pdf\" target=\"_blank\" rel=\"noreferrer noopener\">Criterios para Asignaciones a Asociaciones Deportivas Departamentales de la Federaci\u00f3n Nacional de F\u00fatbol de Guatemala (Vigentes para el a\u00f1o 2022)<\/a><\/td><\/tr><tr><td class=\"has-text-align-right\" data-align=\"right\"><a href=\"https:\/\/fedefutguate.gt\/informacionpublica\/wp-content\/uploads\/2022\/02\/Criterios-para-Asignacion-a-Miembros-del-Programa-UNA-CONCACAF-para-el-ano-2022.pdf\" target=\"_blank\" rel=\"noreferrer noopener\"><img loading=\"lazy\" decoding=\"async\" width=\"50\" height=\"58\" class=\"wp-image-266\" style=\"width: 50px;\" src=\"https:\/\/fedefutguate.gt\/informacionpublica\/wp-content\/uploads\/2022\/02\/pngaaa.com-2621310.png\" alt=\"\"><\/a><\/td><td><a href=\"https:\/\/fedefutguate.gt\/informacionpublica\/wp-content\/uploads\/2022\/02\/Criterios-para-Asignacion-a-Miembros-del-Programa-UNA-CONCACAF-para-el-ano-2022.pdf\" target=\"_blank\" rel=\"noreferrer noopener\">Criterios para Asignaci\u00f3n a Miembros del Programa UNA CONCACAF (Vigentes para el a\u00f1o 2022)<\/a><\/td><\/tr><\/tbody><\/table><\/figure>\n\n\n\n<figure class=\"wp-block-table is-style-stripes has-small-font-size\"><table><tbody><tr><td class=\"has-text-align-center\" data-align=\"center\"><a rel=\"noreferrer noopener\" href=\"https:\/\/fedefutguate.gt\/informacionpublica\/wp-content\/uploads\/2022\/02\/Transferencias-con-Fondos-Publicos-con-sus-respectivas-asignaciones-ENERO-2022.pdf\" target=\"_blank\"><img loading=\"lazy\" decoding=\"async\" width=\"50\" height=\"58\" class=\"wp-image-266\" style=\"width: 50px;\" src=\"https:\/\/fedefutguate.gt\/informacionpublica\/wp-content\/uploads\/2022\/02\/pngaaa.com-2621310.png\" alt=\"\"><\/a><\/td><td><a rel=\"noreferrer noopener\" href=\"https:\/\/fedefutguate.gt\/informacionpublica\/wp-content\/uploads\/2022\/02\/Transferencias-con-Fondos-Publicos-con-sus-respectivas-asignaciones-ENERO-2022.pdf\" target=\"_blank\">Transferencias con Fondos P\u00fablicos con sus Respectivas Asignaciones (ENERO 2022)<\/a><\/td><\/tr><tr><td class=\"has-text-align-center\" data-align=\"center\"><a rel=\"noreferrer noopener\" href=\"https:\/\/fedefutguate.gt\/informacionpublica\/wp-content\/uploads\/2022\/02\/Becas-de-Estudio-ENERO-2022.pdf\" target=\"_blank\"><img loading=\"lazy\" decoding=\"async\" width=\"50\" height=\"58\" class=\"wp-image-266\" style=\"width: 50px;\" src=\"https:\/\/fedefutguate.gt\/informacionpublica\/wp-content\/uploads\/2022\/02\/pngaaa.com-2621310.png\" alt=\"\"><\/a><\/td><td><a rel=\"noreferrer noopener\" href=\"https:\/\/fedefutguate.gt\/informacionpublica\/wp-content\/uploads\/2022\/02\/Becas-de-Estudio-ENERO-2022.pdf\" target=\"_blank\">Becas de Estudio (ENERO 2022)<\/a><\/td><\/tr><tr><td class=\"has-text-align-center\" data-align=\"center\"><a rel=\"noreferrer noopener\" href=\"https:\/\/fedefutguate.gt\/informacionpublica\/wp-content\/uploads\/2022\/03\/Transferencias-con-Fondos-Publicos-con-sus-respectivas-asignaciones-FEBRERO-2022.pdf\" target=\"_blank\"><img loading=\"lazy\" decoding=\"async\" width=\"50\" height=\"58\" class=\"wp-image-266\" style=\"width: 50px;\" src=\"https:\/\/fedefutguate.gt\/informacionpublica\/wp-content\/uploads\/2022\/02\/pngaaa.com-2621310.png\" alt=\"\"><\/a><\/td><td><a rel=\"noreferrer noopener\" href=\"https:\/\/fedefutguate.gt\/informacionpublica\/wp-content\/uploads\/2022\/03\/Transferencias-con-Fondos-Publicos-con-sus-respectivas-asignaciones-FEBRERO-2022.pdf\" target=\"_blank\">Transferencias con Fondos P\u00fablicos con sus Respectivas Asignaciones (FEBRERO 2022)<\/a><\/td><\/tr><tr><td class=\"has-text-align-center\" data-align=\"center\"><a rel=\"noreferrer noopener\" href=\"https:\/\/fedefutguate.gt\/informacionpublica\/wp-content\/uploads\/2022\/03\/Becas-de-Estudio-FEBRERO-2022.pdf\" target=\"_blank\"><img loading=\"lazy\" decoding=\"async\" width=\"50\" height=\"58\" class=\"wp-image-266\" style=\"width: 50px;\" src=\"https:\/\/fedefutguate.gt\/informacionpublica\/wp-content\/uploads\/2022\/02\/pngaaa.com-2621310.png\" alt=\"\"><\/a><\/td><td><a rel=\"noreferrer noopener\" href=\"https:\/\/fedefutguate.gt\/informacionpublica\/wp-content\/uploads\/2022\/03\/Becas-de-Estudio-FEBRERO-2022.pdf\" target=\"_blank\">Becas de Estudio (FEBRERO 2022)<\/a><\/td><\/tr><tr><td class=\"has-text-align-center\" data-align=\"center\"><a href=\"https:\/\/fedefutguate.gt\/informacionpublica\/wp-content\/uploads\/2022\/04\/Transferencias-con-Fondos-Publicos-con-sus-respectivas-asignaciones-MARZO-2022.pdf\" target=\"_blank\" rel=\"noreferrer noopener\"><img loading=\"lazy\" decoding=\"async\" width=\"50\" height=\"58\" class=\"wp-image-266\" style=\"width: 50px;\" src=\"https:\/\/fedefutguate.gt\/informacionpublica\/wp-content\/uploads\/2022\/02\/pngaaa.com-2621310.png\" alt=\"\"><\/a><\/td><td><a href=\"https:\/\/fedefutguate.gt\/informacionpublica\/wp-content\/uploads\/2022\/04\/Transferencias-con-Fondos-Publicos-con-sus-respectivas-asignaciones-MARZO-2022.pdf\" target=\"_blank\" rel=\"noreferrer noopener\">Transferencias con Fondos P\u00fablicos con sus Respectivas Asignaciones (MARZO 2022)<\/a><\/td><\/tr><tr><td class=\"has-text-align-center\" data-align=\"center\"><a href=\"https:\/\/fedefutguate.gt\/informacionpublica\/wp-content\/uploads\/2022\/04\/Becas-de-Estudio-MARZO-2022.pdf\" target=\"_blank\" rel=\"noreferrer noopener\"><img loading=\"lazy\" decoding=\"async\" width=\"50\" height=\"58\" class=\"wp-image-266\" style=\"width: 50px;\" src=\"https:\/\/fedefutguate.gt\/informacionpublica\/wp-content\/uploads\/2022\/02\/pngaaa.com-2621310.png\" alt=\"\"><\/a><\/td><td><a href=\"https:\/\/fedefutguate.gt\/informacionpublica\/wp-content\/uploads\/2022\/04\/Becas-de-Estudio-MARZO-2022.pdf\" target=\"_blank\" rel=\"noreferrer noopener\">Becas de Estudio (MARZO 2022)<\/a><\/td><\/tr><\/tbody><\/table><\/figure>\n\n\n\n<figure class=\"wp-block-table is-style-stripes has-small-font-size\"><table><tbody><tr><td class=\"has-text-align-center\" data-align=\"center\"><a href=\"https:\/\/fedefutguate.gt\/informacionpublica\/wp-content\/uploads\/2022\/05\/Transferencias-con-Fondos-Publicos-con-sus-respectivas-asignaciones-ABRIL-2022.pdf\" target=\"_blank\" rel=\"noreferrer noopener\"><img loading=\"lazy\" decoding=\"async\" width=\"50\" height=\"58\" class=\"wp-image-266\" style=\"width: 50px;\" src=\"https:\/\/fedefutguate.gt\/informacionpublica\/wp-content\/uploads\/2022\/02\/pngaaa.com-2621310.png\" alt=\"\"><\/a><\/td><td><a href=\"https:\/\/fedefutguate.gt\/informacionpublica\/wp-content\/uploads\/2022\/05\/Transferencias-con-Fondos-Publicos-con-sus-respectivas-asignaciones-ABRIL-2022.pdf\" target=\"_blank\" rel=\"noreferrer noopener\">Transferencias con Fondos P\u00fablicos con sus Respectivas Asignaciones (ABRIL 2022)<\/a><\/td><\/tr><tr><td class=\"has-text-align-center\" data-align=\"center\"><a href=\"https:\/\/fedefutguate.gt\/informacionpublica\/wp-content\/uploads\/2022\/05\/Becas-de-Estudio-ABRIL-2022.pdf\" target=\"_blank\" rel=\"noreferrer noopener\"><img loading=\"lazy\" decoding=\"async\" width=\"50\" height=\"58\" class=\"wp-image-266\" style=\"width: 50px;\" src=\"https:\/\/fedefutguate.gt\/informacionpublica\/wp-content\/uploads\/2022\/02\/pngaaa.com-2621310.png\" alt=\"\"><\/a><\/td><td><a href=\"https:\/\/fedefutguate.gt\/informacionpublica\/wp-content\/uploads\/2022\/05\/Becas-de-Estudio-ABRIL-2022.pdf\" target=\"_blank\" rel=\"noreferrer noopener\">Becas de Estudio (ABRIL 2022)<\/a><\/td><\/tr><\/tbody><\/table><\/figure>\n\n\n\n<figure class=\"wp-block-table is-style-stripes has-small-font-size\"><table><tbody><tr><td class=\"has-text-align-center\" data-align=\"center\"><a href=\"https:\/\/fedefutguate.gt\/informacionpublica\/wp-content\/uploads\/2022\/06\/Transferencias-con-Fondos-Publicos-con-sus-respectivas-asignaciones-MAYO-2022.pdf\" target=\"_blank\" rel=\"noreferrer noopener\"><img loading=\"lazy\" decoding=\"async\" width=\"50\" height=\"58\" class=\"wp-image-266\" style=\"width: 50px;\" src=\"https:\/\/fedefutguate.gt\/informacionpublica\/wp-content\/uploads\/2022\/02\/pngaaa.com-2621310.png\" alt=\"\"><\/a><\/td><td><a href=\"https:\/\/fedefutguate.gt\/informacionpublica\/wp-content\/uploads\/2022\/06\/Transferencias-con-Fondos-Publicos-con-sus-respectivas-asignaciones-MAYO-2022.pdf\" target=\"_blank\" rel=\"noreferrer noopener\">Transferencias con Fondos P\u00fablicos con sus Respectivas Asignaciones (MAYO 2022)<\/a><\/td><\/tr><tr><td class=\"has-text-align-center\" data-align=\"center\"><a href=\"https:\/\/fedefutguate.gt\/informacionpublica\/wp-content\/uploads\/2022\/06\/Becas-de-Estudio-MAYO-2022.pdf\" target=\"_blank\" rel=\"noreferrer noopener\"><img loading=\"lazy\" decoding=\"async\" width=\"50\" height=\"58\" class=\"wp-image-266\" style=\"width: 50px;\" src=\"https:\/\/fedefutguate.gt\/informacionpublica\/wp-content\/uploads\/2022\/02\/pngaaa.com-2621310.png\" alt=\"\"><\/a><\/td><td><a href=\"https:\/\/fedefutguate.gt\/informacionpublica\/wp-content\/uploads\/2022\/06\/Becas-de-Estudio-MAYO-2022.pdf\" target=\"_blank\" rel=\"noreferrer noopener\">Becas de Estudio (MAYO 2022)<\/a><\/td><\/tr><\/tbody><\/table><\/figure>\n\n\n\n<figure class=\"wp-block-table is-style-stripes has-small-font-size\"><table><tbody><tr><td class=\"has-text-align-center\" data-align=\"center\"><a href=\"https:\/\/fedefutguate.gt\/informacionpublica\/wp-content\/uploads\/2022\/07\/Transferencias-con-Fondos-Publicos-con-sus-respectivas-asignaciones-JUNIO-2022.pdf\" target=\"_blank\" rel=\"noreferrer noopener\"><img loading=\"lazy\" decoding=\"async\" width=\"50\" height=\"58\" class=\"wp-image-266\" style=\"width: 50px;\" src=\"https:\/\/fedefutguate.gt\/informacionpublica\/wp-content\/uploads\/2022\/02\/pngaaa.com-2621310.png\" alt=\"\"><\/a><\/td><td><a href=\"https:\/\/fedefutguate.gt\/informacionpublica\/wp-content\/uploads\/2022\/07\/Transferencias-con-Fondos-Publicos-con-sus-respectivas-asignaciones-JUNIO-2022.pdf\" target=\"_blank\" rel=\"noreferrer noopener\">Transferencias con Fondos P\u00fablicos con sus Respectivas Asignaciones (JUNIO 2022)<\/a><\/td><\/tr><tr><td class=\"has-text-align-center\" data-align=\"center\"><a href=\"https:\/\/fedefutguate.gt\/informacionpublica\/wp-content\/uploads\/2022\/07\/Becas-de-Estudio-JUNIO-2022.pdf\" target=\"_blank\" rel=\"noreferrer noopener\"><img loading=\"lazy\" decoding=\"async\" width=\"50\" height=\"58\" class=\"wp-image-266\" style=\"width: 50px;\" src=\"https:\/\/fedefutguate.gt\/informacionpublica\/wp-content\/uploads\/2022\/02\/pngaaa.com-2621310.png\" alt=\"\"><\/a><\/td><td><a href=\"https:\/\/fedefutguate.gt\/informacionpublica\/wp-content\/uploads\/2022\/07\/Becas-de-Estudio-JUNIO-2022.pdf\" target=\"_blank\" rel=\"noreferrer noopener\">Becas de Estudio (JUNIO 2022)<\/a><\/td><\/tr><\/tbody><\/table><\/figure>\n\n\n\n<figure class=\"wp-block-table is-style-stripes has-small-font-size\"><table><tbody><tr><td class=\"has-text-align-center\" data-align=\"center\"><a href=\"https:\/\/fedefutguate.gt\/informacionpublica\/wp-content\/uploads\/2022\/08\/Transferencias-con-Fondos-Publicos-con-sus-respectivas-asignaciones-JULIO-2022.pdf\" target=\"_blank\" rel=\"noreferrer noopener\"><img loading=\"lazy\" decoding=\"async\" width=\"50\" height=\"58\" class=\"wp-image-266\" style=\"width: 50px;\" src=\"https:\/\/fedefutguate.gt\/informacionpublica\/wp-content\/uploads\/2022\/02\/pngaaa.com-2621310.png\" alt=\"\"><\/a><\/td><td><a href=\"https:\/\/fedefutguate.gt\/informacionpublica\/wp-content\/uploads\/2022\/08\/Transferencias-con-Fondos-Publicos-con-sus-respectivas-asignaciones-JULIO-2022.pdf\" target=\"_blank\" rel=\"noreferrer noopener\">Transferencias con Fondos P\u00fablicos con sus Respectivas Asignaciones (JULIO 2022)<\/a><\/td><\/tr><tr><td class=\"has-text-align-center\" data-align=\"center\"><a href=\"https:\/\/fedefutguate.gt\/informacionpublica\/wp-content\/uploads\/2022\/08\/Becas-de-Estudio-JULIO-2022.pdf\" target=\"_blank\" rel=\"noreferrer noopener\"><img loading=\"lazy\" decoding=\"async\" width=\"50\" height=\"58\" class=\"wp-image-266\" style=\"width: 50px;\" src=\"https:\/\/fedefutguate.gt\/informacionpublica\/wp-content\/uploads\/2022\/02\/pngaaa.com-2621310.png\" alt=\"\"><\/a><\/td><td><a href=\"https:\/\/fedefutguate.gt\/informacionpublica\/wp-content\/uploads\/2022\/08\/Becas-de-Estudio-JULIO-2022.pdf\" target=\"_blank\" rel=\"noreferrer noopener\">Becas de Estudio (JULIO 2022)<\/a><\/td><\/tr><\/tbody><\/table><\/figure>\n\n\n\n<figure class=\"wp-block-table is-style-stripes has-small-font-size\"><table><tbody><tr><td class=\"has-text-align-center\" data-align=\"center\"><a href=\"https:\/\/fedefutguate.gt\/informacionpublica\/wp-content\/uploads\/2022\/09\/Transferencias-con-Fondos-Publicos-con-sus-respectivas-asignaciones-AGOSTO-2022.pdf\" target=\"_blank\" rel=\"noreferrer noopener\"><img loading=\"lazy\" decoding=\"async\" width=\"50\" height=\"58\" class=\"wp-image-266\" style=\"width: 50px;\" src=\"https:\/\/fedefutguate.gt\/informacionpublica\/wp-content\/uploads\/2022\/02\/pngaaa.com-2621310.png\" alt=\"\"><\/a><\/td><td><a href=\"https:\/\/fedefutguate.gt\/informacionpublica\/wp-content\/uploads\/2022\/09\/Transferencias-con-Fondos-Publicos-con-sus-respectivas-asignaciones-AGOSTO-2022.pdf\" target=\"_blank\" rel=\"noreferrer noopener\">Transferencias con Fondos P\u00fablicos con sus Respectivas Asignaciones (AGOSTO 2022)<\/a><\/td><\/tr><tr><td class=\"has-text-align-center\" data-align=\"center\"><a href=\"https:\/\/fedefutguate.gt\/informacionpublica\/wp-content\/uploads\/2022\/09\/Becas-de-Estudio-AGOSTO-2022.pdf\" target=\"_blank\" rel=\"noreferrer noopener\"><img loading=\"lazy\" decoding=\"async\" width=\"50\" height=\"58\" class=\"wp-image-266\" style=\"width: 50px;\" src=\"https:\/\/fedefutguate.gt\/informacionpublica\/wp-content\/uploads\/2022\/02\/pngaaa.com-2621310.png\" alt=\"\"><\/a><\/td><td><a href=\"https:\/\/fedefutguate.gt\/informacionpublica\/wp-content\/uploads\/2022\/09\/Becas-de-Estudio-AGOSTO-2022.pdf\" target=\"_blank\" rel=\"noreferrer noopener\">Becas de Estudio (AGOSTO 2022)<\/a><\/td><\/tr><\/tbody><\/table><\/figure>\n\n\n\n<figure class=\"wp-block-table is-style-stripes has-small-font-size\"><table><tbody><tr><td class=\"has-text-align-center\" data-align=\"center\"><a href=\"https:\/\/fedefutguate.gt\/informacionpublica\/wp-content\/uploads\/2022\/10\/Transferencias-con-Fondos-Publicos-con-sus-respectivas-asignaciones-SEPTIEMBRE-2022.pdf\" target=\"_blank\" rel=\"noreferrer noopener\"><img loading=\"lazy\" decoding=\"async\" width=\"50\" height=\"58\" class=\"wp-image-266\" style=\"width: 50px;\" src=\"https:\/\/fedefutguate.gt\/informacionpublica\/wp-content\/uploads\/2022\/02\/pngaaa.com-2621310.png\" alt=\"\"><\/a><\/td><td><a href=\"https:\/\/fedefutguate.gt\/informacionpublica\/wp-content\/uploads\/2022\/10\/Transferencias-con-Fondos-Publicos-con-sus-respectivas-asignaciones-SEPTIEMBRE-2022.pdf\" target=\"_blank\" rel=\"noreferrer noopener\">Transferencias con Fondos P\u00fablicos con sus Respectivas Asignaciones (SEPTIEMBRE 2022)<\/a><\/td><\/tr><tr><td class=\"has-text-align-center\" data-align=\"center\"><a href=\"https:\/\/fedefutguate.gt\/informacionpublica\/wp-content\/uploads\/2022\/10\/Becas-de-Estudio-SEPTIEMBRE-2022.pdf\" target=\"_blank\" rel=\"noreferrer noopener\"><img loading=\"lazy\" decoding=\"async\" width=\"50\" height=\"58\" class=\"wp-image-266\" style=\"width: 50px;\" src=\"https:\/\/fedefutguate.gt\/informacionpublica\/wp-content\/uploads\/2022\/02\/pngaaa.com-2621310.png\" alt=\"\"><\/a><\/td><td><a href=\"https:\/\/fedefutguate.gt\/informacionpublica\/wp-content\/uploads\/2022\/10\/Becas-de-Estudio-SEPTIEMBRE-2022.pdf\" target=\"_blank\" rel=\"noreferrer noopener\">Becas de Estudio (SEPTIEMBRE 2022)<\/a><\/td><\/tr><\/tbody><\/table><\/figure>\n\n\n\n<figure class=\"wp-block-table is-style-stripes has-small-font-size\"><table><tbody><tr><td class=\"has-text-align-center\" data-align=\"center\"><a href=\"https:\/\/fedefutguate.gt\/informacionpublica\/wp-content\/uploads\/2022\/11\/Transferencias-con-Fondos-Publicos-con-sus-respectivas-asignaciones-OCTUBRE-2022.pdf\" target=\"_blank\" rel=\"noreferrer noopener\"><img loading=\"lazy\" decoding=\"async\" width=\"50\" height=\"58\" class=\"wp-image-266\" style=\"width: 50px;\" src=\"https:\/\/fedefutguate.gt\/informacionpublica\/wp-content\/uploads\/2022\/02\/pngaaa.com-2621310.png\" alt=\"\"><\/a><\/td><td><a href=\"https:\/\/fedefutguate.gt\/informacionpublica\/wp-content\/uploads\/2022\/11\/Transferencias-con-Fondos-Publicos-con-sus-respectivas-asignaciones-OCTUBRE-2022.pdf\" target=\"_blank\" rel=\"noreferrer noopener\">Transferencias con Fondos P\u00fablicos con sus Respectivas Asignaciones (OCTUBRE 2022)<\/a><\/td><\/tr><tr><td class=\"has-text-align-center\" data-align=\"center\"><a href=\"https:\/\/fedefutguate.gt\/informacionpublica\/wp-content\/uploads\/2022\/11\/Becas-de-Estudio-OCTUBRE-2022.pdf\" target=\"_blank\" rel=\"noreferrer noopener\"><img loading=\"lazy\" decoding=\"async\" width=\"50\" height=\"58\" class=\"wp-image-266\" style=\"width: 50px;\" src=\"https:\/\/fedefutguate.gt\/informacionpublica\/wp-content\/uploads\/2022\/02\/pngaaa.com-2621310.png\" alt=\"\"><\/a><\/td><td><a href=\"https:\/\/fedefutguate.gt\/informacionpublica\/wp-content\/uploads\/2022\/11\/Becas-de-Estudio-OCTUBRE-2022.pdf\" target=\"_blank\" rel=\"noreferrer noopener\">Becas de Estudio (OCTUBRE 2022)<\/a><\/td><\/tr><\/tbody><\/table><\/figure>\n\n\n\n<figure class=\"wp-block-table is-style-stripes has-small-font-size\"><table><tbody><tr><td class=\"has-text-align-center\" data-align=\"center\"><a href=\"https:\/\/fedefutguate.gt\/informacionpublica\/wp-content\/uploads\/2022\/12\/Transferencias-con-Fondos-Publicos-con-sus-respectivas-asignaciones-NOVIEMBRE-2022.pdf\" target=\"_blank\" rel=\"noreferrer noopener\"><img loading=\"lazy\" decoding=\"async\" width=\"50\" height=\"58\" class=\"wp-image-266\" style=\"width: 50px;\" src=\"https:\/\/fedefutguate.gt\/informacionpublica\/wp-content\/uploads\/2022\/02\/pngaaa.com-2621310.png\" alt=\"\"><\/a><\/td><td><a href=\"https:\/\/fedefutguate.gt\/informacionpublica\/wp-content\/uploads\/2022\/12\/Transferencias-con-Fondos-Publicos-con-sus-respectivas-asignaciones-NOVIEMBRE-2022.pdf\" target=\"_blank\" rel=\"noreferrer noopener\">Transferencias con Fondos P\u00fablicos con sus Respectivas Asignaciones (NOVIEMBRE 2022)<\/a><\/td><\/tr><tr><td class=\"has-text-align-center\" data-align=\"center\"><a href=\"https:\/\/fedefutguate.gt\/informacionpublica\/wp-content\/uploads\/2022\/12\/Becas-de-Estudio-NOVIEMBRE-2022.pdf\" target=\"_blank\" rel=\"noreferrer noopener\"><img loading=\"lazy\" decoding=\"async\" width=\"50\" height=\"58\" class=\"wp-image-266\" style=\"width: 50px;\" src=\"https:\/\/fedefutguate.gt\/informacionpublica\/wp-content\/uploads\/2022\/02\/pngaaa.com-2621310.png\" alt=\"\"><\/a><\/td><td><a href=\"https:\/\/fedefutguate.gt\/informacionpublica\/wp-content\/uploads\/2022\/12\/Becas-de-Estudio-NOVIEMBRE-2022.pdf\" target=\"_blank\" rel=\"noreferrer noopener\">Becas de Estudio (NOVIEMBRE 2022)<\/a><\/td><\/tr><\/tbody><\/table><\/figure>\n\n\n\n<figure class=\"wp-block-table is-style-stripes has-small-font-size\"><table><tbody><tr><td class=\"has-text-align-center\" data-align=\"center\"><a href=\"https:\/\/fedefutguate.gt\/informacionpublica\/wp-content\/uploads\/2023\/01\/Transferencias-con-Fondos-Publicos-con-sus-respectivas-asignaciones-DICIEMBRE-2022.pdf\" target=\"_blank\" rel=\"noreferrer noopener\"><img loading=\"lazy\" decoding=\"async\" width=\"50\" height=\"58\" class=\"wp-image-266\" style=\"width: 50px;\" src=\"https:\/\/fedefutguate.gt\/informacionpublica\/wp-content\/uploads\/2022\/02\/pngaaa.com-2621310.png\" alt=\"\"><\/a><\/td><td><a href=\"https:\/\/fedefutguate.gt\/informacionpublica\/wp-content\/uploads\/2023\/01\/Transferencias-con-Fondos-Publicos-con-sus-respectivas-asignaciones-DICIEMBRE-2022.pdf\" target=\"_blank\" rel=\"noreferrer noopener\">Transferencias con Fondos P\u00fablicos con sus Respectivas Asignaciones (DICIEMBRE 2022)<\/a><\/td><\/tr><tr><td class=\"has-text-align-center\" data-align=\"center\"><a href=\"https:\/\/fedefutguate.gt\/informacionpublica\/wp-content\/uploads\/2023\/01\/Becas-de-Estudio-DICIEMBRE-2022.pdf\" target=\"_blank\" rel=\"noreferrer noopener\"><img loading=\"lazy\" decoding=\"async\" width=\"50\" height=\"58\" class=\"wp-image-266\" style=\"width: 50px;\" src=\"https:\/\/fedefutguate.gt\/informacionpublica\/wp-content\/uploads\/2022\/02\/pngaaa.com-2621310.png\" alt=\"\"><\/a><\/td><td><a href=\"https:\/\/fedefutguate.gt\/informacionpublica\/wp-content\/uploads\/2023\/01\/Becas-de-Estudio-DICIEMBRE-2022.pdf\" target=\"_blank\" rel=\"noreferrer noopener\">Becas de Estudio (DICIEMBRE 2022)<\/a><\/td><\/tr><\/tbody><\/table><\/figure>\n","protected":false},"excerpt":{"rendered":"<p>Los montos asignados, los criterios de acceso y los padrones de beneficiarios de los programas de subsidios, becas o transferencias otorgados con fondos p\u00fablicos. Art\u00edculo 10, numeral 15 de la Ley de Acceso a la Informaci\u00f3n P\u00fablica (Este numeral aplica parcialmente ya que la Federaci\u00f3n Nacional de F\u00fatbol de Guatemala \u00fanicamente realiza transferencias otorgadas con &#8230; <a title=\"MONTOS ASIGNADOS, CRITERIOS DE ACCESO, PADRONES DE BENEFICIARIOS DE LOS PROGRAMAS DE SUBSIDIOS, BECAS O TRANFERENCIAS OTORGADOS CON FONDOS P\u00daBLICOS\" class=\"read-more\" href=\"https:\/\/fedefutguate.gt\/informacionpublica\/montos-asignados-criterios-de-acceso-padrones-de-beneficiarios-de-los-programas-de-subsidios-becas-o-transferencias-otorgados-con-fondos-publicos\/\" aria-label=\"Read more about MONTOS ASIGNADOS, CRITERIOS DE ACCESO, PADRONES DE BENEFICIARIOS DE LOS PROGRAMAS DE SUBSIDIOS, BECAS O TRANFERENCIAS OTORGADOS CON FONDOS P\u00daBLICOS\">Read more<\/a><\/p>\n","protected":false},"author":1,"featured_media":0,"parent":0,"menu_order":0,"comment_status":"closed","ping_status":"closed","template":"","meta":{"footnotes":""},"class_list":["post-339","page","type-page","status-publish"],"_links":{"self":[{"href":"https:\/\/fedefutguate.gt\/informacionpublica\/wp-json\/wp\/v2\/pages\/339","targetHints":{"allow":["GET"]}}],"collection":[{"href":"https:\/\/fedefutguate.gt\/informacionpublica\/wp-json\/wp\/v2\/pages"}],"about":[{"href":"https:\/\/fedefutguate.gt\/informacionpublica\/wp-json\/wp\/v2\/types\/page"}],"author":[{"embeddable":true,"href":"https:\/\/fedefutguate.gt\/informacionpublica\/wp-json\/wp\/v2\/users\/1"}],"replies":[{"embeddable":true,"href":"https:\/\/fedefutguate.gt\/informacionpublica\/wp-json\/wp\/v2\/comments?post=339"}],"version-history":[{"count":28,"href":"https:\/\/fedefutguate.gt\/informacionpublica\/wp-json\/wp\/v2\/pages\/339\/revisions"}],"predecessor-version":[{"id":2527,"href":"https:\/\/fedefutguate.gt\/informacionpublica\/wp-json\/wp\/v2\/pages\/339\/revisions\/2527"}],"wp:attachment":[{"href":"https:\/\/fedefutguate.gt\/informacionpublica\/wp-json\/wp\/v2\/media?parent=339"}],"curies":[{"name":"wp","href":"https:\/\/api.w.org\/{rel}","templated":true}]}}