{"id":361,"date":"2022-02-09T18:04:56","date_gmt":"2022-02-09T17:04:56","guid":{"rendered":"https:\/\/fedefutguate.gt\/informacionpublica\/?page_id=361"},"modified":"2023-02-08T20:43:54","modified_gmt":"2023-02-08T19:43:54","slug":"informes-de-auditorias-gubernamentales-o-privadas","status":"publish","type":"page","link":"https:\/\/fedefutguate.gt\/informacionpublica\/informes-de-auditorias-gubernamentales-o-privadas\/","title":{"rendered":"INFORMES FINALES DE LAS AUDITOR\u00cdAS GUBERNAMENTALES O PRIVADAS"},"content":{"rendered":"\n<p class=\"has-contrast-2-color has-text-color\">Los informes finales de las auditorias gubernamentales o privadas practicadas a los sujetos obligados, conforme a los per\u00edodos de revisi\u00f3n correspondientes.<\/p>\n\n\n\n<p>Art\u00edculo 10, numeral 23 de la Ley de Acceso a la Informaci\u00f3n P\u00fablica.<\/p>\n\n\n\n<figure class=\"wp-block-table is-style-stripes has-small-font-size\"><table class=\"has-contrast-2-color has-text-color\"><tbody><tr><td><a href=\"https:\/\/fedefutguate.gt\/informacionpublica\/wp-content\/uploads\/2022\/02\/INFORM1.pdf\" target=\"_blank\" rel=\"noreferrer noopener\"><img loading=\"lazy\" decoding=\"async\" width=\"50\" height=\"58\" class=\"wp-image-266\" style=\"width: 50px;\" src=\"https:\/\/fedefutguate.gt\/informacionpublica\/wp-content\/uploads\/2022\/02\/pngaaa.com-2621310.png\" alt=\"\"><\/a><\/td><td><a href=\"https:\/\/fedefutguate.gt\/informacionpublica\/wp-content\/uploads\/2022\/02\/INFORM1.pdf\" target=\"_blank\" rel=\"noreferrer noopener\">Informe de Auditor\u00eda del Examen Especial de Auditor\u00eda, con Seguridad Razonable, Control Interno en el \u00c1rea de Presupuesto, Distribuci\u00f3n y Cumplimiento del 20%, 30% y 50%) de la FEDEFUT por el periodo del 01 DE ENERO 2021 al 31 DE OCTUBRE 2021<\/a><\/td><\/tr><tr><td><a href=\"https:\/\/fedefutguate.gt\/informacionpublica\/wp-content\/uploads\/2022\/03\/OF-FNFG-DF-366-2022BYS-FEBRERO.pdf\" target=\"_blank\" rel=\"noreferrer noopener\"><img loading=\"lazy\" decoding=\"async\" width=\"50\" height=\"58\" class=\"wp-image-266\" style=\"width: 50px;\" src=\"https:\/\/fedefutguate.gt\/informacionpublica\/wp-content\/uploads\/2022\/02\/pngaaa.com-2621310.png\" alt=\"\"><\/a><\/td><td><a href=\"https:\/\/fedefutguate.gt\/informacionpublica\/wp-content\/uploads\/2022\/03\/OF-FNFG-DF-366-2022BYS-FEBRERO.pdf\" target=\"_blank\" rel=\"noreferrer noopener\">OF-FNFG-DF-366-2022\/byis  (Justificaci\u00f3n T\u00e9cnica FEBRERO 2022) <\/a><\/td><\/tr><tr><td><a href=\"https:\/\/fedefutguate.gt\/informacionpublica\/wp-content\/uploads\/2022\/04\/Justificacion-Tecnica-MARZO.pdf\" target=\"_blank\" rel=\"noreferrer noopener\"><img loading=\"lazy\" decoding=\"async\" width=\"50\" height=\"58\" class=\"wp-image-266\" style=\"width: 50px;\" src=\"https:\/\/fedefutguate.gt\/informacionpublica\/wp-content\/uploads\/2022\/02\/pngaaa.com-2621310.png\" alt=\"\"><\/a><\/td><td><a href=\"https:\/\/fedefutguate.gt\/informacionpublica\/wp-content\/uploads\/2022\/04\/Justificacion-Tecnica-MARZO.pdf\" target=\"_blank\" rel=\"noreferrer noopener\">OF-FNFG-DF-503-2022\/byis  (Justificaci\u00f3n T\u00e9cnica MARZO 2022) <\/a><\/td><\/tr><tr><td><a href=\"https:\/\/fedefutguate.gt\/informacionpublica\/wp-content\/uploads\/2022\/05\/Justificacion-Tecnica-ABRIL.pdf\" target=\"_blank\" rel=\"noreferrer noopener\"><img loading=\"lazy\" decoding=\"async\" width=\"50\" height=\"58\" class=\"wp-image-266\" style=\"width: 50px;\" src=\"https:\/\/fedefutguate.gt\/informacionpublica\/wp-content\/uploads\/2022\/02\/pngaaa.com-2621310.png\" alt=\"\"><\/a><\/td><td><a rel=\"noreferrer noopener\" href=\"https:\/\/fedefutguate.gt\/informacionpublica\/wp-content\/uploads\/2022\/05\/Justificacion-Tecnica-ABRIL.pdf\" target=\"_blank\">OF-FNFG-DF-<\/a><a rel=\"noreferrer noopener\" href=\"https:\/\/fedefutguate.gt\/informacionpublica\/wp-content\/uploads\/2022\/05\/Justificacion-Tecnica-ABRIL.pdf\" target=\"_blank\">6<\/a><a rel=\"noreferrer noopener\" href=\"https:\/\/fedefutguate.gt\/informacionpublica\/wp-content\/uploads\/2022\/05\/Justificacion-Tecnica-ABRIL.pdf\" target=\"_blank\">1<\/a><a href=\"https:\/\/fedefutguate.gt\/informacionpublica\/wp-content\/uploads\/2022\/05\/Justificacion-Tecnica-ABRIL.pdf\" target=\"_blank\" rel=\"noreferrer noopener\">1<\/a><a rel=\"noreferrer noopener\" href=\"https:\/\/fedefutguate.gt\/informacionpublica\/wp-content\/uploads\/2022\/05\/Justificacion-Tecnica-ABRIL.pdf\" target=\"_blank\">-2022\/byis  (Justificaci\u00f3n T\u00e9cnica ABRIL 2022) <\/a><\/td><\/tr><tr><td><a href=\"https:\/\/fedefutguate.gt\/informacionpublica\/wp-content\/uploads\/2022\/07\/Informe-Auditoria-Financiera-y-Cum-CGC-1-de-enero-al-31-de-dic-2021.pdf\" target=\"_blank\" rel=\"noreferrer noopener\"><img loading=\"lazy\" decoding=\"async\" width=\"50\" height=\"58\" class=\"wp-image-266\" style=\"width: 50px;\" src=\"https:\/\/fedefutguate.gt\/informacionpublica\/wp-content\/uploads\/2022\/02\/pngaaa.com-2621310.png\" alt=\"\"><\/a><\/td><td><a href=\"https:\/\/fedefutguate.gt\/informacionpublica\/wp-content\/uploads\/2022\/07\/Informe-Auditoria-Financiera-y-Cum-CGC-1-de-enero-al-31-de-dic-2021.pdf\" target=\"_blank\" rel=\"noreferrer noopener\">Informe de Auditor\u00eda Financiera y de Cumplimiento de la Federaci\u00f3n Nacional de F\u00fatbol de Guatemala del 01 de enero al 31 de diciembre de 2021<\/a><\/td><\/tr><tr><td><a href=\"https:\/\/fedefutguate.gt\/informacionpublica\/wp-content\/uploads\/2022\/07\/Dictamen-auditoria-estatutaria-FEDEFUT-2021.pdf\" target=\"_blank\" rel=\"noreferrer noopener\"><img loading=\"lazy\" decoding=\"async\" width=\"50\" height=\"58\" class=\"wp-image-266\" style=\"width: 50px;\" src=\"https:\/\/fedefutguate.gt\/informacionpublica\/wp-content\/uploads\/2022\/02\/pngaaa.com-2621310.png\" alt=\"\"><\/a><\/td><td><a rel=\"noreferrer noopener\" href=\"https:\/\/fedefutguate.gt\/informacionpublica\/wp-content\/uploads\/2022\/07\/Dictamen-auditoria-estatutaria-FEDEFUT-2021.pdf\" target=\"_blank\">Informe de los auditores independientes sobre el cumplimiento por parte de la Federaci\u00f3n Nacional de Futbol al Reglamento del Programa de Desarrollo Forward de la FIFA  <br>(Per\u00edodo del 1 de enero al 31 de diciembre 2021)<\/a><\/td><\/tr><tr><td><a href=\"https:\/\/fedefutguate.gt\/informacionpublica\/wp-content\/uploads\/2022\/07\/Dictamen-auditoria-UNA-CONCACAF-FEDEFUT-2021.pdf\" target=\"_blank\" rel=\"noreferrer noopener\"><img loading=\"lazy\" decoding=\"async\" width=\"50\" height=\"58\" class=\"wp-image-266\" style=\"width: 50px;\" src=\"https:\/\/fedefutguate.gt\/informacionpublica\/wp-content\/uploads\/2022\/02\/pngaaa.com-2621310.png\" alt=\"\"><\/a><\/td><td><a rel=\"noreferrer noopener\" href=\"https:\/\/fedefutguate.gt\/informacionpublica\/wp-content\/uploads\/2022\/07\/Dictamen-auditoria-UNA-CONCACAF-FEDEFUT-2021.pdf\" target=\"_blank\">Informe de los auditores independientes sobre los aportes recibidos de la Confederaci\u00f3n del Norte, Centro Am\u00e9rica y del  Caribe de Futbol CONCACAF<br>(Per\u00edodo del 1 de enero al 31 de diciembre 2021)<\/a><\/td><\/tr><tr><td><a href=\"https:\/\/fedefutguate.gt\/informacionpublica\/wp-content\/uploads\/2022\/07\/FEDEFUT-Informe-ejecucion-presupuestaria-2021.pdf\" target=\"_blank\" rel=\"noreferrer noopener\"><img loading=\"lazy\" decoding=\"async\" width=\"50\" height=\"58\" class=\"wp-image-266\" style=\"width: 50px;\" src=\"https:\/\/fedefutguate.gt\/informacionpublica\/wp-content\/uploads\/2022\/02\/pngaaa.com-2621310.png\" alt=\"\"><\/a><\/td><td><a href=\"https:\/\/fedefutguate.gt\/informacionpublica\/wp-content\/uploads\/2022\/07\/FEDEFUT-Informe-ejecucion-presupuestaria-2021.pdf\" target=\"_blank\" rel=\"noreferrer noopener\">Informe de los auditores independientes sobre la ejecuci\u00f3n presupuestaria<br>(Per\u00edodo del 1 de enero al 31 de diciembre de 2021)<\/a><\/td><\/tr><tr><td><a href=\"https:\/\/fedefutguate.gt\/informacionpublica\/wp-content\/uploads\/2022\/07\/Informe-Programa-FIFA-COVID-19-2021.pdf\" target=\"_blank\" rel=\"noreferrer noopener\"><img loading=\"lazy\" decoding=\"async\" width=\"50\" height=\"58\" class=\"wp-image-266\" style=\"width: 50px;\" src=\"https:\/\/fedefutguate.gt\/informacionpublica\/wp-content\/uploads\/2022\/02\/pngaaa.com-2621310.png\" alt=\"\"><\/a><\/td><td><a rel=\"noreferrer noopener\" href=\"https:\/\/fedefutguate.gt\/informacionpublica\/wp-content\/uploads\/2022\/07\/Informe-Programa-FIFA-COVID-19-2021.pdf\" target=\"_blank\">Informe de los auditores independientes sobre el cumplimiento por parte de la Federaci\u00f3n Nacional de Futbol al Reglamento de la Fase 3 del Plan de Apoyo de la FIFA COVID-19<br>(Per\u00edodo del 1 de enero al 31 de diciembre 2021)<\/a><\/td><\/tr><tr><td><a href=\"https:\/\/fedefutguate.gt\/informacionpublica\/wp-content\/uploads\/2022\/07\/Informe-de-cumplimiento-de-obligaciones-tributarias-FEDEFUT-2021.pdf\" target=\"_blank\" rel=\"noreferrer noopener\"><img loading=\"lazy\" decoding=\"async\" width=\"50\" height=\"58\" class=\"wp-image-266\" style=\"width: 50px;\" src=\"https:\/\/fedefutguate.gt\/informacionpublica\/wp-content\/uploads\/2022\/02\/pngaaa.com-2621310.png\" alt=\"\"><\/a><\/td><td><a rel=\"noreferrer noopener\" href=\"https:\/\/fedefutguate.gt\/informacionpublica\/wp-content\/uploads\/2022\/07\/Informe-de-cumplimiento-de-obligaciones-tributarias-FEDEFUT-2021.pdf\" target=\"_blank\">Informe de los auditores independientes<\/a><a href=\"https:\/\/fedefutguate.gt\/informacionpublica\/wp-content\/uploads\/2022\/07\/Informe-de-cumplimiento-de-obligaciones-tributarias-FEDEFUT-2021.pdf\" target=\"_blank\" rel=\"noreferrer noopener\"> <\/a><a rel=\"noreferrer noopener\" href=\"https:\/\/fedefutguate.gt\/informacionpublica\/wp-content\/uploads\/2022\/07\/Informe-de-cumplimiento-de-obligaciones-tributarias-FEDEFUT-2021.pdf\" target=\"_blank\">sobre el cumplimiento de la Federaci\u00f3n Nacional de Futbol de Guatemala a las obligaciones tributarias establecidas en el Decreto 10-2012 \u201cLey de Actualizaci\u00f3n Tributaria\u201d y sus reformas y otras que sean aplicables<br>(Per\u00edodo del 1 de enero al 31 de diciembre 2021)<\/a><\/td><\/tr><tr><td><a href=\"https:\/\/fedefutguate.gt\/informacionpublica\/wp-content\/uploads\/2022\/08\/Justificacion-Tecnica-JULIO.pdf\" target=\"_blank\" rel=\"noreferrer noopener\"><img loading=\"lazy\" decoding=\"async\" width=\"50\" height=\"58\" class=\"wp-image-266\" style=\"width: 50px;\" src=\"https:\/\/fedefutguate.gt\/informacionpublica\/wp-content\/uploads\/2022\/02\/pngaaa.com-2621310.png\" alt=\"\"><\/a><\/td><td><a href=\"https:\/\/fedefutguate.gt\/informacionpublica\/wp-content\/uploads\/2022\/08\/Justificacion-Tecnica-JULIO.pdf\" target=\"_blank\" rel=\"noreferrer noopener\">OF-FNFG-DF-611-2022\/byis  (Justificaci\u00f3n T\u00e9cnica JULIO 2022) <\/a><\/td><\/tr><tr><td><a href=\"https:\/\/fedefutguate.gt\/informacionpublica\/wp-content\/uploads\/2022\/09\/Justificacion-Tecnica-AGOSTO.pdf\" target=\"_blank\" rel=\"noreferrer noopener\"><img loading=\"lazy\" decoding=\"async\" width=\"50\" height=\"58\" class=\"wp-image-266\" style=\"width: 50px;\" src=\"https:\/\/fedefutguate.gt\/informacionpublica\/wp-content\/uploads\/2022\/02\/pngaaa.com-2621310.png\" alt=\"\"><\/a><\/td><td><a href=\"https:\/\/fedefutguate.gt\/informacionpublica\/wp-content\/uploads\/2022\/09\/Justificacion-Tecnica-AGOSTO.pdf\" target=\"_blank\" rel=\"noreferrer noopener\">OF-FNFG-DF-1516-2022\/byis (Justificaci\u00f3n T\u00e9cnica AGOSTO 2022)<\/a><\/td><\/tr><tr><td><a href=\"https:\/\/fedefutguate.gt\/informacionpublica\/wp-content\/uploads\/2022\/10\/Justificacion-Tecnica-SEPTIEMBRE.pdf\" target=\"_blank\" rel=\"noreferrer noopener\"><img loading=\"lazy\" decoding=\"async\" width=\"50\" height=\"58\" class=\"wp-image-266\" style=\"width: 50px;\" src=\"https:\/\/fedefutguate.gt\/informacionpublica\/wp-content\/uploads\/2022\/02\/pngaaa.com-2621310.png\" alt=\"\"><\/a><\/td><td><a href=\"https:\/\/fedefutguate.gt\/informacionpublica\/wp-content\/uploads\/2022\/10\/Justificacion-Tecnica-SEPTIEMBRE.pdf\" target=\"_blank\" rel=\"noreferrer noopener\">OF-FNFG-DF-1632-2022\/byis (Justificaci\u00f3n T\u00e9cnica SEPTIEMBRE 2022)<\/a><\/td><\/tr><tr><td><a href=\"https:\/\/fedefutguate.gt\/informacionpublica\/wp-content\/uploads\/2022\/12\/Compras-Directas-NOVIEMBRE-2022.pdf\"><img loading=\"lazy\" decoding=\"async\" width=\"50\" height=\"58\" class=\"wp-image-266\" style=\"width: 50px;\" src=\"https:\/\/fedefutguate.gt\/informacionpublica\/wp-content\/uploads\/2022\/02\/pngaaa.com-2621310.png\" alt=\"\"><\/a><\/td><td><a href=\"https:\/\/fedefutguate.gt\/informacionpublica\/wp-content\/uploads\/2022\/11\/Evaluacion-de-Control-en-el-area-de-presupuesto-distribucion-y-cumplimiento-del-20-30-y-50.pdf\" target=\"_blank\" rel=\"noreferrer noopener\">Evaluaci\u00f3n de Control en el \u00c1rea de Presupuesto, Distribuci\u00f3n y Cumplimiento del 20%, 30% y 50% (01 de septiembre al 31 de diciembre 2021)<\/a><\/td><\/tr><tr><td><a href=\"https:\/\/fedefutguate.gt\/informacionpublica\/wp-content\/uploads\/2022\/12\/Justificacion-Tecnica-NOVIEMBRE.pdf\" target=\"_blank\" rel=\"noreferrer noopener\"><img loading=\"lazy\" decoding=\"async\" width=\"50\" height=\"58\" class=\"wp-image-266\" style=\"width: 50px;\" src=\"https:\/\/fedefutguate.gt\/informacionpublica\/wp-content\/uploads\/2022\/02\/pngaaa.com-2621310.png\" alt=\"\"><\/a><\/td><td><a href=\"https:\/\/fedefutguate.gt\/informacionpublica\/wp-content\/uploads\/2022\/12\/Justificacion-Tecnica-NOVIEMBRE.pdf\" target=\"_blank\" rel=\"noreferrer noopener\">OF-FNFG-DF-1999-2022\/byis (Justificaci\u00f3n T\u00e9cnica NOVIEMBRE 2022)<\/a><\/td><\/tr><tr><td><a href=\"https:\/\/fedefutguate.gt\/informacionpublica\/wp-content\/uploads\/2023\/01\/EVALUACION-DE-CONTROL-INTERNO-en-el-area-de-Presupuesto-Distribucion-y-Cumplimiento-del-20-30-y-50-01-de-enero-al-30-de-junio-de-2022.pdf\" target=\"_blank\" rel=\"noreferrer noopener\"><img loading=\"lazy\" decoding=\"async\" width=\"50\" height=\"58\" class=\"wp-image-266\" style=\"width: 50px;\" src=\"https:\/\/fedefutguate.gt\/informacionpublica\/wp-content\/uploads\/2022\/02\/pngaaa.com-2621310.png\" alt=\"\"><\/a><\/td><td><a href=\"https:\/\/fedefutguate.gt\/informacionpublica\/wp-content\/uploads\/2023\/01\/EVALUACION-DE-CONTROL-INTERNO-en-el-area-de-Presupuesto-Distribucion-y-Cumplimiento-del-20-30-y-50-01-de-enero-al-30-de-junio-de-2022.pdf\" target=\"_blank\" rel=\"noreferrer noopener\">EVALUACI\u00d3N DE CONTROL INTERNO en el \u00e1rea de Presupuesto, Distribuci\u00f3n y Cumplimiento del 20%, 30% y 50% (01 de enero al 30 de junio de 2022)<\/a><\/td><\/tr><\/tbody><\/table><\/figure>\n\n\n\n<p><\/p>\n","protected":false},"excerpt":{"rendered":"<p>Los informes finales de las auditorias gubernamentales o privadas practicadas a los sujetos obligados, conforme a los per\u00edodos de revisi\u00f3n correspondientes. Art\u00edculo 10, numeral 23 de la Ley de Acceso a la Informaci\u00f3n P\u00fablica. Informe de Auditor\u00eda del Examen Especial de Auditor\u00eda, con Seguridad Razonable, Control Interno en el \u00c1rea de Presupuesto, Distribuci\u00f3n y Cumplimiento &#8230; <a title=\"INFORMES FINALES DE LAS AUDITOR\u00cdAS GUBERNAMENTALES O PRIVADAS\" class=\"read-more\" href=\"https:\/\/fedefutguate.gt\/informacionpublica\/informes-de-auditorias-gubernamentales-o-privadas\/\" aria-label=\"Read more about INFORMES FINALES DE LAS AUDITOR\u00cdAS GUBERNAMENTALES O PRIVADAS\">Read more<\/a><\/p>\n","protected":false},"author":1,"featured_media":0,"parent":0,"menu_order":0,"comment_status":"closed","ping_status":"closed","template":"","meta":{"footnotes":""},"class_list":["post-361","page","type-page","status-publish"],"_links":{"self":[{"href":"https:\/\/fedefutguate.gt\/informacionpublica\/wp-json\/wp\/v2\/pages\/361","targetHints":{"allow":["GET"]}}],"collection":[{"href":"https:\/\/fedefutguate.gt\/informacionpublica\/wp-json\/wp\/v2\/pages"}],"about":[{"href":"https:\/\/fedefutguate.gt\/informacionpublica\/wp-json\/wp\/v2\/types\/page"}],"author":[{"embeddable":true,"href":"https:\/\/fedefutguate.gt\/informacionpublica\/wp-json\/wp\/v2\/users\/1"}],"replies":[{"embeddable":true,"href":"https:\/\/fedefutguate.gt\/informacionpublica\/wp-json\/wp\/v2\/comments?post=361"}],"version-history":[{"count":29,"href":"https:\/\/fedefutguate.gt\/informacionpublica\/wp-json\/wp\/v2\/pages\/361\/revisions"}],"predecessor-version":[{"id":2208,"href":"https:\/\/fedefutguate.gt\/informacionpublica\/wp-json\/wp\/v2\/pages\/361\/revisions\/2208"}],"wp:attachment":[{"href":"https:\/\/fedefutguate.gt\/informacionpublica\/wp-json\/wp\/v2\/media?parent=361"}],"curies":[{"name":"wp","href":"https:\/\/api.w.org\/{rel}","templated":true}]}}