{"id":364,"date":"2022-02-09T18:04:33","date_gmt":"2022-02-09T17:04:33","guid":{"rendered":"https:\/\/fedefutguate.gt\/informacionpublica\/?page_id=364"},"modified":"2023-02-08T20:43:13","modified_gmt":"2023-02-08T19:43:13","slug":"publicacion-de-informe-sobre-el-funcionamiento-y-finalidad-del-archivo","status":"publish","type":"page","link":"https:\/\/fedefutguate.gt\/informacionpublica\/publicacion-de-informe-sobre-el-funcionamiento-y-finalidad-del-archivo\/","title":{"rendered":"PUBLICACI\u00d3N DE INFORME SOBRE EL FUNCIONAMIENTO Y FINALIDAD DEL ARCHIVO"},"content":{"rendered":"\n<p class=\"has-contrast-2-color has-text-color\">Los responsables de los archivos de cada uno de los sujetos obligados deber\u00e1n publicar, por lo menos una vez al a\u00f1o, y a trav\u00e9s del Diario de Centro Am\u00e9rica, un informe sobre; el funcionamiento y finalidad del archivo, sus sistemas de registro y categor\u00edas de informaci\u00f3n, los procedimientos y facilidades de acceso al archivo.<\/p>\n\n\n\n<p class=\"has-contrast-3-color has-text-color\">Art\u00edculo 10, numeral 26 de la Ley de Acceso a la Informaci\u00f3n P\u00fablica.<\/p>\n\n\n\n<figure class=\"wp-block-table is-style-stripes has-medium-font-size\"><table><tbody><tr><td class=\"has-text-align-right\" data-align=\"right\"><a href=\"https:\/\/fedefutguate.gt\/informacionpublica\/wp-content\/uploads\/2022\/02\/26-EDICTO-FUNCIONAMIENTO-Y-FINALIDAD-ARCHIVO-FEDEFUT-VIGENTE-PARA-EL-ANO-2022.pdf\" target=\"_blank\" rel=\"noreferrer noopener\"><img loading=\"lazy\" decoding=\"async\" width=\"50\" height=\"58\" class=\"wp-image-266\" style=\"width: 50px;\" src=\"https:\/\/fedefutguate.gt\/informacionpublica\/wp-content\/uploads\/2022\/02\/pngaaa.com-2621310.png\" alt=\"\"><\/a><\/td><td><a rel=\"noreferrer noopener\" href=\"https:\/\/fedefutguate.gt\/informacionpublica\/wp-content\/uploads\/2022\/02\/26-EDICTO-FUNCIONAMIENTO-Y-FINALIDAD-ARCHIVO-FEDEFUT-VIGENTE-PARA-EL-ANO-2022.pdf\" target=\"_blank\">EDICTO sobre Funcionamiento y Finalidad del Archivo de la Federaci\u00f3n Nacional de F\u00fatbol de Guatemala<\/a><a rel=\"noreferrer noopener\" href=\"https:\/\/fedefutguate.gt\/informacionpublica\/wp-content\/uploads\/2022\/02\/26-EDICTO-FUNCIONAMIENTO-Y-FINALIDAD-ARCHIVO-FEDEFUT-VIGENTE-PARA-EL-ANO-2022.pdf\" target=\"_blank\"> <\/a><a rel=\"noreferrer noopener\" href=\"https:\/\/fedefutguate.gt\/informacionpublica\/wp-content\/uploads\/2022\/02\/26-EDICTO-FUNCIONAMIENTO-Y-FINALIDAD-ARCHIVO-FEDEFUT-VIGENTE-PARA-EL-ANO-2022.pdf\" target=\"_blank\"> <\/a><a rel=\"noreferrer noopener\" href=\"https:\/\/fedefutguate.gt\/informacionpublica\/wp-content\/uploads\/2022\/02\/26-EDICTO-FUNCIONAMIENTO-Y-FINALIDAD-ARCHIVO-FEDEFUT-VIGENTE-PARA-EL-ANO-2022.pdf\" target=\"_blank\"> <\/a><a rel=\"noreferrer noopener\" href=\"https:\/\/fedefutguate.gt\/informacionpublica\/wp-content\/uploads\/2022\/02\/26-EDICTO-FUNCIONAMIENTO-Y-FINALIDAD-ARCHIVO-FEDEFUT-VIGENTE-PARA-EL-ANO-2022.pdf\" target=\"_blank\"> <\/a><a rel=\"noreferrer noopener\" href=\"https:\/\/fedefutguate.gt\/informacionpublica\/wp-content\/uploads\/2022\/02\/26-EDICTO-FUNCIONAMIENTO-Y-FINALIDAD-ARCHIVO-FEDEFUT-VIGENTE-PARA-EL-ANO-2022.pdf\" target=\"_blank\"> <\/a><a rel=\"noreferrer noopener\" href=\"https:\/\/fedefutguate.gt\/informacionpublica\/wp-content\/uploads\/2022\/02\/26-EDICTO-FUNCIONAMIENTO-Y-FINALIDAD-ARCHIVO-FEDEFUT-VIGENTE-PARA-EL-ANO-2022.pdf\" target=\"_blank\"> <\/a><a rel=\"noreferrer noopener\" href=\"https:\/\/fedefutguate.gt\/informacionpublica\/wp-content\/uploads\/2022\/02\/26-EDICTO-FUNCIONAMIENTO-Y-FINALIDAD-ARCHIVO-FEDEFUT-VIGENTE-PARA-EL-ANO-2022.pdf\" target=\"_blank\"> <\/a><a rel=\"noreferrer noopener\" href=\"https:\/\/fedefutguate.gt\/informacionpublica\/wp-content\/uploads\/2022\/02\/26-EDICTO-FUNCIONAMIENTO-Y-FINALIDAD-ARCHIVO-FEDEFUT-VIGENTE-PARA-EL-ANO-2022.pdf\" target=\"_blank\"> <\/a><a rel=\"noreferrer noopener\" href=\"https:\/\/fedefutguate.gt\/informacionpublica\/wp-content\/uploads\/2022\/02\/26-EDICTO-FUNCIONAMIENTO-Y-FINALIDAD-ARCHIVO-FEDEFUT-VIGENTE-PARA-EL-ANO-2022.pdf\" target=\"_blank\"> <\/a><a rel=\"noreferrer noopener\" href=\"https:\/\/fedefutguate.gt\/informacionpublica\/wp-content\/uploads\/2022\/02\/26-EDICTO-FUNCIONAMIENTO-Y-FINALIDAD-ARCHIVO-FEDEFUT-VIGENTE-PARA-EL-ANO-2022.pdf\" target=\"_blank\"> <\/a><a rel=\"noreferrer noopener\" href=\"https:\/\/fedefutguate.gt\/informacionpublica\/wp-content\/uploads\/2022\/02\/26-EDICTO-FUNCIONAMIENTO-Y-FINALIDAD-ARCHIVO-FEDEFUT-VIGENTE-PARA-EL-ANO-2022.pdf\" target=\"_blank\"> <\/a><a rel=\"noreferrer noopener\" href=\"https:\/\/fedefutguate.gt\/informacionpublica\/wp-content\/uploads\/2022\/02\/26-EDICTO-FUNCIONAMIENTO-Y-FINALIDAD-ARCHIVO-FEDEFUT-VIGENTE-PARA-EL-ANO-2022.pdf\" target=\"_blank\"> <\/a><a rel=\"noreferrer noopener\" href=\"https:\/\/fedefutguate.gt\/informacionpublica\/wp-content\/uploads\/2022\/02\/26-EDICTO-FUNCIONAMIENTO-Y-FINALIDAD-ARCHIVO-FEDEFUT-VIGENTE-PARA-EL-ANO-2022.pdf\" target=\"_blank\"> <\/a><a rel=\"noreferrer noopener\" href=\"https:\/\/fedefutguate.gt\/informacionpublica\/wp-content\/uploads\/2022\/02\/26-EDICTO-FUNCIONAMIENTO-Y-FINALIDAD-ARCHIVO-FEDEFUT-VIGENTE-PARA-EL-ANO-2022.pdf\" target=\"_blank\"> <\/a><a rel=\"noreferrer noopener\" href=\"https:\/\/fedefutguate.gt\/informacionpublica\/wp-content\/uploads\/2022\/02\/26-EDICTO-FUNCIONAMIENTO-Y-FINALIDAD-ARCHIVO-FEDEFUT-VIGENTE-PARA-EL-ANO-2022.pdf\" target=\"_blank\"> <\/a><a rel=\"noreferrer noopener\" href=\"https:\/\/fedefutguate.gt\/informacionpublica\/wp-content\/uploads\/2022\/02\/26-EDICTO-FUNCIONAMIENTO-Y-FINALIDAD-ARCHIVO-FEDEFUT-VIGENTE-PARA-EL-ANO-2022.pdf\" target=\"_blank\"> <\/a><a rel=\"noreferrer noopener\" href=\"https:\/\/fedefutguate.gt\/informacionpublica\/wp-content\/uploads\/2022\/02\/26-EDICTO-FUNCIONAMIENTO-Y-FINALIDAD-ARCHIVO-FEDEFUT-VIGENTE-PARA-EL-ANO-2022.pdf\" target=\"_blank\"> <\/a><a href=\"https:\/\/fedefutguate.gt\/informacionpublica\/wp-content\/uploads\/2022\/02\/26-EDICTO-FUNCIONAMIENTO-Y-FINALIDAD-ARCHIVO-FEDEFUT-VIGENTE-PARA-EL-ANO-2022.pdf\" target=\"_blank\" rel=\"noreferrer noopener\"> <\/a><a rel=\"noreferrer noopener\" href=\"https:\/\/fedefutguate.gt\/informacionpublica\/wp-content\/uploads\/2022\/02\/26-EDICTO-FUNCIONAMIENTO-Y-FINALIDAD-ARCHIVO-FEDEFUT-VIGENTE-PARA-EL-ANO-2022.pdf\" target=\"_blank\"> (Vigente para el a\u00f1o 2022)<\/a><\/td><\/tr><\/tbody><\/table><\/figure>\n\n\n\n<p><\/p>\n","protected":false},"excerpt":{"rendered":"<p>Los responsables de los archivos de cada uno de los sujetos obligados deber\u00e1n publicar, por lo menos una vez al a\u00f1o, y a trav\u00e9s del Diario de Centro Am\u00e9rica, un informe sobre; el funcionamiento y finalidad del archivo, sus sistemas de registro y categor\u00edas de informaci\u00f3n, los procedimientos y facilidades de acceso al archivo. Art\u00edculo &#8230; <a title=\"PUBLICACI\u00d3N DE INFORME SOBRE EL FUNCIONAMIENTO Y FINALIDAD DEL ARCHIVO\" class=\"read-more\" href=\"https:\/\/fedefutguate.gt\/informacionpublica\/publicacion-de-informe-sobre-el-funcionamiento-y-finalidad-del-archivo\/\" aria-label=\"Read more about PUBLICACI\u00d3N DE INFORME SOBRE EL FUNCIONAMIENTO Y FINALIDAD DEL ARCHIVO\">Read more<\/a><\/p>\n","protected":false},"author":1,"featured_media":0,"parent":0,"menu_order":0,"comment_status":"closed","ping_status":"closed","template":"","meta":{"footnotes":""},"class_list":["post-364","page","type-page","status-publish"],"_links":{"self":[{"href":"https:\/\/fedefutguate.gt\/informacionpublica\/wp-json\/wp\/v2\/pages\/364","targetHints":{"allow":["GET"]}}],"collection":[{"href":"https:\/\/fedefutguate.gt\/informacionpublica\/wp-json\/wp\/v2\/pages"}],"about":[{"href":"https:\/\/fedefutguate.gt\/informacionpublica\/wp-json\/wp\/v2\/types\/page"}],"author":[{"embeddable":true,"href":"https:\/\/fedefutguate.gt\/informacionpublica\/wp-json\/wp\/v2\/users\/1"}],"replies":[{"embeddable":true,"href":"https:\/\/fedefutguate.gt\/informacionpublica\/wp-json\/wp\/v2\/comments?post=364"}],"version-history":[{"count":4,"href":"https:\/\/fedefutguate.gt\/informacionpublica\/wp-json\/wp\/v2\/pages\/364\/revisions"}],"predecessor-version":[{"id":2205,"href":"https:\/\/fedefutguate.gt\/informacionpublica\/wp-json\/wp\/v2\/pages\/364\/revisions\/2205"}],"wp:attachment":[{"href":"https:\/\/fedefutguate.gt\/informacionpublica\/wp-json\/wp\/v2\/media?parent=364"}],"curies":[{"name":"wp","href":"https:\/\/api.w.org\/{rel}","templated":true}]}}