{"id":366,"date":"2022-02-09T18:04:15","date_gmt":"2022-02-09T17:04:15","guid":{"rendered":"https:\/\/fedefutguate.gt\/informacionpublica\/?page_id=366"},"modified":"2023-02-08T20:43:02","modified_gmt":"2023-02-08T19:43:02","slug":"datos-relacionados-con-la-pertenencia-sociolinguistica-de-los-usuarios-de-sus-servicios","status":"publish","type":"page","link":"https:\/\/fedefutguate.gt\/informacionpublica\/datos-relacionados-con-la-pertenencia-sociolinguistica-de-los-usuarios-de-sus-servicios\/","title":{"rendered":"DATOS RELACIONADOS CON LA PERTENENCIA SOCIOLING\u00dc\u00cdSTICA DE LOS USUARIOS DE SUS SERVICIOS"},"content":{"rendered":"\n<p class=\"has-contrast-2-color has-text-color\">Las entidades e instituciones del Estado deber\u00e1n mantener informe actualizado sobre los datos relacionados con la pertenencia socioling\u00fc\u00edstica de los usuarios de sus servicios, a efecto de adecuar la prestaci\u00f3n de los mismos.<\/p>\n\n\n\n<p>Art\u00edculo 10, numeral 28 de la Ley de Acceso a la Informaci\u00f3n P\u00fablica.<\/p>\n\n\n\n<figure class=\"wp-block-table is-style-stripes\"><table><tbody><tr><td class=\"has-text-align-right\" data-align=\"right\"><a href=\"https:\/\/fedefutguate.gt\/informacionpublica\/wp-content\/uploads\/2022\/03\/INFORME-DE-PERTENENCIA-SOCIOLINGUISTICA-ENERO-2022-1.pdf\" target=\"_blank\" rel=\"noreferrer noopener\"><img loading=\"lazy\" decoding=\"async\" width=\"50\" height=\"58\" class=\"wp-image-266\" style=\"width: 50px;\" src=\"https:\/\/fedefutguate.gt\/informacionpublica\/wp-content\/uploads\/2022\/02\/pngaaa.com-2621310.png\" alt=\"\"><\/a><\/td><td><a href=\"https:\/\/fedefutguate.gt\/informacionpublica\/wp-content\/uploads\/2022\/03\/INFORME-DE-PERTENENCIA-SOCIOLINGUISTICA-ENERO-2022-1.pdf\" target=\"_blank\" rel=\"noreferrer noopener\">INFORME DE PERTENENCIA SOCIOLING\u00dc\u00cdSTICA (ENERO 2022)<\/a><\/td><\/tr><\/tbody><\/table><\/figure>\n\n\n\n<figure class=\"wp-block-table is-style-stripes\"><table><tbody><tr><td class=\"has-text-align-right\" data-align=\"right\"><a href=\"https:\/\/fedefutguate.gt\/informacionpublica\/wp-content\/uploads\/2022\/03\/Informe-de-Pertenencia-Sociolinguistica-FEBRERO-2022.pdf\" target=\"_blank\" rel=\"noreferrer noopener\"><img loading=\"lazy\" decoding=\"async\" width=\"50\" height=\"58\" class=\"wp-image-266\" style=\"width: 50px;\" src=\"https:\/\/fedefutguate.gt\/informacionpublica\/wp-content\/uploads\/2022\/02\/pngaaa.com-2621310.png\" alt=\"\"><\/a><\/td><td><a href=\"https:\/\/fedefutguate.gt\/informacionpublica\/wp-content\/uploads\/2022\/03\/Informe-de-Pertenencia-Sociolinguistica-FEBRERO-2022.pdf\" target=\"_blank\" rel=\"noreferrer noopener\">INFORME DE PERTENENCIA SOCIOLING\u00dc\u00cdSTICA (FEBRERO 2022)<\/a><\/td><\/tr><\/tbody><\/table><\/figure>\n\n\n\n<figure class=\"wp-block-table is-style-stripes\"><table><tbody><tr><td class=\"has-text-align-right\" data-align=\"right\"><a href=\"https:\/\/fedefutguate.gt\/informacionpublica\/wp-content\/uploads\/2022\/04\/Informe-de-Pertenencia-Sociolinguistica-MARZO-2022-3.pdf\" target=\"_blank\" rel=\"noreferrer noopener\"><img loading=\"lazy\" decoding=\"async\" width=\"50\" height=\"58\" class=\"wp-image-266\" style=\"width: 50px;\" src=\"https:\/\/fedefutguate.gt\/informacionpublica\/wp-content\/uploads\/2022\/02\/pngaaa.com-2621310.png\" alt=\"\"><\/a><\/td><td><a href=\"https:\/\/fedefutguate.gt\/informacionpublica\/wp-content\/uploads\/2022\/04\/Informe-de-Pertenencia-Sociolinguistica-MARZO-2022-3.pdf\" target=\"_blank\" rel=\"noreferrer noopener\">INFORME DE PERTENENCIA SOCIOLING\u00dc\u00cdSTICA (MARZO 2022)<\/a><\/td><\/tr><\/tbody><\/table><\/figure>\n\n\n\n<figure class=\"wp-block-table is-style-stripes\"><table><tbody><tr><td class=\"has-text-align-right\" data-align=\"right\"><a href=\"https:\/\/fedefutguate.gt\/informacionpublica\/wp-content\/uploads\/2022\/05\/Informe-de-Pertenencia-Sociolinguistica-ABRIL-2022.pdf\" target=\"_blank\" rel=\"noreferrer noopener\"><img loading=\"lazy\" decoding=\"async\" width=\"50\" height=\"58\" class=\"wp-image-266\" style=\"width: 50px;\" src=\"https:\/\/fedefutguate.gt\/informacionpublica\/wp-content\/uploads\/2022\/02\/pngaaa.com-2621310.png\" alt=\"\"><\/a><\/td><td><a href=\"https:\/\/fedefutguate.gt\/informacionpublica\/wp-content\/uploads\/2022\/05\/Informe-de-Pertenencia-Sociolinguistica-ABRIL-2022.pdf\" target=\"_blank\" rel=\"noreferrer noopener\">INFORME DE PERTENENCIA SOCIOLING\u00dc\u00cdSTICA (ABRIL 2022)<\/a><\/td><\/tr><\/tbody><\/table><\/figure>\n\n\n\n<figure class=\"wp-block-table is-style-stripes\"><table><tbody><tr><td class=\"has-text-align-right\" data-align=\"right\"><a href=\"https:\/\/fedefutguate.gt\/informacionpublica\/wp-content\/uploads\/2022\/06\/Informe-de-Pertenencia-Sociolinguistica-MAYO-2022.pdf\" target=\"_blank\" rel=\"noreferrer noopener\"><img loading=\"lazy\" decoding=\"async\" width=\"50\" height=\"58\" class=\"wp-image-266\" style=\"width: 50px;\" src=\"https:\/\/fedefutguate.gt\/informacionpublica\/wp-content\/uploads\/2022\/02\/pngaaa.com-2621310.png\" alt=\"\"><\/a><\/td><td><a href=\"https:\/\/fedefutguate.gt\/informacionpublica\/wp-content\/uploads\/2022\/06\/Informe-de-Pertenencia-Sociolinguistica-MAYO-2022.pdf\" target=\"_blank\" rel=\"noreferrer noopener\">INFORME DE PERTENENCIA SOCIOLING\u00dc\u00cdSTICA (MAYO 2022)<\/a><\/td><\/tr><\/tbody><\/table><\/figure>\n\n\n\n<figure class=\"wp-block-table is-style-stripes\"><table><tbody><tr><td class=\"has-text-align-right\" data-align=\"right\"><a href=\"https:\/\/fedefutguate.gt\/informacionpublica\/wp-content\/uploads\/2022\/07\/Informe-de-Pertenencia-Sociolinguistica-JUNIO-2022.pdf\" target=\"_blank\" rel=\"noreferrer noopener\"><img loading=\"lazy\" decoding=\"async\" width=\"50\" height=\"58\" class=\"wp-image-266\" style=\"width: 50px;\" src=\"https:\/\/fedefutguate.gt\/informacionpublica\/wp-content\/uploads\/2022\/02\/pngaaa.com-2621310.png\" alt=\"\"><\/a><\/td><td><a href=\"https:\/\/fedefutguate.gt\/informacionpublica\/wp-content\/uploads\/2022\/07\/Informe-de-Pertenencia-Sociolinguistica-JUNIO-2022.pdf\" target=\"_blank\" rel=\"noreferrer noopener\">INFORME DE PERTENENCIA SOCIOLING\u00dc\u00cdSTICA (JUNIO 2022)<\/a><\/td><\/tr><\/tbody><\/table><\/figure>\n\n\n\n<figure class=\"wp-block-table is-style-stripes\"><table><tbody><tr><td class=\"has-text-align-right\" data-align=\"right\"><a href=\"https:\/\/fedefutguate.gt\/informacionpublica\/wp-content\/uploads\/2022\/08\/INFORME-DE-PERTENENCIA-SOCIOLINGUISTICA-JULIO-2022.pdf\" target=\"_blank\" rel=\"noreferrer noopener\"><img loading=\"lazy\" decoding=\"async\" width=\"50\" height=\"58\" class=\"wp-image-266\" style=\"width: 50px;\" src=\"https:\/\/fedefutguate.gt\/informacionpublica\/wp-content\/uploads\/2022\/02\/pngaaa.com-2621310.png\" alt=\"\"><\/a><\/td><td><a href=\"https:\/\/fedefutguate.gt\/informacionpublica\/wp-content\/uploads\/2022\/08\/INFORME-DE-PERTENENCIA-SOCIOLINGUISTICA-JULIO-2022.pdf\" target=\"_blank\" rel=\"noreferrer noopener\">INFORME DE PERTENENCIA SOCIOLING\u00dc\u00cdSTICA (JULIO 2022)<\/a><\/td><\/tr><\/tbody><\/table><\/figure>\n\n\n\n<figure class=\"wp-block-table is-style-stripes\"><table><tbody><tr><td class=\"has-text-align-right\" data-align=\"right\"><a href=\"https:\/\/fedefutguate.gt\/informacionpublica\/wp-content\/uploads\/2022\/09\/Informe-de-Pertenencia-Sociolinguistica-AGOSTO-2022.pdf\" target=\"_blank\" rel=\"noreferrer noopener\"><img loading=\"lazy\" decoding=\"async\" width=\"50\" height=\"58\" class=\"wp-image-266\" style=\"width: 50px;\" src=\"https:\/\/fedefutguate.gt\/informacionpublica\/wp-content\/uploads\/2022\/02\/pngaaa.com-2621310.png\" alt=\"\"><\/a><\/td><td><a href=\"https:\/\/fedefutguate.gt\/informacionpublica\/wp-content\/uploads\/2022\/09\/Informe-de-Pertenencia-Sociolinguistica-AGOSTO-2022.pdf\" target=\"_blank\" rel=\"noreferrer noopener\">INFORME DE PERTENENCIA SOCIOLING\u00dc\u00cdSTICA (AGOSTO 2022)<\/a><\/td><\/tr><\/tbody><\/table><\/figure>\n\n\n\n<figure class=\"wp-block-table is-style-stripes\"><table><tbody><tr><td class=\"has-text-align-right\" data-align=\"right\"><a href=\"https:\/\/fedefutguate.gt\/informacionpublica\/wp-content\/uploads\/2022\/10\/Informe-de-Pertenencia-Sociolinguistica-SEPTIEMBRE-2022-1.pdf\" target=\"_blank\" rel=\"noreferrer noopener\"><img loading=\"lazy\" decoding=\"async\" width=\"50\" height=\"58\" class=\"wp-image-266\" style=\"width: 50px;\" src=\"https:\/\/fedefutguate.gt\/informacionpublica\/wp-content\/uploads\/2022\/02\/pngaaa.com-2621310.png\" alt=\"\"><\/a><\/td><td><a href=\"https:\/\/fedefutguate.gt\/informacionpublica\/wp-content\/uploads\/2022\/10\/Informe-de-Pertenencia-Sociolinguistica-SEPTIEMBRE-2022-1.pdf\" target=\"_blank\" rel=\"noreferrer noopener\">INFORME DE PERTENENCIA SOCIOLING\u00dc\u00cdSTICA (SEPTIEMBRE 2022)<\/a><\/td><\/tr><\/tbody><\/table><\/figure>\n\n\n\n<figure class=\"wp-block-table is-style-stripes\"><table><tbody><tr><td class=\"has-text-align-right\" data-align=\"right\"><a href=\"https:\/\/fedefutguate.gt\/informacionpublica\/wp-content\/uploads\/2022\/11\/Informe-de-Pertenencia-Sociolinguistica-OCTUBRE-2022.pdf\" target=\"_blank\" rel=\"noreferrer noopener\"><img loading=\"lazy\" decoding=\"async\" width=\"50\" height=\"58\" class=\"wp-image-266\" style=\"width: 50px;\" src=\"https:\/\/fedefutguate.gt\/informacionpublica\/wp-content\/uploads\/2022\/02\/pngaaa.com-2621310.png\" alt=\"\"><\/a><\/td><td><a href=\"https:\/\/fedefutguate.gt\/informacionpublica\/wp-content\/uploads\/2022\/11\/Informe-de-Pertenencia-Sociolinguistica-OCTUBRE-2022.pdf\" target=\"_blank\" rel=\"noreferrer noopener\">INFORME DE PERTENENCIA SOCIOLING\u00dc\u00cdSTICA (OCTUBRE 2022)<\/a><\/td><\/tr><\/tbody><\/table><\/figure>\n\n\n\n<figure class=\"wp-block-table is-style-stripes\"><table><tbody><tr><td class=\"has-text-align-right\" data-align=\"right\"><a href=\"https:\/\/fedefutguate.gt\/informacionpublica\/wp-content\/uploads\/2022\/12\/Informe-de-Pertenencia-Sociolinguistica-NOVIEMBRE-2022.pdf\" target=\"_blank\" rel=\"noreferrer noopener\"><img loading=\"lazy\" decoding=\"async\" width=\"50\" height=\"58\" class=\"wp-image-266\" style=\"width: 50px;\" src=\"https:\/\/fedefutguate.gt\/informacionpublica\/wp-content\/uploads\/2022\/02\/pngaaa.com-2621310.png\" alt=\"\"><\/a><\/td><td><a href=\"https:\/\/fedefutguate.gt\/informacionpublica\/wp-content\/uploads\/2022\/12\/Informe-de-Pertenencia-Sociolinguistica-NOVIEMBRE-2022.pdf\" target=\"_blank\" rel=\"noreferrer noopener\">INFORME DE PERTENENCIA SOCIOLING\u00dc\u00cdSTICA (NOVIEMBRE 2022)<\/a><\/td><\/tr><\/tbody><\/table><\/figure>\n\n\n\n<figure class=\"wp-block-table is-style-stripes\"><table><tbody><tr><td class=\"has-text-align-right\" data-align=\"right\"><a href=\"https:\/\/fedefutguate.gt\/informacionpublica\/wp-content\/uploads\/2023\/01\/Informe-de-Pertenencia-Sociolinguistica-DICIEMBRE-2022.pdf\" target=\"_blank\" rel=\"noreferrer noopener\"><img loading=\"lazy\" decoding=\"async\" width=\"50\" height=\"58\" class=\"wp-image-266\" style=\"width: 50px;\" src=\"https:\/\/fedefutguate.gt\/informacionpublica\/wp-content\/uploads\/2022\/02\/pngaaa.com-2621310.png\" alt=\"\"><\/a><\/td><td><a href=\"https:\/\/fedefutguate.gt\/informacionpublica\/wp-content\/uploads\/2023\/01\/Informe-de-Pertenencia-Sociolinguistica-DICIEMBRE-2022.pdf\" target=\"_blank\" rel=\"noreferrer noopener\">INFORME DE PERTENENCIA SOCIOLING\u00dc\u00cdSTICA (DICIEMBRE 2022)<\/a><\/td><\/tr><\/tbody><\/table><\/figure>\n\n\n\n<p><\/p>\n","protected":false},"excerpt":{"rendered":"<p>Las entidades e instituciones del Estado deber\u00e1n mantener informe actualizado sobre los datos relacionados con la pertenencia socioling\u00fc\u00edstica de los usuarios de sus servicios, a efecto de adecuar la prestaci\u00f3n de los mismos. Art\u00edculo 10, numeral 28 de la Ley de Acceso a la Informaci\u00f3n P\u00fablica. INFORME DE PERTENENCIA SOCIOLING\u00dc\u00cdSTICA (ENERO 2022) INFORME DE PERTENENCIA &#8230; <a title=\"DATOS RELACIONADOS CON LA PERTENENCIA SOCIOLING\u00dc\u00cdSTICA DE LOS USUARIOS DE SUS SERVICIOS\" class=\"read-more\" href=\"https:\/\/fedefutguate.gt\/informacionpublica\/datos-relacionados-con-la-pertenencia-sociolinguistica-de-los-usuarios-de-sus-servicios\/\" aria-label=\"Read more about DATOS RELACIONADOS CON LA PERTENENCIA SOCIOLING\u00dc\u00cdSTICA DE LOS USUARIOS DE SUS SERVICIOS\">Read more<\/a><\/p>\n","protected":false},"author":1,"featured_media":0,"parent":0,"menu_order":0,"comment_status":"closed","ping_status":"closed","template":"","meta":{"footnotes":""},"class_list":["post-366","page","type-page","status-publish"],"_links":{"self":[{"href":"https:\/\/fedefutguate.gt\/informacionpublica\/wp-json\/wp\/v2\/pages\/366","targetHints":{"allow":["GET"]}}],"collection":[{"href":"https:\/\/fedefutguate.gt\/informacionpublica\/wp-json\/wp\/v2\/pages"}],"about":[{"href":"https:\/\/fedefutguate.gt\/informacionpublica\/wp-json\/wp\/v2\/types\/page"}],"author":[{"embeddable":true,"href":"https:\/\/fedefutguate.gt\/informacionpublica\/wp-json\/wp\/v2\/users\/1"}],"replies":[{"embeddable":true,"href":"https:\/\/fedefutguate.gt\/informacionpublica\/wp-json\/wp\/v2\/comments?post=366"}],"version-history":[{"count":22,"href":"https:\/\/fedefutguate.gt\/informacionpublica\/wp-json\/wp\/v2\/pages\/366\/revisions"}],"predecessor-version":[{"id":2215,"href":"https:\/\/fedefutguate.gt\/informacionpublica\/wp-json\/wp\/v2\/pages\/366\/revisions\/2215"}],"wp:attachment":[{"href":"https:\/\/fedefutguate.gt\/informacionpublica\/wp-json\/wp\/v2\/media?parent=366"}],"curies":[{"name":"wp","href":"https:\/\/api.w.org\/{rel}","templated":true}]}}