{"id":367,"date":"2022-02-09T18:04:07","date_gmt":"2022-02-09T17:04:07","guid":{"rendered":"https:\/\/fedefutguate.gt\/informacionpublica\/?page_id=367"},"modified":"2023-02-08T20:42:40","modified_gmt":"2023-02-08T19:42:40","slug":"otra-informacion","status":"publish","type":"page","link":"https:\/\/fedefutguate.gt\/informacionpublica\/otra-informacion\/","title":{"rendered":"OTRA INFORMACI\u00d3N QUE SEA DE UTILIDAD O RELEVANCIA"},"content":{"rendered":"\n<p><\/p>\n\n\n\n<p class=\"has-contrast-2-color has-text-color\">Cualquier otra informaci\u00f3n que sea de utilidad o relevancia para cumplir con los fines y objetivos de la Ley de Acceso a la Informaci\u00f3n P\u00fablica (DECRETO 57-2008 DEL CONGRESO DE LA REP\u00daBLICA DE GUATEMALA).<\/p>\n\n\n\n<p>Art\u00edculo 10, numeral 29 de la Ley de Acceso a la Informaci\u00f3n P\u00fablica.<\/p>\n\n\n\n<figure class=\"wp-block-table is-style-stripes\"><table><tbody><tr><td class=\"has-text-align-right\" data-align=\"right\"><a href=\"https:\/\/fedefutguate.gt\/informacionpublica\/wp-content\/uploads\/2022\/02\/ACUERDO-CE-32-2019-ARANCEL-DE-LA-UNIDAD-DE-ACCESO-A-LA-INFORMACION-PUBLICA-DE-LA-FEDEFUT-VIGENTE-2022.pdf\" target=\"_blank\" rel=\"noreferrer noopener\"><img loading=\"lazy\" decoding=\"async\" width=\"50\" height=\"58\" class=\"wp-image-266\" style=\"width: 50px;\" src=\"https:\/\/fedefutguate.gt\/informacionpublica\/wp-content\/uploads\/2022\/02\/pngaaa.com-2621310.png\" alt=\"\"><\/a><\/td><td><a href=\"https:\/\/fedefutguate.gt\/informacionpublica\/wp-content\/uploads\/2022\/02\/ACUERDO-CE-32-2019-ARANCEL-DE-LA-UNIDAD-DE-ACCESO-A-LA-INFORMACION-PUBLICA-DE-LA-FEDEFUT-VIGENTE-2022.pdf\" target=\"_blank\" rel=\"noreferrer noopener\">Acuerdo CE-32-2019 Arancel Informaci\u00f3n P\u00fablica (Vigente para el a\u00f1o 2022)<\/a><\/td><\/tr><tr><td class=\"has-text-align-right\" data-align=\"right\"><a href=\"https:\/\/fedefutguate.gt\/informacionpublica\/wp-content\/uploads\/2022\/02\/ACUERDO-CE-42-2020-Reglamento-Selecciones-Nacionales-VIGENTE-ANO-2022.pdf\" target=\"_blank\" rel=\"noreferrer noopener\"><img loading=\"lazy\" decoding=\"async\" width=\"50\" height=\"58\" class=\"wp-image-266\" style=\"width: 50px;\" src=\"https:\/\/fedefutguate.gt\/informacionpublica\/wp-content\/uploads\/2022\/02\/pngaaa.com-2621310.png\" alt=\"\"><\/a><\/td><td><a href=\"https:\/\/fedefutguate.gt\/informacionpublica\/wp-content\/uploads\/2022\/02\/ACUERDO-CE-42-2020-Reglamento-Selecciones-Nacionales-VIGENTE-ANO-2022.pdf\" target=\"_blank\" rel=\"noreferrer noopener\">Acuerdo CE-042-2020 Reglamento de Selecciones Nacionales (Vigente para el a\u00f1o 2022)<\/a><\/td><\/tr><tr><td class=\"has-text-align-right\" data-align=\"right\"><a href=\"https:\/\/fedefutguate.gt\/informacionpublica\/wp-content\/uploads\/2022\/02\/INTEGRANTES-COMITE-EJECUTIVO-FEDERACION-NACIONAL-DE-FUTBOL-DE-GUATEMALA-scaled.jpg\" target=\"_blank\" rel=\"noreferrer noopener\"><img loading=\"lazy\" decoding=\"async\" width=\"50\" height=\"58\" class=\"wp-image-266\" style=\"width: 50px;\" src=\"https:\/\/fedefutguate.gt\/informacionpublica\/wp-content\/uploads\/2022\/02\/pngaaa.com-2621310.png\" alt=\"\"><\/a><\/td><td><a href=\"https:\/\/fedefutguate.gt\/informacionpublica\/wp-content\/uploads\/2022\/02\/INTEGRANTES-COMITE-EJECUTIVO-FEDERACION-NACIONAL-DE-FUTBOL-DE-GUATEMALA-scaled.jpg\" target=\"_blank\" rel=\"noreferrer noopener\">Integrantes Comit\u00e9 Ejecutivo Federaci\u00f3n Nacional de F\u00fatbol de Guatemala<\/a><\/td><\/tr><tr><td class=\"has-text-align-right\" data-align=\"right\"><a href=\"https:\/\/fedefutguate.gt\/informacionpublica\/wp-content\/uploads\/2022\/04\/COMO-FORMAR-PARTE-DE-LAS-SELECCIONES-NACIONALES.jpeg\" target=\"_blank\" rel=\"noreferrer noopener\"><img loading=\"lazy\" decoding=\"async\" width=\"50\" height=\"58\" class=\"wp-image-266\" style=\"width: 50px;\" src=\"https:\/\/fedefutguate.gt\/informacionpublica\/wp-content\/uploads\/2022\/02\/pngaaa.com-2621310.png\" alt=\"\"><\/a><\/td><td><a href=\"https:\/\/fedefutguate.gt\/informacionpublica\/wp-content\/uploads\/2022\/04\/COMO-FORMAR-PARTE-DE-LAS-SELECCIONES-NACIONALES.jpeg\" target=\"_blank\" rel=\"noreferrer noopener\">\u00bfC\u00f3mo formar parte de las Selecciones Nacionales?<\/a><\/td><\/tr><tr><td class=\"has-text-align-right\" data-align=\"right\"><a href=\"https:\/\/fedefutguate.gt\/informacionpublica\/wp-content\/uploads\/2022\/05\/Acuerdo-CE-021-2022-Codigo-Etico.pdf\" target=\"_blank\" rel=\"noreferrer noopener\"><img loading=\"lazy\" decoding=\"async\" width=\"50\" height=\"58\" class=\"wp-image-266\" style=\"width: 50px;\" src=\"https:\/\/fedefutguate.gt\/informacionpublica\/wp-content\/uploads\/2022\/02\/pngaaa.com-2621310.png\" alt=\"\"><\/a><\/td><td><a href=\"https:\/\/fedefutguate.gt\/informacionpublica\/wp-content\/uploads\/2022\/05\/Acuerdo-CE-021-2022-Codigo-Etico.pdf\" target=\"_blank\" rel=\"noreferrer noopener\">C\u00f3digo \u00c9tico de la Federaci\u00f3n Nacional de F\u00fatbol de Guatemala (Vigente para el a\u00f1o 2022)<\/a><\/td><\/tr><\/tbody><\/table><\/figure>\n\n\n\n<p><\/p>\n","protected":false},"excerpt":{"rendered":"<p>Cualquier otra informaci\u00f3n que sea de utilidad o relevancia para cumplir con los fines y objetivos de la Ley de Acceso a la Informaci\u00f3n P\u00fablica (DECRETO 57-2008 DEL CONGRESO DE LA REP\u00daBLICA DE GUATEMALA). Art\u00edculo 10, numeral 29 de la Ley de Acceso a la Informaci\u00f3n P\u00fablica. Acuerdo CE-32-2019 Arancel Informaci\u00f3n P\u00fablica (Vigente para el &#8230; <a title=\"OTRA INFORMACI\u00d3N QUE SEA DE UTILIDAD O RELEVANCIA\" class=\"read-more\" href=\"https:\/\/fedefutguate.gt\/informacionpublica\/otra-informacion\/\" aria-label=\"Read more about OTRA INFORMACI\u00d3N QUE SEA DE UTILIDAD O RELEVANCIA\">Read more<\/a><\/p>\n","protected":false},"author":1,"featured_media":0,"parent":0,"menu_order":0,"comment_status":"closed","ping_status":"closed","template":"","meta":{"footnotes":""},"class_list":["post-367","page","type-page","status-publish"],"_links":{"self":[{"href":"https:\/\/fedefutguate.gt\/informacionpublica\/wp-json\/wp\/v2\/pages\/367","targetHints":{"allow":["GET"]}}],"collection":[{"href":"https:\/\/fedefutguate.gt\/informacionpublica\/wp-json\/wp\/v2\/pages"}],"about":[{"href":"https:\/\/fedefutguate.gt\/informacionpublica\/wp-json\/wp\/v2\/types\/page"}],"author":[{"embeddable":true,"href":"https:\/\/fedefutguate.gt\/informacionpublica\/wp-json\/wp\/v2\/users\/1"}],"replies":[{"embeddable":true,"href":"https:\/\/fedefutguate.gt\/informacionpublica\/wp-json\/wp\/v2\/comments?post=367"}],"version-history":[{"count":7,"href":"https:\/\/fedefutguate.gt\/informacionpublica\/wp-json\/wp\/v2\/pages\/367\/revisions"}],"predecessor-version":[{"id":2202,"href":"https:\/\/fedefutguate.gt\/informacionpublica\/wp-json\/wp\/v2\/pages\/367\/revisions\/2202"}],"wp:attachment":[{"href":"https:\/\/fedefutguate.gt\/informacionpublica\/wp-json\/wp\/v2\/media?parent=367"}],"curies":[{"name":"wp","href":"https:\/\/api.w.org\/{rel}","templated":true}]}}