{"id":3892,"date":"2024-02-06T23:27:45","date_gmt":"2024-02-06T22:27:45","guid":{"rendered":"https:\/\/fedefutguate.gt\/informacionpublica\/?page_id=3892"},"modified":"2024-08-23T16:42:15","modified_gmt":"2024-08-23T14:42:15","slug":"estructura-organica-funciones-y-marco-normativo-2024","status":"publish","type":"page","link":"https:\/\/fedefutguate.gt\/informacionpublica\/estructura-organica-funciones-y-marco-normativo-2024\/","title":{"rendered":"Estructura Org\u00e1nica, Funciones y Marco Normativo -2024-"},"content":{"rendered":"\n<p class=\"has-contrast-2-color has-text-color\">Estructura org\u00e1nica y funciones de cada una de las dependencias y departamentos, incluyendo su marco normativo.<\/p>\n\n\n\n<p>Art\u00edculo 10, numeral 1 de la Ley de Acceso a la Informaci\u00f3n P\u00fablica<\/p>\n\n\n\n<div class=\"wp-block-columns is-layout-flex wp-container-core-columns-is-layout-9d6595d7 wp-block-columns-is-layout-flex\">\n<div class=\"wp-block-column is-layout-flow wp-block-column-is-layout-flow\" style=\"flex-basis:100%\"><\/div>\n<\/div>\n\n\n\n<p><\/p>\n\n\n\n<figure class=\"wp-block-table is-style-stripes has-small-font-size\"><table><tbody><tr><td class=\"has-text-align-right\" data-align=\"right\"><a href=\"https:\/\/fedefutguate.gt\/informacionpublica\/wp-content\/uploads\/2024\/03\/ORGANIGRAMA-VIGENTE-2024.pdf\" target=\"_blank\" rel=\"noreferrer noopener\"><img decoding=\"async\" src=\"https:\/\/fedefutguate.gt\/informacionpublica\/wp-content\/uploads\/2022\/02\/pngaaa.com-2621310.png\" alt=\"\"><\/a><\/td><td><a href=\"https:\/\/fedefutguate.gt\/informacionpublica\/wp-content\/uploads\/2024\/03\/ORGANIGRAMA-VIGENTE-2024.pdf\" target=\"_blank\" rel=\"noreferrer noopener\">ORGANIGRAMA FEDERACI\u00d3N NACIONAL DE F\u00daTBOL DE GUATEMALA (Vigente para el a\u00f1o 2024)<\/a><\/td><\/tr><tr><td class=\"has-text-align-right\" data-align=\"right\"><a href=\"https:\/\/fedefutguate.gt\/informacionpublica\/wp-content\/uploads\/2024\/02\/MIEMBROS-COMITE-EJECUTIVO-ACTUALIZADO.jpg\" target=\"_blank\" rel=\"noreferrer noopener\"><img decoding=\"async\" src=\"https:\/\/fedefutguate.gt\/informacionpublica\/wp-content\/uploads\/2022\/02\/pngaaa.com-2621310.png\" alt=\"\"><\/a><\/td><td><a href=\"https:\/\/fedefutguate.gt\/informacionpublica\/wp-content\/uploads\/2024\/02\/MIEMBROS-COMITE-EJECUTIVO-ACTUALIZADO.jpg\">INTEGRACI\u00d3N COMIT\u00c9 EJECUTIVO DE LA FEDERACI\u00d3N NACIONAL DE F\u00daTBOL DE GUATEMALA (JUNIO 2023-JUNIO 2027)<\/a><\/td><\/tr><tr><td class=\"has-text-align-right\" data-align=\"right\"><a href=\"https:\/\/fedefutguate.gt\/informacionpublica\/wp-content\/uploads\/2022\/02\/2.-Estatutos-Fedefut-Acuerdo-58-2018-CE-CDAG.pdf\" target=\"_blank\" rel=\"noreferrer noopener\"><img loading=\"lazy\" decoding=\"async\" width=\"50\" height=\"58\" class=\"wp-image-266\" style=\"width: 50px;\" src=\"https:\/\/fedefutguate.gt\/informacionpublica\/wp-content\/uploads\/2022\/02\/pngaaa.com-2621310.png\" alt=\"\"><\/a><\/td><td><a href=\"https:\/\/fedefutguate.gt\/informacionpublica\/wp-content\/uploads\/2022\/02\/2.-Estatutos-Fedefut-Acuerdo-58-2018-CE-CDAG.pdf\" target=\"_blank\" rel=\"noreferrer noopener\">ACUERDO N\u00daMERO 58\/2018-CE-CDAG &#8220;ESTATUTOS DE LA FEDERACI\u00d3N NACIONAL DE F\u00daTBOL DE GUATEMALA&#8221; (Vigente hasta el 16 de mayo de 2024)<\/a><\/td><\/tr><tr><td class=\"has-text-align-right\" data-align=\"right\"><a href=\"https:\/\/fedefutguate.gt\/informacionpublica\/wp-content\/uploads\/2024\/06\/ESTATUTOS-FEDEFUT-ACUERDO-84-2024-CE-CDAG-APROBADOS-16-5-24.pdf\"><img loading=\"lazy\" decoding=\"async\" width=\"50\" height=\"58\" class=\"wp-image-266\" style=\"width: 50px;\" src=\"https:\/\/fedefutguate.gt\/informacionpublica\/wp-content\/uploads\/2022\/02\/pngaaa.com-2621310.png\" alt=\"\"><\/a><\/td><td><a href=\"https:\/\/fedefutguate.gt\/informacionpublica\/wp-content\/uploads\/2024\/06\/ESTATUTOS-FEDEFUT-ACUERDO-84-2024-CE-CDAG-APROBADOS-16-5-24.pdf\">ACUERDO N\u00daMERO 84\/2024-CE-CDAG &#8220;ESTATUTOS DE LA FEDERACI\u00d3N NACIONAL DE F\u00daTBOL DE GUATEMALA&#8221; (Vigente desde el 17 de mayo de 2024)<\/a><\/td><\/tr><tr><td class=\"has-text-align-right\" data-align=\"right\"><a href=\"https:\/\/fedefutguate.gt\/informacionpublica\/wp-content\/uploads\/2022\/02\/3.-Ley-Nacional-de-Cultura-Fisica-y-del-Deporte-Decreto-76-97.pdf\" target=\"_blank\" rel=\"noreferrer noopener\"><img loading=\"lazy\" decoding=\"async\" width=\"50\" height=\"58\" class=\"wp-image-266\" style=\"width: 50px;\" src=\"https:\/\/fedefutguate.gt\/informacionpublica\/wp-content\/uploads\/2022\/02\/pngaaa.com-2621310.png\" alt=\"\"><\/a><\/td><td><a href=\"https:\/\/fedefutguate.gt\/informacionpublica\/wp-content\/uploads\/2022\/02\/3.-Ley-Nacional-de-Cultura-Fisica-y-del-Deporte-Decreto-76-97.pdf\" target=\"_blank\" rel=\"noreferrer noopener\">DECRETO 76-97 &#8220;LEY NACIONAL PARA EL DESARROLLO DE LA CULTURA F\u00cdSICA Y DEL DEPORTE&#8221; (Vigente para el a\u00f1o 2024)<\/a><\/td><\/tr><tr><td class=\"has-text-align-right\" data-align=\"right\"><a href=\"https:\/\/fedefutguate.gt\/informacionpublica\/wp-content\/uploads\/2023\/02\/4.-D10-2017-REFORMAS-A-LA-LEY-DEL-DEPORTE-1.pdf\" target=\"_blank\" rel=\"noreferrer noopener\"><img loading=\"lazy\" decoding=\"async\" width=\"50\" height=\"58\" class=\"wp-image-266\" style=\"width: 50px;\" src=\"https:\/\/fedefutguate.gt\/informacionpublica\/wp-content\/uploads\/2022\/02\/pngaaa.com-2621310.png\" alt=\"\"><\/a><\/td><td><a href=\"https:\/\/fedefutguate.gt\/informacionpublica\/wp-content\/uploads\/2023\/02\/4.-D10-2017-REFORMAS-A-LA-LEY-DEL-DEPORTE-1.pdf\" target=\"_blank\" rel=\"noreferrer noopener\">DECRETO 10-2017 &#8220;REFORMA A LA LEY NACIONAL PARA EL DESARROLLO DE LA CULTURA F\u00cdSICA Y EL DEPORTE&#8221; (Vigente para el a\u00f1o 2024) <\/a><\/td><\/tr><tr><td class=\"has-text-align-right\" data-align=\"right\"><a href=\"https:\/\/fedefutguate.gt\/informacionpublica\/wp-content\/uploads\/2024\/03\/MANUAL-DE-PUESTOS-Y-FUNCIONES-ENERO-2024.pdf\" target=\"_blank\" rel=\"noreferrer noopener\"><img loading=\"lazy\" decoding=\"async\" width=\"50\" height=\"58\" class=\"wp-image-266\" style=\"width: 50px;\" src=\"https:\/\/fedefutguate.gt\/informacionpublica\/wp-content\/uploads\/2022\/02\/pngaaa.com-2621310.png\" alt=\"\"><\/a><\/td><td><a href=\"https:\/\/fedefutguate.gt\/informacionpublica\/wp-content\/uploads\/2024\/03\/MANUAL-DE-PUESTOS-Y-FUNCIONES-ENERO-2024.pdf\" target=\"_blank\" rel=\"noreferrer noopener\">MANUAL DE PUESTOS Y FUNCIONES DE LA FEDERACI\u00d3N NACIONAL DE F\u00daTBOL DE GUATEMALA (Vigente para el a\u00f1o 2024)<\/a><\/td><\/tr><tr><td class=\"has-text-align-right\" data-align=\"right\"><a href=\"https:\/\/fedefutguate.gt\/informacionpublica\/wp-content\/uploads\/2024\/02\/MANUAL-CLASE-DE-PUESTOS-Y-ESCALA-DE-SALARIOS-2024.pdf\" target=\"_blank\" rel=\"noreferrer noopener\"><img loading=\"lazy\" decoding=\"async\" width=\"50\" height=\"58\" class=\"wp-image-266\" style=\"width: 50px;\" src=\"https:\/\/fedefutguate.gt\/informacionpublica\/wp-content\/uploads\/2022\/02\/pngaaa.com-2621310.png\" alt=\"\"><\/a><\/td><td><a href=\"https:\/\/fedefutguate.gt\/informacionpublica\/wp-content\/uploads\/2024\/02\/MANUAL-CLASE-DE-PUESTOS-Y-ESCALA-DE-SALARIOS-2024.pdf\" target=\"_blank\" rel=\"noreferrer noopener\">MANUAL DE CLASE DE PUESTOS Y ESCALA DE SALARIOS (Vigente hasta el 29 de febrero de 2024)<\/a><\/td><\/tr><tr><td class=\"has-text-align-right\" data-align=\"right\"><a href=\"https:\/\/fedefutguate.gt\/informacionpublica\/wp-content\/uploads\/2024\/08\/MANUAL-DE-CLASE-DE-PUESTOS-Y-ESCALA-SALARIAL-FEBRERO-1.pdf\"><img loading=\"lazy\" decoding=\"async\" width=\"50\" height=\"58\" class=\"wp-image-266\" style=\"width: 50px;\" src=\"https:\/\/fedefutguate.gt\/informacionpublica\/wp-content\/uploads\/2022\/02\/pngaaa.com-2621310.png\" alt=\"\"><\/a><\/td><td><a href=\"https:\/\/fedefutguate.gt\/informacionpublica\/wp-content\/uploads\/2024\/08\/MANUAL-DE-CLASE-DE-PUESTOS-Y-ESCALA-SALARIAL-FEBRERO-1.pdf\">MANUAL DE CLASE DE PUESTOS Y ESCALA DE SALARIOS (Vigente desde el 01 de marzo de 2024)<\/a><\/td><\/tr><tr><td class=\"has-text-align-right\" data-align=\"right\"><a href=\"https:\/\/fedefutguate.gt\/informacionpublica\/wp-content\/uploads\/2024\/03\/REGLAMENTO-ORGANICO-INTERNO-ENERO-2024.pdf\" target=\"_blank\" rel=\"noreferrer noopener\"><img loading=\"lazy\" decoding=\"async\" width=\"50\" height=\"58\" class=\"wp-image-266\" style=\"width: 50px;\" src=\"https:\/\/fedefutguate.gt\/informacionpublica\/wp-content\/uploads\/2022\/02\/pngaaa.com-2621310.png\" alt=\"\"><\/a><a href=\"https:\/\/fedefutguate.gt\/informacionpublica\/wp-content\/uploads\/2022\/02\/1.-Marco-Legal-FEDEFUT-actualizado-2.pdf\" target=\"_blank\" rel=\"noreferrer noopener\"><\/a><\/td><td><a href=\"https:\/\/fedefutguate.gt\/informacionpublica\/wp-content\/uploads\/2024\/03\/REGLAMENTO-ORGANICO-INTERNO-ENERO-2024.pdf\" target=\"_blank\" rel=\"noreferrer noopener\">REGLAMENTO ORG\u00c1NICO INTERNO -ROI- (Vigente para el a\u00f1o 2024)<\/a><\/td><\/tr><tr><td class=\"has-text-align-right\" data-align=\"right\"><a href=\"https:\/\/fedefutguate.gt\/informacionpublica\/wp-content\/uploads\/2023\/02\/Acuerdo-CE-021-2022-Codigo-Etico-1.pdf\" target=\"_blank\" rel=\"noreferrer noopener\"><img loading=\"lazy\" decoding=\"async\" width=\"50\" height=\"58\" class=\"wp-image-266\" style=\"width: 50px;\" src=\"https:\/\/fedefutguate.gt\/informacionpublica\/wp-content\/uploads\/2022\/02\/pngaaa.com-2621310.png\" alt=\"\"><\/a><\/td><td><a href=\"https:\/\/fedefutguate.gt\/informacionpublica\/wp-content\/uploads\/2023\/02\/Acuerdo-CE-021-2022-Codigo-Etico-1.pdf\" target=\"_blank\" rel=\"noreferrer noopener\">C\u00d3DIGO \u00c9TICO DE LA FEDERACI\u00d3N NACIONAL DE F\u00daTBOL DE GUATEMALA (Vigente para el a\u00f1o 2024)<\/a><\/td><\/tr><tr><td class=\"has-text-align-right\" data-align=\"right\"><a href=\"https:\/\/fedefutguate.gt\/informacionpublica\/wp-content\/uploads\/2022\/02\/ACUERDO-CE-32-2019-ARANCEL-DE-LA-UNIDAD-DE-ACCESO-A-LA-INFORMACION-PUBLICA-DE-LA-FEDEFUT-VIGENTE-2022.pdf\" target=\"_blank\" rel=\"noreferrer noopener\"><img loading=\"lazy\" decoding=\"async\" width=\"50\" height=\"58\" class=\"wp-image-266\" style=\"width: 50px;\" src=\"https:\/\/fedefutguate.gt\/informacionpublica\/wp-content\/uploads\/2022\/02\/pngaaa.com-2621310.png\" alt=\"\"><\/a><\/td><td><a href=\"https:\/\/fedefutguate.gt\/informacionpublica\/wp-content\/uploads\/2022\/02\/ACUERDO-CE-32-2019-ARANCEL-DE-LA-UNIDAD-DE-ACCESO-A-LA-INFORMACION-PUBLICA-DE-LA-FEDEFUT-VIGENTE-2022.pdf\" target=\"_blank\" rel=\"noreferrer noopener\">Acuerdo CE-32-2019 ARANCEL DE INFORMACI\u00d3N P\u00daBLICA (Vigente para el a\u00f1o 2024)<\/a><\/td><\/tr><tr><td class=\"has-text-align-right\" data-align=\"right\"><a href=\"https:\/\/fedefutguate.gt\/informacionpublica\/wp-content\/uploads\/2023\/06\/REGLAMENTO-INTERIOR-DE-TRABAJO-FEDEFUT-2023.pdf\" target=\"_blank\" rel=\"noreferrer noopener\"><img loading=\"lazy\" decoding=\"async\" width=\"50\" height=\"58\" class=\"wp-image-266\" style=\"width: 50px;\" src=\"https:\/\/fedefutguate.gt\/informacionpublica\/wp-content\/uploads\/2022\/02\/pngaaa.com-2621310.png\" alt=\"\"><\/a><\/td><td><a href=\"https:\/\/fedefutguate.gt\/informacionpublica\/wp-content\/uploads\/2023\/06\/REGLAMENTO-INTERIOR-DE-TRABAJO-FEDEFUT-2023.pdf\" target=\"_blank\" rel=\"noreferrer noopener\">REGLAMENTO INTERIOR DE TRABAJO DE LA FEDERACI\u00d3N NACIONAL DE F\u00daTBOL DE GUATEMALA (Vigente para el a\u00f1o 2024)<\/a><\/td><\/tr><tr><td class=\"has-text-align-right\" data-align=\"right\"><a href=\"https:\/\/fedefutguate.gt\/informacionpublica\/wp-content\/uploads\/2023\/06\/REGLAMENTO-CONCESION-DE-LICENCIAS-A-LOS-CLUBES.pdf\" target=\"_blank\" rel=\"noreferrer noopener\"><img loading=\"lazy\" decoding=\"async\" width=\"50\" height=\"58\" class=\"wp-image-266\" style=\"width: 50px;\" src=\"https:\/\/fedefutguate.gt\/informacionpublica\/wp-content\/uploads\/2022\/02\/pngaaa.com-2621310.png\" alt=\"\"><\/a><\/td><td><a href=\"https:\/\/fedefutguate.gt\/informacionpublica\/wp-content\/uploads\/2023\/06\/REGLAMENTO-CONCESION-DE-LICENCIAS-A-LOS-CLUBES.pdf\" target=\"_blank\" rel=\"noreferrer noopener\">REGLAMENTO SOBRE LA CONCESI\u00d3N DE LICENCIAS A LOS CLUBES DE LA FEDERACI\u00d3N NACIONAL DE F\u00daTBOL DE GUATEMALA (Vigente para el a\u00f1o 2024)<\/a><\/td><\/tr><tr><td class=\"has-text-align-right\" data-align=\"right\"><a href=\"https:\/\/fedefutguate.gt\/informacionpublica\/wp-content\/uploads\/2023\/06\/ARANCEL-DE-TRAMITES-Y-GESTIONES-QUE-SE-REALIZAN-EN-LA-DIRECCION-DE-ASUNTOS-JURIDICOS-Y-DEPORTIVOS-DE-LA-FEDEFUT.pdf\" target=\"_blank\" rel=\"noreferrer noopener\"><img loading=\"lazy\" decoding=\"async\" width=\"50\" height=\"58\" class=\"wp-image-266\" style=\"width: 50px;\" src=\"https:\/\/fedefutguate.gt\/informacionpublica\/wp-content\/uploads\/2022\/02\/pngaaa.com-2621310.png\" alt=\"\"><\/a><\/td><td><a href=\"https:\/\/fedefutguate.gt\/informacionpublica\/wp-content\/uploads\/2023\/06\/ARANCEL-DE-TRAMITES-Y-GESTIONES-QUE-SE-REALIZAN-EN-LA-DIRECCION-DE-ASUNTOS-JURIDICOS-Y-DEPORTIVOS-DE-LA-FEDEFUT.pdf\" target=\"_blank\" rel=\"noreferrer noopener\">Arancel de Tr\u00e1mites y Gestiones que se realizan en la Direcci\u00f3n de Asuntos Jur\u00eddicos y Deportivos de la FEDEFUT (Vigente para el a\u00f1o 2024)<\/a><\/td><\/tr><tr><td class=\"has-text-align-right\" data-align=\"right\"><a href=\"https:\/\/fedefutguate.gt\/informacionpublica\/wp-content\/uploads\/2023\/02\/ACUERDO-CE-42-2020-Reglamento-Selecciones-Nacionales-VIGENTE-ANO-2022.pdf\" target=\"_blank\" rel=\"noreferrer noopener\"><img loading=\"lazy\" decoding=\"async\" width=\"50\" height=\"58\" class=\"wp-image-266\" style=\"width: 50px;\" src=\"https:\/\/fedefutguate.gt\/informacionpublica\/wp-content\/uploads\/2022\/02\/pngaaa.com-2621310.png\" alt=\"\"><\/a><\/td><td><a href=\"https:\/\/fedefutguate.gt\/informacionpublica\/wp-content\/uploads\/2023\/02\/ACUERDO-CE-42-2020-Reglamento-Selecciones-Nacionales-VIGENTE-ANO-2022.pdf\" target=\"_blank\" rel=\"noreferrer noopener\">Acuerdo CE-042-2020 Reglamento de Selecciones Nacionales (Vigente para el a\u00f1o 2024)<\/a><a href=\"https:\/\/fedefutguate.gt\/informacionpublica\/wp-content\/uploads\/2023\/06\/ARANCEL-DE-TRAMITES-Y-GESTIONES-QUE-SE-REALIZAN-EN-LA-DIRECCION-DE-ASUNTOS-JURIDICOS-Y-DEPORTIVOS-DE-LA-FEDEFUT.pdf\" target=\"_blank\" rel=\"noreferrer noopener\"><\/a><\/td><\/tr><\/tbody><\/table><\/figure>\n","protected":false},"excerpt":{"rendered":"<p>Estructura org\u00e1nica y funciones de cada una de las dependencias y departamentos, incluyendo su marco normativo. Art\u00edculo 10, numeral 1 de la Ley de Acceso a la Informaci\u00f3n P\u00fablica ORGANIGRAMA FEDERACI\u00d3N NACIONAL DE F\u00daTBOL DE GUATEMALA (Vigente para el a\u00f1o 2024) INTEGRACI\u00d3N COMIT\u00c9 EJECUTIVO DE LA FEDERACI\u00d3N NACIONAL DE F\u00daTBOL DE GUATEMALA (JUNIO 2023-JUNIO 2027) &#8230; <a title=\"Estructura Org\u00e1nica, Funciones y Marco Normativo -2024-\" class=\"read-more\" href=\"https:\/\/fedefutguate.gt\/informacionpublica\/estructura-organica-funciones-y-marco-normativo-2024\/\" aria-label=\"Read more about Estructura Org\u00e1nica, Funciones y Marco Normativo -2024-\">Read more<\/a><\/p>\n","protected":false},"author":1,"featured_media":0,"parent":0,"menu_order":0,"comment_status":"closed","ping_status":"closed","template":"","meta":{"footnotes":""},"class_list":["post-3892","page","type-page","status-publish"],"_links":{"self":[{"href":"https:\/\/fedefutguate.gt\/informacionpublica\/wp-json\/wp\/v2\/pages\/3892","targetHints":{"allow":["GET"]}}],"collection":[{"href":"https:\/\/fedefutguate.gt\/informacionpublica\/wp-json\/wp\/v2\/pages"}],"about":[{"href":"https:\/\/fedefutguate.gt\/informacionpublica\/wp-json\/wp\/v2\/types\/page"}],"author":[{"embeddable":true,"href":"https:\/\/fedefutguate.gt\/informacionpublica\/wp-json\/wp\/v2\/users\/1"}],"replies":[{"embeddable":true,"href":"https:\/\/fedefutguate.gt\/informacionpublica\/wp-json\/wp\/v2\/comments?post=3892"}],"version-history":[{"count":14,"href":"https:\/\/fedefutguate.gt\/informacionpublica\/wp-json\/wp\/v2\/pages\/3892\/revisions"}],"predecessor-version":[{"id":4948,"href":"https:\/\/fedefutguate.gt\/informacionpublica\/wp-json\/wp\/v2\/pages\/3892\/revisions\/4948"}],"wp:attachment":[{"href":"https:\/\/fedefutguate.gt\/informacionpublica\/wp-json\/wp\/v2\/media?parent=3892"}],"curies":[{"name":"wp","href":"https:\/\/api.w.org\/{rel}","templated":true}]}}