{"id":3895,"date":"2024-02-06T23:33:14","date_gmt":"2024-02-06T22:33:14","guid":{"rendered":"https:\/\/fedefutguate.gt\/informacionpublica\/?page_id=3895"},"modified":"2025-01-24T19:05:35","modified_gmt":"2025-01-24T18:05:35","slug":"direcciones-y-telefonos-2024","status":"publish","type":"page","link":"https:\/\/fedefutguate.gt\/informacionpublica\/direcciones-y-telefonos-2024\/","title":{"rendered":"Direcciones y Tel\u00e9fonos -2024-"},"content":{"rendered":"\n<p class=\"has-contrast-2-color has-text-color\">Direcci\u00f3n y tel\u00e9fonos de la entidad y de todas las dependencias que la conforman.<\/p>\n\n\n\n<p>Art\u00edculo 10, numeral 2 de la Ley de Acceso a la Informaci\u00f3n P\u00fablica<\/p>\n\n\n\n<figure class=\"wp-block-table is-style-stripes has-small-font-size\"><table><tbody><tr><td class=\"has-text-align-right\" data-align=\"right\"><a href=\"https:\/\/fedefutguate.gt\/informacionpublica\/wp-content\/uploads\/2024\/02\/Contacto-FEDEFUT.pdf.jpg\" target=\"_blank\" rel=\"noreferrer noopener\"><img loading=\"lazy\" decoding=\"async\" width=\"50\" height=\"58\" class=\"wp-image-266\" style=\"width: 50px;\" src=\"https:\/\/fedefutguate.gt\/informacionpublica\/wp-content\/uploads\/2022\/02\/pngaaa.com-2621310.png\" alt=\"\"><\/a><\/td><td><a href=\"https:\/\/fedefutguate.gt\/informacionpublica\/wp-content\/uploads\/2024\/02\/Contacto-FEDEFUT.pdf.jpg\">Direcci\u00f3n y Tel\u00e9fono Sede Central  de la Federaci\u00f3n Nacional de F\u00fatbol de Guatemala (VIGENTE 2024)<\/a><\/td><\/tr><tr><td class=\"has-text-align-right\" data-align=\"right\"><a href=\"https:\/\/fedefutguate.gt\/informacionpublica\/wp-content\/uploads\/2024\/02\/CONTACTO-COMITE-EJECUTIVO.jpg\" target=\"_blank\" rel=\"noreferrer noopener\"><img loading=\"lazy\" decoding=\"async\" width=\"50\" height=\"58\" class=\"wp-image-266\" style=\"width: 50px;\" src=\"https:\/\/fedefutguate.gt\/informacionpublica\/wp-content\/uploads\/2022\/02\/pngaaa.com-2621310.png\" alt=\"\"><\/a><\/td><td><a href=\"https:\/\/fedefutguate.gt\/informacionpublica\/wp-content\/uploads\/2024\/02\/CONTACTO-COMITE-EJECUTIVO.jpg\" target=\"_blank\" rel=\"noreferrer noopener\">Contacto Comit\u00e9  Ejecutivo de la Federaci\u00f3n Nacional de F\u00fatbol de Guatemala (VIGENTE 2024) <\/a><\/td><\/tr><tr><td class=\"has-text-align-right\" data-align=\"right\"><a href=\"https:\/\/fedefutguate.gt\/informacionpublica\/wp-content\/uploads\/2024\/02\/DIRECTORIO-ASOCIACIONES-DEPORTIVAS-DEPARTAMENTALES-FEDEFUT-2024.pdf\" target=\"_blank\" rel=\"noreferrer noopener\"><img loading=\"lazy\" decoding=\"async\" width=\"50\" height=\"58\" class=\"wp-image-266\" style=\"width: 50px;\" src=\"https:\/\/fedefutguate.gt\/informacionpublica\/wp-content\/uploads\/2022\/02\/pngaaa.com-2621310.png\" alt=\"\"><\/a><\/td><td><a href=\"https:\/\/fedefutguate.gt\/informacionpublica\/wp-content\/uploads\/2024\/02\/DIRECTORIO-ASOCIACIONES-DEPORTIVAS-DEPARTAMENTALES-FEDEFUT-2024.pdf\" target=\"_blank\" rel=\"noreferrer noopener\">Directorio de Asociaciones Deportivas Departamentales (VIGENTE 2024)<\/a><\/td><\/tr><tr><td class=\"has-text-align-right\" data-align=\"right\"><a href=\"https:\/\/fedefutguate.gt\/informacionpublica\/wp-content\/uploads\/2024\/02\/Directorio-Ligas-Afiliadas-de-Futbol.pdf\" target=\"_blank\" rel=\"noreferrer noopener\"><img loading=\"lazy\" decoding=\"async\" width=\"50\" height=\"58\" class=\"wp-image-266\" style=\"width: 50px;\" src=\"https:\/\/fedefutguate.gt\/informacionpublica\/wp-content\/uploads\/2022\/02\/pngaaa.com-2621310.png\" alt=\"\"><\/a><\/td><td><a href=\"https:\/\/fedefutguate.gt\/informacionpublica\/wp-content\/uploads\/2024\/02\/Directorio-Ligas-Afiliadas-de-Futbol.pdf\" target=\"_blank\" rel=\"noreferrer noopener\">Directorio Ligas Afiliadas a la Federaci\u00f3n Nacional de F\u00fatbol de Guatemala (VIGENTE 2024)<\/a><\/td><\/tr><tr><td class=\"has-text-align-right\" data-align=\"right\"><\/td><td><\/td><\/tr><tr><td class=\"has-text-align-right\" data-align=\"right\"><a href=\"https:\/\/fedefutguate.gt\/informacionpublica\/wp-content\/uploads\/2024\/02\/DIRECTORIO-DE-LA-ENTIDAD-Y-DEPENDENCIAS-DE-LA-FEDEDUT-ENERO-2024.pdf\" target=\"_blank\" rel=\"noreferrer noopener\"><img loading=\"lazy\" decoding=\"async\" width=\"50\" height=\"58\" class=\"wp-image-266\" style=\"width: 50px;\" src=\"https:\/\/fedefutguate.gt\/informacionpublica\/wp-content\/uploads\/2022\/02\/pngaaa.com-2621310.png\" alt=\"\"><\/a><\/td><td><a href=\"https:\/\/fedefutguate.gt\/informacionpublica\/wp-content\/uploads\/2024\/02\/DIRECTORIO-DE-LA-ENTIDAD-Y-DEPENDENCIAS-DE-LA-FEDEDUT-ENERO-2024.pdf\">Directorio de la Entidad y Dependencias de la Federaci\u00f3n Nacional de F\u00fatbol de Guatemala (ENERO 2024)<\/a><\/td><\/tr><tr><td class=\"has-text-align-right\" data-align=\"right\"><a href=\"https:\/\/fedefutguate.gt\/informacionpublica\/wp-content\/uploads\/2024\/03\/DIRECTORIO-DE-LA-ENTIDAD-Y-DEPENDENCIAS-DE-LA-FEDEDUT-FEBRERO-2024.pdf\" target=\"_blank\" rel=\"noreferrer noopener\"><img loading=\"lazy\" decoding=\"async\" width=\"50\" height=\"58\" class=\"wp-image-266\" style=\"width: 50px;\" src=\"https:\/\/fedefutguate.gt\/informacionpublica\/wp-content\/uploads\/2022\/02\/pngaaa.com-2621310.png\" alt=\"\"><\/a><\/td><td><a href=\"https:\/\/fedefutguate.gt\/informacionpublica\/wp-content\/uploads\/2024\/03\/DIRECTORIO-DE-LA-ENTIDAD-Y-DEPENDENCIAS-DE-LA-FEDEDUT-FEBRERO-2024.pdf\" target=\"_blank\" rel=\"noreferrer noopener\">Directorio de la Entidad y Dependencias de la Federaci\u00f3n Nacional de F\u00fatbol de Guatemala (FEBRERO 2024)<\/a><\/td><\/tr><tr><td class=\"has-text-align-right\" data-align=\"right\"><a href=\"https:\/\/fedefutguate.gt\/informacionpublica\/wp-content\/uploads\/2024\/04\/DIRECTORIO-DE-LA-ENTIDAD-Y-DEPENDENCIAS-DE-LA-FEDEDUT-MARZO-2024.pdf\"><img loading=\"lazy\" decoding=\"async\" width=\"50\" height=\"58\" class=\"wp-image-266\" style=\"width: 50px;\" src=\"https:\/\/fedefutguate.gt\/informacionpublica\/wp-content\/uploads\/2022\/02\/pngaaa.com-2621310.png\" alt=\"\"><\/a><\/td><td><a href=\"https:\/\/fedefutguate.gt\/informacionpublica\/wp-content\/uploads\/2024\/04\/DIRECTORIO-DE-LA-ENTIDAD-Y-DEPENDENCIAS-DE-LA-FEDEDUT-MARZO-2024.pdf\">Directorio de la Entidad y Dependencias de la Federaci\u00f3n Nacional de F\u00fatbol de Guatemala (MARZO 2024)<\/a><\/td><\/tr><tr><td class=\"has-text-align-right\" data-align=\"right\"><a href=\"https:\/\/fedefutguate.gt\/informacionpublica\/wp-content\/uploads\/2024\/05\/DIRECTORIO-DE-LA-ENTIDAD-Y-DEPENDENCIAS-DE-LA-FEDEDUT-ABRRIL-2024.pdf\"><img loading=\"lazy\" decoding=\"async\" width=\"50\" height=\"58\" class=\"wp-image-266\" style=\"width: 50px;\" src=\"https:\/\/fedefutguate.gt\/informacionpublica\/wp-content\/uploads\/2022\/02\/pngaaa.com-2621310.png\" alt=\"\"><\/a><\/td><td><a href=\"https:\/\/fedefutguate.gt\/informacionpublica\/wp-content\/uploads\/2024\/05\/DIRECTORIO-DE-LA-ENTIDAD-Y-DEPENDENCIAS-DE-LA-FEDEDUT-ABRRIL-2024.pdf\">Directorio de la Entidad y Dependencias de la Federaci\u00f3n Nacional de F\u00fatbol de Guatemala (ABRIL 2024)<\/a><\/td><\/tr><tr><td class=\"has-text-align-right\" data-align=\"right\"><a href=\"https:\/\/fedefutguate.gt\/informacionpublica\/wp-content\/uploads\/2024\/06\/DIRECTORIO-DE-LA-ENTIDAD-Y-DEPENDENCIAS-DE-LA-FEDEDUT-MAYO-2024.pdf\"><img loading=\"lazy\" decoding=\"async\" width=\"50\" height=\"58\" class=\"wp-image-266\" style=\"width: 50px;\" src=\"https:\/\/fedefutguate.gt\/informacionpublica\/wp-content\/uploads\/2022\/02\/pngaaa.com-2621310.png\" alt=\"\"><\/a><\/td><td><br><a href=\"https:\/\/fedefutguate.gt\/informacionpublica\/wp-content\/uploads\/2024\/06\/DIRECTORIO-DE-LA-ENTIDAD-Y-DEPENDENCIAS-DE-LA-FEDEDUT-MAYO-2024.pdf\">Directorio de la Entidad y Dependencias de la Federaci\u00f3n Nacional de F\u00fatbol de Guatemala (MAYO 2024)<\/a><\/td><\/tr><tr><td class=\"has-text-align-right\" data-align=\"right\"><a href=\"https:\/\/fedefutguate.gt\/informacionpublica\/wp-content\/uploads\/2024\/07\/DIRECTORIO-DE-LA-ENTIDAD-Y-DEPENDENCIAS-DE-LA-FEDEDUT-JUNIO-2024.pdf\"><img loading=\"lazy\" decoding=\"async\" width=\"50\" height=\"58\" class=\"wp-image-266\" style=\"width: 50px;\" src=\"https:\/\/fedefutguate.gt\/informacionpublica\/wp-content\/uploads\/2022\/02\/pngaaa.com-2621310.png\" alt=\"\"><\/a><\/td><td><a href=\"https:\/\/fedefutguate.gt\/informacionpublica\/wp-content\/uploads\/2024\/07\/DIRECTORIO-DE-LA-ENTIDAD-Y-DEPENDENCIAS-DE-LA-FEDEDUT-JUNIO-2024.pdf\">Directorio de la Entidad y Dependencias de la Federaci\u00f3n Nacional de F\u00fatbol de Guatemala (JUNIO 2024)<\/a><\/td><\/tr><tr><td class=\"has-text-align-right\" data-align=\"right\"><a href=\"https:\/\/fedefutguate.gt\/informacionpublica\/wp-content\/uploads\/2024\/08\/DIRECTORIO-DE-LA-ENTIDAD-Y-DEPENDENCIAS-DE-LA-FEDEDUT-JULIO-2024.pdf\"><img loading=\"lazy\" decoding=\"async\" width=\"50\" height=\"58\" class=\"wp-image-266\" style=\"width: 50px;\" src=\"https:\/\/fedefutguate.gt\/informacionpublica\/wp-content\/uploads\/2022\/02\/pngaaa.com-2621310.png\" alt=\"\"><\/a><\/td><td><a href=\"https:\/\/fedefutguate.gt\/informacionpublica\/wp-content\/uploads\/2024\/08\/DIRECTORIO-DE-LA-ENTIDAD-Y-DEPENDENCIAS-DE-LA-FEDEDUT-JULIO-2024.pdf\">Directorio de la Entidad y Dependencias de la Federaci\u00f3n Nacional de F\u00fatbol de Guatemala (JULIO 2024)<\/a><\/td><\/tr><tr><td class=\"has-text-align-right\" data-align=\"right\"><a href=\"https:\/\/fedefutguate.gt\/informacionpublica\/wp-content\/uploads\/2024\/09\/DIRECTORIO-DE-LA-ENTIDAD-Y-DEPENDENCIAS-DE-LA-FEDEDUT-AGOSTO-2024.pdf\"><img loading=\"lazy\" decoding=\"async\" width=\"50\" height=\"58\" class=\"wp-image-266\" style=\"width: 50px;\" src=\"https:\/\/fedefutguate.gt\/informacionpublica\/wp-content\/uploads\/2022\/02\/pngaaa.com-2621310.png\" alt=\"\"><\/a><\/td><td><a href=\"https:\/\/fedefutguate.gt\/informacionpublica\/wp-content\/uploads\/2024\/09\/DIRECTORIO-DE-LA-ENTIDAD-Y-DEPENDENCIAS-DE-LA-FEDEDUT-AGOSTO-2024.pdf\">Directorio de la Entidad y Dependencias de la Federaci\u00f3n Nacional de F\u00fatbol de Guatemala (AGOSTO 2024)<\/a><\/td><\/tr><tr><td class=\"has-text-align-right\" data-align=\"right\"><a href=\"https:\/\/fedefutguate.gt\/informacionpublica\/wp-content\/uploads\/2024\/10\/DIRECTORIO-DE-LA-ENTIDAD-Y-DEPENDENCIAS-DE-LA-FEDEDUT-SEPTIEMBRE-2024.pdf\"><img loading=\"lazy\" decoding=\"async\" width=\"50\" height=\"58\" class=\"wp-image-266\" style=\"width: 50px;\" src=\"https:\/\/fedefutguate.gt\/informacionpublica\/wp-content\/uploads\/2022\/02\/pngaaa.com-2621310.png\" alt=\"\"><\/a><\/td><td><a href=\"https:\/\/fedefutguate.gt\/informacionpublica\/wp-content\/uploads\/2024\/10\/DIRECTORIO-DE-LA-ENTIDAD-Y-DEPENDENCIAS-DE-LA-FEDEDUT-SEPTIEMBRE-2024.pdf\">Directorio de la Entidad y Dependencias de la Federaci\u00f3n Nacional de F\u00fatbol de Guatemala (SEPTIEMBRE 2024)<\/a><\/td><\/tr><tr><td class=\"has-text-align-right\" data-align=\"right\"><a href=\"https:\/\/fedefutguate.gt\/informacionpublica\/wp-content\/uploads\/2024\/11\/DIRECTORIO-DE-LA-ENTIDAD-Y-DEPENDENCIAS-DE-LA-FEDEDUT-OCTUBRE-2024.pdf\"><img loading=\"lazy\" decoding=\"async\" width=\"50\" height=\"58\" class=\"wp-image-266\" style=\"width: 50px;\" src=\"https:\/\/fedefutguate.gt\/informacionpublica\/wp-content\/uploads\/2022\/02\/pngaaa.com-2621310.png\" alt=\"\"><\/a><\/td><td><a href=\"https:\/\/fedefutguate.gt\/informacionpublica\/wp-content\/uploads\/2024\/11\/DIRECTORIO-DE-LA-ENTIDAD-Y-DEPENDENCIAS-DE-LA-FEDEDUT-OCTUBRE-2024.pdf\">Directorio de la Entidad y Dependencias de la Federaci\u00f3n Nacional de F\u00fatbol de Guatemala (OCTUBRE 2024)<\/a><\/td><\/tr><tr><td class=\"has-text-align-right\" data-align=\"right\"><a href=\"https:\/\/fedefutguate.gt\/informacionpublica\/wp-content\/uploads\/2024\/12\/DIRECTORIO-DE-LA-ENTIDAD-Y-DEPENDENCIAS-DE-LA-FEDEDUT-NOVIEMBRE-2024.pdf\"><img loading=\"lazy\" decoding=\"async\" width=\"50\" height=\"58\" class=\"wp-image-266\" style=\"width: 50px;\" src=\"https:\/\/fedefutguate.gt\/informacionpublica\/wp-content\/uploads\/2022\/02\/pngaaa.com-2621310.png\" alt=\"\"><\/a><\/td><td><a href=\"https:\/\/fedefutguate.gt\/informacionpublica\/wp-content\/uploads\/2024\/12\/DIRECTORIO-DE-LA-ENTIDAD-Y-DEPENDENCIAS-DE-LA-FEDEDUT-NOVIEMBRE-2024.pdf\">Directorio de la Entidad y Dependencias de la Federaci\u00f3n Nacional de F\u00fatbol de Guatemala (NOVIEMBRE 2024)<\/a><\/td><\/tr><tr><td class=\"has-text-align-right\" data-align=\"right\"><a href=\"https:\/\/fedefutguate.gt\/informacionpublica\/wp-content\/uploads\/2025\/01\/DIRECTORIO-DE-LA-ENTIDAD-Y-DEPENDENCIAS-DE-LA-FEDEDUT-DICIEMBRE-2024.pdf\"><img loading=\"lazy\" decoding=\"async\" width=\"50\" height=\"58\" class=\"wp-image-266\" style=\"width: 50px;\" src=\"https:\/\/fedefutguate.gt\/informacionpublica\/wp-content\/uploads\/2022\/02\/pngaaa.com-2621310.png\" alt=\"\"><\/a><\/td><td><a href=\"https:\/\/fedefutguate.gt\/informacionpublica\/wp-content\/uploads\/2025\/01\/DIRECTORIO-DE-LA-ENTIDAD-Y-DEPENDENCIAS-DE-LA-FEDEDUT-DICIEMBRE-2024.pdf\">Directorio de la Entidad y Dependencias de la Federaci\u00f3n Nacional de F\u00fatbol de Guatemala (DICIEMBRE 2024)<\/a><\/td><\/tr><\/tbody><\/table><\/figure>\n\n\n\n<p><\/p>\n","protected":false},"excerpt":{"rendered":"<p>Direcci\u00f3n y tel\u00e9fonos de la entidad y de todas las dependencias que la conforman. Art\u00edculo 10, numeral 2 de la Ley de Acceso a la Informaci\u00f3n P\u00fablica Direcci\u00f3n y Tel\u00e9fono Sede Central de la Federaci\u00f3n Nacional de F\u00fatbol de Guatemala (VIGENTE 2024) Contacto Comit\u00e9 Ejecutivo de la Federaci\u00f3n Nacional de F\u00fatbol de Guatemala (VIGENTE 2024) &#8230; <a title=\"Direcciones y Tel\u00e9fonos -2024-\" class=\"read-more\" href=\"https:\/\/fedefutguate.gt\/informacionpublica\/direcciones-y-telefonos-2024\/\" aria-label=\"Read more about Direcciones y Tel\u00e9fonos -2024-\">Read more<\/a><\/p>\n","protected":false},"author":1,"featured_media":0,"parent":0,"menu_order":0,"comment_status":"closed","ping_status":"closed","template":"","meta":{"footnotes":""},"class_list":["post-3895","page","type-page","status-publish"],"_links":{"self":[{"href":"https:\/\/fedefutguate.gt\/informacionpublica\/wp-json\/wp\/v2\/pages\/3895","targetHints":{"allow":["GET"]}}],"collection":[{"href":"https:\/\/fedefutguate.gt\/informacionpublica\/wp-json\/wp\/v2\/pages"}],"about":[{"href":"https:\/\/fedefutguate.gt\/informacionpublica\/wp-json\/wp\/v2\/types\/page"}],"author":[{"embeddable":true,"href":"https:\/\/fedefutguate.gt\/informacionpublica\/wp-json\/wp\/v2\/users\/1"}],"replies":[{"embeddable":true,"href":"https:\/\/fedefutguate.gt\/informacionpublica\/wp-json\/wp\/v2\/comments?post=3895"}],"version-history":[{"count":17,"href":"https:\/\/fedefutguate.gt\/informacionpublica\/wp-json\/wp\/v2\/pages\/3895\/revisions"}],"predecessor-version":[{"id":5345,"href":"https:\/\/fedefutguate.gt\/informacionpublica\/wp-json\/wp\/v2\/pages\/3895\/revisions\/5345"}],"wp:attachment":[{"href":"https:\/\/fedefutguate.gt\/informacionpublica\/wp-json\/wp\/v2\/media?parent=3895"}],"curies":[{"name":"wp","href":"https:\/\/api.w.org\/{rel}","templated":true}]}}