{"id":3905,"date":"2024-02-07T00:27:06","date_gmt":"2024-02-06T23:27:06","guid":{"rendered":"https:\/\/fedefutguate.gt\/informacionpublica\/?page_id=3905"},"modified":"2025-02-04T18:39:22","modified_gmt":"2025-02-04T17:39:22","slug":"mision-objetivos-plan-operativo-anual-y-resultados-obtenidos-en-el-cumplimiento-de-los-mismos-2024","status":"publish","type":"page","link":"https:\/\/fedefutguate.gt\/informacionpublica\/mision-objetivos-plan-operativo-anual-y-resultados-obtenidos-en-el-cumplimiento-de-los-mismos-2024\/","title":{"rendered":"MISI\u00d3N, OBJETIVOS, PLAN OPERATIVO ANUAL Y RESULTADOS OBTENIDOS EN EL CUMPLIMIENTO DE LOS MISMOS -2024-"},"content":{"rendered":"\n<p class=\"has-contrast-2-color has-text-color\">La misi\u00f3n y objetivos de la instituci\u00f3n, su plan operativo anual y los resultados obtenidos en el cumplimiento de los mismos.<\/p>\n\n\n\n<p>Art\u00edculo 10, numeral 5 de la Ley de Acceso a la Informaci\u00f3n P\u00fablica.<\/p>\n\n\n\n<p><\/p>\n\n\n\n<figure class=\"wp-block-table is-style-stripes\"><table><tbody><tr><td><a href=\"https:\/\/fedefutguate.gt\/informacionpublica\/wp-content\/uploads\/2024\/02\/MISION_VISION_VALORES-FEDEFUT-2024.pdf\" target=\"_blank\" rel=\"noreferrer noopener\"><img loading=\"lazy\" decoding=\"async\" width=\"50\" height=\"58\" class=\"wp-image-266\" style=\"width: 50px;\" src=\"https:\/\/fedefutguate.gt\/informacionpublica\/wp-content\/uploads\/2022\/02\/pngaaa.com-2621310.png\" alt=\"\"><\/a><\/td><td><a href=\"https:\/\/fedefutguate.gt\/informacionpublica\/wp-content\/uploads\/2024\/02\/MISION_VISION_VALORES-FEDEFUT-2024.pdf\" target=\"_blank\" rel=\"noreferrer noopener\">Misi\u00f3n, Visi\u00f3n y Valores de la Federaci\u00f3n Nacional de F\u00fatbol de Guatemala (2024)<\/a><\/td><\/tr><tr><td><a href=\"https:\/\/fedefutguate.gt\/informacionpublica\/wp-content\/uploads\/2024\/02\/PLAN-ESTRATEGICO-2023-2027.pdf\" target=\"_blank\" rel=\"noreferrer noopener\"><img loading=\"lazy\" decoding=\"async\" width=\"50\" height=\"58\" class=\"wp-image-266\" style=\"width: 50px;\" src=\"https:\/\/fedefutguate.gt\/informacionpublica\/wp-content\/uploads\/2022\/02\/pngaaa.com-2621310.png\" alt=\"\"><\/a><\/td><td><a href=\"https:\/\/fedefutguate.gt\/informacionpublica\/wp-content\/uploads\/2024\/02\/PLAN-ESTRATEGICO-2023-2027.pdf\" target=\"_blank\" rel=\"noreferrer noopener\">Plan Estrat\u00e9gico Federaci\u00f3n Nacional de F\u00fatbol de Guatemala (2023- 2027)<\/a><\/td><\/tr><tr><td><a href=\"https:\/\/fedefutguate.gt\/informacionpublica\/wp-content\/uploads\/2024\/02\/PEI-POM-POA-2024_2028_FEDEFUT.pdf\" target=\"_blank\" rel=\"noreferrer noopener\"><img loading=\"lazy\" decoding=\"async\" width=\"50\" height=\"58\" class=\"wp-image-266\" style=\"width: 50px;\" src=\"https:\/\/fedefutguate.gt\/informacionpublica\/wp-content\/uploads\/2022\/02\/pngaaa.com-2621310.png\" alt=\"\"><\/a><\/td><td><a href=\"https:\/\/fedefutguate.gt\/informacionpublica\/wp-content\/uploads\/2024\/02\/PEI-POM-POA-2024_2028_FEDEFUT.pdf\">Plan Estrat\u00e9gico Institucional (PEI 2024-2028), Plan Operativo Multianual (POM 2024-2028), Plan Operativo Anual (POA 2024)<\/a><\/td><\/tr><tr><td><a href=\"https:\/\/fedefutguate.gt\/informacionpublica\/wp-content\/uploads\/2024\/02\/OFICIO-FNFG-UPI-019-2024-K.F.E.P.A.-Justificacion-Tecnica-Informe-Cuatrimestral.pdf\" target=\"_blank\" rel=\"noreferrer noopener\"><img loading=\"lazy\" decoding=\"async\" width=\"50\" height=\"58\" class=\"wp-image-266\" style=\"width: 50px;\" src=\"https:\/\/fedefutguate.gt\/informacionpublica\/wp-content\/uploads\/2022\/02\/pngaaa.com-2621310.png\" alt=\"\"><\/a><\/td><td><a href=\"https:\/\/fedefutguate.gt\/informacionpublica\/wp-content\/uploads\/2024\/02\/OFICIO-FNFG-UPI-019-2024-K.F.E.P.A.-Justificacion-Tecnica-Informe-Cuatrimestral.pdf\" target=\"_blank\" rel=\"noreferrer noopener\">OFICIO FNFG-UPI-019-2024-K.F.E.P.A. (Justificaci\u00f3n T\u00e9cnica Informe Cuatrimestral)<\/a><\/td><\/tr><tr><td><a href=\"https:\/\/fedefutguate.gt\/informacionpublica\/wp-content\/uploads\/2024\/01\/TERCER-Informe-cuatrimestral-septiembre-diciembre-de-avances-de-metas-e-indicadores-de-desempeno-y-calidad-del-gasto-publico-2023.pdf\" target=\"_blank\" rel=\"noreferrer noopener\"><img loading=\"lazy\" decoding=\"async\" width=\"50\" height=\"58\" class=\"wp-image-266\" style=\"width: 50px;\" src=\"https:\/\/fedefutguate.gt\/informacionpublica\/wp-content\/uploads\/2022\/02\/pngaaa.com-2621310.png\" alt=\"\"><\/a><\/td><td><a href=\"https:\/\/fedefutguate.gt\/informacionpublica\/wp-content\/uploads\/2024\/01\/TERCER-Informe-cuatrimestral-septiembre-diciembre-de-avances-de-metas-e-indicadores-de-desempeno-y-calidad-del-gasto-publico-2023.pdf\" target=\"_blank\" rel=\"noreferrer noopener\">TERCER Informe cuatrimestral (septiembre-diciembre) de avances de metas sobre ejecuci\u00f3n f\u00edsica y financiera del ejercicio fiscal 2023<\/a><\/td><\/tr><tr><td><a href=\"https:\/\/fedefutguate.gt\/informacionpublica\/wp-content\/uploads\/2024\/05\/PRIMER-Informe-cuatrimestral-ENERO-ABRIL-de-avances-de-metas-e-indicadores-de-desempeno-y-calidad-del-gasto-publico-2024.pdf\"><img loading=\"lazy\" decoding=\"async\" width=\"50\" height=\"58\" class=\"wp-image-266\" style=\"width: 50px;\" src=\"https:\/\/fedefutguate.gt\/informacionpublica\/wp-content\/uploads\/2022\/02\/pngaaa.com-2621310.png\" alt=\"\"><\/a><\/td><td><a href=\"https:\/\/fedefutguate.gt\/informacionpublica\/wp-content\/uploads\/2024\/05\/PRIMER-Informe-cuatrimestral-ENERO-ABRIL-de-avances-de-metas-e-indicadores-de-desempeno-y-calidad-del-gasto-publico-2024.pdf\">PRIMER Informe cuatrimestral (enero-abril) de avances de metas sobre ejecuci\u00f3n f\u00edsica y financiera del ejercicio fiscal 2024<\/a><\/td><\/tr><tr><td><a href=\"https:\/\/fedefutguate.gt\/informacionpublica\/wp-content\/uploads\/2024\/05\/PLAN-ESTRATEGICO-INSTITUCIONAL-2025-2029-PLAN-OPERATIVO-MULTIANUAL-2025-2029-PLAN-OPERATIVO-ANUAL-2025.pdf\"><img loading=\"lazy\" decoding=\"async\" width=\"50\" height=\"58\" class=\"wp-image-266\" style=\"width: 50px;\" src=\"https:\/\/fedefutguate.gt\/informacionpublica\/wp-content\/uploads\/2022\/02\/pngaaa.com-2621310.png\" alt=\"\"><\/a><\/td><td><a href=\"https:\/\/fedefutguate.gt\/informacionpublica\/wp-content\/uploads\/2024\/05\/PLAN-ESTRATEGICO-INSTITUCIONAL-2025-2029-PLAN-OPERATIVO-MULTIANUAL-2025-2029-PLAN-OPERATIVO-ANUAL-2025.pdf\">Plan Estrat\u00e9gico Institucional (PEI 2025-2029) Plan Operativo Multianual (POM 2025-2029) Plan Operativo Anual (POA 2025)<\/a><\/td><\/tr><tr><td><a href=\"https:\/\/fedefutguate.gt\/informacionpublica\/wp-content\/uploads\/2024\/12\/SEGUNDOInforme-cuatrimestral-MAYO-AGOSTO-de-avances-de-metas-e-indicadores-.pdf\"><img loading=\"lazy\" decoding=\"async\" width=\"50\" height=\"58\" class=\"wp-image-266\" style=\"width: 50px;\" src=\"https:\/\/fedefutguate.gt\/informacionpublica\/wp-content\/uploads\/2022\/02\/pngaaa.com-2621310.png\" alt=\"\"><\/a><\/td><td><a href=\"https:\/\/fedefutguate.gt\/informacionpublica\/wp-content\/uploads\/2024\/12\/SEGUNDOInforme-cuatrimestral-MAYO-AGOSTO-de-avances-de-metas-e-indicadores-.pdf\">SEGUNDO Informe cuatrimestral (mayo-agosto) de avances de metas sobre ejecuci\u00f3n f\u00edsica y financiera del ejercicio fiscal 2024<\/a><\/td><\/tr><tr><td><a href=\"https:\/\/fedefutguate.gt\/informacionpublica\/wp-content\/uploads\/2025\/01\/TERCER-Informe-cuatrimestral-SEPT-DIC-de-avances-de-metas-e-indicadores-de-desempenoycalidadgastop-2024.pdf\"><img loading=\"lazy\" decoding=\"async\" width=\"50\" height=\"58\" class=\"wp-image-266\" style=\"width: 50px;\" src=\"https:\/\/fedefutguate.gt\/informacionpublica\/wp-content\/uploads\/2022\/02\/pngaaa.com-2621310.png\" alt=\"\"><\/a><\/td><td><a href=\"https:\/\/fedefutguate.gt\/informacionpublica\/wp-content\/uploads\/2025\/01\/TERCER-Informe-cuatrimestral-SEPT-DIC-de-avances-de-metas-e-indicadores-de-desempenoycalidadgastop-2024.pdf\">TERCER Informe cuatrimestral (Septiembre-Diciembre) de avances de metas sobre ejecuci\u00f3n f\u00edsica y financiera del ejercicio fiscal 2024<\/a><\/td><\/tr><\/tbody><\/table><\/figure>\n\n\n\n<p><\/p>\n","protected":false},"excerpt":{"rendered":"<p>La misi\u00f3n y objetivos de la instituci\u00f3n, su plan operativo anual y los resultados obtenidos en el cumplimiento de los mismos. Art\u00edculo 10, numeral 5 de la Ley de Acceso a la Informaci\u00f3n P\u00fablica. Misi\u00f3n, Visi\u00f3n y Valores de la Federaci\u00f3n Nacional de F\u00fatbol de Guatemala (2024) Plan Estrat\u00e9gico Federaci\u00f3n Nacional de F\u00fatbol de Guatemala &#8230; <a title=\"MISI\u00d3N, OBJETIVOS, PLAN OPERATIVO ANUAL Y RESULTADOS OBTENIDOS EN EL CUMPLIMIENTO DE LOS MISMOS -2024-\" class=\"read-more\" href=\"https:\/\/fedefutguate.gt\/informacionpublica\/mision-objetivos-plan-operativo-anual-y-resultados-obtenidos-en-el-cumplimiento-de-los-mismos-2024\/\" aria-label=\"Read more about MISI\u00d3N, OBJETIVOS, PLAN OPERATIVO ANUAL Y RESULTADOS OBTENIDOS EN EL CUMPLIMIENTO DE LOS MISMOS -2024-\">Read more<\/a><\/p>\n","protected":false},"author":1,"featured_media":0,"parent":0,"menu_order":0,"comment_status":"closed","ping_status":"closed","template":"","meta":{"footnotes":""},"class_list":["post-3905","page","type-page","status-publish"],"_links":{"self":[{"href":"https:\/\/fedefutguate.gt\/informacionpublica\/wp-json\/wp\/v2\/pages\/3905","targetHints":{"allow":["GET"]}}],"collection":[{"href":"https:\/\/fedefutguate.gt\/informacionpublica\/wp-json\/wp\/v2\/pages"}],"about":[{"href":"https:\/\/fedefutguate.gt\/informacionpublica\/wp-json\/wp\/v2\/types\/page"}],"author":[{"embeddable":true,"href":"https:\/\/fedefutguate.gt\/informacionpublica\/wp-json\/wp\/v2\/users\/1"}],"replies":[{"embeddable":true,"href":"https:\/\/fedefutguate.gt\/informacionpublica\/wp-json\/wp\/v2\/comments?post=3905"}],"version-history":[{"count":9,"href":"https:\/\/fedefutguate.gt\/informacionpublica\/wp-json\/wp\/v2\/pages\/3905\/revisions"}],"predecessor-version":[{"id":5565,"href":"https:\/\/fedefutguate.gt\/informacionpublica\/wp-json\/wp\/v2\/pages\/3905\/revisions\/5565"}],"wp:attachment":[{"href":"https:\/\/fedefutguate.gt\/informacionpublica\/wp-json\/wp\/v2\/media?parent=3905"}],"curies":[{"name":"wp","href":"https:\/\/api.w.org\/{rel}","templated":true}]}}