{"id":3937,"date":"2024-02-07T02:48:28","date_gmt":"2024-02-07T01:48:28","guid":{"rendered":"https:\/\/fedefutguate.gt\/informacionpublica\/?page_id=3937"},"modified":"2025-01-24T19:49:47","modified_gmt":"2025-01-24T18:49:47","slug":"montos-asignados-criterios-de-acceso-padrones-de-beneficiarios-de-los-programas-de-subsidios-becas-o-tranferencias-otorgados-con-fondos-publicos-2024","status":"publish","type":"page","link":"https:\/\/fedefutguate.gt\/informacionpublica\/montos-asignados-criterios-de-acceso-padrones-de-beneficiarios-de-los-programas-de-subsidios-becas-o-tranferencias-otorgados-con-fondos-publicos-2024\/","title":{"rendered":"MONTOS ASIGNADOS, CRITERIOS DE ACCESO, PADRONES DE BENEFICIARIOS DE LOS PROGRAMAS DE SUBSIDIOS, BECAS O TRANFERENCIAS OTORGADOS CON FONDOS P\u00daBLICOS -2024-"},"content":{"rendered":"\n<p class=\"has-contrast-2-color has-text-color\">Los montos asignados, los criterios de acceso y los padrones de beneficiarios de los programas de subsidios, becas o transferencias otorgados con fondos p\u00fablicos.<\/p>\n\n\n\n<p>Art\u00edculo 10, numeral 15 de la Ley de Acceso a la Informaci\u00f3n P\u00fablica<\/p>\n\n\n\n<p class=\"has-contrast-3-color has-text-color\">(Este numeral aplica parcialmente ya que la Federaci\u00f3n Nacional de F\u00fatbol de Guatemala \u00fanicamente realiza transferencias otorgadas con fondos p\u00fablicos y sus respectivos montos asignados y no cuenta con programas de subsidios y becas)<\/p>\n\n\n\n<figure class=\"wp-block-table is-style-stripes has-small-font-size\"><table><tbody><tr><td class=\"has-text-align-right\" data-align=\"right\"><a href=\"https:\/\/fedefutguate.gt\/informacionpublica\/wp-content\/uploads\/2024\/02\/Justificacion-Tecnica-15-articulo-10-Ley-de-Informacion-Publica-2024.pdf\" target=\"_blank\" rel=\"noreferrer noopener\"><img loading=\"lazy\" decoding=\"async\" width=\"50\" height=\"58\" class=\"wp-image-266\" style=\"width: 50px;\" src=\"https:\/\/fedefutguate.gt\/informacionpublica\/wp-content\/uploads\/2022\/02\/pngaaa.com-2621310.png\" alt=\"\"><\/a><\/td><td><a href=\"https:\/\/fedefutguate.gt\/informacionpublica\/wp-content\/uploads\/2024\/02\/Justificacion-Tecnica-15-articulo-10-Ley-de-Informacion-Publica-2024.pdf\" target=\"_blank\" rel=\"noreferrer noopener\">Justificaci\u00f3n T\u00e9cnica (Art\u00edculo 10 Numeral 15 de la Ley de Acceso a la Informaci\u00f3n P\u00fablica)<\/a><\/td><\/tr><tr><td class=\"has-text-align-right\" data-align=\"right\"><a href=\"https:\/\/fedefutguate.gt\/informacionpublica\/wp-content\/uploads\/2024\/02\/Criterios-para-Asignaciones-a-Asociaciones-Deportivas-Departamentales-de-la-Federacion-Nacional-de-Futbol-de-Guatemala-Vigentes-para-el-ano-2024.pdf\" target=\"_blank\" rel=\"noreferrer noopener\"><img loading=\"lazy\" decoding=\"async\" width=\"50\" height=\"58\" class=\"wp-image-266\" style=\"width: 50px;\" src=\"https:\/\/fedefutguate.gt\/informacionpublica\/wp-content\/uploads\/2022\/02\/pngaaa.com-2621310.png\" alt=\"\"><\/a><\/td><td><a href=\"https:\/\/fedefutguate.gt\/informacionpublica\/wp-content\/uploads\/2024\/02\/Criterios-para-Asignaciones-a-Asociaciones-Deportivas-Departamentales-de-la-Federacion-Nacional-de-Futbol-de-Guatemala-Vigentes-para-el-ano-2024.pdf\" target=\"_blank\" rel=\"noreferrer noopener\">Criterios para Asignaciones a Asociaciones Deportivas Departamentales de la Federaci\u00f3n Nacional de F\u00fatbol de Guatemala (Vigentes para el a\u00f1o 2024<\/a><a href=\"https:\/\/fedefutguate.gt\/informacionpublica\/wp-content\/uploads\/2024\/02\/Criterios-para-Asignaciones-a-Asociaciones-Deportivas-Departamentales-de-la-Federacion-Nacional-de-Futbol-de-Guatemala-Vigentes-para-el-ano-2024.pdf\" target=\"_blank\" rel=\"noreferrer noopener\">)<\/a><\/td><\/tr><\/tbody><\/table><\/figure>\n\n\n\n<figure class=\"wp-block-table is-style-stripes has-small-font-size\"><table><tbody><tr><td class=\"has-text-align-center\" data-align=\"center\"><a href=\"https:\/\/fedefutguate.gt\/informacionpublica\/wp-content\/uploads\/2024\/02\/Transferencias-con-Fondos-Publicos-con-sus-respectivas-asignaciones-ENERO-2024-1.pdf\" target=\"_blank\" rel=\"noreferrer noopener\"><img loading=\"lazy\" decoding=\"async\" width=\"50\" height=\"58\" class=\"wp-image-266\" style=\"width: 50px;\" src=\"https:\/\/fedefutguate.gt\/informacionpublica\/wp-content\/uploads\/2022\/02\/pngaaa.com-2621310.png\" alt=\"\"><\/a><\/td><td><a href=\"https:\/\/fedefutguate.gt\/informacionpublica\/wp-content\/uploads\/2024\/02\/Transferencias-con-Fondos-Publicos-con-sus-respectivas-asignaciones-ENERO-2024-1.pdf\" target=\"_blank\" rel=\"noreferrer noopener\">Transferencias con Fondos P\u00fablicos con sus Respectivas Asignaciones (ENERO 2024)<\/a><\/td><\/tr><tr><td class=\"has-text-align-center\" data-align=\"center\"><a href=\"https:\/\/fedefutguate.gt\/informacionpublica\/wp-content\/uploads\/2024\/02\/Becas-de-Estudio-ENERO-2024-1.pdf\" target=\"_blank\" rel=\"noreferrer noopener\"><img loading=\"lazy\" decoding=\"async\" width=\"50\" height=\"58\" class=\"wp-image-266\" style=\"width: 50px;\" src=\"https:\/\/fedefutguate.gt\/informacionpublica\/wp-content\/uploads\/2022\/02\/pngaaa.com-2621310.png\" alt=\"\"><\/a><\/td><td><a href=\"https:\/\/fedefutguate.gt\/informacionpublica\/wp-content\/uploads\/2024\/02\/Becas-de-Estudio-ENERO-2024-1.pdf\" target=\"_blank\" rel=\"noreferrer noopener\">Becas de Estudio (ENERO 2024)<\/a><\/td><\/tr><tr><td class=\"has-text-align-center\" data-align=\"center\"><a href=\"https:\/\/fedefutguate.gt\/informacionpublica\/wp-content\/uploads\/2024\/03\/Transferencias-con-Fondos-Publicos-con-sus-respectivas-asignaciones-FEBRERO-2024.pdf\" target=\"_blank\" rel=\"noreferrer noopener\"><img loading=\"lazy\" decoding=\"async\" width=\"50\" height=\"58\" class=\"wp-image-266\" style=\"width: 50px;\" src=\"https:\/\/fedefutguate.gt\/informacionpublica\/wp-content\/uploads\/2022\/02\/pngaaa.com-2621310.png\" alt=\"\"><\/a><\/td><td><a href=\"https:\/\/fedefutguate.gt\/informacionpublica\/wp-content\/uploads\/2024\/03\/Transferencias-con-Fondos-Publicos-con-sus-respectivas-asignaciones-FEBRERO-2024.pdf\" target=\"_blank\" rel=\"noreferrer noopener\">Transferencias con Fondos P\u00fablicos con sus Respectivas Asignaciones (FEBRERO 2024)<\/a><\/td><\/tr><tr><td class=\"has-text-align-center\" data-align=\"center\"><a href=\"https:\/\/fedefutguate.gt\/informacionpublica\/wp-content\/uploads\/2024\/03\/Becas-de-Estudio-FEBRERO-2024.pdf\" target=\"_blank\" rel=\"noreferrer noopener\"><img loading=\"lazy\" decoding=\"async\" width=\"50\" height=\"58\" class=\"wp-image-266\" style=\"width: 50px;\" src=\"https:\/\/fedefutguate.gt\/informacionpublica\/wp-content\/uploads\/2022\/02\/pngaaa.com-2621310.png\" alt=\"\"><\/a><\/td><td><br><a href=\"https:\/\/fedefutguate.gt\/informacionpublica\/wp-content\/uploads\/2024\/03\/Becas-de-Estudio-FEBRERO-2024.pdf\" target=\"_blank\" rel=\"noreferrer noopener\">Becas de Estudio (FEBRERO 2024)<\/a><\/td><\/tr><tr><td class=\"has-text-align-center\" data-align=\"center\"><a href=\"https:\/\/fedefutguate.gt\/informacionpublica\/wp-content\/uploads\/2024\/04\/Transferencias-con-Fondos-Publicos-con-sus-respectivas-asignaciones-MARZO-2024.pdf\"><img loading=\"lazy\" decoding=\"async\" width=\"50\" height=\"58\" class=\"wp-image-266\" style=\"width: 50px;\" src=\"https:\/\/fedefutguate.gt\/informacionpublica\/wp-content\/uploads\/2022\/02\/pngaaa.com-2621310.png\" alt=\"\"><\/a><\/td><td><a href=\"https:\/\/fedefutguate.gt\/informacionpublica\/wp-content\/uploads\/2024\/04\/Transferencias-con-Fondos-Publicos-con-sus-respectivas-asignaciones-MARZO-2024.pdf\">Transferencias con Fondos P\u00fablicos con sus Respectivas Asignaciones (MARZO 2024)<\/a><\/td><\/tr><tr><td class=\"has-text-align-center\" data-align=\"center\"><a href=\"https:\/\/fedefutguate.gt\/informacionpublica\/wp-content\/uploads\/2024\/04\/Becas-de-Estudio-MARZO-2024.pdf\"><img loading=\"lazy\" decoding=\"async\" width=\"50\" height=\"58\" class=\"wp-image-266\" style=\"width: 50px;\" src=\"https:\/\/fedefutguate.gt\/informacionpublica\/wp-content\/uploads\/2022\/02\/pngaaa.com-2621310.png\" alt=\"\"><\/a><\/td><td><a href=\"https:\/\/fedefutguate.gt\/informacionpublica\/wp-content\/uploads\/2024\/04\/Becas-de-Estudio-MARZO-2024.pdf\">Becas de Estudio (MARZO 2024)<\/a><\/td><\/tr><tr><td class=\"has-text-align-center\" data-align=\"center\"><a href=\"https:\/\/fedefutguate.gt\/informacionpublica\/wp-content\/uploads\/2024\/05\/Transferencias-con-Fondos-Publicos-con-sus-respectivas-asignaciones-ABRIL-2024.pdf\"><img loading=\"lazy\" decoding=\"async\" width=\"50\" height=\"58\" class=\"wp-image-266\" style=\"width: 50px;\" src=\"https:\/\/fedefutguate.gt\/informacionpublica\/wp-content\/uploads\/2022\/02\/pngaaa.com-2621310.png\" alt=\"\"><\/a><\/td><td><a href=\"https:\/\/fedefutguate.gt\/informacionpublica\/wp-content\/uploads\/2024\/05\/Transferencias-con-Fondos-Publicos-con-sus-respectivas-asignaciones-ABRIL-2024.pdf\">Transferencias con Fondos P\u00fablicos con sus Respectivas Asignaciones (ABRIL 2024)<\/a><\/td><\/tr><tr><td class=\"has-text-align-center\" data-align=\"center\"><a href=\"https:\/\/fedefutguate.gt\/informacionpublica\/wp-content\/uploads\/2024\/05\/Becas-de-Estudio-ABRIL-2024.pdf\"><img loading=\"lazy\" decoding=\"async\" width=\"50\" height=\"58\" class=\"wp-image-266\" style=\"width: 50px;\" src=\"https:\/\/fedefutguate.gt\/informacionpublica\/wp-content\/uploads\/2022\/02\/pngaaa.com-2621310.png\" alt=\"\"><\/a><\/td><td><a href=\"https:\/\/fedefutguate.gt\/informacionpublica\/wp-content\/uploads\/2024\/05\/Becas-de-Estudio-ABRIL-2024.pdf\">Becas de Estudio (ABRIL 2024)<\/a><\/td><\/tr><tr><td class=\"has-text-align-center\" data-align=\"center\"><a href=\"https:\/\/fedefutguate.gt\/informacionpublica\/wp-content\/uploads\/2024\/06\/Transferencias-con-Fondos-Publicos-con-sus-respectivas-asignaciones-MAYO-2024.pdf\"><img loading=\"lazy\" decoding=\"async\" width=\"50\" height=\"58\" class=\"wp-image-266\" style=\"width: 50px;\" src=\"https:\/\/fedefutguate.gt\/informacionpublica\/wp-content\/uploads\/2022\/02\/pngaaa.com-2621310.png\" alt=\"\"><\/a><\/td><td><a href=\"https:\/\/fedefutguate.gt\/informacionpublica\/wp-content\/uploads\/2024\/06\/Transferencias-con-Fondos-Publicos-con-sus-respectivas-asignaciones-MAYO-2024.pdf\">Transferencias con Fondos P\u00fablicos con sus Respectivas Asignaciones (MAYO 2024)<\/a><\/td><\/tr><tr><td class=\"has-text-align-center\" data-align=\"center\"><a href=\"https:\/\/fedefutguate.gt\/informacionpublica\/wp-content\/uploads\/2024\/06\/Becas-de-Estudio-MAYO-2024.pdf\"><img loading=\"lazy\" decoding=\"async\" width=\"50\" height=\"58\" class=\"wp-image-266\" style=\"width: 50px;\" src=\"https:\/\/fedefutguate.gt\/informacionpublica\/wp-content\/uploads\/2022\/02\/pngaaa.com-2621310.png\" alt=\"\"><\/a><\/td><td><a href=\"https:\/\/fedefutguate.gt\/informacionpublica\/wp-content\/uploads\/2024\/06\/Becas-de-Estudio-MAYO-2024.pdf\">Becas de Estudio (MAYO 2024)<\/a><\/td><\/tr><tr><td class=\"has-text-align-center\" data-align=\"center\"><a href=\"https:\/\/fedefutguate.gt\/informacionpublica\/wp-content\/uploads\/2024\/07\/Transferencias-con-Fondos-Publicos-con-sus-respectivas-asignaciones-JUNIO-2024.pdf\"><img loading=\"lazy\" decoding=\"async\" width=\"50\" height=\"58\" class=\"wp-image-266\" style=\"width: 50px;\" src=\"https:\/\/fedefutguate.gt\/informacionpublica\/wp-content\/uploads\/2022\/02\/pngaaa.com-2621310.png\" alt=\"\"><\/a><\/td><td><a href=\"https:\/\/fedefutguate.gt\/informacionpublica\/wp-content\/uploads\/2024\/07\/Transferencias-con-Fondos-Publicos-con-sus-respectivas-asignaciones-JUNIO-2024.pdf\">Transferencias con Fondos P\u00fablicos con sus Respectivas Asignaciones (JUNIO 2024)<\/a><\/td><\/tr><tr><td class=\"has-text-align-center\" data-align=\"center\"><a href=\"https:\/\/fedefutguate.gt\/informacionpublica\/wp-content\/uploads\/2024\/07\/Becas-de-Estudio-JUNIO-2024.pdf\"><img loading=\"lazy\" decoding=\"async\" width=\"50\" height=\"58\" class=\"wp-image-266\" style=\"width: 50px;\" src=\"https:\/\/fedefutguate.gt\/informacionpublica\/wp-content\/uploads\/2022\/02\/pngaaa.com-2621310.png\" alt=\"\"><\/a><\/td><td><a href=\"https:\/\/fedefutguate.gt\/informacionpublica\/wp-content\/uploads\/2024\/07\/Becas-de-Estudio-JUNIO-2024.pdf\">Becas de Estudio (JUNIO 2024)<\/a><\/td><\/tr><tr><td class=\"has-text-align-center\" data-align=\"center\"><a href=\"https:\/\/fedefutguate.gt\/informacionpublica\/wp-content\/uploads\/2024\/08\/Transferencias-con-Fondos-Publicos-con-sus-respectivas-asignacion-JULIO.pdf\"><img loading=\"lazy\" decoding=\"async\" width=\"50\" height=\"58\" class=\"wp-image-266\" style=\"width: 50px;\" src=\"https:\/\/fedefutguate.gt\/informacionpublica\/wp-content\/uploads\/2022\/02\/pngaaa.com-2621310.png\" alt=\"\"><\/a><\/td><td><br><a href=\"https:\/\/fedefutguate.gt\/informacionpublica\/wp-content\/uploads\/2024\/08\/Transferencias-con-Fondos-Publicos-con-sus-respectivas-asignacion-JULIO.pdf\">Transferencias con Fondos P\u00fablicos con sus Respectivas Asignaciones (JULIO 2024)<\/a><\/td><\/tr><tr><td class=\"has-text-align-center\" data-align=\"center\"><a href=\"https:\/\/fedefutguate.gt\/informacionpublica\/wp-content\/uploads\/2024\/08\/Becas-de-Estudio-JULIO-2024.pdf\"><img loading=\"lazy\" decoding=\"async\" width=\"50\" height=\"58\" class=\"wp-image-266\" style=\"width: 50px;\" src=\"https:\/\/fedefutguate.gt\/informacionpublica\/wp-content\/uploads\/2022\/02\/pngaaa.com-2621310.png\" alt=\"\"><\/a><\/td><td><a href=\"https:\/\/fedefutguate.gt\/informacionpublica\/wp-content\/uploads\/2024\/08\/Becas-de-Estudio-JULIO-2024.pdf\">Becas de Estudio (JULIO 2024)<\/a><\/td><\/tr><tr><td class=\"has-text-align-center\" data-align=\"center\"><a href=\"https:\/\/fedefutguate.gt\/informacionpublica\/wp-content\/uploads\/2024\/09\/Transferencias-con-Fondos-Publicos-con-sus-respectiva-asignacion-AGOSTO.pdf\"><img loading=\"lazy\" decoding=\"async\" width=\"50\" height=\"58\" class=\"wp-image-266\" style=\"width: 50px;\" src=\"https:\/\/fedefutguate.gt\/informacionpublica\/wp-content\/uploads\/2022\/02\/pngaaa.com-2621310.png\" alt=\"\"><\/a><\/td><td><a href=\"https:\/\/fedefutguate.gt\/informacionpublica\/wp-content\/uploads\/2024\/09\/Transferencias-con-Fondos-Publicos-con-sus-respectiva-asignacion-AGOSTO.pdf\">Transferencias con Fondos P\u00fablicos con sus Respectivas Asignaciones (AGOSTO 2024)<\/a><\/td><\/tr><tr><td class=\"has-text-align-center\" data-align=\"center\"><a href=\"https:\/\/fedefutguate.gt\/informacionpublica\/wp-content\/uploads\/2024\/09\/Becas-de-Estudio-AGOSTO-2024.pdf\"><img loading=\"lazy\" decoding=\"async\" width=\"50\" height=\"58\" class=\"wp-image-266\" style=\"width: 50px;\" src=\"https:\/\/fedefutguate.gt\/informacionpublica\/wp-content\/uploads\/2022\/02\/pngaaa.com-2621310.png\" alt=\"\"><\/a><\/td><td><a href=\"https:\/\/fedefutguate.gt\/informacionpublica\/wp-content\/uploads\/2024\/09\/Becas-de-Estudio-AGOSTO-2024.pdf\">Becas de Estudio (AGOSTO 2024)<\/a><\/td><\/tr><tr><td class=\"has-text-align-center\" data-align=\"center\"><a href=\"https:\/\/fedefutguate.gt\/informacionpublica\/wp-content\/uploads\/2024\/10\/Transferencias-con-Fondos-Publicos-con-sus-respectiva-asignacion-SEPT.pdf\"><img loading=\"lazy\" decoding=\"async\" width=\"50\" height=\"58\" class=\"wp-image-266\" style=\"width: 50px;\" src=\"https:\/\/fedefutguate.gt\/informacionpublica\/wp-content\/uploads\/2022\/02\/pngaaa.com-2621310.png\" alt=\"\"><\/a><\/td><td><a href=\"https:\/\/fedefutguate.gt\/informacionpublica\/wp-content\/uploads\/2024\/10\/Transferencias-con-Fondos-Publicos-con-sus-respectiva-asignacion-SEPT.pdf\">Tr<\/a><a href=\"https:\/\/fedefutguate.gt\/informacionpublica\/wp-content\/uploads\/2024\/11\/Contratos-de-Mantenimiento-OCTUBRE-2024.pdf\">ansferencias con Fondos P\u00fablicos con sus Respectivas Asignaciones (SEPTIEMBRE 2024)<\/a><\/td><\/tr><tr><td class=\"has-text-align-center\" data-align=\"center\"><a href=\"https:\/\/fedefutguate.gt\/informacionpublica\/wp-content\/uploads\/2024\/10\/Becas-de-Estudio-SEPTIEMBRE-2024.pdf\"><img loading=\"lazy\" decoding=\"async\" width=\"50\" height=\"58\" class=\"wp-image-266\" style=\"width: 50px;\" src=\"https:\/\/fedefutguate.gt\/informacionpublica\/wp-content\/uploads\/2022\/02\/pngaaa.com-2621310.png\" alt=\"\"><\/a><\/td><td><br><a href=\"https:\/\/fedefutguate.gt\/informacionpublica\/wp-content\/uploads\/2024\/10\/Becas-de-Estudio-SEPTIEMBRE-2024.pdf\">Becas de Estudio (SEPTIEMBRE 2024)<\/a><\/td><\/tr><tr><td class=\"has-text-align-center\" data-align=\"center\"><a href=\"https:\/\/fedefutguate.gt\/informacionpublica\/wp-content\/uploads\/2024\/11\/Transferencias-con-Fondos-Publicos-con-sus-respectiva-asignacion-OCTUBR.pdf\"><img loading=\"lazy\" decoding=\"async\" width=\"50\" height=\"58\" class=\"wp-image-266\" style=\"width: 50px;\" src=\"https:\/\/fedefutguate.gt\/informacionpublica\/wp-content\/uploads\/2022\/02\/pngaaa.com-2621310.png\" alt=\"\"><\/a><\/td><td><br><a href=\"https:\/\/fedefutguate.gt\/informacionpublica\/wp-content\/uploads\/2024\/11\/Transferencias-con-Fondos-Publicos-con-sus-respectiva-asignacion-OCTUBR.pdf\">Transferencias con Fondos P\u00fablicos con sus Respectivas Asignaciones (OCTUBRE 2024)<\/a><\/td><\/tr><tr><td class=\"has-text-align-center\" data-align=\"center\"><a href=\"https:\/\/fedefutguate.gt\/informacionpublica\/wp-content\/uploads\/2024\/11\/Becas-de-Estudio-OCTUBRE-2024.pdf\"><img loading=\"lazy\" decoding=\"async\" width=\"50\" height=\"58\" class=\"wp-image-266\" style=\"width: 50px;\" src=\"https:\/\/fedefutguate.gt\/informacionpublica\/wp-content\/uploads\/2022\/02\/pngaaa.com-2621310.png\" alt=\"\"><\/a><\/td><td><a href=\"https:\/\/fedefutguate.gt\/informacionpublica\/wp-content\/uploads\/2024\/11\/Becas-de-Estudio-OCTUBRE-2024.pdf\"><br>Becas de Estudio (OCTUBRE 2024)<\/a><\/td><\/tr><tr><td class=\"has-text-align-center\" data-align=\"center\"><a href=\"https:\/\/fedefutguate.gt\/informacionpublica\/wp-content\/uploads\/2024\/12\/Transferencias-con-Fondos-Publicos-con-sus-respectiva-asignacion-NOV.pdf\"><img loading=\"lazy\" decoding=\"async\" width=\"50\" height=\"58\" class=\"wp-image-266\" style=\"width: 50px;\" src=\"https:\/\/fedefutguate.gt\/informacionpublica\/wp-content\/uploads\/2022\/02\/pngaaa.com-2621310.png\" alt=\"\"><\/a><\/td><td><a href=\"https:\/\/fedefutguate.gt\/informacionpublica\/wp-content\/uploads\/2024\/12\/Transferencias-con-Fondos-Publicos-con-sus-respectiva-asignacion-NOV.pdf\">Transferencias con Fondos P\u00fablicos con sus Respectivas Asignaciones (NOVIEMBRE 2024)<\/a><\/td><\/tr><tr><td class=\"has-text-align-center\" data-align=\"center\"><a href=\"https:\/\/fedefutguate.gt\/informacionpublica\/wp-content\/uploads\/2024\/12\/Becas-de-Estudio-NOVIEMBRE-2024.pdf\"><img loading=\"lazy\" decoding=\"async\" width=\"50\" height=\"58\" class=\"wp-image-266\" style=\"width: 50px;\" src=\"https:\/\/fedefutguate.gt\/informacionpublica\/wp-content\/uploads\/2022\/02\/pngaaa.com-2621310.png\" alt=\"\"><\/a><\/td><td><a href=\"https:\/\/fedefutguate.gt\/informacionpublica\/wp-content\/uploads\/2024\/12\/Becas-de-Estudio-NOVIEMBRE-2024.pdf\">Becas de Estudio (NOVIEMBRE 2024)<\/a><\/td><\/tr><tr><td class=\"has-text-align-center\" data-align=\"center\"><a href=\"https:\/\/fedefutguate.gt\/informacionpublica\/wp-content\/uploads\/2025\/01\/Transferencias-con-Fondos-Publicos-con-sus-respectivas-asignaciones-DIC-2024.pdf\"><img loading=\"lazy\" decoding=\"async\" width=\"50\" height=\"58\" class=\"wp-image-266\" style=\"width: 50px;\" src=\"https:\/\/fedefutguate.gt\/informacionpublica\/wp-content\/uploads\/2022\/02\/pngaaa.com-2621310.png\" alt=\"\"><\/a><\/td><td><br><a href=\"https:\/\/fedefutguate.gt\/informacionpublica\/wp-content\/uploads\/2025\/01\/Transferencias-con-Fondos-Publicos-con-sus-respectivas-asignaciones-DIC-2024.pdf\">Transferencias con Fondos P\u00fablicos con sus Respectivas A<\/a>s<a href=\"https:\/\/fedefutguate.gt\/informacionpublica\/wp-content\/uploads\/2025\/01\/Transferencias-con-Fondos-Publicos-con-sus-respectivas-asignaciones-DIC-2024.pdf\">ignaciones (DICIEMBRE 2024)<\/a><\/td><\/tr><tr><td class=\"has-text-align-center\" data-align=\"center\"><a href=\"https:\/\/fedefutguate.gt\/informacionpublica\/wp-content\/uploads\/2025\/01\/Becas-de-Estudio-DICIEMBRE-2024.pdf\"><img loading=\"lazy\" decoding=\"async\" width=\"50\" height=\"58\" class=\"wp-image-266\" style=\"width: 50px;\" src=\"https:\/\/fedefutguate.gt\/informacionpublica\/wp-content\/uploads\/2022\/02\/pngaaa.com-2621310.png\" alt=\"\"><\/a><\/td><td><a href=\"https:\/\/fedefutguate.gt\/informacionpublica\/wp-content\/uploads\/2025\/01\/Becas-de-Estudio-DICIEMBRE-2024.pdf\">Becas de Estudio (DICIEMBRE 2024)<\/a><\/td><\/tr><\/tbody><\/table><\/figure>\n\n\n\n<p><\/p>\n","protected":false},"excerpt":{"rendered":"<p>Los montos asignados, los criterios de acceso y los padrones de beneficiarios de los programas de subsidios, becas o transferencias otorgados con fondos p\u00fablicos. Art\u00edculo 10, numeral 15 de la Ley de Acceso a la Informaci\u00f3n P\u00fablica (Este numeral aplica parcialmente ya que la Federaci\u00f3n Nacional de F\u00fatbol de Guatemala \u00fanicamente realiza transferencias otorgadas con &#8230; <a title=\"MONTOS ASIGNADOS, CRITERIOS DE ACCESO, PADRONES DE BENEFICIARIOS DE LOS PROGRAMAS DE SUBSIDIOS, BECAS O TRANFERENCIAS OTORGADOS CON FONDOS P\u00daBLICOS -2024-\" class=\"read-more\" href=\"https:\/\/fedefutguate.gt\/informacionpublica\/montos-asignados-criterios-de-acceso-padrones-de-beneficiarios-de-los-programas-de-subsidios-becas-o-tranferencias-otorgados-con-fondos-publicos-2024\/\" aria-label=\"Read more about MONTOS ASIGNADOS, CRITERIOS DE ACCESO, PADRONES DE BENEFICIARIOS DE LOS PROGRAMAS DE SUBSIDIOS, BECAS O TRANFERENCIAS OTORGADOS CON FONDOS P\u00daBLICOS -2024-\">Read more<\/a><\/p>\n","protected":false},"author":1,"featured_media":0,"parent":0,"menu_order":0,"comment_status":"closed","ping_status":"closed","template":"","meta":{"footnotes":""},"class_list":["post-3937","page","type-page","status-publish"],"_links":{"self":[{"href":"https:\/\/fedefutguate.gt\/informacionpublica\/wp-json\/wp\/v2\/pages\/3937","targetHints":{"allow":["GET"]}}],"collection":[{"href":"https:\/\/fedefutguate.gt\/informacionpublica\/wp-json\/wp\/v2\/pages"}],"about":[{"href":"https:\/\/fedefutguate.gt\/informacionpublica\/wp-json\/wp\/v2\/types\/page"}],"author":[{"embeddable":true,"href":"https:\/\/fedefutguate.gt\/informacionpublica\/wp-json\/wp\/v2\/users\/1"}],"replies":[{"embeddable":true,"href":"https:\/\/fedefutguate.gt\/informacionpublica\/wp-json\/wp\/v2\/comments?post=3937"}],"version-history":[{"count":17,"href":"https:\/\/fedefutguate.gt\/informacionpublica\/wp-json\/wp\/v2\/pages\/3937\/revisions"}],"predecessor-version":[{"id":5365,"href":"https:\/\/fedefutguate.gt\/informacionpublica\/wp-json\/wp\/v2\/pages\/3937\/revisions\/5365"}],"wp:attachment":[{"href":"https:\/\/fedefutguate.gt\/informacionpublica\/wp-json\/wp\/v2\/media?parent=3937"}],"curies":[{"name":"wp","href":"https:\/\/api.w.org\/{rel}","templated":true}]}}