{"id":3944,"date":"2024-02-07T02:51:54","date_gmt":"2024-02-07T01:51:54","guid":{"rendered":"https:\/\/fedefutguate.gt\/informacionpublica\/?page_id=3944"},"modified":"2024-02-16T18:09:02","modified_gmt":"2024-02-16T17:09:02","slug":"listado-de-empresas-precalificadas-para-la-ejecucion-de-obras-publicas-2024","status":"publish","type":"page","link":"https:\/\/fedefutguate.gt\/informacionpublica\/listado-de-empresas-precalificadas-para-la-ejecucion-de-obras-publicas-2024\/","title":{"rendered":"LISTADO DE EMPRESAS PRECALIFICADAS PARA LA EJECUCI\u00d3N DE OBRAS P\u00daBLICAS -2024-"},"content":{"rendered":"\n<p class=\"has-contrast-2-color has-text-color\">Los listados de las empresas precalificadas para la ejecuci\u00f3n de obras p\u00fablicas, de venta de bienes y de prestaci\u00f3n de servicios de cualquier naturaleza, incluyendo la informaci\u00f3n relacionada a la raz\u00f3n social, capital autorizado y la informaci\u00f3n que corresponda al rengl\u00f3n para el que fueron precalificadas.<\/p>\n\n\n\n<p>Art\u00edculo 10, numeral 17 de la Ley de Acceso a la Informaci\u00f3n P\u00fablica<\/p>\n\n\n\n<p class=\"has-contrast-3-color has-text-color\">(El presente numeral no aplica para la Federaci\u00f3n Nacional de F\u00fatbol de Guatemala por no contar a la fecha con empresas precalificadas para tales fines)<\/p>\n\n\n\n<figure class=\"wp-block-table is-style-stripes\"><table><tbody><tr><td class=\"has-text-align-right\" data-align=\"right\"><a href=\"https:\/\/fedefutguate.gt\/informacionpublica\/wp-content\/uploads\/2024\/02\/Justificacion-Tecnica-17-articulo-10-Ley-de-Informacion-Publica-2024-1-1.pdf\" target=\"_blank\" rel=\"noreferrer noopener\"><img loading=\"lazy\" decoding=\"async\" width=\"50\" height=\"58\" class=\"wp-image-266\" style=\"width: 50px;\" src=\"https:\/\/fedefutguate.gt\/informacionpublica\/wp-content\/uploads\/2022\/02\/pngaaa.com-2621310.png\" alt=\"\"><\/a><\/td><td><strong><a href=\"https:\/\/fedefutguate.gt\/informacionpublica\/wp-content\/uploads\/2024\/02\/Justificacion-Tecnica-17-articulo-10-Ley-de-Informacion-Publica-2024-1-1.pdf\" target=\"_blank\" rel=\"noreferrer noopener\">Justificaci\u00f3n T\u00e9cnica  A\u00f1o 2024 (Art\u00edculo 10 Numeral 17 de la Ley de Acceso a la Informaci\u00f3n P\u00fablica)<\/a><\/strong><\/td><\/tr><\/tbody><\/table><\/figure>\n","protected":false},"excerpt":{"rendered":"<p>Los listados de las empresas precalificadas para la ejecuci\u00f3n de obras p\u00fablicas, de venta de bienes y de prestaci\u00f3n de servicios de cualquier naturaleza, incluyendo la informaci\u00f3n relacionada a la raz\u00f3n social, capital autorizado y la informaci\u00f3n que corresponda al rengl\u00f3n para el que fueron precalificadas. Art\u00edculo 10, numeral 17 de la Ley de Acceso &#8230; <a title=\"LISTADO DE EMPRESAS PRECALIFICADAS PARA LA EJECUCI\u00d3N DE OBRAS P\u00daBLICAS -2024-\" class=\"read-more\" href=\"https:\/\/fedefutguate.gt\/informacionpublica\/listado-de-empresas-precalificadas-para-la-ejecucion-de-obras-publicas-2024\/\" aria-label=\"Read more about LISTADO DE EMPRESAS PRECALIFICADAS PARA LA EJECUCI\u00d3N DE OBRAS P\u00daBLICAS -2024-\">Read more<\/a><\/p>\n","protected":false},"author":1,"featured_media":0,"parent":0,"menu_order":0,"comment_status":"closed","ping_status":"closed","template":"","meta":{"footnotes":""},"class_list":["post-3944","page","type-page","status-publish"],"_links":{"self":[{"href":"https:\/\/fedefutguate.gt\/informacionpublica\/wp-json\/wp\/v2\/pages\/3944","targetHints":{"allow":["GET"]}}],"collection":[{"href":"https:\/\/fedefutguate.gt\/informacionpublica\/wp-json\/wp\/v2\/pages"}],"about":[{"href":"https:\/\/fedefutguate.gt\/informacionpublica\/wp-json\/wp\/v2\/types\/page"}],"author":[{"embeddable":true,"href":"https:\/\/fedefutguate.gt\/informacionpublica\/wp-json\/wp\/v2\/users\/1"}],"replies":[{"embeddable":true,"href":"https:\/\/fedefutguate.gt\/informacionpublica\/wp-json\/wp\/v2\/comments?post=3944"}],"version-history":[{"count":3,"href":"https:\/\/fedefutguate.gt\/informacionpublica\/wp-json\/wp\/v2\/pages\/3944\/revisions"}],"predecessor-version":[{"id":4144,"href":"https:\/\/fedefutguate.gt\/informacionpublica\/wp-json\/wp\/v2\/pages\/3944\/revisions\/4144"}],"wp:attachment":[{"href":"https:\/\/fedefutguate.gt\/informacionpublica\/wp-json\/wp\/v2\/media?parent=3944"}],"curies":[{"name":"wp","href":"https:\/\/api.w.org\/{rel}","templated":true}]}}