{"id":3947,"date":"2024-02-07T02:53:48","date_gmt":"2024-02-07T01:53:48","guid":{"rendered":"https:\/\/fedefutguate.gt\/informacionpublica\/?page_id=3947"},"modified":"2025-03-24T16:49:44","modified_gmt":"2025-03-24T15:49:44","slug":"obras-en-ejecucion-o-ejecutadas-total-o-parcialmente-con-fondos-publicos-2024","status":"publish","type":"page","link":"https:\/\/fedefutguate.gt\/informacionpublica\/obras-en-ejecucion-o-ejecutadas-total-o-parcialmente-con-fondos-publicos-2024\/","title":{"rendered":"OBRAS EN EJECUCI\u00d3N O EJECUTADAS TOTAL O PARCIALMENTE CON FONDOS P\u00daBLICOS -2024-"},"content":{"rendered":"\n<p class=\"has-contrast-2-color has-text-color\">El listado de las obras en ejecuci\u00f3n o ejecutadas total o parcialmente con fondos p\u00fablicos, o con recursos provenientes de pr\u00e9stamos otorgados a cualquiera de las entidades del Estado, indicando la ubicaci\u00f3n exacta, el costo total de la obra, la fuente de financiamiento, el tiempo de ejecuci\u00f3n, beneficiarios, empresa o entidad ejecutora, nombre del funcionario responsable de la obra, contenido y especificaciones del contrato correspondiente.<\/p>\n\n\n\n<p>Art\u00edculo 10, numeral 18 de la Ley de Acceso a la Informaci\u00f3n P\u00fablica.<\/p>\n\n\n\n<p class=\"has-contrast-3-color has-text-color\">(La Federaci\u00f3n Nacional de F\u00fatbol de Guatemala no efect\u00faa obras de esta naturaleza)<\/p>\n\n\n\n<figure class=\"wp-block-table is-style-stripes\"><table><tbody><tr><td class=\"has-text-align-right\" data-align=\"right\"><a href=\"https:\/\/fedefutguate.gt\/informacionpublica\/wp-content\/uploads\/2024\/02\/Listado-de-Obras-en-Ejecucion-o-Ejecutadas-ENERO-2024-1.pdf\" target=\"_blank\" rel=\"noreferrer noopener\"><img loading=\"lazy\" decoding=\"async\" width=\"50\" height=\"58\" class=\"wp-image-266\" style=\"width: 50px;\" src=\"https:\/\/fedefutguate.gt\/informacionpublica\/wp-content\/uploads\/2022\/02\/pngaaa.com-2621310.png\" alt=\"\"><\/a><\/td><td><a href=\"https:\/\/fedefutguate.gt\/informacionpublica\/wp-content\/uploads\/2024\/02\/Listado-de-Obras-en-Ejecucion-o-Ejecutadas-ENERO-2024-1.pdf\" target=\"_blank\" rel=\"noreferrer noopener\">Listado de Obras en Ejecuci\u00f3n o Ejecutadas (ENERO 2024)<\/a><\/td><\/tr><tr><td class=\"has-text-align-right\" data-align=\"right\"><a href=\"https:\/\/fedefutguate.gt\/informacionpublica\/wp-content\/uploads\/2024\/03\/Listado-de-Obras-en-Ejecucion-o-Ejecutadas-FEBRERO-2024.pdf\" target=\"_blank\" rel=\"noreferrer noopener\"><img loading=\"lazy\" decoding=\"async\" width=\"50\" height=\"58\" class=\"wp-image-266\" style=\"width: 50px;\" src=\"https:\/\/fedefutguate.gt\/informacionpublica\/wp-content\/uploads\/2022\/02\/pngaaa.com-2621310.png\" alt=\"\"><\/a><\/td><td><a href=\"https:\/\/fedefutguate.gt\/informacionpublica\/wp-content\/uploads\/2024\/03\/Listado-de-Obras-en-Ejecucion-o-Ejecutadas-FEBRERO-2024.pdf\" target=\"_blank\" rel=\"noreferrer noopener\">Listado de Obras en Ejecuci\u00f3n o Ejecutadas (FEBRERO 2024)<\/a><\/td><\/tr><tr><td class=\"has-text-align-right\" data-align=\"right\"><a href=\"https:\/\/fedefutguate.gt\/informacionpublica\/wp-content\/uploads\/2024\/04\/Listado-de-Obras-en-Ejecucion-o-Ejecutadas-MARZO-2024.pdf\"><img loading=\"lazy\" decoding=\"async\" width=\"50\" height=\"58\" class=\"wp-image-266\" style=\"width: 50px;\" src=\"https:\/\/fedefutguate.gt\/informacionpublica\/wp-content\/uploads\/2022\/02\/pngaaa.com-2621310.png\" alt=\"\"><\/a><\/td><td><a href=\"https:\/\/fedefutguate.gt\/informacionpublica\/wp-content\/uploads\/2024\/04\/Listado-de-Obras-en-Ejecucion-o-Ejecutadas-MARZO-2024.pdf\">Listado de Obras en Ejecuci\u00f3n o Ejecutadas (MARZO 2024)<\/a><\/td><\/tr><tr><td class=\"has-text-align-right\" data-align=\"right\"><a href=\"https:\/\/fedefutguate.gt\/informacionpublica\/wp-content\/uploads\/2024\/05\/Listado-de-Obras-en-Ejecucion-o-Ejecutadas-ABRIL-2024.pdf\"><img loading=\"lazy\" decoding=\"async\" width=\"50\" height=\"58\" class=\"wp-image-266\" style=\"width: 50px;\" src=\"https:\/\/fedefutguate.gt\/informacionpublica\/wp-content\/uploads\/2022\/02\/pngaaa.com-2621310.png\" alt=\"\"><\/a><\/td><td><a href=\"https:\/\/fedefutguate.gt\/informacionpublica\/wp-content\/uploads\/2024\/05\/Listado-de-Obras-en-Ejecucion-o-Ejecutadas-ABRIL-2024.pdf\">Listado de Obras en Ejecuci\u00f3n o Ejecutadas (ABRIL 2024)<\/a><\/td><\/tr><tr><td class=\"has-text-align-right\" data-align=\"right\"><a href=\"https:\/\/fedefutguate.gt\/informacionpublica\/wp-content\/uploads\/2024\/06\/Listado-de-Obras-en-Ejecucion-o-Ejecutadas-MAYO-2024.pdf\"><img loading=\"lazy\" decoding=\"async\" width=\"50\" height=\"58\" class=\"wp-image-266\" style=\"width: 50px;\" src=\"https:\/\/fedefutguate.gt\/informacionpublica\/wp-content\/uploads\/2022\/02\/pngaaa.com-2621310.png\" alt=\"\"><\/a><\/td><td><a href=\"https:\/\/fedefutguate.gt\/informacionpublica\/wp-content\/uploads\/2024\/06\/Listado-de-Obras-en-Ejecucion-o-Ejecutadas-MAYO-2024.pdf\">Listado de Obras en Ejecuci\u00f3n o Ejecutadas (MAYO 2024)<\/a><\/td><\/tr><tr><td class=\"has-text-align-right\" data-align=\"right\"><a href=\"https:\/\/fedefutguate.gt\/informacionpublica\/wp-content\/uploads\/2024\/07\/Listado-de-Obras-en-Ejecucion-o-Ejecutadas-JUNIO-2024.pdf\"><img loading=\"lazy\" decoding=\"async\" width=\"50\" height=\"58\" class=\"wp-image-266\" style=\"width: 50px;\" src=\"https:\/\/fedefutguate.gt\/informacionpublica\/wp-content\/uploads\/2022\/02\/pngaaa.com-2621310.png\" alt=\"\"><\/a><\/td><td><a href=\"https:\/\/fedefutguate.gt\/informacionpublica\/wp-content\/uploads\/2024\/07\/Listado-de-Obras-en-Ejecucion-o-Ejecutadas-JUNIO-2024.pdf\">Listado de Obras en Ejecuci\u00f3n o Ejecutadas (JUNIO 2024)<\/a><\/td><\/tr><tr><td class=\"has-text-align-right\" data-align=\"right\"><a href=\"https:\/\/fedefutguate.gt\/informacionpublica\/wp-content\/uploads\/2024\/08\/Listado-de-Obras-en-Ejecucion-o-Ejecutadas-JULIO-2024.pdf\"><img loading=\"lazy\" decoding=\"async\" width=\"50\" height=\"58\" class=\"wp-image-266\" style=\"width: 50px;\" src=\"https:\/\/fedefutguate.gt\/informacionpublica\/wp-content\/uploads\/2022\/02\/pngaaa.com-2621310.png\" alt=\"\"><\/a><\/td><td><a href=\"https:\/\/fedefutguate.gt\/informacionpublica\/wp-content\/uploads\/2024\/08\/Listado-de-Obras-en-Ejecucion-o-Ejecutadas-JULIO-2024.pdf\">Listado de Obras en Ejecuci\u00f3n o Ejecutadas (JULIO 2024)<\/a><\/td><\/tr><tr><td class=\"has-text-align-right\" data-align=\"right\"><a href=\"https:\/\/fedefutguate.gt\/informacionpublica\/wp-content\/uploads\/2024\/09\/Listado-de-Obras-en-Ejecucion-o-Ejecutadas-AGOSTO-2024.pdf\"><img loading=\"lazy\" decoding=\"async\" width=\"50\" height=\"58\" class=\"wp-image-266\" style=\"width: 50px;\" src=\"https:\/\/fedefutguate.gt\/informacionpublica\/wp-content\/uploads\/2022\/02\/pngaaa.com-2621310.png\" alt=\"\"><\/a><\/td><td><a href=\"https:\/\/fedefutguate.gt\/informacionpublica\/wp-content\/uploads\/2024\/09\/Listado-de-Obras-en-Ejecucion-o-Ejecutadas-AGOSTO-2024.pdf\">Listado de Obras en Ejecuci\u00f3n o Ejecutadas (AGOSTO 2024)<\/a><\/td><\/tr><tr><td class=\"has-text-align-right\" data-align=\"right\"><a href=\"https:\/\/fedefutguate.gt\/informacionpublica\/wp-content\/uploads\/2024\/10\/Listado-de-Obras-en-Ejecucion-o-Ejecutadas-SEPTIEMBRE-2024.pdf\"><img loading=\"lazy\" decoding=\"async\" width=\"50\" height=\"58\" class=\"wp-image-266\" style=\"width: 50px;\" src=\"https:\/\/fedefutguate.gt\/informacionpublica\/wp-content\/uploads\/2022\/02\/pngaaa.com-2621310.png\" alt=\"\"><\/a><\/td><td><a href=\"https:\/\/fedefutguate.gt\/informacionpublica\/wp-content\/uploads\/2024\/10\/Listado-de-Obras-en-Ejecucion-o-Ejecutadas-SEPTIEMBRE-2024.pdf\">Listado de Obras en Ejecuci\u00f3n o Ejecutadas (SEPTIEMBRE 2024)<\/a><\/td><\/tr><tr><td class=\"has-text-align-right\" data-align=\"right\"><a href=\"https:\/\/fedefutguate.gt\/informacionpublica\/wp-content\/uploads\/2024\/11\/Listado-de-Obras-en-Ejecucion-o-Ejecutadas-OCTUBRE-2024.pdf\"><img loading=\"lazy\" decoding=\"async\" width=\"50\" height=\"58\" class=\"wp-image-266\" style=\"width: 50px;\" src=\"https:\/\/fedefutguate.gt\/informacionpublica\/wp-content\/uploads\/2022\/02\/pngaaa.com-2621310.png\" alt=\"\"><\/a><\/td><td><br><a href=\"https:\/\/fedefutguate.gt\/informacionpublica\/wp-content\/uploads\/2024\/11\/Listado-de-Obras-en-Ejecucion-o-Ejecutadas-OCTUBRE-2024.pdf\">Listado de Obras en Ejecuci\u00f3n o Ejecutadas (OCTUBRE 2024)<\/a><\/td><\/tr><tr><td class=\"has-text-align-right\" data-align=\"right\"><a href=\"https:\/\/fedefutguate.gt\/informacionpublica\/wp-content\/uploads\/2024\/12\/Listado-de-Obras-en-Ejecucion-o-Ejecutadas-NOVIEMBRE-2024.pdf\"><img loading=\"lazy\" decoding=\"async\" width=\"50\" height=\"58\" class=\"wp-image-266\" style=\"width: 50px;\" src=\"https:\/\/fedefutguate.gt\/informacionpublica\/wp-content\/uploads\/2022\/02\/pngaaa.com-2621310.png\" alt=\"\"><\/a><\/td><td>Li<a href=\"https:\/\/fedefutguate.gt\/informacionpublica\/wp-content\/uploads\/2025\/03\/Listado-de-Obras-en-Ejecucion-o-Ejecutadas-NOVIEMBRE-2024.pdf\">stado de Obras en Ejecuci\u00f3n o Ejecutadas (NOVIEMBRE 2024)<\/a><\/td><\/tr><tr><td class=\"has-text-align-right\" data-align=\"right\"><a href=\"https:\/\/fedefutguate.gt\/informacionpublica\/wp-content\/uploads\/2025\/01\/Listado-de-Obras-en-Ejecucion-o-Ejecutadas-DICIEMBRE-2024.pdf\"><img loading=\"lazy\" decoding=\"async\" width=\"50\" height=\"58\" class=\"wp-image-266\" style=\"width: 50px;\" src=\"https:\/\/fedefutguate.gt\/informacionpublica\/wp-content\/uploads\/2022\/02\/pngaaa.com-2621310.png\" alt=\"\"><\/a><\/td><td><a href=\"https:\/\/fedefutguate.gt\/informacionpublica\/wp-content\/uploads\/2025\/01\/Listado-de-Obras-en-Ejecucion-o-Ejecutadas-DICIEMBRE-2024.pdf\">Listado de Obras en Ejecuci\u00f3n o Ejecutadas (DICIEMBRE 2024)<\/a><\/td><\/tr><\/tbody><\/table><\/figure>\n\n\n\n<p><\/p>\n","protected":false},"excerpt":{"rendered":"<p>El listado de las obras en ejecuci\u00f3n o ejecutadas total o parcialmente con fondos p\u00fablicos, o con recursos provenientes de pr\u00e9stamos otorgados a cualquiera de las entidades del Estado, indicando la ubicaci\u00f3n exacta, el costo total de la obra, la fuente de financiamiento, el tiempo de ejecuci\u00f3n, beneficiarios, empresa o entidad ejecutora, nombre del funcionario &#8230; <a title=\"OBRAS EN EJECUCI\u00d3N O EJECUTADAS TOTAL O PARCIALMENTE CON FONDOS P\u00daBLICOS -2024-\" class=\"read-more\" href=\"https:\/\/fedefutguate.gt\/informacionpublica\/obras-en-ejecucion-o-ejecutadas-total-o-parcialmente-con-fondos-publicos-2024\/\" aria-label=\"Read more about OBRAS EN EJECUCI\u00d3N O EJECUTADAS TOTAL O PARCIALMENTE CON FONDOS P\u00daBLICOS -2024-\">Read more<\/a><\/p>\n","protected":false},"author":1,"featured_media":0,"parent":0,"menu_order":0,"comment_status":"closed","ping_status":"closed","template":"","meta":{"footnotes":""},"class_list":["post-3947","page","type-page","status-publish"],"_links":{"self":[{"href":"https:\/\/fedefutguate.gt\/informacionpublica\/wp-json\/wp\/v2\/pages\/3947","targetHints":{"allow":["GET"]}}],"collection":[{"href":"https:\/\/fedefutguate.gt\/informacionpublica\/wp-json\/wp\/v2\/pages"}],"about":[{"href":"https:\/\/fedefutguate.gt\/informacionpublica\/wp-json\/wp\/v2\/types\/page"}],"author":[{"embeddable":true,"href":"https:\/\/fedefutguate.gt\/informacionpublica\/wp-json\/wp\/v2\/users\/1"}],"replies":[{"embeddable":true,"href":"https:\/\/fedefutguate.gt\/informacionpublica\/wp-json\/wp\/v2\/comments?post=3947"}],"version-history":[{"count":19,"href":"https:\/\/fedefutguate.gt\/informacionpublica\/wp-json\/wp\/v2\/pages\/3947\/revisions"}],"predecessor-version":[{"id":6015,"href":"https:\/\/fedefutguate.gt\/informacionpublica\/wp-json\/wp\/v2\/pages\/3947\/revisions\/6015"}],"wp:attachment":[{"href":"https:\/\/fedefutguate.gt\/informacionpublica\/wp-json\/wp\/v2\/media?parent=3947"}],"curies":[{"name":"wp","href":"https:\/\/api.w.org\/{rel}","templated":true}]}}