{"id":3950,"date":"2024-02-07T02:55:56","date_gmt":"2024-02-07T01:55:56","guid":{"rendered":"https:\/\/fedefutguate.gt\/informacionpublica\/?page_id=3950"},"modified":"2025-01-24T19:51:07","modified_gmt":"2025-01-24T18:51:07","slug":"contratos-de-arrendamiento-de-inmuebles-equipo-maquinaria-o-cualquier-otro-bien-o-servicio-2024","status":"publish","type":"page","link":"https:\/\/fedefutguate.gt\/informacionpublica\/contratos-de-arrendamiento-de-inmuebles-equipo-maquinaria-o-cualquier-otro-bien-o-servicio-2024\/","title":{"rendered":"CONTRATOS DE ARRENDAMIENTO DE INMUEBLES, EQUIPO, MAQUINARIA O CUALQUIER OTRO BIEN O SERVICIO -2024-"},"content":{"rendered":"\n<p><\/p>\n\n\n\n<p class=\"has-contrast-2-color has-text-color\">Los contratos de arrendamiento de inmuebles, equipo, maquinaria o cualquier otro bien o servicio, especificando las caracter\u00edsticas de los mismos, motivos del arrendamiento, datos generales del arrendatario, monto y plazo de los contratos.<\/p>\n\n\n\n<p>Art\u00edculo 10, numeral 19 de la Ley de Acceso a la Informaci\u00f3n P\u00fablica.<\/p>\n\n\n\n<figure class=\"wp-block-table is-style-stripes\"><table><tbody><tr><td class=\"has-text-align-right\" data-align=\"right\"><a href=\"https:\/\/fedefutguate.gt\/informacionpublica\/wp-content\/uploads\/2024\/02\/Contratos-de-Arrendamiento-ENERO-2024-1.pdf\" target=\"_blank\" rel=\"noreferrer noopener\"><img loading=\"lazy\" decoding=\"async\" width=\"50\" height=\"58\" class=\"wp-image-266\" style=\"width: 50px;\" src=\"https:\/\/fedefutguate.gt\/informacionpublica\/wp-content\/uploads\/2022\/02\/pngaaa.com-2621310.png\" alt=\"\"><\/a><\/td><td><a href=\"https:\/\/fedefutguate.gt\/informacionpublica\/wp-content\/uploads\/2024\/02\/Contratos-de-Arrendamiento-ENERO-2024-1.pdf\" target=\"_blank\" rel=\"noreferrer noopener\">Contratos de Arrendamiento de Inmuebles, Equipo, Maquinaria o cualquier otro Bien o Servicio (ENERO 2024)<\/a><\/td><\/tr><tr><td class=\"has-text-align-right\" data-align=\"right\"><a href=\"https:\/\/fedefutguate.gt\/informacionpublica\/wp-content\/uploads\/2024\/03\/Contratos-de-Arrendamiento-FEBRERO-2024.pdf\" target=\"_blank\" rel=\"noreferrer noopener\"><img loading=\"lazy\" decoding=\"async\" width=\"50\" height=\"58\" class=\"wp-image-266\" style=\"width: 50px;\" src=\"https:\/\/fedefutguate.gt\/informacionpublica\/wp-content\/uploads\/2022\/02\/pngaaa.com-2621310.png\" alt=\"\"><\/a><\/td><td><a href=\"https:\/\/fedefutguate.gt\/informacionpublica\/wp-content\/uploads\/2024\/03\/Contratos-de-Arrendamiento-FEBRERO-2024.pdf\" target=\"_blank\" rel=\"noreferrer noopener\">Contratos de Arrendamiento de Inmuebles, Equipo, Maquinaria o cualquier otro Bien o Servicio (FEBRERO 2024)<\/a><\/td><\/tr><tr><td class=\"has-text-align-right\" data-align=\"right\"><a href=\"https:\/\/fedefutguate.gt\/informacionpublica\/wp-content\/uploads\/2024\/04\/Contratos-de-Arrendamiento-MARZO-2024.pdf\"><img loading=\"lazy\" decoding=\"async\" width=\"50\" height=\"58\" class=\"wp-image-266\" style=\"width: 50px;\" src=\"https:\/\/fedefutguate.gt\/informacionpublica\/wp-content\/uploads\/2022\/02\/pngaaa.com-2621310.png\" alt=\"\"><\/a><\/td><td><a href=\"https:\/\/fedefutguate.gt\/informacionpublica\/wp-content\/uploads\/2024\/04\/Contratos-de-Arrendamiento-MARZO-2024.pdf\">Contratos de Arrendamiento de Inmuebles, Equipo, Maquinaria o cualquier otro Bien o Servicio (MARZO 2024)<\/a><\/td><\/tr><tr><td class=\"has-text-align-right\" data-align=\"right\"><a href=\"https:\/\/fedefutguate.gt\/informacionpublica\/wp-content\/uploads\/2024\/05\/Contratos-de-Arrendamiento-ABRIL-2024.pdf\"><img loading=\"lazy\" decoding=\"async\" width=\"50\" height=\"58\" class=\"wp-image-266\" style=\"width: 50px;\" src=\"https:\/\/fedefutguate.gt\/informacionpublica\/wp-content\/uploads\/2022\/02\/pngaaa.com-2621310.png\" alt=\"\"><\/a><\/td><td><a href=\"https:\/\/fedefutguate.gt\/informacionpublica\/wp-content\/uploads\/2024\/05\/Contratos-de-Arrendamiento-ABRIL-2024.pdf\">Contratos de Arrendamiento de Inmuebles, Equipo, Maquinaria o cualquier otro Bien o Servicio (ABRIL 2024)<\/a><\/td><\/tr><tr><td class=\"has-text-align-right\" data-align=\"right\"><a href=\"https:\/\/fedefutguate.gt\/informacionpublica\/wp-content\/uploads\/2024\/06\/Contratos-de-Arrendamiento-MAYO-2024.pdf\"><img loading=\"lazy\" decoding=\"async\" width=\"50\" height=\"58\" class=\"wp-image-266\" style=\"width: 50px;\" src=\"https:\/\/fedefutguate.gt\/informacionpublica\/wp-content\/uploads\/2022\/02\/pngaaa.com-2621310.png\" alt=\"\"><\/a><\/td><td><a href=\"https:\/\/fedefutguate.gt\/informacionpublica\/wp-content\/uploads\/2024\/06\/Contratos-de-Arrendamiento-MAYO-2024.pdf\">Contratos de Arrendamiento de Inmuebles, Equipo, Maquinaria o cualquier otro Bien o Servicio (MAYO 2024)<\/a><\/td><\/tr><tr><td class=\"has-text-align-right\" data-align=\"right\"><a href=\"https:\/\/fedefutguate.gt\/informacionpublica\/wp-content\/uploads\/2024\/07\/Contratos-de-Arrendamiento-JUNIO-2024.pdf\"><img loading=\"lazy\" decoding=\"async\" width=\"50\" height=\"58\" class=\"wp-image-266\" style=\"width: 50px;\" src=\"https:\/\/fedefutguate.gt\/informacionpublica\/wp-content\/uploads\/2022\/02\/pngaaa.com-2621310.png\" alt=\"\"><\/a><\/td><td><a href=\"https:\/\/fedefutguate.gt\/informacionpublica\/wp-content\/uploads\/2024\/07\/Contratos-de-Arrendamiento-JUNIO-2024.pdf\">Contratos de Arrendamiento de Inmuebles, Equipo, Maquinaria o cualquier otro Bien o Servicio (JUNIO 2024)<\/a><\/td><\/tr><tr><td class=\"has-text-align-right\" data-align=\"right\"><a href=\"https:\/\/fedefutguate.gt\/informacionpublica\/wp-content\/uploads\/2024\/08\/Contratos-de-Arrendamiento-JULIO-2024.pdf\"><img loading=\"lazy\" decoding=\"async\" width=\"50\" height=\"58\" class=\"wp-image-266\" style=\"width: 50px;\" src=\"https:\/\/fedefutguate.gt\/informacionpublica\/wp-content\/uploads\/2022\/02\/pngaaa.com-2621310.png\" alt=\"\"><\/a><\/td><td><a href=\"https:\/\/fedefutguate.gt\/informacionpublica\/wp-content\/uploads\/2024\/08\/Contratos-de-Arrendamiento-JULIO-2024.pdf\">Contratos de Arrendamiento de Inmuebles, Equipo, Maquinaria o cualquier otro Bien o Servicio (JULIO 2024)<\/a><\/td><\/tr><tr><td class=\"has-text-align-right\" data-align=\"right\"><a href=\"https:\/\/fedefutguate.gt\/informacionpublica\/wp-content\/uploads\/2024\/09\/Contratos-de-Arrendamiento-AGOSTO-2024.pdf\"><img loading=\"lazy\" decoding=\"async\" width=\"50\" height=\"58\" class=\"wp-image-266\" style=\"width: 50px;\" src=\"https:\/\/fedefutguate.gt\/informacionpublica\/wp-content\/uploads\/2022\/02\/pngaaa.com-2621310.png\" alt=\"\"><\/a><\/td><td><a href=\"https:\/\/fedefutguate.gt\/informacionpublica\/wp-content\/uploads\/2024\/09\/Contratos-de-Arrendamiento-AGOSTO-2024.pdf\">Contratos de Arrendamiento de Inmuebles, Equipo, Maquinaria o cualquier otro Bien o Servicio (AGOSTO 2024)<\/a><\/td><\/tr><tr><td class=\"has-text-align-right\" data-align=\"right\"><a href=\"https:\/\/fedefutguate.gt\/informacionpublica\/wp-content\/uploads\/2024\/10\/Contratos-de-Arrendamiento-SEPTIEMBRE-2024.pdf\"><img loading=\"lazy\" decoding=\"async\" width=\"50\" height=\"58\" class=\"wp-image-266\" style=\"width: 50px;\" src=\"https:\/\/fedefutguate.gt\/informacionpublica\/wp-content\/uploads\/2022\/02\/pngaaa.com-2621310.png\" alt=\"\"><\/a><\/td><td><a href=\"https:\/\/fedefutguate.gt\/informacionpublica\/wp-content\/uploads\/2024\/10\/Contratos-de-Arrendamiento-SEPTIEMBRE-2024.pdf\">Contratos de Arrendamiento de Inmuebles, Equipo, Maquinaria o cualquier otro Bien o Servicio (SEPTIEMBRE 2024)<\/a><\/td><\/tr><tr><td class=\"has-text-align-right\" data-align=\"right\"><a href=\"https:\/\/fedefutguate.gt\/informacionpublica\/wp-content\/uploads\/2024\/11\/Contratos-de-Arrendamiento-OCTUBRE-2024.pdf\"><img loading=\"lazy\" decoding=\"async\" width=\"50\" height=\"58\" class=\"wp-image-266\" style=\"width: 50px;\" src=\"https:\/\/fedefutguate.gt\/informacionpublica\/wp-content\/uploads\/2022\/02\/pngaaa.com-2621310.png\" alt=\"\"><\/a><\/td><td><a href=\"https:\/\/fedefutguate.gt\/informacionpublica\/wp-content\/uploads\/2024\/11\/Contratos-de-Arrendamiento-OCTUBRE-2024.pdf\">Contratos de Arrendamiento de Inmuebles, Equipo, Maquinaria o cualquier otro Bien o Servicio (OCTUBRE 2024)<\/a><\/td><\/tr><tr><td class=\"has-text-align-right\" data-align=\"right\"><a href=\"https:\/\/fedefutguate.gt\/informacionpublica\/wp-content\/uploads\/2024\/12\/Contratos-de-Arrendamiento-NOVIEMBRE-2024.pdf\"><img loading=\"lazy\" decoding=\"async\" width=\"50\" height=\"58\" class=\"wp-image-266\" style=\"width: 50px;\" src=\"https:\/\/fedefutguate.gt\/informacionpublica\/wp-content\/uploads\/2022\/02\/pngaaa.com-2621310.png\" alt=\"\"><\/a><\/td><td><a href=\"https:\/\/fedefutguate.gt\/informacionpublica\/wp-content\/uploads\/2024\/12\/Contratos-de-Arrendamiento-NOVIEMBRE-2024.pdf\">Contratos de Arrendamiento de Inmuebles, Equipo, Maquinaria o cualquier otro Bien o Servicio (NOVIEMBRE 2024)<\/a><\/td><\/tr><tr><td class=\"has-text-align-right\" data-align=\"right\"><a href=\"https:\/\/fedefutguate.gt\/informacionpublica\/wp-content\/uploads\/2025\/01\/Contratos-de-Arrendamiento-DICIEMBRE-2024.pdf\"><img loading=\"lazy\" decoding=\"async\" width=\"50\" height=\"58\" class=\"wp-image-266\" style=\"width: 50px;\" src=\"https:\/\/fedefutguate.gt\/informacionpublica\/wp-content\/uploads\/2022\/02\/pngaaa.com-2621310.png\" alt=\"\"><\/a><\/td><td><a href=\"https:\/\/fedefutguate.gt\/informacionpublica\/wp-content\/uploads\/2025\/01\/Contratos-de-Arrendamiento-DICIEMBRE-2024.pdf\">Contratos de Arrendamiento de Inmuebles, Equipo, Maquinaria o cualquier otro Bien o Servicio (DICIEMBRE 2024)<\/a><\/td><\/tr><\/tbody><\/table><\/figure>\n\n\n\n<p><\/p>\n","protected":false},"excerpt":{"rendered":"<p>Los contratos de arrendamiento de inmuebles, equipo, maquinaria o cualquier otro bien o servicio, especificando las caracter\u00edsticas de los mismos, motivos del arrendamiento, datos generales del arrendatario, monto y plazo de los contratos. Art\u00edculo 10, numeral 19 de la Ley de Acceso a la Informaci\u00f3n P\u00fablica. Contratos de Arrendamiento de Inmuebles, Equipo, Maquinaria o cualquier &#8230; <a title=\"CONTRATOS DE ARRENDAMIENTO DE INMUEBLES, EQUIPO, MAQUINARIA O CUALQUIER OTRO BIEN O SERVICIO -2024-\" class=\"read-more\" href=\"https:\/\/fedefutguate.gt\/informacionpublica\/contratos-de-arrendamiento-de-inmuebles-equipo-maquinaria-o-cualquier-otro-bien-o-servicio-2024\/\" aria-label=\"Read more about CONTRATOS DE ARRENDAMIENTO DE INMUEBLES, EQUIPO, MAQUINARIA O CUALQUIER OTRO BIEN O SERVICIO -2024-\">Read more<\/a><\/p>\n","protected":false},"author":1,"featured_media":0,"parent":0,"menu_order":0,"comment_status":"closed","ping_status":"closed","template":"","meta":{"footnotes":""},"class_list":["post-3950","page","type-page","status-publish"],"_links":{"self":[{"href":"https:\/\/fedefutguate.gt\/informacionpublica\/wp-json\/wp\/v2\/pages\/3950","targetHints":{"allow":["GET"]}}],"collection":[{"href":"https:\/\/fedefutguate.gt\/informacionpublica\/wp-json\/wp\/v2\/pages"}],"about":[{"href":"https:\/\/fedefutguate.gt\/informacionpublica\/wp-json\/wp\/v2\/types\/page"}],"author":[{"embeddable":true,"href":"https:\/\/fedefutguate.gt\/informacionpublica\/wp-json\/wp\/v2\/users\/1"}],"replies":[{"embeddable":true,"href":"https:\/\/fedefutguate.gt\/informacionpublica\/wp-json\/wp\/v2\/comments?post=3950"}],"version-history":[{"count":15,"href":"https:\/\/fedefutguate.gt\/informacionpublica\/wp-json\/wp\/v2\/pages\/3950\/revisions"}],"predecessor-version":[{"id":5366,"href":"https:\/\/fedefutguate.gt\/informacionpublica\/wp-json\/wp\/v2\/pages\/3950\/revisions\/5366"}],"wp:attachment":[{"href":"https:\/\/fedefutguate.gt\/informacionpublica\/wp-json\/wp\/v2\/media?parent=3950"}],"curies":[{"name":"wp","href":"https:\/\/api.w.org\/{rel}","templated":true}]}}