{"id":3953,"date":"2024-02-07T02:57:49","date_gmt":"2024-02-07T01:57:49","guid":{"rendered":"https:\/\/fedefutguate.gt\/informacionpublica\/?page_id=3953"},"modified":"2025-01-24T19:51:58","modified_gmt":"2025-01-24T18:51:58","slug":"contrataciones-a-traves-de-los-procesos-de-cotizacion-y-licitacion-2024","status":"publish","type":"page","link":"https:\/\/fedefutguate.gt\/informacionpublica\/contrataciones-a-traves-de-los-procesos-de-cotizacion-y-licitacion-2024\/","title":{"rendered":"CONTRATACIONES A TRAV\u00c9S DE LOS PROCESOS DE COTIZACI\u00d3N Y LICITACI\u00d3N -2024-"},"content":{"rendered":"\n<p class=\"has-contrast-2-color has-text-color\">Informaci\u00f3n sobre todas las contrataciones que se realicen a trav\u00e9s de los procesos de cotizaci\u00f3n y licitaci\u00f3n y sus contratos respectivos, identificando el n\u00famero de operaci\u00f3n correspondiente a los sistemas electr\u00f3nicos de registro de contrataciones de bienes o servicios, fecha de adjudicaci\u00f3n, nombre del proveedor, monto adjudicado, plazo del contrato y fecha de aprobaci\u00f3n del contrato respectivo.<\/p>\n\n\n\n<p>Art\u00edculo 10, numeral 20 de la Ley de Acceso a la Informaci\u00f3n P\u00fablica.<\/p>\n\n\n\n<figure class=\"wp-block-table is-style-stripes\"><table><tbody><tr><td class=\"has-text-align-right\" data-align=\"right\"><a href=\"https:\/\/fedefutguate.gt\/informacionpublica\/wp-content\/uploads\/2024\/02\/Contrataciones-por-Cotizacion-y-Licitacion-ENERO-2024-1.pdf\" target=\"_blank\" rel=\"noreferrer noopener\"><img loading=\"lazy\" decoding=\"async\" width=\"50\" height=\"58\" class=\"wp-image-266\" style=\"width: 50px;\" src=\"https:\/\/fedefutguate.gt\/informacionpublica\/wp-content\/uploads\/2022\/02\/pngaaa.com-2621310.png\" alt=\"\"><\/a><\/td><td><a href=\"https:\/\/fedefutguate.gt\/informacionpublica\/wp-content\/uploads\/2024\/02\/Contrataciones-por-Cotizacion-y-Licitacion-ENERO-2024-1.pdf\" target=\"_blank\" rel=\"noreferrer noopener\">Contrataciones por Cotizaci\u00f3n y Licitaci\u00f3n (ENERO 2024)<\/a><\/td><\/tr><tr><td class=\"has-text-align-right\" data-align=\"right\"><a href=\"https:\/\/fedefutguate.gt\/informacionpublica\/wp-content\/uploads\/2024\/03\/Contrataciones-por-Cotizacion-y-Licitacion-FEBRERO-2024.pdf\" target=\"_blank\" rel=\"noreferrer noopener\"><img loading=\"lazy\" decoding=\"async\" width=\"50\" height=\"58\" class=\"wp-image-266\" style=\"width: 50px;\" src=\"https:\/\/fedefutguate.gt\/informacionpublica\/wp-content\/uploads\/2022\/02\/pngaaa.com-2621310.png\" alt=\"\"><\/a><\/td><td><a href=\"https:\/\/fedefutguate.gt\/informacionpublica\/wp-content\/uploads\/2024\/03\/Contrataciones-por-Cotizacion-y-Licitacion-FEBRERO-2024.pdf\" target=\"_blank\" rel=\"noreferrer noopener\">Contrataciones por Cotizaci\u00f3n y Licitaci\u00f3n (FEBRERO 2024)<\/a><\/td><\/tr><tr><td class=\"has-text-align-right\" data-align=\"right\"><a href=\"https:\/\/fedefutguate.gt\/informacionpublica\/wp-content\/uploads\/2024\/04\/Contrataciones-por-Cotizacion-y-Licitacion-MARZO-2024.pdf\"><img loading=\"lazy\" decoding=\"async\" width=\"50\" height=\"58\" class=\"wp-image-266\" style=\"width: 50px;\" src=\"https:\/\/fedefutguate.gt\/informacionpublica\/wp-content\/uploads\/2022\/02\/pngaaa.com-2621310.png\" alt=\"\"><\/a><\/td><td><a href=\"https:\/\/fedefutguate.gt\/informacionpublica\/wp-content\/uploads\/2024\/04\/Contrataciones-por-Cotizacion-y-Licitacion-MARZO-2024.pdf\">Contrataciones por Cotizaci\u00f3n y Licitaci\u00f3n (MARZO 2024)<\/a><\/td><\/tr><tr><td class=\"has-text-align-right\" data-align=\"right\"><a href=\"https:\/\/fedefutguate.gt\/informacionpublica\/wp-content\/uploads\/2024\/05\/Contrataciones-por-Cotizacion-y-Licitacion-ABRIL-2024.pdf\"><img loading=\"lazy\" decoding=\"async\" width=\"50\" height=\"58\" class=\"wp-image-266\" style=\"width: 50px;\" src=\"https:\/\/fedefutguate.gt\/informacionpublica\/wp-content\/uploads\/2022\/02\/pngaaa.com-2621310.png\" alt=\"\"><\/a><\/td><td><a href=\"https:\/\/fedefutguate.gt\/informacionpublica\/wp-content\/uploads\/2024\/05\/Contrataciones-por-Cotizacion-y-Licitacion-ABRIL-2024.pdf\">Contrataciones por Cotizaci\u00f3n y Licitaci\u00f3n (ABRIL 2024)<\/a><\/td><\/tr><tr><td class=\"has-text-align-right\" data-align=\"right\"><a href=\"https:\/\/fedefutguate.gt\/informacionpublica\/wp-content\/uploads\/2024\/06\/Contrataciones-por-Cotizacion-y-Licitacion-MAYO-2024.pdf\"><img loading=\"lazy\" decoding=\"async\" width=\"50\" height=\"58\" class=\"wp-image-266\" style=\"width: 50px;\" src=\"https:\/\/fedefutguate.gt\/informacionpublica\/wp-content\/uploads\/2022\/02\/pngaaa.com-2621310.png\" alt=\"\"><\/a><\/td><td><a href=\"https:\/\/fedefutguate.gt\/informacionpublica\/wp-content\/uploads\/2024\/06\/Contrataciones-por-Cotizacion-y-Licitacion-MAYO-2024.pdf\">Contrataciones por Cotizaci\u00f3n y Licitaci\u00f3n (MAYO 2024)<\/a><\/td><\/tr><tr><td class=\"has-text-align-right\" data-align=\"right\"><a href=\"https:\/\/fedefutguate.gt\/informacionpublica\/wp-content\/uploads\/2024\/07\/Contrataciones-por-Cotizacion-y-Licitacion-JUNIO-2024.pdf\"><img loading=\"lazy\" decoding=\"async\" width=\"50\" height=\"58\" class=\"wp-image-266\" style=\"width: 50px;\" src=\"https:\/\/fedefutguate.gt\/informacionpublica\/wp-content\/uploads\/2022\/02\/pngaaa.com-2621310.png\" alt=\"\"><\/a><\/td><td><a href=\"https:\/\/fedefutguate.gt\/informacionpublica\/wp-content\/uploads\/2024\/07\/Contrataciones-por-Cotizacion-y-Licitacion-JUNIO-2024.pdf\">Contrataciones por Cotizaci\u00f3n y Licitaci\u00f3n (JUNIO 2024)<\/a><\/td><\/tr><tr><td class=\"has-text-align-right\" data-align=\"right\"><a href=\"https:\/\/fedefutguate.gt\/informacionpublica\/wp-content\/uploads\/2024\/08\/Contrataciones-por-Cotizacion-y-Licitacion-JULIO-2024.pdf\"><img loading=\"lazy\" decoding=\"async\" width=\"50\" height=\"58\" class=\"wp-image-266\" style=\"width: 50px;\" src=\"https:\/\/fedefutguate.gt\/informacionpublica\/wp-content\/uploads\/2022\/02\/pngaaa.com-2621310.png\" alt=\"\"><\/a><\/td><td><a href=\"https:\/\/fedefutguate.gt\/informacionpublica\/wp-content\/uploads\/2024\/08\/Contrataciones-por-Cotizacion-y-Licitacion-JULIO-2024.pdf\">Contrataciones por Cotizaci\u00f3n y Licitaci\u00f3n (JULIO 2024)<\/a><\/td><\/tr><tr><td class=\"has-text-align-right\" data-align=\"right\"><a href=\"https:\/\/fedefutguate.gt\/informacionpublica\/wp-content\/uploads\/2024\/09\/Contrataciones-por-Cotizacion-y-Licitacion-AGOSTO-2024.pdf\"><img loading=\"lazy\" decoding=\"async\" width=\"50\" height=\"58\" class=\"wp-image-266\" style=\"width: 50px;\" src=\"https:\/\/fedefutguate.gt\/informacionpublica\/wp-content\/uploads\/2022\/02\/pngaaa.com-2621310.png\" alt=\"\"><\/a><\/td><td><a href=\"https:\/\/fedefutguate.gt\/informacionpublica\/wp-content\/uploads\/2024\/09\/Contrataciones-por-Cotizacion-y-Licitacion-AGOSTO-2024.pdf\">Contrataciones por Cotizaci\u00f3n y Licitaci\u00f3n (AGOSTO 2024)<\/a><\/td><\/tr><tr><td class=\"has-text-align-right\" data-align=\"right\"><a href=\"https:\/\/fedefutguate.gt\/informacionpublica\/wp-content\/uploads\/2024\/10\/Contrataciones-por-Cotizacion-y-Licitacion-SEPTIEMBRE-2024.pdf\"><img loading=\"lazy\" decoding=\"async\" width=\"50\" height=\"58\" class=\"wp-image-266\" style=\"width: 50px;\" src=\"https:\/\/fedefutguate.gt\/informacionpublica\/wp-content\/uploads\/2022\/02\/pngaaa.com-2621310.png\" alt=\"\"><\/a><\/td><td><a href=\"https:\/\/fedefutguate.gt\/informacionpublica\/wp-content\/uploads\/2024\/10\/Contrataciones-por-Cotizacion-y-Licitacion-SEPTIEMBRE-2024.pdf\">Contrataciones por Cotizaci\u00f3n y Licitaci\u00f3n (SEPTIEMBRE 2024)<\/a><\/td><\/tr><tr><td class=\"has-text-align-right\" data-align=\"right\"><a href=\"https:\/\/fedefutguate.gt\/informacionpublica\/wp-content\/uploads\/2024\/11\/Contrataciones-por-Cotizacion-y-Licitacion-OCTUBRE-2024.pdf\"><img loading=\"lazy\" decoding=\"async\" width=\"50\" height=\"58\" class=\"wp-image-266\" style=\"width: 50px;\" src=\"https:\/\/fedefutguate.gt\/informacionpublica\/wp-content\/uploads\/2022\/02\/pngaaa.com-2621310.png\" alt=\"\"><\/a><\/td><td><a href=\"https:\/\/fedefutguate.gt\/informacionpublica\/wp-content\/uploads\/2024\/11\/Contrataciones-por-Cotizacion-y-Licitacion-OCTUBRE-2024.pdf\">Contrataciones por Cotizaci\u00f3n y Licitaci\u00f3n (OCTUBRE 2024)<\/a><\/td><\/tr><tr><td class=\"has-text-align-right\" data-align=\"right\"><a href=\"https:\/\/fedefutguate.gt\/informacionpublica\/wp-content\/uploads\/2024\/12\/Contrataciones-por-Cotizacion-y-Licitacion-NOVIEMBRE-2024.pdf\"><img loading=\"lazy\" decoding=\"async\" width=\"50\" height=\"58\" class=\"wp-image-266\" style=\"width: 50px;\" src=\"https:\/\/fedefutguate.gt\/informacionpublica\/wp-content\/uploads\/2022\/02\/pngaaa.com-2621310.png\" alt=\"\"><\/a><\/td><td><a href=\"https:\/\/fedefutguate.gt\/informacionpublica\/wp-content\/uploads\/2024\/12\/Contrataciones-por-Cotizacion-y-Licitacion-NOVIEMBRE-2024.pdf\">Contrataciones por Cotizaci\u00f3n y Licitaci\u00f3n (NOVIEMBRE 2024)<\/a><\/td><\/tr><tr><td class=\"has-text-align-right\" data-align=\"right\"><a href=\"https:\/\/fedefutguate.gt\/informacionpublica\/wp-content\/uploads\/2025\/01\/Contrataciones-por-Cotizacion-y-Licitacion-DICIEMBRE-2024.pdf\"><img loading=\"lazy\" decoding=\"async\" width=\"50\" height=\"58\" class=\"wp-image-266\" style=\"width: 50px;\" src=\"https:\/\/fedefutguate.gt\/informacionpublica\/wp-content\/uploads\/2022\/02\/pngaaa.com-2621310.png\" alt=\"\"><\/a><\/td><td><a href=\"https:\/\/fedefutguate.gt\/informacionpublica\/wp-content\/uploads\/2025\/01\/Contrataciones-por-Cotizacion-y-Licitacion-DICIEMBRE-2024.pdf\">Contrataciones por Cotizaci\u00f3n y Licitaci\u00f3n (DICIEMBRE 2024)<\/a><\/td><\/tr><\/tbody><\/table><\/figure>\n\n\n\n<p><\/p>\n","protected":false},"excerpt":{"rendered":"<p>Informaci\u00f3n sobre todas las contrataciones que se realicen a trav\u00e9s de los procesos de cotizaci\u00f3n y licitaci\u00f3n y sus contratos respectivos, identificando el n\u00famero de operaci\u00f3n correspondiente a los sistemas electr\u00f3nicos de registro de contrataciones de bienes o servicios, fecha de adjudicaci\u00f3n, nombre del proveedor, monto adjudicado, plazo del contrato y fecha de aprobaci\u00f3n del &#8230; <a title=\"CONTRATACIONES A TRAV\u00c9S DE LOS PROCESOS DE COTIZACI\u00d3N Y LICITACI\u00d3N -2024-\" class=\"read-more\" href=\"https:\/\/fedefutguate.gt\/informacionpublica\/contrataciones-a-traves-de-los-procesos-de-cotizacion-y-licitacion-2024\/\" aria-label=\"Read more about CONTRATACIONES A TRAV\u00c9S DE LOS PROCESOS DE COTIZACI\u00d3N Y LICITACI\u00d3N -2024-\">Read more<\/a><\/p>\n","protected":false},"author":1,"featured_media":0,"parent":0,"menu_order":0,"comment_status":"closed","ping_status":"closed","template":"","meta":{"footnotes":""},"class_list":["post-3953","page","type-page","status-publish"],"_links":{"self":[{"href":"https:\/\/fedefutguate.gt\/informacionpublica\/wp-json\/wp\/v2\/pages\/3953","targetHints":{"allow":["GET"]}}],"collection":[{"href":"https:\/\/fedefutguate.gt\/informacionpublica\/wp-json\/wp\/v2\/pages"}],"about":[{"href":"https:\/\/fedefutguate.gt\/informacionpublica\/wp-json\/wp\/v2\/types\/page"}],"author":[{"embeddable":true,"href":"https:\/\/fedefutguate.gt\/informacionpublica\/wp-json\/wp\/v2\/users\/1"}],"replies":[{"embeddable":true,"href":"https:\/\/fedefutguate.gt\/informacionpublica\/wp-json\/wp\/v2\/comments?post=3953"}],"version-history":[{"count":17,"href":"https:\/\/fedefutguate.gt\/informacionpublica\/wp-json\/wp\/v2\/pages\/3953\/revisions"}],"predecessor-version":[{"id":5367,"href":"https:\/\/fedefutguate.gt\/informacionpublica\/wp-json\/wp\/v2\/pages\/3953\/revisions\/5367"}],"wp:attachment":[{"href":"https:\/\/fedefutguate.gt\/informacionpublica\/wp-json\/wp\/v2\/media?parent=3953"}],"curies":[{"name":"wp","href":"https:\/\/api.w.org\/{rel}","templated":true}]}}