{"id":3956,"date":"2024-02-07T03:00:17","date_gmt":"2024-02-07T02:00:17","guid":{"rendered":"https:\/\/fedefutguate.gt\/informacionpublica\/?page_id=3956"},"modified":"2025-02-13T22:20:31","modified_gmt":"2025-02-13T21:20:31","slug":"destino-total-del-ejercicio-de-los-recurso-de-los-fideicomisos-constituidos-con-fondos-publicos-2024","status":"publish","type":"page","link":"https:\/\/fedefutguate.gt\/informacionpublica\/destino-total-del-ejercicio-de-los-recurso-de-los-fideicomisos-constituidos-con-fondos-publicos-2024\/","title":{"rendered":"DESTINO TOTAL DEL EJERCICIO DE LOS RECURSO DE LOS FIDEICOMISOS CONSTITUIDOS CON FONDOS P\u00daBLICOS -2024-"},"content":{"rendered":"\n<p class=\"has-contrast-2-color has-text-color\">Destino total del ejercicio de los recursos de los fideicomisos constituidos con fondos p\u00fablicos, incluyendo la informaci\u00f3n relacionada a las cotizaciones o licitaciones realizadas para la ejecuci\u00f3n de dichos recursos y gastos administrativos y operativos del fideicomiso.<\/p>\n\n\n\n<p>Art\u00edculo 10, numeral 21 de la Ley de Acceso a la Informaci\u00f3n P\u00fablica<\/p>\n\n\n\n<p class=\"has-contrast-3-color has-text-color\">El presente numeral no aplica para la Federaci\u00f3n Nacional de F\u00fatbol de Guatemala en virtud que no se han constituidos fideicomisos con fondos p\u00fablicos.<\/p>\n\n\n\n<figure class=\"wp-block-table is-style-stripes\"><table><tbody><tr><td class=\"has-text-align-right\" data-align=\"right\"><a href=\"https:\/\/fedefutguate.gt\/informacionpublica\/wp-content\/uploads\/2024\/02\/Justificacion-Tecnica-21-articulo-10-Ley-de-Acceso-a-la-Informacion-Publica-2024-.pdf\" target=\"_blank\" rel=\"noreferrer noopener\"><img loading=\"lazy\" decoding=\"async\" width=\"50\" height=\"58\" class=\"wp-image-266\" style=\"width: 50px;\" src=\"https:\/\/fedefutguate.gt\/informacionpublica\/wp-content\/uploads\/2022\/02\/pngaaa.com-2621310.png\" alt=\"\"><\/a><\/td><td><a href=\"https:\/\/fedefutguate.gt\/informacionpublica\/wp-content\/uploads\/2024\/02\/Justificacion-Tecnica-21-articulo-10-Ley-de-Acceso-a-la-Informacion-Publica-2024-.pdf\" target=\"_blank\" rel=\"noreferrer noopener\">Justificaci\u00f3n T\u00e9cnica  A\u00f1o 2024 (Art\u00edculo 10 Numeral 21 de la Ley de Acceso a la Informaci\u00f3n P\u00fablica)<\/a><\/td><\/tr><\/tbody><\/table><\/figure>\n\n\n\n<p><\/p>\n","protected":false},"excerpt":{"rendered":"<p>Destino total del ejercicio de los recursos de los fideicomisos constituidos con fondos p\u00fablicos, incluyendo la informaci\u00f3n relacionada a las cotizaciones o licitaciones realizadas para la ejecuci\u00f3n de dichos recursos y gastos administrativos y operativos del fideicomiso. Art\u00edculo 10, numeral 21 de la Ley de Acceso a la Informaci\u00f3n P\u00fablica El presente numeral no aplica &#8230; <a title=\"DESTINO TOTAL DEL EJERCICIO DE LOS RECURSO DE LOS FIDEICOMISOS CONSTITUIDOS CON FONDOS P\u00daBLICOS -2024-\" class=\"read-more\" href=\"https:\/\/fedefutguate.gt\/informacionpublica\/destino-total-del-ejercicio-de-los-recurso-de-los-fideicomisos-constituidos-con-fondos-publicos-2024\/\" aria-label=\"Read more about DESTINO TOTAL DEL EJERCICIO DE LOS RECURSO DE LOS FIDEICOMISOS CONSTITUIDOS CON FONDOS P\u00daBLICOS -2024-\">Read more<\/a><\/p>\n","protected":false},"author":1,"featured_media":0,"parent":0,"menu_order":0,"comment_status":"closed","ping_status":"closed","template":"","meta":{"footnotes":""},"class_list":["post-3956","page","type-page","status-publish"],"_links":{"self":[{"href":"https:\/\/fedefutguate.gt\/informacionpublica\/wp-json\/wp\/v2\/pages\/3956","targetHints":{"allow":["GET"]}}],"collection":[{"href":"https:\/\/fedefutguate.gt\/informacionpublica\/wp-json\/wp\/v2\/pages"}],"about":[{"href":"https:\/\/fedefutguate.gt\/informacionpublica\/wp-json\/wp\/v2\/types\/page"}],"author":[{"embeddable":true,"href":"https:\/\/fedefutguate.gt\/informacionpublica\/wp-json\/wp\/v2\/users\/1"}],"replies":[{"embeddable":true,"href":"https:\/\/fedefutguate.gt\/informacionpublica\/wp-json\/wp\/v2\/comments?post=3956"}],"version-history":[{"count":3,"href":"https:\/\/fedefutguate.gt\/informacionpublica\/wp-json\/wp\/v2\/pages\/3956\/revisions"}],"predecessor-version":[{"id":5663,"href":"https:\/\/fedefutguate.gt\/informacionpublica\/wp-json\/wp\/v2\/pages\/3956\/revisions\/5663"}],"wp:attachment":[{"href":"https:\/\/fedefutguate.gt\/informacionpublica\/wp-json\/wp\/v2\/media?parent=3956"}],"curies":[{"name":"wp","href":"https:\/\/api.w.org\/{rel}","templated":true}]}}