{"id":3962,"date":"2024-02-07T23:58:14","date_gmt":"2024-02-07T22:58:14","guid":{"rendered":"https:\/\/fedefutguate.gt\/informacionpublica\/?page_id=3962"},"modified":"2025-02-18T18:28:41","modified_gmt":"2025-02-18T17:28:41","slug":"informes-finales-de-las-auditorias-gubernamentales-o-privadas-2024","status":"publish","type":"page","link":"https:\/\/fedefutguate.gt\/informacionpublica\/informes-finales-de-las-auditorias-gubernamentales-o-privadas-2024\/","title":{"rendered":"INFORMES FINALES DE LAS AUDITOR\u00cdAS GUBERNAMENTALES O PRIVADAS -2024-"},"content":{"rendered":"\n<p class=\"has-contrast-2-color has-text-color\">Los informes finales de las auditorias gubernamentales o privadas practicadas a los sujetos obligados, conforme a los per\u00edodos de revisi\u00f3n correspondientes.<\/p>\n\n\n\n<p>Art\u00edculo 10, numeral 23 de la Ley de Acceso a la Informaci\u00f3n P\u00fablica<\/p>\n\n\n\n<figure class=\"wp-block-table is-style-stripes has-small-font-size\"><table class=\"has-contrast-2-color has-text-color\"><tbody><tr><td class=\"has-text-align-right\" data-align=\"right\"><a href=\"https:\/\/fedefutguate.gt\/informacionpublica\/wp-content\/uploads\/2024\/01\/INFORME-DE-AUDITORIA-OPERATIVA-No.-AI-092-2023-AUDITORIA-OPERATIVA-EN-EL-AREA-DE-PRESUPUESTO-DISTRIBUCION-Y-CUMPLIMIENTO-20-30-Y-50.pdf\"><img loading=\"lazy\" decoding=\"async\" width=\"50\" height=\"58\" class=\"wp-image-266\" style=\"width: 50px;\" src=\"https:\/\/fedefutguate.gt\/informacionpublica\/wp-content\/uploads\/2022\/02\/pngaaa.com-2621310.png\" alt=\"\"><\/a><\/td><td><a href=\"https:\/\/fedefutguate.gt\/informacionpublica\/wp-content\/uploads\/2024\/01\/INFORME-DE-AUDITORIA-OPERATIVA-No.-AI-092-2023-AUDITORIA-OPERATIVA-EN-EL-AREA-DE-PRESUPUESTO-DISTRIBUCION-Y-CUMPLIMIENTO-20-30-Y-50.pdf\" target=\"_blank\" rel=\"noreferrer noopener\"><br>Informe de Auditor\u00eda Operativa en el \u00e1rea de Presupuesto, Distribuci\u00f3n y Cumplimiento del 20%, 30% y 50% establecido en el art\u00edculo 132 de la Ley Nacional para el Desarrollo de la Cultura F\u00edsica y del Deporte y en el \u00e1rea de Control Interno de Almac\u00e9n en la Federaci\u00f3n Nacional de F\u00fatbol de Guatemala del 01 de enero al 30 de junio de 2023<\/a><\/td><\/tr><tr><td class=\"has-text-align-right\" data-align=\"right\"><a href=\"https:\/\/fedefutguate.gt\/informacionpublica\/wp-content\/uploads\/2024\/02\/Justificacion-Tecnica-23-articulo-10-Ley-de-Acceso-a-la-Informacion-Publica-ENERO-2024.pdf\" target=\"_blank\" rel=\"noreferrer noopener\"><img loading=\"lazy\" decoding=\"async\" width=\"50\" height=\"58\" class=\"wp-image-266\" style=\"width: 50px;\" src=\"https:\/\/fedefutguate.gt\/informacionpublica\/wp-content\/uploads\/2022\/02\/pngaaa.com-2621310.png\" alt=\"\"><\/a><\/td><td><a href=\"https:\/\/fedefutguate.gt\/informacionpublica\/wp-content\/uploads\/2024\/02\/Justificacion-Tecnica-23-articulo-10-Ley-de-Acceso-a-la-Informacion-Publica-ENERO-2024.pdf\" target=\"_blank\" rel=\"noreferrer noopener\">Of-FNFG-DF-0211-2024\/jac  (Justificaci\u00f3n T\u00e9cnica ENERO 2024) <\/a><\/td><\/tr><tr><td class=\"has-text-align-right\" data-align=\"right\"><a href=\"https:\/\/fedefutguate.gt\/informacionpublica\/wp-content\/uploads\/2024\/03\/Justificacion-Tecnica-23-articulo-10-Ley-de-Acceso-a-la-Informacion-Publica-FEBRERO-2024.pdf\" target=\"_blank\" rel=\"noreferrer noopener\"><img loading=\"lazy\" decoding=\"async\" width=\"50\" height=\"58\" class=\"wp-image-266\" style=\"width: 50px;\" src=\"https:\/\/fedefutguate.gt\/informacionpublica\/wp-content\/uploads\/2022\/02\/pngaaa.com-2621310.png\" alt=\"\"><\/a><\/td><td><a href=\"https:\/\/fedefutguate.gt\/informacionpublica\/wp-content\/uploads\/2024\/03\/Justificacion-Tecnica-23-articulo-10-Ley-de-Acceso-a-la-Informacion-Publica-FEBRERO-2024.pdf\" target=\"_blank\" rel=\"noreferrer noopener\">Of-FNFG-DF-0354-2024\/jac  (Justificaci\u00f3n T\u00e9cnica FEBRERO 2024) <\/a><\/td><\/tr><tr><td class=\"has-text-align-right\" data-align=\"right\"><a href=\"https:\/\/fedefutguate.gt\/informacionpublica\/wp-content\/uploads\/2024\/04\/Justificacion-Tecnica-23-articulo-10-Ley-de-Acceso-a-la-Informacion-Publica-MARZO-2024.pdf\"><img loading=\"lazy\" decoding=\"async\" width=\"50\" height=\"58\" class=\"wp-image-266\" style=\"width: 50px;\" src=\"https:\/\/fedefutguate.gt\/informacionpublica\/wp-content\/uploads\/2022\/02\/pngaaa.com-2621310.png\" alt=\"\"><\/a><\/td><td><a href=\"https:\/\/fedefutguate.gt\/informacionpublica\/wp-content\/uploads\/2024\/04\/Justificacion-Tecnica-23-articulo-10-Ley-de-Acceso-a-la-Informacion-Publica-MARZO-2024.pdf\">Of-FNFG-DF-0477-2024\/jac  (Justificaci\u00f3n T\u00e9cnica MARZO 2024) <\/a><\/td><\/tr><tr><td class=\"has-text-align-right\" data-align=\"right\"><a href=\"https:\/\/fedefutguate.gt\/informacionpublica\/wp-content\/uploads\/2024\/05\/RESULTADOS-DE-LA-EVALUACION-A-LA-DOCUMENTACION-REMITIDA-A-LA-COMISION-DE-FISCALIZACION-ADMINISTRATIVO-CONTABLE-CDAG.pdf\"><img loading=\"lazy\" decoding=\"async\" width=\"50\" height=\"58\" class=\"wp-image-266\" style=\"width: 50px;\" src=\"https:\/\/fedefutguate.gt\/informacionpublica\/wp-content\/uploads\/2022\/02\/pngaaa.com-2621310.png\" alt=\"\"><\/a><\/td><td><a href=\"https:\/\/fedefutguate.gt\/informacionpublica\/wp-content\/uploads\/2024\/05\/RESULTADOS-DE-LA-EVALUACION-A-LA-DOCUMENTACION-REMITIDA-A-LA-COMISION-DE-FISCALIZACION-ADMINISTRATIVO-CONTABLE-CDAG.pdf\">RESULTADOS DE LA EVALUACI\u00d3N A LA DOCUMENTACI\u00d3N REMITIDA A LA COMISI\u00d3N DE FISCALIZACI\u00d3N ADMINISTRATIVO CONTABLE (CDAG)<\/a><\/td><\/tr><tr><td class=\"has-text-align-right\" data-align=\"right\"><a href=\"https:\/\/fedefutguate.gt\/informacionpublica\/wp-content\/uploads\/2024\/06\/Auditoria-Externa-para-la-Revision-de-los-Estados-Financieros.pdf\"><img loading=\"lazy\" decoding=\"async\" width=\"50\" height=\"58\" class=\"wp-image-266\" style=\"width: 50px;\" src=\"https:\/\/fedefutguate.gt\/informacionpublica\/wp-content\/uploads\/2022\/02\/pngaaa.com-2621310.png\" alt=\"\"><\/a><\/td><td><a href=\"https:\/\/fedefutguate.gt\/informacionpublica\/wp-content\/uploads\/2024\/06\/Auditoria-Externa-para-la-Revision-de-los-Estados-Financieros.pdf\">AUDITOR\u00cdA EXTERNA PARA LA REVISI\u00d3N DE LOS ESTADOS FINANCIEROS DE LA FEDERACI\u00d3N NACIONAL DE F\u00daTBOL DE GUATEMALA (INFORME DE LOS AUDITORES INDEPENDIENTES AL 31 DE DICIEMBRE DE 2023)<\/a><\/td><\/tr><tr><td class=\"has-text-align-right\" data-align=\"right\"><a href=\"https:\/\/fedefutguate.gt\/informacionpublica\/wp-content\/uploads\/2024\/06\/INFORME-DE-AUDITORIA-FINANCIERA-Y-DE-CUMPLIMIENTO-FEDEFUT-DEL-01-DE-ENERO-AL-31-DE-DICIEMBRE-DE-2023.pdf\"><img loading=\"lazy\" decoding=\"async\" width=\"50\" height=\"58\" class=\"wp-image-266\" style=\"width: 50px;\" src=\"https:\/\/fedefutguate.gt\/informacionpublica\/wp-content\/uploads\/2022\/02\/pngaaa.com-2621310.png\" alt=\"\"><\/a><\/td><td>I<a href=\"https:\/\/fedefutguate.gt\/informacionpublica\/wp-content\/uploads\/2024\/06\/INFORME-DE-AUDITORIA-FINANCIERA-Y-DE-CUMPLIMIENTO-FEDEFUT-DEL-01-DE-ENERO-AL-31-DE-DICIEMBRE-DE-2023.pdf\">NFORME DE AUDITOR\u00cdA FINANCIERA Y DE CUMPLIMIENTO FEDERACI\u00d3N NACIONAL DE F\u00daTBOL DEL 01 DE ENERO AL 31 DE DICIEMBRE DE 2023 (CONTRALOR\u00cdA GENERAL DE CUENTAS)<\/a><\/td><\/tr><tr><td class=\"has-text-align-right\" data-align=\"right\"><a href=\"https:\/\/fedefutguate.gt\/informacionpublica\/wp-content\/uploads\/2024\/07\/Justificacion-Tecnica-23-articulo-10-Ley-de-Acceso-a-la-Informacion-Publica-JUNIO-2024.pdf\"><img loading=\"lazy\" decoding=\"async\" width=\"50\" height=\"58\" class=\"wp-image-266\" style=\"width: 50px;\" src=\"https:\/\/fedefutguate.gt\/informacionpublica\/wp-content\/uploads\/2022\/02\/pngaaa.com-2621310.png\" alt=\"\"><\/a><\/td><td><a href=\"https:\/\/fedefutguate.gt\/informacionpublica\/wp-content\/uploads\/2024\/07\/Justificacion-Tecnica-23-articulo-10-Ley-de-Acceso-a-la-Informacion-Publica-JUNIO-2024.pdf\">Of-FNFG-DF-0852-2024\/jac (Justificaci\u00f3n T\u00e9cnica JUNIO 2024)<\/a><\/td><\/tr><tr><td class=\"has-text-align-right\" data-align=\"right\"><a href=\"https:\/\/fedefutguate.gt\/informacionpublica\/wp-content\/uploads\/2024\/08\/Justificacion-Tecnica-23-articulo-10-Ley-de-Acceso-a-la-Informacion-Publica-JULIO-2024.pdf\"><img loading=\"lazy\" decoding=\"async\" width=\"50\" height=\"58\" class=\"wp-image-266\" style=\"width: 50px;\" src=\"https:\/\/fedefutguate.gt\/informacionpublica\/wp-content\/uploads\/2022\/02\/pngaaa.com-2621310.png\" alt=\"\"><\/a><\/td><td><a href=\"https:\/\/fedefutguate.gt\/informacionpublica\/wp-content\/uploads\/2024\/08\/Justificacion-Tecnica-23-articulo-10-Ley-de-Acceso-a-la-Informacion-Publica-JULIO-2024.pdf\">Of-FNFG-DF-1111-2024\/jac (Justificaci\u00f3n T\u00e9cnica JULIO 2024)<\/a><\/td><\/tr><tr><td class=\"has-text-align-right\" data-align=\"right\"><a href=\"https:\/\/fedefutguate.gt\/informacionpublica\/wp-content\/uploads\/2024\/09\/Justificacion-Tecnica-23-articulo-10-Ley-de-Acceso-a-la-Informacion-Publica-AGOSTO-2024.pdf\"><img loading=\"lazy\" decoding=\"async\" width=\"50\" height=\"58\" class=\"wp-image-266\" style=\"width: 50px;\" src=\"https:\/\/fedefutguate.gt\/informacionpublica\/wp-content\/uploads\/2022\/02\/pngaaa.com-2621310.png\" alt=\"\"><\/a><\/td><td><a href=\"https:\/\/fedefutguate.gt\/informacionpublica\/wp-content\/uploads\/2024\/09\/Justificacion-Tecnica-23-articulo-10-Ley-de-Acceso-a-la-Informacion-Publica-AGOSTO-2024.pdf\">Of-FNFG-DF-1261-2024\/jac (Justificaci\u00f3n T\u00e9cnica AGOSTO 2024)<\/a><\/td><\/tr><tr><td class=\"has-text-align-right\" data-align=\"right\"><a href=\"https:\/\/fedefutguate.gt\/informacionpublica\/wp-content\/uploads\/2024\/10\/Justificacion-Tecnica-23-articulo-10-Ley-de-Acceso-a-la-Informacion-Publica-SEPTIEMBRE-2024.pdf\"><img loading=\"lazy\" decoding=\"async\" width=\"50\" height=\"58\" class=\"wp-image-266\" style=\"width: 50px;\" src=\"https:\/\/fedefutguate.gt\/informacionpublica\/wp-content\/uploads\/2022\/02\/pngaaa.com-2621310.png\" alt=\"\"><\/a><\/td><td><a href=\"https:\/\/fedefutguate.gt\/informacionpublica\/wp-content\/uploads\/2024\/10\/Justificacion-Tecnica-23-articulo-10-Ley-de-Acceso-a-la-Informacion-Publica-SEPTIEMBRE-2024.pdf\">Of-FNFG-DF-1420-2024\/jac (Justificaci\u00f3n T\u00e9cnica SEPTIEMBRE 2024)<\/a><\/td><\/tr><tr><td class=\"has-text-align-right\" data-align=\"right\"><a href=\"https:\/\/fedefutguate.gt\/informacionpublica\/wp-content\/uploads\/2024\/11\/Justificacion-Tecnica-23-articulo-10-Ley-de-Acceso-a-la-Informacion-Publica-OCTUBRE-2024.pdf\"><img loading=\"lazy\" decoding=\"async\" width=\"50\" height=\"58\" class=\"wp-image-266\" style=\"width: 50px;\" src=\"https:\/\/fedefutguate.gt\/informacionpublica\/wp-content\/uploads\/2022\/02\/pngaaa.com-2621310.png\" alt=\"\"><\/a><\/td><td><a href=\"https:\/\/fedefutguate.gt\/informacionpublica\/wp-content\/uploads\/2024\/11\/Justificacion-Tecnica-23-articulo-10-Ley-de-Acceso-a-la-Informacion-Publica-OCTUBRE-2024.pdf\">Of-FNFG-DF-1656-2024\/jac (Justificaci\u00f3n T\u00e9cnica OCTUBRE 2024)<\/a><\/td><\/tr><tr><td class=\"has-text-align-right\" data-align=\"right\"><a href=\"https:\/\/fedefutguate.gt\/informacionpublica\/wp-content\/uploads\/2024\/11\/INFORME-DE-AUDITORIA-2023.pdf\"><img loading=\"lazy\" decoding=\"async\" width=\"50\" height=\"58\" class=\"wp-image-266\" style=\"width: 50px;\" src=\"https:\/\/fedefutguate.gt\/informacionpublica\/wp-content\/uploads\/2022\/02\/pngaaa.com-2621310.png\" alt=\"\"><\/a><\/td><td>I<a href=\"https:\/\/fedefutguate.gt\/informacionpublica\/wp-content\/uploads\/2024\/11\/INFORME-DE-AUDITORIA-2023.pdf\">NFORME DE AUDITOR\u00cdA DE CUMPLIMIENTO CON SEGURIDAD LIMITADA DE VERIFICACI\u00d3N A ENTIDADES FEDERACI\u00d3N NACIONAL DE F\u00daTBOL DE GUATEMALA DEL 01 DE ENERO AL 31 DE DICIEMBRE DE 2023<\/a><\/td><\/tr><tr><td class=\"has-text-align-right\" data-align=\"right\"><a href=\"https:\/\/fedefutguate.gt\/informacionpublica\/wp-content\/uploads\/2025\/02\/INFORM3.pdf\"><img loading=\"lazy\" decoding=\"async\" width=\"50\" height=\"58\" class=\"wp-image-266\" style=\"width: 50px;\" src=\"https:\/\/fedefutguate.gt\/informacionpublica\/wp-content\/uploads\/2022\/02\/pngaaa.com-2621310.png\" alt=\"\"><\/a><\/td><td><a href=\"https:\/\/fedefutguate.gt\/informacionpublica\/wp-content\/uploads\/2025\/02\/INFORM3.pdf\">INFORME DE AUDITOR\u00cdA OPERATIVA No. 029-AI-FADN-2024 QUE CONTIENE AUDITOR\u00cdA OPERATIVA EN EL \u00c1REA DE PRESUPUESTO, DISRIBUCI\u00d3N Y CUMPLIMIENTO 20% 30% Y 50%<\/a><\/td><\/tr><\/tbody><\/table><\/figure>\n\n\n\n<p><\/p>\n","protected":false},"excerpt":{"rendered":"<p>Los informes finales de las auditorias gubernamentales o privadas practicadas a los sujetos obligados, conforme a los per\u00edodos de revisi\u00f3n correspondientes. Art\u00edculo 10, numeral 23 de la Ley de Acceso a la Informaci\u00f3n P\u00fablica Informe de Auditor\u00eda Operativa en el \u00e1rea de Presupuesto, Distribuci\u00f3n y Cumplimiento del 20%, 30% y 50% establecido en el art\u00edculo &#8230; <a title=\"INFORMES FINALES DE LAS AUDITOR\u00cdAS GUBERNAMENTALES O PRIVADAS -2024-\" class=\"read-more\" href=\"https:\/\/fedefutguate.gt\/informacionpublica\/informes-finales-de-las-auditorias-gubernamentales-o-privadas-2024\/\" aria-label=\"Read more about INFORMES FINALES DE LAS AUDITOR\u00cdAS GUBERNAMENTALES O PRIVADAS -2024-\">Read more<\/a><\/p>\n","protected":false},"author":1,"featured_media":0,"parent":0,"menu_order":0,"comment_status":"closed","ping_status":"closed","template":"","meta":{"footnotes":""},"class_list":["post-3962","page","type-page","status-publish"],"_links":{"self":[{"href":"https:\/\/fedefutguate.gt\/informacionpublica\/wp-json\/wp\/v2\/pages\/3962","targetHints":{"allow":["GET"]}}],"collection":[{"href":"https:\/\/fedefutguate.gt\/informacionpublica\/wp-json\/wp\/v2\/pages"}],"about":[{"href":"https:\/\/fedefutguate.gt\/informacionpublica\/wp-json\/wp\/v2\/types\/page"}],"author":[{"embeddable":true,"href":"https:\/\/fedefutguate.gt\/informacionpublica\/wp-json\/wp\/v2\/users\/1"}],"replies":[{"embeddable":true,"href":"https:\/\/fedefutguate.gt\/informacionpublica\/wp-json\/wp\/v2\/comments?post=3962"}],"version-history":[{"count":17,"href":"https:\/\/fedefutguate.gt\/informacionpublica\/wp-json\/wp\/v2\/pages\/3962\/revisions"}],"predecessor-version":[{"id":5762,"href":"https:\/\/fedefutguate.gt\/informacionpublica\/wp-json\/wp\/v2\/pages\/3962\/revisions\/5762"}],"wp:attachment":[{"href":"https:\/\/fedefutguate.gt\/informacionpublica\/wp-json\/wp\/v2\/media?parent=3962"}],"curies":[{"name":"wp","href":"https:\/\/api.w.org\/{rel}","templated":true}]}}