{"id":3968,"date":"2024-02-08T00:02:07","date_gmt":"2024-02-07T23:02:07","guid":{"rendered":"https:\/\/fedefutguate.gt\/informacionpublica\/?page_id=3968"},"modified":"2024-02-16T18:48:16","modified_gmt":"2024-02-16T17:48:16","slug":"entidades-no-gubernamentales-o-privadas-2024","status":"publish","type":"page","link":"https:\/\/fedefutguate.gt\/informacionpublica\/entidades-no-gubernamentales-o-privadas-2024\/","title":{"rendered":"Entidades no Gubernamentales o Privadas -2024-"},"content":{"rendered":"\n<p class=\"has-contrast-2-color has-text-color\">En caso de las entidades no gubernamentales o de car\u00e1cter privado que manejen o administren fondos p\u00fablicos deben hacer p\u00fablica la informaci\u00f3n obligatoria contenida en los numerales anteriores, relacionada \u00fanicamente a las compras y contrataciones que realicen con dichos fondos.<\/p>\n\n\n\n<p>Art\u00edculo 10, numeral 25 de la Ley de Acceso a la Informaci\u00f3n P\u00fablica.<\/p>\n\n\n\n<p class=\"has-contrast-3-color has-text-color\">El presente numeral no aplica para la Federaci\u00f3n Nacional de F\u00fatbol de Guatemala en virtud de no ser una instituci\u00f3n no gubernamental o de car\u00e1cter privado.<\/p>\n\n\n\n<p><\/p>\n\n\n\n<figure class=\"wp-block-table is-style-stripes\"><table><tbody><tr><td class=\"has-text-align-right\" data-align=\"right\"><a href=\"https:\/\/fedefutguate.gt\/informacionpublica\/wp-content\/uploads\/2024\/02\/Justificacion-Tecnica-Articulo-10-25-Ley-de-Acceso-a-la-Informacion-Publica-2024-.pdf\" target=\"_blank\" rel=\"noreferrer noopener\"><img loading=\"lazy\" decoding=\"async\" width=\"50\" height=\"58\" class=\"wp-image-266\" style=\"width: 50px;\" src=\"https:\/\/fedefutguate.gt\/informacionpublica\/wp-content\/uploads\/2022\/02\/pngaaa.com-2621310.png\" alt=\"\"><\/a><\/td><td><strong><a href=\"https:\/\/fedefutguate.gt\/informacionpublica\/wp-content\/uploads\/2024\/02\/Justificacion-Tecnica-Articulo-10-25-Ley-de-Acceso-a-la-Informacion-Publica-2024-.pdf\" target=\"_blank\" rel=\"noreferrer noopener\">Justificaci\u00f3n T\u00e9cnica  A\u00f1o 2024 (Art\u00edculo 10 Numeral 25 de la Ley de Acceso a la Informaci\u00f3n P\u00fablica)<\/a><\/strong><\/td><\/tr><\/tbody><\/table><\/figure>\n","protected":false},"excerpt":{"rendered":"<p>En caso de las entidades no gubernamentales o de car\u00e1cter privado que manejen o administren fondos p\u00fablicos deben hacer p\u00fablica la informaci\u00f3n obligatoria contenida en los numerales anteriores, relacionada \u00fanicamente a las compras y contrataciones que realicen con dichos fondos. Art\u00edculo 10, numeral 25 de la Ley de Acceso a la Informaci\u00f3n P\u00fablica. El presente &#8230; <a title=\"Entidades no Gubernamentales o Privadas -2024-\" class=\"read-more\" href=\"https:\/\/fedefutguate.gt\/informacionpublica\/entidades-no-gubernamentales-o-privadas-2024\/\" aria-label=\"Read more about Entidades no Gubernamentales o Privadas -2024-\">Read more<\/a><\/p>\n","protected":false},"author":1,"featured_media":0,"parent":0,"menu_order":0,"comment_status":"closed","ping_status":"closed","template":"","meta":{"footnotes":""},"class_list":["post-3968","page","type-page","status-publish"],"_links":{"self":[{"href":"https:\/\/fedefutguate.gt\/informacionpublica\/wp-json\/wp\/v2\/pages\/3968","targetHints":{"allow":["GET"]}}],"collection":[{"href":"https:\/\/fedefutguate.gt\/informacionpublica\/wp-json\/wp\/v2\/pages"}],"about":[{"href":"https:\/\/fedefutguate.gt\/informacionpublica\/wp-json\/wp\/v2\/types\/page"}],"author":[{"embeddable":true,"href":"https:\/\/fedefutguate.gt\/informacionpublica\/wp-json\/wp\/v2\/users\/1"}],"replies":[{"embeddable":true,"href":"https:\/\/fedefutguate.gt\/informacionpublica\/wp-json\/wp\/v2\/comments?post=3968"}],"version-history":[{"count":2,"href":"https:\/\/fedefutguate.gt\/informacionpublica\/wp-json\/wp\/v2\/pages\/3968\/revisions"}],"predecessor-version":[{"id":4162,"href":"https:\/\/fedefutguate.gt\/informacionpublica\/wp-json\/wp\/v2\/pages\/3968\/revisions\/4162"}],"wp:attachment":[{"href":"https:\/\/fedefutguate.gt\/informacionpublica\/wp-json\/wp\/v2\/media?parent=3968"}],"curies":[{"name":"wp","href":"https:\/\/api.w.org\/{rel}","templated":true}]}}