{"id":3971,"date":"2024-02-08T00:04:45","date_gmt":"2024-02-07T23:04:45","guid":{"rendered":"https:\/\/fedefutguate.gt\/informacionpublica\/?page_id=3971"},"modified":"2024-03-06T15:11:19","modified_gmt":"2024-03-06T14:11:19","slug":"publicacion-de-informe-sobre-el-funcionamiento-y-finalidad-del-archivo-2024","status":"publish","type":"page","link":"https:\/\/fedefutguate.gt\/informacionpublica\/publicacion-de-informe-sobre-el-funcionamiento-y-finalidad-del-archivo-2024\/","title":{"rendered":"PUBLICACI\u00d3N DE INFORME SOBRE EL FUNCIONAMIENTO Y FINALIDAD DEL ARCHIVO -2024-"},"content":{"rendered":"\n<p class=\"has-contrast-2-color has-text-color\">Los responsables de los archivos de cada uno de los sujetos obligados deber\u00e1n publicar, por lo menos una vez al a\u00f1o, y a trav\u00e9s del Diario de Centro Am\u00e9rica, un informe sobre; el funcionamiento y finalidad del archivo, sus sistemas de registro y categor\u00edas de informaci\u00f3n, los procedimientos y facilidades de acceso al archivo.<\/p>\n\n\n\n<p class=\"has-contrast-3-color has-text-color\">Art\u00edculo 10, numeral 26 de la Ley de Acceso a la Informaci\u00f3n P\u00fablica.<\/p>\n\n\n\n<figure class=\"wp-block-table is-style-stripes has-medium-font-size\"><table><tbody><tr><td class=\"has-text-align-right\" data-align=\"right\"><a href=\"https:\/\/fedefutguate.gt\/informacionpublica\/wp-content\/uploads\/2023\/03\/EDICTO-PUBLICADO.pdf\" target=\"_blank\" rel=\"noreferrer noopener\"><img loading=\"lazy\" decoding=\"async\" width=\"50\" height=\"58\" class=\"wp-image-266\" style=\"width: 50px;\" src=\"https:\/\/fedefutguate.gt\/informacionpublica\/wp-content\/uploads\/2022\/02\/pngaaa.com-2621310.png\" alt=\"\"><\/a><\/td><td><a href=\"https:\/\/fedefutguate.gt\/informacionpublica\/wp-content\/uploads\/2023\/03\/EDICTO-PUBLICADO.pdf\" target=\"_blank\" rel=\"noreferrer noopener\">EDICTO sobre Funcionamiento y Finalidad del Archivo de la Federaci\u00f3n Nacional de F\u00fatbol de Guatemala  (2023)<\/a><\/td><\/tr><tr><td class=\"has-text-align-right\" data-align=\"right\"><a href=\"https:\/\/fedefutguate.gt\/informacionpublica\/wp-content\/uploads\/2024\/03\/EDICTO-FUNCIONAMIENTO-DE-ARCHVO-FEDEFUT-2024.pdf\" target=\"_blank\" rel=\"noreferrer noopener\"><img loading=\"lazy\" decoding=\"async\" width=\"50\" height=\"58\" class=\"wp-image-266\" style=\"width: 50px;\" src=\"https:\/\/fedefutguate.gt\/informacionpublica\/wp-content\/uploads\/2022\/02\/pngaaa.com-2621310.png\" alt=\"\"><\/a><\/td><td><a href=\"https:\/\/fedefutguate.gt\/informacionpublica\/wp-content\/uploads\/2024\/03\/EDICTO-FUNCIONAMIENTO-DE-ARCHVO-FEDEFUT-2024.pdf\" target=\"_blank\" rel=\"noreferrer noopener\">EDICTO sobre Funcionamiento y Finalidad del Archivo de la Federaci\u00f3n Nacional de F\u00fatbol de Guatemala  (2024)<\/a><\/td><\/tr><\/tbody><\/table><\/figure>\n\n\n\n<p><\/p>\n","protected":false},"excerpt":{"rendered":"<p>Los responsables de los archivos de cada uno de los sujetos obligados deber\u00e1n publicar, por lo menos una vez al a\u00f1o, y a trav\u00e9s del Diario de Centro Am\u00e9rica, un informe sobre; el funcionamiento y finalidad del archivo, sus sistemas de registro y categor\u00edas de informaci\u00f3n, los procedimientos y facilidades de acceso al archivo. Art\u00edculo &#8230; <a title=\"PUBLICACI\u00d3N DE INFORME SOBRE EL FUNCIONAMIENTO Y FINALIDAD DEL ARCHIVO -2024-\" class=\"read-more\" href=\"https:\/\/fedefutguate.gt\/informacionpublica\/publicacion-de-informe-sobre-el-funcionamiento-y-finalidad-del-archivo-2024\/\" aria-label=\"Read more about PUBLICACI\u00d3N DE INFORME SOBRE EL FUNCIONAMIENTO Y FINALIDAD DEL ARCHIVO -2024-\">Read more<\/a><\/p>\n","protected":false},"author":1,"featured_media":0,"parent":0,"menu_order":0,"comment_status":"closed","ping_status":"closed","template":"","meta":{"footnotes":""},"class_list":["post-3971","page","type-page","status-publish"],"_links":{"self":[{"href":"https:\/\/fedefutguate.gt\/informacionpublica\/wp-json\/wp\/v2\/pages\/3971","targetHints":{"allow":["GET"]}}],"collection":[{"href":"https:\/\/fedefutguate.gt\/informacionpublica\/wp-json\/wp\/v2\/pages"}],"about":[{"href":"https:\/\/fedefutguate.gt\/informacionpublica\/wp-json\/wp\/v2\/types\/page"}],"author":[{"embeddable":true,"href":"https:\/\/fedefutguate.gt\/informacionpublica\/wp-json\/wp\/v2\/users\/1"}],"replies":[{"embeddable":true,"href":"https:\/\/fedefutguate.gt\/informacionpublica\/wp-json\/wp\/v2\/comments?post=3971"}],"version-history":[{"count":4,"href":"https:\/\/fedefutguate.gt\/informacionpublica\/wp-json\/wp\/v2\/pages\/3971\/revisions"}],"predecessor-version":[{"id":4343,"href":"https:\/\/fedefutguate.gt\/informacionpublica\/wp-json\/wp\/v2\/pages\/3971\/revisions\/4343"}],"wp:attachment":[{"href":"https:\/\/fedefutguate.gt\/informacionpublica\/wp-json\/wp\/v2\/media?parent=3971"}],"curies":[{"name":"wp","href":"https:\/\/api.w.org\/{rel}","templated":true}]}}