{"id":3978,"date":"2024-02-08T00:08:07","date_gmt":"2024-02-07T23:08:07","guid":{"rendered":"https:\/\/fedefutguate.gt\/informacionpublica\/?page_id=3978"},"modified":"2025-01-24T19:54:28","modified_gmt":"2025-01-24T18:54:28","slug":"datos-relacionados-con-la-pertenencia-sociolinguistica-de-los-usuarios-de-sus-servicios-2024","status":"publish","type":"page","link":"https:\/\/fedefutguate.gt\/informacionpublica\/datos-relacionados-con-la-pertenencia-sociolinguistica-de-los-usuarios-de-sus-servicios-2024\/","title":{"rendered":"DATOS RELACIONADOS CON LA PERTENENCIA SOCIOLING\u00dc\u00cdSTICA DE LOS USUARIOS DE SUS SERVICIOS -2024-"},"content":{"rendered":"\n<p class=\"has-contrast-2-color has-text-color\">Las entidades e instituciones del Estado deber\u00e1n mantener informe actualizado sobre los datos relacionados con la pertenencia socioling\u00fc\u00edstica de los usuarios de sus servicios, a efecto de adecuar la prestaci\u00f3n de los mismos.<\/p>\n\n\n\n<p>Art\u00edculo 10, numeral 28 de la Ley de Acceso a la Informaci\u00f3n P\u00fablica.<\/p>\n\n\n\n<figure class=\"wp-block-table is-style-stripes\"><table><tbody><tr><td class=\"has-text-align-right\" data-align=\"right\"><a href=\"https:\/\/fedefutguate.gt\/informacionpublica\/wp-content\/uploads\/2024\/02\/Informe-de-Pertenencia-Sociolinguistica-ENERO-2024-1.pdf\" target=\"_blank\" rel=\"noreferrer noopener\"><img loading=\"lazy\" decoding=\"async\" width=\"50\" height=\"58\" class=\"wp-image-266\" style=\"width: 50px;\" src=\"https:\/\/fedefutguate.gt\/informacionpublica\/wp-content\/uploads\/2022\/02\/pngaaa.com-2621310.png\" alt=\"\"><\/a><\/td><td><a href=\"https:\/\/fedefutguate.gt\/informacionpublica\/wp-content\/uploads\/2024\/02\/Informe-de-Pertenencia-Sociolinguistica-ENERO-2024-1.pdf\" target=\"_blank\" rel=\"noreferrer noopener\">INFORME DE PERTENENCIA SOCIOLING\u00dc\u00cdSTICA (ENERO 2024)<\/a><\/td><\/tr><tr><td class=\"has-text-align-right\" data-align=\"right\"><a href=\"https:\/\/fedefutguate.gt\/informacionpublica\/wp-content\/uploads\/2024\/03\/Informe-de-Pertenencia-Sociolinguistica-FEBRERO-2024.pdf\" target=\"_blank\" rel=\"noreferrer noopener\"><img loading=\"lazy\" decoding=\"async\" width=\"50\" height=\"58\" class=\"wp-image-266\" style=\"width: 50px;\" src=\"https:\/\/fedefutguate.gt\/informacionpublica\/wp-content\/uploads\/2022\/02\/pngaaa.com-2621310.png\" alt=\"\"><\/a><\/td><td><a href=\"https:\/\/fedefutguate.gt\/informacionpublica\/wp-content\/uploads\/2024\/03\/Informe-de-Pertenencia-Sociolinguistica-FEBRERO-2024.pdf\" target=\"_blank\" rel=\"noreferrer noopener\">INFORME DE PERTENENCIA SOCIOLING\u00dc\u00cdSTICA (FEBRERO 2024)<\/a><\/td><\/tr><tr><td class=\"has-text-align-right\" data-align=\"right\"><a href=\"https:\/\/fedefutguate.gt\/informacionpublica\/wp-content\/uploads\/2024\/04\/Informe-de-Pertenencia-Sociolinguistica-MARZO-2024.pdf\"><img loading=\"lazy\" decoding=\"async\" width=\"50\" height=\"58\" class=\"wp-image-266\" style=\"width: 50px;\" src=\"https:\/\/fedefutguate.gt\/informacionpublica\/wp-content\/uploads\/2022\/02\/pngaaa.com-2621310.png\" alt=\"\"><\/a><\/td><td><a href=\"https:\/\/fedefutguate.gt\/informacionpublica\/wp-content\/uploads\/2024\/04\/Informe-de-Pertenencia-Sociolinguistica-MARZO-2024.pdf\">INFORME DE PERTENENCIA SOCIOLING\u00dc\u00cdSTICA (MARZO 2024)<\/a><\/td><\/tr><tr><td class=\"has-text-align-right\" data-align=\"right\"><a href=\"https:\/\/fedefutguate.gt\/informacionpublica\/wp-content\/uploads\/2024\/05\/Informe-de-Pertenencia-Sociolinguistica-ABRIL-2024.pdf\"><img loading=\"lazy\" decoding=\"async\" width=\"50\" height=\"58\" class=\"wp-image-266\" style=\"width: 50px;\" src=\"https:\/\/fedefutguate.gt\/informacionpublica\/wp-content\/uploads\/2022\/02\/pngaaa.com-2621310.png\" alt=\"\"><\/a><\/td><td><a href=\"https:\/\/fedefutguate.gt\/informacionpublica\/wp-content\/uploads\/2024\/05\/Informe-de-Pertenencia-Sociolinguistica-ABRIL-2024.pdf\">INFO<\/a><a href=\"https:\/\/fedefutguate.gt\/informacionpublica\/wp-content\/uploads\/2024\/06\/INFORME-DE-AUDITORIA-FINANCIERA-Y-DE-CUMPLIMIENTO-FEDEFUT-DEL-01-DE-ENERO-AL-31-DE-DICIEMBRE-DE-2023.pdf\">RME DE PERTENENCIA SOCIOLING\u00dc\u00cdSTICA (ABRIL 2024)<\/a><\/td><\/tr><tr><td class=\"has-text-align-right\" data-align=\"right\"><a href=\"https:\/\/fedefutguate.gt\/informacionpublica\/wp-content\/uploads\/2024\/06\/Informe-de-Pertenencia-Sociolinguistica-MAYO-2024.pdf\"><img loading=\"lazy\" decoding=\"async\" width=\"50\" height=\"58\" class=\"wp-image-266\" style=\"width: 50px;\" src=\"https:\/\/fedefutguate.gt\/informacionpublica\/wp-content\/uploads\/2022\/02\/pngaaa.com-2621310.png\" alt=\"\"><\/a><\/td><td><a href=\"https:\/\/fedefutguate.gt\/informacionpublica\/wp-content\/uploads\/2024\/06\/Informe-de-Pertenencia-Sociolinguistica-MAYO-2024.pdf\">INFORME DE PERTENENCIA SOCIOLING\u00dc\u00cdSTICA (MAYO 2024)<\/a><\/td><\/tr><tr><td class=\"has-text-align-right\" data-align=\"right\"><a href=\"https:\/\/fedefutguate.gt\/informacionpublica\/wp-content\/uploads\/2024\/07\/Informe-de-Pertenencia-Sociolinguistica-JUNIO-2024.pdf\"><img loading=\"lazy\" decoding=\"async\" width=\"50\" height=\"58\" class=\"wp-image-266\" style=\"width: 50px;\" src=\"https:\/\/fedefutguate.gt\/informacionpublica\/wp-content\/uploads\/2022\/02\/pngaaa.com-2621310.png\" alt=\"\"><\/a><\/td><td>I<a href=\"https:\/\/fedefutguate.gt\/informacionpublica\/wp-content\/uploads\/2024\/07\/Informe-de-Pertenencia-Sociolinguistica-JUNIO-2024.pdf\">NFORME DE<\/a> <a href=\"https:\/\/fedefutguate.gt\/informacionpublica\/wp-content\/uploads\/2024\/07\/Informe-de-Pertenencia-Sociolinguistica-JUNIO-2024.pdf\">PERTENENCIA SOCIOLING\u00dc\u00cdSTICA (JUNIO 2024)<\/a><\/td><\/tr><tr><td class=\"has-text-align-right\" data-align=\"right\"><a href=\"https:\/\/fedefutguate.gt\/informacionpublica\/wp-content\/uploads\/2024\/08\/Informe-de-Pertenencia-Sociolinguistica-JULIO-2024.pdf\"><img loading=\"lazy\" decoding=\"async\" width=\"50\" height=\"58\" class=\"wp-image-266\" style=\"width: 50px;\" src=\"https:\/\/fedefutguate.gt\/informacionpublica\/wp-content\/uploads\/2022\/02\/pngaaa.com-2621310.png\" alt=\"\"><\/a><\/td><td><a href=\"https:\/\/fedefutguate.gt\/informacionpublica\/wp-content\/uploads\/2024\/08\/Informe-de-Pertenencia-Sociolinguistica-JULIO-2024.pdf\">INFORME DE PERTENENCIA SOCIOLING\u00dc\u00cdSTICA (JULIO 2024)<\/a><\/td><\/tr><tr><td class=\"has-text-align-right\" data-align=\"right\"><a href=\"https:\/\/fedefutguate.gt\/informacionpublica\/wp-content\/uploads\/2024\/09\/Informe-de-Pertenencia-Sociolinguistica-AGOSTO-2024.pdf\"><img loading=\"lazy\" decoding=\"async\" width=\"50\" height=\"58\" class=\"wp-image-266\" style=\"width: 50px;\" src=\"https:\/\/fedefutguate.gt\/informacionpublica\/wp-content\/uploads\/2022\/02\/pngaaa.com-2621310.png\" alt=\"\"><\/a><\/td><td><a href=\"https:\/\/fedefutguate.gt\/informacionpublica\/wp-content\/uploads\/2024\/09\/Informe-de-Pertenencia-Sociolinguistica-AGOSTO-2024.pdf\">INFORME DE PERTENENCIA SOCIOLING\u00dc\u00cdSTICA (AGOSTO 2024)<\/a><\/td><\/tr><tr><td class=\"has-text-align-right\" data-align=\"right\"><a href=\"https:\/\/fedefutguate.gt\/informacionpublica\/wp-content\/uploads\/2024\/10\/Informe-de-Pertenencia-Sociolinguistica-SEPTIEMBRE-2024.pdf\"><img loading=\"lazy\" decoding=\"async\" width=\"50\" height=\"58\" class=\"wp-image-266\" style=\"width: 50px;\" src=\"https:\/\/fedefutguate.gt\/informacionpublica\/wp-content\/uploads\/2022\/02\/pngaaa.com-2621310.png\" alt=\"\"><\/a><\/td><td><a href=\"https:\/\/fedefutguate.gt\/informacionpublica\/wp-content\/uploads\/2024\/10\/Informe-de-Pertenencia-Sociolinguistica-SEPTIEMBRE-2024.pdf\">INFORME DE PERTENENCIA SOCIOLING\u00dc\u00cdSTICA (SEPTIEMBRE 2024)<\/a><\/td><\/tr><tr><td class=\"has-text-align-right\" data-align=\"right\"><a href=\"https:\/\/fedefutguate.gt\/informacionpublica\/wp-content\/uploads\/2024\/11\/Informe-de-Pertenencia-Sociolinguistica-OCTUBRE-2024.pdf\"><img loading=\"lazy\" decoding=\"async\" width=\"50\" height=\"58\" class=\"wp-image-266\" style=\"width: 50px;\" src=\"https:\/\/fedefutguate.gt\/informacionpublica\/wp-content\/uploads\/2022\/02\/pngaaa.com-2621310.png\" alt=\"\"><\/a><\/td><td><a href=\"https:\/\/fedefutguate.gt\/informacionpublica\/wp-content\/uploads\/2024\/11\/Informe-de-Pertenencia-Sociolinguistica-OCTUBRE-2024.pdf\">INFORME DE PERTENENCIA SOCIOLING\u00dc\u00cdSTICA (OCTUBRE 2024)<\/a><\/td><\/tr><tr><td class=\"has-text-align-right\" data-align=\"right\"><a href=\"https:\/\/fedefutguate.gt\/informacionpublica\/wp-content\/uploads\/2024\/12\/Informe-de-Pertenencia-Sociolinguistica-NOVIEMBRE-2024.pdf\"><img loading=\"lazy\" decoding=\"async\" width=\"50\" height=\"58\" class=\"wp-image-266\" style=\"width: 50px;\" src=\"https:\/\/fedefutguate.gt\/informacionpublica\/wp-content\/uploads\/2022\/02\/pngaaa.com-2621310.png\" alt=\"\"><\/a><\/td><td>I<a href=\"https:\/\/fedefutguate.gt\/informacionpublica\/wp-content\/uploads\/2024\/12\/Informe-de-Pertenencia-Sociolinguistica-NOVIEMBRE-2024.pdf\">NFORME DE PERTENENCIA SOCIOLING\u00dc\u00cdSTICA (NOVIEMBRE 2024)<\/a><\/td><\/tr><tr><td class=\"has-text-align-right\" data-align=\"right\"><a href=\"https:\/\/fedefutguate.gt\/informacionpublica\/wp-content\/uploads\/2025\/01\/Informe-de-Pertenencia-Sociolinguistica-DICIEMBRE-2024.pdf\"><img loading=\"lazy\" decoding=\"async\" width=\"50\" height=\"58\" class=\"wp-image-266\" style=\"width: 50px;\" src=\"https:\/\/fedefutguate.gt\/informacionpublica\/wp-content\/uploads\/2022\/02\/pngaaa.com-2621310.png\" alt=\"\"><\/a><\/td><td><br>I<a href=\"https:\/\/fedefutguate.gt\/informacionpublica\/wp-content\/uploads\/2025\/01\/Informe-de-Pertenencia-Sociolinguistica-DICIEMBRE-2024.pdf\">NFORME DE PERTENENCIA SOCIOLING\u00dc\u00cdSTICA (DICIEMBRE 2024)<\/a><\/td><\/tr><\/tbody><\/table><\/figure>\n\n\n\n<p><\/p>\n","protected":false},"excerpt":{"rendered":"<p>Las entidades e instituciones del Estado deber\u00e1n mantener informe actualizado sobre los datos relacionados con la pertenencia socioling\u00fc\u00edstica de los usuarios de sus servicios, a efecto de adecuar la prestaci\u00f3n de los mismos. Art\u00edculo 10, numeral 28 de la Ley de Acceso a la Informaci\u00f3n P\u00fablica. INFORME DE PERTENENCIA SOCIOLING\u00dc\u00cdSTICA (ENERO 2024) INFORME DE PERTENENCIA &#8230; <a title=\"DATOS RELACIONADOS CON LA PERTENENCIA SOCIOLING\u00dc\u00cdSTICA DE LOS USUARIOS DE SUS SERVICIOS -2024-\" class=\"read-more\" href=\"https:\/\/fedefutguate.gt\/informacionpublica\/datos-relacionados-con-la-pertenencia-sociolinguistica-de-los-usuarios-de-sus-servicios-2024\/\" aria-label=\"Read more about DATOS RELACIONADOS CON LA PERTENENCIA SOCIOLING\u00dc\u00cdSTICA DE LOS USUARIOS DE SUS SERVICIOS -2024-\">Read more<\/a><\/p>\n","protected":false},"author":1,"featured_media":0,"parent":0,"menu_order":0,"comment_status":"closed","ping_status":"closed","template":"","meta":{"footnotes":""},"class_list":["post-3978","page","type-page","status-publish"],"_links":{"self":[{"href":"https:\/\/fedefutguate.gt\/informacionpublica\/wp-json\/wp\/v2\/pages\/3978","targetHints":{"allow":["GET"]}}],"collection":[{"href":"https:\/\/fedefutguate.gt\/informacionpublica\/wp-json\/wp\/v2\/pages"}],"about":[{"href":"https:\/\/fedefutguate.gt\/informacionpublica\/wp-json\/wp\/v2\/types\/page"}],"author":[{"embeddable":true,"href":"https:\/\/fedefutguate.gt\/informacionpublica\/wp-json\/wp\/v2\/users\/1"}],"replies":[{"embeddable":true,"href":"https:\/\/fedefutguate.gt\/informacionpublica\/wp-json\/wp\/v2\/comments?post=3978"}],"version-history":[{"count":14,"href":"https:\/\/fedefutguate.gt\/informacionpublica\/wp-json\/wp\/v2\/pages\/3978\/revisions"}],"predecessor-version":[{"id":5370,"href":"https:\/\/fedefutguate.gt\/informacionpublica\/wp-json\/wp\/v2\/pages\/3978\/revisions\/5370"}],"wp:attachment":[{"href":"https:\/\/fedefutguate.gt\/informacionpublica\/wp-json\/wp\/v2\/media?parent=3978"}],"curies":[{"name":"wp","href":"https:\/\/api.w.org\/{rel}","templated":true}]}}