{"id":3981,"date":"2024-02-08T00:09:51","date_gmt":"2024-02-07T23:09:51","guid":{"rendered":"https:\/\/fedefutguate.gt\/informacionpublica\/?page_id=3981"},"modified":"2024-12-10T17:24:48","modified_gmt":"2024-12-10T16:24:48","slug":"otra-informacion-que-sea-de-utilidad-o-relevancia-2024","status":"publish","type":"page","link":"https:\/\/fedefutguate.gt\/informacionpublica\/otra-informacion-que-sea-de-utilidad-o-relevancia-2024\/","title":{"rendered":"OTRA INFORMACI\u00d3N QUE SEA DE UTILIDAD O RELEVANCIA -2024-"},"content":{"rendered":"\n<p><\/p>\n\n\n\n<p class=\"has-contrast-2-color has-text-color\">Cualquier otra informaci\u00f3n que sea de utilidad o relevancia para cumplir con los fines y objetivos de la Ley de Acceso a la Informaci\u00f3n P\u00fablica (DECRETO 57-2008 DEL CONGRESO DE LA REP\u00daBLICA DE GUATEMALA).<\/p>\n\n\n\n<p>Art\u00edculo 10, numeral 29 de la Ley de Acceso a la Informaci\u00f3n P\u00fablica.<\/p>\n\n\n\n<figure class=\"wp-block-table is-style-stripes\"><table><tbody><tr><td class=\"has-text-align-right\" data-align=\"right\"><a href=\"https:\/\/fedefutguate.gt\/informacionpublica\/wp-content\/uploads\/2024\/02\/MIEMBROS-COMITE-EJECUTIVO-ACTUALIZADO.jpg\" target=\"_blank\" rel=\"noreferrer noopener\"><img loading=\"lazy\" decoding=\"async\" width=\"50\" height=\"58\" class=\"wp-image-266\" style=\"width: 50px;\" src=\"https:\/\/fedefutguate.gt\/informacionpublica\/wp-content\/uploads\/2022\/02\/pngaaa.com-2621310.png\" alt=\"\"><\/a><\/td><td><a href=\"https:\/\/fedefutguate.gt\/informacionpublica\/wp-content\/uploads\/2024\/02\/MIEMBROS-COMITE-EJECUTIVO-ACTUALIZADO.jpg\" target=\"_blank\" rel=\"noreferrer noopener\">Integrantes Comit\u00e9 Ejecutivo Federaci\u00f3n Nacional de F\u00fatbol de Guatemala (Junio 2023-Junio 2027) <\/a><\/td><\/tr><tr><td class=\"has-text-align-right\" data-align=\"right\"><a href=\"https:\/\/fedefutguate.gt\/informacionpublica\/wp-content\/uploads\/2023\/02\/ACUERDO-CE-32-2019-ARANCEL-DE-LA-UNIDAD-DE-ACCESO-A-LA-INFORMACION-PUBLICA-DE-LA-FEDEFUT-VIGENTE-2022.pdf\" target=\"_blank\" rel=\"noreferrer noopener\"><img loading=\"lazy\" decoding=\"async\" width=\"50\" height=\"58\" class=\"wp-image-266\" style=\"width: 50px;\" src=\"https:\/\/fedefutguate.gt\/informacionpublica\/wp-content\/uploads\/2022\/02\/pngaaa.com-2621310.png\" alt=\"\"><\/a><\/td><td><a href=\"https:\/\/fedefutguate.gt\/informacionpublica\/wp-content\/uploads\/2023\/02\/ACUERDO-CE-32-2019-ARANCEL-DE-LA-UNIDAD-DE-ACCESO-A-LA-INFORMACION-PUBLICA-DE-LA-FEDEFUT-VIGENTE-2022.pdf\" target=\"_blank\" rel=\"noreferrer noopener\">Acuerdo CE-32-2019 Arancel Informaci\u00f3n P\u00fablica (Vigente para el a\u00f1o 2024)<\/a><\/td><\/tr><tr><td class=\"has-text-align-right\" data-align=\"right\"><a href=\"https:\/\/fedefutguate.gt\/informacionpublica\/wp-content\/uploads\/2023\/02\/ACUERDO-CE-42-2020-Reglamento-Selecciones-Nacionales-VIGENTE-ANO-2022.pdf\" target=\"_blank\" rel=\"noreferrer noopener\"><img loading=\"lazy\" decoding=\"async\" width=\"50\" height=\"58\" class=\"wp-image-266\" style=\"width: 50px;\" src=\"https:\/\/fedefutguate.gt\/informacionpublica\/wp-content\/uploads\/2022\/02\/pngaaa.com-2621310.png\" alt=\"\"><\/a><\/td><td><a href=\"https:\/\/fedefutguate.gt\/informacionpublica\/wp-content\/uploads\/2023\/02\/ACUERDO-CE-42-2020-Reglamento-Selecciones-Nacionales-VIGENTE-ANO-2022.pdf\" target=\"_blank\" rel=\"noreferrer noopener\">Acuerdo CE-042-2020 Reglamento de Selecciones Nacionales (Vigente hasta el 07\/07\/2024)<\/a><\/td><\/tr><tr><td class=\"has-text-align-right\" data-align=\"right\"><a href=\"https:\/\/fedefutguate.gt\/informacionpublica\/wp-content\/uploads\/2024\/07\/ACUERDO-CEF-028-2024-REGLAMENTO-DE-SELECCIONES.pdf\"><img loading=\"lazy\" decoding=\"async\" width=\"50\" height=\"58\" class=\"wp-image-266\" style=\"width: 50px;\" src=\"https:\/\/fedefutguate.gt\/informacionpublica\/wp-content\/uploads\/2022\/02\/pngaaa.com-2621310.png\" alt=\"\"><\/a><\/td><td><a href=\"https:\/\/fedefutguate.gt\/informacionpublica\/wp-content\/uploads\/2024\/07\/ACUERDO-CEF-028-2024-REGLAMENTO-DE-SELECCIONES.pdf\">Acuerdo CEF-028-2024 Reglamento de Selecciones Nacionales (Vigente desde el 08\/07\/2024)<\/a><\/td><\/tr><tr><td class=\"has-text-align-right\" data-align=\"right\"><a href=\"https:\/\/fedefutguate.gt\/informacionpublica\/wp-content\/uploads\/2023\/02\/COMO-FORMAR-PARTE-DE-LAS-SELECCIONES-NACIONALES.jpeg\" target=\"_blank\" rel=\"noreferrer noopener\"><img loading=\"lazy\" decoding=\"async\" width=\"50\" height=\"58\" class=\"wp-image-266\" style=\"width: 50px;\" src=\"https:\/\/fedefutguate.gt\/informacionpublica\/wp-content\/uploads\/2022\/02\/pngaaa.com-2621310.png\" alt=\"\"><\/a><\/td><td><a href=\"https:\/\/fedefutguate.gt\/informacionpublica\/wp-content\/uploads\/2023\/02\/COMO-FORMAR-PARTE-DE-LAS-SELECCIONES-NACIONALES.jpeg\" target=\"_blank\" rel=\"noreferrer noopener\">\u00bfC\u00f3mo formar parte de las Selecciones Nacionales?<\/a><\/td><\/tr><tr><td class=\"has-text-align-right\" data-align=\"right\"><a href=\"https:\/\/fedefutguate.gt\/informacionpublica\/wp-content\/uploads\/2023\/02\/Acuerdo-CE-021-2022-Codigo-Etico-1.pdf\" target=\"_blank\" rel=\"noreferrer noopener\"><img loading=\"lazy\" decoding=\"async\" width=\"50\" height=\"58\" class=\"wp-image-266\" style=\"width: 50px;\" src=\"https:\/\/fedefutguate.gt\/informacionpublica\/wp-content\/uploads\/2022\/02\/pngaaa.com-2621310.png\" alt=\"\"><\/a><\/td><td><a href=\"https:\/\/fedefutguate.gt\/informacionpublica\/wp-content\/uploads\/2023\/02\/Acuerdo-CE-021-2022-Codigo-Etico-1.pdf\" target=\"_blank\" rel=\"noreferrer noopener\">C\u00f3digo \u00c9tico de la Federaci\u00f3n Nacional de F\u00fatbol de Guatemala (Vigente para el a\u00f1o 2024)<\/a><\/td><\/tr><tr><td class=\"has-text-align-right\" data-align=\"right\"><a href=\"https:\/\/fedefutguate.gt\/informacionpublica\/wp-content\/uploads\/2023\/06\/ARANCEL-DE-TRAMITES-Y-GESTIONES-QUE-SE-REALIZAN-EN-LA-DIRECCION-DE-ASUNTOS-JURIDICOS-Y-DEPORTIVOS-DE-LA-FEDEFUT.pdf\" target=\"_blank\" rel=\"noreferrer noopener\"><img loading=\"lazy\" decoding=\"async\" width=\"50\" height=\"58\" class=\"wp-image-266\" style=\"width: 50px;\" src=\"https:\/\/fedefutguate.gt\/informacionpublica\/wp-content\/uploads\/2022\/02\/pngaaa.com-2621310.png\" alt=\"\"><\/a><\/td><td><a href=\"https:\/\/fedefutguate.gt\/informacionpublica\/wp-content\/uploads\/2023\/06\/ARANCEL-DE-TRAMITES-Y-GESTIONES-QUE-SE-REALIZAN-EN-LA-DIRECCION-DE-ASUNTOS-JURIDICOS-Y-DEPORTIVOS-DE-LA-FEDEFUT.pdf\" target=\"_blank\" rel=\"noreferrer noopener\">Arancel de Tr\u00e1mites y Gestiones que se realizan en la Direcci\u00f3n de Asuntos Jur\u00eddicos y Deportivos de la FEDEFUT<\/a><\/td><\/tr><tr><td class=\"has-text-align-right\" data-align=\"right\"><a href=\"https:\/\/fedefutguate.gt\/informacionpublica\/wp-content\/uploads\/2024\/06\/ACUERDO-10-2024-REGLAMENTO-LICENCIAS.pdf\"><img loading=\"lazy\" decoding=\"async\" width=\"50\" height=\"58\" class=\"wp-image-266\" style=\"width: 50px;\" src=\"https:\/\/fedefutguate.gt\/informacionpublica\/wp-content\/uploads\/2022\/02\/pngaaa.com-2621310.png\" alt=\"\"><\/a><\/td><td><a href=\"https:\/\/fedefutguate.gt\/informacionpublica\/wp-content\/uploads\/2024\/06\/ACUERDO-10-2024-REGLAMENTO-LICENCIAS.pdf\">Reglamento de Licencias de Entrenadores y\/o T\u00edtulos de Preparadores F\u00edsicos Emitidos por Federaciones Miembros de FIFA y Centros de Formaci\u00f3n Acad\u00e9mica<\/a><\/td><\/tr><tr><td class=\"has-text-align-right\" data-align=\"right\"><a href=\"https:\/\/fedefutguate.gt\/informacionpublica\/wp-content\/uploads\/2024\/12\/30-Acuerdo-CE-029-2022-Reglamento-Interno-CNRD-1.pdf\"><img loading=\"lazy\" decoding=\"async\" width=\"50\" height=\"58\" class=\"wp-image-266\" style=\"width: 50px;\" src=\"https:\/\/fedefutguate.gt\/informacionpublica\/wp-content\/uploads\/2022\/02\/pngaaa.com-2621310.png\" alt=\"\"><\/a><\/td><td><a href=\"https:\/\/fedefutguate.gt\/informacionpublica\/wp-content\/uploads\/2024\/12\/30-Acuerdo-CE-029-2022-Reglamento-Interno-CNRD-1.pdf\">Reglamento Interno de la C\u00e1mara Nacional de Resoluci\u00f3n de Disputas (Vigente hasta el 23 de julio del 2023)<\/a><\/td><\/tr><tr><td class=\"has-text-align-right\" data-align=\"right\"><a href=\"https:\/\/fedefutguate.gt\/informacionpublica\/wp-content\/uploads\/2024\/12\/30-ACUERDO-CEF-017-2023-Reglamento-interno-de-la-CNRD-1.pdf\"><img loading=\"lazy\" decoding=\"async\" width=\"50\" height=\"58\" class=\"wp-image-266\" style=\"width: 50px;\" src=\"https:\/\/fedefutguate.gt\/informacionpublica\/wp-content\/uploads\/2022\/02\/pngaaa.com-2621310.png\" alt=\"\"><\/a><\/td><td><a href=\"https:\/\/fedefutguate.gt\/informacionpublica\/wp-content\/uploads\/2024\/12\/30-ACUERDO-CEF-017-2023-Reglamento-interno-de-la-CNRD-1.pdf\">Reglamento Interno de la C\u00e1mara Nacional de Resoluci\u00f3n de Disputas (Vigente desde el 24 de julio del 2023)<\/a><\/td><\/tr><tr><td class=\"has-text-align-right\" data-align=\"right\"><img loading=\"lazy\" decoding=\"async\" width=\"50\" height=\"58\" class=\"wp-image-266\" style=\"width: 50px;\" src=\"https:\/\/fedefutguate.gt\/informacionpublica\/wp-content\/uploads\/2022\/02\/pngaaa.com-2621310.png\" alt=\"\"><\/td><td><a href=\"https:\/\/fedefutguate.gt\/informacionpublica\/wp-content\/uploads\/2024\/06\/ACUERDO-11-2024-REGLAMENTO-AVAL-LICENCIAS.pdf\">Reglamento para Tr\u00e1mite de Aval Federativo de Licencias para Integrantes de Cuerpos T\u00e9cnicos<\/a><\/td><\/tr><tr><td class=\"has-text-align-right\" data-align=\"right\"><a href=\"https:\/\/fedefutguate.gt\/informacionpublica\/wp-content\/uploads\/2024\/06\/ACUERDO-13-2024-REGLAMENTO-ESTATUTO-Y-TRANSFERENCIA-DE-JUGADORES.pdf\"><img loading=\"lazy\" decoding=\"async\" width=\"50\" height=\"58\" class=\"wp-image-266\" style=\"width: 50px;\" src=\"https:\/\/fedefutguate.gt\/informacionpublica\/wp-content\/uploads\/2022\/02\/pngaaa.com-2621310.png\" alt=\"\"><\/a><\/td><td><a href=\"https:\/\/fedefutguate.gt\/informacionpublica\/wp-content\/uploads\/2024\/06\/ACUERDO-13-2024-REGLAMENTO-ESTATUTO-Y-TRANSFERENCIA-DE-JUGADORES.pdf\">Reglamento sobre el Estatuto y la Transferencia de Jugadores de la Federaci\u00f3n Nacional de F\u00fatbol de Guatemala (Vigente hasta el 07\/07\/2024)<\/a> <\/td><\/tr><tr><td class=\"has-text-align-right\" data-align=\"right\"><img loading=\"lazy\" decoding=\"async\" width=\"50\" height=\"58\" class=\"wp-image-266\" style=\"width: 50px;\" src=\"https:\/\/fedefutguate.gt\/informacionpublica\/wp-content\/uploads\/2022\/02\/pngaaa.com-2621310.png\" alt=\"\"><\/td><td><a href=\"https:\/\/fedefutguate.gt\/informacionpublica\/wp-content\/uploads\/2024\/07\/ACUERDO-CEF-029-2024-REGLAMENTO-ESTATUTO-DEL-JUGADOR.pdf\">Reglamento sobre el Estatuto y la Transferencia de Jugadores de la Federaci\u00f3n Nacional de F\u00fatbol de Guatemala<\/a> <a href=\"https:\/\/fedefutguate.gt\/informacionpublica\/wp-content\/uploads\/2024\/07\/ACUERDO-CEF-029-2024-REGLAMENTO-ESTATUTO-DEL-JUGADOR.pdf\">(Vigente desde el 08\/07\/2024)<\/a><\/td><\/tr><tr><td class=\"has-text-align-right\" data-align=\"right\"><a href=\"https:\/\/fedefutguate.gt\/informacionpublica\/wp-content\/uploads\/2024\/06\/ACUERDO-14-2024-REGLAMENTO-SOLVENCIAS-DE-OFICIO-1.pdf\"><img loading=\"lazy\" decoding=\"async\" width=\"50\" height=\"58\" class=\"wp-image-266\" style=\"width: 50px;\" src=\"https:\/\/fedefutguate.gt\/informacionpublica\/wp-content\/uploads\/2022\/02\/pngaaa.com-2621310.png\" alt=\"\"><\/a><\/td><td><a href=\"https:\/\/fedefutguate.gt\/informacionpublica\/wp-content\/uploads\/2024\/06\/ACUERDO-14-2024-REGLAMENTO-SOLVENCIAS-DE-OFICIO-1.pdf\">Reglamento de Emisi\u00f3n de Solvencias de Oficio por la Federaci\u00f3n Nacional de F\u00fatbol de Guatemala<\/a><\/td><\/tr><\/tbody><\/table><\/figure>\n\n\n\n<p><\/p>\n","protected":false},"excerpt":{"rendered":"<p>Cualquier otra informaci\u00f3n que sea de utilidad o relevancia para cumplir con los fines y objetivos de la Ley de Acceso a la Informaci\u00f3n P\u00fablica (DECRETO 57-2008 DEL CONGRESO DE LA REP\u00daBLICA DE GUATEMALA). Art\u00edculo 10, numeral 29 de la Ley de Acceso a la Informaci\u00f3n P\u00fablica. Integrantes Comit\u00e9 Ejecutivo Federaci\u00f3n Nacional de F\u00fatbol de &#8230; <a title=\"OTRA INFORMACI\u00d3N QUE SEA DE UTILIDAD O RELEVANCIA -2024-\" class=\"read-more\" href=\"https:\/\/fedefutguate.gt\/informacionpublica\/otra-informacion-que-sea-de-utilidad-o-relevancia-2024\/\" aria-label=\"Read more about OTRA INFORMACI\u00d3N QUE SEA DE UTILIDAD O RELEVANCIA -2024-\">Read more<\/a><\/p>\n","protected":false},"author":1,"featured_media":0,"parent":0,"menu_order":0,"comment_status":"closed","ping_status":"closed","template":"","meta":{"footnotes":""},"class_list":["post-3981","page","type-page","status-publish"],"_links":{"self":[{"href":"https:\/\/fedefutguate.gt\/informacionpublica\/wp-json\/wp\/v2\/pages\/3981","targetHints":{"allow":["GET"]}}],"collection":[{"href":"https:\/\/fedefutguate.gt\/informacionpublica\/wp-json\/wp\/v2\/pages"}],"about":[{"href":"https:\/\/fedefutguate.gt\/informacionpublica\/wp-json\/wp\/v2\/types\/page"}],"author":[{"embeddable":true,"href":"https:\/\/fedefutguate.gt\/informacionpublica\/wp-json\/wp\/v2\/users\/1"}],"replies":[{"embeddable":true,"href":"https:\/\/fedefutguate.gt\/informacionpublica\/wp-json\/wp\/v2\/comments?post=3981"}],"version-history":[{"count":9,"href":"https:\/\/fedefutguate.gt\/informacionpublica\/wp-json\/wp\/v2\/pages\/3981\/revisions"}],"predecessor-version":[{"id":5238,"href":"https:\/\/fedefutguate.gt\/informacionpublica\/wp-json\/wp\/v2\/pages\/3981\/revisions\/5238"}],"wp:attachment":[{"href":"https:\/\/fedefutguate.gt\/informacionpublica\/wp-json\/wp\/v2\/media?parent=3981"}],"curies":[{"name":"wp","href":"https:\/\/api.w.org\/{rel}","templated":true}]}}