{"id":4218,"date":"2024-02-27T21:24:37","date_gmt":"2024-02-27T20:24:37","guid":{"rendered":"https:\/\/fedefutguate.gt\/informacionpublica\/?page_id=4218"},"modified":"2025-01-29T19:56:08","modified_gmt":"2025-01-29T18:56:08","slug":"publicacion-de-informes-en-portales-web-2024","status":"publish","type":"page","link":"https:\/\/fedefutguate.gt\/informacionpublica\/publicacion-de-informes-en-portales-web-2024\/","title":{"rendered":"PUBLICACI\u00d3N DE INFORMES EN PORTALES WEB 2024"},"content":{"rendered":"\n<p>Art\u00edculo 22<\/p>\n\n\n\n<p class=\"has-contrast-3-color has-text-color\">DECRETO 54-2022 \u201cLEY DEL PRESUPUESTO GENERAL DE INGRESOS Y EGRESOS DEL ESTADO PARA EL EJERCICIO FISCAL DOS MIL VEINTITR\u00c9S\u201d<\/p>\n\n\n\n<figure class=\"wp-block-table is-style-stripes\"><table><tbody><tr><td class=\"has-text-align-right\" data-align=\"right\"><a href=\"https:\/\/fedefutguate.gt\/informacionpublica\/wp-content\/uploads\/2024\/05\/Primer-Informe-Cuatrimestral-de-Asesorias-Tecnicas-y-Profesionales-2024.pdf\"><img loading=\"lazy\" decoding=\"async\" width=\"50\" height=\"58\" class=\"wp-image-266\" style=\"width: 50px;\" src=\"https:\/\/fedefutguate.gt\/informacionpublica\/wp-content\/uploads\/2022\/02\/pngaaa.com-2621310.png\" alt=\"\"><\/a><\/td><td><a href=\"https:\/\/fedefutguate.gt\/informacionpublica\/wp-content\/uploads\/2024\/05\/Primer-Informe-Cuatrimestral-de-Asesorias-Tecnicas-y-Profesionales-2024.pdf\">Primer Informe Cuatrimestral de Asesor\u00edas T\u00e9cnicas y Profesionales<\/a><\/td><\/tr><tr><td class=\"has-text-align-right\" data-align=\"right\"><a href=\"https:\/\/fedefutguate.gt\/informacionpublica\/wp-content\/uploads\/2024\/05\/Primer-Informe-Cuatrimestral-de-Asesorias-Tecnicas-y-Profesionales-2024.xlsx\"><img loading=\"lazy\" decoding=\"async\" width=\"50\" height=\"50\" class=\"wp-image-1825\" style=\"width: 50px;\" src=\"https:\/\/fedefutguate.gt\/informacionpublica\/wp-content\/uploads\/2022\/11\/xls-icon-3379.png\" alt=\"\"><\/a><\/td><td><a href=\"https:\/\/fedefutguate.gt\/informacionpublica\/wp-content\/uploads\/2024\/05\/Primer-Informe-Cuatrimestral-de-Asesorias-Tecnicas-y-Profesionales-2024.xlsx\">Primer Informe Cuatrimestral de Asesor\u00edas T\u00e9cnicas y Profesionales<\/a><\/td><\/tr><tr><td class=\"has-text-align-right\" data-align=\"right\"><img loading=\"lazy\" decoding=\"async\" width=\"50\" height=\"58\" class=\"wp-image-266\" style=\"width: 50px;\" src=\"https:\/\/fedefutguate.gt\/informacionpublica\/wp-content\/uploads\/2022\/02\/pngaaa.com-2621310.png\" alt=\"\"><\/td><td><a href=\"https:\/\/fedefutguate.gt\/informacionpublica\/wp-content\/uploads\/2024\/09\/SEGUNDO-Informe-Cuatrimestral-de-Asesorias-Tecnicas-y-Profesionales-2024.xlsx\">Segundo Informe Cuatrimestral de Asesor\u00edas T\u00e9cnicas y Profesionales<\/a><\/td><\/tr><tr><td class=\"has-text-align-right\" data-align=\"right\"><a href=\"https:\/\/fedefutguate.gt\/informacionpublica\/wp-content\/uploads\/2024\/09\/SEGUNDO-Informe-Cuatrimestral-de-Asesorias-Tecnicas-y-Profesionales-2024-1.xlsx\"><img loading=\"lazy\" decoding=\"async\" width=\"50\" height=\"50\" class=\"wp-image-1825\" style=\"width: 50px;\" src=\"https:\/\/fedefutguate.gt\/informacionpublica\/wp-content\/uploads\/2022\/11\/xls-icon-3379.png\" alt=\"\"><\/a><\/td><td><a href=\"https:\/\/fedefutguate.gt\/informacionpublica\/wp-content\/uploads\/2024\/09\/SEGUNDO-Informe-Cuatrimestral-de-Asesorias-Tecnicas-y-Profesionales-2024-1.xlsx\">Segundo Informe Cuatrimestral de Asesor\u00edas T\u00e9cnicas y Profesionales<\/a><\/td><\/tr><tr><td class=\"has-text-align-right\" data-align=\"right\"><a href=\"https:\/\/fedefutguate.gt\/informacionpublica\/wp-content\/uploads\/2025\/01\/TERCER-Informe-Cuatrimestral-de-Asesorias-Tecnicas-y-Profesionales-2024.pdf\"><img loading=\"lazy\" decoding=\"async\" width=\"50\" height=\"58\" class=\"wp-image-266\" style=\"width: 50px;\" src=\"https:\/\/fedefutguate.gt\/informacionpublica\/wp-content\/uploads\/2022\/02\/pngaaa.com-2621310.png\" alt=\"\"><\/a><\/td><td><a href=\"https:\/\/fedefutguate.gt\/informacionpublica\/wp-content\/uploads\/2025\/01\/TERCER-Informe-Cuatrimestral-de-Asesorias-Tecnicas-y-Profesionales-2024.pdf\">Tercer Informe Cuatrimestral de Asesor\u00edas T\u00e9cnicas y Profesionales<\/a><\/td><\/tr><tr><td class=\"has-text-align-right\" data-align=\"right\"><a href=\"https:\/\/fedefutguate.gt\/informacionpublica\/wp-content\/uploads\/2025\/01\/TERCER-Informe-Cuatrimestral-de-Asesorias-Tecnicas-y-Profesionales-2024.xlsx\"><img loading=\"lazy\" decoding=\"async\" width=\"50\" height=\"50\" class=\"wp-image-1825\" style=\"width: 50px;\" src=\"https:\/\/fedefutguate.gt\/informacionpublica\/wp-content\/uploads\/2022\/11\/xls-icon-3379.png\" alt=\"\"><\/a><\/td><td><br><a href=\"https:\/\/fedefutguate.gt\/informacionpublica\/wp-content\/uploads\/2025\/01\/TERCER-Informe-Cuatrimestral-de-Asesorias-Tecnicas-y-Profesionales-2024.xlsx\">TERCER Informe Cuatrimestral de Asesor\u00edas T\u00e9cnicas y Profesionales 2024<\/a><\/td><\/tr><\/tbody><\/table><\/figure>\n\n\n\n<p><\/p>\n","protected":false},"excerpt":{"rendered":"<p>Art\u00edculo 22 DECRETO 54-2022 \u201cLEY DEL PRESUPUESTO GENERAL DE INGRESOS Y EGRESOS DEL ESTADO PARA EL EJERCICIO FISCAL DOS MIL VEINTITR\u00c9S\u201d Primer Informe Cuatrimestral de Asesor\u00edas T\u00e9cnicas y Profesionales Primer Informe Cuatrimestral de Asesor\u00edas T\u00e9cnicas y Profesionales Segundo Informe Cuatrimestral de Asesor\u00edas T\u00e9cnicas y Profesionales Segundo Informe Cuatrimestral de Asesor\u00edas T\u00e9cnicas y Profesionales Tercer Informe &#8230; <a title=\"PUBLICACI\u00d3N DE INFORMES EN PORTALES WEB 2024\" class=\"read-more\" href=\"https:\/\/fedefutguate.gt\/informacionpublica\/publicacion-de-informes-en-portales-web-2024\/\" aria-label=\"Read more about PUBLICACI\u00d3N DE INFORMES EN PORTALES WEB 2024\">Read more<\/a><\/p>\n","protected":false},"author":1,"featured_media":0,"parent":0,"menu_order":0,"comment_status":"closed","ping_status":"closed","template":"","meta":{"footnotes":""},"class_list":["post-4218","page","type-page","status-publish"],"_links":{"self":[{"href":"https:\/\/fedefutguate.gt\/informacionpublica\/wp-json\/wp\/v2\/pages\/4218","targetHints":{"allow":["GET"]}}],"collection":[{"href":"https:\/\/fedefutguate.gt\/informacionpublica\/wp-json\/wp\/v2\/pages"}],"about":[{"href":"https:\/\/fedefutguate.gt\/informacionpublica\/wp-json\/wp\/v2\/types\/page"}],"author":[{"embeddable":true,"href":"https:\/\/fedefutguate.gt\/informacionpublica\/wp-json\/wp\/v2\/users\/1"}],"replies":[{"embeddable":true,"href":"https:\/\/fedefutguate.gt\/informacionpublica\/wp-json\/wp\/v2\/comments?post=4218"}],"version-history":[{"count":7,"href":"https:\/\/fedefutguate.gt\/informacionpublica\/wp-json\/wp\/v2\/pages\/4218\/revisions"}],"predecessor-version":[{"id":5404,"href":"https:\/\/fedefutguate.gt\/informacionpublica\/wp-json\/wp\/v2\/pages\/4218\/revisions\/5404"}],"wp:attachment":[{"href":"https:\/\/fedefutguate.gt\/informacionpublica\/wp-json\/wp\/v2\/media?parent=4218"}],"curies":[{"name":"wp","href":"https:\/\/api.w.org\/{rel}","templated":true}]}}