{"id":5456,"date":"2025-02-03T22:26:52","date_gmt":"2025-02-03T21:26:52","guid":{"rendered":"https:\/\/fedefutguate.gt\/informacionpublica\/?page_id=5456"},"modified":"2026-02-11T15:16:22","modified_gmt":"2026-02-11T14:16:22","slug":"mision-objetivos-plan-operativo-anual-y-resultados-obtenidos-en-el-cumplimiento-de-los-mismos-2025","status":"publish","type":"page","link":"https:\/\/fedefutguate.gt\/informacionpublica\/mision-objetivos-plan-operativo-anual-y-resultados-obtenidos-en-el-cumplimiento-de-los-mismos-2025\/","title":{"rendered":"MISI\u00d3N, OBJETIVOS, PLAN OPERATIVO ANUAL Y RESULTADOS OBTENIDOS EN EL CUMPLIMIENTO DE LOS MISMOS -2025-"},"content":{"rendered":"\n<p class=\"has-contrast-2-color has-text-color\">La misi\u00f3n y objetivos de la instituci\u00f3n, su plan operativo anual y los resultados obtenidos en el cumplimiento de los mismos.<\/p>\n\n\n\n<p>Art\u00edculo 10, numeral 5 de la Ley de Acceso a la Informaci\u00f3n P\u00fablica.<\/p>\n\n\n\n<p><\/p>\n\n\n\n<figure class=\"wp-block-table is-style-stripes\"><table><tbody><tr><td class=\"has-text-align-center\" data-align=\"center\"><a href=\"https:\/\/fedefutguate.gt\/informacionpublica\/wp-content\/uploads\/2025\/02\/Mision_Vision-FEDEDUT-2025.pdf\"><img loading=\"lazy\" decoding=\"async\" width=\"50\" height=\"58\" class=\"wp-image-266\" style=\"width: 50px;\" src=\"https:\/\/fedefutguate.gt\/informacionpublica\/wp-content\/uploads\/2022\/02\/pngaaa.com-2621310.png\" alt=\"\"><\/a><\/td><td><a href=\"https:\/\/fedefutguate.gt\/informacionpublica\/wp-content\/uploads\/2025\/02\/Mision_Vision-FEDEDUT-2025.pdf\">Misi\u00f3n, Visi\u00f3n y Valores de la Federaci\u00f3n Nacional de F\u00fatbol de Guatemala (2025)<\/a><\/td><\/tr><tr><td class=\"has-text-align-center\" data-align=\"center\"><img loading=\"lazy\" decoding=\"async\" width=\"50\" height=\"58\" class=\"wp-image-266\" style=\"width: 50px;\" src=\"https:\/\/fedefutguate.gt\/informacionpublica\/wp-content\/uploads\/2022\/02\/pngaaa.com-2621310.png\" alt=\"\"><\/td><td><a href=\"https:\/\/fedefutguate.gt\/informacionpublica\/wp-content\/uploads\/2024\/02\/PLAN-ESTRATEGICO-2023-2027.pdf\" target=\"_blank\" rel=\"noreferrer noopener\">Plan Estrat\u00e9gico Federaci\u00f3n Nacional de F\u00fatbol de Guatemala (2023- 2027)<\/a><\/td><\/tr><tr><td class=\"has-text-align-center\" data-align=\"center\"><a href=\"https:\/\/fedefutguate.gt\/informacionpublica\/wp-content\/uploads\/2024\/05\/PLAN-ESTRATEGICO-INSTITUCIONAL-2025-2029-PLAN-OPERATIVO-MULTIANUAL-2025-2029-PLAN-OPERATIVO-ANUAL-2025.pdf\"><img loading=\"lazy\" decoding=\"async\" width=\"50\" height=\"58\" class=\"wp-image-266\" style=\"width: 50px;\" src=\"https:\/\/fedefutguate.gt\/informacionpublica\/wp-content\/uploads\/2022\/02\/pngaaa.com-2621310.png\" alt=\"\"><\/a><\/td><td><a href=\"https:\/\/fedefutguate.gt\/informacionpublica\/wp-content\/uploads\/2024\/05\/PLAN-ESTRATEGICO-INSTITUCIONAL-2025-2029-PLAN-OPERATIVO-MULTIANUAL-2025-2029-PLAN-OPERATIVO-ANUAL-2025.pdf\">Plan Estrat\u00e9gico Institucional (PEI 2025-2029) Plan Operativo Multianual (POM 2025-2029) Plan Operativo Anual (POA 2025)<\/a><\/td><\/tr><tr><td class=\"has-text-align-center\" data-align=\"center\"><a href=\"https:\/\/fedefutguate.gt\/informacionpublica\/wp-content\/uploads\/2025\/05\/REPORTE-DE-EJECUCION-FISICA-Y-FINANCIERA-PRIMER-CUATRIMESTRE.pdf\"><img loading=\"lazy\" decoding=\"async\" width=\"50\" height=\"58\" class=\"wp-image-266\" style=\"width: 50px;\" src=\"https:\/\/fedefutguate.gt\/informacionpublica\/wp-content\/uploads\/2022\/02\/pngaaa.com-2621310.png\" alt=\"\"><\/a><\/td><td><a href=\"https:\/\/fedefutguate.gt\/informacionpublica\/wp-content\/uploads\/2025\/05\/REPORTE-DE-EJECUCION-FISICA-Y-FINANCIERA-PRIMER-CUATRIMESTRE.pdf\">PRIMER Informe cuatrimestral (enero-abril) de avances de metas sobre ejecuci\u00f3n f\u00edsica y financiera del ejercicio fiscal 2025<\/a><\/td><\/tr><tr><td class=\"has-text-align-center\" data-align=\"center\"><a href=\"https:\/\/fedefutguate.gt\/informacionpublica\/wp-content\/uploads\/2025\/09\/REPORTE-DE-EJECUCION-FISICA-Y-FINANCIERA-SEGUNDO-CUATRIMESTRE.pdf\"><img loading=\"lazy\" decoding=\"async\" width=\"50\" height=\"58\" class=\"wp-image-266\" style=\"width: 50px;\" src=\"https:\/\/fedefutguate.gt\/informacionpublica\/wp-content\/uploads\/2022\/02\/pngaaa.com-2621310.png\" alt=\"\"><\/a><\/td><td><a href=\"https:\/\/fedefutguate.gt\/informacionpublica\/wp-content\/uploads\/2025\/09\/REPORTE-DE-EJECUCION-FISICA-Y-FINANCIERA-SEGUNDO-CUATRIMESTRE.pdf\">SEGUNDO Informe cuatrimestral (MAYO-AGOSTO) de avances de metas sobre ejecuci\u00f3n f\u00edsica y financiera del ejercicio fiscal 2025<\/a><\/td><\/tr><tr><td class=\"has-text-align-center\" data-align=\"center\"><a href=\"https:\/\/fedefutguate.gt\/informacionpublica\/wp-content\/uploads\/2026\/01\/REPORTE-DE-EJECUCION-FISICA-Y-FINANCIERA-CUARTO-CUATRIMESTRE.pdf\"><img loading=\"lazy\" decoding=\"async\" width=\"50\" height=\"58\" class=\"wp-image-266\" style=\"width: 50px;\" src=\"https:\/\/fedefutguate.gt\/informacionpublica\/wp-content\/uploads\/2022\/02\/pngaaa.com-2621310.png\" alt=\"\"><\/a><\/td><td><br><a href=\"https:\/\/fedefutguate.gt\/informacionpublica\/wp-content\/uploads\/2026\/01\/REPORTE-DE-EJECUCION-FISICA-Y-FINANCIERA-CUARTO-CUATRIMESTRE.pdf\">TERCER Informe cuatrimestral (SEPTIEMBRE-DICIEMBRE) de avances de metas sobre ejecuci\u00f3n f\u00edsica y financiera del ejercicio fiscal 2025<\/a><\/td><\/tr><\/tbody><\/table><\/figure>\n\n\n\n<p><\/p>\n","protected":false},"excerpt":{"rendered":"<p>La misi\u00f3n y objetivos de la instituci\u00f3n, su plan operativo anual y los resultados obtenidos en el cumplimiento de los mismos. Art\u00edculo 10, numeral 5 de la Ley de Acceso a la Informaci\u00f3n P\u00fablica. Misi\u00f3n, Visi\u00f3n y Valores de la Federaci\u00f3n Nacional de F\u00fatbol de Guatemala (2025) Plan Estrat\u00e9gico Federaci\u00f3n Nacional de F\u00fatbol de Guatemala &#8230; <a title=\"MISI\u00d3N, OBJETIVOS, PLAN OPERATIVO ANUAL Y RESULTADOS OBTENIDOS EN EL CUMPLIMIENTO DE LOS MISMOS -2025-\" class=\"read-more\" href=\"https:\/\/fedefutguate.gt\/informacionpublica\/mision-objetivos-plan-operativo-anual-y-resultados-obtenidos-en-el-cumplimiento-de-los-mismos-2025\/\" aria-label=\"Read more about MISI\u00d3N, OBJETIVOS, PLAN OPERATIVO ANUAL Y RESULTADOS OBTENIDOS EN EL CUMPLIMIENTO DE LOS MISMOS -2025-\">Read more<\/a><\/p>\n","protected":false},"author":2,"featured_media":0,"parent":0,"menu_order":0,"comment_status":"closed","ping_status":"closed","template":"","meta":{"footnotes":""},"class_list":["post-5456","page","type-page","status-publish"],"_links":{"self":[{"href":"https:\/\/fedefutguate.gt\/informacionpublica\/wp-json\/wp\/v2\/pages\/5456","targetHints":{"allow":["GET"]}}],"collection":[{"href":"https:\/\/fedefutguate.gt\/informacionpublica\/wp-json\/wp\/v2\/pages"}],"about":[{"href":"https:\/\/fedefutguate.gt\/informacionpublica\/wp-json\/wp\/v2\/types\/page"}],"author":[{"embeddable":true,"href":"https:\/\/fedefutguate.gt\/informacionpublica\/wp-json\/wp\/v2\/users\/2"}],"replies":[{"embeddable":true,"href":"https:\/\/fedefutguate.gt\/informacionpublica\/wp-json\/wp\/v2\/comments?post=5456"}],"version-history":[{"count":8,"href":"https:\/\/fedefutguate.gt\/informacionpublica\/wp-json\/wp\/v2\/pages\/5456\/revisions"}],"predecessor-version":[{"id":7140,"href":"https:\/\/fedefutguate.gt\/informacionpublica\/wp-json\/wp\/v2\/pages\/5456\/revisions\/7140"}],"wp:attachment":[{"href":"https:\/\/fedefutguate.gt\/informacionpublica\/wp-json\/wp\/v2\/media?parent=5456"}],"curies":[{"name":"wp","href":"https:\/\/api.w.org\/{rel}","templated":true}]}}