{"id":5462,"date":"2025-02-03T22:31:15","date_gmt":"2025-02-03T21:31:15","guid":{"rendered":"https:\/\/fedefutguate.gt\/informacionpublica\/?page_id=5462"},"modified":"2026-01-26T21:53:11","modified_gmt":"2026-01-26T20:53:11","slug":"presupuesto-de-ingresos-y-egresos-2025","status":"publish","type":"page","link":"https:\/\/fedefutguate.gt\/informacionpublica\/presupuesto-de-ingresos-y-egresos-2025\/","title":{"rendered":"PRESUPUESTO DE INGRESOS Y EGRESOS -2025-"},"content":{"rendered":"\n<p class=\"has-contrast-2-color has-text-color\">La informaci\u00f3n sobre el presupuesto de ingresos y egresos asignado para cada ejercicio fiscal; los programas cuya elaboraci\u00f3n y\/o ejecuci\u00f3n se encuentren a su cargo y todas las modificaciones que se realicen al mismo, incluyendo transferencias internas y externas.<\/p>\n\n\n\n<p class=\"has-text-align-left\">Art\u00edculo 10, numeral 7 de la Ley de Acceso a la Informaci\u00f3n P\u00fablica.<\/p>\n\n\n\n<figure class=\"wp-block-table is-style-stripes\"><table><tbody><tr><td class=\"has-text-align-right\" data-align=\"right\"><a href=\"https:\/\/fedefutguate.gt\/informacionpublica\/wp-content\/uploads\/2025\/02\/DISTRIBUCION-ANALITICA-DEL-PRESUPUESTO-APROBADO-2025.pdf\"><img loading=\"lazy\" decoding=\"async\" width=\"50\" height=\"58\" class=\"wp-image-266\" style=\"width: 50px;\" src=\"https:\/\/fedefutguate.gt\/informacionpublica\/wp-content\/uploads\/2022\/02\/pngaaa.com-2621310.png\" alt=\"\"><\/a><\/td><td><a href=\"https:\/\/fedefutguate.gt\/informacionpublica\/wp-content\/uploads\/2025\/02\/DISTRIBUCION-ANALITICA-DEL-PRESUPUESTO-APROBADO-2025.pdf\">Distribuci\u00f3n Anal\u00edtica del Presupuesto Aprobado 2025<\/a><\/td><\/tr><\/tbody><\/table><\/figure>\n\n\n\n<figure class=\"wp-block-table is-style-stripes\"><table><tbody><tr><td class=\"has-text-align-right\" data-align=\"right\"><a href=\"https:\/\/fedefutguate.gt\/informacionpublica\/wp-content\/uploads\/2025\/02\/Presupuesto-de-Ingresos-y-Egresos-ENERO-2025.pdf\"><img loading=\"lazy\" decoding=\"async\" width=\"50\" height=\"58\" class=\"wp-image-266\" style=\"width: 50px;\" src=\"https:\/\/fedefutguate.gt\/informacionpublica\/wp-content\/uploads\/2022\/02\/pngaaa.com-2621310.png\" alt=\"\"><\/a><\/td><td><a href=\"https:\/\/fedefutguate.gt\/informacionpublica\/wp-content\/uploads\/2025\/02\/Presupuesto-de-Ingresos-y-Egresos-ENERO-2025.pdf\">Presupuesto de Ingresos y Egresos (ENERO 2025)<\/a><\/td><\/tr><tr><td class=\"has-text-align-right\" data-align=\"right\"><a href=\"https:\/\/fedefutguate.gt\/informacionpublica\/wp-content\/uploads\/2025\/02\/Modificaciones-Presupuestaras-Internas-y-Externas-ENERO-2025.pdf\"><img loading=\"lazy\" decoding=\"async\" width=\"50\" height=\"58\" class=\"wp-image-266\" style=\"width: 50px;\" src=\"https:\/\/fedefutguate.gt\/informacionpublica\/wp-content\/uploads\/2022\/02\/pngaaa.com-2621310.png\" alt=\"\"><\/a><\/td><td><a href=\"https:\/\/fedefutguate.gt\/informacionpublica\/wp-content\/uploads\/2025\/02\/Modificaciones-Presupuestaras-Internas-y-Externas-ENERO-2025.pdf\">Modificaciones Presupuestarias Internas y Externas (ENERO 2025)<\/a><\/td><\/tr><tr><td class=\"has-text-align-right\" data-align=\"right\"><a href=\"https:\/\/fedefutguate.gt\/informacionpublica\/wp-content\/uploads\/2025\/03\/Presupuesto-de-Ingresos-y-Egresos-Asignado-para-el-Ejercicio-Fiscal-FEBRERO-2025-1.pdf\"><img loading=\"lazy\" decoding=\"async\" width=\"50\" height=\"58\" class=\"wp-image-266\" style=\"width: 50px;\" src=\"https:\/\/fedefutguate.gt\/informacionpublica\/wp-content\/uploads\/2022\/02\/pngaaa.com-2621310.png\" alt=\"\"><\/a><\/td><td>P<a href=\"https:\/\/fedefutguate.gt\/informacionpublica\/wp-content\/uploads\/2025\/03\/Presupuesto-de-Ingresos-y-Egresos-Asignado-para-el-Ejercicio-Fiscal-FEBRERO-2025-1.pdf\">resupuesto de Ingresos y Egresos (FEBRERO 2025)<\/a><\/td><\/tr><tr><td class=\"has-text-align-right\" data-align=\"right\"><a href=\"https:\/\/fedefutguate.gt\/informacionpublica\/wp-content\/uploads\/2025\/03\/Modificaciones-Presupuestaras-Internas-y-Externas-FEBRERO-2025.pdf\"><img loading=\"lazy\" decoding=\"async\" width=\"50\" height=\"58\" class=\"wp-image-266\" style=\"width: 50px;\" src=\"https:\/\/fedefutguate.gt\/informacionpublica\/wp-content\/uploads\/2022\/02\/pngaaa.com-2621310.png\" alt=\"\"><\/a><\/td><td><a href=\"https:\/\/fedefutguate.gt\/informacionpublica\/wp-content\/uploads\/2025\/03\/Modificaciones-Presupuestaras-Internas-y-Externas-FEBRERO-2025.pdf\">Modificaciones Presupuestarias Internas y Externas (FEBRERO 2025)<\/a><\/td><\/tr><tr><td class=\"has-text-align-right\" data-align=\"right\"><a href=\"https:\/\/fedefutguate.gt\/informacionpublica\/wp-content\/uploads\/2025\/04\/Presupuesto-de-Ingresos-y-Egresos-Asignado-para-el-Ejercicio-Fiscal-MARZO-2025.pdf\"><img loading=\"lazy\" decoding=\"async\" width=\"50\" height=\"58\" class=\"wp-image-266\" style=\"width: 50px;\" src=\"https:\/\/fedefutguate.gt\/informacionpublica\/wp-content\/uploads\/2022\/02\/pngaaa.com-2621310.png\" alt=\"\"><\/a><\/td><td><a href=\"https:\/\/fedefutguate.gt\/informacionpublica\/wp-content\/uploads\/2025\/04\/Presupuesto-de-Ingresos-y-Egresos-Asignado-para-el-Ejercicio-Fiscal-MARZO-2025.pdf\">Presupuesto de Ingresos y Egresos (MARZO 2025)<\/a><\/td><\/tr><tr><td class=\"has-text-align-right\" data-align=\"right\"><a href=\"https:\/\/fedefutguate.gt\/informacionpublica\/wp-content\/uploads\/2025\/04\/Modificaciones-Presupuestaras-Internas-y-Externas-MARZO-2025.pdf\"><img loading=\"lazy\" decoding=\"async\" width=\"50\" height=\"58\" class=\"wp-image-266\" style=\"width: 50px;\" src=\"https:\/\/fedefutguate.gt\/informacionpublica\/wp-content\/uploads\/2022\/02\/pngaaa.com-2621310.png\" alt=\"\"><\/a><\/td><td><a href=\"https:\/\/fedefutguate.gt\/informacionpublica\/wp-content\/uploads\/2025\/04\/Modificaciones-Presupuestaras-Internas-y-Externas-MARZO-2025.pdf\">Modificaciones Presupuestarias Internas y Externas (MARZO 2025)<\/a><\/td><\/tr><tr><td class=\"has-text-align-right\" data-align=\"right\"><a href=\"https:\/\/fedefutguate.gt\/informacionpublica\/wp-content\/uploads\/2025\/05\/Presupuesto-de-Ingresos-y-Egresos-Asignado-para-el-Ejercicio-Fiscal-ABRIL-2025.pdf\"><img loading=\"lazy\" decoding=\"async\" width=\"50\" height=\"58\" class=\"wp-image-266\" style=\"width: 50px;\" src=\"https:\/\/fedefutguate.gt\/informacionpublica\/wp-content\/uploads\/2022\/02\/pngaaa.com-2621310.png\" alt=\"\"><\/a><\/td><td><a href=\"https:\/\/fedefutguate.gt\/informacionpublica\/wp-content\/uploads\/2025\/05\/Presupuesto-de-Ingresos-y-Egresos-Asignado-para-el-Ejercicio-Fiscal-ABRIL-2025.pdf\">Presupuesto de Ingresos y Egresos (ABRIL 2025)<\/a><\/td><\/tr><tr><td class=\"has-text-align-right\" data-align=\"right\"><a href=\"https:\/\/fedefutguate.gt\/informacionpublica\/wp-content\/uploads\/2025\/05\/Modificaciones-Presupuestaras-Internas-y-Externas-ABRIL-2025.pdf\"><img loading=\"lazy\" decoding=\"async\" width=\"50\" height=\"58\" class=\"wp-image-266\" style=\"width: 50px;\" src=\"https:\/\/fedefutguate.gt\/informacionpublica\/wp-content\/uploads\/2022\/02\/pngaaa.com-2621310.png\" alt=\"\"><\/a><\/td><td><a href=\"https:\/\/fedefutguate.gt\/informacionpublica\/wp-content\/uploads\/2025\/05\/Modificaciones-Presupuestaras-Internas-y-Externas-ABRIL-2025.pdf\">Modificaciones Presupuestarias Internas y Externas (ABRIL 2025)<\/a><\/td><\/tr><tr><td class=\"has-text-align-right\" data-align=\"right\"><a href=\"https:\/\/fedefutguate.gt\/informacionpublica\/wp-content\/uploads\/2025\/06\/Presupuesto-de-Ingresos-y-Egresos-Asignado-para-el-Ejercicio-Fiscal-MAYO-2025.pdf\"><img loading=\"lazy\" decoding=\"async\" width=\"50\" height=\"58\" class=\"wp-image-266\" style=\"width: 50px;\" src=\"https:\/\/fedefutguate.gt\/informacionpublica\/wp-content\/uploads\/2022\/02\/pngaaa.com-2621310.png\" alt=\"\"><\/a><\/td><td><a href=\"https:\/\/fedefutguate.gt\/informacionpublica\/wp-content\/uploads\/2025\/06\/Presupuesto-de-Ingresos-y-Egresos-Asignado-para-el-Ejercicio-Fiscal-MAYO-2025.pdf\">Presupuesto de Ingresos y Egresos (MAYO 2025)<\/a><\/td><\/tr><tr><td class=\"has-text-align-right\" data-align=\"right\"><a href=\"https:\/\/fedefutguate.gt\/informacionpublica\/wp-content\/uploads\/2025\/06\/Modificaciones-Presupuestaras-Internas-y-Externas-MAYO-2025.pdf\"><img loading=\"lazy\" decoding=\"async\" width=\"50\" height=\"58\" class=\"wp-image-266\" style=\"width: 50px;\" src=\"https:\/\/fedefutguate.gt\/informacionpublica\/wp-content\/uploads\/2022\/02\/pngaaa.com-2621310.png\" alt=\"\"><\/a><\/td><td><a href=\"https:\/\/fedefutguate.gt\/informacionpublica\/wp-content\/uploads\/2025\/06\/Modificaciones-Presupuestaras-Internas-y-Externas-MAYO-2025.pdf\">Modificaciones Presupuestarias Internas y Externas (MAYO 2025)<\/a><\/td><\/tr><tr><td class=\"has-text-align-right\" data-align=\"right\"><a href=\"https:\/\/fedefutguate.gt\/informacionpublica\/wp-content\/uploads\/2025\/07\/Presupuesto-de-Ingresos-y-Egresos-Asignado-para-el-Ejercicio-Fiscal-JUNIO-2025.pdf\"><img loading=\"lazy\" decoding=\"async\" width=\"50\" height=\"58\" class=\"wp-image-266\" style=\"width: 50px;\" src=\"https:\/\/fedefutguate.gt\/informacionpublica\/wp-content\/uploads\/2022\/02\/pngaaa.com-2621310.png\" alt=\"\"><\/a><\/td><td><a href=\"https:\/\/fedefutguate.gt\/informacionpublica\/wp-content\/uploads\/2025\/07\/Presupuesto-de-Ingresos-y-Egresos-Asignado-para-el-Ejercicio-Fiscal-JUNIO-2025.pdf\">Presupuesto de Ingresos y Egresos (JUNIO 2025)<\/a><\/td><\/tr><tr><td class=\"has-text-align-right\" data-align=\"right\"><a href=\"https:\/\/fedefutguate.gt\/informacionpublica\/wp-content\/uploads\/2025\/07\/Modificaciones-Presupuestaras-Internas-y-Externas-JUNIO-2025.pdf\"><img loading=\"lazy\" decoding=\"async\" width=\"50\" height=\"58\" class=\"wp-image-266\" style=\"width: 50px;\" src=\"https:\/\/fedefutguate.gt\/informacionpublica\/wp-content\/uploads\/2022\/02\/pngaaa.com-2621310.png\" alt=\"\"><\/a><\/td><td><a href=\"https:\/\/fedefutguate.gt\/informacionpublica\/wp-content\/uploads\/2025\/07\/Modificaciones-Presupuestaras-Internas-y-Externas-JUNIO-2025.pdf\">Modificaciones Presupuestarias Internas y Externas (JUNIO 2025)<\/a><\/td><\/tr><tr><td class=\"has-text-align-right\" data-align=\"right\"><img loading=\"lazy\" decoding=\"async\" width=\"50\" height=\"58\" class=\"wp-image-266\" style=\"width: 50px;\" src=\"https:\/\/fedefutguate.gt\/informacionpublica\/wp-content\/uploads\/2022\/02\/pngaaa.com-2621310.png\" alt=\"\"><\/td><td><a href=\"https:\/\/fedefutguate.gt\/informacionpublica\/wp-content\/uploads\/2025\/08\/Presupuesto-de-Ingresos-y-Egresos-Asignado-para-el-Ejercicio-Fiscal-JULIO-2025.pdf\">Presupuesto de Ingresos y Egresos (JULIO 2025)<\/a><\/td><\/tr><tr><td class=\"has-text-align-right\" data-align=\"right\"><a href=\"https:\/\/fedefutguate.gt\/informacionpublica\/wp-content\/uploads\/2025\/08\/Modificaciones-Presupuestaras-Internas-y-Externas-JULIO-2025.pdf\"><img loading=\"lazy\" decoding=\"async\" width=\"50\" height=\"58\" class=\"wp-image-266\" style=\"width: 50px;\" src=\"https:\/\/fedefutguate.gt\/informacionpublica\/wp-content\/uploads\/2022\/02\/pngaaa.com-2621310.png\" alt=\"\"><\/a><\/td><td><a href=\"https:\/\/fedefutguate.gt\/informacionpublica\/wp-content\/uploads\/2025\/08\/Modificaciones-Presupuestaras-Internas-y-Externas-JULIO-2025.pdf\">Modificaciones Presupuestarias Internas y Externas (JULIO 2025)<\/a><\/td><\/tr><tr><td class=\"has-text-align-right\" data-align=\"right\"><a href=\"https:\/\/fedefutguate.gt\/informacionpublica\/wp-content\/uploads\/2025\/09\/Presupuesto-de-Ingresos-y-Egresos-Asignado-para-el-Ejercicio-Fiscal-AGOSTO-2025.pdf\"><img loading=\"lazy\" decoding=\"async\" width=\"50\" height=\"58\" class=\"wp-image-266\" style=\"width: 50px;\" src=\"https:\/\/fedefutguate.gt\/informacionpublica\/wp-content\/uploads\/2022\/02\/pngaaa.com-2621310.png\" alt=\"\"><\/a><\/td><td><a href=\"https:\/\/fedefutguate.gt\/informacionpublica\/wp-content\/uploads\/2025\/09\/Presupuesto-de-Ingresos-y-Egresos-Asignado-para-el-Ejercicio-Fiscal-AGOSTO-2025.pdf\">Presupuesto de Ingresos y Egresos (AGOSTO 2025)<\/a><\/td><\/tr><tr><td class=\"has-text-align-right\" data-align=\"right\"><a href=\"https:\/\/fedefutguate.gt\/informacionpublica\/wp-content\/uploads\/2025\/09\/Modificaciones-Presupuestaras-Internas-y-Externas-AGOSTO-2025.pdf\"><img loading=\"lazy\" decoding=\"async\" width=\"50\" height=\"58\" class=\"wp-image-266\" style=\"width: 50px;\" src=\"https:\/\/fedefutguate.gt\/informacionpublica\/wp-content\/uploads\/2022\/02\/pngaaa.com-2621310.png\" alt=\"\"><\/a><\/td><td><a href=\"https:\/\/fedefutguate.gt\/informacionpublica\/wp-content\/uploads\/2025\/09\/Modificaciones-Presupuestaras-Internas-y-Externas-AGOSTO-2025.pdf\">Modificaciones Presupuestarias Internas y Externas (AGOSTO 2025)<\/a><\/td><\/tr><tr><td class=\"has-text-align-right\" data-align=\"right\"><a href=\"https:\/\/fedefutguate.gt\/informacionpublica\/wp-content\/uploads\/2025\/10\/Presupuesto-de-Ingresos-y-Egresos-Asignado-para-el-Ejercicio-Fiscal-SEPTIEMBRE-2025.pdf\"><img loading=\"lazy\" decoding=\"async\" width=\"50\" height=\"58\" class=\"wp-image-266\" style=\"width: 50px;\" src=\"https:\/\/fedefutguate.gt\/informacionpublica\/wp-content\/uploads\/2022\/02\/pngaaa.com-2621310.png\" alt=\"\"><\/a><\/td><td><a href=\"https:\/\/fedefutguate.gt\/informacionpublica\/wp-content\/uploads\/2025\/10\/Presupuesto-de-Ingresos-y-Egresos-Asignado-para-el-Ejercicio-Fiscal-SEPTIEMBRE-2025.pdf\">Presupuesto de Ingresos y Egresos (SEPTIEMBRE 2025)<\/a><\/td><\/tr><tr><td class=\"has-text-align-right\" data-align=\"right\"><a href=\"https:\/\/fedefutguate.gt\/informacionpublica\/wp-content\/uploads\/2025\/10\/Modificaciones-Presupuestaras-Internas-y-Externas-SEPTIEMBRE-2025.pdf\"><img loading=\"lazy\" decoding=\"async\" width=\"50\" height=\"58\" class=\"wp-image-266\" style=\"width: 50px;\" src=\"https:\/\/fedefutguate.gt\/informacionpublica\/wp-content\/uploads\/2022\/02\/pngaaa.com-2621310.png\" alt=\"\"><\/a><\/td><td><a href=\"https:\/\/fedefutguate.gt\/informacionpublica\/wp-content\/uploads\/2025\/10\/Modificaciones-Presupuestaras-Internas-y-Externas-SEPTIEMBRE-2025.pdf\">Modificaciones Presupuestarias Internas y Externas (SEPTIEMBRE 2025)<\/a><\/td><\/tr><tr><td class=\"has-text-align-right\" data-align=\"right\"><a href=\"https:\/\/fedefutguate.gt\/informacionpublica\/wp-content\/uploads\/2025\/11\/Presupuesto-de-Ingresos-y-Egresos-Asignado-para-el-Ejercicio-Fiscal-OCTUBRE-2025.pdf\"><img loading=\"lazy\" decoding=\"async\" width=\"50\" height=\"58\" class=\"wp-image-266\" style=\"width: 50px;\" src=\"https:\/\/fedefutguate.gt\/informacionpublica\/wp-content\/uploads\/2022\/02\/pngaaa.com-2621310.png\" alt=\"\"><\/a><\/td><td><a href=\"https:\/\/fedefutguate.gt\/informacionpublica\/wp-content\/uploads\/2025\/11\/Presupuesto-de-Ingresos-y-Egresos-Asignado-para-el-Ejercicio-Fiscal-OCTUBRE-2025.pdf\">Presupuesto de Ingresos y Egresos (OCTUBRE 2025)<\/a><\/td><\/tr><tr><td class=\"has-text-align-right\" data-align=\"right\"><a href=\"https:\/\/fedefutguate.gt\/informacionpublica\/wp-content\/uploads\/2025\/11\/Modificaciones-Presupuestaras-Internas-y-Externas-OCTUBRE-2025.pdf\"><img loading=\"lazy\" decoding=\"async\" width=\"50\" height=\"58\" class=\"wp-image-266\" style=\"width: 50px;\" src=\"https:\/\/fedefutguate.gt\/informacionpublica\/wp-content\/uploads\/2022\/02\/pngaaa.com-2621310.png\" alt=\"\"><\/a><\/td><td><a href=\"https:\/\/fedefutguate.gt\/informacionpublica\/wp-content\/uploads\/2025\/11\/Modificaciones-Presupuestaras-Internas-y-Externas-OCTUBRE-2025.pdf\">Modificaciones Presupuestarias Internas y Externas (OCTUBRE 2025)<\/a><\/td><\/tr><tr><td class=\"has-text-align-right\" data-align=\"right\"><a href=\"https:\/\/fedefutguate.gt\/informacionpublica\/wp-content\/uploads\/2025\/12\/Presupuesto-de-Ingresos-y-Egresos-Asignado-para-el-Ejercicio-Fiscal-NOVIEMBRE-2025.pdf\"><img loading=\"lazy\" decoding=\"async\" width=\"50\" height=\"58\" class=\"wp-image-266\" style=\"width: 50px;\" src=\"https:\/\/fedefutguate.gt\/informacionpublica\/wp-content\/uploads\/2022\/02\/pngaaa.com-2621310.png\" alt=\"\"><\/a><\/td><td><a href=\"https:\/\/fedefutguate.gt\/informacionpublica\/wp-content\/uploads\/2025\/12\/Presupuesto-de-Ingresos-y-Egresos-Asignado-para-el-Ejercicio-Fiscal-NOVIEMBRE-2025.pdf\">Presupuesto de Ingresos y Egresos (NOVIEMBRE 2025)<\/a><\/td><\/tr><tr><td class=\"has-text-align-right\" data-align=\"right\"><a href=\"https:\/\/fedefutguate.gt\/informacionpublica\/wp-content\/uploads\/2025\/12\/Modificaciones-Presupuestaras-Internas-y-Externas-NOVIEMBRE-2025.pdf\"><img loading=\"lazy\" decoding=\"async\" width=\"50\" height=\"58\" class=\"wp-image-266\" style=\"width: 50px;\" src=\"https:\/\/fedefutguate.gt\/informacionpublica\/wp-content\/uploads\/2022\/02\/pngaaa.com-2621310.png\" alt=\"\"><\/a><\/td><td><a href=\"https:\/\/fedefutguate.gt\/informacionpublica\/wp-content\/uploads\/2025\/12\/Modificaciones-Presupuestaras-Internas-y-Externas-NOVIEMBRE-2025.pdf\">Modificaciones Presupuestarias Internas y Externas (NOVIEMBRE 2025)<\/a><\/td><\/tr><tr><td class=\"has-text-align-right\" data-align=\"right\"><a href=\"https:\/\/fedefutguate.gt\/informacionpublica\/wp-content\/uploads\/2026\/01\/Presupuesto-de-Ingresos-y-Egresos-Asignado-para-el-Ejercicio-Fiscal-DICIEMBRE-2025.pdf\"><img loading=\"lazy\" decoding=\"async\" width=\"50\" height=\"58\" class=\"wp-image-266\" style=\"width: 50px;\" src=\"https:\/\/fedefutguate.gt\/informacionpublica\/wp-content\/uploads\/2022\/02\/pngaaa.com-2621310.png\" alt=\"\"><\/a><\/td><td><a href=\"https:\/\/fedefutguate.gt\/informacionpublica\/wp-content\/uploads\/2026\/01\/Presupuesto-de-Ingresos-y-Egresos-Asignado-para-el-Ejercicio-Fiscal-DICIEMBRE-2025.pdf\">Presupuesto de Ingresos y Egresos (DICIEMBRE 2025)<\/a><\/td><\/tr><tr><td class=\"has-text-align-right\" data-align=\"right\"><a href=\"https:\/\/fedefutguate.gt\/informacionpublica\/wp-content\/uploads\/2026\/01\/Modificaciones-Presupuestaras-Internas-y-Externas-DICIEMBRE-2025.pdf\"><img loading=\"lazy\" decoding=\"async\" width=\"50\" height=\"58\" class=\"wp-image-266\" style=\"width: 50px;\" src=\"https:\/\/fedefutguate.gt\/informacionpublica\/wp-content\/uploads\/2022\/02\/pngaaa.com-2621310.png\" alt=\"\"><\/a><\/td><td><a href=\"https:\/\/fedefutguate.gt\/informacionpublica\/wp-content\/uploads\/2026\/01\/Modificaciones-Presupuestaras-Internas-y-Externas-DICIEMBRE-2025.pdf\">Modificaciones Presupuestarias Internas y Externas (DICIEMBRE  2025)<\/a><\/td><\/tr><\/tbody><\/table><\/figure>\n\n\n\n<p><\/p>\n","protected":false},"excerpt":{"rendered":"<p>La informaci\u00f3n sobre el presupuesto de ingresos y egresos asignado para cada ejercicio fiscal; los programas cuya elaboraci\u00f3n y\/o ejecuci\u00f3n se encuentren a su cargo y todas las modificaciones que se realicen al mismo, incluyendo transferencias internas y externas. Art\u00edculo 10, numeral 7 de la Ley de Acceso a la Informaci\u00f3n P\u00fablica. Distribuci\u00f3n Anal\u00edtica del &#8230; <a title=\"PRESUPUESTO DE INGRESOS Y EGRESOS -2025-\" class=\"read-more\" href=\"https:\/\/fedefutguate.gt\/informacionpublica\/presupuesto-de-ingresos-y-egresos-2025\/\" aria-label=\"Read more about PRESUPUESTO DE INGRESOS Y EGRESOS -2025-\">Read more<\/a><\/p>\n","protected":false},"author":2,"featured_media":0,"parent":0,"menu_order":0,"comment_status":"closed","ping_status":"closed","template":"","meta":{"footnotes":""},"class_list":["post-5462","page","type-page","status-publish"],"_links":{"self":[{"href":"https:\/\/fedefutguate.gt\/informacionpublica\/wp-json\/wp\/v2\/pages\/5462","targetHints":{"allow":["GET"]}}],"collection":[{"href":"https:\/\/fedefutguate.gt\/informacionpublica\/wp-json\/wp\/v2\/pages"}],"about":[{"href":"https:\/\/fedefutguate.gt\/informacionpublica\/wp-json\/wp\/v2\/types\/page"}],"author":[{"embeddable":true,"href":"https:\/\/fedefutguate.gt\/informacionpublica\/wp-json\/wp\/v2\/users\/2"}],"replies":[{"embeddable":true,"href":"https:\/\/fedefutguate.gt\/informacionpublica\/wp-json\/wp\/v2\/comments?post=5462"}],"version-history":[{"count":17,"href":"https:\/\/fedefutguate.gt\/informacionpublica\/wp-json\/wp\/v2\/pages\/5462\/revisions"}],"predecessor-version":[{"id":6963,"href":"https:\/\/fedefutguate.gt\/informacionpublica\/wp-json\/wp\/v2\/pages\/5462\/revisions\/6963"}],"wp:attachment":[{"href":"https:\/\/fedefutguate.gt\/informacionpublica\/wp-json\/wp\/v2\/media?parent=5462"}],"curies":[{"name":"wp","href":"https:\/\/api.w.org\/{rel}","templated":true}]}}