{"id":5467,"date":"2025-02-03T22:33:36","date_gmt":"2025-02-03T21:33:36","guid":{"rendered":"https:\/\/fedefutguate.gt\/informacionpublica\/?page_id=5467"},"modified":"2026-01-26T21:54:34","modified_gmt":"2026-01-26T20:54:34","slug":"informes-mensuales-de-ejecucion-presupuestaria-2025","status":"publish","type":"page","link":"https:\/\/fedefutguate.gt\/informacionpublica\/informes-mensuales-de-ejecucion-presupuestaria-2025\/","title":{"rendered":"INFORMES MENSUALES DE EJECUCI\u00d3N PRESUPUESTARIA -2025-"},"content":{"rendered":"\n<p class=\"has-contrast-2-color has-text-color\">Los informes mensuales de ejecuci\u00f3n presupuestaria de todos los renglones y de todas las unidades, tanto operativas como administrativas de la entidad.<\/p>\n\n\n\n<p>Art\u00edculo 10, numeral 8 de la Ley de Acceso a la Informaci\u00f3n P\u00fablica<\/p>\n\n\n\n<figure class=\"wp-block-table is-style-stripes\"><table><tbody><tr><td class=\"has-text-align-right\" data-align=\"right\"><a href=\"https:\/\/fedefutguate.gt\/informacionpublica\/wp-content\/uploads\/2025\/02\/EJECUCION-PRESUPUESTARIA-POR-RENGLON-ENERO-2025-1.pdf\"><img loading=\"lazy\" decoding=\"async\" width=\"50\" height=\"58\" class=\"wp-image-266\" style=\"width: 50px;\" src=\"https:\/\/fedefutguate.gt\/informacionpublica\/wp-content\/uploads\/2022\/02\/pngaaa.com-2621310.png\" alt=\"\"><\/a><\/td><td><a href=\"https:\/\/fedefutguate.gt\/informacionpublica\/wp-content\/uploads\/2025\/02\/EJECUCION-PRESUPUESTARIA-POR-RENGLON-ENERO-2025-1.pdf\">Ejecuci\u00f3n Presupuestaria por Rengl\u00f3n (ENERO 2025)<\/a><\/td><\/tr><tr><td class=\"has-text-align-right\" data-align=\"right\"><a href=\"https:\/\/fedefutguate.gt\/informacionpublica\/wp-content\/uploads\/2025\/03\/EJECUCION-PRESUPUESTARIA-POR-RENGLON-FEBRERO-2025.pdf\"><img loading=\"lazy\" decoding=\"async\" width=\"50\" height=\"58\" class=\"wp-image-266\" style=\"width: 50px;\" src=\"https:\/\/fedefutguate.gt\/informacionpublica\/wp-content\/uploads\/2022\/02\/pngaaa.com-2621310.png\" alt=\"\"><\/a><\/td><td><a href=\"https:\/\/fedefutguate.gt\/informacionpublica\/wp-content\/uploads\/2025\/03\/EJECUCION-PRESUPUESTARIA-POR-RENGLON-FEBRERO-2025.pdf\">Ejecuci\u00f3n Presupuestaria por Rengl\u00f3n (FEBRERO 2025)<\/a><\/td><\/tr><tr><td class=\"has-text-align-right\" data-align=\"right\"><a href=\"https:\/\/fedefutguate.gt\/informacionpublica\/wp-content\/uploads\/2025\/04\/EJECUCION-PRESUPUESTARIA-POR-RENGLON-MARZO-2025.pdf\"><img loading=\"lazy\" decoding=\"async\" width=\"50\" height=\"58\" class=\"wp-image-266\" style=\"width: 50px;\" src=\"https:\/\/fedefutguate.gt\/informacionpublica\/wp-content\/uploads\/2022\/02\/pngaaa.com-2621310.png\" alt=\"\"><\/a><\/td><td><a href=\"https:\/\/fedefutguate.gt\/informacionpublica\/wp-content\/uploads\/2025\/04\/EJECUCION-PRESUPUESTARIA-POR-RENGLON-MARZO-2025.pdf\">Ejecuci\u00f3n Presupuestaria por Rengl\u00f3n (MARZO 2025)<\/a><\/td><\/tr><tr><td class=\"has-text-align-right\" data-align=\"right\"><a href=\"https:\/\/fedefutguate.gt\/informacionpublica\/wp-content\/uploads\/2025\/05\/EJECUCION-PRESUPUESTARIA-POR-RENGLON-ABRIL-2025.pdf\"><img loading=\"lazy\" decoding=\"async\" width=\"50\" height=\"58\" class=\"wp-image-266\" style=\"width: 50px;\" src=\"https:\/\/fedefutguate.gt\/informacionpublica\/wp-content\/uploads\/2022\/02\/pngaaa.com-2621310.png\" alt=\"\"><\/a><\/td><td><a href=\"https:\/\/fedefutguate.gt\/informacionpublica\/wp-content\/uploads\/2025\/05\/EJECUCION-PRESUPUESTARIA-POR-RENGLON-ABRIL-2025.pdf\">Ejecuci\u00f3n Presupuestaria por Rengl\u00f3n (ABRIL 2025)<\/a><\/td><\/tr><tr><td class=\"has-text-align-right\" data-align=\"right\"><a href=\"https:\/\/fedefutguate.gt\/informacionpublica\/wp-content\/uploads\/2025\/06\/EJECUCION-PRESUPUESTARIA-POR-RENGLON-MAYO-2025.pdf\"><img loading=\"lazy\" decoding=\"async\" width=\"50\" height=\"58\" class=\"wp-image-266\" style=\"width: 50px;\" src=\"https:\/\/fedefutguate.gt\/informacionpublica\/wp-content\/uploads\/2022\/02\/pngaaa.com-2621310.png\" alt=\"\"><\/a><\/td><td><a href=\"https:\/\/fedefutguate.gt\/informacionpublica\/wp-content\/uploads\/2025\/06\/EJECUCION-PRESUPUESTARIA-POR-RENGLON-MAYO-2025.pdf\">Ejecuci\u00f3n Presupuestaria por Rengl\u00f3n (MAYO 2025)<\/a><\/td><\/tr><tr><td class=\"has-text-align-right\" data-align=\"right\"><a href=\"https:\/\/fedefutguate.gt\/informacionpublica\/wp-content\/uploads\/2025\/07\/EJECUCION-PRESUPUESTARIA-POR-RENGLON-JUNIO-2025.pdf\"><img loading=\"lazy\" decoding=\"async\" width=\"50\" height=\"58\" class=\"wp-image-266\" style=\"width: 50px;\" src=\"https:\/\/fedefutguate.gt\/informacionpublica\/wp-content\/uploads\/2022\/02\/pngaaa.com-2621310.png\" alt=\"\"><\/a><\/td><td><a href=\"https:\/\/fedefutguate.gt\/informacionpublica\/wp-content\/uploads\/2025\/07\/EJECUCION-PRESUPUESTARIA-POR-RENGLON-JUNIO-2025.pdf\">Ejecuci\u00f3n Presupuestaria por Rengl\u00f3n (JUNIO 2025)<\/a><\/td><\/tr><tr><td class=\"has-text-align-right\" data-align=\"right\"><a href=\"https:\/\/fedefutguate.gt\/informacionpublica\/wp-content\/uploads\/2025\/08\/EJECUCION-PRESUPUESTARIA-POR-RENGLON-JULIO-2025.pdf\"><img loading=\"lazy\" decoding=\"async\" width=\"50\" height=\"58\" class=\"wp-image-266\" style=\"width: 50px;\" src=\"https:\/\/fedefutguate.gt\/informacionpublica\/wp-content\/uploads\/2022\/02\/pngaaa.com-2621310.png\" alt=\"\"><\/a><\/td><td><a href=\"https:\/\/fedefutguate.gt\/informacionpublica\/wp-content\/uploads\/2025\/08\/EJECUCION-PRESUPUESTARIA-POR-RENGLON-JULIO-2025.pdf\">Ejecuci\u00f3n Presupuestaria por Rengl\u00f3n (JULIO 2025)<\/a><\/td><\/tr><tr><td class=\"has-text-align-right\" data-align=\"right\"><a href=\"https:\/\/fedefutguate.gt\/informacionpublica\/wp-content\/uploads\/2025\/09\/EJECUCION-PRESUPUESTARIA-POR-RENGLON-AGOSTO-2025.pdf\"><img loading=\"lazy\" decoding=\"async\" width=\"50\" height=\"58\" class=\"wp-image-266\" style=\"width: 50px;\" src=\"https:\/\/fedefutguate.gt\/informacionpublica\/wp-content\/uploads\/2022\/02\/pngaaa.com-2621310.png\" alt=\"\"><\/a><\/td><td><a href=\"https:\/\/fedefutguate.gt\/informacionpublica\/wp-content\/uploads\/2025\/09\/EJECUCION-PRESUPUESTARIA-POR-RENGLON-AGOSTO-2025.pdf\">Ejecuci\u00f3n Presupuestaria por Rengl\u00f3n (AGOSTO 2025)<\/a><\/td><\/tr><tr><td class=\"has-text-align-right\" data-align=\"right\"><a href=\"https:\/\/fedefutguate.gt\/informacionpublica\/wp-content\/uploads\/2025\/10\/EJECUCION-PRESUPUESTARIA-POR-RENGLON-SEPTIEMBRE-2025.pdf\"><img loading=\"lazy\" decoding=\"async\" width=\"50\" height=\"58\" class=\"wp-image-266\" style=\"width: 50px;\" src=\"https:\/\/fedefutguate.gt\/informacionpublica\/wp-content\/uploads\/2022\/02\/pngaaa.com-2621310.png\" alt=\"\"><\/a><\/td><td><a href=\"https:\/\/fedefutguate.gt\/informacionpublica\/wp-content\/uploads\/2025\/10\/EJECUCION-PRESUPUESTARIA-POR-RENGLON-SEPTIEMBRE-2025.pdf\">Ejecuci\u00f3n Presupuestaria por Rengl\u00f3n (SEPTIEMBRE 2025)<\/a><\/td><\/tr><tr><td class=\"has-text-align-right\" data-align=\"right\"><a href=\"https:\/\/fedefutguate.gt\/informacionpublica\/wp-content\/uploads\/2025\/11\/EJECUCION-PRESUPUESTARIA-POR-RENGLON-OCTUBRE-2025-1.pdf\"><img loading=\"lazy\" decoding=\"async\" width=\"50\" height=\"58\" class=\"wp-image-266\" style=\"width: 50px;\" src=\"https:\/\/fedefutguate.gt\/informacionpublica\/wp-content\/uploads\/2022\/02\/pngaaa.com-2621310.png\" alt=\"\"><\/a><\/td><td><br><a href=\"https:\/\/fedefutguate.gt\/informacionpublica\/wp-content\/uploads\/2025\/11\/EJECUCION-PRESUPUESTARIA-POR-RENGLON-OCTUBRE-2025-1.pdf\">Ejecuci\u00f3n Presupuestaria por Rengl\u00f3n (OCTUBRE 2025)<\/a><\/td><\/tr><tr><td class=\"has-text-align-right\" data-align=\"right\"><a href=\"https:\/\/fedefutguate.gt\/informacionpublica\/wp-content\/uploads\/2025\/12\/EJECUCION-PRESUPUESTARIA-POR-RENGLON-NOVIEMBRE-2025.pdf\"><img loading=\"lazy\" decoding=\"async\" width=\"50\" height=\"58\" class=\"wp-image-266\" style=\"width: 50px;\" src=\"https:\/\/fedefutguate.gt\/informacionpublica\/wp-content\/uploads\/2022\/02\/pngaaa.com-2621310.png\" alt=\"\"><\/a><\/td><td><a href=\"https:\/\/fedefutguate.gt\/informacionpublica\/wp-content\/uploads\/2025\/12\/EJECUCION-PRESUPUESTARIA-POR-RENGLON-NOVIEMBRE-2025.pdf\">Ejecuci\u00f3n Presupuestaria por Rengl\u00f3n (NOVIEMBRE 2025)<\/a><\/td><\/tr><tr><td class=\"has-text-align-right\" data-align=\"right\"><a href=\"https:\/\/fedefutguate.gt\/informacionpublica\/wp-content\/uploads\/2026\/01\/EJECUCION-PRESUPUESTARIA-POR-RENGLON-DICIEMBRE-2025.pdf\"><img loading=\"lazy\" decoding=\"async\" width=\"50\" height=\"58\" class=\"wp-image-266\" style=\"width: 50px;\" src=\"https:\/\/fedefutguate.gt\/informacionpublica\/wp-content\/uploads\/2022\/02\/pngaaa.com-2621310.png\" alt=\"\"><\/a><\/td><td>E<a href=\"https:\/\/fedefutguate.gt\/informacionpublica\/wp-content\/uploads\/2026\/01\/EJECUCION-PRESUPUESTARIA-POR-RENGLON-DICIEMBRE-2025.pdf\">jecuci\u00f3n Presupuestaria por Rengl\u00f3n (DICIEMBRE 2025)<\/a><\/td><\/tr><\/tbody><\/table><\/figure>\n\n\n\n<p><\/p>\n","protected":false},"excerpt":{"rendered":"<p>Los informes mensuales de ejecuci\u00f3n presupuestaria de todos los renglones y de todas las unidades, tanto operativas como administrativas de la entidad. Art\u00edculo 10, numeral 8 de la Ley de Acceso a la Informaci\u00f3n P\u00fablica Ejecuci\u00f3n Presupuestaria por Rengl\u00f3n (ENERO 2025) Ejecuci\u00f3n Presupuestaria por Rengl\u00f3n (FEBRERO 2025) Ejecuci\u00f3n Presupuestaria por Rengl\u00f3n (MARZO 2025) Ejecuci\u00f3n Presupuestaria &#8230; <a title=\"INFORMES MENSUALES DE EJECUCI\u00d3N PRESUPUESTARIA -2025-\" class=\"read-more\" href=\"https:\/\/fedefutguate.gt\/informacionpublica\/informes-mensuales-de-ejecucion-presupuestaria-2025\/\" aria-label=\"Read more about INFORMES MENSUALES DE EJECUCI\u00d3N PRESUPUESTARIA -2025-\">Read more<\/a><\/p>\n","protected":false},"author":2,"featured_media":0,"parent":0,"menu_order":0,"comment_status":"closed","ping_status":"closed","template":"","meta":{"footnotes":""},"class_list":["post-5467","page","type-page","status-publish"],"_links":{"self":[{"href":"https:\/\/fedefutguate.gt\/informacionpublica\/wp-json\/wp\/v2\/pages\/5467","targetHints":{"allow":["GET"]}}],"collection":[{"href":"https:\/\/fedefutguate.gt\/informacionpublica\/wp-json\/wp\/v2\/pages"}],"about":[{"href":"https:\/\/fedefutguate.gt\/informacionpublica\/wp-json\/wp\/v2\/types\/page"}],"author":[{"embeddable":true,"href":"https:\/\/fedefutguate.gt\/informacionpublica\/wp-json\/wp\/v2\/users\/2"}],"replies":[{"embeddable":true,"href":"https:\/\/fedefutguate.gt\/informacionpublica\/wp-json\/wp\/v2\/comments?post=5467"}],"version-history":[{"count":15,"href":"https:\/\/fedefutguate.gt\/informacionpublica\/wp-json\/wp\/v2\/pages\/5467\/revisions"}],"predecessor-version":[{"id":6966,"href":"https:\/\/fedefutguate.gt\/informacionpublica\/wp-json\/wp\/v2\/pages\/5467\/revisions\/6966"}],"wp:attachment":[{"href":"https:\/\/fedefutguate.gt\/informacionpublica\/wp-json\/wp\/v2\/media?parent=5467"}],"curies":[{"name":"wp","href":"https:\/\/api.w.org\/{rel}","templated":true}]}}