{"id":5470,"date":"2025-02-03T22:35:23","date_gmt":"2025-02-03T21:35:23","guid":{"rendered":"https:\/\/fedefutguate.gt\/informacionpublica\/?page_id=5470"},"modified":"2026-01-26T21:57:22","modified_gmt":"2026-01-26T20:57:22","slug":"depositos-constituidos-con-fondos-publicos-2025","status":"publish","type":"page","link":"https:\/\/fedefutguate.gt\/informacionpublica\/depositos-constituidos-con-fondos-publicos-2025\/","title":{"rendered":"DEP\u00d3SITOS CONSTITUIDOS CON FONDOS P\u00daBLICOS -2025-"},"content":{"rendered":"\n<p class=\"has-contrast-2-color has-text-color\">La informaci\u00f3n detallada sobre los dep\u00f3sitos constituidos con fondos p\u00fablicos provenientes de ingresos ordinarios, extraordinarios, impuestos, fondos privativos, empr\u00e9stitos y donaciones.<\/p>\n\n\n\n<p>Art\u00edculo 10, numeral 9 de la Ley de Acceso a la Informaci\u00f3n P\u00fablica.<\/p>\n\n\n\n<figure class=\"wp-block-table is-style-stripes\"><table><tbody><tr><td class=\"has-text-align-right\" data-align=\"right\"><a href=\"https:\/\/fedefutguate.gt\/informacionpublica\/wp-content\/uploads\/2025\/02\/DEPOSITOS-CONSTITUIDOS-CON-FONDOS-PUBLICOS-ENERO-2025.pdf\"><img loading=\"lazy\" decoding=\"async\" width=\"50\" height=\"58\" class=\"wp-image-266\" style=\"width: 50px;\" src=\"https:\/\/fedefutguate.gt\/informacionpublica\/wp-content\/uploads\/2022\/02\/pngaaa.com-2621310.png\" alt=\"\"><\/a><\/td><td><a href=\"https:\/\/fedefutguate.gt\/informacionpublica\/wp-content\/uploads\/2025\/02\/DEPOSITOS-CONSTITUIDOS-CON-FONDOS-PUBLICOS-ENERO-2025.pdf\">Dep\u00f3sitos Constituidos con Fondos P\u00fablicos (ENERO 2025)<\/a><\/td><\/tr><tr><td class=\"has-text-align-right\" data-align=\"right\"><a href=\"https:\/\/fedefutguate.gt\/informacionpublica\/wp-content\/uploads\/2025\/02\/Cuentas-de-Banco-de-Guatemala-y-Bancos-del-Sistema-ENERO-2025.pdf\"><img loading=\"lazy\" decoding=\"async\" width=\"50\" height=\"58\" class=\"wp-image-266\" style=\"width: 50px;\" src=\"https:\/\/fedefutguate.gt\/informacionpublica\/wp-content\/uploads\/2022\/02\/pngaaa.com-2621310.png\" alt=\"\"><\/a><\/td><td><a href=\"https:\/\/fedefutguate.gt\/informacionpublica\/wp-content\/uploads\/2025\/02\/Cuentas-de-Banco-de-Guatemala-y-Bancos-del-Sistema-ENERO-2025.pdf\">Cuentas de Banco de Guatemala y Bancos del Sistema (ENERO 2025)<\/a><\/td><\/tr><tr><td class=\"has-text-align-right\" data-align=\"right\"><a href=\"https:\/\/fedefutguate.gt\/informacionpublica\/wp-content\/uploads\/2025\/03\/DEPOSITOS-CONSTITUIDOS-CON-FONDOS-PUBLICOS-FEBRERO-2025.pdf\"><img loading=\"lazy\" decoding=\"async\" width=\"50\" height=\"58\" class=\"wp-image-266\" style=\"width: 50px;\" src=\"https:\/\/fedefutguate.gt\/informacionpublica\/wp-content\/uploads\/2022\/02\/pngaaa.com-2621310.png\" alt=\"\"><\/a><\/td><td><a href=\"https:\/\/fedefutguate.gt\/informacionpublica\/wp-content\/uploads\/2025\/03\/DEPOSITOS-CONSTITUIDOS-CON-FONDOS-PUBLICOS-FEBRERO-2025.pdf\">Dep\u00f3sitos Constituidos con Fondos P\u00fablicos (FEBRERO 2025)<\/a><\/td><\/tr><tr><td class=\"has-text-align-right\" data-align=\"right\"><a href=\"https:\/\/fedefutguate.gt\/informacionpublica\/wp-content\/uploads\/2025\/03\/Cuentas-de-Banco-de-Guatemala-y-Bancos-del-Sistema-FEBRERO-2025.pdf\"><img loading=\"lazy\" decoding=\"async\" width=\"50\" height=\"58\" class=\"wp-image-266\" style=\"width: 50px;\" src=\"https:\/\/fedefutguate.gt\/informacionpublica\/wp-content\/uploads\/2022\/02\/pngaaa.com-2621310.png\" alt=\"\"><\/a><\/td><td><a href=\"https:\/\/fedefutguate.gt\/informacionpublica\/wp-content\/uploads\/2025\/03\/Cuentas-de-Banco-de-Guatemala-y-Bancos-del-Sistema-FEBRERO-2025.pdf\">Cuentas de Banco de Guatemala y Bancos del Sistema (FEBRERO 2025)<\/a><\/td><\/tr><tr><td class=\"has-text-align-right\" data-align=\"right\"><a href=\"https:\/\/fedefutguate.gt\/informacionpublica\/wp-content\/uploads\/2025\/04\/DEPOSITOS-CONSTITUIDOS-CON-FONDOS-PUBLICOS-MARZO-2025.pdf\"><img loading=\"lazy\" decoding=\"async\" width=\"50\" height=\"58\" class=\"wp-image-266\" style=\"width: 50px;\" src=\"https:\/\/fedefutguate.gt\/informacionpublica\/wp-content\/uploads\/2022\/02\/pngaaa.com-2621310.png\" alt=\"\"><\/a><\/td><td><a href=\"https:\/\/fedefutguate.gt\/informacionpublica\/wp-content\/uploads\/2025\/04\/DEPOSITOS-CONSTITUIDOS-CON-FONDOS-PUBLICOS-MARZO-2025.pdf\">Dep\u00f3sitos Constituidos con Fondos P\u00fablicos (MARZO 2025)<\/a><\/td><\/tr><tr><td class=\"has-text-align-right\" data-align=\"right\"><a href=\"https:\/\/fedefutguate.gt\/informacionpublica\/wp-content\/uploads\/2025\/04\/Cuentas-de-Banco-de-Guatemala-y-Bancos-del-Sistema-MARZO-2025.pdf\"><img loading=\"lazy\" decoding=\"async\" width=\"50\" height=\"58\" class=\"wp-image-266\" style=\"width: 50px;\" src=\"https:\/\/fedefutguate.gt\/informacionpublica\/wp-content\/uploads\/2022\/02\/pngaaa.com-2621310.png\" alt=\"\"><\/a><\/td><td><a href=\"https:\/\/fedefutguate.gt\/informacionpublica\/wp-content\/uploads\/2025\/04\/Cuentas-de-Banco-de-Guatemala-y-Bancos-del-Sistema-MARZO-2025.pdf\">Cuentas de Banco de Guatemala y Bancos del Sistema (MARZO 2025)<\/a><\/td><\/tr><tr><td class=\"has-text-align-right\" data-align=\"right\"><a href=\"https:\/\/fedefutguate.gt\/informacionpublica\/wp-content\/uploads\/2025\/05\/DEPOSITOS-CONSTITUIDOS-CON-FONDOS-PUBLICOS-ABRIL-2025.pdf\"><img loading=\"lazy\" decoding=\"async\" width=\"50\" height=\"58\" class=\"wp-image-266\" style=\"width: 50px;\" src=\"https:\/\/fedefutguate.gt\/informacionpublica\/wp-content\/uploads\/2022\/02\/pngaaa.com-2621310.png\" alt=\"\"><\/a><\/td><td><a href=\"https:\/\/fedefutguate.gt\/informacionpublica\/wp-content\/uploads\/2025\/05\/DEPOSITOS-CONSTITUIDOS-CON-FONDOS-PUBLICOS-ABRIL-2025.pdf\">Dep\u00f3sitos Constituidos con Fondos P\u00fablicos (ABRIL 2025)<\/a><\/td><\/tr><tr><td class=\"has-text-align-right\" data-align=\"right\"><a href=\"https:\/\/fedefutguate.gt\/informacionpublica\/wp-content\/uploads\/2025\/05\/Cuentas-de-Banco-de-Guatemala-y-Bancos-del-Sistema-ABRIL-2025.pdf\"><img loading=\"lazy\" decoding=\"async\" width=\"50\" height=\"58\" class=\"wp-image-266\" style=\"width: 50px;\" src=\"https:\/\/fedefutguate.gt\/informacionpublica\/wp-content\/uploads\/2022\/02\/pngaaa.com-2621310.png\" alt=\"\"><\/a><\/td><td><a href=\"https:\/\/fedefutguate.gt\/informacionpublica\/wp-content\/uploads\/2025\/05\/Cuentas-de-Banco-de-Guatemala-y-Bancos-del-Sistema-ABRIL-2025.pdf\">Cuentas de Banco de Guatemala y Bancos del Sistema (ABRIL  2025)<\/a><\/td><\/tr><tr><td class=\"has-text-align-right\" data-align=\"right\"><a href=\"https:\/\/fedefutguate.gt\/informacionpublica\/wp-content\/uploads\/2025\/06\/DEPOSITOS-CONSTITUIDOS-CON-FONDOS-PUBLICOS-MAYO-2025.pdf\"><img loading=\"lazy\" decoding=\"async\" width=\"50\" height=\"58\" class=\"wp-image-266\" style=\"width: 50px;\" src=\"https:\/\/fedefutguate.gt\/informacionpublica\/wp-content\/uploads\/2022\/02\/pngaaa.com-2621310.png\" alt=\"\"><\/a><\/td><td><a href=\"https:\/\/fedefutguate.gt\/informacionpublica\/wp-content\/uploads\/2025\/06\/DEPOSITOS-CONSTITUIDOS-CON-FONDOS-PUBLICOS-MAYO-2025.pdf\">Dep\u00f3sitos Constituidos con Fondos P\u00fablicos (MAYO 2025)<\/a><\/td><\/tr><tr><td class=\"has-text-align-right\" data-align=\"right\"><a href=\"https:\/\/fedefutguate.gt\/informacionpublica\/wp-content\/uploads\/2025\/06\/Cuentas-de-Banco-de-Guatemala-y-Bancos-del-Sistema-MAYO-2025.pdf\"><img loading=\"lazy\" decoding=\"async\" width=\"50\" height=\"58\" class=\"wp-image-266\" style=\"width: 50px;\" src=\"https:\/\/fedefutguate.gt\/informacionpublica\/wp-content\/uploads\/2022\/02\/pngaaa.com-2621310.png\" alt=\"\"><\/a><\/td><td><a href=\"https:\/\/fedefutguate.gt\/informacionpublica\/wp-content\/uploads\/2025\/06\/Cuentas-de-Banco-de-Guatemala-y-Bancos-del-Sistema-MAYO-2025.pdf\">Cuentas de Banco de Guatemala y Bancos del Sistema (MAYO  2025)<\/a><\/td><\/tr><tr><td class=\"has-text-align-right\" data-align=\"right\"><a href=\"https:\/\/fedefutguate.gt\/informacionpublica\/wp-content\/uploads\/2025\/07\/DEPOSITOS-CONSTITUIDOS-CON-FONDOS-PUBLICOS-JUNIO-2025.pdf\"><img loading=\"lazy\" decoding=\"async\" width=\"50\" height=\"58\" class=\"wp-image-266\" style=\"width: 50px;\" src=\"https:\/\/fedefutguate.gt\/informacionpublica\/wp-content\/uploads\/2022\/02\/pngaaa.com-2621310.png\" alt=\"\"><\/a><\/td><td><a href=\"https:\/\/fedefutguate.gt\/informacionpublica\/wp-content\/uploads\/2025\/07\/DEPOSITOS-CONSTITUIDOS-CON-FONDOS-PUBLICOS-JUNIO-2025.pdf\">Dep\u00f3sitos Constituidos con Fondos P\u00fablicos (JUNIO 2025)<\/a><\/td><\/tr><tr><td class=\"has-text-align-right\" data-align=\"right\"><a href=\"https:\/\/fedefutguate.gt\/informacionpublica\/wp-content\/uploads\/2025\/07\/Cuentas-de-Banco-de-Guatemala-y-Bancos-del-Sistema-JUNIO-2025.pdf\"><img loading=\"lazy\" decoding=\"async\" width=\"50\" height=\"58\" class=\"wp-image-266\" style=\"width: 50px;\" src=\"https:\/\/fedefutguate.gt\/informacionpublica\/wp-content\/uploads\/2022\/02\/pngaaa.com-2621310.png\" alt=\"\"><\/a><\/td><td><a href=\"https:\/\/fedefutguate.gt\/informacionpublica\/wp-content\/uploads\/2025\/07\/Cuentas-de-Banco-de-Guatemala-y-Bancos-del-Sistema-JUNIO-2025.pdf\">Cuentas de Banco de Guatemala y Bancos del Sistema (JUNIO 2025)<\/a><\/td><\/tr><tr><td class=\"has-text-align-right\" data-align=\"right\"><a href=\"https:\/\/fedefutguate.gt\/informacionpublica\/wp-content\/uploads\/2025\/08\/DEPOSITOS-CONSTITUIDOS-CON-FONDOS-PUBLICOS-JULIO-2025.pdf\"><img loading=\"lazy\" decoding=\"async\" width=\"50\" height=\"58\" class=\"wp-image-266\" style=\"width: 50px;\" src=\"https:\/\/fedefutguate.gt\/informacionpublica\/wp-content\/uploads\/2022\/02\/pngaaa.com-2621310.png\" alt=\"\"><\/a><\/td><td><a href=\"https:\/\/fedefutguate.gt\/informacionpublica\/wp-content\/uploads\/2025\/08\/DEPOSITOS-CONSTITUIDOS-CON-FONDOS-PUBLICOS-JULIO-2025.pdf\">Dep\u00f3sitos Constituidos con Fondos P\u00fablicos (JULIO 2025)<\/a><\/td><\/tr><tr><td class=\"has-text-align-right\" data-align=\"right\"><img loading=\"lazy\" decoding=\"async\" width=\"50\" height=\"58\" class=\"wp-image-266\" style=\"width: 50px;\" src=\"https:\/\/fedefutguate.gt\/informacionpublica\/wp-content\/uploads\/2022\/02\/pngaaa.com-2621310.png\" alt=\"\"><\/td><td><a href=\"https:\/\/fedefutguate.gt\/informacionpublica\/wp-content\/uploads\/2025\/08\/Cuentas-de-Banco-de-Guatemala-y-Bancos-del-Sistema-JULIO-2025.pdf\">Cuentas de Banco de Guatemala y Bancos del Sistema (JULIO 2025)<\/a><\/td><\/tr><tr><td class=\"has-text-align-right\" data-align=\"right\"><a href=\"https:\/\/fedefutguate.gt\/informacionpublica\/wp-content\/uploads\/2025\/09\/DEPOSITOS-CONSTITUIDOS-CON-FONDOS-PUBLICOS-AGOSTO-2025.pdf\"><img loading=\"lazy\" decoding=\"async\" width=\"50\" height=\"58\" class=\"wp-image-266\" style=\"width: 50px;\" src=\"https:\/\/fedefutguate.gt\/informacionpublica\/wp-content\/uploads\/2022\/02\/pngaaa.com-2621310.png\" alt=\"\"><\/a><\/td><td><a href=\"https:\/\/fedefutguate.gt\/informacionpublica\/wp-content\/uploads\/2025\/09\/DEPOSITOS-CONSTITUIDOS-CON-FONDOS-PUBLICOS-AGOSTO-2025.pdf\">Dep\u00f3sitos Constituidos con Fondos P\u00fablicos (JULIO 2025)<\/a><\/td><\/tr><tr><td class=\"has-text-align-right\" data-align=\"right\"><a href=\"https:\/\/fedefutguate.gt\/informacionpublica\/wp-content\/uploads\/2025\/09\/Cuentas-de-Banco-de-Guatemala-y-Bancos-del-Sistema-AGOSTO-2025.pdf\"><img loading=\"lazy\" decoding=\"async\" width=\"50\" height=\"58\" class=\"wp-image-266\" style=\"width: 50px;\" src=\"https:\/\/fedefutguate.gt\/informacionpublica\/wp-content\/uploads\/2022\/02\/pngaaa.com-2621310.png\" alt=\"\"><\/a><\/td><td><br><a href=\"https:\/\/fedefutguate.gt\/informacionpublica\/wp-content\/uploads\/2025\/09\/Cuentas-de-Banco-de-Guatemala-y-Bancos-del-Sistema-AGOSTO-2025.pdf\">Cuentas de Banco de Guatemala y Bancos del Sistema (JULIO 2025)<\/a><\/td><\/tr><tr><td class=\"has-text-align-right\" data-align=\"right\"><a href=\"https:\/\/fedefutguate.gt\/informacionpublica\/wp-content\/uploads\/2025\/10\/DEPOSITOS-CONSTITUIDOS-CON-FONDOS-PUBLICOS-AGOSTO-2025.pdf\"><img loading=\"lazy\" decoding=\"async\" width=\"50\" height=\"58\" class=\"wp-image-266\" style=\"width: 50px;\" src=\"https:\/\/fedefutguate.gt\/informacionpublica\/wp-content\/uploads\/2022\/02\/pngaaa.com-2621310.png\" alt=\"\"><\/a><\/td><td><a href=\"https:\/\/fedefutguate.gt\/informacionpublica\/wp-content\/uploads\/2025\/10\/DEPOSITOS-CONSTITUIDOS-CON-FONDOS-PUBLICOS-AGOSTO-2025.pdf\">Dep\u00f3sitos Constituidos con Fondos P\u00fablicos (AGOSTO 2025)<\/a><\/td><\/tr><tr><td class=\"has-text-align-right\" data-align=\"right\"><a href=\"https:\/\/fedefutguate.gt\/informacionpublica\/wp-content\/uploads\/2025\/10\/Cuentas-de-Banco-de-Guatemala-y-Bancos-del-Sistema-AGOSTO-2025.pdf\"><img loading=\"lazy\" decoding=\"async\" width=\"50\" height=\"58\" class=\"wp-image-266\" style=\"width: 50px;\" src=\"https:\/\/fedefutguate.gt\/informacionpublica\/wp-content\/uploads\/2022\/02\/pngaaa.com-2621310.png\" alt=\"\"><\/a><\/td><td><a href=\"https:\/\/fedefutguate.gt\/informacionpublica\/wp-content\/uploads\/2025\/10\/Cuentas-de-Banco-de-Guatemala-y-Bancos-del-Sistema-AGOSTO-2025.pdf\">Cuentas de Banco de Guatemala y Bancos del Sistema (AGOSTO 2025)<\/a><\/td><\/tr><tr><td class=\"has-text-align-right\" data-align=\"right\"><a href=\"https:\/\/fedefutguate.gt\/informacionpublica\/wp-content\/uploads\/2025\/10\/DEPOSITOS-CONSTITUIDOS-CON-FONDOS-PUBLICOS-SEPTIEMBRE-2025.pdf\"><img loading=\"lazy\" decoding=\"async\" width=\"50\" height=\"58\" class=\"wp-image-266\" style=\"width: 50px;\" src=\"https:\/\/fedefutguate.gt\/informacionpublica\/wp-content\/uploads\/2022\/02\/pngaaa.com-2621310.png\" alt=\"\"><\/a><\/td><td><a href=\"https:\/\/fedefutguate.gt\/informacionpublica\/wp-content\/uploads\/2025\/10\/DEPOSITOS-CONSTITUIDOS-CON-FONDOS-PUBLICOS-SEPTIEMBRE-2025.pdf\">Dep\u00f3sitos Constituidos con Fondos P\u00fablicos (SEPTIEMBRE 2025)<\/a><\/td><\/tr><tr><td class=\"has-text-align-right\" data-align=\"right\"><a href=\"https:\/\/fedefutguate.gt\/informacionpublica\/wp-content\/uploads\/2025\/10\/Cuentas-de-Banco-de-Guatemala-y-Bancos-del-Sistema-SEPTIEMBRE-2025.pdf\"><img loading=\"lazy\" decoding=\"async\" width=\"50\" height=\"58\" class=\"wp-image-266\" style=\"width: 50px;\" src=\"https:\/\/fedefutguate.gt\/informacionpublica\/wp-content\/uploads\/2022\/02\/pngaaa.com-2621310.png\" alt=\"\"><\/a><\/td><td><a href=\"https:\/\/fedefutguate.gt\/informacionpublica\/wp-content\/uploads\/2025\/10\/Cuentas-de-Banco-de-Guatemala-y-Bancos-del-Sistema-SEPTIEMBRE-2025.pdf\">Cuentas de Banco de Guatemala y Bancos del Sistema (SEPTIEMBRE 2025)<\/a><\/td><\/tr><tr><td class=\"has-text-align-right\" data-align=\"right\"><a href=\"https:\/\/fedefutguate.gt\/informacionpublica\/wp-content\/uploads\/2025\/11\/DEPOSITOS-CONSTITUIDOS-CON-FONDOS-PUBLICOS-OCTUBRE-2025.pdf\"><img loading=\"lazy\" decoding=\"async\" width=\"50\" height=\"58\" class=\"wp-image-266\" style=\"width: 50px;\" src=\"https:\/\/fedefutguate.gt\/informacionpublica\/wp-content\/uploads\/2022\/02\/pngaaa.com-2621310.png\" alt=\"\"><\/a><\/td><td><a href=\"https:\/\/fedefutguate.gt\/informacionpublica\/wp-content\/uploads\/2025\/11\/DEPOSITOS-CONSTITUIDOS-CON-FONDOS-PUBLICOS-OCTUBRE-2025.pdf\">Dep\u00f3sitos Constituidos con <\/a>F<a href=\"https:\/\/fedefutguate.gt\/informacionpublica\/wp-content\/uploads\/2025\/11\/DEPOSITOS-CONSTITUIDOS-CON-FONDOS-PUBLICOS-OCTUBRE-2025.pdf\">ondos P\u00fablicos (OCTUBRE 2025)<\/a><\/td><\/tr><tr><td class=\"has-text-align-right\" data-align=\"right\"><a href=\"https:\/\/fedefutguate.gt\/informacionpublica\/wp-content\/uploads\/2025\/11\/Cuentas-de-Banco-de-Guatemala-y-Bancos-del-Sistema-OCTUBRE-2025.pdf\"><img loading=\"lazy\" decoding=\"async\" width=\"50\" height=\"58\" class=\"wp-image-266\" style=\"width: 50px;\" src=\"https:\/\/fedefutguate.gt\/informacionpublica\/wp-content\/uploads\/2022\/02\/pngaaa.com-2621310.png\" alt=\"\"><\/a><\/td><td><a href=\"https:\/\/fedefutguate.gt\/informacionpublica\/wp-content\/uploads\/2025\/11\/Cuentas-de-Banco-de-Guatemala-y-Bancos-del-Sistema-OCTUBRE-2025.pdf\">Cuentas de Banco de Guatemala y Bancos del Sistema (OCTUBRE 2025)<\/a><\/td><\/tr><tr><td class=\"has-text-align-right\" data-align=\"right\"><a href=\"https:\/\/fedefutguate.gt\/informacionpublica\/wp-content\/uploads\/2025\/12\/DEPOSITOS-CONSTITUIDOS-CON-FONDOS-PUBLICOS-NOVIEMBRE-2025.pdf\"><img loading=\"lazy\" decoding=\"async\" width=\"50\" height=\"58\" class=\"wp-image-266\" style=\"width: 50px;\" src=\"https:\/\/fedefutguate.gt\/informacionpublica\/wp-content\/uploads\/2022\/02\/pngaaa.com-2621310.png\" alt=\"\"><\/a><\/td><td><a href=\"https:\/\/fedefutguate.gt\/informacionpublica\/wp-content\/uploads\/2025\/12\/DEPOSITOS-CONSTITUIDOS-CON-FONDOS-PUBLICOS-NOVIEMBRE-2025.pdf\">D<\/a>e<a href=\"https:\/\/fedefutguate.gt\/informacionpublica\/wp-content\/uploads\/2025\/12\/DEPOSITOS-CONSTITUIDOS-CON-FONDOS-PUBLICOS-NOVIEMBRE-2025.pdf\">p\u00f3sitos Constituidos con Fondos P\u00fablicos (NOVIEMBRE 2025)<\/a><\/td><\/tr><tr><td class=\"has-text-align-right\" data-align=\"right\"><a href=\"https:\/\/fedefutguate.gt\/informacionpublica\/wp-content\/uploads\/2025\/12\/Cuentas-de-Banco-de-Guatemala-y-Bancos-del-Sistema-NOVIEMBRE-2025.pdf\"><img loading=\"lazy\" decoding=\"async\" width=\"50\" height=\"58\" class=\"wp-image-266\" style=\"width: 50px;\" src=\"https:\/\/fedefutguate.gt\/informacionpublica\/wp-content\/uploads\/2022\/02\/pngaaa.com-2621310.png\" alt=\"\"><\/a><\/td><td><br><a href=\"https:\/\/fedefutguate.gt\/informacionpublica\/wp-content\/uploads\/2025\/12\/Cuentas-de-Banco-de-Guatemala-y-Bancos-del-Sistema-NOVIEMBRE-2025.pdf\">Cuentas de Banco de Guatemala y Bancos del Sistema (NOVIEMBRE 2025)<\/a><\/td><\/tr><tr><td class=\"has-text-align-right\" data-align=\"right\"><a href=\"https:\/\/fedefutguate.gt\/informacionpublica\/wp-content\/uploads\/2026\/01\/DEPOSITOS-CONSTITUIDOS-CON-FONDOS-PUBLICOS-DICIEMBRE-2025.pdf\"><img loading=\"lazy\" decoding=\"async\" width=\"50\" height=\"58\" class=\"wp-image-266\" style=\"width: 50px;\" src=\"https:\/\/fedefutguate.gt\/informacionpublica\/wp-content\/uploads\/2022\/02\/pngaaa.com-2621310.png\" alt=\"\"><\/a><\/td><td><br><a href=\"https:\/\/fedefutguate.gt\/informacionpublica\/wp-content\/uploads\/2026\/01\/DEPOSITOS-CONSTITUIDOS-CON-FONDOS-PUBLICOS-DICIEMBRE-2025.pdf\">Dep\u00f3sitos Constituidos con Fondos P\u00fablicos (DICIEMBRE 2025)<\/a><\/td><\/tr><tr><td class=\"has-text-align-right\" data-align=\"right\"><a href=\"https:\/\/fedefutguate.gt\/informacionpublica\/wp-content\/uploads\/2026\/01\/Cuentas-de-Banco-de-Guatemala-y-Bancos-del-Sistema-DICIEMBRE-2025.pdf\"><img loading=\"lazy\" decoding=\"async\" width=\"50\" height=\"58\" class=\"wp-image-266\" style=\"width: 50px;\" src=\"https:\/\/fedefutguate.gt\/informacionpublica\/wp-content\/uploads\/2022\/02\/pngaaa.com-2621310.png\" alt=\"\"><\/a><\/td><td><a href=\"https:\/\/fedefutguate.gt\/informacionpublica\/wp-content\/uploads\/2026\/01\/Cuentas-de-Banco-de-Guatemala-y-Bancos-del-Sistema-DICIEMBRE-2025.pdf\">Cuentas de Banco de Guatemala y Bancos del Sistema (DICIEMBRE 2025)<\/a><\/td><\/tr><\/tbody><\/table><\/figure>\n\n\n\n<p><\/p>\n","protected":false},"excerpt":{"rendered":"<p>La informaci\u00f3n detallada sobre los dep\u00f3sitos constituidos con fondos p\u00fablicos provenientes de ingresos ordinarios, extraordinarios, impuestos, fondos privativos, empr\u00e9stitos y donaciones. Art\u00edculo 10, numeral 9 de la Ley de Acceso a la Informaci\u00f3n P\u00fablica. Dep\u00f3sitos Constituidos con Fondos P\u00fablicos (ENERO 2025) Cuentas de Banco de Guatemala y Bancos del Sistema (ENERO 2025) Dep\u00f3sitos Constituidos con &#8230; <a title=\"DEP\u00d3SITOS CONSTITUIDOS CON FONDOS P\u00daBLICOS -2025-\" class=\"read-more\" href=\"https:\/\/fedefutguate.gt\/informacionpublica\/depositos-constituidos-con-fondos-publicos-2025\/\" aria-label=\"Read more about DEP\u00d3SITOS CONSTITUIDOS CON FONDOS P\u00daBLICOS -2025-\">Read more<\/a><\/p>\n","protected":false},"author":2,"featured_media":0,"parent":0,"menu_order":0,"comment_status":"closed","ping_status":"closed","template":"","meta":{"footnotes":""},"class_list":["post-5470","page","type-page","status-publish"],"_links":{"self":[{"href":"https:\/\/fedefutguate.gt\/informacionpublica\/wp-json\/wp\/v2\/pages\/5470","targetHints":{"allow":["GET"]}}],"collection":[{"href":"https:\/\/fedefutguate.gt\/informacionpublica\/wp-json\/wp\/v2\/pages"}],"about":[{"href":"https:\/\/fedefutguate.gt\/informacionpublica\/wp-json\/wp\/v2\/types\/page"}],"author":[{"embeddable":true,"href":"https:\/\/fedefutguate.gt\/informacionpublica\/wp-json\/wp\/v2\/users\/2"}],"replies":[{"embeddable":true,"href":"https:\/\/fedefutguate.gt\/informacionpublica\/wp-json\/wp\/v2\/comments?post=5470"}],"version-history":[{"count":19,"href":"https:\/\/fedefutguate.gt\/informacionpublica\/wp-json\/wp\/v2\/pages\/5470\/revisions"}],"predecessor-version":[{"id":6970,"href":"https:\/\/fedefutguate.gt\/informacionpublica\/wp-json\/wp\/v2\/pages\/5470\/revisions\/6970"}],"wp:attachment":[{"href":"https:\/\/fedefutguate.gt\/informacionpublica\/wp-json\/wp\/v2\/media?parent=5470"}],"curies":[{"name":"wp","href":"https:\/\/api.w.org\/{rel}","templated":true}]}}